{"id":6817,"date":"2025-08-14T02:45:05","date_gmt":"2025-08-14T02:45:05","guid":{"rendered":"https:\/\/www.usborkeychain.com\/?post_type=product&#038;p=6817"},"modified":"2025-08-14T02:47:40","modified_gmt":"2025-08-14T02:47:40","slug":"eco-friendly-round-usb-flash-drive","status":"publish","type":"product","link":"https:\/\/www.usborkeychain.com\/fr\/produit\/eco-friendly-round-usb-flash-drive\/","title":{"rendered":"Cl\u00e9 USB ronde \u00e9cologique"},"content":{"rendered":"<div class=\"wp-block-columns is-layout-flex wp-container-core-columns-is-layout-28f84493 wp-block-columns-is-layout-flex\">\n<div class=\"wp-block-column is-vertically-aligned-center is-layout-flow wp-block-column-is-layout-flow\">\n<p>Fabriqu\u00e9 \u00e0 partir d'un m\u00e9lange d'acide polylactique (PLA) recycl\u00e9, ses mati\u00e8res premi\u00e8res sont d\u00e9riv\u00e9es de fibres v\u00e9g\u00e9tales, ce qui le rend naturellement biod\u00e9gradable. Les \u00e9missions de carbone pendant la production sont r\u00e9duites de plus de 30% par rapport aux plastiques traditionnels. La surface pr\u00e9sente une texture granuleuse naturelle, combinant une finition mate avec une sensation \u00e9cologique, incarnant une philosophie de \"r\u00e9duction du plastique\".<\/p>\n\n\n\n<p>Avec un diam\u00e8tre arrondi de 42 mm et une conception sans bords, il offre une prise en main confortable. D'une \u00e9paisseur de seulement 5,5 mm, il est l\u00e9ger et tr\u00e8s portable.<\/p>\n<\/div>\n\n\n\n<div class=\"wp-block-column is-vertically-aligned-center is-layout-flow wp-block-column-is-layout-flow\">\n<figure class=\"wp-block-image size-full\"><img alt=\"\" fetchpriority=\"high\" decoding=\"async\" width=\"800\" height=\"800\" src=\"https:\/\/www.usborkeychain.com\/wp-content\/uploads\/eco-friendly-usb-6.jpg\" class=\"wp-image-6825\" srcset=\"https:\/\/www.usborkeychain.com\/wp-content\/uploads\/eco-friendly-usb-6.jpg 800w, https:\/\/www.usborkeychain.com\/wp-content\/uploads\/eco-friendly-usb-6-300x300.jpg 300w, https:\/\/www.usborkeychain.com\/wp-content\/uploads\/eco-friendly-usb-6-150x150.jpg 150w, https:\/\/www.usborkeychain.com\/wp-content\/uploads\/eco-friendly-usb-6-768x768.jpg 768w, https:\/\/www.usborkeychain.com\/wp-content\/uploads\/eco-friendly-usb-6-12x12.jpg 12w, https:\/\/www.usborkeychain.com\/wp-content\/uploads\/eco-friendly-usb-6-600x600.jpg 600w, https:\/\/www.usborkeychain.com\/wp-content\/uploads\/eco-friendly-usb-6-100x100.jpg 100w\" sizes=\"(max-width: 800px) 100vw, 800px\" \/><\/figure>\n<\/div>\n<\/div>\n\n\n\n<div class=\"wp-block-columns is-layout-flex wp-container-core-columns-is-layout-28f84493 wp-block-columns-is-layout-flex\">\n<div class=\"wp-block-column is-vertically-aligned-center is-layout-flow wp-block-column-is-layout-flow\">\n<p>Un trou pr\u00e9-perc\u00e9 de 2 mm de diam\u00e8tre sur le dessus permet de l'associer \u00e0 un cordon ou \u00e0 un porte-cl\u00e9s, ce qui permet de le ranger en cours de route et d'\u00e9viter de le perdre.<\/p>\n\n\n\n<p>Disponible en plusieurs couleurs, dont le vert menthe, le bleu ciel, l'or chaud, le rose tendre et le blanc pur (couleurs personnalis\u00e9es prises en charge), il s'adapte aux diff\u00e9rentes tonalit\u00e9s de la marque. La zone du logo est tr\u00e8s compatible avec les couleurs : les logos fonc\u00e9s ressortent sur les disques durs clairs, tandis que les logos clairs sont frappants sur les disques durs fonc\u00e9s.<\/p>\n<\/div>\n\n\n\n<div class=\"wp-block-column is-vertically-aligned-center is-layout-flow wp-block-column-is-layout-flow\">\n<figure class=\"wp-block-image size-full\"><img alt=\"\" decoding=\"async\" width=\"800\" height=\"800\" src=\"https:\/\/www.usborkeychain.com\/wp-content\/uploads\/eco-friendly-usb-drives-5.jpg\" class=\"wp-image-6822\" srcset=\"https:\/\/www.usborkeychain.com\/wp-content\/uploads\/eco-friendly-usb-drives-5.jpg 800w, https:\/\/www.usborkeychain.com\/wp-content\/uploads\/eco-friendly-usb-drives-5-300x300.jpg 300w, https:\/\/www.usborkeychain.com\/wp-content\/uploads\/eco-friendly-usb-drives-5-150x150.jpg 150w, https:\/\/www.usborkeychain.com\/wp-content\/uploads\/eco-friendly-usb-drives-5-768x768.jpg 768w, https:\/\/www.usborkeychain.com\/wp-content\/uploads\/eco-friendly-usb-drives-5-12x12.jpg 12w, https:\/\/www.usborkeychain.com\/wp-content\/uploads\/eco-friendly-usb-drives-5-600x600.jpg 600w, https:\/\/www.usborkeychain.com\/wp-content\/uploads\/eco-friendly-usb-drives-5-100x100.jpg 100w\" sizes=\"(max-width: 800px) 100vw, 800px\" \/><\/figure>\n<\/div>\n<\/div>\n\n\n\n<h3 class=\"wp-block-heading\">Sp\u00e9cifications de base<\/h3>\n\n\n\n<figure class=\"wp-block-table\"><table class=\"has-fixed-layout\"><thead><tr><th>Param\u00e8tres<\/th><th>D\u00e9tails<\/th><\/tr><\/thead><tbody><tr><td>Capacit\u00e9<\/td><td>8GB \/ 16GB \/ 32GB \/ 64GB \/ 128GB<\/td><\/tr><tr><td>Norme d'interface<\/td><td>USB 2.0 \/ USB 3.0<\/td><\/tr><tr><td>Dimensions (Longueur \u00d7 Largeur \u00d7 \u00c9paisseur)<\/td><td>42 mm \u00d7 30 mm \u00d7 5,5 mm (avec une extension suppl\u00e9mentaire de 5 mm pour la zone du trou de suspension)<\/td><\/tr><tr><td>Poids<\/td><td>Environ 2,4 g<\/td><\/tr><tr><td>Mat\u00e9riau<\/td><td>PLA recycl\u00e9 respectueux de l'environnement (certifi\u00e9 RoHS et REACH, conforme aux normes environnementales de l'UE)<\/td><\/tr><\/tbody><\/table><\/figure>\n\n\n\n<div class=\"wp-block-columns is-layout-flex wp-container-core-columns-is-layout-28f84493 wp-block-columns-is-layout-flex\">\n<div class=\"wp-block-column is-layout-flow wp-block-column-is-layout-flow\">\n<figure class=\"wp-block-image size-full\"><img alt=\"\" decoding=\"async\" width=\"800\" height=\"800\" src=\"https:\/\/www.usborkeychain.com\/wp-content\/uploads\/eco-friendly-usb-flash-drives-4.jpg\" class=\"wp-image-6827\" srcset=\"https:\/\/www.usborkeychain.com\/wp-content\/uploads\/eco-friendly-usb-flash-drives-4.jpg 800w, https:\/\/www.usborkeychain.com\/wp-content\/uploads\/eco-friendly-usb-flash-drives-4-300x300.jpg 300w, https:\/\/www.usborkeychain.com\/wp-content\/uploads\/eco-friendly-usb-flash-drives-4-150x150.jpg 150w, https:\/\/www.usborkeychain.com\/wp-content\/uploads\/eco-friendly-usb-flash-drives-4-768x768.jpg 768w, https:\/\/www.usborkeychain.com\/wp-content\/uploads\/eco-friendly-usb-flash-drives-4-12x12.jpg 12w, https:\/\/www.usborkeychain.com\/wp-content\/uploads\/eco-friendly-usb-flash-drives-4-600x600.jpg 600w, https:\/\/www.usborkeychain.com\/wp-content\/uploads\/eco-friendly-usb-flash-drives-4-100x100.jpg 100w\" sizes=\"(max-width: 800px) 100vw, 800px\" \/><\/figure>\n<\/div>\n\n\n\n<div class=\"wp-block-column is-layout-flow wp-block-column-is-layout-flow\">\n<figure class=\"wp-block-image size-full\"><img alt=\"\" loading=\"lazy\" decoding=\"async\" width=\"800\" height=\"800\" src=\"https:\/\/www.usborkeychain.com\/wp-content\/uploads\/eco-friendly-usb-flash-drive-5.jpg\" class=\"wp-image-6823\" srcset=\"https:\/\/www.usborkeychain.com\/wp-content\/uploads\/eco-friendly-usb-flash-drive-5.jpg 800w, https:\/\/www.usborkeychain.com\/wp-content\/uploads\/eco-friendly-usb-flash-drive-5-300x300.jpg 300w, https:\/\/www.usborkeychain.com\/wp-content\/uploads\/eco-friendly-usb-flash-drive-5-150x150.jpg 150w, https:\/\/www.usborkeychain.com\/wp-content\/uploads\/eco-friendly-usb-flash-drive-5-768x768.jpg 768w, https:\/\/www.usborkeychain.com\/wp-content\/uploads\/eco-friendly-usb-flash-drive-5-12x12.jpg 12w, https:\/\/www.usborkeychain.com\/wp-content\/uploads\/eco-friendly-usb-flash-drive-5-600x600.jpg 600w, https:\/\/www.usborkeychain.com\/wp-content\/uploads\/eco-friendly-usb-flash-drive-5-100x100.jpg 100w\" sizes=\"(max-width: 800px) 100vw, 800px\" \/><\/figure>\n<\/div>\n<\/div>\n\n\n\n<h3 class=\"wp-block-heading\">Services de personnalisation du logo<\/h3>\n\n\n\n<div class=\"wp-block-columns are-vertically-aligned-center is-layout-flex wp-container-core-columns-is-layout-28f84493 wp-block-columns-is-layout-flex\">\n<div class=\"wp-block-column is-vertically-aligned-center is-layout-flow wp-block-column-is-layout-flow\">\n<h4 class=\"wp-block-heading\">1. Champ d'application de la personnalisation<\/h4>\n\n\n\n<ul class=\"wp-block-list\">\n<li>Impression recto-verso : Les logos peuvent \u00eatre personnalis\u00e9s \u00e0 la fois au recto et au verso du lecteur, ce qui permet de r\u00e9pondre aux besoins d'affichage multidimensionnel de la marque (par exemple, logo de la marque au recto, slogan\/motif au verso).<\/li>\n\n\n\n<li>Techniques d'impression :\n<ul class=\"wp-block-list\">\n<li>S\u00e9rigraphie : Convient pour les logos en une ou plusieurs couleurs, rentable avec une forte adh\u00e9rence, id\u00e9al pour les dessins simples.<\/li>\n\n\n\n<li>Impression couleur UV : Prend en charge les motifs complexes et les effets de d\u00e9grad\u00e9, avec un taux de reproduction des couleurs de \u226595%, parfait pour les conceptions d\u00e9taill\u00e9es.<\/li>\n\n\n\n<li>Gravure au laser : Un processus de gravure peu profond qui r\u00e9v\u00e8le la couleur sous-jacente, cr\u00e9ant une texture mate (limit\u00e9 aux lecteurs de couleur fonc\u00e9e associ\u00e9s \u00e0 des logos de couleur claire).<\/li>\n<\/ul>\n<\/li>\n<\/ul>\n<\/div>\n\n\n\n<div class=\"wp-block-column is-vertically-aligned-center is-layout-flow wp-block-column-is-layout-flow\">\n<figure class=\"wp-block-image size-full\"><img alt=\"\" loading=\"lazy\" decoding=\"async\" width=\"800\" height=\"800\" src=\"https:\/\/www.usborkeychain.com\/wp-content\/uploads\/eco-friendly-usb-flash-drives-3.jpg\" class=\"wp-image-6824\" srcset=\"https:\/\/www.usborkeychain.com\/wp-content\/uploads\/eco-friendly-usb-flash-drives-3.jpg 800w, https:\/\/www.usborkeychain.com\/wp-content\/uploads\/eco-friendly-usb-flash-drives-3-300x300.jpg 300w, https:\/\/www.usborkeychain.com\/wp-content\/uploads\/eco-friendly-usb-flash-drives-3-150x150.jpg 150w, https:\/\/www.usborkeychain.com\/wp-content\/uploads\/eco-friendly-usb-flash-drives-3-768x768.jpg 768w, https:\/\/www.usborkeychain.com\/wp-content\/uploads\/eco-friendly-usb-flash-drives-3-12x12.jpg 12w, https:\/\/www.usborkeychain.com\/wp-content\/uploads\/eco-friendly-usb-flash-drives-3-600x600.jpg 600w, https:\/\/www.usborkeychain.com\/wp-content\/uploads\/eco-friendly-usb-flash-drives-3-100x100.jpg 100w\" sizes=\"(max-width: 800px) 100vw, 800px\" \/><\/figure>\n<\/div>\n<\/div>\n\n\n\n<div class=\"wp-block-columns is-layout-flex wp-container-core-columns-is-layout-28f84493 wp-block-columns-is-layout-flex\">\n<div class=\"wp-block-column is-vertically-aligned-center is-layout-flow wp-block-column-is-layout-flow\">\n<h4 class=\"wp-block-heading\">2. Processus de personnalisation<\/h4>\n\n\n\n<ul class=\"wp-block-list\">\n<li>Quantit\u00e9 minimale de commande : 100 unit\u00e9s (quantit\u00e9s inf\u00e9rieures n\u00e9gociables). La production d'\u00e9chantillons prend de 3 \u00e0 5 jours et la production de masse de 7 \u00e0 10 jours.<\/li>\n\n\n\n<li>Aide \u00e0 la conception : Des services de mise en page gratuits sont fournis pour garantir une proportion et un positionnement optimaux du logo.<\/li>\n<\/ul>\n<\/div>\n\n\n\n<div class=\"wp-block-column is-layout-flow wp-block-column-is-layout-flow\">\n<figure class=\"wp-block-image size-full\"><img alt=\"\" loading=\"lazy\" decoding=\"async\" width=\"800\" height=\"595\" src=\"https:\/\/www.usborkeychain.com\/wp-content\/uploads\/eco-friendly-card-USB.jpg\" class=\"wp-image-6828\" srcset=\"https:\/\/www.usborkeychain.com\/wp-content\/uploads\/eco-friendly-card-USB.jpg 800w, https:\/\/www.usborkeychain.com\/wp-content\/uploads\/eco-friendly-card-USB-300x223.jpg 300w, https:\/\/www.usborkeychain.com\/wp-content\/uploads\/eco-friendly-card-USB-768x571.jpg 768w, https:\/\/www.usborkeychain.com\/wp-content\/uploads\/eco-friendly-card-USB-16x12.jpg 16w, https:\/\/www.usborkeychain.com\/wp-content\/uploads\/eco-friendly-card-USB-600x446.jpg 600w\" sizes=\"(max-width: 800px) 100vw, 800px\" \/><\/figure>\n<\/div>\n<\/div>\n\n\n\n<h3 class=\"wp-block-heading\">Principaux avantages par rapport aux cl\u00e9s USB traditionnelles<\/h3>\n\n\n\n<figure class=\"wp-block-table\"><table class=\"has-fixed-layout\"><thead><tr><th>Aspect<\/th><th>Cl\u00e9 USB ronde \u00e9cologique<\/th><th>Cl\u00e9s USB traditionnelles<\/th><\/tr><\/thead><tbody><tr><td>Respect de l'environnement<\/td><td>Mat\u00e9riau PLA recycl\u00e9, biod\u00e9gradable, \u00e0 faible teneur en carbone tout au long du processus.<\/td><td>Plastique non biod\u00e9gradable, fortes \u00e9missions de carbone<\/td><\/tr><tr><td>Innovation en mati\u00e8re de conception<\/td><td>Forme ronde + trou de suspension, portable et tr\u00e8s reconnaissable<\/td><td>Forme oblongue, facile \u00e0 perdre, design homog\u00e8ne<\/td><\/tr><tr><td>Flexibilit\u00e9 de la personnalisation<\/td><td>Impression recto-verso + gamme compl\u00e8te de couleurs + techniques multiples, r\u00e9pondant aux besoins de personnalisation de la marque.<\/td><td>Impression sur une seule face, options limit\u00e9es de couleurs et de techniques<\/td><\/tr><tr><td>Exp\u00e9rience de l'utilisateur<\/td><td>L\u00e9ger (2,4 g) ; bords arrondis pour une prise en main confortable<\/td><td>Poids \u22658g ; les bords tranchants sont susceptibles d'\u00eatre ray\u00e9s<\/td><\/tr><\/tbody><\/table><\/figure>\n\n\n\n<h3 class=\"wp-block-heading\">Qui l'aimera ?<\/h3>\n\n\n\n<div class=\"wp-block-columns is-layout-flex wp-container-core-columns-is-layout-28f84493 wp-block-columns-is-layout-flex\">\n<div class=\"wp-block-column is-vertically-aligned-center is-layout-flow wp-block-column-is-layout-flow\">\n<ul class=\"wp-block-list\">\n<li>Les entreprises peuvent l'utiliser comme cadeau pour leur r\u00e9union annuelle ou pour remercier leurs clients.<\/li>\n\n\n\n<li>Souvenirs id\u00e9aux pour les forums sur l'environnement et les activit\u00e9s d'aide sociale.<\/li>\n\n\n\n<li>Parfait pour les souvenirs de fin d'\u00e9tudes, les \u00e9v\u00e9nements de clubs, etc.<\/li>\n\n\n\n<li>Un produit \u00e9cologique id\u00e9al pour les magasins culturels et cr\u00e9atifs.<\/li>\n<\/ul>\n\n\n\n<p>La cl\u00e9 USB ronde \u00e9cologique int\u00e8gre \u00e0 la fois des mat\u00e9riaux \u00e9cologiques, un design cr\u00e9atif, des performances professionnelles et une valeur de personnalisation. Qu'il s'agisse de cadeaux pour les entreprises ou d'exp\u00e9riences personnalis\u00e9es pour les particuliers, c'est un choix \u00e9cologique et durable.<\/p>\n<\/div>\n\n\n\n<div class=\"wp-block-column is-vertically-aligned-center is-layout-flow wp-block-column-is-layout-flow\">\n<figure class=\"wp-block-image size-full\"><img alt=\"\" loading=\"lazy\" decoding=\"async\" width=\"800\" height=\"603\" src=\"https:\/\/www.usborkeychain.com\/wp-content\/uploads\/eco-friendly-usbs-2.jpg\" class=\"wp-image-6826\" srcset=\"https:\/\/www.usborkeychain.com\/wp-content\/uploads\/eco-friendly-usbs-2.jpg 800w, https:\/\/www.usborkeychain.com\/wp-content\/uploads\/eco-friendly-usbs-2-300x226.jpg 300w, https:\/\/www.usborkeychain.com\/wp-content\/uploads\/eco-friendly-usbs-2-768x579.jpg 768w, https:\/\/www.usborkeychain.com\/wp-content\/uploads\/eco-friendly-usbs-2-16x12.jpg 16w, https:\/\/www.usborkeychain.com\/wp-content\/uploads\/eco-friendly-usbs-2-600x452.jpg 600w\" sizes=\"(max-width: 800px) 100vw, 800px\" \/><\/figure>\n<\/div>\n<\/div>","protected":false},"excerpt":{"rendered":"<ul>\n<li>Mat\u00e9riau de l'enveloppe : paille de bl\u00e9<\/li>\n<li>Logo:Logo personnalis\u00e9<\/li>\n<li>Type d'interface : USB 2.0\/3.0 \u00e0 grande vitesse<\/li>\n<li>Syst\u00e8me d'exploitation : Windows XP, Windows 7 ou sup\u00e9rieur, Linux<\/li>\n<li>Certificat:CE,FCC ROHS<\/li>\n<li>MOQ:100pcs<\/li>\n<\/ul>","protected":false},"featured_media":6825,"comment_status":"open","ping_status":"closed","template":"","meta":{"_seopress_robots_primary_cat":"","_seopress_titles_title":"","_seopress_titles_desc":"","_seopress_robots_index":"","site-sidebar-layout":"default","site-content-layout":"","ast-site-content-layout":"","site-content-style":"default","site-sidebar-style":"default","ast-global-header-display":"","ast-banner-title-visibility":"","ast-main-header-display":"","ast-hfb-above-header-display":"","ast-hfb-below-header-display":"","ast-hfb-mobile-header-display":"","site-post-title":"","ast-breadcrumbs-content":"","ast-featured-img":"","footer-sml-layout":"","theme-transparent-header-meta":"","adv-header-id-meta":"","stick-header-meta":"","header-above-stick-meta":"","header-main-stick-meta":"","header-below-stick-meta":"","astra-migrate-meta-layouts":"default","ast-page-background-enabled":"default","ast-page-background-meta":{"desktop":{"background-color":"var(--ast-global-color-5)","background-image":"","background-repeat":"repeat","background-position":"center center","background-size":"auto","background-attachment":"scroll","background-type":"","background-media":"","overlay-type":"","overlay-color":"","overlay-opacity":"","overlay-gradient":""},"tablet":{"background-color":"","background-image":"","background-repeat":"repeat","background-position":"center center","background-size":"auto","background-attachment":"scroll","background-type":"","background-media":"","overlay-type":"","overlay-color":"","overlay-opacity":"","overlay-gradient":""},"mobile":{"background-color":"","background-image":"","background-repeat":"repeat","background-position":"center center","background-size":"auto","background-attachment":"scroll","background-type":"","background-media":"","overlay-type":"","overlay-color":"","overlay-opacity":"","overlay-gradient":""}},"ast-content-background-meta":{"desktop":{"background-color":"var(--ast-global-color-4)","background-image":"","background-repeat":"repeat","background-position":"center center","background-size":"auto","background-attachment":"scroll","background-type":"","background-media":"","overlay-type":"","overlay-color":"","overlay-opacity":"","overlay-gradient":""},"tablet":{"background-color":"var(--ast-global-color-4)","background-image":"","background-repeat":"repeat","background-position":"center center","background-size":"auto","background-attachment":"scroll","background-type":"","background-media":"","overlay-type":"","overlay-color":"","overlay-opacity":"","overlay-gradient":""},"mobile":{"background-color":"var(--ast-global-color-4)","background-image":"","background-repeat":"repeat","background-position":"center center","background-size":"auto","background-attachment":"scroll","background-type":"","background-media":"","overlay-type":"","overlay-color":"","overlay-opacity":"","overlay-gradient":""}}},"product_brand":[],"product_cat":[170],"product_tag":[],"class_list":{"0":"post-6817","1":"product","2":"type-product","3":"status-publish","4":"has-post-thumbnail","6":"product_cat-biodegradable-usb-pendrive-2","7":"desktop-align-left","8":"tablet-align-left","9":"mobile-align-left","11":"first","12":"instock","13":"shipping-taxable","14":"product-type-simple"},"_links":{"self":[{"href":"https:\/\/www.usborkeychain.com\/fr\/wp-json\/wp\/v2\/product\/6817","targetHints":{"allow":["GET"]}}],"collection":[{"href":"https:\/\/www.usborkeychain.com\/fr\/wp-json\/wp\/v2\/product"}],"about":[{"href":"https:\/\/www.usborkeychain.com\/fr\/wp-json\/wp\/v2\/types\/product"}],"replies":[{"embeddable":true,"href":"https:\/\/www.usborkeychain.com\/fr\/wp-json\/wp\/v2\/comments?post=6817"}],"wp:featuredmedia":[{"embeddable":true,"href":"https:\/\/www.usborkeychain.com\/fr\/wp-json\/wp\/v2\/media\/6825"}],"wp:attachment":[{"href":"https:\/\/www.usborkeychain.com\/fr\/wp-json\/wp\/v2\/media?parent=6817"}],"wp:term":[{"taxonomy":"product_brand","embeddable":true,"href":"https:\/\/www.usborkeychain.com\/fr\/wp-json\/wp\/v2\/product_brand?post=6817"},{"taxonomy":"product_cat","embeddable":true,"href":"https:\/\/www.usborkeychain.com\/fr\/wp-json\/wp\/v2\/product_cat?post=6817"},{"taxonomy":"product_tag","embeddable":true,"href":"https:\/\/www.usborkeychain.com\/fr\/wp-json\/wp\/v2\/product_tag?post=6817"}],"curies":[{"name":"wp","href":"https:\/\/api.w.org\/{rel}","templated":true}]}}