{"id":6829,"date":"2025-08-14T04:17:23","date_gmt":"2025-08-14T04:17:23","guid":{"rendered":"https:\/\/www.usborkeychain.com\/?post_type=product&#038;p=6829"},"modified":"2025-08-14T04:18:20","modified_gmt":"2025-08-14T04:18:20","slug":"eco-friendly-cardboard-usb-drive","status":"publish","type":"product","link":"https:\/\/www.usborkeychain.com\/fr\/produit\/eco-friendly-cardboard-usb-drive\/","title":{"rendered":"Cl\u00e9 USB en carton \u00e9cologique"},"content":{"rendered":"<div class=\"wp-block-columns is-layout-flex wp-container-core-columns-is-layout-28f84493 wp-block-columns-is-layout-flex\">\n<div class=\"wp-block-column is-vertically-aligned-center is-layout-flow wp-block-column-is-layout-flow\">\n<p>Le <strong>Cl\u00e9 USB en carton \u00e9cologique<\/strong> est fabriqu\u00e9e en carton kraft certifi\u00e9 FSC (papier blanc \u00e9cologique en option). Elle est recyclable et biod\u00e9gradable \u00e0 100%, ce qui r\u00e9duit la consommation de plastique d'environ 80% par unit\u00e9 par rapport aux cl\u00e9s USB traditionnelles en plastique. Le carton est renforc\u00e9 par laminage, combinant l\u00e9g\u00e8ret\u00e9, finesse et durabilit\u00e9 tout en r\u00e9duisant les \u00e9missions de carbone pendant le transport, incarnant ainsi les concepts de protection de l'environnement d\u00e8s le stade de la production.<\/p>\n\n\n\n<p>Elle est con\u00e7ue pour correspondre aux dimensions d'une carte de visite (85\u00d754 mm) avec une \u00e9paisseur de seulement 3 mm (interface comprise), ce qui permet de la ranger facilement dans un portefeuille ou un porte-cartes et d'\u00e9liminer les probl\u00e8mes de transport des cl\u00e9s USB traditionnelles.<\/p>\n\n\n\n<p>Il est accompagn\u00e9 d'un capuchon assorti du m\u00eame mat\u00e9riau, qui s'adapte parfaitement \u00e0 l'interface USB pour r\u00e9sister efficacement \u00e0 la poussi\u00e8re et aux rayures, prolongeant ainsi la dur\u00e9e de vie de l'appareil.<\/p>\n<\/div>\n\n\n\n<div class=\"wp-block-column is-vertically-aligned-center is-layout-flow wp-block-column-is-layout-flow\">\n<figure class=\"wp-block-image size-full\"><img alt=\"\" fetchpriority=\"high\" decoding=\"async\" width=\"800\" height=\"800\" src=\"https:\/\/www.usborkeychain.com\/wp-content\/uploads\/Eco-friendly-USB-flash-drive-6.jpg\" class=\"wp-image-6835\" srcset=\"https:\/\/www.usborkeychain.com\/wp-content\/uploads\/Eco-friendly-USB-flash-drive-6.jpg 800w, https:\/\/www.usborkeychain.com\/wp-content\/uploads\/Eco-friendly-USB-flash-drive-6-300x300.jpg 300w, https:\/\/www.usborkeychain.com\/wp-content\/uploads\/Eco-friendly-USB-flash-drive-6-150x150.jpg 150w, https:\/\/www.usborkeychain.com\/wp-content\/uploads\/Eco-friendly-USB-flash-drive-6-768x768.jpg 768w, https:\/\/www.usborkeychain.com\/wp-content\/uploads\/Eco-friendly-USB-flash-drive-6-12x12.jpg 12w, https:\/\/www.usborkeychain.com\/wp-content\/uploads\/Eco-friendly-USB-flash-drive-6-600x600.jpg 600w, https:\/\/www.usborkeychain.com\/wp-content\/uploads\/Eco-friendly-USB-flash-drive-6-100x100.jpg 100w\" sizes=\"(max-width: 800px) 100vw, 800px\" \/><\/figure>\n<\/div>\n<\/div>\n\n\n\n<h2 class=\"wp-block-heading\">Param\u00e8tres techniques de la cl\u00e9 USB<\/h2>\n\n\n\n<figure class=\"wp-block-table\"><table class=\"has-fixed-layout\"><thead><tr><th>Param\u00e8tre Poste<\/th><th>Sp\u00e9cifications techniques<\/th><\/tr><\/thead><tbody><tr><td>Type d'interface<\/td><td>USB 2.0 (compatible avec les dispositifs d'interface USB 3.0)<\/td><\/tr><tr><td>Options de capacit\u00e9<\/td><td>8GB, 16GB, 32GB, 64GB, 128GB<\/td><\/tr><tr><td>Dimensions du carton (longueur \u00d7 largeur \u00d7 hauteur)<\/td><td>85mm \u00d7 54mm \u00d7 3mm<\/td><\/tr><tr><td>Poids<\/td><td>Environ 5 g<\/td><\/tr><tr><td>Certifications environnementales<\/td><td>Certification foresti\u00e8re FSC, certification environnementale RoHS de l'UE<\/td><\/tr><\/tbody><\/table><\/figure>\n\n\n\n<h2 class=\"wp-block-heading\">Quels sont les services de personnalisation disponibles ?<\/h2>\n\n\n\n<div class=\"wp-block-columns is-layout-flex wp-container-core-columns-is-layout-28f84493 wp-block-columns-is-layout-flex\">\n<div class=\"wp-block-column is-layout-flow wp-block-column-is-layout-flow\">\n<h4 class=\"wp-block-heading\">1. Personnalisation des fonctions essentielles<\/h4>\n\n\n\n<ul class=\"wp-block-list\">\n<li>Personnalisation de la capacit\u00e9 : Options flexibles de 8 Go \u00e0 128 Go ;<\/li>\n\n\n\n<li>Personnalisation du cryptage : Logiciel de cryptage int\u00e9gr\u00e9 en option (n\u00e9cessite un support de solution suppl\u00e9mentaire).<\/li>\n<\/ul>\n\n\n\n<h4 class=\"wp-block-heading\">2. Personnalisation du logo<\/h4>\n\n\n\n<p>Il prend en charge des processus tels que la s\u00e9rigraphie, le transfert thermique et le marquage or\/argent :<\/p>\n\n\n\n<ul class=\"wp-block-list\">\n<li>S\u00e9rigraphie : Convient aux logos unicolores ou multicolores, se caract\u00e9rise par son faible co\u00fbt et la solidit\u00e9 de ses couleurs, et r\u00e9pond aux besoins de base en mati\u00e8re d'exposition de la marque ;<\/li>\n\n\n\n<li>Transfert thermique : Il permet d'imprimer des motifs en couleur et de r\u00e9aliser des conceptions complexes (par exemple, des histoires de marque, des affiches de produits) avec une grande richesse de d\u00e9tails ;<\/li>\n\n\n\n<li>Marquage or\/argent : Il rehausse la texture haut de gamme, met en valeur la marque et convient aux cadeaux d'affaires.<\/li>\n<\/ul>\n\n\n\n<p>Les logos peuvent couvrir le recto, le verso et m\u00eame les bords pour maximiser l'efficacit\u00e9 de la communication de la marque.<\/p>\n<\/div>\n\n\n\n<div class=\"wp-block-column is-vertically-aligned-center is-layout-flow wp-block-column-is-layout-flow\">\n<figure class=\"wp-block-image size-full\"><img alt=\"\" decoding=\"async\" width=\"800\" height=\"800\" src=\"https:\/\/www.usborkeychain.com\/wp-content\/uploads\/USB-CARDBOARD-CHINA.jpg\" class=\"wp-image-6836\" srcset=\"https:\/\/www.usborkeychain.com\/wp-content\/uploads\/USB-CARDBOARD-CHINA.jpg 800w, https:\/\/www.usborkeychain.com\/wp-content\/uploads\/USB-CARDBOARD-CHINA-300x300.jpg 300w, https:\/\/www.usborkeychain.com\/wp-content\/uploads\/USB-CARDBOARD-CHINA-150x150.jpg 150w, https:\/\/www.usborkeychain.com\/wp-content\/uploads\/USB-CARDBOARD-CHINA-768x768.jpg 768w, https:\/\/www.usborkeychain.com\/wp-content\/uploads\/USB-CARDBOARD-CHINA-12x12.jpg 12w, https:\/\/www.usborkeychain.com\/wp-content\/uploads\/USB-CARDBOARD-CHINA-600x600.jpg 600w, https:\/\/www.usborkeychain.com\/wp-content\/uploads\/USB-CARDBOARD-CHINA-100x100.jpg 100w\" sizes=\"(max-width: 800px) 100vw, 800px\" \/><\/figure>\n<\/div>\n<\/div>\n\n\n\n<div class=\"wp-block-columns is-layout-flex wp-container-core-columns-is-layout-28f84493 wp-block-columns-is-layout-flex\">\n<div class=\"wp-block-column is-vertically-aligned-center is-layout-flow wp-block-column-is-layout-flow\">\n<figure class=\"wp-block-image size-full\"><img alt=\"\" decoding=\"async\" width=\"800\" height=\"800\" src=\"https:\/\/www.usborkeychain.com\/wp-content\/uploads\/ECO-USB-CARDBOARD-CHINA.jpg\" class=\"wp-image-6834\" srcset=\"https:\/\/www.usborkeychain.com\/wp-content\/uploads\/ECO-USB-CARDBOARD-CHINA.jpg 800w, https:\/\/www.usborkeychain.com\/wp-content\/uploads\/ECO-USB-CARDBOARD-CHINA-300x300.jpg 300w, https:\/\/www.usborkeychain.com\/wp-content\/uploads\/ECO-USB-CARDBOARD-CHINA-150x150.jpg 150w, https:\/\/www.usborkeychain.com\/wp-content\/uploads\/ECO-USB-CARDBOARD-CHINA-768x768.jpg 768w, https:\/\/www.usborkeychain.com\/wp-content\/uploads\/ECO-USB-CARDBOARD-CHINA-12x12.jpg 12w, https:\/\/www.usborkeychain.com\/wp-content\/uploads\/ECO-USB-CARDBOARD-CHINA-600x600.jpg 600w, https:\/\/www.usborkeychain.com\/wp-content\/uploads\/ECO-USB-CARDBOARD-CHINA-100x100.jpg 100w\" sizes=\"(max-width: 800px) 100vw, 800px\" \/><\/figure>\n<\/div>\n\n\n\n<div class=\"wp-block-column is-vertically-aligned-center is-layout-flow wp-block-column-is-layout-flow\">\n<h4 class=\"wp-block-heading\">3. Personnalisation approfondie de l'apparence<\/h4>\n\n\n\n<ul class=\"wp-block-list\">\n<li>Couleur du carton : en plus de la couleur kraft originale, les couleurs personnalisables du papier \u00e9cologique comprennent le blanc et le marron clair ;<\/li>\n\n\n\n<li>Proc\u00e9d\u00e9s de texture : Gaufrage partiel, laminage UV, etc ;<\/li>\n\n\n\n<li>Personnalisation de l'interface : Interfaces m\u00e9talliques avec finitions color\u00e9es optionnelles telles que le placage d'or et le noir mat.<\/li>\n<\/ul>\n\n\n\n<h4 class=\"wp-block-heading\">4. Personnalisation de l'emballage<\/h4>\n\n\n\n<ul class=\"wp-block-list\">\n<li>Emballage \u00e9cologique : Associ\u00e9s \u00e0 des sacs en papier biod\u00e9gradable et \u00e0 des bo\u00eetes en papier certifi\u00e9es FSC, ils permettent d'imprimer les slogans de la marque pour en renforcer l'image ;<\/li>\n\n\n\n<li>Services suppl\u00e9mentaires : Stockage pr\u00e9alable de fichiers sp\u00e9cifiques (par exemple, brochures de marque, invitations \u00e0 des \u00e9v\u00e9nements, vid\u00e9os de d\u00e9monstration de produits) pour une utilisation imm\u00e9diate lors de la livraison, am\u00e9liorant ainsi l'exp\u00e9rience de l'utilisateur.<\/li>\n<\/ul>\n<\/div>\n<\/div>\n\n\n\n<p>Le <strong>Cl\u00e9 USB en carton \u00e9cologique<\/strong> est plus qu'une simple cl\u00e9 USB ; c'est une solution trois-en-un int\u00e9grant \"concepts environnementaux + marketing de marque + outils pratiques\". Elle s'adapte \u00e0 divers sc\u00e9narios tels que les entreprises, les industries culturelles et cr\u00e9atives, et le bien-\u00eatre public, en v\u00e9hiculant le concept d'un mode de vie \u00e0 faible \u00e9mission de carbone, vert et respectueux de l'environnement.<\/p>","protected":false},"excerpt":{"rendered":"<ul>\n<li>Mat\u00e9riau de l'enveloppe : carton kraft<\/li>\n<li>Logo:Logo personnalis\u00e9<\/li>\n<li>Type d'interface : USB 2.0\/3.0 \u00e0 grande vitesse<\/li>\n<li>Syst\u00e8me d'exploitation : Windows XP, Windows 7 ou sup\u00e9rieur, Linux<\/li>\n<li>Certificat:CE,FCC ROHS<\/li>\n<li>MOQ:100pcs<\/li>\n<\/ul>","protected":false},"featured_media":6835,"comment_status":"open","ping_status":"closed","template":"","meta":{"_seopress_robots_primary_cat":"","_seopress_titles_title":"","_seopress_titles_desc":"","_seopress_robots_index":"","site-sidebar-layout":"default","site-content-layout":"","ast-site-content-layout":"","site-content-style":"default","site-sidebar-style":"default","ast-global-header-display":"","ast-banner-title-visibility":"","ast-main-header-display":"","ast-hfb-above-header-display":"","ast-hfb-below-header-display":"","ast-hfb-mobile-header-display":"","site-post-title":"","ast-breadcrumbs-content":"","ast-featured-img":"","footer-sml-layout":"","theme-transparent-header-meta":"","adv-header-id-meta":"","stick-header-meta":"","header-above-stick-meta":"","header-main-stick-meta":"","header-below-stick-meta":"","astra-migrate-meta-layouts":"default","ast-page-background-enabled":"default","ast-page-background-meta":{"desktop":{"background-color":"var(--ast-global-color-5)","background-image":"","background-repeat":"repeat","background-position":"center center","background-size":"auto","background-attachment":"scroll","background-type":"","background-media":"","overlay-type":"","overlay-color":"","overlay-opacity":"","overlay-gradient":""},"tablet":{"background-color":"","background-image":"","background-repeat":"repeat","background-position":"center center","background-size":"auto","background-attachment":"scroll","background-type":"","background-media":"","overlay-type":"","overlay-color":"","overlay-opacity":"","overlay-gradient":""},"mobile":{"background-color":"","background-image":"","background-repeat":"repeat","background-position":"center center","background-size":"auto","background-attachment":"scroll","background-type":"","background-media":"","overlay-type":"","overlay-color":"","overlay-opacity":"","overlay-gradient":""}},"ast-content-background-meta":{"desktop":{"background-color":"var(--ast-global-color-4)","background-image":"","background-repeat":"repeat","background-position":"center center","background-size":"auto","background-attachment":"scroll","background-type":"","background-media":"","overlay-type":"","overlay-color":"","overlay-opacity":"","overlay-gradient":""},"tablet":{"background-color":"var(--ast-global-color-4)","background-image":"","background-repeat":"repeat","background-position":"center center","background-size":"auto","background-attachment":"scroll","background-type":"","background-media":"","overlay-type":"","overlay-color":"","overlay-opacity":"","overlay-gradient":""},"mobile":{"background-color":"var(--ast-global-color-4)","background-image":"","background-repeat":"repeat","background-position":"center center","background-size":"auto","background-attachment":"scroll","background-type":"","background-media":"","overlay-type":"","overlay-color":"","overlay-opacity":"","overlay-gradient":""}}},"product_brand":[],"product_cat":[170],"product_tag":[],"class_list":{"0":"post-6829","1":"product","2":"type-product","3":"status-publish","4":"has-post-thumbnail","6":"product_cat-biodegradable-usb-pendrive-2","7":"desktop-align-left","8":"tablet-align-left","9":"mobile-align-left","11":"first","12":"instock","13":"shipping-taxable","14":"product-type-simple"},"_links":{"self":[{"href":"https:\/\/www.usborkeychain.com\/fr\/wp-json\/wp\/v2\/product\/6829","targetHints":{"allow":["GET"]}}],"collection":[{"href":"https:\/\/www.usborkeychain.com\/fr\/wp-json\/wp\/v2\/product"}],"about":[{"href":"https:\/\/www.usborkeychain.com\/fr\/wp-json\/wp\/v2\/types\/product"}],"replies":[{"embeddable":true,"href":"https:\/\/www.usborkeychain.com\/fr\/wp-json\/wp\/v2\/comments?post=6829"}],"wp:featuredmedia":[{"embeddable":true,"href":"https:\/\/www.usborkeychain.com\/fr\/wp-json\/wp\/v2\/media\/6835"}],"wp:attachment":[{"href":"https:\/\/www.usborkeychain.com\/fr\/wp-json\/wp\/v2\/media?parent=6829"}],"wp:term":[{"taxonomy":"product_brand","embeddable":true,"href":"https:\/\/www.usborkeychain.com\/fr\/wp-json\/wp\/v2\/product_brand?post=6829"},{"taxonomy":"product_cat","embeddable":true,"href":"https:\/\/www.usborkeychain.com\/fr\/wp-json\/wp\/v2\/product_cat?post=6829"},{"taxonomy":"product_tag","embeddable":true,"href":"https:\/\/www.usborkeychain.com\/fr\/wp-json\/wp\/v2\/product_tag?post=6829"}],"curies":[{"name":"wp","href":"https:\/\/api.w.org\/{rel}","templated":true}]}}