{"id":6849,"date":"2025-08-14T06:00:01","date_gmt":"2025-08-14T06:00:01","guid":{"rendered":"https:\/\/www.usborkeychain.com\/?post_type=product&#038;p=6849"},"modified":"2025-08-14T06:00:54","modified_gmt":"2025-08-14T06:00:54","slug":"eco-friendly-light-up-usb-flash-drive","status":"publish","type":"product","link":"https:\/\/www.usborkeychain.com\/fr\/produit\/eco-friendly-light-up-usb-flash-drive\/","title":{"rendered":"Cl\u00e9 USB lumineuse \u00e9cologique"},"content":{"rendered":"<div class=\"wp-block-columns is-layout-flex wp-container-core-columns-is-layout-28f84493 wp-block-columns-is-layout-flex\">\n<div class=\"wp-block-column is-layout-flow wp-block-column-is-layout-flow\">\n<figure class=\"wp-block-image size-full\"><img alt=\"\" fetchpriority=\"high\" decoding=\"async\" width=\"800\" height=\"800\" src=\"https:\/\/www.usborkeychain.com\/wp-content\/uploads\/eco-friendly-light-up-USB-drives.jpg\" class=\"wp-image-6853\" srcset=\"https:\/\/www.usborkeychain.com\/wp-content\/uploads\/eco-friendly-light-up-USB-drives.jpg 800w, https:\/\/www.usborkeychain.com\/wp-content\/uploads\/eco-friendly-light-up-USB-drives-300x300.jpg 300w, https:\/\/www.usborkeychain.com\/wp-content\/uploads\/eco-friendly-light-up-USB-drives-150x150.jpg 150w, https:\/\/www.usborkeychain.com\/wp-content\/uploads\/eco-friendly-light-up-USB-drives-768x768.jpg 768w, https:\/\/www.usborkeychain.com\/wp-content\/uploads\/eco-friendly-light-up-USB-drives-12x12.jpg 12w, https:\/\/www.usborkeychain.com\/wp-content\/uploads\/eco-friendly-light-up-USB-drives-600x600.jpg 600w, https:\/\/www.usborkeychain.com\/wp-content\/uploads\/eco-friendly-light-up-USB-drives-100x100.jpg 100w\" sizes=\"(max-width: 800px) 100vw, 800px\" \/><\/figure>\n<\/div>\n\n\n\n<div class=\"wp-block-column is-vertically-aligned-center is-layout-flow wp-block-column-is-layout-flow\">\n<p>Le <strong>Cl\u00e9 USB lumineuse \u00e9cologique<\/strong> est dot\u00e9 d'une coque en polym\u00e8re biosourc\u00e9, un mat\u00e9riau d\u00e9gradable et \u00e9cologique qui r\u00e9duit la pollution plastique \u00e0 la source. La texture granuleuse blanc cass\u00e9 de la coque est une propri\u00e9t\u00e9 inh\u00e9rente au mat\u00e9riau, qui ne n\u00e9cessite aucune peinture suppl\u00e9mentaire, ce qui r\u00e9duit encore la charge environnementale. Elle est conforme aux normes environnementales telles que la directive RoHS.<\/p>\n\n\n\n<p>Il pr\u00e9sente une forme rectangulaire simple avec un design segment\u00e9 haut-bas : la partie sup\u00e9rieure est un panneau lumineux noir, et la partie inf\u00e9rieure int\u00e8gre l'interface USB \u00e0 la coque, avec des lignes \u00e9pur\u00e9es.<\/p>\n\n\n\n<p>Un trou de suspension se trouve sur le dessus, qui peut \u00eatre associ\u00e9 \u00e0 une lani\u00e8re ou \u00e0 un porte-cl\u00e9s pour faciliter le transport et \u00e9viter les pertes.<\/p>\n<\/div>\n<\/div>\n\n\n\n<div class=\"wp-block-columns is-layout-flex wp-container-core-columns-is-layout-28f84493 wp-block-columns-is-layout-flex\">\n<div class=\"wp-block-column is-vertically-aligned-center is-layout-flow wp-block-column-is-layout-flow\">\n<p>Il est \u00e9quip\u00e9 d'un micro-casque int\u00e9gr\u00e9 \u00e0 faible consommation d'\u00e9nergie <strong>Lumi\u00e8re LED<\/strong> module. Lorsque la cl\u00e9 USB est ins\u00e9r\u00e9e dans un appareil et mise sous tension, la LED s'allume automatiquement, faisant briller le LOGO personnalis\u00e9. Il est possible de personnaliser l'\u00e9clairage en plusieurs couleurs (rouge, bleu, jaune, blanc, vert, etc.). Gr\u00e2ce \u00e0 un circuit stable, il permet un \u00e9clairage \u00e0 faible consommation d'\u00e9nergie sans affecter les performances normales de lecture-\u00e9criture de la cl\u00e9 USB.<\/p>\n<\/div>\n\n\n\n<div class=\"wp-block-column is-vertically-aligned-center is-layout-flow wp-block-column-is-layout-flow\">\n<figure class=\"wp-block-image size-full\"><img alt=\"\" decoding=\"async\" width=\"800\" height=\"550\" src=\"https:\/\/www.usborkeychain.com\/wp-content\/uploads\/eco-friendly-usbs-3.jpg\" class=\"wp-image-6859\" srcset=\"https:\/\/www.usborkeychain.com\/wp-content\/uploads\/eco-friendly-usbs-3.jpg 800w, https:\/\/www.usborkeychain.com\/wp-content\/uploads\/eco-friendly-usbs-3-300x206.jpg 300w, https:\/\/www.usborkeychain.com\/wp-content\/uploads\/eco-friendly-usbs-3-768x528.jpg 768w, https:\/\/www.usborkeychain.com\/wp-content\/uploads\/eco-friendly-usbs-3-18x12.jpg 18w, https:\/\/www.usborkeychain.com\/wp-content\/uploads\/eco-friendly-usbs-3-600x413.jpg 600w\" sizes=\"(max-width: 800px) 100vw, 800px\" \/><\/figure>\n<\/div>\n<\/div>\n\n\n\n<h3 class=\"wp-block-heading\">Param\u00e8tres de base de la cl\u00e9 USB lumineuse respectueuse de l'environnement<\/h3>\n\n\n\n<figure class=\"wp-block-table\"><table class=\"has-fixed-layout\"><thead><tr><th>Cat\u00e9gorie de param\u00e8tres<\/th><th>D\u00e9tails<\/th><\/tr><\/thead><tbody><tr><td>Options de capacit\u00e9<\/td><td>8GB, 16GB, 32GB, 64GB, 128GB<\/td><\/tr><tr><td>Type d'interface<\/td><td>USB 2.0, USB 3.0<\/td><\/tr><tr><td>Dimensions (Longueur \u00d7 Largeur \u00d7 \u00c9paisseur)<\/td><td>62mm \u00d7 20mm \u00d7 9mm<\/td><\/tr><tr><td>Poids<\/td><td>Environ 8 g<\/td><\/tr><tr><td>Mat\u00e9riau<\/td><td>Polym\u00e8re \u00e9cologique biosourc\u00e9 (d\u00e9gradable, conforme \u00e0 la norme europ\u00e9enne de compostabilit\u00e9 EN 13432)<\/td><\/tr><tr><td>Couleur de la lumi\u00e8re LED<\/td><td>Rouge, bleu, jaune, blanc, vert (possibilit\u00e9 de personnaliser l'effet d'une seule couleur ou d'un d\u00e9grad\u00e9 ; un sch\u00e9ma de conception synchronis\u00e9 est n\u00e9cessaire)<\/td><\/tr><\/tbody><\/table><\/figure>\n\n\n\n<div class=\"wp-block-columns is-layout-flex wp-container-core-columns-is-layout-28f84493 wp-block-columns-is-layout-flex\">\n<div class=\"wp-block-column is-layout-flow wp-block-column-is-layout-flow\">\n<figure class=\"wp-block-image size-full\"><img alt=\"\" decoding=\"async\" width=\"800\" height=\"800\" src=\"https:\/\/www.usborkeychain.com\/wp-content\/uploads\/eco-friendly-usb-sticks-3.jpg\" class=\"wp-image-6857\" srcset=\"https:\/\/www.usborkeychain.com\/wp-content\/uploads\/eco-friendly-usb-sticks-3.jpg 800w, https:\/\/www.usborkeychain.com\/wp-content\/uploads\/eco-friendly-usb-sticks-3-300x300.jpg 300w, https:\/\/www.usborkeychain.com\/wp-content\/uploads\/eco-friendly-usb-sticks-3-150x150.jpg 150w, https:\/\/www.usborkeychain.com\/wp-content\/uploads\/eco-friendly-usb-sticks-3-768x768.jpg 768w, https:\/\/www.usborkeychain.com\/wp-content\/uploads\/eco-friendly-usb-sticks-3-12x12.jpg 12w, https:\/\/www.usborkeychain.com\/wp-content\/uploads\/eco-friendly-usb-sticks-3-600x600.jpg 600w, https:\/\/www.usborkeychain.com\/wp-content\/uploads\/eco-friendly-usb-sticks-3-100x100.jpg 100w\" sizes=\"(max-width: 800px) 100vw, 800px\" \/><\/figure>\n<\/div>\n\n\n\n<div class=\"wp-block-column is-layout-flow wp-block-column-is-layout-flow\">\n<figure class=\"wp-block-image size-full\"><img alt=\"\" loading=\"lazy\" decoding=\"async\" width=\"800\" height=\"800\" src=\"https:\/\/www.usborkeychain.com\/wp-content\/uploads\/eco-friendly-usb-drives-6.jpg\" class=\"wp-image-6856\" srcset=\"https:\/\/www.usborkeychain.com\/wp-content\/uploads\/eco-friendly-usb-drives-6.jpg 800w, https:\/\/www.usborkeychain.com\/wp-content\/uploads\/eco-friendly-usb-drives-6-300x300.jpg 300w, https:\/\/www.usborkeychain.com\/wp-content\/uploads\/eco-friendly-usb-drives-6-150x150.jpg 150w, https:\/\/www.usborkeychain.com\/wp-content\/uploads\/eco-friendly-usb-drives-6-768x768.jpg 768w, https:\/\/www.usborkeychain.com\/wp-content\/uploads\/eco-friendly-usb-drives-6-12x12.jpg 12w, https:\/\/www.usborkeychain.com\/wp-content\/uploads\/eco-friendly-usb-drives-6-600x600.jpg 600w, https:\/\/www.usborkeychain.com\/wp-content\/uploads\/eco-friendly-usb-drives-6-100x100.jpg 100w\" sizes=\"(max-width: 800px) 100vw, 800px\" \/><\/figure>\n<\/div>\n<\/div>\n\n\n\n<h3 class=\"wp-block-heading\">Contenu personnalisable<\/h3>\n\n\n\n<div class=\"wp-block-columns is-layout-flex wp-container-core-columns-is-layout-28f84493 wp-block-columns-is-layout-flex\">\n<div class=\"wp-block-column is-layout-flow wp-block-column-is-layout-flow\">\n<figure class=\"wp-block-image size-full\"><img alt=\"\" loading=\"lazy\" decoding=\"async\" width=\"800\" height=\"800\" src=\"https:\/\/www.usborkeychain.com\/wp-content\/uploads\/eco-friendly-usb-drive-5.jpg\" class=\"wp-image-6855\" srcset=\"https:\/\/www.usborkeychain.com\/wp-content\/uploads\/eco-friendly-usb-drive-5.jpg 800w, https:\/\/www.usborkeychain.com\/wp-content\/uploads\/eco-friendly-usb-drive-5-300x300.jpg 300w, https:\/\/www.usborkeychain.com\/wp-content\/uploads\/eco-friendly-usb-drive-5-150x150.jpg 150w, https:\/\/www.usborkeychain.com\/wp-content\/uploads\/eco-friendly-usb-drive-5-768x768.jpg 768w, https:\/\/www.usborkeychain.com\/wp-content\/uploads\/eco-friendly-usb-drive-5-12x12.jpg 12w, https:\/\/www.usborkeychain.com\/wp-content\/uploads\/eco-friendly-usb-drive-5-600x600.jpg 600w, https:\/\/www.usborkeychain.com\/wp-content\/uploads\/eco-friendly-usb-drive-5-100x100.jpg 100w\" sizes=\"(max-width: 800px) 100vw, 800px\" \/><\/figure>\n\n\n\n<p><strong>Personnalisation du LOGO<\/strong><\/p>\n\n\n\n<ul class=\"wp-block-list\">\n<li>Permet la gravure au laser et l'impression en couleur combin\u00e9es \u00e0 l'\u00e9clairage LED. Les formes, les motifs et le texte du LOGO peuvent tous \u00eatre personnalis\u00e9s.<\/li>\n\n\n\n<li>Les couleurs de l'\u00e9clairage peuvent correspondre aux couleurs de la marque (par exemple, la couleur principale de l'entreprise VI) afin d'am\u00e9liorer la reconnaissance de la marque.<\/li>\n<\/ul>\n<\/div>\n\n\n\n<div class=\"wp-block-column is-layout-flow wp-block-column-is-layout-flow\">\n<figure class=\"wp-block-image size-full\"><img alt=\"\" loading=\"lazy\" decoding=\"async\" width=\"800\" height=\"800\" src=\"https:\/\/www.usborkeychain.com\/wp-content\/uploads\/eco-friendly-usb-flash-drives-5.jpg\" class=\"wp-image-6860\" srcset=\"https:\/\/www.usborkeychain.com\/wp-content\/uploads\/eco-friendly-usb-flash-drives-5.jpg 800w, https:\/\/www.usborkeychain.com\/wp-content\/uploads\/eco-friendly-usb-flash-drives-5-300x300.jpg 300w, https:\/\/www.usborkeychain.com\/wp-content\/uploads\/eco-friendly-usb-flash-drives-5-150x150.jpg 150w, https:\/\/www.usborkeychain.com\/wp-content\/uploads\/eco-friendly-usb-flash-drives-5-768x768.jpg 768w, https:\/\/www.usborkeychain.com\/wp-content\/uploads\/eco-friendly-usb-flash-drives-5-12x12.jpg 12w, https:\/\/www.usborkeychain.com\/wp-content\/uploads\/eco-friendly-usb-flash-drives-5-600x600.jpg 600w, https:\/\/www.usborkeychain.com\/wp-content\/uploads\/eco-friendly-usb-flash-drives-5-100x100.jpg 100w\" sizes=\"(max-width: 800px) 100vw, 800px\" \/><\/figure>\n\n\n\n<p><strong>Personnalisation de l'emballage<\/strong><\/p>\n\n\n\n<ul class=\"wp-block-list\">\n<li>L'emballage est fourni avec des bo\u00eetes en papier \u00e9cologiques, des sacs en tissu recycl\u00e9, etc. Des slogans d'entreprise et des th\u00e8mes d'\u00e9v\u00e9nements peuvent \u00eatre imprim\u00e9s pour cr\u00e9er une pr\u00e9sence compl\u00e8te de la marque.<\/li>\n<\/ul>\n<\/div>\n<\/div>\n\n\n\n<h3 class=\"wp-block-heading\">Quelles entreprises pr\u00e9f\u00e8rent cette cl\u00e9 USB comme cadeau d'affaires ?<\/h3>\n\n\n\n<div class=\"wp-block-columns is-layout-flex wp-container-core-columns-is-layout-28f84493 wp-block-columns-is-layout-flex\">\n<div class=\"wp-block-column is-layout-flow wp-block-column-is-layout-flow\">\n<figure class=\"wp-block-image size-full\"><img alt=\"\" loading=\"lazy\" decoding=\"async\" width=\"800\" height=\"800\" src=\"https:\/\/www.usborkeychain.com\/wp-content\/uploads\/eco-friendly-usb-7.jpg\" class=\"wp-image-6858\" srcset=\"https:\/\/www.usborkeychain.com\/wp-content\/uploads\/eco-friendly-usb-7.jpg 800w, https:\/\/www.usborkeychain.com\/wp-content\/uploads\/eco-friendly-usb-7-300x300.jpg 300w, https:\/\/www.usborkeychain.com\/wp-content\/uploads\/eco-friendly-usb-7-150x150.jpg 150w, https:\/\/www.usborkeychain.com\/wp-content\/uploads\/eco-friendly-usb-7-768x768.jpg 768w, https:\/\/www.usborkeychain.com\/wp-content\/uploads\/eco-friendly-usb-7-12x12.jpg 12w, https:\/\/www.usborkeychain.com\/wp-content\/uploads\/eco-friendly-usb-7-600x600.jpg 600w, https:\/\/www.usborkeychain.com\/wp-content\/uploads\/eco-friendly-usb-7-100x100.jpg 100w\" sizes=\"(max-width: 800px) 100vw, 800px\" \/><\/figure>\n\n\n\n<ol class=\"wp-block-list\">\n<li>Les entreprises du secteur de la protection de l'environnement : Les entreprises sp\u00e9cialis\u00e9es dans les \u00e9nergies nouvelles, les aliments biologiques et les technologies environnementales utilisent la cl\u00e9 USB pour v\u00e9hiculer le concept de marque du \"d\u00e9veloppement durable\".<\/li>\n\n\n\n<li>Les entreprises technologiques : Entreprises de produits num\u00e9riques et de logiciels, etc., qui mettent en avant l'innovation et la responsabilit\u00e9 sociale gr\u00e2ce \u00e0 cette cl\u00e9 USB \"technologie + protection de l'environnement\".<\/li>\n<\/ol>\n<\/div>\n\n\n\n<div class=\"wp-block-column is-layout-flow wp-block-column-is-layout-flow\">\n<figure class=\"wp-block-image size-full\"><img alt=\"\" loading=\"lazy\" decoding=\"async\" width=\"800\" height=\"800\" src=\"https:\/\/www.usborkeychain.com\/wp-content\/uploads\/ECO-friendly-light-up-usb-flash-drive.jpg\" class=\"wp-image-6854\" srcset=\"https:\/\/www.usborkeychain.com\/wp-content\/uploads\/ECO-friendly-light-up-usb-flash-drive.jpg 800w, https:\/\/www.usborkeychain.com\/wp-content\/uploads\/ECO-friendly-light-up-usb-flash-drive-300x300.jpg 300w, https:\/\/www.usborkeychain.com\/wp-content\/uploads\/ECO-friendly-light-up-usb-flash-drive-150x150.jpg 150w, https:\/\/www.usborkeychain.com\/wp-content\/uploads\/ECO-friendly-light-up-usb-flash-drive-768x768.jpg 768w, https:\/\/www.usborkeychain.com\/wp-content\/uploads\/ECO-friendly-light-up-usb-flash-drive-12x12.jpg 12w, https:\/\/www.usborkeychain.com\/wp-content\/uploads\/ECO-friendly-light-up-usb-flash-drive-600x600.jpg 600w, https:\/\/www.usborkeychain.com\/wp-content\/uploads\/ECO-friendly-light-up-usb-flash-drive-100x100.jpg 100w\" sizes=\"(max-width: 800px) 100vw, 800px\" \/><\/figure>\n\n\n\n<ol class=\"wp-block-list\">\n<li>Industries culturelles et cr\u00e9atives : Entreprises de publicit\u00e9, de design et de m\u00e9dias, personnalisant des LOGO lumineux uniques pour renforcer les points de m\u00e9morisation de la marque dans les cadeaux d'affaires.<\/li>\n\n\n\n<li>Les d\u00e9partements RSE des entreprises multinationales : Utilis\u00e9s dans le cadre d'activit\u00e9s de bien-\u00eatre public et d'avantages sociaux pour refl\u00e9ter l'importance accord\u00e9e par l'entreprise \u00e0 la protection de l'environnement et renforcer la r\u00e9putation de la marque.<\/li>\n<\/ol>\n<\/div>\n<\/div>\n\n\n\n<div class=\"wp-block-columns is-layout-flex wp-container-core-columns-is-layout-28f84493 wp-block-columns-is-layout-flex\">\n<div class=\"wp-block-column is-vertically-aligned-center is-layout-flow wp-block-column-is-layout-flow\">\n<p>Le<strong> Cl\u00e9 USB lumineuse \u00e9cologique<\/strong> s'attaque au probl\u00e8me des d\u00e9chets \u00e9lectroniques gr\u00e2ce \u00e0 sa coque biosourc\u00e9e et assure la communication visuelle de la marque gr\u00e2ce \u00e0 une technologie d'\u00e9clairage sans perte. Sa grande capacit\u00e9 de 32 Go~256 Go et sa transmission \u00e0 grande vitesse USB 3.0 r\u00e9pondent aux besoins commerciaux. Que ce soit pour les particuliers qui adoptent un mode de vie \u00e0 faible \u00e9mission de carbone ou pour les entreprises qui planifient la communication de leur marque, cette cl\u00e9 USB incarne parfaitement le concept de \"petit support, grande id\u00e9e\".<\/p>\n<\/div>\n\n\n\n<div class=\"wp-block-column is-vertically-aligned-center is-layout-flow wp-block-column-is-layout-flow\">\n<figure class=\"wp-block-image size-full\"><img alt=\"\" loading=\"lazy\" decoding=\"async\" width=\"800\" height=\"550\" src=\"https:\/\/www.usborkeychain.com\/wp-content\/uploads\/ECO-friendly-LED-USB-drive.jpg\" class=\"wp-image-6852\" srcset=\"https:\/\/www.usborkeychain.com\/wp-content\/uploads\/ECO-friendly-LED-USB-drive.jpg 800w, https:\/\/www.usborkeychain.com\/wp-content\/uploads\/ECO-friendly-LED-USB-drive-300x206.jpg 300w, https:\/\/www.usborkeychain.com\/wp-content\/uploads\/ECO-friendly-LED-USB-drive-768x528.jpg 768w, https:\/\/www.usborkeychain.com\/wp-content\/uploads\/ECO-friendly-LED-USB-drive-18x12.jpg 18w, https:\/\/www.usborkeychain.com\/wp-content\/uploads\/ECO-friendly-LED-USB-drive-600x413.jpg 600w\" sizes=\"(max-width: 800px) 100vw, 800px\" \/><\/figure>\n<\/div>\n<\/div>","protected":false},"excerpt":{"rendered":"<ul>\n<li>Mat\u00e9riau de la coque : acrylique + fibre de paille de bl\u00e9<\/li>\n<li>Couleur des LED : blanc, rouge, bleu, vert, jaune<\/li>\n<li>Logo:Logo personnalis\u00e9<\/li>\n<li>Syst\u00e8me d'exploitation : Windows XP, Windows 7 ou sup\u00e9rieur, Linux<\/li>\n<li>Certificat:CE,FCC ROHS<\/li>\n<li>MOQ:100pcs<\/li>\n<\/ul>","protected":false},"featured_media":6853,"comment_status":"open","ping_status":"closed","template":"","meta":{"_seopress_robots_primary_cat":"","_seopress_titles_title":"","_seopress_titles_desc":"","_seopress_robots_index":"","site-sidebar-layout":"default","site-content-layout":"","ast-site-content-layout":"","site-content-style":"default","site-sidebar-style":"default","ast-global-header-display":"","ast-banner-title-visibility":"","ast-main-header-display":"","ast-hfb-above-header-display":"","ast-hfb-below-header-display":"","ast-hfb-mobile-header-display":"","site-post-title":"","ast-breadcrumbs-content":"","ast-featured-img":"","footer-sml-layout":"","theme-transparent-header-meta":"","adv-header-id-meta":"","stick-header-meta":"","header-above-stick-meta":"","header-main-stick-meta":"","header-below-stick-meta":"","astra-migrate-meta-layouts":"default","ast-page-background-enabled":"default","ast-page-background-meta":{"desktop":{"background-color":"var(--ast-global-color-5)","background-image":"","background-repeat":"repeat","background-position":"center center","background-size":"auto","background-attachment":"scroll","background-type":"","background-media":"","overlay-type":"","overlay-color":"","overlay-opacity":"","overlay-gradient":""},"tablet":{"background-color":"","background-image":"","background-repeat":"repeat","background-position":"center center","background-size":"auto","background-attachment":"scroll","background-type":"","background-media":"","overlay-type":"","overlay-color":"","overlay-opacity":"","overlay-gradient":""},"mobile":{"background-color":"","background-image":"","background-repeat":"repeat","background-position":"center center","background-size":"auto","background-attachment":"scroll","background-type":"","background-media":"","overlay-type":"","overlay-color":"","overlay-opacity":"","overlay-gradient":""}},"ast-content-background-meta":{"desktop":{"background-color":"var(--ast-global-color-4)","background-image":"","background-repeat":"repeat","background-position":"center center","background-size":"auto","background-attachment":"scroll","background-type":"","background-media":"","overlay-type":"","overlay-color":"","overlay-opacity":"","overlay-gradient":""},"tablet":{"background-color":"var(--ast-global-color-4)","background-image":"","background-repeat":"repeat","background-position":"center center","background-size":"auto","background-attachment":"scroll","background-type":"","background-media":"","overlay-type":"","overlay-color":"","overlay-opacity":"","overlay-gradient":""},"mobile":{"background-color":"var(--ast-global-color-4)","background-image":"","background-repeat":"repeat","background-position":"center center","background-size":"auto","background-attachment":"scroll","background-type":"","background-media":"","overlay-type":"","overlay-color":"","overlay-opacity":"","overlay-gradient":""}}},"product_brand":[],"product_cat":[170],"product_tag":[403],"class_list":{"0":"post-6849","1":"product","2":"type-product","3":"status-publish","4":"has-post-thumbnail","6":"product_cat-biodegradable-usb-pendrive-2","7":"product_tag-eco-friendly-light-up-usb-flash-drive","8":"desktop-align-left","9":"tablet-align-left","10":"mobile-align-left","12":"first","13":"instock","14":"shipping-taxable","15":"product-type-simple"},"_links":{"self":[{"href":"https:\/\/www.usborkeychain.com\/fr\/wp-json\/wp\/v2\/product\/6849","targetHints":{"allow":["GET"]}}],"collection":[{"href":"https:\/\/www.usborkeychain.com\/fr\/wp-json\/wp\/v2\/product"}],"about":[{"href":"https:\/\/www.usborkeychain.com\/fr\/wp-json\/wp\/v2\/types\/product"}],"replies":[{"embeddable":true,"href":"https:\/\/www.usborkeychain.com\/fr\/wp-json\/wp\/v2\/comments?post=6849"}],"wp:featuredmedia":[{"embeddable":true,"href":"https:\/\/www.usborkeychain.com\/fr\/wp-json\/wp\/v2\/media\/6853"}],"wp:attachment":[{"href":"https:\/\/www.usborkeychain.com\/fr\/wp-json\/wp\/v2\/media?parent=6849"}],"wp:term":[{"taxonomy":"product_brand","embeddable":true,"href":"https:\/\/www.usborkeychain.com\/fr\/wp-json\/wp\/v2\/product_brand?post=6849"},{"taxonomy":"product_cat","embeddable":true,"href":"https:\/\/www.usborkeychain.com\/fr\/wp-json\/wp\/v2\/product_cat?post=6849"},{"taxonomy":"product_tag","embeddable":true,"href":"https:\/\/www.usborkeychain.com\/fr\/wp-json\/wp\/v2\/product_tag?post=6849"}],"curies":[{"name":"wp","href":"https:\/\/api.w.org\/{rel}","templated":true}]}}