{"id":6861,"date":"2025-08-14T09:07:39","date_gmt":"2025-08-14T09:07:39","guid":{"rendered":"https:\/\/www.usborkeychain.com\/?post_type=product&#038;p=6861"},"modified":"2025-08-14T12:14:51","modified_gmt":"2025-08-14T12:14:51","slug":"aluminum-alloy-whistle-usb-flash-drive","status":"publish","type":"product","link":"https:\/\/www.usborkeychain.com\/fr\/produit\/aluminum-alloy-whistle-usb-flash-drive\/","title":{"rendered":"Sifflet en alliage d'aluminium Cl\u00e9 USB"},"content":{"rendered":"<div class=\"wp-block-columns is-layout-flex wp-container-core-columns-is-layout-28f84493 wp-block-columns-is-layout-flex\">\n<div class=\"wp-block-column is-vertically-aligned-center is-layout-flow wp-block-column-is-layout-flow\">\n<p>La cl\u00e9 USB \u00e0 sifflet en alliage d'aluminium est forg\u00e9e \u00e0 partir d'un alliage d'aluminium de haute qualit\u00e9, offrant une r\u00e9sistance aux chocs et \u00e0 l'usure pour supporter les chocs quotidiens. Elle pr\u00e9sente une forte r\u00e9sistance \u00e0 l'oxydation, garantissant l'absence de rouille et de d\u00e9formation, m\u00eame apr\u00e8s une utilisation prolong\u00e9e. De faible densit\u00e9, il allie robustesse et l\u00e9g\u00e8ret\u00e9, ce qui le rend facile \u00e0 transporter. L'\u00e9clat du m\u00e9tal est d\u00e9licat et, apr\u00e8s le traitement d'anodisation, la couleur est riche et durable.<\/p>\n\n\n\n<p>La structure en forme d'anneau \u00e0 l'arri\u00e8re permet de connecter des lani\u00e8res et des porte-cl\u00e9s, ce qui r\u00e9sout le probl\u00e8me courant des cl\u00e9s USB traditionnelles qui se perdent facilement et permet un \"stockage portable\".<\/p>\n<\/div>\n\n\n\n<div class=\"wp-block-column is-vertically-aligned-center is-layout-flow wp-block-column-is-layout-flow\">\n<figure class=\"wp-block-image size-full\"><img alt=\"\" fetchpriority=\"high\" decoding=\"async\" width=\"800\" height=\"800\" src=\"https:\/\/www.usborkeychain.com\/wp-content\/uploads\/metal-USB-flash-drive.png\" class=\"wp-image-6867\" srcset=\"https:\/\/www.usborkeychain.com\/wp-content\/uploads\/metal-USB-flash-drive.png 800w, https:\/\/www.usborkeychain.com\/wp-content\/uploads\/metal-USB-flash-drive-300x300.png 300w, https:\/\/www.usborkeychain.com\/wp-content\/uploads\/metal-USB-flash-drive-150x150.png 150w, https:\/\/www.usborkeychain.com\/wp-content\/uploads\/metal-USB-flash-drive-768x768.png 768w, https:\/\/www.usborkeychain.com\/wp-content\/uploads\/metal-USB-flash-drive-12x12.png 12w, https:\/\/www.usborkeychain.com\/wp-content\/uploads\/metal-USB-flash-drive-600x600.png 600w, https:\/\/www.usborkeychain.com\/wp-content\/uploads\/metal-USB-flash-drive-100x100.png 100w\" sizes=\"(max-width: 800px) 100vw, 800px\" \/><\/figure>\n<\/div>\n<\/div>\n\n\n\n<div class=\"wp-block-columns is-layout-flex wp-container-core-columns-is-layout-28f84493 wp-block-columns-is-layout-flex\">\n<div class=\"wp-block-column is-vertically-aligned-center is-layout-flow wp-block-column-is-layout-flow\">\n<figure class=\"wp-block-image size-full\"><img alt=\"\" decoding=\"async\" width=\"800\" height=\"800\" src=\"https:\/\/www.usborkeychain.com\/wp-content\/uploads\/all-metal-usb-flash-drive.png\" class=\"wp-image-6865\" srcset=\"https:\/\/www.usborkeychain.com\/wp-content\/uploads\/all-metal-usb-flash-drive.png 800w, https:\/\/www.usborkeychain.com\/wp-content\/uploads\/all-metal-usb-flash-drive-300x300.png 300w, https:\/\/www.usborkeychain.com\/wp-content\/uploads\/all-metal-usb-flash-drive-150x150.png 150w, https:\/\/www.usborkeychain.com\/wp-content\/uploads\/all-metal-usb-flash-drive-768x768.png 768w, https:\/\/www.usborkeychain.com\/wp-content\/uploads\/all-metal-usb-flash-drive-12x12.png 12w, https:\/\/www.usborkeychain.com\/wp-content\/uploads\/all-metal-usb-flash-drive-600x600.png 600w, https:\/\/www.usborkeychain.com\/wp-content\/uploads\/all-metal-usb-flash-drive-100x100.png 100w\" sizes=\"(max-width: 800px) 100vw, 800px\" \/><\/figure>\n<\/div>\n\n\n\n<div class=\"wp-block-column is-vertically-aligned-center is-layout-flow wp-block-column-is-layout-flow\">\n<p>Adoptant une technologie de pliage int\u00e9gr\u00e9e, elle pr\u00e9sente des lignes fluides, rompant avec la forme rigide des cl\u00e9s USB conventionnelles et combinant technologie et mode.<\/p>\n\n\n\n<p>La surface comporte une zone r\u00e9serv\u00e9e \u00e0 la personnalisation du LOGO. Gr\u00e2ce \u00e0 la gravure au laser ou \u00e0 l'anodisation, les logos des marques, les slogans ou les motifs personnalis\u00e9s peuvent \u00eatre pr\u00e9sent\u00e9s avec pr\u00e9cision, ce qui aide les entreprises \u00e0 se forger une image diff\u00e9renci\u00e9e (par exemple, dans les sc\u00e9narios de cadeaux d'affaires et de promotion d'\u00e9v\u00e9nements).<\/p>\n<\/div>\n<\/div>\n\n\n\n<h2 class=\"wp-block-heading\">Tableau des param\u00e8tres de base de la cl\u00e9 USB<\/h2>\n\n\n\n<figure class=\"wp-block-table\"><table class=\"has-fixed-layout\"><thead><tr><th>Cat\u00e9gorie<\/th><th>D\u00e9tails des param\u00e8tres<\/th><\/tr><\/thead><tbody><tr><td>Capacit\u00e9<\/td><td>8GB, 16GB, 32GB, 64GB, 128GB<\/td><\/tr><tr><td>Type d'interface<\/td><td>USB 2.0 \/ USB 3.0<\/td><\/tr><tr><td>Dimensions de la cl\u00e9 USB (longueur \u00d7 largeur \u00d7 \u00e9paisseur)<\/td><td>35 mm \u00d7 15 mm \u00d7 8 mm<\/td><\/tr><tr><td>Poids de la cl\u00e9 USB<\/td><td>Environ 12 g<\/td><\/tr><tr><td>Compatibilit\u00e9 des syst\u00e8mes<\/td><td>Windows, Mac OS, Linux, Android (la fonction OTG n\u00e9cessite la prise en charge de l'appareil)<\/td><\/tr><\/tbody><\/table><\/figure>\n\n\n\n<div class=\"wp-block-columns is-layout-flex wp-container-core-columns-is-layout-28f84493 wp-block-columns-is-layout-flex\">\n<div class=\"wp-block-column is-layout-flow wp-block-column-is-layout-flow\">\n<figure class=\"wp-block-image size-full\"><img alt=\"\" decoding=\"async\" width=\"800\" height=\"800\" src=\"https:\/\/www.usborkeychain.com\/wp-content\/uploads\/Zinc-alloy-metal-gift-USB-Flash-Drive.jpg\" class=\"wp-image-6871\" srcset=\"https:\/\/www.usborkeychain.com\/wp-content\/uploads\/Zinc-alloy-metal-gift-USB-Flash-Drive.jpg 800w, https:\/\/www.usborkeychain.com\/wp-content\/uploads\/Zinc-alloy-metal-gift-USB-Flash-Drive-300x300.jpg 300w, https:\/\/www.usborkeychain.com\/wp-content\/uploads\/Zinc-alloy-metal-gift-USB-Flash-Drive-150x150.jpg 150w, https:\/\/www.usborkeychain.com\/wp-content\/uploads\/Zinc-alloy-metal-gift-USB-Flash-Drive-768x768.jpg 768w, https:\/\/www.usborkeychain.com\/wp-content\/uploads\/Zinc-alloy-metal-gift-USB-Flash-Drive-12x12.jpg 12w, https:\/\/www.usborkeychain.com\/wp-content\/uploads\/Zinc-alloy-metal-gift-USB-Flash-Drive-600x600.jpg 600w, https:\/\/www.usborkeychain.com\/wp-content\/uploads\/Zinc-alloy-metal-gift-USB-Flash-Drive-100x100.jpg 100w\" sizes=\"(max-width: 800px) 100vw, 800px\" \/><\/figure>\n<\/div>\n\n\n\n<div class=\"wp-block-column is-layout-flow wp-block-column-is-layout-flow\">\n<figure class=\"wp-block-image size-full\"><img alt=\"\" loading=\"lazy\" decoding=\"async\" width=\"800\" height=\"800\" src=\"https:\/\/www.usborkeychain.com\/wp-content\/uploads\/Metal-Whistle-Shape-USB-Flash-Drives.jpg\" class=\"wp-image-6869\" srcset=\"https:\/\/www.usborkeychain.com\/wp-content\/uploads\/Metal-Whistle-Shape-USB-Flash-Drives.jpg 800w, https:\/\/www.usborkeychain.com\/wp-content\/uploads\/Metal-Whistle-Shape-USB-Flash-Drives-300x300.jpg 300w, https:\/\/www.usborkeychain.com\/wp-content\/uploads\/Metal-Whistle-Shape-USB-Flash-Drives-150x150.jpg 150w, https:\/\/www.usborkeychain.com\/wp-content\/uploads\/Metal-Whistle-Shape-USB-Flash-Drives-768x768.jpg 768w, https:\/\/www.usborkeychain.com\/wp-content\/uploads\/Metal-Whistle-Shape-USB-Flash-Drives-12x12.jpg 12w, https:\/\/www.usborkeychain.com\/wp-content\/uploads\/Metal-Whistle-Shape-USB-Flash-Drives-600x600.jpg 600w, https:\/\/www.usborkeychain.com\/wp-content\/uploads\/Metal-Whistle-Shape-USB-Flash-Drives-100x100.jpg 100w\" sizes=\"(max-width: 800px) 100vw, 800px\" \/><\/figure>\n<\/div>\n\n\n\n<div class=\"wp-block-column is-layout-flow wp-block-column-is-layout-flow\">\n<figure class=\"wp-block-image size-full\"><img alt=\"\" loading=\"lazy\" decoding=\"async\" width=\"800\" height=\"800\" src=\"https:\/\/www.usborkeychain.com\/wp-content\/uploads\/Metal-Whistle-Shape-Usb-Flash-Drive.jpg\" class=\"wp-image-6868\" srcset=\"https:\/\/www.usborkeychain.com\/wp-content\/uploads\/Metal-Whistle-Shape-Usb-Flash-Drive.jpg 800w, https:\/\/www.usborkeychain.com\/wp-content\/uploads\/Metal-Whistle-Shape-Usb-Flash-Drive-300x300.jpg 300w, https:\/\/www.usborkeychain.com\/wp-content\/uploads\/Metal-Whistle-Shape-Usb-Flash-Drive-150x150.jpg 150w, https:\/\/www.usborkeychain.com\/wp-content\/uploads\/Metal-Whistle-Shape-Usb-Flash-Drive-768x768.jpg 768w, https:\/\/www.usborkeychain.com\/wp-content\/uploads\/Metal-Whistle-Shape-Usb-Flash-Drive-12x12.jpg 12w, https:\/\/www.usborkeychain.com\/wp-content\/uploads\/Metal-Whistle-Shape-Usb-Flash-Drive-600x600.jpg 600w, https:\/\/www.usborkeychain.com\/wp-content\/uploads\/Metal-Whistle-Shape-Usb-Flash-Drive-100x100.jpg 100w\" sizes=\"(max-width: 800px) 100vw, 800px\" \/><\/figure>\n<\/div>\n<\/div>\n\n\n\n<h2 class=\"wp-block-heading\">Qu'est-ce qui peut \u00eatre personnalis\u00e9 ?<\/h2>\n\n\n\n<div class=\"wp-block-columns are-vertically-aligned-center is-layout-flex wp-container-core-columns-is-layout-28f84493 wp-block-columns-is-layout-flex\">\n<div class=\"wp-block-column is-vertically-aligned-center is-layout-flow wp-block-column-is-layout-flow\">\n<h3 class=\"wp-block-heading\">Personnalisation du LOGO<\/h3>\n\n\n\n<ul class=\"wp-block-list\">\n<li>Gravure au laser : Haute pr\u00e9cision et texture solide, avec des bords nets du LOGO, adapt\u00e9 aux textes\/motifs simples.<\/li>\n\n\n\n<li>Anodisation + impression sur soie : Haute fusion des couleurs, convient pour les motifs complexes ou les effets de d\u00e9grad\u00e9 (n\u00e9cessite une personnalisation des couleurs).<\/li>\n<\/ul>\n\n\n\n<h3 class=\"wp-block-heading\">Personnalisation des couleurs<\/h3>\n\n\n\n<p>Gr\u00e2ce \u00e0 la technologie de coloration par anodisation, il est possible de r\u00e9aliser des personnalisations multicolores (voir les images du produit ; les couleurs courantes sont incluses) :<\/p>\n\n\n\n<ul class=\"wp-block-list\">\n<li>Couleurs de base : Or, bleu, rouge, vert, gris ;<\/li>\n\n\n\n<li>Couleurs personnalis\u00e9es : Cyan, violet (correspondance pr\u00e9cise avec les codes de couleur Pantone pour r\u00e9pondre au syst\u00e8me VI de la marque).<\/li>\n<\/ul>\n<\/div>\n\n\n\n<div class=\"wp-block-column is-vertically-aligned-center is-layout-flow wp-block-column-is-layout-flow\">\n<figure class=\"wp-block-image size-full\"><img alt=\"\" loading=\"lazy\" decoding=\"async\" width=\"800\" height=\"800\" src=\"https:\/\/www.usborkeychain.com\/wp-content\/uploads\/best-metal-usb-flash-drive.jpg\" class=\"wp-image-6866\" srcset=\"https:\/\/www.usborkeychain.com\/wp-content\/uploads\/best-metal-usb-flash-drive.jpg 800w, https:\/\/www.usborkeychain.com\/wp-content\/uploads\/best-metal-usb-flash-drive-300x300.jpg 300w, https:\/\/www.usborkeychain.com\/wp-content\/uploads\/best-metal-usb-flash-drive-150x150.jpg 150w, https:\/\/www.usborkeychain.com\/wp-content\/uploads\/best-metal-usb-flash-drive-768x768.jpg 768w, https:\/\/www.usborkeychain.com\/wp-content\/uploads\/best-metal-usb-flash-drive-12x12.jpg 12w, https:\/\/www.usborkeychain.com\/wp-content\/uploads\/best-metal-usb-flash-drive-600x600.jpg 600w, https:\/\/www.usborkeychain.com\/wp-content\/uploads\/best-metal-usb-flash-drive-100x100.jpg 100w\" sizes=\"(max-width: 800px) 100vw, 800px\" \/><\/figure>\n<\/div>\n<\/div>\n\n\n\n<h2 class=\"wp-block-heading\">Sc\u00e9narios appropri\u00e9s<\/h2>\n\n\n\n<div class=\"wp-block-columns is-layout-flex wp-container-core-columns-is-layout-28f84493 wp-block-columns-is-layout-flex\">\n<div class=\"wp-block-column is-vertically-aligned-center is-layout-flow wp-block-column-is-layout-flow\">\n<figure class=\"wp-block-image size-full\"><img alt=\"\" loading=\"lazy\" decoding=\"async\" width=\"800\" height=\"800\" src=\"https:\/\/www.usborkeychain.com\/wp-content\/uploads\/Zinc-alloy-USB-Drive.png\" class=\"wp-image-6873\" srcset=\"https:\/\/www.usborkeychain.com\/wp-content\/uploads\/Zinc-alloy-USB-Drive.png 800w, https:\/\/www.usborkeychain.com\/wp-content\/uploads\/Zinc-alloy-USB-Drive-300x300.png 300w, https:\/\/www.usborkeychain.com\/wp-content\/uploads\/Zinc-alloy-USB-Drive-150x150.png 150w, https:\/\/www.usborkeychain.com\/wp-content\/uploads\/Zinc-alloy-USB-Drive-768x768.png 768w, https:\/\/www.usborkeychain.com\/wp-content\/uploads\/Zinc-alloy-USB-Drive-12x12.png 12w, https:\/\/www.usborkeychain.com\/wp-content\/uploads\/Zinc-alloy-USB-Drive-600x600.png 600w, https:\/\/www.usborkeychain.com\/wp-content\/uploads\/Zinc-alloy-USB-Drive-100x100.png 100w\" sizes=\"(max-width: 800px) 100vw, 800px\" \/><\/figure>\n<\/div>\n\n\n\n<div class=\"wp-block-column is-vertically-aligned-center is-layout-flow wp-block-column-is-layout-flow\">\n<ul class=\"wp-block-list\">\n<li>Cadeaux d'entreprise : Cadeaux pour les clients ou avantages pour les employ\u00e9s.<\/li>\n\n\n\n<li>Marketing \u00e9v\u00e9nementiel : Distribution lors d'expositions et de s\u00e9minaires.<\/li>\n\n\n\n<li>Bureau personnel : Accrochez-les au porte-cl\u00e9s pour ranger vos dossiers \u00e0 tout moment.<\/li>\n\n\n\n<li>Cadeaux cr\u00e9atifs : Cadeaux d'anniversaire ou de f\u00eate.<\/li>\n\n\n\n<li>\u00c9ducation\/formation : Des cl\u00e9s USB personnalis\u00e9es contenant des supports de cours pour les \u00e9tudiants.<\/li>\n\n\n\n<li>Photographie\/design : Stockage des plans de travail.<\/li>\n<\/ul>\n<\/div>\n<\/div>\n\n\n\n<h2 class=\"wp-block-heading\">Bo\u00eetes d'emballage disponibles<\/h2>\n\n\n\n<figure class=\"wp-block-table\"><table class=\"has-fixed-layout\"><thead><tr><th>Mat\u00e9riau<\/th><th>Caract\u00e9ristiques<\/th><th>Sc\u00e9narios appropri\u00e9s<\/th><\/tr><\/thead><tbody><tr><td>Bo\u00eete en papier<\/td><td>Economique et l\u00e9ger, disponible en papier kraft (vintage) ou en carton blanc (simple)<\/td><td>Achat en gros, cadeaux d'affaires r\u00e9guliers<\/td><\/tr><tr><td>Bo\u00eete en fer<\/td><td>Texture m\u00e9tallique avec fen\u00eatre transparente (comme le montre la troisi\u00e8me image), forte protection<\/td><td>Personnalisation haut de gamme, emballage cadeau<\/td><\/tr><\/tbody><\/table><\/figure>\n\n\n\n<div class=\"wp-block-columns is-layout-flex wp-container-core-columns-is-layout-28f84493 wp-block-columns-is-layout-flex\">\n<div class=\"wp-block-column is-vertically-aligned-center is-layout-flow wp-block-column-is-layout-flow\">\n<h3 class=\"wp-block-heading\">2. Services de personnalisation des emballages<\/h3>\n\n\n\n<ul class=\"wp-block-list\">\n<li>Techniques d'impression : Dorure, impression UV, impression couleur, permettant une pr\u00e9sentation haute d\u00e9finition des LOGO, slogans et motifs.<\/li>\n\n\n\n<li>Doublure : Doublure en \u00e9ponge ou floqu\u00e9e pour une protection amortissante et pour am\u00e9liorer la c\u00e9r\u00e9monie de d\u00e9ballage.<\/li>\n<\/ul>\n\n\n\n<p><strong>Youshan<\/strong> La soci\u00e9t\u00e9 est un fabricant professionnel de cl\u00e9s USB avec plus de dix ans d'exp\u00e9rience. Elle propose des personnalisations en vrac \u00e0 des prix comp\u00e9titifs.<\/p>\n<\/div>\n\n\n\n<div class=\"wp-block-column is-vertically-aligned-center is-layout-flow wp-block-column-is-layout-flow\">\n<figure class=\"wp-block-image size-full\"><img alt=\"\" loading=\"lazy\" decoding=\"async\" width=\"800\" height=\"800\" src=\"https:\/\/www.usborkeychain.com\/wp-content\/uploads\/small-metal-usb-flash-drive.png\" class=\"wp-image-6870\" srcset=\"https:\/\/www.usborkeychain.com\/wp-content\/uploads\/small-metal-usb-flash-drive.png 800w, https:\/\/www.usborkeychain.com\/wp-content\/uploads\/small-metal-usb-flash-drive-300x300.png 300w, https:\/\/www.usborkeychain.com\/wp-content\/uploads\/small-metal-usb-flash-drive-150x150.png 150w, https:\/\/www.usborkeychain.com\/wp-content\/uploads\/small-metal-usb-flash-drive-768x768.png 768w, https:\/\/www.usborkeychain.com\/wp-content\/uploads\/small-metal-usb-flash-drive-12x12.png 12w, https:\/\/www.usborkeychain.com\/wp-content\/uploads\/small-metal-usb-flash-drive-600x600.png 600w, https:\/\/www.usborkeychain.com\/wp-content\/uploads\/small-metal-usb-flash-drive-100x100.png 100w\" sizes=\"(max-width: 800px) 100vw, 800px\" \/><\/figure>\n<\/div>\n<\/div>","protected":false},"excerpt":{"rendered":"<ul>\n<li>Mat\u00e9riau de la coque : alliage d'aluminium<\/li>\n<li>Couleur : blanc, rouge, bleu, vert, jaune<\/li>\n<li>Logo:Logo personnalis\u00e9<\/li>\n<li>Syst\u00e8me d'exploitation : Windows XP, Windows 7 ou sup\u00e9rieur, Linux<\/li>\n<li>MOQ:100pcs<\/li>\n<\/ul>","protected":false},"featured_media":6874,"comment_status":"open","ping_status":"closed","template":"","meta":{"_seopress_robots_primary_cat":"","_seopress_titles_title":"","_seopress_titles_desc":"","_seopress_robots_index":"","site-sidebar-layout":"default","site-content-layout":"","ast-site-content-layout":"","site-content-style":"default","site-sidebar-style":"default","ast-global-header-display":"","ast-banner-title-visibility":"","ast-main-header-display":"","ast-hfb-above-header-display":"","ast-hfb-below-header-display":"","ast-hfb-mobile-header-display":"","site-post-title":"","ast-breadcrumbs-content":"","ast-featured-img":"","footer-sml-layout":"","theme-transparent-header-meta":"","adv-header-id-meta":"","stick-header-meta":"","header-above-stick-meta":"","header-main-stick-meta":"","header-below-stick-meta":"","astra-migrate-meta-layouts":"default","ast-page-background-enabled":"default","ast-page-background-meta":{"desktop":{"background-color":"var(--ast-global-color-5)","background-image":"","background-repeat":"repeat","background-position":"center center","background-size":"auto","background-attachment":"scroll","background-type":"","background-media":"","overlay-type":"","overlay-color":"","overlay-opacity":"","overlay-gradient":""},"tablet":{"background-color":"","background-image":"","background-repeat":"repeat","background-position":"center center","background-size":"auto","background-attachment":"scroll","background-type":"","background-media":"","overlay-type":"","overlay-color":"","overlay-opacity":"","overlay-gradient":""},"mobile":{"background-color":"","background-image":"","background-repeat":"repeat","background-position":"center center","background-size":"auto","background-attachment":"scroll","background-type":"","background-media":"","overlay-type":"","overlay-color":"","overlay-opacity":"","overlay-gradient":""}},"ast-content-background-meta":{"desktop":{"background-color":"var(--ast-global-color-4)","background-image":"","background-repeat":"repeat","background-position":"center center","background-size":"auto","background-attachment":"scroll","background-type":"","background-media":"","overlay-type":"","overlay-color":"","overlay-opacity":"","overlay-gradient":""},"tablet":{"background-color":"var(--ast-global-color-4)","background-image":"","background-repeat":"repeat","background-position":"center center","background-size":"auto","background-attachment":"scroll","background-type":"","background-media":"","overlay-type":"","overlay-color":"","overlay-opacity":"","overlay-gradient":""},"mobile":{"background-color":"var(--ast-global-color-4)","background-image":"","background-repeat":"repeat","background-position":"center center","background-size":"auto","background-attachment":"scroll","background-type":"","background-media":"","overlay-type":"","overlay-color":"","overlay-opacity":"","overlay-gradient":""}}},"product_brand":[],"product_cat":[89],"product_tag":[398],"class_list":{"0":"post-6861","1":"product","2":"type-product","3":"status-publish","4":"has-post-thumbnail","6":"product_cat-metal-usb-pendrive","7":"product_tag-aluminum-usb-drive","8":"desktop-align-left","9":"tablet-align-left","10":"mobile-align-left","12":"first","13":"instock","14":"shipping-taxable","15":"product-type-simple"},"_links":{"self":[{"href":"https:\/\/www.usborkeychain.com\/fr\/wp-json\/wp\/v2\/product\/6861","targetHints":{"allow":["GET"]}}],"collection":[{"href":"https:\/\/www.usborkeychain.com\/fr\/wp-json\/wp\/v2\/product"}],"about":[{"href":"https:\/\/www.usborkeychain.com\/fr\/wp-json\/wp\/v2\/types\/product"}],"replies":[{"embeddable":true,"href":"https:\/\/www.usborkeychain.com\/fr\/wp-json\/wp\/v2\/comments?post=6861"}],"wp:featuredmedia":[{"embeddable":true,"href":"https:\/\/www.usborkeychain.com\/fr\/wp-json\/wp\/v2\/media\/6874"}],"wp:attachment":[{"href":"https:\/\/www.usborkeychain.com\/fr\/wp-json\/wp\/v2\/media?parent=6861"}],"wp:term":[{"taxonomy":"product_brand","embeddable":true,"href":"https:\/\/www.usborkeychain.com\/fr\/wp-json\/wp\/v2\/product_brand?post=6861"},{"taxonomy":"product_cat","embeddable":true,"href":"https:\/\/www.usborkeychain.com\/fr\/wp-json\/wp\/v2\/product_cat?post=6861"},{"taxonomy":"product_tag","embeddable":true,"href":"https:\/\/www.usborkeychain.com\/fr\/wp-json\/wp\/v2\/product_tag?post=6861"}],"curies":[{"name":"wp","href":"https:\/\/api.w.org\/{rel}","templated":true}]}}