{"id":6875,"date":"2025-08-14T09:58:20","date_gmt":"2025-08-14T09:58:20","guid":{"rendered":"https:\/\/www.usborkeychain.com\/?post_type=product&#038;p=6875"},"modified":"2025-08-14T12:14:44","modified_gmt":"2025-08-14T12:14:44","slug":"metal-pill-usb-flash-drive","status":"publish","type":"product","link":"https:\/\/www.usborkeychain.com\/fr\/produit\/metal-pill-usb-flash-drive\/","title":{"rendered":"Pilule en m\u00e9tal Cl\u00e9 USB"},"content":{"rendered":"<div class=\"wp-block-columns is-layout-flex wp-container-core-columns-is-layout-28f84493 wp-block-columns-is-layout-flex\">\n<div class=\"wp-block-column is-layout-flow wp-block-column-is-layout-flow\">\n<figure class=\"wp-block-image size-full\"><img alt=\"\" fetchpriority=\"high\" decoding=\"async\" width=\"800\" height=\"800\" src=\"https:\/\/www.usborkeychain.com\/wp-content\/uploads\/Custom-metal-Pill-Shaped-USB-Flash-Drive.png\" class=\"wp-image-6880\" srcset=\"https:\/\/www.usborkeychain.com\/wp-content\/uploads\/Custom-metal-Pill-Shaped-USB-Flash-Drive.png 800w, https:\/\/www.usborkeychain.com\/wp-content\/uploads\/Custom-metal-Pill-Shaped-USB-Flash-Drive-300x300.png 300w, https:\/\/www.usborkeychain.com\/wp-content\/uploads\/Custom-metal-Pill-Shaped-USB-Flash-Drive-150x150.png 150w, https:\/\/www.usborkeychain.com\/wp-content\/uploads\/Custom-metal-Pill-Shaped-USB-Flash-Drive-768x768.png 768w, https:\/\/www.usborkeychain.com\/wp-content\/uploads\/Custom-metal-Pill-Shaped-USB-Flash-Drive-12x12.png 12w, https:\/\/www.usborkeychain.com\/wp-content\/uploads\/Custom-metal-Pill-Shaped-USB-Flash-Drive-600x600.png 600w, https:\/\/www.usborkeychain.com\/wp-content\/uploads\/Custom-metal-Pill-Shaped-USB-Flash-Drive-100x100.png 100w\" sizes=\"(max-width: 800px) 100vw, 800px\" \/><\/figure>\n<\/div>\n\n\n\n<div class=\"wp-block-column is-vertically-aligned-center is-layout-flow wp-block-column-is-layout-flow\">\n<p>Le <strong>pilule m\u00e9tallique cl\u00e9 USB<\/strong> adopte un processus de formation d'une seule pi\u00e8ce en alliage d'aluminium, dont la surface est trait\u00e9e par anodisation. Il est r\u00e9sistant \u00e0 l'usure, \u00e0 l'oxydation et aux rayures, et peut r\u00e9sister aux chocs quotidiens et \u00e0 l'\u00e9rosion due \u00e0 la transpiration. M\u00eame apr\u00e8s une utilisation prolong\u00e9e, il reste comme neuf.<\/p>\n\n\n\n<p>Le contour arrondi de la pilule est exceptionnellement confortable \u00e0 tenir et emp\u00eache les bords tranchants de rayer d'autres objets.<\/p>\n\n\n\n<p>Dot\u00e9e d'un porte-cl\u00e9s en m\u00e9tal, elle peut \u00eatre directement attach\u00e9e aux porte-cl\u00e9s, aux sacs \u00e0 dos, aux portefeuilles et \u00e0 d'autres effets personnels, ce qui permet un \"transport sans contrainte\" et r\u00e9sout compl\u00e8tement le probl\u00e8me courant des cl\u00e9s USB traditionnelles, qui sont faciles \u00e0 perdre.<\/p>\n<\/div>\n<\/div>\n\n\n\n<div class=\"wp-block-columns is-layout-flex wp-container-core-columns-is-layout-28f84493 wp-block-columns-is-layout-flex\">\n<div class=\"wp-block-column is-vertically-aligned-center is-layout-flow wp-block-column-is-layout-flow\">\n<p>Lorsqu'il est ferm\u00e9, il a une taille compacte, prend peu de place et permet un acc\u00e8s rapide.<\/p>\n\n\n\n<p>La coque comporte une zone de personnalisation r\u00e9serv\u00e9e, permettant de personnaliser les logos de la marque, les motifs personnels et le texte. Il s'agit non seulement d'un outil pratique, mais aussi d'un support pour la communication de la marque et l'expression personnelle.<\/p>\n<\/div>\n\n\n\n<div class=\"wp-block-column is-vertically-aligned-center is-layout-flow wp-block-column-is-layout-flow\">\n<figure class=\"wp-block-image size-full\"><img alt=\"\" decoding=\"async\" width=\"800\" height=\"800\" src=\"https:\/\/www.usborkeychain.com\/wp-content\/uploads\/metal-Pill-USB-Flash-Drives-Wholesale.png\" class=\"wp-image-6883\" srcset=\"https:\/\/www.usborkeychain.com\/wp-content\/uploads\/metal-Pill-USB-Flash-Drives-Wholesale.png 800w, https:\/\/www.usborkeychain.com\/wp-content\/uploads\/metal-Pill-USB-Flash-Drives-Wholesale-300x300.png 300w, https:\/\/www.usborkeychain.com\/wp-content\/uploads\/metal-Pill-USB-Flash-Drives-Wholesale-150x150.png 150w, https:\/\/www.usborkeychain.com\/wp-content\/uploads\/metal-Pill-USB-Flash-Drives-Wholesale-768x768.png 768w, https:\/\/www.usborkeychain.com\/wp-content\/uploads\/metal-Pill-USB-Flash-Drives-Wholesale-12x12.png 12w, https:\/\/www.usborkeychain.com\/wp-content\/uploads\/metal-Pill-USB-Flash-Drives-Wholesale-600x600.png 600w, https:\/\/www.usborkeychain.com\/wp-content\/uploads\/metal-Pill-USB-Flash-Drives-Wholesale-100x100.png 100w\" sizes=\"(max-width: 800px) 100vw, 800px\" \/><\/figure>\n<\/div>\n<\/div>\n\n\n\n<h2 class=\"wp-block-heading\">Tableau des param\u00e8tres de base de la cl\u00e9 USB<\/h2>\n\n\n\n<figure class=\"wp-block-table\"><table class=\"has-fixed-layout\"><thead><tr><th>Param\u00e8tre Poste<\/th><th>D\u00e9tails<\/th><\/tr><\/thead><tbody><tr><td>Options de capacit\u00e9<\/td><td>8GB \/ 16GB \/ 32GB \/ 64GB \/ 128GB<\/td><\/tr><tr><td>Type d'interface<\/td><td>USB 2.0, USB 3.0<\/td><\/tr><tr><td>Sp\u00e9cifications dimensionnelles (longueur * diam\u00e8tre * \u00e9paisseur)<\/td><td>55mm \u00d7 22mm \u00d7 8,5mm<\/td><\/tr><tr><td>Poids<\/td><td>Environ 30 g<\/td><\/tr><\/tbody><\/table><\/figure>\n\n\n\n<h2 class=\"wp-block-heading\">Processus de personnalisation du LOGO<\/h2>\n\n\n\n<div class=\"wp-block-columns is-layout-flex wp-container-core-columns-is-layout-28f84493 wp-block-columns-is-layout-flex\">\n<div class=\"wp-block-column is-vertically-aligned-center is-layout-flow wp-block-column-is-layout-flow\">\n<figure class=\"wp-block-image size-full\"><img alt=\"\" decoding=\"async\" width=\"800\" height=\"800\" src=\"https:\/\/www.usborkeychain.com\/wp-content\/uploads\/metal-Pill-USB-flash-Drive.png\" class=\"wp-image-6882\" srcset=\"https:\/\/www.usborkeychain.com\/wp-content\/uploads\/metal-Pill-USB-flash-Drive.png 800w, https:\/\/www.usborkeychain.com\/wp-content\/uploads\/metal-Pill-USB-flash-Drive-300x300.png 300w, https:\/\/www.usborkeychain.com\/wp-content\/uploads\/metal-Pill-USB-flash-Drive-150x150.png 150w, https:\/\/www.usborkeychain.com\/wp-content\/uploads\/metal-Pill-USB-flash-Drive-768x768.png 768w, https:\/\/www.usborkeychain.com\/wp-content\/uploads\/metal-Pill-USB-flash-Drive-12x12.png 12w, https:\/\/www.usborkeychain.com\/wp-content\/uploads\/metal-Pill-USB-flash-Drive-600x600.png 600w, https:\/\/www.usborkeychain.com\/wp-content\/uploads\/metal-Pill-USB-flash-Drive-100x100.png 100w\" sizes=\"(max-width: 800px) 100vw, 800px\" \/><\/figure>\n<\/div>\n\n\n\n<div class=\"wp-block-column is-vertically-aligned-center is-layout-flow wp-block-column-is-layout-flow\">\n<ul class=\"wp-block-list\">\n<li><strong>Gravure au laser<\/strong>:\n<ul class=\"wp-block-list\">\n<li>Principe : Gr\u00e2ce \u00e0 la gravure au laser \u00e0 haute \u00e9nergie, le LOGO pr\u00e9sente des lignes fines et une profondeur uniforme.<\/li>\n\n\n\n<li>Avantages : Le logo reste permanent, il est r\u00e9sistant \u00e0 l'usure et ne se d\u00e9colore pas. Il convient pour les motifs simples et unicolores (tels que les logos de marque, les lettres).<\/li>\n<\/ul>\n<\/li>\n\n\n\n<li><strong>S\u00e9rigraphie<\/strong>:\n<ul class=\"wp-block-list\">\n<li>Principe : Obtenir une superposition de plusieurs couleurs gr\u00e2ce \u00e0 la s\u00e9rigraphie.<\/li>\n\n\n\n<li>Avantages : Prend en charge les motifs complexes et les couleurs d\u00e9grad\u00e9es avec des effets visuels plus riches, id\u00e9al pour les conceptions cr\u00e9atives.<\/li>\n<\/ul>\n<\/li>\n<\/ul>\n<\/div>\n<\/div>\n\n\n\n<ul class=\"wp-block-list\"><\/ul>\n\n\n\n<h2 class=\"wp-block-heading\">Quelles sont les couleurs ext\u00e9rieures qui peuvent \u00eatre personnalis\u00e9es ?<\/h2>\n\n\n\n<div class=\"wp-block-columns is-layout-flex wp-container-core-columns-is-layout-28f84493 wp-block-columns-is-layout-flex\">\n<div class=\"wp-block-column is-vertically-aligned-center is-layout-flow wp-block-column-is-layout-flow\">\n<h3 class=\"wp-block-heading\">S\u00e9rie de couleurs r\u00e9guli\u00e8res<\/h3>\n\n\n\n<ul class=\"wp-block-list\">\n<li>Argent : Couleur m\u00e9tallis\u00e9e originale, simple et polyvalente, adapt\u00e9e aux sc\u00e9narios professionnels.<\/li>\n\n\n\n<li>Rouge : Vibrant et accrocheur, avec un fort pouvoir d'attraction.<\/li>\n\n\n\n<li>Bleu : Style technologique frais, en accord avec le ton des produits num\u00e9riques.<\/li>\n\n\n\n<li>Noir : Stable et \u00e9l\u00e9gant, sobre et discret.<\/li>\n<\/ul>\n\n\n\n<h3 class=\"wp-block-heading\">S\u00e9rie de couleurs personnalis\u00e9es<\/h3>\n\n\n\n<p>Possibilit\u00e9 de personnaliser des couleurs sp\u00e9ciales telles que l'or, l'or rose, le noir mat et le vert militaire pour r\u00e9pondre aux besoins des marques haut de gamme ou aux demandes personnalis\u00e9es (quantit\u00e9 minimale de commande \u00e0 n\u00e9gocier).<\/p>\n<\/div>\n\n\n\n<div class=\"wp-block-column is-vertically-aligned-center is-layout-flow wp-block-column-is-layout-flow\">\n<figure class=\"wp-block-image size-full\"><img alt=\"\" loading=\"lazy\" decoding=\"async\" width=\"800\" height=\"800\" src=\"https:\/\/www.usborkeychain.com\/wp-content\/uploads\/bullet-shaped-metal-USB-flash-drives.png\" class=\"wp-image-6879\" srcset=\"https:\/\/www.usborkeychain.com\/wp-content\/uploads\/bullet-shaped-metal-USB-flash-drives.png 800w, https:\/\/www.usborkeychain.com\/wp-content\/uploads\/bullet-shaped-metal-USB-flash-drives-300x300.png 300w, https:\/\/www.usborkeychain.com\/wp-content\/uploads\/bullet-shaped-metal-USB-flash-drives-150x150.png 150w, https:\/\/www.usborkeychain.com\/wp-content\/uploads\/bullet-shaped-metal-USB-flash-drives-768x768.png 768w, https:\/\/www.usborkeychain.com\/wp-content\/uploads\/bullet-shaped-metal-USB-flash-drives-12x12.png 12w, https:\/\/www.usborkeychain.com\/wp-content\/uploads\/bullet-shaped-metal-USB-flash-drives-600x600.png 600w, https:\/\/www.usborkeychain.com\/wp-content\/uploads\/bullet-shaped-metal-USB-flash-drives-100x100.png 100w\" sizes=\"(max-width: 800px) 100vw, 800px\" \/><\/figure>\n<\/div>\n<\/div>\n\n\n\n<h2 class=\"wp-block-heading\">Quels sont les sc\u00e9narios possibles ?<\/h2>\n\n\n\n<ul class=\"wp-block-list\"><\/ul>\n\n\n\n<div class=\"wp-block-columns is-layout-flex wp-container-core-columns-is-layout-28f84493 wp-block-columns-is-layout-flex\">\n<div class=\"wp-block-column is-layout-flow wp-block-column-is-layout-flow\">\n<figure class=\"wp-block-image size-full\"><img alt=\"\" loading=\"lazy\" decoding=\"async\" width=\"800\" height=\"800\" src=\"https:\/\/www.usborkeychain.com\/wp-content\/uploads\/metal-Pill-Shaped-USB-Drives.png\" class=\"wp-image-6884\" srcset=\"https:\/\/www.usborkeychain.com\/wp-content\/uploads\/metal-Pill-Shaped-USB-Drives.png 800w, https:\/\/www.usborkeychain.com\/wp-content\/uploads\/metal-Pill-Shaped-USB-Drives-300x300.png 300w, https:\/\/www.usborkeychain.com\/wp-content\/uploads\/metal-Pill-Shaped-USB-Drives-150x150.png 150w, https:\/\/www.usborkeychain.com\/wp-content\/uploads\/metal-Pill-Shaped-USB-Drives-768x768.png 768w, https:\/\/www.usborkeychain.com\/wp-content\/uploads\/metal-Pill-Shaped-USB-Drives-12x12.png 12w, https:\/\/www.usborkeychain.com\/wp-content\/uploads\/metal-Pill-Shaped-USB-Drives-600x600.png 600w, https:\/\/www.usborkeychain.com\/wp-content\/uploads\/metal-Pill-Shaped-USB-Drives-100x100.png 100w\" sizes=\"(max-width: 800px) 100vw, 800px\" \/><\/figure>\n<\/div>\n\n\n\n<div class=\"wp-block-column is-vertically-aligned-center is-layout-flow wp-block-column-is-layout-flow\">\n<ul class=\"wp-block-list\">\n<li>La forme compacte des pilules les rend faciles \u00e0 transporter et \u00e0 distribuer, ce qui convient aux professionnels de la sant\u00e9, aux patients et aux participants aux salons de la sant\u00e9.<\/li>\n\n\n\n<li>Utilisable en toute s\u00e9curit\u00e9 pour la photographie en ext\u00e9rieur, le camping, le sport et d'autres sc\u00e9narios.<\/li>\n\n\n\n<li>Forums d'affaires m\u00e9dicaux et autres occasions<\/li>\n<\/ul>\n<\/div>\n<\/div>\n\n\n\n<div class=\"wp-block-columns is-layout-flex wp-container-core-columns-is-layout-28f84493 wp-block-columns-is-layout-flex\">\n<div class=\"wp-block-column is-vertically-aligned-center is-layout-flow wp-block-column-is-layout-flow\">\n<p>Le <strong>pilule m\u00e9tallique cl\u00e9 USB<\/strong>La cl\u00e9 USB, qui se caract\u00e9rise par un mat\u00e9riau durable, une portabilit\u00e9 extr\u00eame et une personnalisation, rompt avec l'attribut \"outil\" des cl\u00e9s USB traditionnelles et devient un vecteur de marque, un symbole personnel et un adaptateur de sc\u00e9nario. <\/p>\n\n\n\n<p><strong>Youshan<\/strong> L'entreprise accepte les commandes en grandes quantit\u00e9s. Pour plus de d\u00e9tails, veuillez consulter le personnel.<\/p>\n<\/div>\n\n\n\n<div class=\"wp-block-column is-layout-flow wp-block-column-is-layout-flow\">\n<figure class=\"wp-block-image size-full\"><img alt=\"\" loading=\"lazy\" decoding=\"async\" width=\"800\" height=\"800\" src=\"https:\/\/www.usborkeychain.com\/wp-content\/uploads\/metal-Pill-USB-Drives.png\" class=\"wp-image-6881\" srcset=\"https:\/\/www.usborkeychain.com\/wp-content\/uploads\/metal-Pill-USB-Drives.png 800w, https:\/\/www.usborkeychain.com\/wp-content\/uploads\/metal-Pill-USB-Drives-300x300.png 300w, https:\/\/www.usborkeychain.com\/wp-content\/uploads\/metal-Pill-USB-Drives-150x150.png 150w, https:\/\/www.usborkeychain.com\/wp-content\/uploads\/metal-Pill-USB-Drives-768x768.png 768w, https:\/\/www.usborkeychain.com\/wp-content\/uploads\/metal-Pill-USB-Drives-12x12.png 12w, https:\/\/www.usborkeychain.com\/wp-content\/uploads\/metal-Pill-USB-Drives-600x600.png 600w, https:\/\/www.usborkeychain.com\/wp-content\/uploads\/metal-Pill-USB-Drives-100x100.png 100w\" sizes=\"(max-width: 800px) 100vw, 800px\" \/><\/figure>\n<\/div>\n<\/div>","protected":false},"excerpt":{"rendered":"<ul>\n<li>Capacit\u00e9 : 8GB, 16GB, 32GB, 64GB, 128GB<\/li>\n<li>Vitesse disponible : USB 2.0 \/USB 3.0<\/li>\n<li>Type d'impression : 1-2 couleurs d'impression \/gravure au laser<\/li>\n<li>MOQ : 100 pi\u00e8ces<\/li>\n<li>D\u00e9lai de production : 6-8 jours ouvrables (nous contacter pour les commandes acc\u00e9l\u00e9r\u00e9es)<\/li>\n<\/ul>","protected":false},"featured_media":6878,"comment_status":"open","ping_status":"closed","template":"","meta":{"_seopress_robots_primary_cat":"","_seopress_titles_title":"","_seopress_titles_desc":"","_seopress_robots_index":"","site-sidebar-layout":"default","site-content-layout":"","ast-site-content-layout":"","site-content-style":"default","site-sidebar-style":"default","ast-global-header-display":"","ast-banner-title-visibility":"","ast-main-header-display":"","ast-hfb-above-header-display":"","ast-hfb-below-header-display":"","ast-hfb-mobile-header-display":"","site-post-title":"","ast-breadcrumbs-content":"","ast-featured-img":"","footer-sml-layout":"","theme-transparent-header-meta":"","adv-header-id-meta":"","stick-header-meta":"","header-above-stick-meta":"","header-main-stick-meta":"","header-below-stick-meta":"","astra-migrate-meta-layouts":"default","ast-page-background-enabled":"default","ast-page-background-meta":{"desktop":{"background-color":"var(--ast-global-color-5)","background-image":"","background-repeat":"repeat","background-position":"center center","background-size":"auto","background-attachment":"scroll","background-type":"","background-media":"","overlay-type":"","overlay-color":"","overlay-opacity":"","overlay-gradient":""},"tablet":{"background-color":"","background-image":"","background-repeat":"repeat","background-position":"center center","background-size":"auto","background-attachment":"scroll","background-type":"","background-media":"","overlay-type":"","overlay-color":"","overlay-opacity":"","overlay-gradient":""},"mobile":{"background-color":"","background-image":"","background-repeat":"repeat","background-position":"center center","background-size":"auto","background-attachment":"scroll","background-type":"","background-media":"","overlay-type":"","overlay-color":"","overlay-opacity":"","overlay-gradient":""}},"ast-content-background-meta":{"desktop":{"background-color":"var(--ast-global-color-4)","background-image":"","background-repeat":"repeat","background-position":"center center","background-size":"auto","background-attachment":"scroll","background-type":"","background-media":"","overlay-type":"","overlay-color":"","overlay-opacity":"","overlay-gradient":""},"tablet":{"background-color":"var(--ast-global-color-4)","background-image":"","background-repeat":"repeat","background-position":"center center","background-size":"auto","background-attachment":"scroll","background-type":"","background-media":"","overlay-type":"","overlay-color":"","overlay-opacity":"","overlay-gradient":""},"mobile":{"background-color":"var(--ast-global-color-4)","background-image":"","background-repeat":"repeat","background-position":"center center","background-size":"auto","background-attachment":"scroll","background-type":"","background-media":"","overlay-type":"","overlay-color":"","overlay-opacity":"","overlay-gradient":""}}},"product_brand":[],"product_cat":[89],"product_tag":[398],"class_list":{"0":"post-6875","1":"product","2":"type-product","3":"status-publish","4":"has-post-thumbnail","6":"product_cat-metal-usb-pendrive","7":"product_tag-aluminum-usb-drive","8":"desktop-align-left","9":"tablet-align-left","10":"mobile-align-left","12":"first","13":"instock","14":"shipping-taxable","15":"product-type-simple"},"_links":{"self":[{"href":"https:\/\/www.usborkeychain.com\/fr\/wp-json\/wp\/v2\/product\/6875","targetHints":{"allow":["GET"]}}],"collection":[{"href":"https:\/\/www.usborkeychain.com\/fr\/wp-json\/wp\/v2\/product"}],"about":[{"href":"https:\/\/www.usborkeychain.com\/fr\/wp-json\/wp\/v2\/types\/product"}],"replies":[{"embeddable":true,"href":"https:\/\/www.usborkeychain.com\/fr\/wp-json\/wp\/v2\/comments?post=6875"}],"wp:featuredmedia":[{"embeddable":true,"href":"https:\/\/www.usborkeychain.com\/fr\/wp-json\/wp\/v2\/media\/6878"}],"wp:attachment":[{"href":"https:\/\/www.usborkeychain.com\/fr\/wp-json\/wp\/v2\/media?parent=6875"}],"wp:term":[{"taxonomy":"product_brand","embeddable":true,"href":"https:\/\/www.usborkeychain.com\/fr\/wp-json\/wp\/v2\/product_brand?post=6875"},{"taxonomy":"product_cat","embeddable":true,"href":"https:\/\/www.usborkeychain.com\/fr\/wp-json\/wp\/v2\/product_cat?post=6875"},{"taxonomy":"product_tag","embeddable":true,"href":"https:\/\/www.usborkeychain.com\/fr\/wp-json\/wp\/v2\/product_tag?post=6875"}],"curies":[{"name":"wp","href":"https:\/\/api.w.org\/{rel}","templated":true}]}}