{"id":6885,"date":"2025-08-14T11:22:41","date_gmt":"2025-08-14T11:22:41","guid":{"rendered":"https:\/\/www.usborkeychain.com\/?post_type=product&#038;p=6885"},"modified":"2025-08-16T03:05:47","modified_gmt":"2025-08-16T03:05:47","slug":"metal-color-customized-usb-flash-drives","status":"publish","type":"product","link":"https:\/\/www.usborkeychain.com\/fr\/produit\/metal-color-customized-usb-flash-drives\/","title":{"rendered":"Cl\u00e9s USB personnalis\u00e9es en m\u00e9tal et en couleur"},"content":{"rendered":"<p>Les cl\u00e9s USB personnalis\u00e9es en m\u00e9tal adoptent une forme monobloc.<strong> alliage d'aluminium<\/strong> Ils sont fabriqu\u00e9s par un proc\u00e9d\u00e9 de formage et leur surface est trait\u00e9e par anodisation. Cela leur conf\u00e8re non seulement un \u00e9clat m\u00e9tallique d\u00e9licat dans les couleurs habituelles telles que l'argent, le noir, le rouge, le bleu et l'or, ainsi que dans les couleurs personnalis\u00e9es telles que l'or rose et le noir mat, mais aussi des propri\u00e9t\u00e9s de r\u00e9sistance \u00e0 l'usure, \u00e0 l'oxydation et aux rayures. M\u00eame en cas d'exposition prolong\u00e9e \u00e0 la sueur et aux chocs quotidiens, leur aspect reste comme neuf au fil du temps.<\/p>\n\n\n\n<div class=\"wp-block-columns is-layout-flex wp-container-core-columns-is-layout-28f84493 wp-block-columns-is-layout-flex\">\n<div class=\"wp-block-column is-layout-flow wp-block-column-is-layout-flow\">\n<figure class=\"wp-block-image size-full\"><img alt=\"\" fetchpriority=\"high\" decoding=\"async\" width=\"800\" height=\"800\" src=\"https:\/\/www.usborkeychain.com\/wp-content\/uploads\/metal-usb-flash-drive.jpg\" class=\"wp-image-6900\" srcset=\"https:\/\/www.usborkeychain.com\/wp-content\/uploads\/metal-usb-flash-drive.jpg 800w, https:\/\/www.usborkeychain.com\/wp-content\/uploads\/metal-usb-flash-drive-300x300.jpg 300w, https:\/\/www.usborkeychain.com\/wp-content\/uploads\/metal-usb-flash-drive-150x150.jpg 150w, https:\/\/www.usborkeychain.com\/wp-content\/uploads\/metal-usb-flash-drive-768x768.jpg 768w, https:\/\/www.usborkeychain.com\/wp-content\/uploads\/metal-usb-flash-drive-12x12.jpg 12w, https:\/\/www.usborkeychain.com\/wp-content\/uploads\/metal-usb-flash-drive-600x600.jpg 600w, https:\/\/www.usborkeychain.com\/wp-content\/uploads\/metal-usb-flash-drive-100x100.jpg 100w\" sizes=\"(max-width: 800px) 100vw, 800px\" \/><\/figure>\n<\/div>\n\n\n\n<div class=\"wp-block-column is-layout-flow wp-block-column-is-layout-flow\">\n<figure class=\"wp-block-image size-full\"><img alt=\"\" decoding=\"async\" width=\"800\" height=\"800\" src=\"https:\/\/www.usborkeychain.com\/wp-content\/uploads\/custom-metal-usb-flash-drive.png\" class=\"wp-image-6895\" srcset=\"https:\/\/www.usborkeychain.com\/wp-content\/uploads\/custom-metal-usb-flash-drive.png 800w, https:\/\/www.usborkeychain.com\/wp-content\/uploads\/custom-metal-usb-flash-drive-300x300.png 300w, https:\/\/www.usborkeychain.com\/wp-content\/uploads\/custom-metal-usb-flash-drive-150x150.png 150w, https:\/\/www.usborkeychain.com\/wp-content\/uploads\/custom-metal-usb-flash-drive-768x768.png 768w, https:\/\/www.usborkeychain.com\/wp-content\/uploads\/custom-metal-usb-flash-drive-12x12.png 12w, https:\/\/www.usborkeychain.com\/wp-content\/uploads\/custom-metal-usb-flash-drive-600x600.png 600w, https:\/\/www.usborkeychain.com\/wp-content\/uploads\/custom-metal-usb-flash-drive-100x100.png 100w\" sizes=\"(max-width: 800px) 100vw, 800px\" \/><\/figure>\n<\/div>\n<\/div>\n\n\n\n<p>Dot\u00e9 d'un capuchon transparent, il prot\u00e8ge efficacement l'interface USB de l'\u00e9rosion par la poussi\u00e8re. Le contraste visuel entre le m\u00e9tal et la transparence renforce encore le sens de la mode du produit.<\/p>\n\n\n\n<p>Le contour cylindrique arrondi s'adapte parfaitement \u00e0 la paume de la main, \u00e9liminant ainsi le risque d'\u00e9gratignure des objets par des ar\u00eates tranchantes et \u00e9quilibrant le confort de la prise en main avec la praticit\u00e9.<\/p>\n\n\n\n<p>Dot\u00e9e d'un anneau m\u00e9tallique int\u00e9gr\u00e9, elle peut \u00eatre directement attach\u00e9e aux porte-cl\u00e9s, aux sacs \u00e0 dos, aux portefeuilles et \u00e0 d'autres effets personnels, ce qui permet un \"transport sans contrainte\" et r\u00e9sout compl\u00e8tement le probl\u00e8me courant des cl\u00e9s USB traditionnelles qui se perdent facilement.<\/p>\n\n\n\n<div class=\"wp-block-columns is-layout-flex wp-container-core-columns-is-layout-28f84493 wp-block-columns-is-layout-flex\">\n<div class=\"wp-block-column is-layout-flow wp-block-column-is-layout-flow\">\n<figure class=\"wp-block-image size-full\"><img alt=\"\" decoding=\"async\" width=\"800\" height=\"800\" src=\"https:\/\/www.usborkeychain.com\/wp-content\/uploads\/all-metal-usb-flash-drive.jpg\" class=\"wp-image-6888\" srcset=\"https:\/\/www.usborkeychain.com\/wp-content\/uploads\/all-metal-usb-flash-drive.jpg 800w, https:\/\/www.usborkeychain.com\/wp-content\/uploads\/all-metal-usb-flash-drive-300x300.jpg 300w, https:\/\/www.usborkeychain.com\/wp-content\/uploads\/all-metal-usb-flash-drive-150x150.jpg 150w, https:\/\/www.usborkeychain.com\/wp-content\/uploads\/all-metal-usb-flash-drive-768x768.jpg 768w, https:\/\/www.usborkeychain.com\/wp-content\/uploads\/all-metal-usb-flash-drive-12x12.jpg 12w, https:\/\/www.usborkeychain.com\/wp-content\/uploads\/all-metal-usb-flash-drive-600x600.jpg 600w, https:\/\/www.usborkeychain.com\/wp-content\/uploads\/all-metal-usb-flash-drive-100x100.jpg 100w\" sizes=\"(max-width: 800px) 100vw, 800px\" \/><\/figure>\n<\/div>\n\n\n\n<div class=\"wp-block-column is-layout-flow wp-block-column-is-layout-flow\">\n<figure class=\"wp-block-image size-full\"><img alt=\"\" loading=\"lazy\" decoding=\"async\" width=\"800\" height=\"800\" src=\"https:\/\/www.usborkeychain.com\/wp-content\/uploads\/best-metal-usb-flash-drive-1.jpg\" class=\"wp-image-6889\" srcset=\"https:\/\/www.usborkeychain.com\/wp-content\/uploads\/best-metal-usb-flash-drive-1.jpg 800w, https:\/\/www.usborkeychain.com\/wp-content\/uploads\/best-metal-usb-flash-drive-1-300x300.jpg 300w, https:\/\/www.usborkeychain.com\/wp-content\/uploads\/best-metal-usb-flash-drive-1-150x150.jpg 150w, https:\/\/www.usborkeychain.com\/wp-content\/uploads\/best-metal-usb-flash-drive-1-768x768.jpg 768w, https:\/\/www.usborkeychain.com\/wp-content\/uploads\/best-metal-usb-flash-drive-1-12x12.jpg 12w, https:\/\/www.usborkeychain.com\/wp-content\/uploads\/best-metal-usb-flash-drive-1-600x600.jpg 600w, https:\/\/www.usborkeychain.com\/wp-content\/uploads\/best-metal-usb-flash-drive-1-100x100.jpg 100w\" sizes=\"(max-width: 800px) 100vw, 800px\" \/><\/figure>\n<\/div>\n<\/div>\n\n\n\n<h2 class=\"wp-block-heading\">D\u00e9tails du produit<\/h2>\n\n\n\n<p>Il prend en charge plusieurs options de capacit\u00e9 : <strong>8GB\/16GB\/32GB\/64GB\/128GB<\/strong>Il r\u00e9pond aux diff\u00e9rents besoins de stockage de documents, d'images, de vid\u00e9os, etc. Il adopte une <strong>USB 2.0<\/strong> (compatible avec les appareils courants et garantissant une transmission stable), ce qui permet de r\u00e9pondre aux exigences d'efficacit\u00e9 de l'\u00e9change quotidien de donn\u00e9es.<\/p>\n\n\n\n<p>Le lecteur a une taille compacte de seulement<strong> 55mm\u00d722mm\u00d78.5mm<\/strong> et <strong>p\u00e8se environ 30g<\/strong>La cl\u00e9 USB est tr\u00e8s facile \u00e0 transporter et occupe un minimum d'espace lorsqu'elle est ferm\u00e9e. Gr\u00e2ce \u00e0 l'anneau m\u00e9tallique int\u00e9gr\u00e9, elle peut \u00eatre directement fix\u00e9e sur un porte-cl\u00e9s, un sac \u00e0 dos, un portefeuille ou d'autres objets personnels, ce qui permet un \"transport sans contrainte\" et r\u00e9sout compl\u00e8tement le probl\u00e8me de la perte des cl\u00e9s USB traditionnelles.<\/p>\n\n\n\n<div class=\"wp-block-columns is-layout-flex wp-container-core-columns-is-layout-28f84493 wp-block-columns-is-layout-flex\">\n<div class=\"wp-block-column is-layout-flow wp-block-column-is-layout-flow\">\n<figure class=\"wp-block-image size-full\"><img alt=\"\" loading=\"lazy\" decoding=\"async\" width=\"800\" height=\"800\" src=\"https:\/\/www.usborkeychain.com\/wp-content\/uploads\/metal-usb-flash-drive-customized.jpg\" class=\"wp-image-6897\" srcset=\"https:\/\/www.usborkeychain.com\/wp-content\/uploads\/metal-usb-flash-drive-customized.jpg 800w, https:\/\/www.usborkeychain.com\/wp-content\/uploads\/metal-usb-flash-drive-customized-300x300.jpg 300w, https:\/\/www.usborkeychain.com\/wp-content\/uploads\/metal-usb-flash-drive-customized-150x150.jpg 150w, https:\/\/www.usborkeychain.com\/wp-content\/uploads\/metal-usb-flash-drive-customized-768x768.jpg 768w, https:\/\/www.usborkeychain.com\/wp-content\/uploads\/metal-usb-flash-drive-customized-12x12.jpg 12w, https:\/\/www.usborkeychain.com\/wp-content\/uploads\/metal-usb-flash-drive-customized-600x600.jpg 600w, https:\/\/www.usborkeychain.com\/wp-content\/uploads\/metal-usb-flash-drive-customized-100x100.jpg 100w\" sizes=\"(max-width: 800px) 100vw, 800px\" \/><\/figure>\n<\/div>\n\n\n\n<div class=\"wp-block-column is-layout-flow wp-block-column-is-layout-flow\">\n<figure class=\"wp-block-image size-full\"><img alt=\"\" loading=\"lazy\" decoding=\"async\" width=\"800\" height=\"800\" src=\"https:\/\/www.usborkeychain.com\/wp-content\/uploads\/metal-usb-flash-drive-manufacturer.png\" class=\"wp-image-6898\" srcset=\"https:\/\/www.usborkeychain.com\/wp-content\/uploads\/metal-usb-flash-drive-manufacturer.png 800w, https:\/\/www.usborkeychain.com\/wp-content\/uploads\/metal-usb-flash-drive-manufacturer-300x300.png 300w, https:\/\/www.usborkeychain.com\/wp-content\/uploads\/metal-usb-flash-drive-manufacturer-150x150.png 150w, https:\/\/www.usborkeychain.com\/wp-content\/uploads\/metal-usb-flash-drive-manufacturer-768x768.png 768w, https:\/\/www.usborkeychain.com\/wp-content\/uploads\/metal-usb-flash-drive-manufacturer-12x12.png 12w, https:\/\/www.usborkeychain.com\/wp-content\/uploads\/metal-usb-flash-drive-manufacturer-600x600.png 600w, https:\/\/www.usborkeychain.com\/wp-content\/uploads\/metal-usb-flash-drive-manufacturer-100x100.png 100w\" sizes=\"(max-width: 800px) 100vw, 800px\" \/><\/figure>\n<\/div>\n<\/div>\n\n\n\n<h2 class=\"wp-block-heading\">LOGO personnalis\u00e9<\/h2>\n\n\n\n<p>Une zone de personnalisation est r\u00e9serv\u00e9e sur le c\u00f4t\u00e9 de la cl\u00e9 USB, permettant une personnalisation approfondie gr\u00e2ce \u00e0 deux processus :<\/p>\n\n\n\n<ul class=\"wp-block-list\">\n<li>Gravure au laser : La gravure au laser \u00e0 haute \u00e9nergie permet de cr\u00e9er des LOGO aux lignes fines et \u00e0 la profondeur uniforme. Elle convient aux motifs monochromes et simples, tels que les logos de marque et les lettres, et offre un effet r\u00e9sistant \u00e0 l'usure et \u00e0 la d\u00e9coloration.<\/li>\n\n\n\n<li>S\u00e9rigraphie : Ce proc\u00e9d\u00e9 permet la superposition de plusieurs couleurs par s\u00e9rigraphie, ce qui permet d'obtenir des motifs complexes et des effets de d\u00e9grad\u00e9, offrant ainsi davantage de possibilit\u00e9s pour des conceptions cr\u00e9atives et des motifs personnalis\u00e9s.<\/li>\n<\/ul>\n\n\n\n<div class=\"wp-block-columns is-layout-flex wp-container-core-columns-is-layout-28f84493 wp-block-columns-is-layout-flex\">\n<div class=\"wp-block-column is-layout-flow wp-block-column-is-layout-flow\">\n<figure class=\"wp-block-image size-full\"><img alt=\"\" loading=\"lazy\" decoding=\"async\" width=\"800\" height=\"800\" src=\"https:\/\/www.usborkeychain.com\/wp-content\/uploads\/china-metal-usb-flash-drive.png\" class=\"wp-image-6892\" srcset=\"https:\/\/www.usborkeychain.com\/wp-content\/uploads\/china-metal-usb-flash-drive.png 800w, https:\/\/www.usborkeychain.com\/wp-content\/uploads\/china-metal-usb-flash-drive-300x300.png 300w, https:\/\/www.usborkeychain.com\/wp-content\/uploads\/china-metal-usb-flash-drive-150x150.png 150w, https:\/\/www.usborkeychain.com\/wp-content\/uploads\/china-metal-usb-flash-drive-768x768.png 768w, https:\/\/www.usborkeychain.com\/wp-content\/uploads\/china-metal-usb-flash-drive-12x12.png 12w, https:\/\/www.usborkeychain.com\/wp-content\/uploads\/china-metal-usb-flash-drive-600x600.png 600w, https:\/\/www.usborkeychain.com\/wp-content\/uploads\/china-metal-usb-flash-drive-100x100.png 100w\" sizes=\"(max-width: 800px) 100vw, 800px\" \/><\/figure>\n<\/div>\n\n\n\n<div class=\"wp-block-column is-layout-flow wp-block-column-is-layout-flow\">\n<figure class=\"wp-block-image size-full\"><img alt=\"\" loading=\"lazy\" decoding=\"async\" width=\"800\" height=\"751\" src=\"https:\/\/www.usborkeychain.com\/wp-content\/uploads\/colorful-metal-usb-flash-drive.jpg\" class=\"wp-image-6893\" srcset=\"https:\/\/www.usborkeychain.com\/wp-content\/uploads\/colorful-metal-usb-flash-drive.jpg 800w, https:\/\/www.usborkeychain.com\/wp-content\/uploads\/colorful-metal-usb-flash-drive-300x282.jpg 300w, https:\/\/www.usborkeychain.com\/wp-content\/uploads\/colorful-metal-usb-flash-drive-768x721.jpg 768w, https:\/\/www.usborkeychain.com\/wp-content\/uploads\/colorful-metal-usb-flash-drive-13x12.jpg 13w, https:\/\/www.usborkeychain.com\/wp-content\/uploads\/colorful-metal-usb-flash-drive-600x563.jpg 600w\" sizes=\"(max-width: 800px) 100vw, 800px\" \/><\/figure>\n<\/div>\n<\/div>\n\n\n\n<h2 class=\"wp-block-heading\">Adaptation multi-sc\u00e9narios<\/h2>\n\n\n\n<ul class=\"wp-block-list\">\n<li>Sc\u00e9narios d'affaires : Dans les forums m\u00e9dicaux et les sommets professionnels, les cl\u00e9s USB avec LOGO personnalis\u00e9 servent de cadeaux pour v\u00e9hiculer une image de marque professionnelle.<\/li>\n\n\n\n<li>Sc\u00e9narios quotidiens : Il garantit la stabilit\u00e9 de la lecture et de l'\u00e9criture des donn\u00e9es lors de la photographie en plein air et du camping.<\/li>\n\n\n\n<li>Sc\u00e9narios de marketing : Les cl\u00e9s USB personnalis\u00e9es pour les expositions et les activit\u00e9s sur le campus am\u00e9liorent l'efficacit\u00e9 de la communication gr\u00e2ce \u00e0 leur aspect pratique et \u00e0 l'exposition accrue de la marque.<\/li>\n<\/ul>\n\n\n\n<div class=\"wp-block-columns is-layout-flex wp-container-core-columns-is-layout-28f84493 wp-block-columns-is-layout-flex\">\n<div class=\"wp-block-column is-layout-flow wp-block-column-is-layout-flow\">\n<figure class=\"wp-block-image size-full\"><img alt=\"\" loading=\"lazy\" decoding=\"async\" width=\"800\" height=\"800\" src=\"https:\/\/www.usborkeychain.com\/wp-content\/uploads\/metal-usb-flash-drives.jpg\" class=\"wp-image-6901\" srcset=\"https:\/\/www.usborkeychain.com\/wp-content\/uploads\/metal-usb-flash-drives.jpg 800w, https:\/\/www.usborkeychain.com\/wp-content\/uploads\/metal-usb-flash-drives-300x300.jpg 300w, https:\/\/www.usborkeychain.com\/wp-content\/uploads\/metal-usb-flash-drives-150x150.jpg 150w, https:\/\/www.usborkeychain.com\/wp-content\/uploads\/metal-usb-flash-drives-768x768.jpg 768w, https:\/\/www.usborkeychain.com\/wp-content\/uploads\/metal-usb-flash-drives-12x12.jpg 12w, https:\/\/www.usborkeychain.com\/wp-content\/uploads\/metal-usb-flash-drives-600x600.jpg 600w, https:\/\/www.usborkeychain.com\/wp-content\/uploads\/metal-usb-flash-drives-100x100.jpg 100w\" sizes=\"(max-width: 800px) 100vw, 800px\" \/><\/figure>\n<\/div>\n\n\n\n<div class=\"wp-block-column is-layout-flow wp-block-column-is-layout-flow\">\n<figure class=\"wp-block-image size-full\"><img alt=\"\" loading=\"lazy\" decoding=\"async\" width=\"800\" height=\"800\" src=\"https:\/\/www.usborkeychain.com\/wp-content\/uploads\/custom-metal-flash-drive-usb.png\" class=\"wp-image-6894\" srcset=\"https:\/\/www.usborkeychain.com\/wp-content\/uploads\/custom-metal-flash-drive-usb.png 800w, https:\/\/www.usborkeychain.com\/wp-content\/uploads\/custom-metal-flash-drive-usb-300x300.png 300w, https:\/\/www.usborkeychain.com\/wp-content\/uploads\/custom-metal-flash-drive-usb-150x150.png 150w, https:\/\/www.usborkeychain.com\/wp-content\/uploads\/custom-metal-flash-drive-usb-768x768.png 768w, https:\/\/www.usborkeychain.com\/wp-content\/uploads\/custom-metal-flash-drive-usb-12x12.png 12w, https:\/\/www.usborkeychain.com\/wp-content\/uploads\/custom-metal-flash-drive-usb-600x600.png 600w, https:\/\/www.usborkeychain.com\/wp-content\/uploads\/custom-metal-flash-drive-usb-100x100.png 100w\" sizes=\"(max-width: 800px) 100vw, 800px\" \/><\/figure>\n<\/div>\n<\/div>\n\n\n\n<p><strong>Cl\u00e9s USB personnalis\u00e9es aux couleurs du m\u00e9tal<\/strong> red\u00e9finissent la valeur des cl\u00e9s USB. Elles ne sont pas seulement des outils de stockage de donn\u00e9es, mais aussi des connecteurs de marque bas\u00e9s sur des sc\u00e9narios et des accessoires de style de vie personnalis\u00e9s. Pour les achats en gros ou les plans de personnalisation, n'h\u00e9sitez pas \u00e0 nous contacter pour coop\u00e9rer et d\u00e9bloquer davantage de possibilit\u00e9s d'application.<\/p>\n\n\n\n<div class=\"wp-block-columns is-layout-flex wp-container-core-columns-is-layout-28f84493 wp-block-columns-is-layout-flex\">\n<div class=\"wp-block-column is-layout-flow wp-block-column-is-layout-flow\">\n<figure class=\"wp-block-image size-full\"><img alt=\"\" loading=\"lazy\" decoding=\"async\" width=\"800\" height=\"800\" src=\"https:\/\/www.usborkeychain.com\/wp-content\/uploads\/custom-metal-usb-flash-drives.jpg\" class=\"wp-image-6896\" srcset=\"https:\/\/www.usborkeychain.com\/wp-content\/uploads\/custom-metal-usb-flash-drives.jpg 800w, https:\/\/www.usborkeychain.com\/wp-content\/uploads\/custom-metal-usb-flash-drives-300x300.jpg 300w, https:\/\/www.usborkeychain.com\/wp-content\/uploads\/custom-metal-usb-flash-drives-150x150.jpg 150w, https:\/\/www.usborkeychain.com\/wp-content\/uploads\/custom-metal-usb-flash-drives-768x768.jpg 768w, https:\/\/www.usborkeychain.com\/wp-content\/uploads\/custom-metal-usb-flash-drives-12x12.jpg 12w, https:\/\/www.usborkeychain.com\/wp-content\/uploads\/custom-metal-usb-flash-drives-600x600.jpg 600w, https:\/\/www.usborkeychain.com\/wp-content\/uploads\/custom-metal-usb-flash-drives-100x100.jpg 100w\" sizes=\"(max-width: 800px) 100vw, 800px\" \/><\/figure>\n<\/div>\n\n\n\n<div class=\"wp-block-column is-layout-flow wp-block-column-is-layout-flow\">\n<figure class=\"wp-block-image size-full\"><img alt=\"\" loading=\"lazy\" decoding=\"async\" width=\"800\" height=\"800\" src=\"https:\/\/www.usborkeychain.com\/wp-content\/uploads\/bulk-metal-usb-flash-drive.jpg\" class=\"wp-image-6890\" srcset=\"https:\/\/www.usborkeychain.com\/wp-content\/uploads\/bulk-metal-usb-flash-drive.jpg 800w, https:\/\/www.usborkeychain.com\/wp-content\/uploads\/bulk-metal-usb-flash-drive-300x300.jpg 300w, https:\/\/www.usborkeychain.com\/wp-content\/uploads\/bulk-metal-usb-flash-drive-150x150.jpg 150w, https:\/\/www.usborkeychain.com\/wp-content\/uploads\/bulk-metal-usb-flash-drive-768x768.jpg 768w, https:\/\/www.usborkeychain.com\/wp-content\/uploads\/bulk-metal-usb-flash-drive-12x12.jpg 12w, https:\/\/www.usborkeychain.com\/wp-content\/uploads\/bulk-metal-usb-flash-drive-600x600.jpg 600w, https:\/\/www.usborkeychain.com\/wp-content\/uploads\/bulk-metal-usb-flash-drive-100x100.jpg 100w\" sizes=\"(max-width: 800px) 100vw, 800px\" \/><\/figure>\n<\/div>\n<\/div>","protected":false},"excerpt":{"rendered":"<ul>\n<li>USB 2.0\/3.0<\/li>\n<li>Lecture et \u00e9criture \u00e0 grande vitesse<\/li>\n<li>Pr\u00eat \u00e0 l'emploi<\/li>\n<li>LOGO et personnalisation des couleurs<\/li>\n<li>\u00a0MOQ:100pcs<\/li>\n<\/ul>","protected":false},"featured_media":6902,"comment_status":"open","ping_status":"closed","template":"","meta":{"_seopress_robots_primary_cat":"","_seopress_titles_title":"","_seopress_titles_desc":"","_seopress_robots_index":"","site-sidebar-layout":"default","site-content-layout":"","ast-site-content-layout":"","site-content-style":"default","site-sidebar-style":"default","ast-global-header-display":"","ast-banner-title-visibility":"","ast-main-header-display":"","ast-hfb-above-header-display":"","ast-hfb-below-header-display":"","ast-hfb-mobile-header-display":"","site-post-title":"","ast-breadcrumbs-content":"","ast-featured-img":"","footer-sml-layout":"","theme-transparent-header-meta":"","adv-header-id-meta":"","stick-header-meta":"","header-above-stick-meta":"","header-main-stick-meta":"","header-below-stick-meta":"","astra-migrate-meta-layouts":"default","ast-page-background-enabled":"default","ast-page-background-meta":{"desktop":{"background-color":"var(--ast-global-color-5)","background-image":"","background-repeat":"repeat","background-position":"center center","background-size":"auto","background-attachment":"scroll","background-type":"","background-media":"","overlay-type":"","overlay-color":"","overlay-opacity":"","overlay-gradient":""},"tablet":{"background-color":"","background-image":"","background-repeat":"repeat","background-position":"center center","background-size":"auto","background-attachment":"scroll","background-type":"","background-media":"","overlay-type":"","overlay-color":"","overlay-opacity":"","overlay-gradient":""},"mobile":{"background-color":"","background-image":"","background-repeat":"repeat","background-position":"center center","background-size":"auto","background-attachment":"scroll","background-type":"","background-media":"","overlay-type":"","overlay-color":"","overlay-opacity":"","overlay-gradient":""}},"ast-content-background-meta":{"desktop":{"background-color":"var(--ast-global-color-4)","background-image":"","background-repeat":"repeat","background-position":"center center","background-size":"auto","background-attachment":"scroll","background-type":"","background-media":"","overlay-type":"","overlay-color":"","overlay-opacity":"","overlay-gradient":""},"tablet":{"background-color":"var(--ast-global-color-4)","background-image":"","background-repeat":"repeat","background-position":"center center","background-size":"auto","background-attachment":"scroll","background-type":"","background-media":"","overlay-type":"","overlay-color":"","overlay-opacity":"","overlay-gradient":""},"mobile":{"background-color":"var(--ast-global-color-4)","background-image":"","background-repeat":"repeat","background-position":"center center","background-size":"auto","background-attachment":"scroll","background-type":"","background-media":"","overlay-type":"","overlay-color":"","overlay-opacity":"","overlay-gradient":""}}},"product_brand":[],"product_cat":[89,103],"product_tag":[398],"class_list":{"0":"post-6885","1":"product","2":"type-product","3":"status-publish","4":"has-post-thumbnail","6":"product_cat-metal-usb-pendrive","7":"product_cat-usb2-0-usb-pendrive","8":"product_tag-aluminum-usb-drive","9":"desktop-align-left","10":"tablet-align-left","11":"mobile-align-left","13":"first","14":"instock","15":"shipping-taxable","16":"product-type-simple"},"_links":{"self":[{"href":"https:\/\/www.usborkeychain.com\/fr\/wp-json\/wp\/v2\/product\/6885","targetHints":{"allow":["GET"]}}],"collection":[{"href":"https:\/\/www.usborkeychain.com\/fr\/wp-json\/wp\/v2\/product"}],"about":[{"href":"https:\/\/www.usborkeychain.com\/fr\/wp-json\/wp\/v2\/types\/product"}],"replies":[{"embeddable":true,"href":"https:\/\/www.usborkeychain.com\/fr\/wp-json\/wp\/v2\/comments?post=6885"}],"wp:featuredmedia":[{"embeddable":true,"href":"https:\/\/www.usborkeychain.com\/fr\/wp-json\/wp\/v2\/media\/6902"}],"wp:attachment":[{"href":"https:\/\/www.usborkeychain.com\/fr\/wp-json\/wp\/v2\/media?parent=6885"}],"wp:term":[{"taxonomy":"product_brand","embeddable":true,"href":"https:\/\/www.usborkeychain.com\/fr\/wp-json\/wp\/v2\/product_brand?post=6885"},{"taxonomy":"product_cat","embeddable":true,"href":"https:\/\/www.usborkeychain.com\/fr\/wp-json\/wp\/v2\/product_cat?post=6885"},{"taxonomy":"product_tag","embeddable":true,"href":"https:\/\/www.usborkeychain.com\/fr\/wp-json\/wp\/v2\/product_tag?post=6885"}],"curies":[{"name":"wp","href":"https:\/\/api.w.org\/{rel}","templated":true}]}}