{"id":6903,"date":"2025-08-14T12:04:34","date_gmt":"2025-08-14T12:04:34","guid":{"rendered":"https:\/\/www.usborkeychain.com\/?post_type=product&#038;p=6903"},"modified":"2025-08-16T03:05:38","modified_gmt":"2025-08-16T03:05:38","slug":"clip-usb-flash-drive","status":"publish","type":"product","link":"https:\/\/www.usborkeychain.com\/fr\/produit\/clip-usb-flash-drive\/","title":{"rendered":"Cl\u00e9 USB Clip"},"content":{"rendered":"<div class=\"wp-block-columns is-layout-flex wp-container-core-columns-is-layout-28f84493 wp-block-columns-is-layout-flex\">\n<div class=\"wp-block-column is-vertically-aligned-center is-layout-flow wp-block-column-is-layout-flow\">\n<p>La cl\u00e9 USB Clip est dot\u00e9e d'un bo\u00eetier en alliage d'aluminium ou d'acier inoxydable, alliant l\u00e9g\u00e8ret\u00e9 et robustesse. Sa conception \u00e0 clip lui permet de s'attacher facilement aux dossiers, aux bords des ordinateurs portables, aux badges d'identification ou m\u00eame aux poches, ce qui la rend facilement accessible \u00e0 tout moment et r\u00e9sout compl\u00e8tement le probl\u00e8me commun des cl\u00e9s USB traditionnelles qui sont sujettes \u00e0 la perte.<\/p>\n\n\n\n<p>Lorsque le clip est ferm\u00e9, le port USB est enti\u00e8rement prot\u00e9g\u00e9, ce qui \u00e9vite les dommages dus \u00e0 la poussi\u00e8re et aux rayures et prolonge la dur\u00e9e de vie de la cl\u00e9.<\/p>\n\n\n\n<p>Avec ses lignes m\u00e9talliques \u00e9l\u00e9gantes et ses finitions mates ou brillantes (argent mat, rouge brillant et bleu \u00e9lectrophor\u00e9tique), il convient \u00e0 divers sc\u00e9narios, notamment aux entreprises, aux bureaux et aux cadeaux.<\/p>\n\n\n\n<p>Les surfaces planes \u00e0 l'avant et sur les c\u00f4t\u00e9s du clip permettent l'impression personnalis\u00e9e de logos, de slogans et de motifs.<\/p>\n<\/div>\n\n\n\n<div class=\"wp-block-column is-vertically-aligned-center is-layout-flow wp-block-column-is-layout-flow\">\n<figure class=\"wp-block-image size-full\"><img alt=\"\" fetchpriority=\"high\" decoding=\"async\" width=\"800\" height=\"800\" src=\"https:\/\/www.usborkeychain.com\/wp-content\/uploads\/Clip-USB-Flash-Drive-Book-Clip-U-Disk.png\" class=\"wp-image-6907\" srcset=\"https:\/\/www.usborkeychain.com\/wp-content\/uploads\/Clip-USB-Flash-Drive-Book-Clip-U-Disk.png 800w, https:\/\/www.usborkeychain.com\/wp-content\/uploads\/Clip-USB-Flash-Drive-Book-Clip-U-Disk-300x300.png 300w, https:\/\/www.usborkeychain.com\/wp-content\/uploads\/Clip-USB-Flash-Drive-Book-Clip-U-Disk-150x150.png 150w, https:\/\/www.usborkeychain.com\/wp-content\/uploads\/Clip-USB-Flash-Drive-Book-Clip-U-Disk-768x768.png 768w, https:\/\/www.usborkeychain.com\/wp-content\/uploads\/Clip-USB-Flash-Drive-Book-Clip-U-Disk-12x12.png 12w, https:\/\/www.usborkeychain.com\/wp-content\/uploads\/Clip-USB-Flash-Drive-Book-Clip-U-Disk-600x600.png 600w, https:\/\/www.usborkeychain.com\/wp-content\/uploads\/Clip-USB-Flash-Drive-Book-Clip-U-Disk-100x100.png 100w\" sizes=\"(max-width: 800px) 100vw, 800px\" \/><\/figure>\n<\/div>\n<\/div>\n\n\n\n<h2 class=\"wp-block-heading\">Param\u00e8tres de base de la cl\u00e9 USB<\/h2>\n\n\n\n<figure class=\"wp-block-table\"><table class=\"has-fixed-layout\"><thead><tr><th>Param\u00e8tre Poste<\/th><th>Sp\u00e9cifications d\u00e9taill\u00e9es<\/th><\/tr><\/thead><tbody><tr><td>Options de capacit\u00e9<\/td><td>8GB, 16GB, 32GB, 64GB, 128GB<\/td><\/tr><tr><td>Dimensions physiques<\/td><td>45 mm (longueur) \u00d7 12 mm (largeur) \u00d7 4 mm (\u00e9paisseur)<\/td><\/tr><tr><td>Poids<\/td><td>Environ 8 g<\/td><\/tr><tr><td>Type d'interface<\/td><td>USB 2.0 \/ USB 3.0<\/td><\/tr><tr><td>Indice d'imperm\u00e9abilit\u00e9<\/td><td>IPX4 (r\u00e9sistant aux \u00e9claboussures, non immergeable)<\/td><\/tr><tr><td>Compatibilit\u00e9 des syst\u00e8mes<\/td><td>Windows, Mac OS, Linux, Android (n\u00e9cessite la fonction OTG)<\/td><\/tr><\/tbody><\/table><\/figure>\n\n\n\n<h2 class=\"wp-block-heading\">Processus de personnalisation du LOGO<\/h2>\n\n\n\n<div class=\"wp-block-columns is-layout-flex wp-container-core-columns-is-layout-28f84493 wp-block-columns-is-layout-flex\">\n<div class=\"wp-block-column is-layout-flow wp-block-column-is-layout-flow\">\n<figure class=\"wp-block-image size-full\"><img alt=\"\" decoding=\"async\" width=\"800\" height=\"800\" src=\"https:\/\/www.usborkeychain.com\/wp-content\/uploads\/metal-clip-usb-flash-drive.jpg\" class=\"wp-image-6909\" srcset=\"https:\/\/www.usborkeychain.com\/wp-content\/uploads\/metal-clip-usb-flash-drive.jpg 800w, https:\/\/www.usborkeychain.com\/wp-content\/uploads\/metal-clip-usb-flash-drive-300x300.jpg 300w, https:\/\/www.usborkeychain.com\/wp-content\/uploads\/metal-clip-usb-flash-drive-150x150.jpg 150w, https:\/\/www.usborkeychain.com\/wp-content\/uploads\/metal-clip-usb-flash-drive-768x768.jpg 768w, https:\/\/www.usborkeychain.com\/wp-content\/uploads\/metal-clip-usb-flash-drive-12x12.jpg 12w, https:\/\/www.usborkeychain.com\/wp-content\/uploads\/metal-clip-usb-flash-drive-600x600.jpg 600w, https:\/\/www.usborkeychain.com\/wp-content\/uploads\/metal-clip-usb-flash-drive-100x100.jpg 100w\" sizes=\"(max-width: 800px) 100vw, 800px\" \/><\/figure>\n\n\n\n<h4 class=\"wp-block-heading\">Gravure au laser<\/h4>\n\n\n\n<ul class=\"wp-block-list\">\n<li>Utilise un laser \u00e0 haute \u00e9nergie pour graver la surface du m\u00e9tal, cr\u00e9ant ainsi une marque permanente.<\/li>\n\n\n\n<li>Extr\u00eamement r\u00e9sistant \u00e0 l'usure, il est id\u00e9al pour les logos ou les textes simples et met en valeur une texture haut de gamme.<\/li>\n\n\n\n<li>Limitation : Ne prend en charge que les dessins unicolores (couleur d'origine m\u00e9tallique ou effet de gravure sombre).<\/li>\n<\/ul>\n<\/div>\n\n\n\n<div class=\"wp-block-column is-layout-flow wp-block-column-is-layout-flow\">\n<figure class=\"wp-block-image size-full\"><img alt=\"\" decoding=\"async\" width=\"800\" height=\"800\" src=\"https:\/\/www.usborkeychain.com\/wp-content\/uploads\/metal-usb-drives.jpg\" class=\"wp-image-6910\" srcset=\"https:\/\/www.usborkeychain.com\/wp-content\/uploads\/metal-usb-drives.jpg 800w, https:\/\/www.usborkeychain.com\/wp-content\/uploads\/metal-usb-drives-300x300.jpg 300w, https:\/\/www.usborkeychain.com\/wp-content\/uploads\/metal-usb-drives-150x150.jpg 150w, https:\/\/www.usborkeychain.com\/wp-content\/uploads\/metal-usb-drives-768x768.jpg 768w, https:\/\/www.usborkeychain.com\/wp-content\/uploads\/metal-usb-drives-12x12.jpg 12w, https:\/\/www.usborkeychain.com\/wp-content\/uploads\/metal-usb-drives-600x600.jpg 600w, https:\/\/www.usborkeychain.com\/wp-content\/uploads\/metal-usb-drives-100x100.jpg 100w\" sizes=\"(max-width: 800px) 100vw, 800px\" \/><\/figure>\n\n\n\n<h4 class=\"wp-block-heading\">S\u00e9rigraphie<\/h4>\n\n\n\n<ul class=\"wp-block-list\">\n<li>Transf\u00e8re l'encre sur la surface du m\u00e9tal \u00e0 travers un tamis et la durcit pour lui donner sa forme.<\/li>\n\n\n\n<li>Prend en charge les conceptions color\u00e9es (jusqu'\u00e0 des d\u00e9grad\u00e9s de 4 couleurs) avec de faibles co\u00fbts de production en masse, convenant \u00e0 des motifs complexes ou \u00e0 des logos de marque \u00e9clatants.<\/li>\n\n\n\n<li>L\u00e9g\u00e8rement moins pr\u00e9cise que la gravure au laser ; l'encre peut s'user en cas de frottement prolong\u00e9.<\/li>\n<\/ul>\n<\/div>\n\n\n\n<div class=\"wp-block-column is-layout-flow wp-block-column-is-layout-flow\">\n<figure class=\"wp-block-image size-full\"><img alt=\"\" loading=\"lazy\" decoding=\"async\" width=\"800\" height=\"800\" src=\"https:\/\/www.usborkeychain.com\/wp-content\/uploads\/metal-usb-flash-drive-1.jpg\" class=\"wp-image-6911\" srcset=\"https:\/\/www.usborkeychain.com\/wp-content\/uploads\/metal-usb-flash-drive-1.jpg 800w, https:\/\/www.usborkeychain.com\/wp-content\/uploads\/metal-usb-flash-drive-1-300x300.jpg 300w, https:\/\/www.usborkeychain.com\/wp-content\/uploads\/metal-usb-flash-drive-1-150x150.jpg 150w, https:\/\/www.usborkeychain.com\/wp-content\/uploads\/metal-usb-flash-drive-1-768x768.jpg 768w, https:\/\/www.usborkeychain.com\/wp-content\/uploads\/metal-usb-flash-drive-1-12x12.jpg 12w, https:\/\/www.usborkeychain.com\/wp-content\/uploads\/metal-usb-flash-drive-1-600x600.jpg 600w, https:\/\/www.usborkeychain.com\/wp-content\/uploads\/metal-usb-flash-drive-1-100x100.jpg 100w\" sizes=\"(max-width: 800px) 100vw, 800px\" \/><\/figure>\n\n\n\n<h4 class=\"wp-block-heading\">Impression UV<\/h4>\n\n\n\n<ul class=\"wp-block-list\">\n<li>Vaporise directement l'encre UV et la durcit \u00e0 l'aide de la lumi\u00e8re ultraviolette, ce qui permet d'obtenir des motifs en couleur de haute d\u00e9finition.<\/li>\n\n\n\n<li>Prend en charge les d\u00e9tails de niveau photo et les couleurs d\u00e9grad\u00e9es, ce qui est parfait pour les conceptions artistiques.<\/li>\n\n\n\n<li>R\u00e9sistance \u00e0 l'usure inf\u00e9rieure \u00e0 celle de la gravure au laser ou de la s\u00e9rigraphie ; recommand\u00e9e pour les zones \u00e0 faible fr\u00e9quence de frottement.<\/li>\n<\/ul>\n<\/div>\n<\/div>\n\n\n\n<h2 class=\"wp-block-heading\">Principaux avantages de la cl\u00e9 USB Clip<\/h2>\n\n\n\n<div class=\"wp-block-columns is-layout-flex wp-container-core-columns-is-layout-28f84493 wp-block-columns-is-layout-flex\">\n<div class=\"wp-block-column is-layout-flow wp-block-column-is-layout-flow\">\n<h3 class=\"wp-block-heading\">S\u00e9curit\u00e9<\/h3>\n\n\n\n<ul class=\"wp-block-list\">\n<li>Protection du mat\u00e9riel : Le bo\u00eetier m\u00e9tallique amortit les chocs, r\u00e9duisant ainsi les dommages caus\u00e9s \u00e0 la puce par les chutes et la \u6324\u538b (compression).<\/li>\n\n\n\n<li>S\u00e9curit\u00e9 des donn\u00e9es : Prend en charge les logiciels de cryptage, combin\u00e9s \u00e0 la protection de l'interface USB contre la permutation \u00e0 chaud, ce qui minimise le risque de perte de donn\u00e9es.<\/li>\n<\/ul>\n\n\n\n<h3 class=\"wp-block-heading\">R\u00e9sistance \u00e0 l'eau<\/h3>\n\n\n\n<ul class=\"wp-block-list\">\n<li>Conception \u00e9tanche IPX4 (lorsque le port est ferm\u00e9), r\u00e9sistant au contact accidentel avec les \u00e9claboussures, la pluie, etc.<\/li>\n\n\n\n<li>Note : Ne pas exposer le port \u00e0 des liquides lorsqu'il est d\u00e9couvert afin d'\u00e9viter les courts-circuits.<\/li>\n<\/ul>\n<\/div>\n\n\n\n<div class=\"wp-block-column is-vertically-aligned-center is-layout-flow wp-block-column-is-layout-flow\">\n<figure class=\"wp-block-image size-full\"><img alt=\"\" loading=\"lazy\" decoding=\"async\" width=\"800\" height=\"800\" src=\"https:\/\/www.usborkeychain.com\/wp-content\/uploads\/Clip-USB-Drive.jpg\" class=\"wp-image-6906\" srcset=\"https:\/\/www.usborkeychain.com\/wp-content\/uploads\/Clip-USB-Drive.jpg 800w, https:\/\/www.usborkeychain.com\/wp-content\/uploads\/Clip-USB-Drive-300x300.jpg 300w, https:\/\/www.usborkeychain.com\/wp-content\/uploads\/Clip-USB-Drive-150x150.jpg 150w, https:\/\/www.usborkeychain.com\/wp-content\/uploads\/Clip-USB-Drive-768x768.jpg 768w, https:\/\/www.usborkeychain.com\/wp-content\/uploads\/Clip-USB-Drive-12x12.jpg 12w, https:\/\/www.usborkeychain.com\/wp-content\/uploads\/Clip-USB-Drive-600x600.jpg 600w, https:\/\/www.usborkeychain.com\/wp-content\/uploads\/Clip-USB-Drive-100x100.jpg 100w\" sizes=\"(max-width: 800px) 100vw, 800px\" \/><\/figure>\n<\/div>\n<\/div>\n\n\n\n<div class=\"wp-block-columns is-layout-flex wp-container-core-columns-is-layout-28f84493 wp-block-columns-is-layout-flex\">\n<div class=\"wp-block-column is-vertically-aligned-center is-layout-flow wp-block-column-is-layout-flow\">\n<figure class=\"wp-block-image size-full\"><img alt=\"\" loading=\"lazy\" decoding=\"async\" width=\"800\" height=\"800\" src=\"https:\/\/www.usborkeychain.com\/wp-content\/uploads\/clip-usb-flash-drives.png\" class=\"wp-image-6908\" srcset=\"https:\/\/www.usborkeychain.com\/wp-content\/uploads\/clip-usb-flash-drives.png 800w, https:\/\/www.usborkeychain.com\/wp-content\/uploads\/clip-usb-flash-drives-300x300.png 300w, https:\/\/www.usborkeychain.com\/wp-content\/uploads\/clip-usb-flash-drives-150x150.png 150w, https:\/\/www.usborkeychain.com\/wp-content\/uploads\/clip-usb-flash-drives-768x768.png 768w, https:\/\/www.usborkeychain.com\/wp-content\/uploads\/clip-usb-flash-drives-12x12.png 12w, https:\/\/www.usborkeychain.com\/wp-content\/uploads\/clip-usb-flash-drives-600x600.png 600w, https:\/\/www.usborkeychain.com\/wp-content\/uploads\/clip-usb-flash-drives-100x100.png 100w\" sizes=\"(max-width: 800px) 100vw, 800px\" \/><\/figure>\n<\/div>\n\n\n\n<div class=\"wp-block-column is-vertically-aligned-center is-layout-flow wp-block-column-is-layout-flow\">\n<h3 class=\"wp-block-heading\">Durabilit\u00e9<\/h3>\n\n\n\n<ul class=\"wp-block-list\">\n<li>Dur\u00e9e de vie du mat\u00e9riau : Le m\u00e9tal offre une forte r\u00e9sistance \u00e0 la corrosion et \u00e0 l'oxydation ; dans les environnements ext\u00e9rieurs, sa dur\u00e9e de vie est 3 \u00e0 5 fois sup\u00e9rieure \u00e0 celle des cl\u00e9s USB en plastique.<\/li>\n\n\n\n<li>Durabilit\u00e9 structurelle : Le ressort du clip est fabriqu\u00e9 en alliage renforc\u00e9, test\u00e9 pour r\u00e9sister \u00e0 plus de 10 000 ouvertures et fermetures sans d\u00e9formation lors d'une utilisation \u00e0 long terme.<\/li>\n<\/ul>\n\n\n\n<h3 class=\"wp-block-heading\">Avantages du sc\u00e9nario<\/h3>\n\n\n\n<ul class=\"wp-block-list\">\n<li>Cadeaux d'affaires : La texture m\u00e9tallique associ\u00e9e \u00e0 un logo personnalis\u00e9 renforce l'image de la marque.<\/li>\n\n\n\n<li>Efficacit\u00e9 au bureau : La conception du clip s'int\u00e8gre \u00e0 la gestion des dossiers, \u00e9liminant ainsi les probl\u00e8mes li\u00e9s \u00e0 l'\u00e9garement des cl\u00e9s USB.<\/li>\n\n\n\n<li>Utilisation en ext\u00e9rieur : Sa durabilit\u00e9 et sa r\u00e9sistance \u00e0 l'eau r\u00e9pondent aux exigences rigoureuses des voyages d'affaires et du travail en ext\u00e9rieur.<\/li>\n<\/ul>\n<\/div>\n<\/div>\n\n\n\n<p>Le<strong> Cl\u00e9 USB Clip<\/strong> La cl\u00e9 USB de la s\u00e9rie \"B\" permet de s'affranchir des limites de portabilit\u00e9 des cl\u00e9s USB traditionnelles gr\u00e2ce \u00e0 son \"design \u00e0 clip m\u00e9tallique\". Elle r\u00e9pond aux besoins de personnalisation des marques gr\u00e2ce \u00e0 des processus de personnalisation hautement compatibles et garantit la s\u00e9curit\u00e9 des donn\u00e9es et la long\u00e9vit\u00e9 du produit en tirant parti de la s\u00e9curit\u00e9 et de la durabilit\u00e9 des mat\u00e9riaux m\u00e9talliques. Du mod\u00e8le d'entr\u00e9e de gamme de 8 Go au mod\u00e8le de grande capacit\u00e9 de 128 Go, et convenant aussi bien aux cadeaux d'entreprise qu'\u00e0 l'utilisation personnelle au bureau, ses deux attributs \"praticit\u00e9 + renforcement de la marque\" en font un produit de r\u00e9f\u00e9rence sur le march\u00e9 actuel des p\u00e9riph\u00e9riques de stockage, alliant fonctionnalit\u00e9 et valeur marketing. Que vous soyez une entreprise achetant des produits personnalis\u00e9s, planifiant des cadeaux \u00e9v\u00e9nementiels ou un utilisateur individuel \u00e0 la recherche d'outils de stockage de haute qualit\u00e9, la cl\u00e9 USB Clip offre une exp\u00e9rience qui d\u00e9passe les attentes gr\u00e2ce \u00e0 ses performances professionnelles et \u00e0 son design exquis.<\/p>","protected":false},"excerpt":{"rendered":"<ul>\n<li>Conception unique du clip - s'attache aux livres, aux dossiers et aux papiers<\/li>\n<li>Corps enti\u00e8rement m\u00e9tallique durable avec une finition polie<\/li>\n<li>Compatible avec les principaux syst\u00e8mes d'exploitation<\/li>\n<li>Logo personnalis\u00e9<\/li>\n<li>MOQ:100pcs<\/li>\n<\/ul>","protected":false},"featured_media":6908,"comment_status":"open","ping_status":"closed","template":"","meta":{"_seopress_robots_primary_cat":"","_seopress_titles_title":"","_seopress_titles_desc":"","_seopress_robots_index":"","site-sidebar-layout":"default","site-content-layout":"","ast-site-content-layout":"","site-content-style":"default","site-sidebar-style":"default","ast-global-header-display":"","ast-banner-title-visibility":"","ast-main-header-display":"","ast-hfb-above-header-display":"","ast-hfb-below-header-display":"","ast-hfb-mobile-header-display":"","site-post-title":"","ast-breadcrumbs-content":"","ast-featured-img":"","footer-sml-layout":"","theme-transparent-header-meta":"","adv-header-id-meta":"","stick-header-meta":"","header-above-stick-meta":"","header-main-stick-meta":"","header-below-stick-meta":"","astra-migrate-meta-layouts":"default","ast-page-background-enabled":"default","ast-page-background-meta":{"desktop":{"background-color":"var(--ast-global-color-5)","background-image":"","background-repeat":"repeat","background-position":"center center","background-size":"auto","background-attachment":"scroll","background-type":"","background-media":"","overlay-type":"","overlay-color":"","overlay-opacity":"","overlay-gradient":""},"tablet":{"background-color":"","background-image":"","background-repeat":"repeat","background-position":"center center","background-size":"auto","background-attachment":"scroll","background-type":"","background-media":"","overlay-type":"","overlay-color":"","overlay-opacity":"","overlay-gradient":""},"mobile":{"background-color":"","background-image":"","background-repeat":"repeat","background-position":"center center","background-size":"auto","background-attachment":"scroll","background-type":"","background-media":"","overlay-type":"","overlay-color":"","overlay-opacity":"","overlay-gradient":""}},"ast-content-background-meta":{"desktop":{"background-color":"var(--ast-global-color-4)","background-image":"","background-repeat":"repeat","background-position":"center center","background-size":"auto","background-attachment":"scroll","background-type":"","background-media":"","overlay-type":"","overlay-color":"","overlay-opacity":"","overlay-gradient":""},"tablet":{"background-color":"var(--ast-global-color-4)","background-image":"","background-repeat":"repeat","background-position":"center center","background-size":"auto","background-attachment":"scroll","background-type":"","background-media":"","overlay-type":"","overlay-color":"","overlay-opacity":"","overlay-gradient":""},"mobile":{"background-color":"var(--ast-global-color-4)","background-image":"","background-repeat":"repeat","background-position":"center center","background-size":"auto","background-attachment":"scroll","background-type":"","background-media":"","overlay-type":"","overlay-color":"","overlay-opacity":"","overlay-gradient":""}}},"product_brand":[],"product_cat":[89,103],"product_tag":[398],"class_list":{"0":"post-6903","1":"product","2":"type-product","3":"status-publish","4":"has-post-thumbnail","6":"product_cat-metal-usb-pendrive","7":"product_cat-usb2-0-usb-pendrive","8":"product_tag-aluminum-usb-drive","9":"desktop-align-left","10":"tablet-align-left","11":"mobile-align-left","13":"first","14":"instock","15":"shipping-taxable","16":"product-type-simple"},"_links":{"self":[{"href":"https:\/\/www.usborkeychain.com\/fr\/wp-json\/wp\/v2\/product\/6903","targetHints":{"allow":["GET"]}}],"collection":[{"href":"https:\/\/www.usborkeychain.com\/fr\/wp-json\/wp\/v2\/product"}],"about":[{"href":"https:\/\/www.usborkeychain.com\/fr\/wp-json\/wp\/v2\/types\/product"}],"replies":[{"embeddable":true,"href":"https:\/\/www.usborkeychain.com\/fr\/wp-json\/wp\/v2\/comments?post=6903"}],"wp:featuredmedia":[{"embeddable":true,"href":"https:\/\/www.usborkeychain.com\/fr\/wp-json\/wp\/v2\/media\/6908"}],"wp:attachment":[{"href":"https:\/\/www.usborkeychain.com\/fr\/wp-json\/wp\/v2\/media?parent=6903"}],"wp:term":[{"taxonomy":"product_brand","embeddable":true,"href":"https:\/\/www.usborkeychain.com\/fr\/wp-json\/wp\/v2\/product_brand?post=6903"},{"taxonomy":"product_cat","embeddable":true,"href":"https:\/\/www.usborkeychain.com\/fr\/wp-json\/wp\/v2\/product_cat?post=6903"},{"taxonomy":"product_tag","embeddable":true,"href":"https:\/\/www.usborkeychain.com\/fr\/wp-json\/wp\/v2\/product_tag?post=6903"}],"curies":[{"name":"wp","href":"https:\/\/api.w.org\/{rel}","templated":true}]}}