{"id":7401,"date":"2025-08-19T10:46:07","date_gmt":"2025-08-19T10:46:07","guid":{"rendered":"https:\/\/www.usborkeychain.com\/?post_type=product&#038;p=7401"},"modified":"2025-08-19T10:50:19","modified_gmt":"2025-08-19T10:50:19","slug":"swivel-usb-flash-drive","status":"publish","type":"product","link":"https:\/\/www.usborkeychain.com\/fr\/produit\/swivel-usb-flash-drive\/","title":{"rendered":"Cl\u00e9 USB pivotante"},"content":{"rendered":"<div class=\"wp-block-columns are-vertically-aligned-center is-layout-flex wp-container-core-columns-is-layout-28f84493 wp-block-columns-is-layout-flex\">\n<div class=\"wp-block-column is-vertically-aligned-center is-layout-flow wp-block-column-is-layout-flow\">\n<p>Le <strong>Cl\u00e9 USB pivotante<\/strong> est constitu\u00e9 d'un <strong>Corps en plastique ABS<\/strong> et un <strong>coque en alliage d'aluminium bross\u00e9<\/strong>. <\/p>\n\n\n\n<p>Le corps en plastique ABS adopte un mat\u00e9riau ABS dot\u00e9 d'une excellente r\u00e9sistance aux chocs, qui est \u00e0 la fois l\u00e9ger et r\u00e9sistant. Il n'est pas facilement endommag\u00e9 par les chutes ou les pressions quotidiennes, tout en r\u00e9duisant le poids total et en am\u00e9liorant la portabilit\u00e9. <\/p>\n\n\n\n<p>Coque en alliage d'aluminium bross\u00e9 : La coque en alliage d'aluminium est bross\u00e9e, ce qui permet de r\u00e9duire les r\u00e9sidus d'empreintes digitales et de conserver une apparence propre, m\u00eame apr\u00e8s une utilisation prolong\u00e9e.<\/p>\n<\/div>\n\n\n\n<div class=\"wp-block-column is-vertically-aligned-center is-layout-flow wp-block-column-is-layout-flow\">\n<figure class=\"wp-block-image size-full\"><img alt=\"\" fetchpriority=\"high\" decoding=\"async\" width=\"800\" height=\"800\" src=\"https:\/\/www.usborkeychain.com\/wp-content\/uploads\/bulk-metal-swivel-usb-flash-drive-1.jpg\" class=\"wp-image-7404\" srcset=\"https:\/\/www.usborkeychain.com\/wp-content\/uploads\/bulk-metal-swivel-usb-flash-drive-1.jpg 800w, https:\/\/www.usborkeychain.com\/wp-content\/uploads\/bulk-metal-swivel-usb-flash-drive-1-300x300.jpg 300w, https:\/\/www.usborkeychain.com\/wp-content\/uploads\/bulk-metal-swivel-usb-flash-drive-1-150x150.jpg 150w, https:\/\/www.usborkeychain.com\/wp-content\/uploads\/bulk-metal-swivel-usb-flash-drive-1-768x768.jpg 768w, https:\/\/www.usborkeychain.com\/wp-content\/uploads\/bulk-metal-swivel-usb-flash-drive-1-12x12.jpg 12w, https:\/\/www.usborkeychain.com\/wp-content\/uploads\/bulk-metal-swivel-usb-flash-drive-1-600x600.jpg 600w, https:\/\/www.usborkeychain.com\/wp-content\/uploads\/bulk-metal-swivel-usb-flash-drive-1-100x100.jpg 100w\" sizes=\"(max-width: 800px) 100vw, 800px\" \/><\/figure>\n<\/div>\n<\/div>\n\n\n\n<div class=\"wp-block-columns is-layout-flex wp-container-core-columns-is-layout-28f84493 wp-block-columns-is-layout-flex\">\n<div class=\"wp-block-column is-vertically-aligned-center is-layout-flow wp-block-column-is-layout-flow\">\n<p>Sa conception unique de rotation \u00e0 360\u00b0 permet de faire pivoter l'interface USB pour l'ins\u00e9rer directement dans les appareils afin de transf\u00e9rer des donn\u00e9es lorsqu'elle est utilis\u00e9e. Lorsqu'elle n'est pas utilis\u00e9e, elle peut \u00eatre retourn\u00e9e dans la coque pour isoler la poussi\u00e8re et les rayures, prot\u00e9geant ainsi l'interface des dommages et am\u00e9liorant consid\u00e9rablement la stabilit\u00e9 du transfert de donn\u00e9es.<\/p>\n\n\n\n<p>Le produit est dot\u00e9 d'un trou de serrure int\u00e9gr\u00e9 sur le c\u00f4t\u00e9, compatible avec les porte-cl\u00e9s et les lani\u00e8res. Il peut \u00eatre directement attach\u00e9 aux porte-cl\u00e9s, aux fermetures \u00e9clair des sacs \u00e0 dos, etc., ce qui r\u00e9sout compl\u00e8tement le probl\u00e8me des cl\u00e9s USB traditionnelles qui se perdent facilement.<\/p>\n\n\n\n<p>Une vari\u00e9t\u00e9 de couleurs (noir, violet, bleu, rouge, etc.) est disponible pour r\u00e9pondre aux pr\u00e9f\u00e9rences esth\u00e9tiques des particuliers et des entreprises.<\/p>\n<\/div>\n\n\n\n<div class=\"wp-block-column is-layout-flow wp-block-column-is-layout-flow\">\n<figure class=\"wp-block-image size-full\"><img alt=\"\" decoding=\"async\" width=\"800\" height=\"800\" src=\"https:\/\/www.usborkeychain.com\/wp-content\/uploads\/bulk-swivel-plastic-usb-flash-drive.jpg\" class=\"wp-image-7405\" srcset=\"https:\/\/www.usborkeychain.com\/wp-content\/uploads\/bulk-swivel-plastic-usb-flash-drive.jpg 800w, https:\/\/www.usborkeychain.com\/wp-content\/uploads\/bulk-swivel-plastic-usb-flash-drive-300x300.jpg 300w, https:\/\/www.usborkeychain.com\/wp-content\/uploads\/bulk-swivel-plastic-usb-flash-drive-150x150.jpg 150w, https:\/\/www.usborkeychain.com\/wp-content\/uploads\/bulk-swivel-plastic-usb-flash-drive-768x768.jpg 768w, https:\/\/www.usborkeychain.com\/wp-content\/uploads\/bulk-swivel-plastic-usb-flash-drive-12x12.jpg 12w, https:\/\/www.usborkeychain.com\/wp-content\/uploads\/bulk-swivel-plastic-usb-flash-drive-600x600.jpg 600w, https:\/\/www.usborkeychain.com\/wp-content\/uploads\/bulk-swivel-plastic-usb-flash-drive-100x100.jpg 100w\" sizes=\"(max-width: 800px) 100vw, 800px\" \/><\/figure>\n<\/div>\n<\/div>\n\n\n\n<h2 class=\"wp-block-heading\">Param\u00e8tres essentiels de la cl\u00e9 USB pivotante<\/h2>\n\n\n\n<figure class=\"wp-block-table\"><table class=\"has-fixed-layout\"><thead><tr><th>Cat\u00e9gorie de param\u00e8tres<\/th><th>Sp\u00e9cifications d\u00e9taill\u00e9es<\/th><\/tr><\/thead><tbody><tr><td>Capacit\u00e9<\/td><td>8GB, 16GB, 32GB, 64GB, 128GB<\/td><\/tr><tr><td>Dimensions (Longueur \u00d7 Hauteur \u00d7 \u00c9paisseur)<\/td><td>57mm \u00d7 19mm \u00d7 10mm<\/td><\/tr><tr><td>Poids<\/td><td>Environ 15g (avec une erreur de \u00b12g)<\/td><\/tr><tr><td>Type d'interface<\/td><td>USB 2.0 \/ USB 3.0<\/td><\/tr><tr><td>Compatibilit\u00e9<\/td><td>Prise en charge des syst\u00e8mes Windows, Mac OS et Linux ; compatible avec les dispositifs automobiles, les t\u00e9l\u00e9viseurs intelligents, les imprimantes et d'autres \u00e9quipements.<\/td><\/tr><\/tbody><\/table><\/figure>\n\n\n\n<h2 class=\"wp-block-heading\">Processus de personnalisation du LOGO<\/h2>\n\n\n\n<div class=\"wp-block-columns is-layout-flex wp-container-core-columns-is-layout-28f84493 wp-block-columns-is-layout-flex\">\n<div class=\"wp-block-column is-vertically-aligned-center is-layout-flow wp-block-column-is-layout-flow\">\n<figure class=\"wp-block-image size-full\"><img alt=\"\" decoding=\"async\" width=\"800\" height=\"800\" src=\"https:\/\/www.usborkeychain.com\/wp-content\/uploads\/custom-swivel-usb-drives-1.jpg\" class=\"wp-image-7406\" srcset=\"https:\/\/www.usborkeychain.com\/wp-content\/uploads\/custom-swivel-usb-drives-1.jpg 800w, https:\/\/www.usborkeychain.com\/wp-content\/uploads\/custom-swivel-usb-drives-1-300x300.jpg 300w, https:\/\/www.usborkeychain.com\/wp-content\/uploads\/custom-swivel-usb-drives-1-150x150.jpg 150w, https:\/\/www.usborkeychain.com\/wp-content\/uploads\/custom-swivel-usb-drives-1-768x768.jpg 768w, https:\/\/www.usborkeychain.com\/wp-content\/uploads\/custom-swivel-usb-drives-1-12x12.jpg 12w, https:\/\/www.usborkeychain.com\/wp-content\/uploads\/custom-swivel-usb-drives-1-600x600.jpg 600w, https:\/\/www.usborkeychain.com\/wp-content\/uploads\/custom-swivel-usb-drives-1-100x100.jpg 100w\" sizes=\"(max-width: 800px) 100vw, 800px\" \/><\/figure>\n<\/div>\n\n\n\n<div class=\"wp-block-column is-vertically-aligned-center is-layout-flow wp-block-column-is-layout-flow\">\n<div class=\"wp-block-columns is-layout-flex wp-container-core-columns-is-layout-28f84493 wp-block-columns-is-layout-flex\">\n<div class=\"wp-block-column is-vertically-aligned-center is-layout-flow wp-block-column-is-layout-flow\"><\/div>\n\n\n\n<div class=\"wp-block-column is-vertically-aligned-center is-layout-flow wp-block-column-is-layout-flow\">\n<p><\/p>\n<\/div>\n<\/div>\n\n\n\n<ul class=\"wp-block-list\">\n<li>Gravure au laser : Pour les logos monochromatiques sur la coque en alliage d'aluminium. Elle est r\u00e9sistante \u00e0 l'usure, durable et ne s'\u00e9caille pas facilement, avec une texture haut de gamme, particuli\u00e8rement adapt\u00e9e aux entreprises qui ont besoin de refl\u00e9ter un professionnalisme et des logos permanents.<\/li>\n\n\n\n<li>Impression num\u00e9rique : Prise en charge de l'impression en quadrichromie (couleurs d\u00e9grad\u00e9es, logos complets de la marque, motifs sur le th\u00e8me de l'\u00e9v\u00e9nement).<\/li>\n<\/ul>\n\n\n\n<p>Les deux proc\u00e9d\u00e9s permettent d'obtenir un positionnement pr\u00e9cis, s'adaptant \u00e0 divers sc\u00e9narios tels que les cadeaux d'entreprise, les promotions d'\u00e9v\u00e9nements et les p\u00e9riph\u00e9riques culturels et cr\u00e9atifs.<\/p>\n<\/div>\n<\/div>\n\n\n\n<h2 class=\"wp-block-heading\">Principales raisons de la popularit\u00e9 de la cl\u00e9 USB pivotante<\/h2>\n\n\n\n<div class=\"wp-block-columns is-layout-flex wp-container-core-columns-is-layout-28f84493 wp-block-columns-is-layout-flex\">\n<div class=\"wp-block-column is-layout-flow wp-block-column-is-layout-flow\">\n<figure class=\"wp-block-image size-full\"><img alt=\"\" loading=\"lazy\" decoding=\"async\" width=\"800\" height=\"800\" src=\"https:\/\/www.usborkeychain.com\/wp-content\/uploads\/custom-swivel-usb-flash-drive.jpg\" class=\"wp-image-7407\" srcset=\"https:\/\/www.usborkeychain.com\/wp-content\/uploads\/custom-swivel-usb-flash-drive.jpg 800w, https:\/\/www.usborkeychain.com\/wp-content\/uploads\/custom-swivel-usb-flash-drive-300x300.jpg 300w, https:\/\/www.usborkeychain.com\/wp-content\/uploads\/custom-swivel-usb-flash-drive-150x150.jpg 150w, https:\/\/www.usborkeychain.com\/wp-content\/uploads\/custom-swivel-usb-flash-drive-768x768.jpg 768w, https:\/\/www.usborkeychain.com\/wp-content\/uploads\/custom-swivel-usb-flash-drive-12x12.jpg 12w, https:\/\/www.usborkeychain.com\/wp-content\/uploads\/custom-swivel-usb-flash-drive-600x600.jpg 600w, https:\/\/www.usborkeychain.com\/wp-content\/uploads\/custom-swivel-usb-flash-drive-100x100.jpg 100w\" sizes=\"(max-width: 800px) 100vw, 800px\" \/><\/figure>\n\n\n\n<p>Portable et facile \u00e0 utiliser : sa taille compacte, sa conception l\u00e9g\u00e8re et son trou de serrure en font un choix id\u00e9al pour transporter des donn\u00e9es. La conception rotative prot\u00e8ge l'interface et est facile \u00e0 utiliser.<\/p>\n<\/div>\n\n\n\n<div class=\"wp-block-column is-layout-flow wp-block-column-is-layout-flow\">\n<figure class=\"wp-block-image size-full\"><img alt=\"\" loading=\"lazy\" decoding=\"async\" width=\"800\" height=\"800\" src=\"https:\/\/www.usborkeychain.com\/wp-content\/uploads\/rotating-usb-flash-drive-1.jpg\" class=\"wp-image-7408\" srcset=\"https:\/\/www.usborkeychain.com\/wp-content\/uploads\/rotating-usb-flash-drive-1.jpg 800w, https:\/\/www.usborkeychain.com\/wp-content\/uploads\/rotating-usb-flash-drive-1-300x300.jpg 300w, https:\/\/www.usborkeychain.com\/wp-content\/uploads\/rotating-usb-flash-drive-1-150x150.jpg 150w, https:\/\/www.usborkeychain.com\/wp-content\/uploads\/rotating-usb-flash-drive-1-768x768.jpg 768w, https:\/\/www.usborkeychain.com\/wp-content\/uploads\/rotating-usb-flash-drive-1-12x12.jpg 12w, https:\/\/www.usborkeychain.com\/wp-content\/uploads\/rotating-usb-flash-drive-1-600x600.jpg 600w, https:\/\/www.usborkeychain.com\/wp-content\/uploads\/rotating-usb-flash-drive-1-100x100.jpg 100w\" sizes=\"(max-width: 800px) 100vw, 800px\" \/><\/figure>\n\n\n\n<p>Attrayant et durable : La coque en aluminium avec un processus de brossage lui conf\u00e8re un aspect \u00e9l\u00e9gant et sophistiqu\u00e9 qui n'est pas sujet aux traces de doigts, et le mat\u00e9riau m\u00e9tallique offre \u00e9galement une bonne protection physique.<\/p>\n<\/div>\n<\/div>\n\n\n\n<div class=\"wp-block-columns is-layout-flex wp-container-core-columns-is-layout-28f84493 wp-block-columns-is-layout-flex\">\n<div class=\"wp-block-column is-layout-flow wp-block-column-is-layout-flow\">\n<figure class=\"wp-block-image size-full\"><img alt=\"\" loading=\"lazy\" decoding=\"async\" width=\"800\" height=\"800\" src=\"https:\/\/www.usborkeychain.com\/wp-content\/uploads\/swivel-usb-drive-1.jpg\" class=\"wp-image-7409\" srcset=\"https:\/\/www.usborkeychain.com\/wp-content\/uploads\/swivel-usb-drive-1.jpg 800w, https:\/\/www.usborkeychain.com\/wp-content\/uploads\/swivel-usb-drive-1-300x300.jpg 300w, https:\/\/www.usborkeychain.com\/wp-content\/uploads\/swivel-usb-drive-1-150x150.jpg 150w, https:\/\/www.usborkeychain.com\/wp-content\/uploads\/swivel-usb-drive-1-768x768.jpg 768w, https:\/\/www.usborkeychain.com\/wp-content\/uploads\/swivel-usb-drive-1-12x12.jpg 12w, https:\/\/www.usborkeychain.com\/wp-content\/uploads\/swivel-usb-drive-1-600x600.jpg 600w, https:\/\/www.usborkeychain.com\/wp-content\/uploads\/swivel-usb-drive-1-100x100.jpg 100w\" sizes=\"(max-width: 800px) 100vw, 800px\" \/><\/figure>\n\n\n\n<p>Conception antiperte : Le trou de serrure est une solution pratique pour \u00e9viter la perte de petits objets, ce qui am\u00e9liore consid\u00e9rablement l'exp\u00e9rience de l'utilisateur.<\/p>\n<\/div>\n\n\n\n<div class=\"wp-block-column is-layout-flow wp-block-column-is-layout-flow\">\n<figure class=\"wp-block-image size-full\"><img alt=\"\" loading=\"lazy\" decoding=\"async\" width=\"800\" height=\"800\" src=\"https:\/\/www.usborkeychain.com\/wp-content\/uploads\/swivel-usb-drives-cheapest-1.jpg\" class=\"wp-image-7410\" srcset=\"https:\/\/www.usborkeychain.com\/wp-content\/uploads\/swivel-usb-drives-cheapest-1.jpg 800w, https:\/\/www.usborkeychain.com\/wp-content\/uploads\/swivel-usb-drives-cheapest-1-300x300.jpg 300w, https:\/\/www.usborkeychain.com\/wp-content\/uploads\/swivel-usb-drives-cheapest-1-150x150.jpg 150w, https:\/\/www.usborkeychain.com\/wp-content\/uploads\/swivel-usb-drives-cheapest-1-768x768.jpg 768w, https:\/\/www.usborkeychain.com\/wp-content\/uploads\/swivel-usb-drives-cheapest-1-12x12.jpg 12w, https:\/\/www.usborkeychain.com\/wp-content\/uploads\/swivel-usb-drives-cheapest-1-600x600.jpg 600w, https:\/\/www.usborkeychain.com\/wp-content\/uploads\/swivel-usb-drives-cheapest-1-100x100.jpg 100w\" sizes=\"(max-width: 800px) 100vw, 800px\" \/><\/figure>\n\n\n\n<p>Hautement personnalisable : Il prend en charge deux processus de personnalisation courants - la gravure au laser et l'impression num\u00e9rique - pour r\u00e9pondre aux divers besoins des entreprises en mati\u00e8re de cadeaux, d'articles promotionnels ou de souvenirs d'\u00e9quipe.<\/p>\n<\/div>\n<\/div>\n\n\n\n<div class=\"wp-block-columns is-layout-flex wp-container-core-columns-is-layout-28f84493 wp-block-columns-is-layout-flex\">\n<div class=\"wp-block-column is-layout-flow wp-block-column-is-layout-flow\">\n<figure class=\"wp-block-image size-full\"><img alt=\"\" loading=\"lazy\" decoding=\"async\" width=\"800\" height=\"800\" src=\"https:\/\/www.usborkeychain.com\/wp-content\/uploads\/swivel-usb-drives.jpg\" class=\"wp-image-7411\" srcset=\"https:\/\/www.usborkeychain.com\/wp-content\/uploads\/swivel-usb-drives.jpg 800w, https:\/\/www.usborkeychain.com\/wp-content\/uploads\/swivel-usb-drives-300x300.jpg 300w, https:\/\/www.usborkeychain.com\/wp-content\/uploads\/swivel-usb-drives-150x150.jpg 150w, https:\/\/www.usborkeychain.com\/wp-content\/uploads\/swivel-usb-drives-768x768.jpg 768w, https:\/\/www.usborkeychain.com\/wp-content\/uploads\/swivel-usb-drives-12x12.jpg 12w, https:\/\/www.usborkeychain.com\/wp-content\/uploads\/swivel-usb-drives-600x600.jpg 600w, https:\/\/www.usborkeychain.com\/wp-content\/uploads\/swivel-usb-drives-100x100.jpg 100w\" sizes=\"(max-width: 800px) 100vw, 800px\" \/><\/figure>\n\n\n\n<p>Qualit\u00e9 fiable : La combinaison des mat\u00e9riaux ABS et aluminium, ainsi que des techniques de fabrication \u00e9prouv\u00e9es, garantit la stabilit\u00e9 et la dur\u00e9e de vie du produit.<\/p>\n<\/div>\n\n\n\n<div class=\"wp-block-column is-layout-flow wp-block-column-is-layout-flow\">\n<figure class=\"wp-block-image size-full\"><img alt=\"\" loading=\"lazy\" decoding=\"async\" width=\"800\" height=\"800\" src=\"https:\/\/www.usborkeychain.com\/wp-content\/uploads\/swivel-usb-flash-drives.jpg\" class=\"wp-image-7413\" srcset=\"https:\/\/www.usborkeychain.com\/wp-content\/uploads\/swivel-usb-flash-drives.jpg 800w, https:\/\/www.usborkeychain.com\/wp-content\/uploads\/swivel-usb-flash-drives-300x300.jpg 300w, https:\/\/www.usborkeychain.com\/wp-content\/uploads\/swivel-usb-flash-drives-150x150.jpg 150w, https:\/\/www.usborkeychain.com\/wp-content\/uploads\/swivel-usb-flash-drives-768x768.jpg 768w, https:\/\/www.usborkeychain.com\/wp-content\/uploads\/swivel-usb-flash-drives-12x12.jpg 12w, https:\/\/www.usborkeychain.com\/wp-content\/uploads\/swivel-usb-flash-drives-600x600.jpg 600w, https:\/\/www.usborkeychain.com\/wp-content\/uploads\/swivel-usb-flash-drives-100x100.jpg 100w\" sizes=\"(max-width: 800px) 100vw, 800px\" \/><\/figure>\n\n\n\n<p>Par rapport aux disques durs mobiles \u00e0 semi-conducteurs, les cl\u00e9s USB sont plus \u00e9conomiques et offrent une large gamme de capacit\u00e9s optionnelles (8 Go~128 Go) pour r\u00e9pondre aux besoins quotidiens de stockage et de transfert de fichiers (documents, photos, vid\u00e9os).<\/p>\n<\/div>\n<\/div>\n\n\n\n<p>Le <strong>Cl\u00e9 USB pivotante<\/strong> int\u00e8gre avec succ\u00e8s un design exquis (coque en ABS + aluminium, processus de brossage, couleurs multiples), des fonctions pratiques (interface rotative, trou de serrure anti-perte), des param\u00e8tres professionnels (taille compacte, l\u00e9g\u00e8ret\u00e9) et une personnalisation flexible (gravure laser\/impression num\u00e9rique). Il ne s'agit pas seulement d'un outil de stockage de donn\u00e9es fiable, mais aussi d'une extension de la marque de l'entreprise et du go\u00fbt personnel. Gr\u00e2ce \u00e0 ses excellentes performances g\u00e9n\u00e9rales, la cl\u00e9 USB Swivel est un choix fiable pour les utilisateurs.<\/p>","protected":false},"excerpt":{"rendered":"<ul>\n<li>Gravure au laser<\/li>\n<li>Impression num\u00e9rique<\/li>\n<li>Mat\u00e9riaux : corps en ABS, coque en aluminium<\/li>\n<li>Couleurs :<br \/>\nNoir\/Blanc, Noir\/Argent, Noir\/Orange, Noir\/Rouge, Noir\/Violet, Noir\/Vert, Noir\/Bleu clair, Noir\/Bleu fonc\u00e9, Noir\/Noir<\/li>\n<li>MOQ:100pcs<\/li>\n<\/ul>","protected":false},"featured_media":7412,"comment_status":"open","ping_status":"closed","template":"","meta":{"_seopress_robots_primary_cat":"","_seopress_titles_title":"","_seopress_titles_desc":"","_seopress_robots_index":"","site-sidebar-layout":"default","site-content-layout":"","ast-site-content-layout":"","site-content-style":"default","site-sidebar-style":"default","ast-global-header-display":"","ast-banner-title-visibility":"","ast-main-header-display":"","ast-hfb-above-header-display":"","ast-hfb-below-header-display":"","ast-hfb-mobile-header-display":"","site-post-title":"","ast-breadcrumbs-content":"","ast-featured-img":"","footer-sml-layout":"","theme-transparent-header-meta":"","adv-header-id-meta":"","stick-header-meta":"","header-above-stick-meta":"","header-main-stick-meta":"","header-below-stick-meta":"","astra-migrate-meta-layouts":"default","ast-page-background-enabled":"default","ast-page-background-meta":{"desktop":{"background-color":"var(--ast-global-color-5)","background-image":"","background-repeat":"repeat","background-position":"center center","background-size":"auto","background-attachment":"scroll","background-type":"","background-media":"","overlay-type":"","overlay-color":"","overlay-opacity":"","overlay-gradient":""},"tablet":{"background-color":"","background-image":"","background-repeat":"repeat","background-position":"center center","background-size":"auto","background-attachment":"scroll","background-type":"","background-media":"","overlay-type":"","overlay-color":"","overlay-opacity":"","overlay-gradient":""},"mobile":{"background-color":"","background-image":"","background-repeat":"repeat","background-position":"center center","background-size":"auto","background-attachment":"scroll","background-type":"","background-media":"","overlay-type":"","overlay-color":"","overlay-opacity":"","overlay-gradient":""}},"ast-content-background-meta":{"desktop":{"background-color":"var(--ast-global-color-4)","background-image":"","background-repeat":"repeat","background-position":"center center","background-size":"auto","background-attachment":"scroll","background-type":"","background-media":"","overlay-type":"","overlay-color":"","overlay-opacity":"","overlay-gradient":""},"tablet":{"background-color":"var(--ast-global-color-4)","background-image":"","background-repeat":"repeat","background-position":"center center","background-size":"auto","background-attachment":"scroll","background-type":"","background-media":"","overlay-type":"","overlay-color":"","overlay-opacity":"","overlay-gradient":""},"mobile":{"background-color":"var(--ast-global-color-4)","background-image":"","background-repeat":"repeat","background-position":"center center","background-size":"auto","background-attachment":"scroll","background-type":"","background-media":"","overlay-type":"","overlay-color":"","overlay-opacity":"","overlay-gradient":""}}},"product_brand":[],"product_cat":[89,106],"product_tag":[405],"class_list":{"0":"post-7401","1":"product","2":"type-product","3":"status-publish","4":"has-post-thumbnail","6":"product_cat-metal-usb-pendrive","7":"product_cat-rotating-usb-pendrive","8":"product_tag-plastic-rotating-usb-drive","9":"desktop-align-left","10":"tablet-align-left","11":"mobile-align-left","13":"first","14":"instock","15":"shipping-taxable","16":"product-type-simple"},"_links":{"self":[{"href":"https:\/\/www.usborkeychain.com\/fr\/wp-json\/wp\/v2\/product\/7401","targetHints":{"allow":["GET"]}}],"collection":[{"href":"https:\/\/www.usborkeychain.com\/fr\/wp-json\/wp\/v2\/product"}],"about":[{"href":"https:\/\/www.usborkeychain.com\/fr\/wp-json\/wp\/v2\/types\/product"}],"replies":[{"embeddable":true,"href":"https:\/\/www.usborkeychain.com\/fr\/wp-json\/wp\/v2\/comments?post=7401"}],"wp:featuredmedia":[{"embeddable":true,"href":"https:\/\/www.usborkeychain.com\/fr\/wp-json\/wp\/v2\/media\/7412"}],"wp:attachment":[{"href":"https:\/\/www.usborkeychain.com\/fr\/wp-json\/wp\/v2\/media?parent=7401"}],"wp:term":[{"taxonomy":"product_brand","embeddable":true,"href":"https:\/\/www.usborkeychain.com\/fr\/wp-json\/wp\/v2\/product_brand?post=7401"},{"taxonomy":"product_cat","embeddable":true,"href":"https:\/\/www.usborkeychain.com\/fr\/wp-json\/wp\/v2\/product_cat?post=7401"},{"taxonomy":"product_tag","embeddable":true,"href":"https:\/\/www.usborkeychain.com\/fr\/wp-json\/wp\/v2\/product_tag?post=7401"}],"curies":[{"name":"wp","href":"https:\/\/api.w.org\/{rel}","templated":true}]}}