{"id":7423,"date":"2025-08-19T15:25:54","date_gmt":"2025-08-19T15:25:54","guid":{"rendered":"https:\/\/www.usborkeychain.com\/?post_type=product&#038;p=7423"},"modified":"2025-09-15T04:35:42","modified_gmt":"2025-09-15T04:35:42","slug":"type-c-swivel-usb-flash-drive","status":"publish","type":"product","link":"https:\/\/www.usborkeychain.com\/fr\/produit\/type-c-swivel-usb-flash-drive\/","title":{"rendered":"Cl\u00e9 USB Type-C pivotante"},"content":{"rendered":"<div class=\"wp-block-columns are-vertically-aligned-center is-layout-flex wp-container-core-columns-is-layout-28f84493 wp-block-columns-is-layout-flex\">\n<div class=\"wp-block-column is-vertically-aligned-center is-layout-flow wp-block-column-is-layout-flow\">\n<p>Le <strong>Cl\u00e9 USB Type-C pivotante<\/strong> adopte une structure composite en m\u00e9tal et en plastique. Le corps principal est constitu\u00e9 d'une coque en alliage d'aluminium, trait\u00e9e par anodisation pour pr\u00e9senter une texture fine et mate, am\u00e9liorant la r\u00e9sistance \u00e0 l'usure et la dissipation de la chaleur. Le composant rotatif est fabriqu\u00e9 en plastique technique ABS, garantissant l'absence de perte apr\u00e8s 10 000 rotations, tout en conciliant l\u00e9g\u00e8ret\u00e9 et durabilit\u00e9.<\/p>\n\n\n\n<p>La structure rotative \u00e0 360\u00b0 permet de passer d'une interface \u00e0 l'autre en toute transparence. <strong>USB-A<\/strong> (interface informatique traditionnelle) et<strong> Type-C<\/strong> (interfaces pour t\u00e9l\u00e9phones mobiles\/tablettes\/nouveaux ordinateurs portables), compatible avec plus de 95% d'appareils grand public.<\/p>\n\n\n\n<p>Lorsqu'elles sont tourn\u00e9es, les interfaces se rangent naturellement, ce qui \u00e9vite de perdre le capuchon des cl\u00e9s USB traditionnelles. Certains mod\u00e8les sont \u00e9quip\u00e9s de capuchons en silicone anti-poussi\u00e8re pour mieux bloquer la poussi\u00e8re et prolonger la dur\u00e9e de vie des interfaces.<\/p>\n<\/div>\n\n\n\n<div class=\"wp-block-column is-vertically-aligned-center is-layout-flow wp-block-column-is-layout-flow\">\n<figure class=\"wp-block-image size-full\"><img alt=\"\" fetchpriority=\"high\" decoding=\"async\" width=\"800\" height=\"800\" src=\"https:\/\/www.usborkeychain.com\/wp-content\/uploads\/metal-rotating-usb-flash-drive.png\" class=\"wp-image-7428\" srcset=\"https:\/\/www.usborkeychain.com\/wp-content\/uploads\/metal-rotating-usb-flash-drive.png 800w, https:\/\/www.usborkeychain.com\/wp-content\/uploads\/metal-rotating-usb-flash-drive-300x300.png 300w, https:\/\/www.usborkeychain.com\/wp-content\/uploads\/metal-rotating-usb-flash-drive-150x150.png 150w, https:\/\/www.usborkeychain.com\/wp-content\/uploads\/metal-rotating-usb-flash-drive-768x768.png 768w, https:\/\/www.usborkeychain.com\/wp-content\/uploads\/metal-rotating-usb-flash-drive-12x12.png 12w, https:\/\/www.usborkeychain.com\/wp-content\/uploads\/metal-rotating-usb-flash-drive-600x600.png 600w, https:\/\/www.usborkeychain.com\/wp-content\/uploads\/metal-rotating-usb-flash-drive-100x100.png 100w\" sizes=\"(max-width: 800px) 100vw, 800px\" \/><\/figure>\n<\/div>\n<\/div>\n\n\n\n<div class=\"wp-block-columns is-layout-flex wp-container-core-columns-is-layout-28f84493 wp-block-columns-is-layout-flex\">\n<div class=\"wp-block-column is-layout-flow wp-block-column-is-layout-flow\">\n<figure class=\"wp-block-image size-full\"><img alt=\"\" decoding=\"async\" width=\"800\" height=\"800\" src=\"https:\/\/www.usborkeychain.com\/wp-content\/uploads\/swivel-usb-flash-drive.png\" class=\"wp-image-7430\" srcset=\"https:\/\/www.usborkeychain.com\/wp-content\/uploads\/swivel-usb-flash-drive.png 800w, https:\/\/www.usborkeychain.com\/wp-content\/uploads\/swivel-usb-flash-drive-300x300.png 300w, https:\/\/www.usborkeychain.com\/wp-content\/uploads\/swivel-usb-flash-drive-150x150.png 150w, https:\/\/www.usborkeychain.com\/wp-content\/uploads\/swivel-usb-flash-drive-768x768.png 768w, https:\/\/www.usborkeychain.com\/wp-content\/uploads\/swivel-usb-flash-drive-12x12.png 12w, https:\/\/www.usborkeychain.com\/wp-content\/uploads\/swivel-usb-flash-drive-600x600.png 600w, https:\/\/www.usborkeychain.com\/wp-content\/uploads\/swivel-usb-flash-drive-100x100.png 100w\" sizes=\"(max-width: 800px) 100vw, 800px\" \/><\/figure>\n\n\n\n<p>S\u00e9rie de couleurs unies : 11 couleurs de base sont disponibles (jaune, rouge, rose, noir, violet, vert, bleu, bleu ciel, orange, blanc, rose), ce qui permet de faire correspondre avec pr\u00e9cision les couleurs de la marque VI.<\/p>\n<\/div>\n\n\n\n<div class=\"wp-block-column is-layout-flow wp-block-column-is-layout-flow\">\n<figure class=\"wp-block-image size-full\"><img alt=\"\" decoding=\"async\" width=\"800\" height=\"800\" src=\"https:\/\/www.usborkeychain.com\/wp-content\/uploads\/Type-c-rotating-usb-dirve.jpg\" class=\"wp-image-7431\" srcset=\"https:\/\/www.usborkeychain.com\/wp-content\/uploads\/Type-c-rotating-usb-dirve.jpg 800w, https:\/\/www.usborkeychain.com\/wp-content\/uploads\/Type-c-rotating-usb-dirve-300x300.jpg 300w, https:\/\/www.usborkeychain.com\/wp-content\/uploads\/Type-c-rotating-usb-dirve-150x150.jpg 150w, https:\/\/www.usborkeychain.com\/wp-content\/uploads\/Type-c-rotating-usb-dirve-768x768.jpg 768w, https:\/\/www.usborkeychain.com\/wp-content\/uploads\/Type-c-rotating-usb-dirve-12x12.jpg 12w, https:\/\/www.usborkeychain.com\/wp-content\/uploads\/Type-c-rotating-usb-dirve-600x600.jpg 600w, https:\/\/www.usborkeychain.com\/wp-content\/uploads\/Type-c-rotating-usb-dirve-100x100.jpg 100w\" sizes=\"(max-width: 800px) 100vw, 800px\" \/><\/figure>\n\n\n\n<p>Blocage des couleurs bicolores : Par exemple, bleu + argent, rouge + argent. L'\u00e9clat du m\u00e9tal et la brillance du plastique forment un contraste visuel qui renforce la reconnaissance du produit, ce qui convient aux sc\u00e9narios de cadeaux haut de gamme.<\/p>\n<\/div>\n<\/div>\n\n\n\n<h2 class=\"wp-block-heading\">Param\u00e8tres de base<\/h2>\n\n\n\n<figure class=\"wp-block-table\"><table class=\"has-fixed-layout\"><thead><tr><th>Cat\u00e9gorie de param\u00e8tres<\/th><th>D\u00e9tails<\/th><\/tr><\/thead><tbody><tr><td>Capacit\u00e9 de stockage<\/td><td>8GB \/ 16GB \/ 32GB \/ 64GB \/ 128GB<\/td><\/tr><tr><td>Protocole d'interface<\/td><td>Interface USB 2.0 (r\u00e9trocompatible) + Type-C, compatible avec Windows, MacOS, Android et d'autres syst\u00e8mes.<\/td><\/tr><tr><td>Dimensions physiques (longueur \u00d7 largeur \u00d7 \u00e9paisseur)<\/td><td>58mm \u00d7 19mm \u00d7 10mm<\/td><\/tr><tr><td>Poids<\/td><td>Environ 10 grammes<\/td><\/tr><tr><td>Processus de personnalisation du LOGO<\/td><td>Impression UV : Couleurs satur\u00e9es, adapt\u00e9es aux motifs complexes (tels que les d\u00e9grad\u00e9s, les LOGO multicolores).<br>Gravure au laser : Gravure fine sur des surfaces m\u00e9talliques, avec une texture haut de gamme<br>La s\u00e9rigraphie : Faible co\u00fbt, convient \u00e0 la personnalisation en masse de textes\/motifs de grande taille.<\/td><\/tr><\/tbody><\/table><\/figure>\n\n\n\n<h2 class=\"wp-block-heading\">Quelles sont les entreprises qui pr\u00e9f\u00e8rent cette cl\u00e9 USB ?<\/h2>\n\n\n\n<div class=\"wp-block-columns is-layout-flex wp-container-core-columns-is-layout-28f84493 wp-block-columns-is-layout-flex\">\n<div class=\"wp-block-column is-layout-flow wp-block-column-is-layout-flow\">\n<figure class=\"wp-block-image size-full\"><img alt=\"\" loading=\"lazy\" decoding=\"async\" width=\"800\" height=\"800\" src=\"https:\/\/www.usborkeychain.com\/wp-content\/uploads\/custom-swivel-usb-flash-drive-1.png\" class=\"wp-image-7426\" srcset=\"https:\/\/www.usborkeychain.com\/wp-content\/uploads\/custom-swivel-usb-flash-drive-1.png 800w, https:\/\/www.usborkeychain.com\/wp-content\/uploads\/custom-swivel-usb-flash-drive-1-300x300.png 300w, https:\/\/www.usborkeychain.com\/wp-content\/uploads\/custom-swivel-usb-flash-drive-1-150x150.png 150w, https:\/\/www.usborkeychain.com\/wp-content\/uploads\/custom-swivel-usb-flash-drive-1-768x768.png 768w, https:\/\/www.usborkeychain.com\/wp-content\/uploads\/custom-swivel-usb-flash-drive-1-12x12.png 12w, https:\/\/www.usborkeychain.com\/wp-content\/uploads\/custom-swivel-usb-flash-drive-1-600x600.png 600w, https:\/\/www.usborkeychain.com\/wp-content\/uploads\/custom-swivel-usb-flash-drive-1-100x100.png 100w\" sizes=\"(max-width: 800px) 100vw, 800px\" \/><\/figure>\n\n\n\n<p>Les entreprises technologiques : Les \u00e9diteurs de logiciels l'utilisent pour stocker des programmes b\u00eata et les fabricants de mat\u00e9riel informatique pour pr\u00e9installer des manuels de produits. Ses interfaces doubles sont compatibles avec de nombreux appareils de R&amp;D et de bureau.<\/p>\n\n\n\n<p>Les entreprises d'organisation d'\u00e9v\u00e9nements : Lors de r\u00e9unions et d'expositions, il stocke les agendas et les informations sur les invit\u00e9s (avec une capacit\u00e9 l\u00e9g\u00e8re de 8 Go), ce qui est \u00e0 la fois pratique et m\u00e9morable.<\/p>\n<\/div>\n\n\n\n<div class=\"wp-block-column is-layout-flow wp-block-column-is-layout-flow\">\n<figure class=\"wp-block-image size-full\"><img alt=\"\" loading=\"lazy\" decoding=\"async\" width=\"800\" height=\"800\" src=\"https:\/\/www.usborkeychain.com\/wp-content\/uploads\/Customed-Plasic-USB-Flash-Drive.png\" class=\"wp-image-7427\" srcset=\"https:\/\/www.usborkeychain.com\/wp-content\/uploads\/Customed-Plasic-USB-Flash-Drive.png 800w, https:\/\/www.usborkeychain.com\/wp-content\/uploads\/Customed-Plasic-USB-Flash-Drive-300x300.png 300w, https:\/\/www.usborkeychain.com\/wp-content\/uploads\/Customed-Plasic-USB-Flash-Drive-150x150.png 150w, https:\/\/www.usborkeychain.com\/wp-content\/uploads\/Customed-Plasic-USB-Flash-Drive-768x768.png 768w, https:\/\/www.usborkeychain.com\/wp-content\/uploads\/Customed-Plasic-USB-Flash-Drive-12x12.png 12w, https:\/\/www.usborkeychain.com\/wp-content\/uploads\/Customed-Plasic-USB-Flash-Drive-600x600.png 600w, https:\/\/www.usborkeychain.com\/wp-content\/uploads\/Customed-Plasic-USB-Flash-Drive-100x100.png 100w\" sizes=\"(max-width: 800px) 100vw, 800px\" \/><\/figure>\n\n\n\n<p>\u00c9tablissements d'enseignement : Les enseignants stockent des didacticiels et des mod\u00e8les de devoirs ; les \u00e9tudiants peuvent se connecter directement aux tablettes via l'interface Type-C, et l'interface USB est compatible avec les ordinateurs de la salle de classe.<\/p>\n\n\n\n<p>les services administratifs de l'entreprise : Lors de l'arriv\u00e9e de nouveaux employ\u00e9s, il stocke les manuels des employ\u00e9s et les vid\u00e9os de formation (avec une capacit\u00e9 de base de 16 Go), ce qui simplifie les processus sur papier.<\/p>\n<\/div>\n<\/div>\n\n\n\n<div class=\"wp-block-columns is-layout-flex wp-container-core-columns-is-layout-28f84493 wp-block-columns-is-layout-flex\">\n<div class=\"wp-block-column is-layout-flow wp-block-column-is-layout-flow\">\n<figure class=\"wp-block-image size-full\"><img alt=\"\" loading=\"lazy\" decoding=\"async\" width=\"800\" height=\"800\" src=\"https:\/\/www.usborkeychain.com\/wp-content\/uploads\/Plastic-rotating-USB-drives.png\" class=\"wp-image-7429\" srcset=\"https:\/\/www.usborkeychain.com\/wp-content\/uploads\/Plastic-rotating-USB-drives.png 800w, https:\/\/www.usborkeychain.com\/wp-content\/uploads\/Plastic-rotating-USB-drives-300x300.png 300w, https:\/\/www.usborkeychain.com\/wp-content\/uploads\/Plastic-rotating-USB-drives-150x150.png 150w, https:\/\/www.usborkeychain.com\/wp-content\/uploads\/Plastic-rotating-USB-drives-768x768.png 768w, https:\/\/www.usborkeychain.com\/wp-content\/uploads\/Plastic-rotating-USB-drives-12x12.png 12w, https:\/\/www.usborkeychain.com\/wp-content\/uploads\/Plastic-rotating-USB-drives-600x600.png 600w, https:\/\/www.usborkeychain.com\/wp-content\/uploads\/Plastic-rotating-USB-drives-100x100.png 100w\" sizes=\"(max-width: 800px) 100vw, 800px\" \/><\/figure>\n<\/div>\n\n\n\n<div class=\"wp-block-column is-vertically-aligned-center is-layout-flow wp-block-column-is-layout-flow\">\n<p>Cette cl\u00e9 USB haute vitesse offre des capacit\u00e9s de stockage polyvalentes allant de 8 Go \u00e0 128 Go. Elle est dot\u00e9e d'un design m\u00e9tallique durable et d'une interface USB 2.0 pour un transfert de donn\u00e9es fiable. <\/p>\n\n\n\n<p>Il prend en charge l'impression UV personnalis\u00e9e pour le marquage et est assorti d'une garantie d'un an assurant la qualit\u00e9 et le service apr\u00e8s-vente, y compris les options de retour, de remplacement et de r\u00e9paration.<\/p>\n<\/div>\n<\/div>","protected":false},"excerpt":{"rendered":"<ul>\n<li>Couleur pivotante personnalis\u00e9e<\/li>\n<li>Plastique \/ m\u00e9tal pivotant<\/li>\n<li>Impression UV<\/li>\n<li>Couleur(s):Jaune, Rouge, Noir rose, Violet, Vert, Bleu, Bleu ciel, Orange, Rose, Blanc<\/li>\n<li>MOQ:100pcs<\/li>\n<\/ul>","protected":false},"featured_media":7428,"comment_status":"open","ping_status":"closed","template":"","meta":{"_seopress_robots_primary_cat":"","_seopress_titles_title":"","_seopress_titles_desc":"","_seopress_robots_index":"","site-sidebar-layout":"default","site-content-layout":"","ast-site-content-layout":"","site-content-style":"default","site-sidebar-style":"default","ast-global-header-display":"","ast-banner-title-visibility":"","ast-main-header-display":"","ast-hfb-above-header-display":"","ast-hfb-below-header-display":"","ast-hfb-mobile-header-display":"","site-post-title":"","ast-breadcrumbs-content":"","ast-featured-img":"","footer-sml-layout":"","theme-transparent-header-meta":"","adv-header-id-meta":"","stick-header-meta":"","header-above-stick-meta":"","header-main-stick-meta":"","header-below-stick-meta":"","astra-migrate-meta-layouts":"default","ast-page-background-enabled":"default","ast-page-background-meta":{"desktop":{"background-color":"var(--ast-global-color-5)","background-image":"","background-repeat":"repeat","background-position":"center center","background-size":"auto","background-attachment":"scroll","background-type":"","background-media":"","overlay-type":"","overlay-color":"","overlay-opacity":"","overlay-gradient":""},"tablet":{"background-color":"","background-image":"","background-repeat":"repeat","background-position":"center center","background-size":"auto","background-attachment":"scroll","background-type":"","background-media":"","overlay-type":"","overlay-color":"","overlay-opacity":"","overlay-gradient":""},"mobile":{"background-color":"","background-image":"","background-repeat":"repeat","background-position":"center center","background-size":"auto","background-attachment":"scroll","background-type":"","background-media":"","overlay-type":"","overlay-color":"","overlay-opacity":"","overlay-gradient":""}},"ast-content-background-meta":{"desktop":{"background-color":"var(--ast-global-color-4)","background-image":"","background-repeat":"repeat","background-position":"center center","background-size":"auto","background-attachment":"scroll","background-type":"","background-media":"","overlay-type":"","overlay-color":"","overlay-opacity":"","overlay-gradient":""},"tablet":{"background-color":"var(--ast-global-color-4)","background-image":"","background-repeat":"repeat","background-position":"center center","background-size":"auto","background-attachment":"scroll","background-type":"","background-media":"","overlay-type":"","overlay-color":"","overlay-opacity":"","overlay-gradient":""},"mobile":{"background-color":"var(--ast-global-color-4)","background-image":"","background-repeat":"repeat","background-position":"center center","background-size":"auto","background-attachment":"scroll","background-type":"","background-media":"","overlay-type":"","overlay-color":"","overlay-opacity":"","overlay-gradient":""}}},"product_brand":[],"product_cat":[89,106],"product_tag":[405],"class_list":{"0":"post-7423","1":"product","2":"type-product","3":"status-publish","4":"has-post-thumbnail","6":"product_cat-metal-usb-pendrive","7":"product_cat-rotating-usb-pendrive","8":"product_tag-plastic-rotating-usb-drive","9":"desktop-align-left","10":"tablet-align-left","11":"mobile-align-left","13":"first","14":"instock","15":"shipping-taxable","16":"product-type-simple"},"_links":{"self":[{"href":"https:\/\/www.usborkeychain.com\/fr\/wp-json\/wp\/v2\/product\/7423","targetHints":{"allow":["GET"]}}],"collection":[{"href":"https:\/\/www.usborkeychain.com\/fr\/wp-json\/wp\/v2\/product"}],"about":[{"href":"https:\/\/www.usborkeychain.com\/fr\/wp-json\/wp\/v2\/types\/product"}],"replies":[{"embeddable":true,"href":"https:\/\/www.usborkeychain.com\/fr\/wp-json\/wp\/v2\/comments?post=7423"}],"wp:featuredmedia":[{"embeddable":true,"href":"https:\/\/www.usborkeychain.com\/fr\/wp-json\/wp\/v2\/media\/7428"}],"wp:attachment":[{"href":"https:\/\/www.usborkeychain.com\/fr\/wp-json\/wp\/v2\/media?parent=7423"}],"wp:term":[{"taxonomy":"product_brand","embeddable":true,"href":"https:\/\/www.usborkeychain.com\/fr\/wp-json\/wp\/v2\/product_brand?post=7423"},{"taxonomy":"product_cat","embeddable":true,"href":"https:\/\/www.usborkeychain.com\/fr\/wp-json\/wp\/v2\/product_cat?post=7423"},{"taxonomy":"product_tag","embeddable":true,"href":"https:\/\/www.usborkeychain.com\/fr\/wp-json\/wp\/v2\/product_tag?post=7423"}],"curies":[{"name":"wp","href":"https:\/\/api.w.org\/{rel}","templated":true}]}}