{"id":7677,"date":"2025-09-14T11:33:07","date_gmt":"2025-09-14T11:33:07","guid":{"rendered":"https:\/\/www.usborkeychain.com\/?post_type=product&#038;p=7677"},"modified":"2025-09-15T04:37:01","modified_gmt":"2025-09-15T04:37:01","slug":"porsche-usb-stick","status":"publish","type":"product","link":"https:\/\/www.usborkeychain.com\/fr\/produit\/porsche-usb-stick\/","title":{"rendered":"Cl\u00e9 USB Porsche"},"content":{"rendered":"<div class=\"wp-block-columns is-layout-flex wp-container-core-columns-is-layout-28f84493 wp-block-columns-is-layout-flex\">\n<div class=\"wp-block-column is-vertically-aligned-center is-layout-flow wp-block-column-is-layout-flow\">\n<p><strong>Cl\u00e9 USB Porsche<\/strong> est con\u00e7ue sur la base de la cl\u00e9 de voiture Porsche classique, reproduisant avec pr\u00e9cision l'embl\u00e8me de la marque, la disposition des boutons et la texture noir-argent. Elle allie l'attrait visuel luxueux d'une cl\u00e9 de voiture \u00e0 la fonctionnalit\u00e9 pratique d'une cl\u00e9 USB. Elle est tr\u00e8s appr\u00e9ci\u00e9e des passionn\u00e9s d'automobile et des amateurs de num\u00e9rique.<\/p>\n<\/div>\n\n\n\n<div class=\"wp-block-column is-layout-flow wp-block-column-is-layout-flow\">\n<figure class=\"wp-block-image size-full\"><img alt=\"\" fetchpriority=\"high\" decoding=\"async\" width=\"800\" height=\"800\" src=\"https:\/\/www.usborkeychain.com\/wp-content\/uploads\/porsche-key-usb-memory-stick.jpg\" class=\"wp-image-7681\" srcset=\"https:\/\/www.usborkeychain.com\/wp-content\/uploads\/porsche-key-usb-memory-stick.jpg 800w, https:\/\/www.usborkeychain.com\/wp-content\/uploads\/porsche-key-usb-memory-stick-300x300.jpg 300w, https:\/\/www.usborkeychain.com\/wp-content\/uploads\/porsche-key-usb-memory-stick-150x150.jpg 150w, https:\/\/www.usborkeychain.com\/wp-content\/uploads\/porsche-key-usb-memory-stick-768x768.jpg 768w, https:\/\/www.usborkeychain.com\/wp-content\/uploads\/porsche-key-usb-memory-stick-12x12.jpg 12w, https:\/\/www.usborkeychain.com\/wp-content\/uploads\/porsche-key-usb-memory-stick-600x600.jpg 600w, https:\/\/www.usborkeychain.com\/wp-content\/uploads\/porsche-key-usb-memory-stick-100x100.jpg 100w\" sizes=\"(max-width: 800px) 100vw, 800px\" \/><\/figure>\n<\/div>\n<\/div>\n\n\n\n<h2 class=\"wp-block-heading\">Tableau des param\u00e8tres de la cl\u00e9 USB<\/h2>\n\n\n\n<figure class=\"wp-block-table\"><table class=\"has-fixed-layout\"><tbody><tr><td>Cat\u00e9gorie de param\u00e8tres<\/td><td>Informations sp\u00e9cifiques<\/td><\/tr><tr><td>Capacit\u00e9 de stockage<\/td><td>8GB, 16GB, 32GB, 64GB, 128GB<\/td><\/tr><tr><td>Poids du produit<\/td><td>0,1 kg<\/td><\/tr><tr><td>Dimensions<\/td><td>Environ 80 mm \u00d7 30 mm \u00d7 15 mm<\/td><\/tr><tr><td>Type d'interface<\/td><td>USB 2.0, USB 3.0<\/td><\/tr><tr><td>Mat\u00e9riau principal<\/td><td>M\u00e9tal + plastique<\/td><\/tr><\/tbody><\/table><\/figure>\n\n\n\n<h2 class=\"wp-block-heading\">Description<\/h2>\n\n\n\n<div class=\"wp-block-columns is-layout-flex wp-container-core-columns-is-layout-28f84493 wp-block-columns-is-layout-flex\">\n<div class=\"wp-block-column is-layout-flow wp-block-column-is-layout-flow\">\n<figure class=\"wp-block-image size-full\"><img alt=\"\" decoding=\"async\" width=\"800\" height=\"800\" src=\"https:\/\/www.usborkeychain.com\/wp-content\/uploads\/porsche-key-usb-stick.png\" class=\"wp-image-7682\" srcset=\"https:\/\/www.usborkeychain.com\/wp-content\/uploads\/porsche-key-usb-stick.png 800w, https:\/\/www.usborkeychain.com\/wp-content\/uploads\/porsche-key-usb-stick-300x300.png 300w, https:\/\/www.usborkeychain.com\/wp-content\/uploads\/porsche-key-usb-stick-150x150.png 150w, https:\/\/www.usborkeychain.com\/wp-content\/uploads\/porsche-key-usb-stick-768x768.png 768w, https:\/\/www.usborkeychain.com\/wp-content\/uploads\/porsche-key-usb-stick-12x12.png 12w, https:\/\/www.usborkeychain.com\/wp-content\/uploads\/porsche-key-usb-stick-600x600.png 600w, https:\/\/www.usborkeychain.com\/wp-content\/uploads\/porsche-key-usb-stick-100x100.png 100w\" sizes=\"(max-width: 800px) 100vw, 800px\" \/><\/figure>\n<\/div>\n\n\n\n<div class=\"wp-block-column is-vertically-aligned-center is-layout-flow wp-block-column-is-layout-flow\">\n<p>Le pr\u00e9sent <strong>Cl\u00e9 USB Porsche Design<\/strong>  La face avant porte l'embl\u00e8me de la cl\u00e9 de voiture Porsche, et un voyant LED rouge s'allume lorsque la cl\u00e9 USB est connect\u00e9e \u00e0 un appareil, ce qui permet de voir clairement l'\u00e9tat de la connexion d'un seul coup d'\u0153il. Un m\u00e9canisme coulissant situ\u00e9 dans la partie inf\u00e9rieure permet de prot\u00e9ger l'interface USB lorsqu'elle n'est pas utilis\u00e9e.<\/p>\n<\/div>\n<\/div>\n\n\n\n<div class=\"wp-block-columns is-layout-flex wp-container-core-columns-is-layout-28f84493 wp-block-columns-is-layout-flex\">\n<div class=\"wp-block-column is-vertically-aligned-center is-layout-flow wp-block-column-is-layout-flow\">\n<p>La conception coulissante du <strong>Cl\u00e9 USB Porsche<\/strong> La cl\u00e9 USB Porsche est tr\u00e8s appr\u00e9ci\u00e9e par les fans de Porsche, les professionnels et les soci\u00e9t\u00e9s de vente d'automobiles. <\/p>\n\n\n\n<p>Il peut servir d'objet de collection tout en \u00e9tant utilis\u00e9 pour stocker des photos et des documents. Dans des sc\u00e9narios tels que les r\u00e9unions d'affaires et les communications avec les clients, il peut mettre en valeur le go\u00fbt personnel et l'individualit\u00e9. En tant que cadeau num\u00e9rique haut de gamme, il convient mieux aux parents et aux amis qui aiment Porsche et m\u00e8nent une vie de qualit\u00e9.<\/p>\n<\/div>\n\n\n\n<div class=\"wp-block-column is-layout-flow wp-block-column-is-layout-flow\">\n<figure class=\"wp-block-image size-full\"><img alt=\"\" decoding=\"async\" width=\"800\" height=\"800\" src=\"https:\/\/www.usborkeychain.com\/wp-content\/uploads\/porsche-usb-memory-stick.jpg\" class=\"wp-image-7683\" srcset=\"https:\/\/www.usborkeychain.com\/wp-content\/uploads\/porsche-usb-memory-stick.jpg 800w, https:\/\/www.usborkeychain.com\/wp-content\/uploads\/porsche-usb-memory-stick-300x300.jpg 300w, https:\/\/www.usborkeychain.com\/wp-content\/uploads\/porsche-usb-memory-stick-150x150.jpg 150w, https:\/\/www.usborkeychain.com\/wp-content\/uploads\/porsche-usb-memory-stick-768x768.jpg 768w, https:\/\/www.usborkeychain.com\/wp-content\/uploads\/porsche-usb-memory-stick-12x12.jpg 12w, https:\/\/www.usborkeychain.com\/wp-content\/uploads\/porsche-usb-memory-stick-600x600.jpg 600w, https:\/\/www.usborkeychain.com\/wp-content\/uploads\/porsche-usb-memory-stick-100x100.jpg 100w\" sizes=\"(max-width: 800px) 100vw, 800px\" \/><\/figure>\n<\/div>\n<\/div>\n\n\n\n<div class=\"wp-block-columns is-layout-flex wp-container-core-columns-is-layout-28f84493 wp-block-columns-is-layout-flex\">\n<div class=\"wp-block-column is-layout-flow wp-block-column-is-layout-flow\">\n<figure class=\"wp-block-image size-full\"><img alt=\"\" loading=\"lazy\" decoding=\"async\" width=\"800\" height=\"800\" src=\"https:\/\/www.usborkeychain.com\/wp-content\/uploads\/porsche-design-usb-stick.png\" class=\"wp-image-7680\" srcset=\"https:\/\/www.usborkeychain.com\/wp-content\/uploads\/porsche-design-usb-stick.png 800w, https:\/\/www.usborkeychain.com\/wp-content\/uploads\/porsche-design-usb-stick-300x300.png 300w, https:\/\/www.usborkeychain.com\/wp-content\/uploads\/porsche-design-usb-stick-150x150.png 150w, https:\/\/www.usborkeychain.com\/wp-content\/uploads\/porsche-design-usb-stick-768x768.png 768w, https:\/\/www.usborkeychain.com\/wp-content\/uploads\/porsche-design-usb-stick-12x12.png 12w, https:\/\/www.usborkeychain.com\/wp-content\/uploads\/porsche-design-usb-stick-600x600.png 600w, https:\/\/www.usborkeychain.com\/wp-content\/uploads\/porsche-design-usb-stick-100x100.png 100w\" sizes=\"(max-width: 800px) 100vw, 800px\" \/><\/figure>\n<\/div>\n\n\n\n<div class=\"wp-block-column is-vertically-aligned-center is-layout-flow wp-block-column-is-layout-flow\">\n<p>Le <strong>Cl\u00e9 Porsche Cl\u00e9 USB<\/strong>Avec son design de \"cl\u00e9 de voiture Porsche\", ses excellents param\u00e8tres de stockage et sa capacit\u00e9 d'adaptation aux sentiments des fans ainsi qu'aux sc\u00e9narios de travail et de cadeaux, la cl\u00e9 USB est devenue un produit distinctif sur le march\u00e9 qui allie \"beaut\u00e9\" et \"praticit\u00e9\".<\/p>\n\n\n\n<p><strong>Youshan<\/strong> En tant que fabricant professionnel de cl\u00e9s USB, l'entreprise propose une conception et des \u00e9chantillons gratuits, offrant ainsi un service complet couvrant la conception, le moulage, l'\u00e9chantillonnage, la production et l'emballage des cl\u00e9s USB.<\/p>\n<\/div>\n<\/div>","protected":false},"excerpt":{"rendered":"<ul>\n<li>Cl\u00e9 USB Cl\u00e9 Porsche<\/li>\n<li>Mat\u00e9riau : PVC<\/li>\n<li>M\u00e9canisme coulissant pour l'extension du b\u00e2ton<\/li>\n<li>Couleur noir \/ chrome<\/li>\n<li>Porsche WAP0507150M001<\/li>\n<\/ul>","protected":false},"featured_media":7684,"comment_status":"open","ping_status":"closed","template":"","meta":{"_seopress_robots_primary_cat":"","_seopress_titles_title":"","_seopress_titles_desc":"","_seopress_robots_index":"","site-sidebar-layout":"default","site-content-layout":"","ast-site-content-layout":"","site-content-style":"default","site-sidebar-style":"default","ast-global-header-display":"","ast-banner-title-visibility":"","ast-main-header-display":"","ast-hfb-above-header-display":"","ast-hfb-below-header-display":"","ast-hfb-mobile-header-display":"","site-post-title":"","ast-breadcrumbs-content":"","ast-featured-img":"disabled","footer-sml-layout":"","theme-transparent-header-meta":"","adv-header-id-meta":"","stick-header-meta":"","header-above-stick-meta":"","header-main-stick-meta":"","header-below-stick-meta":"","astra-migrate-meta-layouts":"default","ast-page-background-enabled":"default","ast-page-background-meta":{"desktop":{"background-color":"var(--ast-global-color-5)","background-image":"","background-repeat":"repeat","background-position":"center center","background-size":"auto","background-attachment":"scroll","background-type":"","background-media":"","overlay-type":"","overlay-color":"","overlay-opacity":"","overlay-gradient":""},"tablet":{"background-color":"","background-image":"","background-repeat":"repeat","background-position":"center center","background-size":"auto","background-attachment":"scroll","background-type":"","background-media":"","overlay-type":"","overlay-color":"","overlay-opacity":"","overlay-gradient":""},"mobile":{"background-color":"","background-image":"","background-repeat":"repeat","background-position":"center center","background-size":"auto","background-attachment":"scroll","background-type":"","background-media":"","overlay-type":"","overlay-color":"","overlay-opacity":"","overlay-gradient":""}},"ast-content-background-meta":{"desktop":{"background-color":"var(--ast-global-color-4)","background-image":"","background-repeat":"repeat","background-position":"center center","background-size":"auto","background-attachment":"scroll","background-type":"","background-media":"","overlay-type":"","overlay-color":"","overlay-opacity":"","overlay-gradient":""},"tablet":{"background-color":"var(--ast-global-color-4)","background-image":"","background-repeat":"repeat","background-position":"center center","background-size":"auto","background-attachment":"scroll","background-type":"","background-media":"","overlay-type":"","overlay-color":"","overlay-opacity":"","overlay-gradient":""},"mobile":{"background-color":"var(--ast-global-color-4)","background-image":"","background-repeat":"repeat","background-position":"center center","background-size":"auto","background-attachment":"scroll","background-type":"","background-media":"","overlay-type":"","overlay-color":"","overlay-opacity":"","overlay-gradient":""}}},"product_brand":[],"product_cat":[108,92],"product_tag":[],"class_list":{"0":"post-7677","1":"product","2":"type-product","3":"status-publish","4":"has-post-thumbnail","6":"product_cat-key-shaped-usb-pendrive","7":"product_cat-plastic-usb-pendrive","8":"desktop-align-left","9":"tablet-align-left","10":"mobile-align-left","12":"first","13":"instock","14":"shipping-taxable","15":"product-type-simple"},"_links":{"self":[{"href":"https:\/\/www.usborkeychain.com\/fr\/wp-json\/wp\/v2\/product\/7677","targetHints":{"allow":["GET"]}}],"collection":[{"href":"https:\/\/www.usborkeychain.com\/fr\/wp-json\/wp\/v2\/product"}],"about":[{"href":"https:\/\/www.usborkeychain.com\/fr\/wp-json\/wp\/v2\/types\/product"}],"replies":[{"embeddable":true,"href":"https:\/\/www.usborkeychain.com\/fr\/wp-json\/wp\/v2\/comments?post=7677"}],"wp:featuredmedia":[{"embeddable":true,"href":"https:\/\/www.usborkeychain.com\/fr\/wp-json\/wp\/v2\/media\/7684"}],"wp:attachment":[{"href":"https:\/\/www.usborkeychain.com\/fr\/wp-json\/wp\/v2\/media?parent=7677"}],"wp:term":[{"taxonomy":"product_brand","embeddable":true,"href":"https:\/\/www.usborkeychain.com\/fr\/wp-json\/wp\/v2\/product_brand?post=7677"},{"taxonomy":"product_cat","embeddable":true,"href":"https:\/\/www.usborkeychain.com\/fr\/wp-json\/wp\/v2\/product_cat?post=7677"},{"taxonomy":"product_tag","embeddable":true,"href":"https:\/\/www.usborkeychain.com\/fr\/wp-json\/wp\/v2\/product_tag?post=7677"}],"curies":[{"name":"wp","href":"https:\/\/api.w.org\/{rel}","templated":true}]}}