{"id":7685,"date":"2025-09-14T13:14:03","date_gmt":"2025-09-14T13:14:03","guid":{"rendered":"https:\/\/www.usborkeychain.com\/?post_type=product&#038;p=7685"},"modified":"2025-09-15T04:36:21","modified_gmt":"2025-09-15T04:36:21","slug":"star-swivel-usb-flash-drive","status":"publish","type":"product","link":"https:\/\/www.usborkeychain.com\/fr\/produit\/star-swivel-usb-flash-drive\/","title":{"rendered":"Cl\u00e9 USB Star Swivel"},"content":{"rendered":"<div class=\"wp-block-columns is-layout-flex wp-container-core-columns-is-layout-28f84493 wp-block-columns-is-layout-flex\">\n<div class=\"wp-block-column is-layout-flow wp-block-column-is-layout-flow\">\n<figure class=\"wp-block-image size-full\"><img alt=\"\" fetchpriority=\"high\" decoding=\"async\" width=\"800\" height=\"800\" src=\"https:\/\/www.usborkeychain.com\/wp-content\/uploads\/cba56fdc764d4423a24384d23f2a399d.jpg\" class=\"wp-image-7692\" srcset=\"https:\/\/www.usborkeychain.com\/wp-content\/uploads\/cba56fdc764d4423a24384d23f2a399d.jpg 800w, https:\/\/www.usborkeychain.com\/wp-content\/uploads\/cba56fdc764d4423a24384d23f2a399d-300x300.jpg 300w, https:\/\/www.usborkeychain.com\/wp-content\/uploads\/cba56fdc764d4423a24384d23f2a399d-150x150.jpg 150w, https:\/\/www.usborkeychain.com\/wp-content\/uploads\/cba56fdc764d4423a24384d23f2a399d-768x768.jpg 768w, https:\/\/www.usborkeychain.com\/wp-content\/uploads\/cba56fdc764d4423a24384d23f2a399d-12x12.jpg 12w, https:\/\/www.usborkeychain.com\/wp-content\/uploads\/cba56fdc764d4423a24384d23f2a399d-600x600.jpg 600w, https:\/\/www.usborkeychain.com\/wp-content\/uploads\/cba56fdc764d4423a24384d23f2a399d-100x100.jpg 100w\" sizes=\"(max-width: 800px) 100vw, 800px\" \/><\/figure>\n<\/div>\n\n\n\n<div class=\"wp-block-column is-vertically-aligned-center is-layout-flow wp-block-column-is-layout-flow\">\n<p>Le <strong>Cl\u00e9 USB Star Swivel<\/strong> est dot\u00e9e d'une structure rotative \u00e0 360 degr\u00e9s. Cette conception rotative permet de ranger facilement l'interface USB, d'\u00e9viter qu'elle ne soit endommag\u00e9e par les collisions et l'accumulation de poussi\u00e8re, ce qui am\u00e9liore consid\u00e9rablement la durabilit\u00e9 de la cl\u00e9 USB. <\/p>\n\n\n\n<p>Le motif \u00e9toil\u00e9 rose frais, ainsi que la prise en charge de la personnalisation de la coque en plusieurs couleurs, r\u00e9pondent aux divers besoins de l'utilisation quotidienne personnelle et de la personnalisation en masse de l'entreprise.<\/p>\n<\/div>\n<\/div>\n\n\n\n<h3 class=\"wp-block-heading\">Param\u00e8tres du noyau USB<\/h3>\n\n\n\n<figure class=\"wp-block-table\"><table class=\"has-fixed-layout\"><thead><tr><th>Cat\u00e9gorie de param\u00e8tres<\/th><th>Indicateurs d\u00e9taill\u00e9s<\/th><\/tr><\/thead><tbody><tr><td>Capacit\u00e9 de stockage<\/td><td>8GB \/ 16GB \/ 32GB \/ 64GB \/ 128GB<\/td><\/tr><tr><td>Type d'interface USB<\/td><td>USB 2.0 \/ USB 3.0<\/td><\/tr><tr><td>Mat\u00e9riau de la coque<\/td><td>Plastique ABS de haute qualit\u00e9<\/td><\/tr><tr><td>Taille du produit<\/td><td>Environ 58 mm \u00d7 18 mm \u00d7 10 mm<\/td><\/tr><\/tbody><\/table><\/figure>\n\n\n\n<h3 class=\"wp-block-heading\">Couleurs personnalisables<\/h3>\n\n\n\n<p>La cl\u00e9 USB Star Rotating est disponible dans une grande vari\u00e9t\u00e9 de couleurs : blanc, rose, bleu, orange et vert. La diversit\u00e9 des couleurs permet non seulement aux utilisateurs individuels de choisir en fonction de leurs pr\u00e9f\u00e9rences, mais aussi aux entreprises de distinguer les p\u00e9riph\u00e9riques de stockage des diff\u00e9rents d\u00e9partements et projets par la couleur.<\/p>\n\n\n\n<div class=\"wp-block-columns is-layout-flex wp-container-core-columns-is-layout-28f84493 wp-block-columns-is-layout-flex\">\n<div class=\"wp-block-column is-layout-flow wp-block-column-is-layout-flow\">\n<figure class=\"wp-block-image size-full\"><img alt=\"\" decoding=\"async\" width=\"800\" height=\"800\" src=\"https:\/\/www.usborkeychain.com\/wp-content\/uploads\/bfb34d2003417ccbe6f379ce4c34f470.png\" class=\"wp-image-7691\" srcset=\"https:\/\/www.usborkeychain.com\/wp-content\/uploads\/bfb34d2003417ccbe6f379ce4c34f470.png 800w, https:\/\/www.usborkeychain.com\/wp-content\/uploads\/bfb34d2003417ccbe6f379ce4c34f470-300x300.png 300w, https:\/\/www.usborkeychain.com\/wp-content\/uploads\/bfb34d2003417ccbe6f379ce4c34f470-150x150.png 150w, https:\/\/www.usborkeychain.com\/wp-content\/uploads\/bfb34d2003417ccbe6f379ce4c34f470-768x768.png 768w, https:\/\/www.usborkeychain.com\/wp-content\/uploads\/bfb34d2003417ccbe6f379ce4c34f470-12x12.png 12w, https:\/\/www.usborkeychain.com\/wp-content\/uploads\/bfb34d2003417ccbe6f379ce4c34f470-600x600.png 600w, https:\/\/www.usborkeychain.com\/wp-content\/uploads\/bfb34d2003417ccbe6f379ce4c34f470-100x100.png 100w\" sizes=\"(max-width: 800px) 100vw, 800px\" \/><\/figure>\n<\/div>\n\n\n\n<div class=\"wp-block-column is-layout-flow wp-block-column-is-layout-flow\">\n<figure class=\"wp-block-image size-full\"><img alt=\"\" decoding=\"async\" width=\"800\" height=\"800\" src=\"https:\/\/www.usborkeychain.com\/wp-content\/uploads\/d5f8612bec5eedd1bad7c0b6abba693b.png\" class=\"wp-image-7693\" srcset=\"https:\/\/www.usborkeychain.com\/wp-content\/uploads\/d5f8612bec5eedd1bad7c0b6abba693b.png 800w, https:\/\/www.usborkeychain.com\/wp-content\/uploads\/d5f8612bec5eedd1bad7c0b6abba693b-300x300.png 300w, https:\/\/www.usborkeychain.com\/wp-content\/uploads\/d5f8612bec5eedd1bad7c0b6abba693b-150x150.png 150w, https:\/\/www.usborkeychain.com\/wp-content\/uploads\/d5f8612bec5eedd1bad7c0b6abba693b-768x768.png 768w, https:\/\/www.usborkeychain.com\/wp-content\/uploads\/d5f8612bec5eedd1bad7c0b6abba693b-12x12.png 12w, https:\/\/www.usborkeychain.com\/wp-content\/uploads\/d5f8612bec5eedd1bad7c0b6abba693b-600x600.png 600w, https:\/\/www.usborkeychain.com\/wp-content\/uploads\/d5f8612bec5eedd1bad7c0b6abba693b-100x100.png 100w\" sizes=\"(max-width: 800px) 100vw, 800px\" \/><\/figure>\n<\/div>\n<\/div>\n\n\n\n<div class=\"wp-block-columns is-layout-flex wp-container-core-columns-is-layout-28f84493 wp-block-columns-is-layout-flex\">\n<div class=\"wp-block-column is-layout-flow wp-block-column-is-layout-flow\">\n<figure class=\"wp-block-image size-full\"><img alt=\"\" loading=\"lazy\" decoding=\"async\" width=\"800\" height=\"800\" src=\"https:\/\/www.usborkeychain.com\/wp-content\/uploads\/ee8d52111d50b0230d923a4012860943.png\" class=\"wp-image-7694\" srcset=\"https:\/\/www.usborkeychain.com\/wp-content\/uploads\/ee8d52111d50b0230d923a4012860943.png 800w, https:\/\/www.usborkeychain.com\/wp-content\/uploads\/ee8d52111d50b0230d923a4012860943-300x300.png 300w, https:\/\/www.usborkeychain.com\/wp-content\/uploads\/ee8d52111d50b0230d923a4012860943-150x150.png 150w, https:\/\/www.usborkeychain.com\/wp-content\/uploads\/ee8d52111d50b0230d923a4012860943-768x768.png 768w, https:\/\/www.usborkeychain.com\/wp-content\/uploads\/ee8d52111d50b0230d923a4012860943-12x12.png 12w, https:\/\/www.usborkeychain.com\/wp-content\/uploads\/ee8d52111d50b0230d923a4012860943-600x600.png 600w, https:\/\/www.usborkeychain.com\/wp-content\/uploads\/ee8d52111d50b0230d923a4012860943-100x100.png 100w\" sizes=\"(max-width: 800px) 100vw, 800px\" \/><\/figure>\n<\/div>\n\n\n\n<div class=\"wp-block-column is-layout-flow wp-block-column-is-layout-flow\">\n<figure class=\"wp-block-image size-full\"><img alt=\"\" loading=\"lazy\" decoding=\"async\" width=\"800\" height=\"800\" src=\"https:\/\/www.usborkeychain.com\/wp-content\/uploads\/4cce06a4a255df9886ecd04622427e73.png\" class=\"wp-image-7689\" srcset=\"https:\/\/www.usborkeychain.com\/wp-content\/uploads\/4cce06a4a255df9886ecd04622427e73.png 800w, https:\/\/www.usborkeychain.com\/wp-content\/uploads\/4cce06a4a255df9886ecd04622427e73-300x300.png 300w, https:\/\/www.usborkeychain.com\/wp-content\/uploads\/4cce06a4a255df9886ecd04622427e73-150x150.png 150w, https:\/\/www.usborkeychain.com\/wp-content\/uploads\/4cce06a4a255df9886ecd04622427e73-768x768.png 768w, https:\/\/www.usborkeychain.com\/wp-content\/uploads\/4cce06a4a255df9886ecd04622427e73-12x12.png 12w, https:\/\/www.usborkeychain.com\/wp-content\/uploads\/4cce06a4a255df9886ecd04622427e73-600x600.png 600w, https:\/\/www.usborkeychain.com\/wp-content\/uploads\/4cce06a4a255df9886ecd04622427e73-100x100.png 100w\" sizes=\"(max-width: 800px) 100vw, 800px\" \/><\/figure>\n<\/div>\n<\/div>\n\n\n\n<h3 class=\"wp-block-heading\">Processus de personnalisation<\/h3>\n\n\n\n<div class=\"wp-block-columns is-layout-flex wp-container-core-columns-is-layout-28f84493 wp-block-columns-is-layout-flex\">\n<div class=\"wp-block-column is-vertically-aligned-center is-layout-flow wp-block-column-is-layout-flow\">\n<p>Le <strong>Cl\u00e9 USB rotative en forme d'\u00e9toile<\/strong> permet la personnalisation gr\u00e2ce \u00e0 des proc\u00e9d\u00e9s tels que la s\u00e9rigraphie, la gravure au laser et l'impression UV. <\/p>\n\n\n\n<p>Les entreprises peuvent imprimer ou graver avec pr\u00e9cision des logos de marque, des slogans promotionnels, des th\u00e8mes d'\u00e9v\u00e9nements et d'autres contenus sur la coque ou la partie sup\u00e9rieure de la cl\u00e9 USB.<\/p>\n<\/div>\n\n\n\n<div class=\"wp-block-column is-layout-flow wp-block-column-is-layout-flow\">\n<figure class=\"wp-block-image size-full\"><img alt=\"\" loading=\"lazy\" decoding=\"async\" width=\"800\" height=\"800\" src=\"https:\/\/www.usborkeychain.com\/wp-content\/uploads\/b515578b37bc7db12299530dd6ac64a0.png\" class=\"wp-image-7690\" srcset=\"https:\/\/www.usborkeychain.com\/wp-content\/uploads\/b515578b37bc7db12299530dd6ac64a0.png 800w, https:\/\/www.usborkeychain.com\/wp-content\/uploads\/b515578b37bc7db12299530dd6ac64a0-300x300.png 300w, https:\/\/www.usborkeychain.com\/wp-content\/uploads\/b515578b37bc7db12299530dd6ac64a0-150x150.png 150w, https:\/\/www.usborkeychain.com\/wp-content\/uploads\/b515578b37bc7db12299530dd6ac64a0-768x768.png 768w, https:\/\/www.usborkeychain.com\/wp-content\/uploads\/b515578b37bc7db12299530dd6ac64a0-12x12.png 12w, https:\/\/www.usborkeychain.com\/wp-content\/uploads\/b515578b37bc7db12299530dd6ac64a0-600x600.png 600w, https:\/\/www.usborkeychain.com\/wp-content\/uploads\/b515578b37bc7db12299530dd6ac64a0-100x100.png 100w\" sizes=\"(max-width: 800px) 100vw, 800px\" \/><\/figure>\n<\/div>\n<\/div>\n\n\n\n<div class=\"wp-block-columns is-layout-flex wp-container-core-columns-is-layout-28f84493 wp-block-columns-is-layout-flex\">\n<div class=\"wp-block-column is-layout-flow wp-block-column-is-layout-flow\">\n<figure class=\"wp-block-image size-full\"><img alt=\"\" loading=\"lazy\" decoding=\"async\" width=\"800\" height=\"800\" src=\"https:\/\/www.usborkeychain.com\/wp-content\/uploads\/1a38072893e624c5d8f4cde77db19b6c.png\" class=\"wp-image-7688\" srcset=\"https:\/\/www.usborkeychain.com\/wp-content\/uploads\/1a38072893e624c5d8f4cde77db19b6c.png 800w, https:\/\/www.usborkeychain.com\/wp-content\/uploads\/1a38072893e624c5d8f4cde77db19b6c-300x300.png 300w, https:\/\/www.usborkeychain.com\/wp-content\/uploads\/1a38072893e624c5d8f4cde77db19b6c-150x150.png 150w, https:\/\/www.usborkeychain.com\/wp-content\/uploads\/1a38072893e624c5d8f4cde77db19b6c-768x768.png 768w, https:\/\/www.usborkeychain.com\/wp-content\/uploads\/1a38072893e624c5d8f4cde77db19b6c-12x12.png 12w, https:\/\/www.usborkeychain.com\/wp-content\/uploads\/1a38072893e624c5d8f4cde77db19b6c-600x600.png 600w, https:\/\/www.usborkeychain.com\/wp-content\/uploads\/1a38072893e624c5d8f4cde77db19b6c-100x100.png 100w\" sizes=\"(max-width: 800px) 100vw, 800px\" \/><\/figure>\n<\/div>\n\n\n\n<div class=\"wp-block-column is-vertically-aligned-center is-layout-flow wp-block-column-is-layout-flow\">\n<p>Facilitez vos transferts de fichiers gr\u00e2ce \u00e0 une interface personnalisable. <strong>Cl\u00e9 USB pivotante<\/strong>. Dot\u00e9e d'un capuchon pivotant pour maintenir le port USB prot\u00e9g\u00e9 et accessible, d'une encoche sup\u00e9rieure pour une fixation facile sur les cl\u00e9s et d'un design personnalis\u00e9 avec vos photos, textes et autres, cette cl\u00e9 USB sera votre meilleur compagnon. Id\u00e9ale pour les \u00e9tudiants, les entreprises ou tout simplement pour la maison !<\/p>\n<\/div>\n<\/div>","protected":false},"excerpt":{"rendered":"<ul>\n<li>Couleur personnalisable<\/li>\n<li>Rotation \u00e0 360 degr\u00e9s<\/li>\n<li>Plastique ABS<\/li>\n<li>Logo personnalisable<\/li>\n<li>MOQ:100pcs<\/li>\n<\/ul>","protected":false},"featured_media":7692,"comment_status":"open","ping_status":"closed","template":"","meta":{"_seopress_robots_primary_cat":"","_seopress_titles_title":"","_seopress_titles_desc":"","_seopress_robots_index":"","site-sidebar-layout":"default","site-content-layout":"","ast-site-content-layout":"","site-content-style":"default","site-sidebar-style":"default","ast-global-header-display":"","ast-banner-title-visibility":"","ast-main-header-display":"","ast-hfb-above-header-display":"","ast-hfb-below-header-display":"","ast-hfb-mobile-header-display":"","site-post-title":"","ast-breadcrumbs-content":"","ast-featured-img":"","footer-sml-layout":"","theme-transparent-header-meta":"","adv-header-id-meta":"","stick-header-meta":"","header-above-stick-meta":"","header-main-stick-meta":"","header-below-stick-meta":"","astra-migrate-meta-layouts":"default","ast-page-background-enabled":"default","ast-page-background-meta":{"desktop":{"background-color":"var(--ast-global-color-5)","background-image":"","background-repeat":"repeat","background-position":"center center","background-size":"auto","background-attachment":"scroll","background-type":"","background-media":"","overlay-type":"","overlay-color":"","overlay-opacity":"","overlay-gradient":""},"tablet":{"background-color":"","background-image":"","background-repeat":"repeat","background-position":"center center","background-size":"auto","background-attachment":"scroll","background-type":"","background-media":"","overlay-type":"","overlay-color":"","overlay-opacity":"","overlay-gradient":""},"mobile":{"background-color":"","background-image":"","background-repeat":"repeat","background-position":"center center","background-size":"auto","background-attachment":"scroll","background-type":"","background-media":"","overlay-type":"","overlay-color":"","overlay-opacity":"","overlay-gradient":""}},"ast-content-background-meta":{"desktop":{"background-color":"var(--ast-global-color-4)","background-image":"","background-repeat":"repeat","background-position":"center center","background-size":"auto","background-attachment":"scroll","background-type":"","background-media":"","overlay-type":"","overlay-color":"","overlay-opacity":"","overlay-gradient":""},"tablet":{"background-color":"var(--ast-global-color-4)","background-image":"","background-repeat":"repeat","background-position":"center center","background-size":"auto","background-attachment":"scroll","background-type":"","background-media":"","overlay-type":"","overlay-color":"","overlay-opacity":"","overlay-gradient":""},"mobile":{"background-color":"var(--ast-global-color-4)","background-image":"","background-repeat":"repeat","background-position":"center center","background-size":"auto","background-attachment":"scroll","background-type":"","background-media":"","overlay-type":"","overlay-color":"","overlay-opacity":"","overlay-gradient":""}}},"product_brand":[],"product_cat":[106],"product_tag":[406],"class_list":{"0":"post-7685","1":"product","2":"type-product","3":"status-publish","4":"has-post-thumbnail","6":"product_cat-rotating-usb-pendrive","7":"product_tag-metal-swivel-usb-drive","8":"desktop-align-left","9":"tablet-align-left","10":"mobile-align-left","12":"first","13":"instock","14":"shipping-taxable","15":"product-type-simple"},"_links":{"self":[{"href":"https:\/\/www.usborkeychain.com\/fr\/wp-json\/wp\/v2\/product\/7685","targetHints":{"allow":["GET"]}}],"collection":[{"href":"https:\/\/www.usborkeychain.com\/fr\/wp-json\/wp\/v2\/product"}],"about":[{"href":"https:\/\/www.usborkeychain.com\/fr\/wp-json\/wp\/v2\/types\/product"}],"replies":[{"embeddable":true,"href":"https:\/\/www.usborkeychain.com\/fr\/wp-json\/wp\/v2\/comments?post=7685"}],"wp:featuredmedia":[{"embeddable":true,"href":"https:\/\/www.usborkeychain.com\/fr\/wp-json\/wp\/v2\/media\/7692"}],"wp:attachment":[{"href":"https:\/\/www.usborkeychain.com\/fr\/wp-json\/wp\/v2\/media?parent=7685"}],"wp:term":[{"taxonomy":"product_brand","embeddable":true,"href":"https:\/\/www.usborkeychain.com\/fr\/wp-json\/wp\/v2\/product_brand?post=7685"},{"taxonomy":"product_cat","embeddable":true,"href":"https:\/\/www.usborkeychain.com\/fr\/wp-json\/wp\/v2\/product_cat?post=7685"},{"taxonomy":"product_tag","embeddable":true,"href":"https:\/\/www.usborkeychain.com\/fr\/wp-json\/wp\/v2\/product_tag?post=7685"}],"curies":[{"name":"wp","href":"https:\/\/api.w.org\/{rel}","templated":true}]}}