{"id":2089,"date":"2025-06-18T06:14:12","date_gmt":"2025-06-18T06:14:12","guid":{"rendered":"https:\/\/www.usborkeychain.com\/?post_type=product&#038;p=2089"},"modified":"2025-08-02T16:18:31","modified_gmt":"2025-08-02T16:18:31","slug":"usb2-0-keychain-leather-usb-flash-drive","status":"publish","type":"product","link":"https:\/\/www.usborkeychain.com\/it\/prodotto\/usb2-0-keychain-leather-usb-flash-drive\/","title":{"rendered":"Chiave USB2.0 Portachiavi in pelle Unit\u00e0 flash USB"},"content":{"rendered":"<div class=\"wp-block-columns are-vertically-aligned-center is-layout-flex wp-container-core-columns-is-layout-28f84493 wp-block-columns-is-layout-flex\">\n<div class=\"wp-block-column is-vertically-aligned-center is-layout-flow wp-block-column-is-layout-flow\">\n<figure class=\"wp-block-image size-full\"><img fetchpriority=\"high\" decoding=\"async\" width=\"800\" height=\"800\" src=\"https:\/\/www.usborkeychain.com\/wp-content\/uploads\/USB2.0-Keychain-Leather-USB-Flash-Drive-1-1.jpg\" alt=\"USB2.0 Keychain Leather USB Flash Drive-1\" class=\"wp-image-2121\" srcset=\"https:\/\/www.usborkeychain.com\/wp-content\/uploads\/USB2.0-Keychain-Leather-USB-Flash-Drive-1-1.jpg 800w, https:\/\/www.usborkeychain.com\/wp-content\/uploads\/USB2.0-Keychain-Leather-USB-Flash-Drive-1-1-300x300.jpg 300w, https:\/\/www.usborkeychain.com\/wp-content\/uploads\/USB2.0-Keychain-Leather-USB-Flash-Drive-1-1-150x150.jpg 150w, https:\/\/www.usborkeychain.com\/wp-content\/uploads\/USB2.0-Keychain-Leather-USB-Flash-Drive-1-1-768x768.jpg 768w, https:\/\/www.usborkeychain.com\/wp-content\/uploads\/USB2.0-Keychain-Leather-USB-Flash-Drive-1-1-12x12.jpg 12w, https:\/\/www.usborkeychain.com\/wp-content\/uploads\/USB2.0-Keychain-Leather-USB-Flash-Drive-1-1-600x600.jpg 600w, https:\/\/www.usborkeychain.com\/wp-content\/uploads\/USB2.0-Keychain-Leather-USB-Flash-Drive-1-1-100x100.jpg 100w\" sizes=\"(max-width: 800px) 100vw, 800px\" \/><\/figure>\n<\/div>\n\n\n\n<div class=\"wp-block-column is-vertically-aligned-center is-layout-flow wp-block-column-is-layout-flow\">\n<p>Questa chiavetta USB2.0 in pelle con portachiavi rompe il design monotono delle chiavette USB tradizionali integrando in modo ingegnoso gli elementi del portachiavi. <\/p>\n\n\n\n<p>Non \u00e8 solo comoda da trasportare, ma anche un accessorio alla moda. L'unit\u00e0 flash \u00e8 dotata di una custodia in pelle di alta qualit\u00e0, che offre un tocco morbido e un'eccellente resistenza all'usura, che ne evidenzia la qualit\u00e0. <\/p>\n\n\n\n<p>Il rivetto metallico sulla parte superiore della custodia in pelle non solo funge da rinforzo, ma aggiunge anche un tocco di stile industriale retr\u00f2 al design complessivo. La custodia in pelle \u00e8 collegata alla chiavetta USB da una catenella metallica, che garantisce un fissaggio sicuro ed elimina la preoccupazione di una perdita accidentale. <\/p>\n\n\n\n<p>Sia per uso personale che come regalo, questa chiavetta USB in pelle portachiavi con il design pi\u00f9 - senso \u00e8 una scelta eccellente, che rende l'archiviazione dei dati pi\u00f9 elegante!<\/p>\n<\/div>\n<\/div>\n\n\n\n<div style=\"height:50px\" aria-hidden=\"true\" class=\"wp-block-spacer\"><\/div>\n\n\n\n<h2 class=\"wp-block-heading\">Interfacce e parametri dell'unit\u00e0 flash USB in pelle portachiavi USB2.0<\/h2>\n\n\n\n<p>Essendo un dispositivo di archiviazione basato sul protocollo USB2.0, questa unit\u00e0 USB portachiavi \u00e8 stata sottoposta a severi test in termini di velocit\u00e0 di trasmissione, compatibilit\u00e0, durata, ecc. Di seguito \u00e8 riportata la tabella dei parametri fondamentali (prendendo come esempio la versione da 16 GB):<\/p>\n\n\n\n<figure class=\"wp-block-table\"><table class=\"has-fixed-layout\"><thead><tr><th>Tipo di parametro<\/th><th>Parametri specifici<\/th><\/tr><\/thead><tbody><tr><td>Tipo di interfaccia<\/td><td>USB2.0 (compatibile con USB1.1\/3.0, retrocompatibile con i dispositivi mainstream)<\/td><\/tr><tr><td>Capacit\u00e0 di stoccaggio<\/td><td>8GB, 16GB, 32GB, 64GB<\/td><\/tr><tr><td>Velocit\u00e0 di lettura\/scrittura<\/td><td>Velocit\u00e0 di lettura: 15MB\/s; velocit\u00e0 di scrittura: 5MB\/s<\/td><\/tr><tr><td>Tensione di lavoro<\/td><td>5V\u00b10,25V<\/td><\/tr><tr><td>Temperatura di lavoro<\/td><td>0\u2103 - 60\u2103<\/td><\/tr><tr><td>Materiale<\/td><td>Strato esterno: pelle bovina a grana fine; strato interno: morbido silicone (per proteggere l'interfaccia USB dai graffi).<\/td><\/tr><tr><td>Dimensione<\/td><td>35*<em>15<\/em>*8 mm<\/td><\/tr><tr><td>Peso<\/td><td>15g<\/td><\/tr><\/tbody><\/table><\/figure>\n\n\n\n<div style=\"height:50px\" aria-hidden=\"true\" class=\"wp-block-spacer\"><\/div>\n\n\n\n<h2 class=\"wp-block-heading\">Il logo della chiavetta USB2.0 Keychain Leather pu\u00f2 essere personalizzato?<\/h2>\n\n\n\n<div class=\"wp-block-columns is-layout-flex wp-container-core-columns-is-layout-28f84493 wp-block-columns-is-layout-flex\">\n<div class=\"wp-block-column is-vertically-aligned-center is-layout-flow wp-block-column-is-layout-flow\">\n<p>Naturalmente! Questa unit\u00e0 USB supporta la personalizzazione del logo sia sul fronte che sul retro, con tre metodi: incisione laser, serigrafia e goffratura. <\/p>\n\n\n\n<p>Il logo inciso al laser \u00e8 chiaro e delicato e ha la caratteristica di essere resistente ai colori per lungo tempo. La serigrafia pu\u00f2 presentare colori ricchi, rendendo il logo pi\u00f9 vivido. <\/p>\n\n\n\n<p>La goffratura former\u00e0 una texture concava e convessa unica sulla superficie della custodia in pelle, mostrando una qualit\u00e0 di alto livello. Inoltre, supportiamo anche la personalizzazione del logo per le confezioni. <\/p>\n\n\n\n<p>Sia che venga utilizzato come regalo promozionale aziendale o come souvenir personale esclusivo, la personalit\u00e0 unica e il fascino del marchio possono essere mostrati attraverso la personalizzazione del logo.<\/p>\n<\/div>\n\n\n\n<div class=\"wp-block-column is-layout-flow wp-block-column-is-layout-flow\">\n<figure class=\"wp-block-image size-full\"><img decoding=\"async\" width=\"800\" height=\"800\" src=\"https:\/\/www.usborkeychain.com\/wp-content\/uploads\/Vintage-inspired-leather-USB-drive.jpg\" alt=\"Vintage-inspired-leather-USB-drive\" class=\"wp-image-2123\" srcset=\"https:\/\/www.usborkeychain.com\/wp-content\/uploads\/Vintage-inspired-leather-USB-drive.jpg 800w, https:\/\/www.usborkeychain.com\/wp-content\/uploads\/Vintage-inspired-leather-USB-drive-300x300.jpg 300w, https:\/\/www.usborkeychain.com\/wp-content\/uploads\/Vintage-inspired-leather-USB-drive-150x150.jpg 150w, https:\/\/www.usborkeychain.com\/wp-content\/uploads\/Vintage-inspired-leather-USB-drive-768x768.jpg 768w, https:\/\/www.usborkeychain.com\/wp-content\/uploads\/Vintage-inspired-leather-USB-drive-12x12.jpg 12w, https:\/\/www.usborkeychain.com\/wp-content\/uploads\/Vintage-inspired-leather-USB-drive-600x600.jpg 600w, https:\/\/www.usborkeychain.com\/wp-content\/uploads\/Vintage-inspired-leather-USB-drive-100x100.jpg 100w\" sizes=\"(max-width: 800px) 100vw, 800px\" \/><\/figure>\n<\/div>\n<\/div>\n\n\n\n<h2 class=\"wp-block-heading\">Qual \u00e8 la confezione della chiavetta USB2.0 Keychain Leather?<\/h2>\n\n\n\n<div class=\"wp-block-columns is-layout-flex wp-container-core-columns-is-layout-28f84493 wp-block-columns-is-layout-flex\">\n<div class=\"wp-block-column is-layout-flow wp-block-column-is-layout-flow\">\n<figure class=\"wp-block-image size-full\"><img decoding=\"async\" width=\"800\" height=\"975\" src=\"https:\/\/www.usborkeychain.com\/wp-content\/uploads\/Packaging-Options.jpg\" alt=\"Packaging Options\" class=\"wp-image-2125\" srcset=\"https:\/\/www.usborkeychain.com\/wp-content\/uploads\/Packaging-Options.jpg 800w, https:\/\/www.usborkeychain.com\/wp-content\/uploads\/Packaging-Options-246x300.jpg 246w, https:\/\/www.usborkeychain.com\/wp-content\/uploads\/Packaging-Options-768x936.jpg 768w, https:\/\/www.usborkeychain.com\/wp-content\/uploads\/Packaging-Options-10x12.jpg 10w, https:\/\/www.usborkeychain.com\/wp-content\/uploads\/Packaging-Options-600x731.jpg 600w\" sizes=\"(max-width: 800px) 100vw, 800px\" \/><\/figure>\n<\/div>\n\n\n\n<div class=\"wp-block-column is-vertically-aligned-center is-layout-flow wp-block-column-is-layout-flow\">\n<p>Offriamo una variet\u00e0 di opzioni di imballaggio per questa chiavetta USB. La confezione standard \u00e8 un sacchetto in PP, leggero e in grado di proteggere efficacemente l'unit\u00e0 USB, adatto all'uso quotidiano e a semplici scenari di regalo. <\/p>\n\n\n\n<p>Allo stesso tempo, forniamo anche imballaggi di supporto in scatole di ferro e imballaggi in scatole di plastica. <\/p>\n\n\n\n<p>La confezione in ferro \u00e8 robusta e durevole, con un certo valore di collezione. La confezione in plastica \u00e8 trasparente e bella, in grado di mostrare in modo intuitivo l'aspetto squisito dell'unit\u00e0 USB. <\/p>\n\n\n\n<p>Che si tratti di conservazione personale o di un regalo, pu\u00f2 dare lustro al prodotto.<\/p>\n<\/div>\n<\/div>\n\n\n\n<h2 class=\"wp-block-heading\">Conclusione<\/h2>\n\n\n\n<p>Questa chiavetta USB2.0 in pelle portachiavi, con il suo design unico, il materiale in pelle di alta qualit\u00e0, i parametri di prestazione stabili e le numerose opzioni di personalizzazione e confezionamento, \u00e8 diventata un dispositivo di archiviazione che unisce praticit\u00e0 ed estetica. Sia per l'archiviazione di dati personali che per l'acquisto di regali aziendali, pu\u00f2 adattarsi perfettamente a diversi scenari. Scegliere questa unit\u00e0 USB significa scegliere la qualit\u00e0 e lo stile. Effettuate subito un ordine e iniziate una nuova esperienza di archiviazione alla moda!<\/p>","protected":false},"excerpt":{"rendered":"<ul>\n<li>Chiave USB2.0 Portachiavi in pelle Unit\u00e0 flash USB<\/li>\n<li>Il fronte e il retro della custodia in pelle sono personalizzabili con loghi.<\/li>\n<li>Interfaccia: USB2.0\/USB3.0<\/li>\n<li>Capacit\u00e0 disponibili: 8GB, 16GB, 32GB, 64GB, 128GB.<\/li>\n<\/ul>","protected":false},"featured_media":2117,"comment_status":"open","ping_status":"closed","template":"","meta":{"_seopress_robots_primary_cat":"","_seopress_titles_title":"","_seopress_titles_desc":"","_seopress_robots_index":"","site-sidebar-layout":"default","site-content-layout":"","ast-site-content-layout":"","site-content-style":"default","site-sidebar-style":"default","ast-global-header-display":"","ast-banner-title-visibility":"","ast-main-header-display":"","ast-hfb-above-header-display":"","ast-hfb-below-header-display":"","ast-hfb-mobile-header-display":"","site-post-title":"","ast-breadcrumbs-content":"","ast-featured-img":"","footer-sml-layout":"","theme-transparent-header-meta":"","adv-header-id-meta":"","stick-header-meta":"","header-above-stick-meta":"","header-main-stick-meta":"","header-below-stick-meta":"","astra-migrate-meta-layouts":"default","ast-page-background-enabled":"default","ast-page-background-meta":{"desktop":{"background-color":"var(--ast-global-color-5)","background-image":"","background-repeat":"repeat","background-position":"center center","background-size":"auto","background-attachment":"scroll","background-type":"","background-media":"","overlay-type":"","overlay-color":"","overlay-opacity":"","overlay-gradient":""},"tablet":{"background-color":"","background-image":"","background-repeat":"repeat","background-position":"center center","background-size":"auto","background-attachment":"scroll","background-type":"","background-media":"","overlay-type":"","overlay-color":"","overlay-opacity":"","overlay-gradient":""},"mobile":{"background-color":"","background-image":"","background-repeat":"repeat","background-position":"center center","background-size":"auto","background-attachment":"scroll","background-type":"","background-media":"","overlay-type":"","overlay-color":"","overlay-opacity":"","overlay-gradient":""}},"ast-content-background-meta":{"desktop":{"background-color":"var(--ast-global-color-4)","background-image":"","background-repeat":"repeat","background-position":"center center","background-size":"auto","background-attachment":"scroll","background-type":"","background-media":"","overlay-type":"","overlay-color":"","overlay-opacity":"","overlay-gradient":""},"tablet":{"background-color":"var(--ast-global-color-4)","background-image":"","background-repeat":"repeat","background-position":"center center","background-size":"auto","background-attachment":"scroll","background-type":"","background-media":"","overlay-type":"","overlay-color":"","overlay-opacity":"","overlay-gradient":""},"mobile":{"background-color":"var(--ast-global-color-4)","background-image":"","background-repeat":"repeat","background-position":"center center","background-size":"auto","background-attachment":"scroll","background-type":"","background-media":"","overlay-type":"","overlay-color":"","overlay-opacity":"","overlay-gradient":""}}},"product_brand":[],"product_cat":[90,101],"product_tag":[],"class_list":{"0":"post-2089","1":"product","2":"type-product","3":"status-publish","4":"has-post-thumbnail","6":"product_cat-leather-usb-pendrive","7":"product_cat-usb-pendrive-with-keychain","8":"desktop-align-left","9":"tablet-align-left","10":"mobile-align-left","12":"first","13":"instock","14":"sale","15":"shipping-taxable","16":"purchasable","17":"product-type-variable"},"_links":{"self":[{"href":"https:\/\/www.usborkeychain.com\/it\/wp-json\/wp\/v2\/product\/2089","targetHints":{"allow":["GET"]}}],"collection":[{"href":"https:\/\/www.usborkeychain.com\/it\/wp-json\/wp\/v2\/product"}],"about":[{"href":"https:\/\/www.usborkeychain.com\/it\/wp-json\/wp\/v2\/types\/product"}],"replies":[{"embeddable":true,"href":"https:\/\/www.usborkeychain.com\/it\/wp-json\/wp\/v2\/comments?post=2089"}],"wp:featuredmedia":[{"embeddable":true,"href":"https:\/\/www.usborkeychain.com\/it\/wp-json\/wp\/v2\/media\/2117"}],"wp:attachment":[{"href":"https:\/\/www.usborkeychain.com\/it\/wp-json\/wp\/v2\/media?parent=2089"}],"wp:term":[{"taxonomy":"product_brand","embeddable":true,"href":"https:\/\/www.usborkeychain.com\/it\/wp-json\/wp\/v2\/product_brand?post=2089"},{"taxonomy":"product_cat","embeddable":true,"href":"https:\/\/www.usborkeychain.com\/it\/wp-json\/wp\/v2\/product_cat?post=2089"},{"taxonomy":"product_tag","embeddable":true,"href":"https:\/\/www.usborkeychain.com\/it\/wp-json\/wp\/v2\/product_tag?post=2089"}],"curies":[{"name":"wp","href":"https:\/\/api.w.org\/{rel}","templated":true}]}}