{"id":2100,"date":"2025-06-18T05:06:53","date_gmt":"2025-06-18T05:06:53","guid":{"rendered":"https:\/\/www.usborkeychain.com\/?post_type=product&#038;p=2100"},"modified":"2025-07-10T00:23:05","modified_gmt":"2025-07-10T00:23:05","slug":"the-elliptical-wooden-usb-flash-drive","status":"publish","type":"product","link":"https:\/\/www.usborkeychain.com\/it\/prodotto\/the-elliptical-wooden-usb-flash-drive\/","title":{"rendered":"La chiavetta USB ellittica in legno"},"content":{"rendered":"<h2 class=\"wp-block-heading\">Cos'\u00e8 la chiavetta USB ellittica in legno?<\/h2>\n\n\n\n<div class=\"wp-block-columns is-layout-flex wp-container-core-columns-is-layout-28f84493 wp-block-columns-is-layout-flex\">\n<div class=\"wp-block-column is-layout-flow wp-block-column-is-layout-flow\">\n<figure class=\"wp-block-image aligncenter size-full is-resized\"><img fetchpriority=\"high\" decoding=\"async\" width=\"800\" height=\"800\" src=\"https:\/\/www.usborkeychain.com\/wp-content\/uploads\/Oval-Wooden-USB-Pen-Drive-Package-box.jpg\" alt=\"Oval Wooden USB Pen Drive Package box\" class=\"wp-image-2110\" style=\"width:450px\" srcset=\"https:\/\/www.usborkeychain.com\/wp-content\/uploads\/Oval-Wooden-USB-Pen-Drive-Package-box.jpg 800w, https:\/\/www.usborkeychain.com\/wp-content\/uploads\/Oval-Wooden-USB-Pen-Drive-Package-box-300x300.jpg 300w, https:\/\/www.usborkeychain.com\/wp-content\/uploads\/Oval-Wooden-USB-Pen-Drive-Package-box-150x150.jpg 150w, https:\/\/www.usborkeychain.com\/wp-content\/uploads\/Oval-Wooden-USB-Pen-Drive-Package-box-768x768.jpg 768w, https:\/\/www.usborkeychain.com\/wp-content\/uploads\/Oval-Wooden-USB-Pen-Drive-Package-box-12x12.jpg 12w, https:\/\/www.usborkeychain.com\/wp-content\/uploads\/Oval-Wooden-USB-Pen-Drive-Package-box-600x600.jpg 600w, https:\/\/www.usborkeychain.com\/wp-content\/uploads\/Oval-Wooden-USB-Pen-Drive-Package-box-100x100.jpg 100w\" sizes=\"(max-width: 800px) 100vw, 800px\" \/><\/figure>\n<\/div>\n\n\n\n<div class=\"wp-block-column is-vertically-aligned-center is-layout-flow wp-block-column-is-layout-flow\">\n<p>La chiavetta USB ellittica in legno adotta un design integrato di copertura ellittica. Il coperchio USB \u00e8 dotato di una forte fibbia magnetica che aderisce saldamente quando viene chiuso, risolvendo completamente il problema della \"perdita del tappo\".<\/p>\n\n\n\n<p>Il corpo principale \u00e8 realizzato in legno naturale di alta qualit\u00e0, lavorato attraverso molteplici processi di macinazione fine, con una superficie liscia come la seta e un tocco caldo e delicato.<\/p>\n\n\n\n<p>Si adatta all'arco del palmo della mano e ha le caratteristiche di essere forte e resistente all'usura, non facile da graffiare o deformare nell'uso quotidiano, rendendo l'esperienza di conservazione pi\u00f9 strutturata e calda.<\/p>\n<\/div>\n<\/div>\n\n\n\n<h2 class=\"wp-block-heading\"><strong>Quali sono l'interfaccia e i parametri della chiavetta USB in legno ellittica? <\/strong><\/h2>\n\n\n\n<figure class=\"wp-block-table\"><table class=\"has-fixed-layout\"><tbody><tr><td>Parametro Voce<\/td><td>Unit\u00e0 flash USB in legno ellittica<\/td><td>Unit\u00e0 flash USB2.0 ordinaria<\/td><\/tr><tr><td>Interfaccia standard<\/td><td>USB3.0<\/td><td>USB2.0<\/td><\/tr><tr><td>Capacit\u00e0<\/td><td>8G\/16G\/32G\/64G\/128G<\/td><td>Stesse opzioni di capacit\u00e0<\/td><\/tr><tr><td>Dimensione<\/td><td>60\u00d728\u00d79 mm<\/td><td>Varia a seconda dello stile<\/td><\/tr><tr><td>Peso<\/td><td>20g<\/td><td>Circa 8-15 g (i modelli in plastica sono pi\u00f9 leggeri)<\/td><\/tr><tr><td>Velocit\u00e0 di lettura<\/td><td>Fino a 80 MB\/s<\/td><td>Fino a circa 30MB\/s<\/td><\/tr><tr><td>Velocit\u00e0 di scrittura<\/td><td>Fino a 30MB\/s<\/td><td>Fino a circa 15MB\/s<\/td><\/tr><\/tbody><\/table><\/figure>\n\n\n\n<h2 class=\"wp-block-heading\"><strong>Quali colori<\/strong><strong>\u00a0sono<\/strong><strong>\u00a0la chiavetta USB ellittica in legno? <\/strong><\/h2>\n\n\n\n<p>La chiavetta USB ellittica in legno offre 5 combinazioni di colori di materiali naturali, ognuno dei quali dimostra il carattere unico del legno:<\/p>\n\n\n\n<div class=\"wp-block-columns is-layout-flex wp-container-core-columns-is-layout-28f84493 wp-block-columns-is-layout-flex\">\n<div class=\"wp-block-column is-layout-flow wp-block-column-is-layout-flow\">\n<figure class=\"wp-block-image aligncenter size-full is-resized\"><img decoding=\"async\" width=\"1000\" height=\"1000\" src=\"https:\/\/www.usborkeychain.com\/wp-content\/uploads\/Elliptical-Maple-USB-Flash-Drive.jpg\" alt=\"Elliptical Maple USB Flash Drive\" class=\"wp-image-2105\" style=\"width:450px\" srcset=\"https:\/\/www.usborkeychain.com\/wp-content\/uploads\/Elliptical-Maple-USB-Flash-Drive.jpg 1000w, https:\/\/www.usborkeychain.com\/wp-content\/uploads\/Elliptical-Maple-USB-Flash-Drive-300x300.jpg 300w, https:\/\/www.usborkeychain.com\/wp-content\/uploads\/Elliptical-Maple-USB-Flash-Drive-150x150.jpg 150w, https:\/\/www.usborkeychain.com\/wp-content\/uploads\/Elliptical-Maple-USB-Flash-Drive-768x768.jpg 768w, https:\/\/www.usborkeychain.com\/wp-content\/uploads\/Elliptical-Maple-USB-Flash-Drive-12x12.jpg 12w, https:\/\/www.usborkeychain.com\/wp-content\/uploads\/Elliptical-Maple-USB-Flash-Drive-600x600.jpg 600w, https:\/\/www.usborkeychain.com\/wp-content\/uploads\/Elliptical-Maple-USB-Flash-Drive-100x100.jpg 100w\" sizes=\"(max-width: 1000px) 100vw, 1000px\" \/><\/figure>\n<\/div>\n\n\n\n<div class=\"wp-block-column is-vertically-aligned-center is-layout-flow wp-block-column-is-layout-flow\">\n<p>Acero: <\/p>\n\n\n\n<p>La tonalit\u00e0 marrone chiaro \u00e8 come la calda luce del sole nella nebbia mattutina, con texture fine e densa come la seta, che emana un'atmosfera naturale fresca e morbida, adatta a scenari romantici come la creazione letteraria e i cimeli del matrimonio.<\/p>\n<\/div>\n<\/div>\n\n\n\n<p><\/p>\n\n\n\n<div class=\"wp-block-columns is-layout-flex wp-container-core-columns-is-layout-28f84493 wp-block-columns-is-layout-flex\">\n<div class=\"wp-block-column is-vertically-aligned-center is-layout-flow wp-block-column-is-layout-flow\">\n<p>Mogano: <\/p>\n\n\n\n<p>Il ricco colore, dal rosso intenso al rosso bruno, si intreccia con magnifiche trame, come un tesoro precipitato dal tempo, con un naturale temperamento classico e solenne, che rende i regali d'affari pi\u00f9 di alto livello.<\/p>\n<\/div>\n\n\n\n<div class=\"wp-block-column is-layout-flow wp-block-column-is-layout-flow\">\n<figure class=\"wp-block-image aligncenter size-full is-resized\"><img decoding=\"async\" width=\"1000\" height=\"1000\" src=\"https:\/\/www.usborkeychain.com\/wp-content\/uploads\/Elliptical-Mahogany-USB-Flash-Drive.jpg\" alt=\"Elliptical Mahogany USB Flash Drive\" class=\"wp-image-2104\" style=\"width:450px\" srcset=\"https:\/\/www.usborkeychain.com\/wp-content\/uploads\/Elliptical-Mahogany-USB-Flash-Drive.jpg 1000w, https:\/\/www.usborkeychain.com\/wp-content\/uploads\/Elliptical-Mahogany-USB-Flash-Drive-300x300.jpg 300w, https:\/\/www.usborkeychain.com\/wp-content\/uploads\/Elliptical-Mahogany-USB-Flash-Drive-150x150.jpg 150w, https:\/\/www.usborkeychain.com\/wp-content\/uploads\/Elliptical-Mahogany-USB-Flash-Drive-768x768.jpg 768w, https:\/\/www.usborkeychain.com\/wp-content\/uploads\/Elliptical-Mahogany-USB-Flash-Drive-12x12.jpg 12w, https:\/\/www.usborkeychain.com\/wp-content\/uploads\/Elliptical-Mahogany-USB-Flash-Drive-600x600.jpg 600w, https:\/\/www.usborkeychain.com\/wp-content\/uploads\/Elliptical-Mahogany-USB-Flash-Drive-100x100.jpg 100w\" sizes=\"(max-width: 1000px) 100vw, 1000px\" \/><\/figure>\n<\/div>\n<\/div>\n\n\n\n<p><\/p>\n\n\n\n<div class=\"wp-block-columns is-layout-flex wp-container-core-columns-is-layout-28f84493 wp-block-columns-is-layout-flex\">\n<div class=\"wp-block-column is-layout-flow wp-block-column-is-layout-flow\">\n<figure class=\"wp-block-image aligncenter size-full is-resized\"><img loading=\"lazy\" decoding=\"async\" width=\"1000\" height=\"1000\" src=\"https:\/\/www.usborkeychain.com\/wp-content\/uploads\/Elliptical-Walnut-USB-Flash-Drive.jpg\" alt=\"Elliptical Walnut USB Flash Drive\" class=\"wp-image-2107\" style=\"width:450px\" srcset=\"https:\/\/www.usborkeychain.com\/wp-content\/uploads\/Elliptical-Walnut-USB-Flash-Drive.jpg 1000w, https:\/\/www.usborkeychain.com\/wp-content\/uploads\/Elliptical-Walnut-USB-Flash-Drive-300x300.jpg 300w, https:\/\/www.usborkeychain.com\/wp-content\/uploads\/Elliptical-Walnut-USB-Flash-Drive-150x150.jpg 150w, https:\/\/www.usborkeychain.com\/wp-content\/uploads\/Elliptical-Walnut-USB-Flash-Drive-768x768.jpg 768w, https:\/\/www.usborkeychain.com\/wp-content\/uploads\/Elliptical-Walnut-USB-Flash-Drive-12x12.jpg 12w, https:\/\/www.usborkeychain.com\/wp-content\/uploads\/Elliptical-Walnut-USB-Flash-Drive-600x600.jpg 600w, https:\/\/www.usborkeychain.com\/wp-content\/uploads\/Elliptical-Walnut-USB-Flash-Drive-100x100.jpg 100w\" sizes=\"(max-width: 1000px) 100vw, 1000px\" \/><\/figure>\n<\/div>\n\n\n\n<div class=\"wp-block-column is-vertically-aligned-center is-layout-flow wp-block-column-is-layout-flow\">\n<p>Noce: <\/p>\n\n\n\n<p>La base marrone scuro \u00e8 tinta con texture simili all'ambra, e mostra una sensazione di basso profilo e lusso quando la si tiene in mano, adatta a contesti diversi come gli affari e la creativit\u00e0 culturale.<\/p>\n<\/div>\n<\/div>\n\n\n\n<div class=\"wp-block-columns is-layout-flex wp-container-core-columns-is-layout-28f84493 wp-block-columns-is-layout-flex\">\n<div class=\"wp-block-column is-vertically-aligned-center is-layout-flow wp-block-column-is-layout-flow\">\n<p>Bamb\u00f9 carbonizzato: <\/p>\n\n\n\n<p>Grazie alla tecnologia di carbonizzazione ad alta temperatura, il corpo di bamb\u00f9 presenta un colore marrone intenso come il t\u00e8, con una struttura vigorosa come quella di una vecchia vite che si avvolge, con la leggerezza e l'agilit\u00e0 del bamb\u00f9 e l'aggiunta della consistenza spessa della \"freschezza duratura\".<\/p>\n<\/div>\n\n\n\n<div class=\"wp-block-column is-layout-flow wp-block-column-is-layout-flow\">\n<figure class=\"wp-block-image aligncenter size-full is-resized\"><img loading=\"lazy\" decoding=\"async\" width=\"1000\" height=\"1000\" src=\"https:\/\/www.usborkeychain.com\/wp-content\/uploads\/Elliptical-Carbonized-Bamboo-USB-Flash-Drive.jpg\" alt=\"Elliptical Carbonized Bamboo USB Flash Drive\" class=\"wp-image-2103\" style=\"width:450px\" srcset=\"https:\/\/www.usborkeychain.com\/wp-content\/uploads\/Elliptical-Carbonized-Bamboo-USB-Flash-Drive.jpg 1000w, https:\/\/www.usborkeychain.com\/wp-content\/uploads\/Elliptical-Carbonized-Bamboo-USB-Flash-Drive-300x300.jpg 300w, https:\/\/www.usborkeychain.com\/wp-content\/uploads\/Elliptical-Carbonized-Bamboo-USB-Flash-Drive-150x150.jpg 150w, https:\/\/www.usborkeychain.com\/wp-content\/uploads\/Elliptical-Carbonized-Bamboo-USB-Flash-Drive-768x768.jpg 768w, https:\/\/www.usborkeychain.com\/wp-content\/uploads\/Elliptical-Carbonized-Bamboo-USB-Flash-Drive-12x12.jpg 12w, https:\/\/www.usborkeychain.com\/wp-content\/uploads\/Elliptical-Carbonized-Bamboo-USB-Flash-Drive-600x600.jpg 600w, https:\/\/www.usborkeychain.com\/wp-content\/uploads\/Elliptical-Carbonized-Bamboo-USB-Flash-Drive-100x100.jpg 100w\" sizes=\"(max-width: 1000px) 100vw, 1000px\" \/><\/figure>\n<\/div>\n<\/div>\n\n\n\n<p><\/p>\n\n\n\n<div class=\"wp-block-columns is-layout-flex wp-container-core-columns-is-layout-28f84493 wp-block-columns-is-layout-flex\">\n<div class=\"wp-block-column is-layout-flow wp-block-column-is-layout-flow\">\n<figure class=\"wp-block-image aligncenter size-full is-resized\"><img loading=\"lazy\" decoding=\"async\" width=\"1000\" height=\"1000\" src=\"https:\/\/www.usborkeychain.com\/wp-content\/uploads\/Elliptical-Natural-Bamboo-USB-Flash-Drive.jpg\" alt=\"Elliptical Natural Bamboo USB Flash Drive\" class=\"wp-image-2106\" style=\"width:450px\" srcset=\"https:\/\/www.usborkeychain.com\/wp-content\/uploads\/Elliptical-Natural-Bamboo-USB-Flash-Drive.jpg 1000w, https:\/\/www.usborkeychain.com\/wp-content\/uploads\/Elliptical-Natural-Bamboo-USB-Flash-Drive-300x300.jpg 300w, https:\/\/www.usborkeychain.com\/wp-content\/uploads\/Elliptical-Natural-Bamboo-USB-Flash-Drive-150x150.jpg 150w, https:\/\/www.usborkeychain.com\/wp-content\/uploads\/Elliptical-Natural-Bamboo-USB-Flash-Drive-768x768.jpg 768w, https:\/\/www.usborkeychain.com\/wp-content\/uploads\/Elliptical-Natural-Bamboo-USB-Flash-Drive-12x12.jpg 12w, https:\/\/www.usborkeychain.com\/wp-content\/uploads\/Elliptical-Natural-Bamboo-USB-Flash-Drive-600x600.jpg 600w, https:\/\/www.usborkeychain.com\/wp-content\/uploads\/Elliptical-Natural-Bamboo-USB-Flash-Drive-100x100.jpg 100w\" sizes=\"(max-width: 1000px) 100vw, 1000px\" \/><\/figure>\n<\/div>\n\n\n\n<div class=\"wp-block-column is-vertically-aligned-center is-layout-flow wp-block-column-is-layout-flow\">\n<p>Bamb\u00f9 naturale: <\/p>\n\n\n\n<p>Mantenendo l'originale colore giallo chiaro del bamb\u00f9, con texture diritta e ordinata e una struttura chiara e leggera, come se condensasse il vento e la rugiada della foresta di bamb\u00f9 nel palmo, mostrando l'originale semplicit\u00e0 e autenticit\u00e0.<\/p>\n<\/div>\n<\/div>\n\n\n\n<h2 class=\"wp-block-heading\"><strong>4. La chiavetta USB in legno ellittico e la confezione possono essere personalizzate con un logo? <\/strong><strong><\/strong><\/h2>\n\n\n\n<p>La chiavetta USB ellittica in legno pu\u00f2 essere personalizzata con un logo: sia la parte anteriore che quella posteriore della chiavetta USB possono essere personalizzate con un logo, grazie a tre processi: serigrafia, stampa a colori e incisione laser per soddisfare le diverse esigenze di design.<\/p>\n\n\n\n<p>La confezione di supporto in legno a ribalta si apre e si chiude senza problemi e la superficie dell'imballaggio supporta anche la personalizzazione del logo, ottenendo un \"brand shaping integrato\" dalla chiavetta USB all'imballaggio. Sia che si tratti di regali aziendali, di cimeli di nozze o di creativit\u00e0 culturale personale, pu\u00f2 creare un simbolo di memoria esclusivo.<\/p>\n\n\n\n<p><\/p>","protected":false},"excerpt":{"rendered":"<ul>\n<li>Design ellittico<\/li>\n<li>Materiale in legno<\/li>\n<li>Resistente ai graffi e all'usura<\/li>\n<li>Velocit\u00e0 pi\u00f9 elevata e alta qualit\u00e0<\/li>\n<li>Affidabile e sicuro<\/li>\n<li>Ottimo per tutti gli usi<\/li>\n<\/ul>","protected":false},"featured_media":2109,"comment_status":"open","ping_status":"closed","template":"","meta":{"_seopress_robots_primary_cat":"","_seopress_titles_title":"The elliptical wooden USB flash drive, Elliptical Natural Bamboo USB Flash Drive, Oval-Shaped Wood USB Memory Stick","_seopress_titles_desc":"","_seopress_robots_index":"","site-sidebar-layout":"default","site-content-layout":"","ast-site-content-layout":"","site-content-style":"default","site-sidebar-style":"default","ast-global-header-display":"","ast-banner-title-visibility":"","ast-main-header-display":"","ast-hfb-above-header-display":"","ast-hfb-below-header-display":"","ast-hfb-mobile-header-display":"","site-post-title":"","ast-breadcrumbs-content":"","ast-featured-img":"","footer-sml-layout":"","theme-transparent-header-meta":"","adv-header-id-meta":"","stick-header-meta":"","header-above-stick-meta":"","header-main-stick-meta":"","header-below-stick-meta":"","astra-migrate-meta-layouts":"default","ast-page-background-enabled":"default","ast-page-background-meta":{"desktop":{"background-color":"var(--ast-global-color-5)","background-image":"","background-repeat":"repeat","background-position":"center center","background-size":"auto","background-attachment":"scroll","background-type":"","background-media":"","overlay-type":"","overlay-color":"","overlay-opacity":"","overlay-gradient":""},"tablet":{"background-color":"","background-image":"","background-repeat":"repeat","background-position":"center center","background-size":"auto","background-attachment":"scroll","background-type":"","background-media":"","overlay-type":"","overlay-color":"","overlay-opacity":"","overlay-gradient":""},"mobile":{"background-color":"","background-image":"","background-repeat":"repeat","background-position":"center center","background-size":"auto","background-attachment":"scroll","background-type":"","background-media":"","overlay-type":"","overlay-color":"","overlay-opacity":"","overlay-gradient":""}},"ast-content-background-meta":{"desktop":{"background-color":"var(--ast-global-color-4)","background-image":"","background-repeat":"repeat","background-position":"center center","background-size":"auto","background-attachment":"scroll","background-type":"","background-media":"","overlay-type":"","overlay-color":"","overlay-opacity":"","overlay-gradient":""},"tablet":{"background-color":"var(--ast-global-color-4)","background-image":"","background-repeat":"repeat","background-position":"center center","background-size":"auto","background-attachment":"scroll","background-type":"","background-media":"","overlay-type":"","overlay-color":"","overlay-opacity":"","overlay-gradient":""},"mobile":{"background-color":"var(--ast-global-color-4)","background-image":"","background-repeat":"repeat","background-position":"center center","background-size":"auto","background-attachment":"scroll","background-type":"","background-media":"","overlay-type":"","overlay-color":"","overlay-opacity":"","overlay-gradient":""}}},"product_brand":[],"product_cat":[168],"product_tag":[],"class_list":{"0":"post-2100","1":"product","2":"type-product","3":"status-publish","4":"has-post-thumbnail","6":"product_cat-wood-usb-flash-drive","7":"desktop-align-left","8":"tablet-align-left","9":"mobile-align-left","11":"first","12":"instock","13":"shipping-taxable","14":"product-type-simple"},"_links":{"self":[{"href":"https:\/\/www.usborkeychain.com\/it\/wp-json\/wp\/v2\/product\/2100","targetHints":{"allow":["GET"]}}],"collection":[{"href":"https:\/\/www.usborkeychain.com\/it\/wp-json\/wp\/v2\/product"}],"about":[{"href":"https:\/\/www.usborkeychain.com\/it\/wp-json\/wp\/v2\/types\/product"}],"replies":[{"embeddable":true,"href":"https:\/\/www.usborkeychain.com\/it\/wp-json\/wp\/v2\/comments?post=2100"}],"wp:featuredmedia":[{"embeddable":true,"href":"https:\/\/www.usborkeychain.com\/it\/wp-json\/wp\/v2\/media\/2109"}],"wp:attachment":[{"href":"https:\/\/www.usborkeychain.com\/it\/wp-json\/wp\/v2\/media?parent=2100"}],"wp:term":[{"taxonomy":"product_brand","embeddable":true,"href":"https:\/\/www.usborkeychain.com\/it\/wp-json\/wp\/v2\/product_brand?post=2100"},{"taxonomy":"product_cat","embeddable":true,"href":"https:\/\/www.usborkeychain.com\/it\/wp-json\/wp\/v2\/product_cat?post=2100"},{"taxonomy":"product_tag","embeddable":true,"href":"https:\/\/www.usborkeychain.com\/it\/wp-json\/wp\/v2\/product_tag?post=2100"}],"curies":[{"name":"wp","href":"https:\/\/api.w.org\/{rel}","templated":true}]}}