{"id":2150,"date":"2025-06-18T11:54:54","date_gmt":"2025-06-18T11:54:54","guid":{"rendered":"https:\/\/www.usborkeychain.com\/?post_type=product&#038;p=2150"},"modified":"2025-06-24T00:43:53","modified_gmt":"2025-06-24T00:43:53","slug":"usb2-0-biodegradable-mini-card-usb-drive","status":"publish","type":"product","link":"https:\/\/www.usborkeychain.com\/it\/prodotto\/usb2-0-biodegradable-mini-card-usb-drive\/","title":{"rendered":"Unit\u00e0 USB Eco-friendly Mini Square Card"},"content":{"rendered":"<div class=\"wp-block-columns is-layout-flex wp-container-core-columns-is-layout-28f84493 wp-block-columns-is-layout-flex\">\n<div class=\"wp-block-column is-layout-flow wp-block-column-is-layout-flow\">\n<figure class=\"wp-block-image aligncenter size-large is-resized\"><img fetchpriority=\"high\" decoding=\"async\" width=\"1024\" height=\"1024\" src=\"https:\/\/www.usborkeychain.com\/wp-content\/uploads\/Biodegradable-Paper-Card-USB-Drive-from-Factory-1024x1024.jpg\" alt=\"Biodegradable Paper Card USB Drive from Factory\" class=\"wp-image-2155\" style=\"width:450px\" srcset=\"https:\/\/www.usborkeychain.com\/wp-content\/uploads\/Biodegradable-Paper-Card-USB-Drive-from-Factory-1024x1024.jpg 1024w, https:\/\/www.usborkeychain.com\/wp-content\/uploads\/Biodegradable-Paper-Card-USB-Drive-from-Factory-300x300.jpg 300w, https:\/\/www.usborkeychain.com\/wp-content\/uploads\/Biodegradable-Paper-Card-USB-Drive-from-Factory-150x150.jpg 150w, https:\/\/www.usborkeychain.com\/wp-content\/uploads\/Biodegradable-Paper-Card-USB-Drive-from-Factory-768x768.jpg 768w, https:\/\/www.usborkeychain.com\/wp-content\/uploads\/Biodegradable-Paper-Card-USB-Drive-from-Factory-1536x1536.jpg 1536w, https:\/\/www.usborkeychain.com\/wp-content\/uploads\/Biodegradable-Paper-Card-USB-Drive-from-Factory-12x12.jpg 12w, https:\/\/www.usborkeychain.com\/wp-content\/uploads\/Biodegradable-Paper-Card-USB-Drive-from-Factory-600x600.jpg 600w, https:\/\/www.usborkeychain.com\/wp-content\/uploads\/Biodegradable-Paper-Card-USB-Drive-from-Factory-100x100.jpg 100w, https:\/\/www.usborkeychain.com\/wp-content\/uploads\/Biodegradable-Paper-Card-USB-Drive-from-Factory.jpg 1600w\" sizes=\"(max-width: 1024px) 100vw, 1024px\" \/><\/figure>\n<\/div>\n\n\n\n<div class=\"wp-block-column is-vertically-aligned-center is-layout-flow wp-block-column-is-layout-flow\">\n<p>Rivoluzionando il design ingombrante delle unit\u00e0 USB tradizionali, questa mini card USB2.0 biodegradabile \u00e8 caratterizzata da una forma di card ultrasottile, grande la met\u00e0 di una carta di credito.<\/p>\n\n\n\n<p>Realizzato in fibra di paglia di grano rinnovabile e materiali riciclabili, impiega una tecnologia integrata di chip colloidale nero leader del settore, che incapsula completamente il modulo del circuito in un colloidale impermeabile e antiurto per garantire la sicurezza dei dati anche in caso di immersione accidentale in acqua o cadute.<\/p>\n\n\n\n<p>\u00c8 l'unit\u00e0 USB a scheda pi\u00f9 ecologica del mercato e non serve solo come strumento di archiviazione dati, ma anche come accessorio elegante per una vita a basse emissioni di carbonio.<\/p>\n<\/div>\n<\/div>\n\n\n\n<h2 class=\"wp-block-heading\">Materiale e design di USB2.0 Biodegradable Mini Card USB Drive <\/h2>\n\n\n\n<div class=\"wp-block-columns is-layout-flex wp-container-core-columns-is-layout-28f84493 wp-block-columns-is-layout-flex\">\n<div class=\"wp-block-column is-vertically-aligned-center is-layout-flow wp-block-column-is-layout-flow\">\n<p>Il corpo principale utilizza fibra di paglia di grano + resina biodegradabile di grado alimentare, che pu\u00f2 degradarsi naturalmente dopo lo smaltimento, riducendo l'inquinamento bianco; lo strato di incapsulamento del chip \u00e8 un colloide nero ecologico con prestazioni di impermeabilit\u00e0 IP67 e resistenza agli urti di 1,5 m.<\/p>\n\n\n\n<p>Con uno spessore di soli 2,3 mm e un peso di circa 8 g, la parte anteriore della scheda \u00e8 dotata di una fessura standard per l'aggancio diretto a portachiavi o pacchetti di schede, eliminando il rischio di smarrimento; il corpo ultrasottile pu\u00f2 essere facilmente inserito in portafogli o scomparti per notebook, adatto a vari scenari di trasporto.<\/p>\n\n\n\n<p>La produzione rifiuta l'uso di sostanze nocive come il PVC e i materiali di imballaggio possono essere scelti come carta o legno riciclabili, implementando concetti verdi dall'interno all'esterno.<\/p>\n<\/div>\n\n\n\n<div class=\"wp-block-column is-layout-flow wp-block-column-is-layout-flow\">\n<figure class=\"wp-block-image aligncenter size-large is-resized\"><img decoding=\"async\" width=\"1024\" height=\"1024\" src=\"https:\/\/www.usborkeychain.com\/wp-content\/uploads\/Eco-Friendly-Card-USB-Stick-1024x1024.jpg\" alt=\"Eco-Friendly Card USB Stick\" class=\"wp-image-2157\" style=\"width:450px\" srcset=\"https:\/\/www.usborkeychain.com\/wp-content\/uploads\/Eco-Friendly-Card-USB-Stick-1024x1024.jpg 1024w, https:\/\/www.usborkeychain.com\/wp-content\/uploads\/Eco-Friendly-Card-USB-Stick-300x300.jpg 300w, https:\/\/www.usborkeychain.com\/wp-content\/uploads\/Eco-Friendly-Card-USB-Stick-150x150.jpg 150w, https:\/\/www.usborkeychain.com\/wp-content\/uploads\/Eco-Friendly-Card-USB-Stick-768x768.jpg 768w, https:\/\/www.usborkeychain.com\/wp-content\/uploads\/Eco-Friendly-Card-USB-Stick-1536x1536.jpg 1536w, https:\/\/www.usborkeychain.com\/wp-content\/uploads\/Eco-Friendly-Card-USB-Stick-12x12.jpg 12w, https:\/\/www.usborkeychain.com\/wp-content\/uploads\/Eco-Friendly-Card-USB-Stick-600x600.jpg 600w, https:\/\/www.usborkeychain.com\/wp-content\/uploads\/Eco-Friendly-Card-USB-Stick-100x100.jpg 100w, https:\/\/www.usborkeychain.com\/wp-content\/uploads\/Eco-Friendly-Card-USB-Stick.jpg 1920w\" sizes=\"(max-width: 1024px) 100vw, 1024px\" \/><\/figure>\n<\/div>\n<\/div>\n\n\n\n<h2 class=\"wp-block-heading\"><strong>Interfaccia e parametri tecnici dell'unit\u00e0 USB2.0 Biodegradable Mini Card USB Drive <\/strong><strong><\/strong><\/h2>\n\n\n\n<figure class=\"wp-block-table\"><table class=\"has-fixed-layout\"><tbody><tr><td>Tipo di parametro<\/td><td>Parametri specifici<\/td><\/tr><tr><td>Tipo di chip<\/td><td>USB2.0 (compatibile con USB3.0)<\/td><\/tr><tr><td>Capacit\u00e0 di stoccaggio<\/td><td>8GB\/16GB\/32GB\/64GB\/128GB<\/td><\/tr><tr><td>Velocit\u00e0 di lettura\/scrittura<\/td><td>Modalit\u00e0 USB3.1: Lettura \u2248100MB\/s, Scrittura \u224830MB\/s Modalit\u00e0 USB2.0: Lettura \u224815MB\/s, Scrittura \u22485MB\/s<\/td><\/tr><tr><td>Prestazioni impermeabili<\/td><td>Grado di protezione IP67 (immersione subacquea di 1 m per 30 minuti senza compromettere l'utilizzo)<\/td><\/tr><tr><td>Resistenza agli urti<\/td><td>Caduta libera di 1,5 m su un terreno di cemento senza perdita di dati<\/td><\/tr><tr><td>Temperatura di esercizio<\/td><td>-10\u00b0C~60\u00b0C<\/td><\/tr><tr><td>Temperatura di stoccaggio<\/td><td>-20\u00b0C~85\u00b0C<\/td><\/tr><tr><td>Dimensioni<\/td><td>54\u00d732\u00d72,3 mm<\/td><\/tr><tr><td>Peso<\/td><td>8g<\/td><\/tr><\/tbody><\/table><\/figure>\n\n\n\n<h2 class=\"wp-block-heading\"><strong>Confezione<\/strong><strong>e<\/strong><strong>&nbsp;per USB2.0 Mini Card USB Drive biodegradabile <\/strong><strong><\/strong><\/h2>\n\n\n\n<p>Borsa in PP ecologica, leggera ed economica, adatta per la vendita al dettaglio e per gli scenari regalo di base.<\/p>\n\n\n\n<p>Scatola regalo in legno: Realizzata in legno ecologico certificato FSC con interno in flanella antiurto, adatta a regali aziendali di alto livello.<\/p>\n\n\n\n<p>Cassetto in carta: Realizzata in carta kraft riciclabile 100%, supporta la stampa in oro\/UV per esaltare i concetti ambientali del marchio.<\/p>\n\n\n\n<p>Imballaggio in scatola di ferro: Imballaggio con struttura metallica resistente, adatto per anniversari aziendali, promozioni fieristiche, ecc.<\/p>\n\n\n\n<h2 class=\"wp-block-heading\"><strong>Servizi di personalizzazione per l'unit\u00e0 USB2.0 Biodegradable Mini Card USB Drive <\/strong><strong><\/strong><\/h2>\n\n\n\n<div class=\"wp-block-columns is-layout-flex wp-container-core-columns-is-layout-28f84493 wp-block-columns-is-layout-flex\">\n<div class=\"wp-block-column is-layout-flow wp-block-column-is-layout-flow\">\n<figure class=\"wp-block-image aligncenter size-large is-resized\"><img decoding=\"async\" width=\"1024\" height=\"1024\" src=\"https:\/\/www.usborkeychain.com\/wp-content\/uploads\/Biodegradable-Card-Shaped-USB-Flash-Drive-1024x1024.jpg\" alt=\"Biodegradable Card-Shaped USB Flash Drive\" class=\"wp-image-2154\" style=\"width:450px\" srcset=\"https:\/\/www.usborkeychain.com\/wp-content\/uploads\/Biodegradable-Card-Shaped-USB-Flash-Drive-1024x1024.jpg 1024w, https:\/\/www.usborkeychain.com\/wp-content\/uploads\/Biodegradable-Card-Shaped-USB-Flash-Drive-300x300.jpg 300w, https:\/\/www.usborkeychain.com\/wp-content\/uploads\/Biodegradable-Card-Shaped-USB-Flash-Drive-150x150.jpg 150w, https:\/\/www.usborkeychain.com\/wp-content\/uploads\/Biodegradable-Card-Shaped-USB-Flash-Drive-768x768.jpg 768w, https:\/\/www.usborkeychain.com\/wp-content\/uploads\/Biodegradable-Card-Shaped-USB-Flash-Drive-1536x1536.jpg 1536w, https:\/\/www.usborkeychain.com\/wp-content\/uploads\/Biodegradable-Card-Shaped-USB-Flash-Drive-12x12.jpg 12w, https:\/\/www.usborkeychain.com\/wp-content\/uploads\/Biodegradable-Card-Shaped-USB-Flash-Drive-600x600.jpg 600w, https:\/\/www.usborkeychain.com\/wp-content\/uploads\/Biodegradable-Card-Shaped-USB-Flash-Drive-100x100.jpg 100w, https:\/\/www.usborkeychain.com\/wp-content\/uploads\/Biodegradable-Card-Shaped-USB-Flash-Drive.jpg 1920w\" sizes=\"(max-width: 1024px) 100vw, 1024px\" \/><\/figure>\n<\/div>\n\n\n\n<div class=\"wp-block-column is-vertically-aligned-center is-layout-flow wp-block-column-is-layout-flow\">\n<p> <strong>Personalizzazione del logo<\/strong>Supporta due processi: serigrafia frontale (supporta i colori Pantone, colori vivaci) e stampa a colori (ripristino del modello a colori, adatto a disegni complessi): 100 pezzi (serigrafia\/stampa a colori).<\/p>\n\n\n\n<p><strong>Personalizzazione dell'imballaggio<\/strong>Pu\u00f2 stampare loghi del marchio e slogan promozionali su sacchetti in PP, scatole di legno, scatole di carta, ecc. e le scatole di ferro supportano l'incisione laser o la personalizzazione della serigrafia.<\/p>\n<\/div>\n<\/div>\n\n\n\n<h2 class=\"wp-block-heading\"><strong>Conclusione: La tecnologia ambientale favorisce la personalizzazione aziendale e gli acquisti di massa <\/strong><strong><\/strong><\/h2>\n\n\n\n<p>Questa mini card USB2.0 biodegradabile utilizza materiali biodegradabili di paglia di grano come punto di forza, integra la trasmissione ad alta velocit\u00e0 USB3.1 e la tecnologia impermeabile e antiurto del colloide nero e combina concetti ambientali e prestazioni pratiche.<\/p>\n\n\n\n<p>Sia che si tratti di eco-regali aziendali personalizzati, di materiali promozionali per mostre o di acquisti all'ingrosso di piattaforme di e-commerce, \u00e8 in grado di fornire servizi one-stop dalla personalizzazione del logo e dalla progettazione dell'imballaggio alla produzione di massa.<\/p>","protected":false},"excerpt":{"rendered":"<ul>\n<li>Design a forma di carta<\/li>\n<li>Materiali eco-compatibili<\/li>\n<li>Sottile e leggero<\/li>\n<li>Facile da trasportare<\/li>\n<li>Ottimo per tutti gli usi<\/li>\n<\/ul>","protected":false},"featured_media":2158,"comment_status":"open","ping_status":"closed","template":"","meta":{"_seopress_robots_primary_cat":"none","_seopress_titles_title":"USB2.0 Biodegradable Mini Card USB Drive","_seopress_titles_desc":"","_seopress_robots_index":"","site-sidebar-layout":"default","site-content-layout":"","ast-site-content-layout":"","site-content-style":"default","site-sidebar-style":"default","ast-global-header-display":"","ast-banner-title-visibility":"","ast-main-header-display":"","ast-hfb-above-header-display":"","ast-hfb-below-header-display":"","ast-hfb-mobile-header-display":"","site-post-title":"","ast-breadcrumbs-content":"","ast-featured-img":"","footer-sml-layout":"","theme-transparent-header-meta":"","adv-header-id-meta":"","stick-header-meta":"","header-above-stick-meta":"","header-main-stick-meta":"","header-below-stick-meta":"","astra-migrate-meta-layouts":"default","ast-page-background-enabled":"default","ast-page-background-meta":{"desktop":{"background-color":"var(--ast-global-color-5)","background-image":"","background-repeat":"repeat","background-position":"center center","background-size":"auto","background-attachment":"scroll","background-type":"","background-media":"","overlay-type":"","overlay-color":"","overlay-opacity":"","overlay-gradient":""},"tablet":{"background-color":"","background-image":"","background-repeat":"repeat","background-position":"center center","background-size":"auto","background-attachment":"scroll","background-type":"","background-media":"","overlay-type":"","overlay-color":"","overlay-opacity":"","overlay-gradient":""},"mobile":{"background-color":"","background-image":"","background-repeat":"repeat","background-position":"center center","background-size":"auto","background-attachment":"scroll","background-type":"","background-media":"","overlay-type":"","overlay-color":"","overlay-opacity":"","overlay-gradient":""}},"ast-content-background-meta":{"desktop":{"background-color":"var(--ast-global-color-4)","background-image":"","background-repeat":"repeat","background-position":"center center","background-size":"auto","background-attachment":"scroll","background-type":"","background-media":"","overlay-type":"","overlay-color":"","overlay-opacity":"","overlay-gradient":""},"tablet":{"background-color":"var(--ast-global-color-4)","background-image":"","background-repeat":"repeat","background-position":"center center","background-size":"auto","background-attachment":"scroll","background-type":"","background-media":"","overlay-type":"","overlay-color":"","overlay-opacity":"","overlay-gradient":""},"mobile":{"background-color":"var(--ast-global-color-4)","background-image":"","background-repeat":"repeat","background-position":"center center","background-size":"auto","background-attachment":"scroll","background-type":"","background-media":"","overlay-type":"","overlay-color":"","overlay-opacity":"","overlay-gradient":""}}},"product_brand":[],"product_cat":[96,170],"product_tag":[],"class_list":{"0":"post-2150","1":"product","2":"type-product","3":"status-publish","4":"has-post-thumbnail","6":"product_cat-card-usb-pendrive","7":"product_cat-biodegradable-usb-pendrive-2","8":"desktop-align-left","9":"tablet-align-left","10":"mobile-align-left","12":"first","13":"instock","14":"sale","15":"shipping-taxable","16":"purchasable","17":"product-type-simple"},"_links":{"self":[{"href":"https:\/\/www.usborkeychain.com\/it\/wp-json\/wp\/v2\/product\/2150","targetHints":{"allow":["GET"]}}],"collection":[{"href":"https:\/\/www.usborkeychain.com\/it\/wp-json\/wp\/v2\/product"}],"about":[{"href":"https:\/\/www.usborkeychain.com\/it\/wp-json\/wp\/v2\/types\/product"}],"replies":[{"embeddable":true,"href":"https:\/\/www.usborkeychain.com\/it\/wp-json\/wp\/v2\/comments?post=2150"}],"wp:featuredmedia":[{"embeddable":true,"href":"https:\/\/www.usborkeychain.com\/it\/wp-json\/wp\/v2\/media\/2158"}],"wp:attachment":[{"href":"https:\/\/www.usborkeychain.com\/it\/wp-json\/wp\/v2\/media?parent=2150"}],"wp:term":[{"taxonomy":"product_brand","embeddable":true,"href":"https:\/\/www.usborkeychain.com\/it\/wp-json\/wp\/v2\/product_brand?post=2150"},{"taxonomy":"product_cat","embeddable":true,"href":"https:\/\/www.usborkeychain.com\/it\/wp-json\/wp\/v2\/product_cat?post=2150"},{"taxonomy":"product_tag","embeddable":true,"href":"https:\/\/www.usborkeychain.com\/it\/wp-json\/wp\/v2\/product_tag?post=2150"}],"curies":[{"name":"wp","href":"https:\/\/api.w.org\/{rel}","templated":true}]}}