{"id":2226,"date":"2025-06-19T09:26:42","date_gmt":"2025-06-19T09:26:42","guid":{"rendered":"https:\/\/www.usborkeychain.com\/?post_type=product&#038;p=2226"},"modified":"2025-07-22T14:22:28","modified_gmt":"2025-07-22T14:22:28","slug":"key-shape-wooden-usb-flash-drive","status":"publish","type":"product","link":"https:\/\/www.usborkeychain.com\/it\/prodotto\/key-shape-wooden-usb-flash-drive\/","title":{"rendered":"Unit\u00e0 flash USB in legno a forma di chiave"},"content":{"rendered":"<h2 class=\"wp-block-heading\"><strong>Che cos'\u00e8 un <\/strong><strong>Unit\u00e0 flash USB in legno a forma di chiave<\/strong><strong>? <\/strong><strong><\/strong><\/h2>\n\n\n\n<div class=\"wp-block-columns is-layout-flex wp-container-core-columns-is-layout-28f84493 wp-block-columns-is-layout-flex\">\n<div class=\"wp-block-column is-layout-flow wp-block-column-is-layout-flow\">\n<figure class=\"wp-block-image aligncenter size-full is-resized\"><img fetchpriority=\"high\" decoding=\"async\" width=\"800\" height=\"800\" src=\"https:\/\/www.usborkeychain.com\/wp-content\/uploads\/bulk-key-shape-wooden-usb-flash-drive.jpg\" alt=\"bulk key shape wooden usb flash drive\" class=\"wp-image-2229\" style=\"width:450px\" srcset=\"https:\/\/www.usborkeychain.com\/wp-content\/uploads\/bulk-key-shape-wooden-usb-flash-drive.jpg 800w, https:\/\/www.usborkeychain.com\/wp-content\/uploads\/bulk-key-shape-wooden-usb-flash-drive-300x300.jpg 300w, https:\/\/www.usborkeychain.com\/wp-content\/uploads\/bulk-key-shape-wooden-usb-flash-drive-150x150.jpg 150w, https:\/\/www.usborkeychain.com\/wp-content\/uploads\/bulk-key-shape-wooden-usb-flash-drive-768x768.jpg 768w, https:\/\/www.usborkeychain.com\/wp-content\/uploads\/bulk-key-shape-wooden-usb-flash-drive-12x12.jpg 12w, https:\/\/www.usborkeychain.com\/wp-content\/uploads\/bulk-key-shape-wooden-usb-flash-drive-600x600.jpg 600w, https:\/\/www.usborkeychain.com\/wp-content\/uploads\/bulk-key-shape-wooden-usb-flash-drive-100x100.jpg 100w\" sizes=\"(max-width: 800px) 100vw, 800px\" \/><\/figure>\n<\/div>\n\n\n\n<div class=\"wp-block-column is-vertically-aligned-center is-layout-flow wp-block-column-is-layout-flow\">\n<p>La chiavetta USB in legno Key Shape riproduce il profilo classico delle tradizionali chiavi in metallo, con ogni dettaglio, dalla testa angolare al gambo seghettato, che richiama un'estetica retr\u00f2.<\/p>\n\n\n\n<p>Realizzato in legno naturale selezionato, il corpo presenta delicate venature del legno e una texture calda. Grazie a sei processi di lucidatura, la superficie presenta un tocco liscio come la pelle di un bambino, preservando la naturale traspirabilit\u00e0 del legno e garantendo al tempo stesso resistenza all'usura e alle cadute.<\/p>\n\n\n\n<p>Il design pi\u00f9 ingegnoso \u00e8 il mini foro di aggancio all'estremit\u00e0, identico a quello delle chiavi vere e proprie, che consente di agganciarlo facilmente a portachiavi, cerniere di zaini o cordini identificativi, dicendo addio alla \"sindrome della chiavetta USB mancante\" e trasformando il dispositivo di archiviazione in un accessorio portatile di pregio.<\/p>\n<\/div>\n<\/div>\n\n\n\n<h2 class=\"wp-block-heading\"><strong>Interfaccia USB3.0 ad alta velocit\u00e0 + parametri hardcore <\/strong><strong><\/strong><\/h2>\n\n\n\n<figure class=\"wp-block-table\"><table class=\"has-fixed-layout\"><tbody><tr><td>Tipo di parametro<\/td><td>Unit\u00e0 flash USB in legno a forma di chiave (USB3.0)<\/td><td>Unit\u00e0 USB2.0 ordinaria<\/td><td>Analisi del vantaggio<\/td><\/tr><tr><td>Capacit\u00e0 di stoccaggio<\/td><td>8GB\/16GB\/32GB\/64GB\/128GB<\/td><td>Capacit\u00e0 regolare<\/td><td>Copre tutte le esigenze di scena, dall'ufficio quotidiano alla progettazione professionale<\/td><\/tr><tr><td>Dimensioni del corpo<\/td><td>60\u00d729\u00d710 mm<\/td><td>Nessuno standard uniforme<\/td><td>Il formato miniaturizzato si adatta a tutte le tasche\/portafogli, senza alcun peso da portare con s\u00e9<\/td><\/tr><tr><td>Peso<\/td><td>15g<\/td><td>20-30g<\/td><td>Design leggero, nessun carico se appeso ai portachiavi<\/td><\/tr><tr><td>Velocit\u00e0 di lettura<\/td><td>Fino a 100MB\/s (trasferimento di file di grandi dimensioni in pochi secondi)<\/td><td>15-20MB\/s<\/td><td>Trasferisce un film da 1 GB in soli 10 secondi, 5 volte pi\u00f9 velocemente delle normali unit\u00e0 USB.<\/td><\/tr><tr><td>Velocit\u00e0 di scrittura<\/td><td>Fino a 30 MB\/s (preferibile per un'archiviazione efficiente)<\/td><td>5-10MB\/s<\/td><td>Risparmia il tempo di attesa del 70% quando si importano i dati in batch.<\/td><\/tr><tr><td>Materiale<\/td><td>Legno massiccio naturale + contatti in metallo<\/td><td>Plastica\/metallo<\/td><td>Caldo e delicato sulla pelle, ogni pezzo \u00e8 un'opera d'arte con venature del legno unica nel suo genere.<\/td><\/tr><\/tbody><\/table><\/figure>\n\n\n\n<h2 class=\"wp-block-heading\"><strong>Tre classici <\/strong><strong>Unit\u00e0 flash USB in legno a forma di chiave<\/strong><strong>s <\/strong><strong><\/strong><\/h2>\n\n\n\n<div class=\"wp-block-columns is-layout-flex wp-container-core-columns-is-layout-28f84493 wp-block-columns-is-layout-flex\">\n<div class=\"wp-block-column is-vertically-aligned-center is-layout-flow wp-block-column-is-layout-flow\">\n<p><strong>Modello a testa quadrata <\/strong><\/p>\n\n\n\n<p>La testa della chiave adotta un design rettangolare con bordi distinti, dove i bordi meccanici ad angolo retto emanano un'aura tagliente, ma sono delicatamente avvolti dalle venature naturali del legno marrone chiaro come le ombre degli alberi: questi motivi irregolari sono come dolci impronte del tempo, che aggiungono un tocco di affinit\u00e0 alle linee dure.<\/p>\n\n\n\n<p>Il foro di sospensione nell'angolo superiore sinistro \u00e8 volutamente decentrato, diventando un \"easter egg asimmetrico\" nascosto dal designer, come a dire: \"Oltre le regole, ci sono le sorprese\". Quando i polpastrelli scivolano sui bordi ad angolo retto, la calda sensazione opaca del legno si scontra con i contatti metallici nero-oro dell'interfaccia USB, creando un meraviglioso contrasto, come iniettare l'anima di una chiave retr\u00f2 nella tecnologia moderna, rendendo l'archiviazione piena di rituali.<\/p>\n<\/div>\n\n\n\n<div class=\"wp-block-column is-layout-flow wp-block-column-is-layout-flow\">\n<figure class=\"wp-block-image aligncenter size-full is-resized\"><img decoding=\"async\" width=\"800\" height=\"800\" src=\"https:\/\/www.usborkeychain.com\/wp-content\/uploads\/China-Square-Head-Key-Shape-Wooden-usb-flash-drive.jpg\" alt=\"China Square Head Key Shape Wooden usb flash drive\" class=\"wp-image-2230\" style=\"width:450px\" srcset=\"https:\/\/www.usborkeychain.com\/wp-content\/uploads\/China-Square-Head-Key-Shape-Wooden-usb-flash-drive.jpg 800w, https:\/\/www.usborkeychain.com\/wp-content\/uploads\/China-Square-Head-Key-Shape-Wooden-usb-flash-drive-300x300.jpg 300w, https:\/\/www.usborkeychain.com\/wp-content\/uploads\/China-Square-Head-Key-Shape-Wooden-usb-flash-drive-150x150.jpg 150w, https:\/\/www.usborkeychain.com\/wp-content\/uploads\/China-Square-Head-Key-Shape-Wooden-usb-flash-drive-768x768.jpg 768w, https:\/\/www.usborkeychain.com\/wp-content\/uploads\/China-Square-Head-Key-Shape-Wooden-usb-flash-drive-12x12.jpg 12w, https:\/\/www.usborkeychain.com\/wp-content\/uploads\/China-Square-Head-Key-Shape-Wooden-usb-flash-drive-600x600.jpg 600w, https:\/\/www.usborkeychain.com\/wp-content\/uploads\/China-Square-Head-Key-Shape-Wooden-usb-flash-drive-100x100.jpg 100w\" sizes=\"(max-width: 800px) 100vw, 800px\" \/><\/figure>\n<\/div>\n<\/div>\n\n\n\n<div class=\"wp-block-columns is-layout-flex wp-container-core-columns-is-layout-28f84493 wp-block-columns-is-layout-flex\">\n<div class=\"wp-block-column is-layout-flow wp-block-column-is-layout-flow\">\n<figure class=\"wp-block-image aligncenter size-full is-resized\"><img decoding=\"async\" width=\"800\" height=\"800\" src=\"https:\/\/www.usborkeychain.com\/wp-content\/uploads\/key-shape-wooden-usb-flash-drive-with-triangular-head.jpg\" alt=\"key shape wooden usb flash drive with triangular head\" class=\"wp-image-2231\" style=\"width:450px\" srcset=\"https:\/\/www.usborkeychain.com\/wp-content\/uploads\/key-shape-wooden-usb-flash-drive-with-triangular-head.jpg 800w, https:\/\/www.usborkeychain.com\/wp-content\/uploads\/key-shape-wooden-usb-flash-drive-with-triangular-head-300x300.jpg 300w, https:\/\/www.usborkeychain.com\/wp-content\/uploads\/key-shape-wooden-usb-flash-drive-with-triangular-head-150x150.jpg 150w, https:\/\/www.usborkeychain.com\/wp-content\/uploads\/key-shape-wooden-usb-flash-drive-with-triangular-head-768x768.jpg 768w, https:\/\/www.usborkeychain.com\/wp-content\/uploads\/key-shape-wooden-usb-flash-drive-with-triangular-head-12x12.jpg 12w, https:\/\/www.usborkeychain.com\/wp-content\/uploads\/key-shape-wooden-usb-flash-drive-with-triangular-head-600x600.jpg 600w, https:\/\/www.usborkeychain.com\/wp-content\/uploads\/key-shape-wooden-usb-flash-drive-with-triangular-head-100x100.jpg 100w\" sizes=\"(max-width: 800px) 100vw, 800px\" \/><\/figure>\n<\/div>\n\n\n\n<div class=\"wp-block-column is-vertically-aligned-center is-layout-flow wp-block-column-is-layout-flow\">\n<p><strong>Modello a testa triangolare <\/strong><\/p>\n\n\n\n<p>Il modello a testa triangolare, accuratamente selezionato in materiale di bamb\u00f9, presenta ipotenus acuti come linee taglienti scolpite dai venti di montagna, ma immediatamente alleggeriti dalla fine trama verticale del bamb\u00f9: la superficie trasparente e dorata del bamb\u00f9 sembra catturare la luce del sole di un'intera foresta di bamb\u00f9, dando la sensazione di sentire il fruscio delle foglie di bamb\u00f9 quando lo si tiene in mano.<\/p>\n\n\n\n<p>Il foro per appendere si aggrappa al bordo della parte superiore triangolare; questo design dalla posizione \"avventurosa\" lo rende pronto per essere agganciato al portachiavi e intraprendere il prossimo viaggio in qualsiasi momento. Quando le dita scivolano sulle ipotenuse e accarezzano delicatamente la direzione della trama del bamb\u00f9, \u00e8 come inseguire luci e ombre in montagna, e ogni tocco \u00e8 un dialogo con la natura.<\/p>\n<\/div>\n<\/div>\n\n\n\n<div class=\"wp-block-columns is-layout-flex wp-container-core-columns-is-layout-28f84493 wp-block-columns-is-layout-flex\">\n<div class=\"wp-block-column is-vertically-aligned-center is-layout-flow wp-block-column-is-layout-flow\">\n<p><strong>Modello a testa tonda <\/strong><\/p>\n\n\n\n<p>La testa della chiave \u00e8 un cerchio completo avvolto da un arco liscio, con bordi fluidi come ciottoli lavati da un ruscello per anni. La texture del legno chiaro si diffonde sulla superficie circolare, come se gli anelli annuali della foresta si condensassero in una piccola luna nel palmo della mano.<\/p>\n\n\n\n<p>Il foro di sospensione \u00e8 nascosto leggermente al di sopra del centro del cerchio, rendendo l'intero profilo pi\u00f9 simile a una vecchia chiave i cui bordi sono stati smussati dal tempo, con un filtro retr\u00f2 incorporato.<\/p>\n\n\n\n<p>Quando i polpastrelli scorrono intorno all'arco, si percepisce chiaramente la transizione del legno da duro a morbido, e anche l'interfaccia USB in metallo sporgente \u00e8 come una \"antenna moderna\" che si estende dai tempi antichi, collegando delicatamente il passato e il presente.<\/p>\n<\/div>\n\n\n\n<div class=\"wp-block-column is-layout-flow wp-block-column-is-layout-flow\">\n<figure class=\"wp-block-image aligncenter size-full is-resized\"><img loading=\"lazy\" decoding=\"async\" width=\"800\" height=\"800\" src=\"https:\/\/www.usborkeychain.com\/wp-content\/uploads\/low-price-key-shape-wooden-usb-flash-drive-with-round-head.jpg\" alt=\"low price key shape wooden usb flash drive with round head\" class=\"wp-image-2232\" style=\"width:450px\" srcset=\"https:\/\/www.usborkeychain.com\/wp-content\/uploads\/low-price-key-shape-wooden-usb-flash-drive-with-round-head.jpg 800w, https:\/\/www.usborkeychain.com\/wp-content\/uploads\/low-price-key-shape-wooden-usb-flash-drive-with-round-head-300x300.jpg 300w, https:\/\/www.usborkeychain.com\/wp-content\/uploads\/low-price-key-shape-wooden-usb-flash-drive-with-round-head-150x150.jpg 150w, https:\/\/www.usborkeychain.com\/wp-content\/uploads\/low-price-key-shape-wooden-usb-flash-drive-with-round-head-768x768.jpg 768w, https:\/\/www.usborkeychain.com\/wp-content\/uploads\/low-price-key-shape-wooden-usb-flash-drive-with-round-head-12x12.jpg 12w, https:\/\/www.usborkeychain.com\/wp-content\/uploads\/low-price-key-shape-wooden-usb-flash-drive-with-round-head-600x600.jpg 600w, https:\/\/www.usborkeychain.com\/wp-content\/uploads\/low-price-key-shape-wooden-usb-flash-drive-with-round-head-100x100.jpg 100w\" sizes=\"(max-width: 800px) 100vw, 800px\" \/><\/figure>\n<\/div>\n<\/div>\n\n\n\n<h2 class=\"wp-block-heading\"><strong>Personalizzazione esclusiva <\/strong><strong><\/strong><\/h2>\n\n\n\n<p>Supporta la personalizzazione di LOGHI esclusivi sia sul fronte che sul retro, offrendo tre processi:<\/p>\n\n\n\n<p><strong>Serigrafia<\/strong>: I colori ad alta saturazione ripristinano con precisione il marchio VI, adatto per LOGO semplici o modelli monocolore;<\/p>\n\n\n\n<p><strong>Stampa a colori<\/strong>: Restauro a colori di progetti complessi, con la presentazione chiara di gradienti\/illustrazioni e altri dettagli;<\/p>\n\n\n\n<p><strong>Incisione laser<\/strong>: Un processo di calcografia che penetra in profondit\u00e0 nella struttura del legno, creando una texture sobria e lussuosa. La combinazione naturale di venature del legno e incisione rende ogni LOGO un'opera d'arte unica. Che si tratti di regali aziendali, di oggetti commemorativi di eventi o di loghi personali esclusivi, la personalizzazione di questa chiavetta USB pu\u00f2 trasformarla in un biglietto da visita \"parlante\".<\/p>\n\n\n\n<p><\/p>","protected":false},"excerpt":{"rendered":"<ul>\n<li>Design della testa diverso<\/li>\n<li>Materiale in legno<\/li>\n<li>Resistente ai graffi e all'usura<\/li>\n<li>Velocit\u00e0 pi\u00f9 elevata e alta qualit\u00e0<\/li>\n<li>Affidabile e sicuro<\/li>\n<li>Ottimo per tutti gli usi<\/li>\n<\/ul>","protected":false},"featured_media":2229,"comment_status":"open","ping_status":"closed","template":"","meta":{"_seopress_robots_primary_cat":"none","_seopress_titles_title":"Key Shape Wooden USB Flash Drive","_seopress_titles_desc":"","_seopress_robots_index":"","site-sidebar-layout":"default","site-content-layout":"","ast-site-content-layout":"","site-content-style":"default","site-sidebar-style":"default","ast-global-header-display":"","ast-banner-title-visibility":"","ast-main-header-display":"","ast-hfb-above-header-display":"","ast-hfb-below-header-display":"","ast-hfb-mobile-header-display":"","site-post-title":"","ast-breadcrumbs-content":"","ast-featured-img":"","footer-sml-layout":"","theme-transparent-header-meta":"","adv-header-id-meta":"","stick-header-meta":"","header-above-stick-meta":"","header-main-stick-meta":"","header-below-stick-meta":"","astra-migrate-meta-layouts":"default","ast-page-background-enabled":"default","ast-page-background-meta":{"desktop":{"background-color":"var(--ast-global-color-5)","background-image":"","background-repeat":"repeat","background-position":"center center","background-size":"auto","background-attachment":"scroll","background-type":"","background-media":"","overlay-type":"","overlay-color":"","overlay-opacity":"","overlay-gradient":""},"tablet":{"background-color":"","background-image":"","background-repeat":"repeat","background-position":"center center","background-size":"auto","background-attachment":"scroll","background-type":"","background-media":"","overlay-type":"","overlay-color":"","overlay-opacity":"","overlay-gradient":""},"mobile":{"background-color":"","background-image":"","background-repeat":"repeat","background-position":"center center","background-size":"auto","background-attachment":"scroll","background-type":"","background-media":"","overlay-type":"","overlay-color":"","overlay-opacity":"","overlay-gradient":""}},"ast-content-background-meta":{"desktop":{"background-color":"var(--ast-global-color-4)","background-image":"","background-repeat":"repeat","background-position":"center center","background-size":"auto","background-attachment":"scroll","background-type":"","background-media":"","overlay-type":"","overlay-color":"","overlay-opacity":"","overlay-gradient":""},"tablet":{"background-color":"var(--ast-global-color-4)","background-image":"","background-repeat":"repeat","background-position":"center center","background-size":"auto","background-attachment":"scroll","background-type":"","background-media":"","overlay-type":"","overlay-color":"","overlay-opacity":"","overlay-gradient":""},"mobile":{"background-color":"var(--ast-global-color-4)","background-image":"","background-repeat":"repeat","background-position":"center center","background-size":"auto","background-attachment":"scroll","background-type":"","background-media":"","overlay-type":"","overlay-color":"","overlay-opacity":"","overlay-gradient":""}}},"product_brand":[],"product_cat":[168,108,101],"product_tag":[],"class_list":{"0":"post-2226","1":"product","2":"type-product","3":"status-publish","4":"has-post-thumbnail","6":"product_cat-wood-usb-flash-drive","7":"product_cat-key-shaped-usb-pendrive","8":"product_cat-usb-pendrive-with-keychain","9":"desktop-align-left","10":"tablet-align-left","11":"mobile-align-left","13":"first","14":"instock","15":"shipping-taxable","16":"product-type-simple"},"_links":{"self":[{"href":"https:\/\/www.usborkeychain.com\/it\/wp-json\/wp\/v2\/product\/2226","targetHints":{"allow":["GET"]}}],"collection":[{"href":"https:\/\/www.usborkeychain.com\/it\/wp-json\/wp\/v2\/product"}],"about":[{"href":"https:\/\/www.usborkeychain.com\/it\/wp-json\/wp\/v2\/types\/product"}],"replies":[{"embeddable":true,"href":"https:\/\/www.usborkeychain.com\/it\/wp-json\/wp\/v2\/comments?post=2226"}],"wp:featuredmedia":[{"embeddable":true,"href":"https:\/\/www.usborkeychain.com\/it\/wp-json\/wp\/v2\/media\/2229"}],"wp:attachment":[{"href":"https:\/\/www.usborkeychain.com\/it\/wp-json\/wp\/v2\/media?parent=2226"}],"wp:term":[{"taxonomy":"product_brand","embeddable":true,"href":"https:\/\/www.usborkeychain.com\/it\/wp-json\/wp\/v2\/product_brand?post=2226"},{"taxonomy":"product_cat","embeddable":true,"href":"https:\/\/www.usborkeychain.com\/it\/wp-json\/wp\/v2\/product_cat?post=2226"},{"taxonomy":"product_tag","embeddable":true,"href":"https:\/\/www.usborkeychain.com\/it\/wp-json\/wp\/v2\/product_tag?post=2226"}],"curies":[{"name":"wp","href":"https:\/\/api.w.org\/{rel}","templated":true}]}}