{"id":2520,"date":"2025-06-20T08:20:25","date_gmt":"2025-06-20T08:20:25","guid":{"rendered":"https:\/\/www.usborkeychain.com\/?post_type=product&#038;p=2520"},"modified":"2025-07-10T00:22:29","modified_gmt":"2025-07-10T00:22:29","slug":"wooden-cross-usb-flash-drive","status":"publish","type":"product","link":"https:\/\/www.usborkeychain.com\/it\/prodotto\/wooden-cross-usb-flash-drive\/","title":{"rendered":"Unit\u00e0 flash USB con croce di legno"},"content":{"rendered":"<div class=\"wp-block-columns is-layout-flex wp-container-core-columns-is-layout-28f84493 wp-block-columns-is-layout-flex\">\n<div class=\"wp-block-column is-layout-flow wp-block-column-is-layout-flow\">\n<figure class=\"wp-block-image size-full is-resized\"><img fetchpriority=\"high\" decoding=\"async\" width=\"800\" height=\"800\" src=\"https:\/\/www.usborkeychain.com\/wp-content\/uploads\/odm-wooden-cross-usb-drive.jpg\" alt=\"odm wooden cross usb drive\" class=\"wp-image-2524\" style=\"width:450px\" srcset=\"https:\/\/www.usborkeychain.com\/wp-content\/uploads\/odm-wooden-cross-usb-drive.jpg 800w, https:\/\/www.usborkeychain.com\/wp-content\/uploads\/odm-wooden-cross-usb-drive-300x300.jpg 300w, https:\/\/www.usborkeychain.com\/wp-content\/uploads\/odm-wooden-cross-usb-drive-150x150.jpg 150w, https:\/\/www.usborkeychain.com\/wp-content\/uploads\/odm-wooden-cross-usb-drive-768x768.jpg 768w, https:\/\/www.usborkeychain.com\/wp-content\/uploads\/odm-wooden-cross-usb-drive-12x12.jpg 12w, https:\/\/www.usborkeychain.com\/wp-content\/uploads\/odm-wooden-cross-usb-drive-600x600.jpg 600w, https:\/\/www.usborkeychain.com\/wp-content\/uploads\/odm-wooden-cross-usb-drive-100x100.jpg 100w\" sizes=\"(max-width: 800px) 100vw, 800px\" \/><\/figure>\n<\/div>\n\n\n\n<div class=\"wp-block-column is-vertically-aligned-center is-layout-flow wp-block-column-is-layout-flow\">\n<p>La chiavetta USB Wooden Cross riprende il classico design a croce, integrando un connettore portachiavi in metallo per creare un dispositivo di archiviazione che unisce le connotazioni culturali religiose alle moderne funzioni tecnologiche.<\/p>\n\n\n\n<p>Il corpo principale misura 80mm\u00d750mm\u00d78mm, con una larghezza della traversa di 35mm. Realizzato in legno naturale come materiale primario, la sua superficie \u00e8 sottoposta a 8 processi di lucidatura manuale, con un tocco caldo e una texture chiara, che funge da doppio supporto per l'espressione della fede e l'archiviazione dei dati.<\/p>\n<\/div>\n<\/div>\n\n\n\n<p><\/p>\n\n\n\n<h2 class=\"wp-block-heading\"><strong>Perch\u00e9 la chiavetta USB con croce di legno \u00e8 molto apprezzata? <\/strong><strong><\/strong><\/h2>\n\n\n\n<p>La chiavetta USB con croce di legno \u00e8 molto apprezzata per il suo design creativo unico e il suo profondo simbolismo. La classica forma a croce ha un significato religioso e risponde alle esigenze spirituali delle comunit\u00e0 religiose.<\/p>\n\n\n\n<p>Il materiale in legno trasmette una consistenza naturale e rustica, mentre il connettore in metallo esalta la qualit\u00e0 del prodotto. Simboleggia la pace, la protezione e l'eredit\u00e0 della fede.<\/p>\n\n\n\n<p>Sia che venga utilizzato come regalo religioso, ricordo commemorativo o strumento di conservazione quotidiana, conferisce un valore emotivo, soddisfacendo la duplice ricerca di funzionalit\u00e0 e di connotazioni spirituali da parte degli utenti.<\/p>\n\n\n\n<div class=\"wp-block-columns is-layout-flex wp-container-core-columns-is-layout-28f84493 wp-block-columns-is-layout-flex\">\n<div class=\"wp-block-column is-layout-flow wp-block-column-is-layout-flow\">\n<figure class=\"wp-block-image aligncenter size-full is-resized\"><img decoding=\"async\" width=\"800\" height=\"800\" src=\"https:\/\/www.usborkeychain.com\/wp-content\/uploads\/promotional-wooden-cross-usb-drive.jpg\" alt=\"promotional wooden cross usb drive\" class=\"wp-image-2525\" style=\"width:450px\" srcset=\"https:\/\/www.usborkeychain.com\/wp-content\/uploads\/promotional-wooden-cross-usb-drive.jpg 800w, https:\/\/www.usborkeychain.com\/wp-content\/uploads\/promotional-wooden-cross-usb-drive-300x300.jpg 300w, https:\/\/www.usborkeychain.com\/wp-content\/uploads\/promotional-wooden-cross-usb-drive-150x150.jpg 150w, https:\/\/www.usborkeychain.com\/wp-content\/uploads\/promotional-wooden-cross-usb-drive-768x768.jpg 768w, https:\/\/www.usborkeychain.com\/wp-content\/uploads\/promotional-wooden-cross-usb-drive-12x12.jpg 12w, https:\/\/www.usborkeychain.com\/wp-content\/uploads\/promotional-wooden-cross-usb-drive-600x600.jpg 600w, https:\/\/www.usborkeychain.com\/wp-content\/uploads\/promotional-wooden-cross-usb-drive-100x100.jpg 100w\" sizes=\"(max-width: 800px) 100vw, 800px\" \/><\/figure>\n<\/div>\n\n\n\n<div class=\"wp-block-column is-layout-flow wp-block-column-is-layout-flow\">\n<figure class=\"wp-block-image aligncenter size-full is-resized\"><img decoding=\"async\" width=\"800\" height=\"800\" src=\"https:\/\/www.usborkeychain.com\/wp-content\/uploads\/wholesale-wooden-cross-usb-drive.jpg\" alt=\"wholesale wooden cross usb drive\" class=\"wp-image-2526\" style=\"width:450px\" srcset=\"https:\/\/www.usborkeychain.com\/wp-content\/uploads\/wholesale-wooden-cross-usb-drive.jpg 800w, https:\/\/www.usborkeychain.com\/wp-content\/uploads\/wholesale-wooden-cross-usb-drive-300x300.jpg 300w, https:\/\/www.usborkeychain.com\/wp-content\/uploads\/wholesale-wooden-cross-usb-drive-150x150.jpg 150w, https:\/\/www.usborkeychain.com\/wp-content\/uploads\/wholesale-wooden-cross-usb-drive-768x768.jpg 768w, https:\/\/www.usborkeychain.com\/wp-content\/uploads\/wholesale-wooden-cross-usb-drive-12x12.jpg 12w, https:\/\/www.usborkeychain.com\/wp-content\/uploads\/wholesale-wooden-cross-usb-drive-600x600.jpg 600w, https:\/\/www.usborkeychain.com\/wp-content\/uploads\/wholesale-wooden-cross-usb-drive-100x100.jpg 100w\" sizes=\"(max-width: 800px) 100vw, 800px\" \/><\/figure>\n<\/div>\n<\/div>\n\n\n\n<h2 class=\"wp-block-heading\"><strong>Quali sono i materiali, le interfacce e le capacit\u00e0 della chiavetta USB Wooden Cross? <\/strong><strong><\/strong><\/h2>\n\n\n\n<p>Per quanto riguarda i materiali, sono stati selezionati con cura legni di alta qualit\u00e0 come l'acero (densit\u00e0 0,6 g\/cm\u00b3, struttura fine), il noce (densit\u00e0 0,85 g\/cm\u00b3, colore stabile) e il bamb\u00f9 (densit\u00e0 0,7 g\/cm\u00b3, tenace e resistente all'usura). Le interfacce offrono due opzioni: USB2.0 (velocit\u00e0 di trasferimento 480Mbps) e USB3.0 (velocit\u00e0 di trasferimento 5Gbps).<\/p>\n\n\n\n<p>Le capacit\u00e0 vanno da 1GB a 1TB, coprendo 12 specifiche, tra cui 16GB-128GB sono le capacit\u00e0 convenzionali pi\u00f9 vendute, mentre la capacit\u00e0 super-grande da 1TB soddisfa le esigenze di archiviazione professionale dei dati, adattandosi pienamente ai diversi scenari degli utenti.<\/p>\n\n\n\n<h2 class=\"wp-block-heading\"><strong>Come personalizzare il logo sulla chiavetta USB con croce di legno? <\/strong><strong><\/strong><\/h2>\n\n\n\n<div class=\"wp-block-columns is-layout-flex wp-container-core-columns-is-layout-28f84493 wp-block-columns-is-layout-flex\">\n<div class=\"wp-block-column is-layout-flow wp-block-column-is-layout-flow\">\n<figure class=\"wp-block-image aligncenter size-full is-resized\"><img loading=\"lazy\" decoding=\"async\" width=\"800\" height=\"800\" src=\"https:\/\/www.usborkeychain.com\/wp-content\/uploads\/bulk-wooden-cross-usb-drive.jpg\" alt=\"bulk wooden cross usb drive\" class=\"wp-image-2523\" style=\"width:450px\" srcset=\"https:\/\/www.usborkeychain.com\/wp-content\/uploads\/bulk-wooden-cross-usb-drive.jpg 800w, https:\/\/www.usborkeychain.com\/wp-content\/uploads\/bulk-wooden-cross-usb-drive-300x300.jpg 300w, https:\/\/www.usborkeychain.com\/wp-content\/uploads\/bulk-wooden-cross-usb-drive-150x150.jpg 150w, https:\/\/www.usborkeychain.com\/wp-content\/uploads\/bulk-wooden-cross-usb-drive-768x768.jpg 768w, https:\/\/www.usborkeychain.com\/wp-content\/uploads\/bulk-wooden-cross-usb-drive-12x12.jpg 12w, https:\/\/www.usborkeychain.com\/wp-content\/uploads\/bulk-wooden-cross-usb-drive-600x600.jpg 600w, https:\/\/www.usborkeychain.com\/wp-content\/uploads\/bulk-wooden-cross-usb-drive-100x100.jpg 100w\" sizes=\"(max-width: 800px) 100vw, 800px\" \/><\/figure>\n<\/div>\n\n\n\n<div class=\"wp-block-column is-vertically-aligned-center is-layout-flow wp-block-column-is-layout-flow\">\n<p>La chiavetta USB con croce in legno supporta due processi di personalizzazione principali: l'incisione laser e la stampa a colori. L'incisione laser pu\u00f2 formare motivi chiari con una profondit\u00e0 di 0,1-0,2 mm sulla superficie del legno, con una precisione di linea di 0,05 mm, adatta a presentare loghi o testi semplici.<\/p>\n\n\n\n<p>La stampa a colori adotta la tecnologia dell'inchiostro UV, che copre 95% della gamma di colori sRGB, \u00e8 in grado di ripristinare modelli di colore complessi e di superare un test di usura di 500 cicli di attrito senza sbiadire.<\/p>\n\n\n\n<p>Entrambi i processi supportano una quantit\u00e0 minima d'ordine di 100 pezzi, con un ciclo di personalizzazione di 3-5 giorni lavorativi, soddisfacendo le esigenze di personalizzazione di regali aziendali, souvenir di attivit\u00e0 religiose, ecc.<\/p>\n<\/div>\n<\/div>\n\n\n\n<h2 class=\"wp-block-heading\"><strong>Sintesi<\/strong><\/h2>\n\n\n\n<p>Questo prodotto \u00e8 realizzato da una fabbrica con 10 anni di esperienza nel settore, che si avvale di attrezzature e processi avanzati in strutture standardizzate. Supporta la personalizzazione flessibile di materiali, interfacce e capacit\u00e0 e pu\u00f2 effettuare ordini all'ingrosso di 100 o pi\u00f9 pezzi.<\/p>\n\n\n\n<p>Sia che le istituzioni religiose necessitino di unit\u00e0 USB commemorative personalizzate, sia che le imprese abbiano bisogno di regali promozionali, forniamo servizi one-stop dalla progettazione alla produzione. Siete invitati a consultarci per i dettagli della cooperazione.<\/p>","protected":false},"excerpt":{"rendered":"<ul>\n<li>Design trasversale<\/li>\n<li>Materiale in legno<\/li>\n<li>Resistente ai graffi e all'usura<\/li>\n<li>Velocit\u00e0 pi\u00f9 elevata e alta qualit\u00e0<\/li>\n<li>Affidabile e sicuro<\/li>\n<li>Ottimo per tutti gli usi<\/li>\n<\/ul>","protected":false},"featured_media":2525,"comment_status":"open","ping_status":"closed","template":"","meta":{"_seopress_robots_primary_cat":"none","_seopress_titles_title":"Wooden Cross USB Flash Drive","_seopress_titles_desc":"","_seopress_robots_index":"","site-sidebar-layout":"default","site-content-layout":"","ast-site-content-layout":"","site-content-style":"default","site-sidebar-style":"default","ast-global-header-display":"","ast-banner-title-visibility":"","ast-main-header-display":"","ast-hfb-above-header-display":"","ast-hfb-below-header-display":"","ast-hfb-mobile-header-display":"","site-post-title":"","ast-breadcrumbs-content":"","ast-featured-img":"","footer-sml-layout":"","theme-transparent-header-meta":"","adv-header-id-meta":"","stick-header-meta":"","header-above-stick-meta":"","header-main-stick-meta":"","header-below-stick-meta":"","astra-migrate-meta-layouts":"default","ast-page-background-enabled":"default","ast-page-background-meta":{"desktop":{"background-color":"var(--ast-global-color-5)","background-image":"","background-repeat":"repeat","background-position":"center center","background-size":"auto","background-attachment":"scroll","background-type":"","background-media":"","overlay-type":"","overlay-color":"","overlay-opacity":"","overlay-gradient":""},"tablet":{"background-color":"","background-image":"","background-repeat":"repeat","background-position":"center center","background-size":"auto","background-attachment":"scroll","background-type":"","background-media":"","overlay-type":"","overlay-color":"","overlay-opacity":"","overlay-gradient":""},"mobile":{"background-color":"","background-image":"","background-repeat":"repeat","background-position":"center center","background-size":"auto","background-attachment":"scroll","background-type":"","background-media":"","overlay-type":"","overlay-color":"","overlay-opacity":"","overlay-gradient":""}},"ast-content-background-meta":{"desktop":{"background-color":"var(--ast-global-color-4)","background-image":"","background-repeat":"repeat","background-position":"center center","background-size":"auto","background-attachment":"scroll","background-type":"","background-media":"","overlay-type":"","overlay-color":"","overlay-opacity":"","overlay-gradient":""},"tablet":{"background-color":"var(--ast-global-color-4)","background-image":"","background-repeat":"repeat","background-position":"center center","background-size":"auto","background-attachment":"scroll","background-type":"","background-media":"","overlay-type":"","overlay-color":"","overlay-opacity":"","overlay-gradient":""},"mobile":{"background-color":"var(--ast-global-color-4)","background-image":"","background-repeat":"repeat","background-position":"center center","background-size":"auto","background-attachment":"scroll","background-type":"","background-media":"","overlay-type":"","overlay-color":"","overlay-opacity":"","overlay-gradient":""}}},"product_brand":[],"product_cat":[168],"product_tag":[175],"class_list":{"0":"post-2520","1":"product","2":"type-product","3":"status-publish","4":"has-post-thumbnail","6":"product_cat-wood-usb-flash-drive","7":"product_tag-cross-usb-flash-drive","8":"desktop-align-left","9":"tablet-align-left","10":"mobile-align-left","12":"first","13":"instock","14":"shipping-taxable","15":"product-type-simple"},"_links":{"self":[{"href":"https:\/\/www.usborkeychain.com\/it\/wp-json\/wp\/v2\/product\/2520","targetHints":{"allow":["GET"]}}],"collection":[{"href":"https:\/\/www.usborkeychain.com\/it\/wp-json\/wp\/v2\/product"}],"about":[{"href":"https:\/\/www.usborkeychain.com\/it\/wp-json\/wp\/v2\/types\/product"}],"replies":[{"embeddable":true,"href":"https:\/\/www.usborkeychain.com\/it\/wp-json\/wp\/v2\/comments?post=2520"}],"wp:featuredmedia":[{"embeddable":true,"href":"https:\/\/www.usborkeychain.com\/it\/wp-json\/wp\/v2\/media\/2525"}],"wp:attachment":[{"href":"https:\/\/www.usborkeychain.com\/it\/wp-json\/wp\/v2\/media?parent=2520"}],"wp:term":[{"taxonomy":"product_brand","embeddable":true,"href":"https:\/\/www.usborkeychain.com\/it\/wp-json\/wp\/v2\/product_brand?post=2520"},{"taxonomy":"product_cat","embeddable":true,"href":"https:\/\/www.usborkeychain.com\/it\/wp-json\/wp\/v2\/product_cat?post=2520"},{"taxonomy":"product_tag","embeddable":true,"href":"https:\/\/www.usborkeychain.com\/it\/wp-json\/wp\/v2\/product_tag?post=2520"}],"curies":[{"name":"wp","href":"https:\/\/api.w.org\/{rel}","templated":true}]}}