{"id":2528,"date":"2025-06-20T09:34:26","date_gmt":"2025-06-20T09:34:26","guid":{"rendered":"https:\/\/www.usborkeychain.com\/?post_type=product&#038;p=2528"},"modified":"2025-07-10T00:22:20","modified_gmt":"2025-07-10T00:22:20","slug":"oval-wooden-usb-drive","status":"publish","type":"product","link":"https:\/\/www.usborkeychain.com\/it\/prodotto\/oval-wooden-usb-drive\/","title":{"rendered":"Unit\u00e0 USB ovale in legno"},"content":{"rendered":"<div class=\"wp-block-columns is-layout-flex wp-container-core-columns-is-layout-28f84493 wp-block-columns-is-layout-flex\">\n<div class=\"wp-block-column is-layout-flow wp-block-column-is-layout-flow\">\n<figure class=\"wp-block-image aligncenter size-full is-resized\"><img fetchpriority=\"high\" decoding=\"async\" width=\"800\" height=\"800\" src=\"https:\/\/www.usborkeychain.com\/wp-content\/uploads\/long-olive-shape-wood-usb-flash-drive.jpg\" alt=\"long olive shape wood usb flash drive\" class=\"wp-image-2534\" style=\"width:450px\" srcset=\"https:\/\/www.usborkeychain.com\/wp-content\/uploads\/long-olive-shape-wood-usb-flash-drive.jpg 800w, https:\/\/www.usborkeychain.com\/wp-content\/uploads\/long-olive-shape-wood-usb-flash-drive-300x300.jpg 300w, https:\/\/www.usborkeychain.com\/wp-content\/uploads\/long-olive-shape-wood-usb-flash-drive-150x150.jpg 150w, https:\/\/www.usborkeychain.com\/wp-content\/uploads\/long-olive-shape-wood-usb-flash-drive-768x768.jpg 768w, https:\/\/www.usborkeychain.com\/wp-content\/uploads\/long-olive-shape-wood-usb-flash-drive-12x12.jpg 12w, https:\/\/www.usborkeychain.com\/wp-content\/uploads\/long-olive-shape-wood-usb-flash-drive-600x600.jpg 600w, https:\/\/www.usborkeychain.com\/wp-content\/uploads\/long-olive-shape-wood-usb-flash-drive-100x100.jpg 100w\" sizes=\"(max-width: 800px) 100vw, 800px\" \/><\/figure>\n<\/div>\n\n\n\n<div class=\"wp-block-column is-vertically-aligned-center is-layout-flow wp-block-column-is-layout-flow\">\n<p>L'unit\u00e0 USB ovale in legno presenta un classico design ovale con il legno naturale come materiale, creando uno strumento di archiviazione che bilancia estetica e praticit\u00e0.<\/p>\n\n\n\n<p>\u00c8 disponibile in due dimensioni: il modello ovale sottile ha una lunghezza di circa 65 mm e una larghezza di 25 mm, con linee morbide; il modello ovale paffuto ha una lunghezza di circa 50 mm e una larghezza di 35 mm, con una forma pi\u00f9 massiccia.<\/p>\n\n\n\n<p>La superficie, lavorata con 7 tecniche di levigatura fine, offre un tocco caldo e una chiara venatura del legno, rendendola una scelta eccellente per l'archiviazione dei dati e per i regali.<\/p>\n<\/div>\n<\/div>\n\n\n\n<p><\/p>\n\n\n\n<h2 class=\"wp-block-heading\"><strong>Perch\u00e9 \u00e8<\/strong><strong>&nbsp;<\/strong><strong>L'unit\u00e0 USB ovale in legno \u00e8 il modello pi\u00f9 popolare? <\/strong><strong><\/strong><\/h2>\n\n\n\n<p>La chiavetta USB ovale in legno \u00e8 diventata una scelta popolare grazie al suo design semplice. La classica forma ovale con bordi arrotondati \u00e8 conforme all'ergonomia e all'estetica pubblica, garantendo una presa confortevole e una resistenza ai graffi.<\/p>\n\n\n\n<p>Come modello pi\u00f9 scelto per la personalizzazione delle chiavette USB in legno, il suo stile minimalista si adatta a vari scenari, soddisfacendo le esigenze dall'uso personale quotidiano in ufficio alla personalizzazione di regali aziendali grazie al suo design versatile.<\/p>\n\n\n\n<h2 class=\"wp-block-heading\"><strong>Quali materiali e quali interfacce <\/strong><strong>\u00e8<\/strong><strong>&nbsp;l'unit\u00e0 USB ovale in legno? <\/strong><strong><\/strong><\/h2>\n\n\n\n<p>I materiali includono acero (densit\u00e0 0,6 g\/cm\u00b3, struttura fine), noce (densit\u00e0 0,85 g\/cm\u00b3, colore stabile), bamb\u00f9 (densit\u00e0 0,7 g\/cm\u00b3, tenace e resistente all'usura) e legno grezzo, ecc.<\/p>\n\n\n\n<p>Le interfacce offrono la doppia opzione USB2.0 (velocit\u00e0 di trasferimento di 480 Mbps) e USB3.0 (velocit\u00e0 di trasferimento di 5 Gbps). L'interfaccia USB3.0 pu\u00f2 ridurre il tempo di trasferimento di file di grandi dimensioni fino a 60%, soddisfacendo i diversi requisiti di efficienza della trasmissione.<\/p>\n\n\n\n<div class=\"wp-block-columns is-layout-flex wp-container-core-columns-is-layout-28f84493 wp-block-columns-is-layout-flex\">\n<div class=\"wp-block-column is-layout-flow wp-block-column-is-layout-flow\">\n<figure class=\"wp-block-image size-full is-resized\"><img decoding=\"async\" width=\"800\" height=\"800\" src=\"https:\/\/www.usborkeychain.com\/wp-content\/uploads\/bulk-fat-head-olive-shape-wood-usb-flash-drive.jpg\" alt=\"bulk fat head olive shape wood usb flash drive\" class=\"wp-image-2531\" style=\"width:450px\" srcset=\"https:\/\/www.usborkeychain.com\/wp-content\/uploads\/bulk-fat-head-olive-shape-wood-usb-flash-drive.jpg 800w, https:\/\/www.usborkeychain.com\/wp-content\/uploads\/bulk-fat-head-olive-shape-wood-usb-flash-drive-300x300.jpg 300w, https:\/\/www.usborkeychain.com\/wp-content\/uploads\/bulk-fat-head-olive-shape-wood-usb-flash-drive-150x150.jpg 150w, https:\/\/www.usborkeychain.com\/wp-content\/uploads\/bulk-fat-head-olive-shape-wood-usb-flash-drive-768x768.jpg 768w, https:\/\/www.usborkeychain.com\/wp-content\/uploads\/bulk-fat-head-olive-shape-wood-usb-flash-drive-12x12.jpg 12w, https:\/\/www.usborkeychain.com\/wp-content\/uploads\/bulk-fat-head-olive-shape-wood-usb-flash-drive-600x600.jpg 600w, https:\/\/www.usborkeychain.com\/wp-content\/uploads\/bulk-fat-head-olive-shape-wood-usb-flash-drive-100x100.jpg 100w\" sizes=\"(max-width: 800px) 100vw, 800px\" \/><\/figure>\n<\/div>\n\n\n\n<div class=\"wp-block-column is-layout-flow wp-block-column-is-layout-flow\">\n<figure class=\"wp-block-image aligncenter size-full is-resized\"><img decoding=\"async\" width=\"800\" height=\"800\" src=\"https:\/\/www.usborkeychain.com\/wp-content\/uploads\/O1CN01kPbc751GnzRcR10iS_953830668-0-cib.jpg\" alt=\"wholesale long olive shape wood usb flash drive\" class=\"wp-image-2535\" style=\"width:450px\" srcset=\"https:\/\/www.usborkeychain.com\/wp-content\/uploads\/O1CN01kPbc751GnzRcR10iS_953830668-0-cib.jpg 800w, https:\/\/www.usborkeychain.com\/wp-content\/uploads\/O1CN01kPbc751GnzRcR10iS_953830668-0-cib-300x300.jpg 300w, https:\/\/www.usborkeychain.com\/wp-content\/uploads\/O1CN01kPbc751GnzRcR10iS_953830668-0-cib-150x150.jpg 150w, https:\/\/www.usborkeychain.com\/wp-content\/uploads\/O1CN01kPbc751GnzRcR10iS_953830668-0-cib-768x768.jpg 768w, https:\/\/www.usborkeychain.com\/wp-content\/uploads\/O1CN01kPbc751GnzRcR10iS_953830668-0-cib-12x12.jpg 12w, https:\/\/www.usborkeychain.com\/wp-content\/uploads\/O1CN01kPbc751GnzRcR10iS_953830668-0-cib-600x600.jpg 600w, https:\/\/www.usborkeychain.com\/wp-content\/uploads\/O1CN01kPbc751GnzRcR10iS_953830668-0-cib-100x100.jpg 100w\" sizes=\"(max-width: 800px) 100vw, 800px\" \/><\/figure>\n<\/div>\n<\/div>\n\n\n\n<h2 class=\"wp-block-heading\"><strong>Chiavetta USB ovale e paffuta in legno <\/strong><strong><\/strong><\/h2>\n\n\n\n<div class=\"wp-block-columns is-layout-flex wp-container-core-columns-is-layout-28f84493 wp-block-columns-is-layout-flex\">\n<div class=\"wp-block-column is-layout-flow wp-block-column-is-layout-flow\">\n<figure class=\"wp-block-image aligncenter size-full is-resized\"><img loading=\"lazy\" decoding=\"async\" width=\"800\" height=\"800\" src=\"https:\/\/www.usborkeychain.com\/wp-content\/uploads\/fat-head-olive-shape-wood-usb-flash-drive.jpg\" alt=\"fat head olive shape wood usb flash drive\" class=\"wp-image-2532\" style=\"width:450px\" srcset=\"https:\/\/www.usborkeychain.com\/wp-content\/uploads\/fat-head-olive-shape-wood-usb-flash-drive.jpg 800w, https:\/\/www.usborkeychain.com\/wp-content\/uploads\/fat-head-olive-shape-wood-usb-flash-drive-300x300.jpg 300w, https:\/\/www.usborkeychain.com\/wp-content\/uploads\/fat-head-olive-shape-wood-usb-flash-drive-150x150.jpg 150w, https:\/\/www.usborkeychain.com\/wp-content\/uploads\/fat-head-olive-shape-wood-usb-flash-drive-768x768.jpg 768w, https:\/\/www.usborkeychain.com\/wp-content\/uploads\/fat-head-olive-shape-wood-usb-flash-drive-12x12.jpg 12w, https:\/\/www.usborkeychain.com\/wp-content\/uploads\/fat-head-olive-shape-wood-usb-flash-drive-600x600.jpg 600w, https:\/\/www.usborkeychain.com\/wp-content\/uploads\/fat-head-olive-shape-wood-usb-flash-drive-100x100.jpg 100w\" sizes=\"(max-width: 800px) 100vw, 800px\" \/><\/figure>\n<\/div>\n\n\n\n<div class=\"wp-block-column is-vertically-aligned-center is-layout-flow wp-block-column-is-layout-flow\">\n<p>L'unit\u00e0 USB ovale e paffuta in legno adotta un design ovale ampio e grassoccio (50mm\u00d735mm), con una forma carina e affascinante.<\/p>\n\n\n\n<p>Il modello in materiale di bamb\u00f9 \u00e8 particolarmente accattivante: dopo il trattamento di carbonizzazione, la superficie forma una texture marrone scuro, combinata con i motivi naturali delle giunture del bamb\u00f9, presentando una struttura semplice ed elegante.<\/p>\n\n\n\n<p>Il design con spessore di 12 mm bilancia il comfort di presa e la protezione dei chip di archiviazione interna, rendendolo una scelta popolare per gli utenti che cercano un aspetto personalizzato.<\/p>\n<\/div>\n<\/div>\n\n\n\n<p><\/p>\n\n\n\n<h2 class=\"wp-block-heading\"><strong>Come personalizzare i loghi e le confezioni delle chiavette USB ovali in legno? <\/strong><strong><\/strong><\/h2>\n\n\n\n<div class=\"wp-block-columns is-layout-flex wp-container-core-columns-is-layout-28f84493 wp-block-columns-is-layout-flex\">\n<div class=\"wp-block-column is-vertically-aligned-center is-layout-flow wp-block-column-is-layout-flow\">\n<p>Sono supportati due processi di personalizzazione: incisione laser e stampa a colori.<\/p>\n\n\n\n<p>L'incisione laser \u00e8 in grado di formare motivi chiari con una profondit\u00e0 di 0,1-0,2 mm sulla superficie del legno, con una precisione di linea di 0,05 mm. La stampa a colori utilizza la tecnologia dell'inchiostro UV, che copre 95% della gamma di colori sRGB e pu\u00f2 resistere a 500 test di attrito senza sbiadire.<\/p>\n\n\n\n<p>\u00c8 possibile configurare scatole regalo in legno dello stesso materiale, con chiusura magnetica e rivestimento in flanella per proteggere la chiavetta USB, migliorando il valore del regalo.<\/p>\n<\/div>\n\n\n\n<div class=\"wp-block-column is-layout-flow wp-block-column-is-layout-flow\">\n<figure class=\"wp-block-image aligncenter size-full is-resized\"><img loading=\"lazy\" decoding=\"async\" width=\"800\" height=\"800\" src=\"https:\/\/www.usborkeychain.com\/wp-content\/uploads\/long-olive-shape-wood-usb-flash-drive-customized.jpg\" alt=\"long olive shape wood usb flash drive customized\" class=\"wp-image-2533\" style=\"width:450px\" srcset=\"https:\/\/www.usborkeychain.com\/wp-content\/uploads\/long-olive-shape-wood-usb-flash-drive-customized.jpg 800w, https:\/\/www.usborkeychain.com\/wp-content\/uploads\/long-olive-shape-wood-usb-flash-drive-customized-300x300.jpg 300w, https:\/\/www.usborkeychain.com\/wp-content\/uploads\/long-olive-shape-wood-usb-flash-drive-customized-150x150.jpg 150w, https:\/\/www.usborkeychain.com\/wp-content\/uploads\/long-olive-shape-wood-usb-flash-drive-customized-768x768.jpg 768w, https:\/\/www.usborkeychain.com\/wp-content\/uploads\/long-olive-shape-wood-usb-flash-drive-customized-12x12.jpg 12w, https:\/\/www.usborkeychain.com\/wp-content\/uploads\/long-olive-shape-wood-usb-flash-drive-customized-600x600.jpg 600w, https:\/\/www.usborkeychain.com\/wp-content\/uploads\/long-olive-shape-wood-usb-flash-drive-customized-100x100.jpg 100w\" sizes=\"(max-width: 800px) 100vw, 800px\" \/><\/figure>\n<\/div>\n<\/div>\n\n\n\n<h2 class=\"wp-block-heading\"><strong>Conclusione<\/strong>\u00a0<\/h2>\n\n\n\n<p>Questo prodotto \u00e8 realizzato da una fabbrica con 10 anni di esperienza nel settore. Affidandosi ad attrezzature di lavorazione CNC in fabbriche standardizzate, supporta la personalizzazione di materiali, interfacce e dimensioni e pu\u00f2 effettuare ordini all'ingrosso di 100 o pi\u00f9 pezzi.<\/p>\n\n\n\n<p>Sia per la personalizzazione dei regali aziendali che per l'approvvigionamento dei distributori, fornisce servizi one-stop dalla progettazione alla consegna. Benvenuti a consultarci per una collaborazione.<\/p>","protected":false},"excerpt":{"rendered":"<ul>\n<li>Design a forma di oliva<\/li>\n<li>Materiale in legno<\/li>\n<li>Resistente ai graffi e all'usura<\/li>\n<li>Velocit\u00e0 pi\u00f9 elevata e alta qualit\u00e0<\/li>\n<li>Affidabile e sicuro<\/li>\n<li>Ottimo per tutti gli usi<\/li>\n<\/ul>","protected":false},"featured_media":2535,"comment_status":"open","ping_status":"closed","template":"","meta":{"_seopress_robots_primary_cat":"none","_seopress_titles_title":"Oval Wooden USB Drive","_seopress_titles_desc":"","_seopress_robots_index":"","site-sidebar-layout":"default","site-content-layout":"","ast-site-content-layout":"","site-content-style":"default","site-sidebar-style":"default","ast-global-header-display":"","ast-banner-title-visibility":"","ast-main-header-display":"","ast-hfb-above-header-display":"","ast-hfb-below-header-display":"","ast-hfb-mobile-header-display":"","site-post-title":"","ast-breadcrumbs-content":"","ast-featured-img":"","footer-sml-layout":"","theme-transparent-header-meta":"","adv-header-id-meta":"","stick-header-meta":"","header-above-stick-meta":"","header-main-stick-meta":"","header-below-stick-meta":"","astra-migrate-meta-layouts":"default","ast-page-background-enabled":"default","ast-page-background-meta":{"desktop":{"background-color":"var(--ast-global-color-5)","background-image":"","background-repeat":"repeat","background-position":"center center","background-size":"auto","background-attachment":"scroll","background-type":"","background-media":"","overlay-type":"","overlay-color":"","overlay-opacity":"","overlay-gradient":""},"tablet":{"background-color":"","background-image":"","background-repeat":"repeat","background-position":"center center","background-size":"auto","background-attachment":"scroll","background-type":"","background-media":"","overlay-type":"","overlay-color":"","overlay-opacity":"","overlay-gradient":""},"mobile":{"background-color":"","background-image":"","background-repeat":"repeat","background-position":"center center","background-size":"auto","background-attachment":"scroll","background-type":"","background-media":"","overlay-type":"","overlay-color":"","overlay-opacity":"","overlay-gradient":""}},"ast-content-background-meta":{"desktop":{"background-color":"var(--ast-global-color-4)","background-image":"","background-repeat":"repeat","background-position":"center center","background-size":"auto","background-attachment":"scroll","background-type":"","background-media":"","overlay-type":"","overlay-color":"","overlay-opacity":"","overlay-gradient":""},"tablet":{"background-color":"var(--ast-global-color-4)","background-image":"","background-repeat":"repeat","background-position":"center center","background-size":"auto","background-attachment":"scroll","background-type":"","background-media":"","overlay-type":"","overlay-color":"","overlay-opacity":"","overlay-gradient":""},"mobile":{"background-color":"var(--ast-global-color-4)","background-image":"","background-repeat":"repeat","background-position":"center center","background-size":"auto","background-attachment":"scroll","background-type":"","background-media":"","overlay-type":"","overlay-color":"","overlay-opacity":"","overlay-gradient":""}}},"product_brand":[],"product_cat":[168],"product_tag":[],"class_list":{"0":"post-2528","1":"product","2":"type-product","3":"status-publish","4":"has-post-thumbnail","6":"product_cat-wood-usb-flash-drive","7":"desktop-align-left","8":"tablet-align-left","9":"mobile-align-left","11":"first","12":"instock","13":"shipping-taxable","14":"product-type-simple"},"_links":{"self":[{"href":"https:\/\/www.usborkeychain.com\/it\/wp-json\/wp\/v2\/product\/2528","targetHints":{"allow":["GET"]}}],"collection":[{"href":"https:\/\/www.usborkeychain.com\/it\/wp-json\/wp\/v2\/product"}],"about":[{"href":"https:\/\/www.usborkeychain.com\/it\/wp-json\/wp\/v2\/types\/product"}],"replies":[{"embeddable":true,"href":"https:\/\/www.usborkeychain.com\/it\/wp-json\/wp\/v2\/comments?post=2528"}],"wp:featuredmedia":[{"embeddable":true,"href":"https:\/\/www.usborkeychain.com\/it\/wp-json\/wp\/v2\/media\/2535"}],"wp:attachment":[{"href":"https:\/\/www.usborkeychain.com\/it\/wp-json\/wp\/v2\/media?parent=2528"}],"wp:term":[{"taxonomy":"product_brand","embeddable":true,"href":"https:\/\/www.usborkeychain.com\/it\/wp-json\/wp\/v2\/product_brand?post=2528"},{"taxonomy":"product_cat","embeddable":true,"href":"https:\/\/www.usborkeychain.com\/it\/wp-json\/wp\/v2\/product_cat?post=2528"},{"taxonomy":"product_tag","embeddable":true,"href":"https:\/\/www.usborkeychain.com\/it\/wp-json\/wp\/v2\/product_tag?post=2528"}],"curies":[{"name":"wp","href":"https:\/\/api.w.org\/{rel}","templated":true}]}}