{"id":2544,"date":"2025-06-20T11:40:44","date_gmt":"2025-06-20T11:40:44","guid":{"rendered":"https:\/\/www.usborkeychain.com\/?post_type=product&#038;p=2544"},"modified":"2025-07-10T00:23:50","modified_gmt":"2025-07-10T00:23:50","slug":"rectangular-wood-usb-flash-drive","status":"publish","type":"product","link":"https:\/\/www.usborkeychain.com\/it\/prodotto\/rectangular-wood-usb-flash-drive\/","title":{"rendered":"Chiavetta USB rettangolare in legno"},"content":{"rendered":"<div class=\"wp-block-columns is-layout-flex wp-container-core-columns-is-layout-28f84493 wp-block-columns-is-layout-flex\">\n<div class=\"wp-block-column is-layout-flow wp-block-column-is-layout-flow\">\n<figure class=\"wp-block-image aligncenter size-full is-resized\"><img fetchpriority=\"high\" decoding=\"async\" width=\"800\" height=\"800\" src=\"https:\/\/www.usborkeychain.com\/wp-content\/uploads\/Rectangular-Wood-USB-Flash-Drive.jpg\" alt=\"Rectangular Wood USB Flash Drive\" class=\"wp-image-2550\" style=\"width:450px\" srcset=\"https:\/\/www.usborkeychain.com\/wp-content\/uploads\/Rectangular-Wood-USB-Flash-Drive.jpg 800w, https:\/\/www.usborkeychain.com\/wp-content\/uploads\/Rectangular-Wood-USB-Flash-Drive-300x300.jpg 300w, https:\/\/www.usborkeychain.com\/wp-content\/uploads\/Rectangular-Wood-USB-Flash-Drive-150x150.jpg 150w, https:\/\/www.usborkeychain.com\/wp-content\/uploads\/Rectangular-Wood-USB-Flash-Drive-768x768.jpg 768w, https:\/\/www.usborkeychain.com\/wp-content\/uploads\/Rectangular-Wood-USB-Flash-Drive-12x12.jpg 12w, https:\/\/www.usborkeychain.com\/wp-content\/uploads\/Rectangular-Wood-USB-Flash-Drive-600x600.jpg 600w, https:\/\/www.usborkeychain.com\/wp-content\/uploads\/Rectangular-Wood-USB-Flash-Drive-100x100.jpg 100w\" sizes=\"(max-width: 800px) 100vw, 800px\" \/><\/figure>\n<\/div>\n\n\n\n<div class=\"wp-block-column is-vertically-aligned-center is-layout-flow wp-block-column-is-layout-flow\">\n<p>La chiavetta USB rettangolare in legno \u00e8 lo stile pi\u00f9 popolare della nostra serie Wood USB. Si tratta di una collezione di 3 modelli di tendenza, realizzati in legno naturale e basati su un classico design rettangolare, che offre tre stili distinti.<\/p>\n\n\n\n<p>Tutti i prodotti sono sottoposti a 9 raffinati processi di lucidatura e presentano una superficie liscia e calda con venature del legno visibili. Con diverse dimensioni per soddisfare diversi scenari di utilizzo, \u00e8 la scelta ideale per l'archiviazione dei dati e la personalizzazione dei regali.<\/p>\n<\/div>\n<\/div>\n\n\n\n<h2 class=\"wp-block-heading\"><strong>Rettangolare classico <\/strong><strong>Legno USB<\/strong><strong>&nbsp;Guida <\/strong><strong><\/strong><\/h2>\n\n\n\n<div class=\"wp-block-columns is-layout-flex wp-container-core-columns-is-layout-28f84493 wp-block-columns-is-layout-flex\">\n<div class=\"wp-block-column is-vertically-aligned-center is-layout-flow wp-block-column-is-layout-flow\">\n<p>Perch\u00e9 \u00e8 lo stile USB in legno pi\u00f9 popolare? L'unit\u00e0 USB in legno rettangolare classica \u00e8 diventata la preferita del mercato grazie al suo design semplice ed elegante. La forma a rettangolo \u00e8 abbinata a un design con copertura magnetica, con uno spessore di soli 8 mm per una facile portabilit\u00e0.<\/p>\n\n\n\n<p>Con una lunghezza di 55 mm e una larghezza di 30 mm, offre una presa confortevole. Il cappuccio magnetico utilizza un magnete al neodimio ferro-boro con una forza di aspirazione di 1,8N, che garantisce che non si stacchi facilmente durante l'uso.<\/p>\n\n\n\n<p>Grazie al suo design versatile e all'eccezionale consistenza, \u00e8 diventata la scelta principale per i regali, i cimeli di nozze e l'archiviazione dei dati dei fotografi, rappresentando una percentuale elevata nella personalizzazione delle USB in legno.<\/p>\n<\/div>\n\n\n\n<div class=\"wp-block-column is-layout-flow wp-block-column-is-layout-flow\">\n<figure class=\"wp-block-image aligncenter size-full is-resized\"><img decoding=\"async\" width=\"800\" height=\"800\" src=\"https:\/\/www.usborkeychain.com\/wp-content\/uploads\/Classic-Rectangular-Wood-USB-Drive.jpg\" alt=\"Classic Rectangular Wood USB Drive\" class=\"wp-image-2547\" style=\"width:450px\" srcset=\"https:\/\/www.usborkeychain.com\/wp-content\/uploads\/Classic-Rectangular-Wood-USB-Drive.jpg 800w, https:\/\/www.usborkeychain.com\/wp-content\/uploads\/Classic-Rectangular-Wood-USB-Drive-300x300.jpg 300w, https:\/\/www.usborkeychain.com\/wp-content\/uploads\/Classic-Rectangular-Wood-USB-Drive-150x150.jpg 150w, https:\/\/www.usborkeychain.com\/wp-content\/uploads\/Classic-Rectangular-Wood-USB-Drive-768x768.jpg 768w, https:\/\/www.usborkeychain.com\/wp-content\/uploads\/Classic-Rectangular-Wood-USB-Drive-12x12.jpg 12w, https:\/\/www.usborkeychain.com\/wp-content\/uploads\/Classic-Rectangular-Wood-USB-Drive-600x600.jpg 600w, https:\/\/www.usborkeychain.com\/wp-content\/uploads\/Classic-Rectangular-Wood-USB-Drive-100x100.jpg 100w\" sizes=\"(max-width: 800px) 100vw, 800px\" \/><\/figure>\n<\/div>\n<\/div>\n\n\n\n<h2 class=\"wp-block-heading\"><strong>Mini striscia lunga <\/strong><strong>Legno USB<\/strong><strong>&nbsp;Guida <\/strong><strong><\/strong><\/h2>\n\n\n\n<div class=\"wp-block-columns is-layout-flex wp-container-core-columns-is-layout-28f84493 wp-block-columns-is-layout-flex\">\n<div class=\"wp-block-column is-layout-flow wp-block-column-is-layout-flow\">\n<figure class=\"wp-block-image aligncenter size-full is-resized\"><img decoding=\"async\" width=\"800\" height=\"800\" src=\"https:\/\/www.usborkeychain.com\/wp-content\/uploads\/Mini-Long-Strip-Wood-USB-Drive.jpg\" alt=\"Mini Long-Strip Wood USB Drive\" class=\"wp-image-2548\" style=\"width:450px\" srcset=\"https:\/\/www.usborkeychain.com\/wp-content\/uploads\/Mini-Long-Strip-Wood-USB-Drive.jpg 800w, https:\/\/www.usborkeychain.com\/wp-content\/uploads\/Mini-Long-Strip-Wood-USB-Drive-300x300.jpg 300w, https:\/\/www.usborkeychain.com\/wp-content\/uploads\/Mini-Long-Strip-Wood-USB-Drive-150x150.jpg 150w, https:\/\/www.usborkeychain.com\/wp-content\/uploads\/Mini-Long-Strip-Wood-USB-Drive-768x768.jpg 768w, https:\/\/www.usborkeychain.com\/wp-content\/uploads\/Mini-Long-Strip-Wood-USB-Drive-12x12.jpg 12w, https:\/\/www.usborkeychain.com\/wp-content\/uploads\/Mini-Long-Strip-Wood-USB-Drive-600x600.jpg 600w, https:\/\/www.usborkeychain.com\/wp-content\/uploads\/Mini-Long-Strip-Wood-USB-Drive-100x100.jpg 100w\" sizes=\"(max-width: 800px) 100vw, 800px\" \/><\/figure>\n<\/div>\n\n\n\n<div class=\"wp-block-column is-vertically-aligned-center is-layout-flow wp-block-column-is-layout-flow\">\n<p>L'unit\u00e0 USB Mini Long-Strip Wood adotta il classico design a strisce lunghe, disponibile in materiali come acero (densit\u00e0 0,6 g\/cm\u00b3), noce (0,85 g\/cm\u00b3), bamb\u00f9 (0,7 g\/cm\u00b3) e legno grezzo.<\/p>\n\n\n\n<p>Offre due opzioni di interfaccia: USB2.0 (velocit\u00e0 di trasferimento 480 Mbps) e USB3.0 (velocit\u00e0 di trasferimento 5 Gbps) per soddisfare le diverse esigenze di trasmissione dati.<\/p>\n\n\n\n<p>&nbsp;Il suo profilo sottile, lungo 70 mm, largo 12 mm e spesso 8 mm, si adatta facilmente a portafogli, tasche e cos\u00ec via, rendendolo adatto agli utenti che privilegiano la portabilit\u00e0, sia per l'uso quotidiano in ufficio che in viaggio.<\/p>\n<\/div>\n<\/div>\n\n\n\n<h2 class=\"wp-block-heading\"><strong>Rettangolare <\/strong><strong>Legno<\/strong><strong>&nbsp;Unit\u00e0 USB mobile <\/strong><strong><\/strong><\/h2>\n\n\n\n<div class=\"wp-block-columns is-layout-flex wp-container-core-columns-is-layout-28f84493 wp-block-columns-is-layout-flex\">\n<div class=\"wp-block-column is-vertically-aligned-center is-layout-flow wp-block-column-is-layout-flow\">\n<p>Come ultimo modello, l'unit\u00e0 USB mobile rettangolare in legno realizza una doppia funzionalit\u00e0 per l'archiviazione su USB e telefono cellulare. Presenta un design a doppia interfaccia: un'estremit\u00e0 \u00e8 una porta USB e l'altra \u00e8 una porta Type-C o Lightning (opzionale a seconda delle necessit\u00e0), compatibile con computer e dispositivi mobili. Offre diverse capacit\u00e0, da 1 GB a 1 TB, per soddisfare le esigenze di archiviazione degli utenti.<\/p>\n\n\n\n<p>Le dimensioni di 60 mm di lunghezza, 25 mm di larghezza e 10 mm di spessore bilanciano la stabilit\u00e0 della connessione del telefono cellulare e la consistenza del materiale in legno. Si tratta di un prodotto innovativo che unisce tecnologia e natura, offrendo agli utenti una comoda esperienza di trasmissione dati tra dispositivi.<\/p>\n<\/div>\n\n\n\n<div class=\"wp-block-column is-layout-flow wp-block-column-is-layout-flow\">\n<figure class=\"wp-block-image aligncenter size-full is-resized\"><img loading=\"lazy\" decoding=\"async\" width=\"800\" height=\"800\" src=\"https:\/\/www.usborkeychain.com\/wp-content\/uploads\/Rectangular-Wood-Mobile-USB-Drive.jpg\" alt=\"Rectangular Wood Mobile USB Drive\" class=\"wp-image-2549\" style=\"width:450px\" srcset=\"https:\/\/www.usborkeychain.com\/wp-content\/uploads\/Rectangular-Wood-Mobile-USB-Drive.jpg 800w, https:\/\/www.usborkeychain.com\/wp-content\/uploads\/Rectangular-Wood-Mobile-USB-Drive-300x300.jpg 300w, https:\/\/www.usborkeychain.com\/wp-content\/uploads\/Rectangular-Wood-Mobile-USB-Drive-150x150.jpg 150w, https:\/\/www.usborkeychain.com\/wp-content\/uploads\/Rectangular-Wood-Mobile-USB-Drive-768x768.jpg 768w, https:\/\/www.usborkeychain.com\/wp-content\/uploads\/Rectangular-Wood-Mobile-USB-Drive-12x12.jpg 12w, https:\/\/www.usborkeychain.com\/wp-content\/uploads\/Rectangular-Wood-Mobile-USB-Drive-600x600.jpg 600w, https:\/\/www.usborkeychain.com\/wp-content\/uploads\/Rectangular-Wood-Mobile-USB-Drive-100x100.jpg 100w\" sizes=\"(max-width: 800px) 100vw, 800px\" \/><\/figure>\n<\/div>\n<\/div>\n\n\n\n<h2 class=\"wp-block-heading\"><strong>Conclusione<\/strong><\/h2>\n\n\n\n<p>Questa serie di chiavette USB rettangolari in legno \u00e8 prodotta da produttori professionisti con processi di produzione avanzati in fabbriche moderne. Supporta due processi di personalizzazione mainstream, l'incisione a laser e la stampa a colori, per presentare con precisione loghi, testi o motivi sulla superficie dell'USB.<\/p>\n\n\n\n<p>Sono disponibili anche scatole regalo in legno per esaltare l'eleganza del regalo. Che si tratti di personalizzazione di regali aziendali, di acquisto di souvenir per matrimoni o di vendita all'ingrosso da parte dei distributori, siamo in grado di soddisfare le vostre esigenze.<\/p>\n\n\n\n<p>Benvenuti a consultarci per la personalizzazione diretta in fabbrica e per i servizi all'ingrosso, per offrirvi prodotti di alta qualit\u00e0 e soluzioni complete.<\/p>","protected":false},"excerpt":{"rendered":"<ul>\n<li>Design rettangolare<\/li>\n<li>Materiale in legno<\/li>\n<li>Resistente ai graffi e all'usura<\/li>\n<li>Velocit\u00e0 pi\u00f9 elevata e alta qualit\u00e0<\/li>\n<li>Affidabile e sicuro<\/li>\n<li>Ottimo per tutti gli usi<\/li>\n<\/ul>","protected":false},"featured_media":2550,"comment_status":"open","ping_status":"closed","template":"","meta":{"_seopress_robots_primary_cat":"","_seopress_titles_title":"Rectangular Wood USB Flash Drive","_seopress_titles_desc":"","_seopress_robots_index":"","site-sidebar-layout":"default","site-content-layout":"","ast-site-content-layout":"","site-content-style":"default","site-sidebar-style":"default","ast-global-header-display":"","ast-banner-title-visibility":"","ast-main-header-display":"","ast-hfb-above-header-display":"","ast-hfb-below-header-display":"","ast-hfb-mobile-header-display":"","site-post-title":"","ast-breadcrumbs-content":"","ast-featured-img":"","footer-sml-layout":"","theme-transparent-header-meta":"","adv-header-id-meta":"","stick-header-meta":"","header-above-stick-meta":"","header-main-stick-meta":"","header-below-stick-meta":"","astra-migrate-meta-layouts":"default","ast-page-background-enabled":"default","ast-page-background-meta":{"desktop":{"background-color":"var(--ast-global-color-5)","background-image":"","background-repeat":"repeat","background-position":"center center","background-size":"auto","background-attachment":"scroll","background-type":"","background-media":"","overlay-type":"","overlay-color":"","overlay-opacity":"","overlay-gradient":""},"tablet":{"background-color":"","background-image":"","background-repeat":"repeat","background-position":"center center","background-size":"auto","background-attachment":"scroll","background-type":"","background-media":"","overlay-type":"","overlay-color":"","overlay-opacity":"","overlay-gradient":""},"mobile":{"background-color":"","background-image":"","background-repeat":"repeat","background-position":"center center","background-size":"auto","background-attachment":"scroll","background-type":"","background-media":"","overlay-type":"","overlay-color":"","overlay-opacity":"","overlay-gradient":""}},"ast-content-background-meta":{"desktop":{"background-color":"var(--ast-global-color-4)","background-image":"","background-repeat":"repeat","background-position":"center center","background-size":"auto","background-attachment":"scroll","background-type":"","background-media":"","overlay-type":"","overlay-color":"","overlay-opacity":"","overlay-gradient":""},"tablet":{"background-color":"var(--ast-global-color-4)","background-image":"","background-repeat":"repeat","background-position":"center center","background-size":"auto","background-attachment":"scroll","background-type":"","background-media":"","overlay-type":"","overlay-color":"","overlay-opacity":"","overlay-gradient":""},"mobile":{"background-color":"var(--ast-global-color-4)","background-image":"","background-repeat":"repeat","background-position":"center center","background-size":"auto","background-attachment":"scroll","background-type":"","background-media":"","overlay-type":"","overlay-color":"","overlay-opacity":"","overlay-gradient":""}}},"product_brand":[],"product_cat":[168],"product_tag":[],"class_list":{"0":"post-2544","1":"product","2":"type-product","3":"status-publish","4":"has-post-thumbnail","6":"product_cat-wood-usb-flash-drive","7":"desktop-align-left","8":"tablet-align-left","9":"mobile-align-left","11":"first","12":"instock","13":"shipping-taxable","14":"product-type-simple"},"_links":{"self":[{"href":"https:\/\/www.usborkeychain.com\/it\/wp-json\/wp\/v2\/product\/2544","targetHints":{"allow":["GET"]}}],"collection":[{"href":"https:\/\/www.usborkeychain.com\/it\/wp-json\/wp\/v2\/product"}],"about":[{"href":"https:\/\/www.usborkeychain.com\/it\/wp-json\/wp\/v2\/types\/product"}],"replies":[{"embeddable":true,"href":"https:\/\/www.usborkeychain.com\/it\/wp-json\/wp\/v2\/comments?post=2544"}],"wp:featuredmedia":[{"embeddable":true,"href":"https:\/\/www.usborkeychain.com\/it\/wp-json\/wp\/v2\/media\/2550"}],"wp:attachment":[{"href":"https:\/\/www.usborkeychain.com\/it\/wp-json\/wp\/v2\/media?parent=2544"}],"wp:term":[{"taxonomy":"product_brand","embeddable":true,"href":"https:\/\/www.usborkeychain.com\/it\/wp-json\/wp\/v2\/product_brand?post=2544"},{"taxonomy":"product_cat","embeddable":true,"href":"https:\/\/www.usborkeychain.com\/it\/wp-json\/wp\/v2\/product_cat?post=2544"},{"taxonomy":"product_tag","embeddable":true,"href":"https:\/\/www.usborkeychain.com\/it\/wp-json\/wp\/v2\/product_tag?post=2544"}],"curies":[{"name":"wp","href":"https:\/\/api.w.org\/{rel}","templated":true}]}}