{"id":2551,"date":"2025-06-20T12:18:17","date_gmt":"2025-06-20T12:18:17","guid":{"rendered":"https:\/\/www.usborkeychain.com\/?post_type=product&#038;p=2551"},"modified":"2025-07-10T00:21:46","modified_gmt":"2025-07-10T00:21:46","slug":"oval-wood-mobile-usb-drives","status":"publish","type":"product","link":"https:\/\/www.usborkeychain.com\/it\/prodotto\/oval-wood-mobile-usb-drives\/","title":{"rendered":"Chiavette USB C ovali in legno"},"content":{"rendered":"<div class=\"wp-block-columns is-layout-flex wp-container-core-columns-is-layout-28f84493 wp-block-columns-is-layout-flex\">\n<div class=\"wp-block-column is-layout-flow wp-block-column-is-layout-flow\">\n<figure class=\"wp-block-image aligncenter size-full is-resized\"><img fetchpriority=\"high\" decoding=\"async\" width=\"1000\" height=\"1000\" src=\"https:\/\/www.usborkeychain.com\/wp-content\/uploads\/Oval-Wood-Mobile-USB-Drives.jpg\" alt=\"Oval Wood Mobile USB Drives\" class=\"wp-image-2559\" style=\"width:450px\" srcset=\"https:\/\/www.usborkeychain.com\/wp-content\/uploads\/Oval-Wood-Mobile-USB-Drives.jpg 1000w, https:\/\/www.usborkeychain.com\/wp-content\/uploads\/Oval-Wood-Mobile-USB-Drives-300x300.jpg 300w, https:\/\/www.usborkeychain.com\/wp-content\/uploads\/Oval-Wood-Mobile-USB-Drives-150x150.jpg 150w, https:\/\/www.usborkeychain.com\/wp-content\/uploads\/Oval-Wood-Mobile-USB-Drives-768x768.jpg 768w, https:\/\/www.usborkeychain.com\/wp-content\/uploads\/Oval-Wood-Mobile-USB-Drives-12x12.jpg 12w, https:\/\/www.usborkeychain.com\/wp-content\/uploads\/Oval-Wood-Mobile-USB-Drives-600x600.jpg 600w, https:\/\/www.usborkeychain.com\/wp-content\/uploads\/Oval-Wood-Mobile-USB-Drives-100x100.jpg 100w\" sizes=\"(max-width: 1000px) 100vw, 1000px\" \/><\/figure>\n<\/div>\n\n\n\n<div class=\"wp-block-column is-vertically-aligned-center is-layout-flow wp-block-column-is-layout-flow\">\n<p>L'unit\u00e0 USB mobile Oval Wood \u00e8 una serie che integra un design classico con una tecnologia innovativa.<\/p>\n\n\n\n<p>Utilizzando il legno naturale come materiale di base, aggiunge la funzionalit\u00e0 OTG (On-The-Go) alla tradizionale forma ovale dell'USB, consentendo la trasmissione diretta dei dati tra i telefoni cellulari e l'unit\u00e0 USB.<\/p>\n\n\n\n<p>La serie \u00e8 sottoposta a 8 processi di lucidatura manuale, con una rugosit\u00e0 superficiale di Ra0,8\u03bcm, che mette in mostra la texture originale del legno. Con un diametro di 40-50 mm e uno spessore di 8-10 mm, offre una soluzione di archiviazione mobile portatile e funzionale.<\/p>\n<\/div>\n<\/div>\n\n\n\n<h2 class=\"wp-block-heading\"><strong>Quali sono le caratteristiche del design di Oval <\/strong><strong>Legno<\/strong><strong>&nbsp;Unit\u00e0 USB mobile? <\/strong><strong><\/strong><\/h2>\n\n\n\n<p>\u00c8 uno degli ultimi modelli del marchio e adotta un design ovale minimalista con una struttura ricoperta di magneti. L'ovale regolare ha un diametro di 45 mm e uno spessore di 8 mm.<\/p>\n\n\n\n<p>La calotta magnetica utilizza un magnete al neodimio-ferro-boro N35 con una forza di aspirazione di 2,2N, superando un test di durata di apertura\/chiusura di oltre 10.000 cicli.<\/p>\n\n\n\n<p>I bordi sono levigati con un arco di 15\u00b0, per una presa calda e adatta all'uso con una sola mano. Si tratta di un'opera innovativa nella categoria Wood USB, che unisce tecnologia e texture naturale.<\/p>\n\n\n\n<h2 class=\"wp-block-heading\"><strong>Quali materiali e interfacce <\/strong><strong>\u00e8<\/strong><strong>&nbsp;l'Ovale <\/strong><strong>Legno<\/strong><strong>&nbsp;Unit\u00e0 USB mobile? <\/strong><strong><\/strong><\/h2>\n\n\n\n<p>Sono disponibili diversi materiali, tra cui principalmente legno grezzo, mogano, acero e bamb\u00f9:<\/p>\n\n\n\n<p>L'acero presenta un colore avorio chiaro con texture delicate e morbide come l'acqua, essendo leggero e flessibile.<\/p>\n\n\n\n<p>Il noce presenta motivi naturali di colore marrone intenso, con una lucentezza stabile ed elegante, un legno duro e resistente all'usura e un tocco caldo come la giada.<\/p>\n\n\n\n<p>Il bamb\u00f9, dopo il trattamento di carbonizzazione, diventa bronzo, formando un denso strato di durezza HRC25 sulla superficie, con una chiara texture di giunture in bamb\u00f9, che combina bellezza rustica e caratteristiche di resistenza.<\/p>\n\n\n\n<p>Il legno grezzo conserva il colore naturale del legno, con texture uniche e mutevoli, che mettono in evidenza il fascino naturale originale.<\/p>\n\n\n\n<div class=\"wp-block-columns is-layout-flex wp-container-core-columns-is-layout-28f84493 wp-block-columns-is-layout-flex\">\n<div class=\"wp-block-column is-layout-flow wp-block-column-is-layout-flow\">\n<figure class=\"wp-block-image aligncenter size-full is-resized\"><img decoding=\"async\" width=\"1000\" height=\"1000\" src=\"https:\/\/www.usborkeychain.com\/wp-content\/uploads\/Oval-Wood-Mobile-USB-Drives-supplier.jpg\" alt=\"Oval Wood Mobile USB Drives supplier\" class=\"wp-image-2558\" style=\"width:450px\" srcset=\"https:\/\/www.usborkeychain.com\/wp-content\/uploads\/Oval-Wood-Mobile-USB-Drives-supplier.jpg 1000w, https:\/\/www.usborkeychain.com\/wp-content\/uploads\/Oval-Wood-Mobile-USB-Drives-supplier-300x300.jpg 300w, https:\/\/www.usborkeychain.com\/wp-content\/uploads\/Oval-Wood-Mobile-USB-Drives-supplier-150x150.jpg 150w, https:\/\/www.usborkeychain.com\/wp-content\/uploads\/Oval-Wood-Mobile-USB-Drives-supplier-768x768.jpg 768w, https:\/\/www.usborkeychain.com\/wp-content\/uploads\/Oval-Wood-Mobile-USB-Drives-supplier-12x12.jpg 12w, https:\/\/www.usborkeychain.com\/wp-content\/uploads\/Oval-Wood-Mobile-USB-Drives-supplier-600x600.jpg 600w, https:\/\/www.usborkeychain.com\/wp-content\/uploads\/Oval-Wood-Mobile-USB-Drives-supplier-100x100.jpg 100w\" sizes=\"(max-width: 1000px) 100vw, 1000px\" \/><\/figure>\n<\/div>\n\n\n\n<div class=\"wp-block-column is-layout-flow wp-block-column-is-layout-flow\">\n<figure class=\"wp-block-image aligncenter size-full is-resized\"><img decoding=\"async\" width=\"1000\" height=\"1000\" src=\"https:\/\/www.usborkeychain.com\/wp-content\/uploads\/Oval-Wood-Mobile-USB-Drives-factory.jpg\" alt=\"Oval Wood Mobile USB Drives factory\" class=\"wp-image-2557\" style=\"width:450px\" srcset=\"https:\/\/www.usborkeychain.com\/wp-content\/uploads\/Oval-Wood-Mobile-USB-Drives-factory.jpg 1000w, https:\/\/www.usborkeychain.com\/wp-content\/uploads\/Oval-Wood-Mobile-USB-Drives-factory-300x300.jpg 300w, https:\/\/www.usborkeychain.com\/wp-content\/uploads\/Oval-Wood-Mobile-USB-Drives-factory-150x150.jpg 150w, https:\/\/www.usborkeychain.com\/wp-content\/uploads\/Oval-Wood-Mobile-USB-Drives-factory-768x768.jpg 768w, https:\/\/www.usborkeychain.com\/wp-content\/uploads\/Oval-Wood-Mobile-USB-Drives-factory-12x12.jpg 12w, https:\/\/www.usborkeychain.com\/wp-content\/uploads\/Oval-Wood-Mobile-USB-Drives-factory-600x600.jpg 600w, https:\/\/www.usborkeychain.com\/wp-content\/uploads\/Oval-Wood-Mobile-USB-Drives-factory-100x100.jpg 100w\" sizes=\"(max-width: 1000px) 100vw, 1000px\" \/><\/figure>\n<\/div>\n\n\n\n<div class=\"wp-block-column is-layout-flow wp-block-column-is-layout-flow\">\n<figure class=\"wp-block-image aligncenter size-full is-resized\"><img loading=\"lazy\" decoding=\"async\" width=\"1000\" height=\"1000\" src=\"https:\/\/www.usborkeychain.com\/wp-content\/uploads\/China-Oval-Wood-Mobile-USB-Drives.jpg\" alt=\"China Oval Wood Mobile USB Drives\" class=\"wp-image-2555\" style=\"width:450px\" srcset=\"https:\/\/www.usborkeychain.com\/wp-content\/uploads\/China-Oval-Wood-Mobile-USB-Drives.jpg 1000w, https:\/\/www.usborkeychain.com\/wp-content\/uploads\/China-Oval-Wood-Mobile-USB-Drives-300x300.jpg 300w, https:\/\/www.usborkeychain.com\/wp-content\/uploads\/China-Oval-Wood-Mobile-USB-Drives-150x150.jpg 150w, https:\/\/www.usborkeychain.com\/wp-content\/uploads\/China-Oval-Wood-Mobile-USB-Drives-768x768.jpg 768w, https:\/\/www.usborkeychain.com\/wp-content\/uploads\/China-Oval-Wood-Mobile-USB-Drives-12x12.jpg 12w, https:\/\/www.usborkeychain.com\/wp-content\/uploads\/China-Oval-Wood-Mobile-USB-Drives-600x600.jpg 600w, https:\/\/www.usborkeychain.com\/wp-content\/uploads\/China-Oval-Wood-Mobile-USB-Drives-100x100.jpg 100w\" sizes=\"(max-width: 1000px) 100vw, 1000px\" \/><\/figure>\n<\/div>\n<\/div>\n\n\n\n<p>La configurazione dell'interfaccia include la doppia modalit\u00e0 USB2.0 (25Mbps) e USB3.0 (450Mbps), integrando un modulo di funzione OTG per supportare il plug-and-play sui telefoni cellulari. Copre 12 specifiche da 8 GB a 1 TB, per soddisfare le diverse esigenze di archiviazione dei file.<\/p>\n\n\n\n<h2 class=\"wp-block-heading\"><strong>Come fa l'Ovale <\/strong><strong>Legno<\/strong><strong>&nbsp;L'unit\u00e0 USB mobile pu\u00f2 essere collegata direttamente al telefono cellulare? <\/strong><strong><\/strong><\/h2>\n\n\n\n<div class=\"wp-block-columns is-layout-flex wp-container-core-columns-is-layout-28f84493 wp-block-columns-is-layout-flex\">\n<div class=\"wp-block-column is-layout-flow wp-block-column-is-layout-flow\">\n<figure class=\"wp-block-image aligncenter size-full is-resized\"><img loading=\"lazy\" decoding=\"async\" width=\"1000\" height=\"1000\" src=\"https:\/\/www.usborkeychain.com\/wp-content\/uploads\/Bulk-Oval-Wood-Mobile-USB-Drives.jpg\" alt=\"Bulk Oval Wood Mobile USB Drives\" class=\"wp-image-2554\" style=\"width:450px\" srcset=\"https:\/\/www.usborkeychain.com\/wp-content\/uploads\/Bulk-Oval-Wood-Mobile-USB-Drives.jpg 1000w, https:\/\/www.usborkeychain.com\/wp-content\/uploads\/Bulk-Oval-Wood-Mobile-USB-Drives-300x300.jpg 300w, https:\/\/www.usborkeychain.com\/wp-content\/uploads\/Bulk-Oval-Wood-Mobile-USB-Drives-150x150.jpg 150w, https:\/\/www.usborkeychain.com\/wp-content\/uploads\/Bulk-Oval-Wood-Mobile-USB-Drives-768x768.jpg 768w, https:\/\/www.usborkeychain.com\/wp-content\/uploads\/Bulk-Oval-Wood-Mobile-USB-Drives-12x12.jpg 12w, https:\/\/www.usborkeychain.com\/wp-content\/uploads\/Bulk-Oval-Wood-Mobile-USB-Drives-600x600.jpg 600w, https:\/\/www.usborkeychain.com\/wp-content\/uploads\/Bulk-Oval-Wood-Mobile-USB-Drives-100x100.jpg 100w\" sizes=\"(max-width: 1000px) 100vw, 1000px\" \/><\/figure>\n<\/div>\n\n\n\n<div class=\"wp-block-column is-vertically-aligned-center is-layout-flow wp-block-column-is-layout-flow\">\n<p>Quando lo si utilizza, occorre innanzitutto selezionare l'interfaccia compatibile: sono disponibili tre specifiche, tra cui Apple Lightning, Android Micro-USB e Type-C.<\/p>\n\n\n\n<p>L'interfaccia del telefono cellulare viene inserita direttamente nella porta dati del dispositivo senza installare applicazioni di terze parti, supportando la gestione nativa dei file per i sistemi iOS 13+ e Android 6.0+.<\/p>\n\n\n\n<p>Attraverso il protocollo OTG, viene realizzata la trasmissione bidirezionale di file tra il telefono cellulare e l'unit\u00e0 USB. Le misurazioni effettive mostrano che il trasferimento di un file video da 1 GB a un telefono cellulare richiede solo 22 secondi (combinazione di interfaccia USB3.0+Type-C).<\/p>\n<\/div>\n<\/div>\n\n\n\n<h2 class=\"wp-block-heading\"><strong>Conclusione<\/strong><\/h2>\n\n\n\n<p>Questa serie \u00e8 realizzata con ingegno da una fabbrica USB con 15 anni di attivit\u00e0, che utilizza apparecchiature di incisione CNC automatizzate per ottenere tripli miglioramenti in termini di materiali, processi e funzioni. L'incisione laser delinea i dettagli con una precisione di 0,05 mm e la stampa a colori raggiunge la precisione dei colori Pantone 98%.<\/p>\n\n\n\n<p>Dalla consistenza leggera dell'acero alla lucentezza marrone intenso del noce, dalla consistenza tenace del bamb\u00f9 carbonizzato alla consistenza naturale del legno grezzo, ogni materiale \u00e8 sottoposto a 8 fasi di lavorazione per offrire un'esperienza visiva e tattile unica.<\/p>\n\n\n\n<p>Supporta un modello all'ingrosso con un ordine minimo di 100 pezzi, fornendo prodotti differenziati per le piattaforme di e-commerce, conferendo un'estetica naturale alla personalizzazione dei regali aziendali e offrendo ai distributori una soluzione full-link che copre la selezione dei materiali, l'adattamento dell'interfaccia (Apple\/Android\/Type-C) e la configurazione della capacit\u00e0 (8GB-1TB).<\/p>\n\n\n\n<p>Il modello di fornitura diretta dalla fabbrica garantisce tempi di consegna e vantaggi di costo. Invitiamo sinceramente i partner di tutti i canali a esplorare insieme il mercato dei regali digitali in legno.<\/p>\n\n\n\n<p><\/p>","protected":false},"excerpt":{"rendered":"<ul>\n<li>Design ovale<\/li>\n<li>Materiale in legno<\/li>\n<li>Resistente ai graffi e all'usura<\/li>\n<li>Velocit\u00e0 pi\u00f9 elevata e alta qualit\u00e0<\/li>\n<li>Affidabile e sicuro<\/li>\n<li>Ottimo per tutti gli usi<\/li>\n<\/ul>","protected":false},"featured_media":2559,"comment_status":"open","ping_status":"closed","template":"","meta":{"_seopress_robots_primary_cat":"","_seopress_titles_title":"Oval Wood\u00a0Mobile USB Drives","_seopress_titles_desc":"","_seopress_robots_index":"","site-sidebar-layout":"default","site-content-layout":"","ast-site-content-layout":"","site-content-style":"default","site-sidebar-style":"default","ast-global-header-display":"","ast-banner-title-visibility":"","ast-main-header-display":"","ast-hfb-above-header-display":"","ast-hfb-below-header-display":"","ast-hfb-mobile-header-display":"","site-post-title":"","ast-breadcrumbs-content":"","ast-featured-img":"","footer-sml-layout":"","theme-transparent-header-meta":"","adv-header-id-meta":"","stick-header-meta":"","header-above-stick-meta":"","header-main-stick-meta":"","header-below-stick-meta":"","astra-migrate-meta-layouts":"default","ast-page-background-enabled":"default","ast-page-background-meta":{"desktop":{"background-color":"var(--ast-global-color-5)","background-image":"","background-repeat":"repeat","background-position":"center center","background-size":"auto","background-attachment":"scroll","background-type":"","background-media":"","overlay-type":"","overlay-color":"","overlay-opacity":"","overlay-gradient":""},"tablet":{"background-color":"","background-image":"","background-repeat":"repeat","background-position":"center center","background-size":"auto","background-attachment":"scroll","background-type":"","background-media":"","overlay-type":"","overlay-color":"","overlay-opacity":"","overlay-gradient":""},"mobile":{"background-color":"","background-image":"","background-repeat":"repeat","background-position":"center center","background-size":"auto","background-attachment":"scroll","background-type":"","background-media":"","overlay-type":"","overlay-color":"","overlay-opacity":"","overlay-gradient":""}},"ast-content-background-meta":{"desktop":{"background-color":"var(--ast-global-color-4)","background-image":"","background-repeat":"repeat","background-position":"center center","background-size":"auto","background-attachment":"scroll","background-type":"","background-media":"","overlay-type":"","overlay-color":"","overlay-opacity":"","overlay-gradient":""},"tablet":{"background-color":"var(--ast-global-color-4)","background-image":"","background-repeat":"repeat","background-position":"center center","background-size":"auto","background-attachment":"scroll","background-type":"","background-media":"","overlay-type":"","overlay-color":"","overlay-opacity":"","overlay-gradient":""},"mobile":{"background-color":"var(--ast-global-color-4)","background-image":"","background-repeat":"repeat","background-position":"center center","background-size":"auto","background-attachment":"scroll","background-type":"","background-media":"","overlay-type":"","overlay-color":"","overlay-opacity":"","overlay-gradient":""}}},"product_brand":[],"product_cat":[168,105],"product_tag":[],"class_list":{"0":"post-2551","1":"product","2":"type-product","3":"status-publish","4":"has-post-thumbnail","6":"product_cat-wood-usb-flash-drive","7":"product_cat-usb-c-pendrive","8":"desktop-align-left","9":"tablet-align-left","10":"mobile-align-left","12":"first","13":"instock","14":"shipping-taxable","15":"product-type-simple"},"_links":{"self":[{"href":"https:\/\/www.usborkeychain.com\/it\/wp-json\/wp\/v2\/product\/2551","targetHints":{"allow":["GET"]}}],"collection":[{"href":"https:\/\/www.usborkeychain.com\/it\/wp-json\/wp\/v2\/product"}],"about":[{"href":"https:\/\/www.usborkeychain.com\/it\/wp-json\/wp\/v2\/types\/product"}],"replies":[{"embeddable":true,"href":"https:\/\/www.usborkeychain.com\/it\/wp-json\/wp\/v2\/comments?post=2551"}],"wp:featuredmedia":[{"embeddable":true,"href":"https:\/\/www.usborkeychain.com\/it\/wp-json\/wp\/v2\/media\/2559"}],"wp:attachment":[{"href":"https:\/\/www.usborkeychain.com\/it\/wp-json\/wp\/v2\/media?parent=2551"}],"wp:term":[{"taxonomy":"product_brand","embeddable":true,"href":"https:\/\/www.usborkeychain.com\/it\/wp-json\/wp\/v2\/product_brand?post=2551"},{"taxonomy":"product_cat","embeddable":true,"href":"https:\/\/www.usborkeychain.com\/it\/wp-json\/wp\/v2\/product_cat?post=2551"},{"taxonomy":"product_tag","embeddable":true,"href":"https:\/\/www.usborkeychain.com\/it\/wp-json\/wp\/v2\/product_tag?post=2551"}],"curies":[{"name":"wp","href":"https:\/\/api.w.org\/{rel}","templated":true}]}}