{"id":2577,"date":"2025-06-22T03:32:32","date_gmt":"2025-06-22T03:32:32","guid":{"rendered":"https:\/\/www.usborkeychain.com\/?post_type=product&#038;p=2577"},"modified":"2025-07-22T14:20:53","modified_gmt":"2025-07-22T14:20:53","slug":"custom-metal-flip-usb-flash-drive","status":"publish","type":"product","link":"https:\/\/www.usborkeychain.com\/it\/prodotto\/custom-metal-flip-usb-flash-drive\/","title":{"rendered":"Unit\u00e0 flash USB Flip in metallo personalizzata"},"content":{"rendered":"<p>La serie di unit\u00e0 USB flip in metallo \u00e8 una gamma di unit\u00e0 USB di archiviazione che combina estetica e praticit\u00e0. In totale sono disponibili tre diverse specifiche. Condividono uno stile unificato ma si differenziano per aspetto e dimensioni, soddisfacendo utenti con esigenze diverse. \u00c8 molto adatta sia per l'uso personale che per la vendita all'ingrosso o la personalizzazione da parte di produttori e fabbriche.<\/p>\n\n\n\n<h2 class=\"wp-block-heading\">Unit\u00e0 USB Classic Metal Flip<\/h2>\n\n\n\n<p>Siete alla ricerca di un'unit\u00e0 USB in grado di bilanciare design classico e praticit\u00e0? Questa classica unit\u00e0 USB con design a ribalta, realizzata in materiale completamente metallico, \u00e8 dotata di un'interfaccia USB che pu\u00f2 ruotare di 360 gradi per un utilizzo estremamente comodo. Con linee morbide e setose, il suo design complessivo \u00e8 semplice ed elegante e rappresenta un ottimo aiuto per l'archiviazione quotidiana dei dati.<\/p>\n\n\n\n<div class=\"wp-block-columns is-layout-flex wp-container-core-columns-is-layout-28f84493 wp-block-columns-is-layout-flex\">\n<div class=\"wp-block-column is-layout-flow wp-block-column-is-layout-flow\">\n<figure class=\"wp-block-image size-full\"><img alt=\"\" fetchpriority=\"high\" decoding=\"async\" width=\"800\" height=\"800\" src=\"https:\/\/www.usborkeychain.com\/wp-content\/uploads\/china-metal-flip-usb-flash-drive-manufacturer.jpg\" class=\"wp-image-2581\" srcset=\"https:\/\/www.usborkeychain.com\/wp-content\/uploads\/china-metal-flip-usb-flash-drive-manufacturer.jpg 800w, https:\/\/www.usborkeychain.com\/wp-content\/uploads\/china-metal-flip-usb-flash-drive-manufacturer-300x300.jpg 300w, https:\/\/www.usborkeychain.com\/wp-content\/uploads\/china-metal-flip-usb-flash-drive-manufacturer-150x150.jpg 150w, https:\/\/www.usborkeychain.com\/wp-content\/uploads\/china-metal-flip-usb-flash-drive-manufacturer-768x768.jpg 768w, https:\/\/www.usborkeychain.com\/wp-content\/uploads\/china-metal-flip-usb-flash-drive-manufacturer-12x12.jpg 12w, https:\/\/www.usborkeychain.com\/wp-content\/uploads\/china-metal-flip-usb-flash-drive-manufacturer-600x600.jpg 600w, https:\/\/www.usborkeychain.com\/wp-content\/uploads\/china-metal-flip-usb-flash-drive-manufacturer-100x100.jpg 100w\" sizes=\"(max-width: 800px) 100vw, 800px\" \/><\/figure>\n<\/div>\n\n\n\n<div class=\"wp-block-column is-layout-flow wp-block-column-is-layout-flow\">\n<figure class=\"wp-block-image size-full\"><img alt=\"\" decoding=\"async\" width=\"800\" height=\"800\" src=\"https:\/\/www.usborkeychain.com\/wp-content\/uploads\/china-metal-flip-usb-flash-drive-factory.jpg\" class=\"wp-image-2580\" srcset=\"https:\/\/www.usborkeychain.com\/wp-content\/uploads\/china-metal-flip-usb-flash-drive-factory.jpg 800w, https:\/\/www.usborkeychain.com\/wp-content\/uploads\/china-metal-flip-usb-flash-drive-factory-300x300.jpg 300w, https:\/\/www.usborkeychain.com\/wp-content\/uploads\/china-metal-flip-usb-flash-drive-factory-150x150.jpg 150w, https:\/\/www.usborkeychain.com\/wp-content\/uploads\/china-metal-flip-usb-flash-drive-factory-768x768.jpg 768w, https:\/\/www.usborkeychain.com\/wp-content\/uploads\/china-metal-flip-usb-flash-drive-factory-12x12.jpg 12w, https:\/\/www.usborkeychain.com\/wp-content\/uploads\/china-metal-flip-usb-flash-drive-factory-600x600.jpg 600w, https:\/\/www.usborkeychain.com\/wp-content\/uploads\/china-metal-flip-usb-flash-drive-factory-100x100.jpg 100w\" sizes=\"(max-width: 800px) 100vw, 800px\" \/><\/figure>\n<\/div>\n\n\n\n<div class=\"wp-block-column is-layout-flow wp-block-column-is-layout-flow\">\n<figure class=\"wp-block-image size-full\"><img alt=\"\" decoding=\"async\" width=\"800\" height=\"800\" src=\"https:\/\/www.usborkeychain.com\/wp-content\/uploads\/metal-flip-usb-flash-drive-supplier.jpg\" class=\"wp-image-2584\" srcset=\"https:\/\/www.usborkeychain.com\/wp-content\/uploads\/metal-flip-usb-flash-drive-supplier.jpg 800w, https:\/\/www.usborkeychain.com\/wp-content\/uploads\/metal-flip-usb-flash-drive-supplier-300x300.jpg 300w, https:\/\/www.usborkeychain.com\/wp-content\/uploads\/metal-flip-usb-flash-drive-supplier-150x150.jpg 150w, https:\/\/www.usborkeychain.com\/wp-content\/uploads\/metal-flip-usb-flash-drive-supplier-768x768.jpg 768w, https:\/\/www.usborkeychain.com\/wp-content\/uploads\/metal-flip-usb-flash-drive-supplier-12x12.jpg 12w, https:\/\/www.usborkeychain.com\/wp-content\/uploads\/metal-flip-usb-flash-drive-supplier-600x600.jpg 600w, https:\/\/www.usborkeychain.com\/wp-content\/uploads\/metal-flip-usb-flash-drive-supplier-100x100.jpg 100w\" sizes=\"(max-width: 800px) 100vw, 800px\" \/><\/figure>\n<\/div>\n<\/div>\n\n\n\n<h2 class=\"wp-block-heading\">Unit\u00e0 USB Flip grande in metallo<\/h2>\n\n\n\n<p>\u00c8 in grado di soddisfare le vostre aspettative per un'unit\u00e0 USB di fascia alta? Essendo una versione aggiornata del modello classico, le sue dimensioni complessive sono quasi la met\u00e0 di quelle del modello classico. Offre due opzioni di interfaccia, USB2.0 e USB3.0, per soddisfare le diverse esigenze di trasmissione dei dati. Lo stile suggestivo del design la fa apparire di alta gamma e strutturata, rendendola molto adatta sia per uso personale che come regalo.<\/p>\n\n\n\n<div class=\"wp-block-columns is-layout-flex wp-container-core-columns-is-layout-28f84493 wp-block-columns-is-layout-flex\">\n<div class=\"wp-block-column is-layout-flow wp-block-column-is-layout-flow\">\n<figure class=\"wp-block-image size-full\"><img alt=\"\" loading=\"lazy\" decoding=\"async\" width=\"800\" height=\"800\" src=\"https:\/\/www.usborkeychain.com\/wp-content\/uploads\/custom-metal-flip-usb-flash-drive.jpg\" class=\"wp-image-2586\" srcset=\"https:\/\/www.usborkeychain.com\/wp-content\/uploads\/custom-metal-flip-usb-flash-drive.jpg 800w, https:\/\/www.usborkeychain.com\/wp-content\/uploads\/custom-metal-flip-usb-flash-drive-300x300.jpg 300w, https:\/\/www.usborkeychain.com\/wp-content\/uploads\/custom-metal-flip-usb-flash-drive-150x150.jpg 150w, https:\/\/www.usborkeychain.com\/wp-content\/uploads\/custom-metal-flip-usb-flash-drive-768x768.jpg 768w, https:\/\/www.usborkeychain.com\/wp-content\/uploads\/custom-metal-flip-usb-flash-drive-12x12.jpg 12w, https:\/\/www.usborkeychain.com\/wp-content\/uploads\/custom-metal-flip-usb-flash-drive-600x600.jpg 600w, https:\/\/www.usborkeychain.com\/wp-content\/uploads\/custom-metal-flip-usb-flash-drive-100x100.jpg 100w\" sizes=\"(max-width: 800px) 100vw, 800px\" \/><\/figure>\n<\/div>\n\n\n\n<div class=\"wp-block-column is-layout-flow wp-block-column-is-layout-flow\">\n<figure class=\"wp-block-image size-full\"><img alt=\"\" loading=\"lazy\" decoding=\"async\" width=\"800\" height=\"800\" src=\"https:\/\/www.usborkeychain.com\/wp-content\/uploads\/custom-metal-flip-usb-flash-disk-1.jpg\" class=\"wp-image-2589\" srcset=\"https:\/\/www.usborkeychain.com\/wp-content\/uploads\/custom-metal-flip-usb-flash-disk-1.jpg 800w, https:\/\/www.usborkeychain.com\/wp-content\/uploads\/custom-metal-flip-usb-flash-disk-1-300x300.jpg 300w, https:\/\/www.usborkeychain.com\/wp-content\/uploads\/custom-metal-flip-usb-flash-disk-1-150x150.jpg 150w, https:\/\/www.usborkeychain.com\/wp-content\/uploads\/custom-metal-flip-usb-flash-disk-1-768x768.jpg 768w, https:\/\/www.usborkeychain.com\/wp-content\/uploads\/custom-metal-flip-usb-flash-disk-1-12x12.jpg 12w, https:\/\/www.usborkeychain.com\/wp-content\/uploads\/custom-metal-flip-usb-flash-disk-1-600x600.jpg 600w, https:\/\/www.usborkeychain.com\/wp-content\/uploads\/custom-metal-flip-usb-flash-disk-1-100x100.jpg 100w\" sizes=\"(max-width: 800px) 100vw, 800px\" \/><\/figure>\n<\/div>\n\n\n\n<div class=\"wp-block-column is-layout-flow wp-block-column-is-layout-flow\">\n<figure class=\"wp-block-image size-full\"><img alt=\"\" loading=\"lazy\" decoding=\"async\" width=\"800\" height=\"800\" src=\"https:\/\/www.usborkeychain.com\/wp-content\/uploads\/custom-metal-flip-usb-flash.jpg\" class=\"wp-image-2588\" srcset=\"https:\/\/www.usborkeychain.com\/wp-content\/uploads\/custom-metal-flip-usb-flash.jpg 800w, https:\/\/www.usborkeychain.com\/wp-content\/uploads\/custom-metal-flip-usb-flash-300x300.jpg 300w, https:\/\/www.usborkeychain.com\/wp-content\/uploads\/custom-metal-flip-usb-flash-150x150.jpg 150w, https:\/\/www.usborkeychain.com\/wp-content\/uploads\/custom-metal-flip-usb-flash-768x768.jpg 768w, https:\/\/www.usborkeychain.com\/wp-content\/uploads\/custom-metal-flip-usb-flash-12x12.jpg 12w, https:\/\/www.usborkeychain.com\/wp-content\/uploads\/custom-metal-flip-usb-flash-600x600.jpg 600w, https:\/\/www.usborkeychain.com\/wp-content\/uploads\/custom-metal-flip-usb-flash-100x100.jpg 100w\" sizes=\"(max-width: 800px) 100vw, 800px\" \/><\/figure>\n<\/div>\n<\/div>\n\n\n\n<h2 class=\"wp-block-heading\">Mini unit\u00e0 USB Flip in metallo<\/h2>\n\n\n\n<p>Siete alla ricerca di un dispositivo di archiviazione compatto e portatile? Questa mini unit\u00e0 USB ultrasottile sar\u00e0 la vostra prima scelta. Con uno spessore complessivo di soli 3 mm, \u00e8 la met\u00e0 delle dimensioni delle grandi unit\u00e0 USB a scorrimento, il che la rende estremamente facile da trasportare. Nonostante le dimensioni ridotte, le sue funzioni non sono compromesse.<\/p>\n\n\n\n<div class=\"wp-block-columns is-layout-flex wp-container-core-columns-is-layout-28f84493 wp-block-columns-is-layout-flex\">\n<div class=\"wp-block-column is-layout-flow wp-block-column-is-layout-flow\">\n<figure class=\"wp-block-image size-full\"><img alt=\"\" loading=\"lazy\" decoding=\"async\" width=\"800\" height=\"800\" src=\"https:\/\/www.usborkeychain.com\/wp-content\/uploads\/metal-flip-usb-flash-drive-customized.jpg\" class=\"wp-image-2593\" srcset=\"https:\/\/www.usborkeychain.com\/wp-content\/uploads\/metal-flip-usb-flash-drive-customized.jpg 800w, https:\/\/www.usborkeychain.com\/wp-content\/uploads\/metal-flip-usb-flash-drive-customized-300x300.jpg 300w, https:\/\/www.usborkeychain.com\/wp-content\/uploads\/metal-flip-usb-flash-drive-customized-150x150.jpg 150w, https:\/\/www.usborkeychain.com\/wp-content\/uploads\/metal-flip-usb-flash-drive-customized-768x768.jpg 768w, https:\/\/www.usborkeychain.com\/wp-content\/uploads\/metal-flip-usb-flash-drive-customized-12x12.jpg 12w, https:\/\/www.usborkeychain.com\/wp-content\/uploads\/metal-flip-usb-flash-drive-customized-600x600.jpg 600w, https:\/\/www.usborkeychain.com\/wp-content\/uploads\/metal-flip-usb-flash-drive-customized-100x100.jpg 100w\" sizes=\"(max-width: 800px) 100vw, 800px\" \/><\/figure>\n<\/div>\n\n\n\n<div class=\"wp-block-column is-layout-flow wp-block-column-is-layout-flow\">\n<figure class=\"wp-block-image size-full\"><img alt=\"\" loading=\"lazy\" decoding=\"async\" width=\"800\" height=\"800\" src=\"https:\/\/www.usborkeychain.com\/wp-content\/uploads\/wholesale-metal-flip-usb-flash-drive.jpg\" class=\"wp-image-2596\" srcset=\"https:\/\/www.usborkeychain.com\/wp-content\/uploads\/wholesale-metal-flip-usb-flash-drive.jpg 800w, https:\/\/www.usborkeychain.com\/wp-content\/uploads\/wholesale-metal-flip-usb-flash-drive-300x300.jpg 300w, https:\/\/www.usborkeychain.com\/wp-content\/uploads\/wholesale-metal-flip-usb-flash-drive-150x150.jpg 150w, https:\/\/www.usborkeychain.com\/wp-content\/uploads\/wholesale-metal-flip-usb-flash-drive-768x768.jpg 768w, https:\/\/www.usborkeychain.com\/wp-content\/uploads\/wholesale-metal-flip-usb-flash-drive-12x12.jpg 12w, https:\/\/www.usborkeychain.com\/wp-content\/uploads\/wholesale-metal-flip-usb-flash-drive-600x600.jpg 600w, https:\/\/www.usborkeychain.com\/wp-content\/uploads\/wholesale-metal-flip-usb-flash-drive-100x100.jpg 100w\" sizes=\"(max-width: 800px) 100vw, 800px\" \/><\/figure>\n<\/div>\n\n\n\n<div class=\"wp-block-column is-layout-flow wp-block-column-is-layout-flow\">\n<figure class=\"wp-block-image size-full\"><img alt=\"\" loading=\"lazy\" decoding=\"async\" width=\"800\" height=\"800\" src=\"https:\/\/www.usborkeychain.com\/wp-content\/uploads\/odm-metal-flip-usb-flash-drive-china-customized.jpg\" class=\"wp-image-2594\" srcset=\"https:\/\/www.usborkeychain.com\/wp-content\/uploads\/odm-metal-flip-usb-flash-drive-china-customized.jpg 800w, https:\/\/www.usborkeychain.com\/wp-content\/uploads\/odm-metal-flip-usb-flash-drive-china-customized-300x300.jpg 300w, https:\/\/www.usborkeychain.com\/wp-content\/uploads\/odm-metal-flip-usb-flash-drive-china-customized-150x150.jpg 150w, https:\/\/www.usborkeychain.com\/wp-content\/uploads\/odm-metal-flip-usb-flash-drive-china-customized-768x768.jpg 768w, https:\/\/www.usborkeychain.com\/wp-content\/uploads\/odm-metal-flip-usb-flash-drive-china-customized-12x12.jpg 12w, https:\/\/www.usborkeychain.com\/wp-content\/uploads\/odm-metal-flip-usb-flash-drive-china-customized-600x600.jpg 600w, https:\/\/www.usborkeychain.com\/wp-content\/uploads\/odm-metal-flip-usb-flash-drive-china-customized-100x100.jpg 100w\" sizes=\"(max-width: 800px) 100vw, 800px\" \/><\/figure>\n<\/div>\n<\/div>\n\n\n\n<p>Tutte e tre le chiavette USB presentano un design molto arrotondato con bordi curvi, che offre un'eccellente sensazione al tatto. Possono essere personalizzate con loghi incisi al laser o con loghi a colori stampati su seta. Sia in termini di design che di funzionalit\u00e0, la serie di drive USB flip in metallo offre prestazioni eccezionali ed \u00e8 una soluzione di archiviazione che vale la pena prendere in considerazione. Sia per la personalizzazione da parte dei produttori che per la vendita all'ingrosso, queste unit\u00e0 USB possono soddisfare le vostre esigenze.<\/p>","protected":false},"excerpt":{"rendered":"<ul>\n<li>Design a ribalta<\/li>\n<li>Guscio in materiale metallico<\/li>\n<li>Classico, mini, grande tre stili<\/li>\n<li>USB2.0, USB3.0 possono scegliere<\/li>\n<li>Rotazione di 360 gradi<\/li>\n<\/ul>","protected":false},"featured_media":2589,"comment_status":"open","ping_status":"closed","template":"","meta":{"_seopress_robots_primary_cat":"none","_seopress_titles_title":"","_seopress_titles_desc":"","_seopress_robots_index":"","site-sidebar-layout":"default","site-content-layout":"","ast-site-content-layout":"","site-content-style":"default","site-sidebar-style":"default","ast-global-header-display":"","ast-banner-title-visibility":"","ast-main-header-display":"","ast-hfb-above-header-display":"","ast-hfb-below-header-display":"","ast-hfb-mobile-header-display":"","site-post-title":"","ast-breadcrumbs-content":"","ast-featured-img":"","footer-sml-layout":"","theme-transparent-header-meta":"","adv-header-id-meta":"","stick-header-meta":"","header-above-stick-meta":"","header-main-stick-meta":"","header-below-stick-meta":"","astra-migrate-meta-layouts":"default","ast-page-background-enabled":"default","ast-page-background-meta":{"desktop":{"background-color":"var(--ast-global-color-5)","background-image":"","background-repeat":"repeat","background-position":"center center","background-size":"auto","background-attachment":"scroll","background-type":"","background-media":"","overlay-type":"","overlay-color":"","overlay-opacity":"","overlay-gradient":""},"tablet":{"background-color":"","background-image":"","background-repeat":"repeat","background-position":"center center","background-size":"auto","background-attachment":"scroll","background-type":"","background-media":"","overlay-type":"","overlay-color":"","overlay-opacity":"","overlay-gradient":""},"mobile":{"background-color":"","background-image":"","background-repeat":"repeat","background-position":"center center","background-size":"auto","background-attachment":"scroll","background-type":"","background-media":"","overlay-type":"","overlay-color":"","overlay-opacity":"","overlay-gradient":""}},"ast-content-background-meta":{"desktop":{"background-color":"var(--ast-global-color-4)","background-image":"","background-repeat":"repeat","background-position":"center center","background-size":"auto","background-attachment":"scroll","background-type":"","background-media":"","overlay-type":"","overlay-color":"","overlay-opacity":"","overlay-gradient":""},"tablet":{"background-color":"var(--ast-global-color-4)","background-image":"","background-repeat":"repeat","background-position":"center center","background-size":"auto","background-attachment":"scroll","background-type":"","background-media":"","overlay-type":"","overlay-color":"","overlay-opacity":"","overlay-gradient":""},"mobile":{"background-color":"var(--ast-global-color-4)","background-image":"","background-repeat":"repeat","background-position":"center center","background-size":"auto","background-attachment":"scroll","background-type":"","background-media":"","overlay-type":"","overlay-color":"","overlay-opacity":"","overlay-gradient":""}}},"product_brand":[],"product_cat":[89,101],"product_tag":[171],"class_list":{"0":"post-2577","1":"product","2":"type-product","3":"status-publish","4":"has-post-thumbnail","6":"product_cat-metal-usb-pendrive","7":"product_cat-usb-pendrive-with-keychain","8":"product_tag-flip-usb-flash-drive","9":"desktop-align-left","10":"tablet-align-left","11":"mobile-align-left","13":"first","14":"instock","15":"shipping-taxable","16":"product-type-simple"},"_links":{"self":[{"href":"https:\/\/www.usborkeychain.com\/it\/wp-json\/wp\/v2\/product\/2577","targetHints":{"allow":["GET"]}}],"collection":[{"href":"https:\/\/www.usborkeychain.com\/it\/wp-json\/wp\/v2\/product"}],"about":[{"href":"https:\/\/www.usborkeychain.com\/it\/wp-json\/wp\/v2\/types\/product"}],"replies":[{"embeddable":true,"href":"https:\/\/www.usborkeychain.com\/it\/wp-json\/wp\/v2\/comments?post=2577"}],"wp:featuredmedia":[{"embeddable":true,"href":"https:\/\/www.usborkeychain.com\/it\/wp-json\/wp\/v2\/media\/2589"}],"wp:attachment":[{"href":"https:\/\/www.usborkeychain.com\/it\/wp-json\/wp\/v2\/media?parent=2577"}],"wp:term":[{"taxonomy":"product_brand","embeddable":true,"href":"https:\/\/www.usborkeychain.com\/it\/wp-json\/wp\/v2\/product_brand?post=2577"},{"taxonomy":"product_cat","embeddable":true,"href":"https:\/\/www.usborkeychain.com\/it\/wp-json\/wp\/v2\/product_cat?post=2577"},{"taxonomy":"product_tag","embeddable":true,"href":"https:\/\/www.usborkeychain.com\/it\/wp-json\/wp\/v2\/product_tag?post=2577"}],"curies":[{"name":"wp","href":"https:\/\/api.w.org\/{rel}","templated":true}]}}