{"id":2597,"date":"2025-06-22T04:37:16","date_gmt":"2025-06-22T04:37:16","guid":{"rendered":"https:\/\/www.usborkeychain.com\/?post_type=product&#038;p=2597"},"modified":"2025-06-23T06:12:33","modified_gmt":"2025-06-23T06:12:33","slug":"tractor-shaped-usb-flash-drives","status":"publish","type":"product","link":"https:\/\/www.usborkeychain.com\/it\/prodotto\/tractor-shaped-usb-flash-drives\/","title":{"rendered":"Trattore - Chiavette USB a forma di trattore"},"content":{"rendered":"<div class=\"wp-block-columns is-layout-flex wp-container-core-columns-is-layout-28f84493 wp-block-columns-is-layout-flex\">\n<div class=\"wp-block-column is-layout-flow wp-block-column-is-layout-flow\">\n<figure class=\"wp-block-image size-full\"><img alt=\"\" fetchpriority=\"high\" decoding=\"async\" width=\"800\" height=\"800\" src=\"https:\/\/www.usborkeychain.com\/wp-content\/uploads\/Green-drag-flash-drive-for-company-giveaway.jpg\" class=\"wp-image-2600\" srcset=\"https:\/\/www.usborkeychain.com\/wp-content\/uploads\/Green-drag-flash-drive-for-company-giveaway.jpg 800w, https:\/\/www.usborkeychain.com\/wp-content\/uploads\/Green-drag-flash-drive-for-company-giveaway-300x300.jpg 300w, https:\/\/www.usborkeychain.com\/wp-content\/uploads\/Green-drag-flash-drive-for-company-giveaway-150x150.jpg 150w, https:\/\/www.usborkeychain.com\/wp-content\/uploads\/Green-drag-flash-drive-for-company-giveaway-768x768.jpg 768w, https:\/\/www.usborkeychain.com\/wp-content\/uploads\/Green-drag-flash-drive-for-company-giveaway-12x12.jpg 12w, https:\/\/www.usborkeychain.com\/wp-content\/uploads\/Green-drag-flash-drive-for-company-giveaway-600x600.jpg 600w, https:\/\/www.usborkeychain.com\/wp-content\/uploads\/Green-drag-flash-drive-for-company-giveaway-100x100.jpg 100w\" sizes=\"(max-width: 800px) 100vw, 800px\" \/><\/figure>\n<\/div>\n\n\n\n<div class=\"wp-block-column is-vertically-aligned-center is-layout-flow wp-block-column-is-layout-flow\">\n<p>Quando si tratta di scegliere i regali aziendali, essi non devono solo riflettere le caratteristiche dell'impresa, ma anche essere pratici, in modo da lasciare un'impressione profonda. <\/p>\n\n\n\n<p>Una fabbrica di trattori ha scelto un'esclusiva chiavetta USB a forma di trattore quando era alla ricerca di regali personalizzati. Questo prodotto creativo non solo si distingue per l'aspetto, ma non ha nulla da invidiare alle funzioni.<\/p>\n<\/div>\n<\/div>\n\n\n\n<p><br>Questa fabbrica di trattori \u00e8 impegnata da tempo nella produzione di macchine agricole e i suoi prodotti sono ampiamente utilizzati nel settore agricolo. Per trovare un regalo che potesse rappresentare l'immagine aziendale, la fabbrica ha deciso di personalizzare le chiavette USB a forma di trattore. La creativit\u00e0 nasce dal prodotto stesso dell'azienda: i trattori. Disegnare le chiavette USB di uso quotidiano con l'aspetto di un trattore non solo si adatta all'attivit\u00e0 principale dell'azienda, ma dimostra anche l'amore e l'attenzione dell'azienda per le macchine agricole.<\/p>\n\n\n\n<p><br>Il design di questa chiavetta USB \u00e8 molto delicato. L'aspetto generale imita completamente un trattore reale, con un corpo verde e mozzi gialli, con colori vivaci e rappresentativi. Ogni dettaglio \u00e8 trattato in modo appropriato, dai finestrini della cabina alle texture delle ruote, tutte dall'aspetto vivace. In termini di dimensioni, \u00e8 piccola e portatile. L'interfaccia della chiavetta USB \u00e8 abilmente nascosta nella parte inferiore del trattore, il che non pregiudica la bellezza complessiva n\u00e9 garantisce la comodit\u00e0 d'uso.<\/p>\n\n\n\n<div class=\"wp-block-columns is-layout-flex wp-container-core-columns-is-layout-28f84493 wp-block-columns-is-layout-flex\">\n<div class=\"wp-block-column is-layout-flow wp-block-column-is-layout-flow\">\n<figure class=\"wp-block-image size-full\"><img alt=\"\" decoding=\"async\" width=\"800\" height=\"800\" src=\"https:\/\/www.usborkeychain.com\/wp-content\/uploads\/Green-drag-shaped-flash-drive-for-company-giveaway.jpg\" class=\"wp-image-2601\" srcset=\"https:\/\/www.usborkeychain.com\/wp-content\/uploads\/Green-drag-shaped-flash-drive-for-company-giveaway.jpg 800w, https:\/\/www.usborkeychain.com\/wp-content\/uploads\/Green-drag-shaped-flash-drive-for-company-giveaway-300x300.jpg 300w, https:\/\/www.usborkeychain.com\/wp-content\/uploads\/Green-drag-shaped-flash-drive-for-company-giveaway-150x150.jpg 150w, https:\/\/www.usborkeychain.com\/wp-content\/uploads\/Green-drag-shaped-flash-drive-for-company-giveaway-768x768.jpg 768w, https:\/\/www.usborkeychain.com\/wp-content\/uploads\/Green-drag-shaped-flash-drive-for-company-giveaway-12x12.jpg 12w, https:\/\/www.usborkeychain.com\/wp-content\/uploads\/Green-drag-shaped-flash-drive-for-company-giveaway-600x600.jpg 600w, https:\/\/www.usborkeychain.com\/wp-content\/uploads\/Green-drag-shaped-flash-drive-for-company-giveaway-100x100.jpg 100w\" sizes=\"(max-width: 800px) 100vw, 800px\" \/><\/figure>\n<\/div>\n\n\n\n<div class=\"wp-block-column is-layout-flow wp-block-column-is-layout-flow\">\n<figure class=\"wp-block-image size-full\"><img alt=\"\" decoding=\"async\" width=\"800\" height=\"800\" src=\"https:\/\/www.usborkeychain.com\/wp-content\/uploads\/Memoria-USB-Green-Drag-para-regalo-de-empresa.jpg\" class=\"wp-image-2602\" srcset=\"https:\/\/www.usborkeychain.com\/wp-content\/uploads\/Memoria-USB-Green-Drag-para-regalo-de-empresa.jpg 800w, https:\/\/www.usborkeychain.com\/wp-content\/uploads\/Memoria-USB-Green-Drag-para-regalo-de-empresa-300x300.jpg 300w, https:\/\/www.usborkeychain.com\/wp-content\/uploads\/Memoria-USB-Green-Drag-para-regalo-de-empresa-150x150.jpg 150w, https:\/\/www.usborkeychain.com\/wp-content\/uploads\/Memoria-USB-Green-Drag-para-regalo-de-empresa-768x768.jpg 768w, https:\/\/www.usborkeychain.com\/wp-content\/uploads\/Memoria-USB-Green-Drag-para-regalo-de-empresa-12x12.jpg 12w, https:\/\/www.usborkeychain.com\/wp-content\/uploads\/Memoria-USB-Green-Drag-para-regalo-de-empresa-600x600.jpg 600w, https:\/\/www.usborkeychain.com\/wp-content\/uploads\/Memoria-USB-Green-Drag-para-regalo-de-empresa-100x100.jpg 100w\" sizes=\"(max-width: 800px) 100vw, 800px\" \/><\/figure>\n<\/div>\n<\/div>\n\n\n\n<p><br>Sebbene questa chiavetta USB abbia un aspetto unico, la sua praticit\u00e0 non viene compromessa. \u00c8 dotata di funzioni di archiviazione standard e la capacit\u00e0 pu\u00f2 essere personalizzata in base alle esigenze del cliente, in modo da soddisfare le necessit\u00e0 del lavoro quotidiano in ufficio e dell'archiviazione dei dati. Sia che si tratti di documenti, immagini o video, \u00e8 in grado di gestirli con facilit\u00e0. Inoltre, ha una forte compatibilit\u00e0 e pu\u00f2 essere utilizzato su una variet\u00e0 di dispositivi elettronici, come computer e televisori, facilitando agli utenti il trasferimento e la lettura dei dati in qualsiasi momento e ovunque.<\/p>\n\n\n\n<div class=\"wp-block-columns is-layout-flex wp-container-core-columns-is-layout-28f84493 wp-block-columns-is-layout-flex\">\n<div class=\"wp-block-column is-layout-flow wp-block-column-is-layout-flow\">\n<figure class=\"wp-block-image size-full\"><img alt=\"\" loading=\"lazy\" decoding=\"async\" width=\"800\" height=\"800\" src=\"https:\/\/www.usborkeychain.com\/wp-content\/uploads\/Sirket-hediyesi-icin-yesil-suruklemeli-flash-surucu.jpg\" class=\"wp-image-2603\" srcset=\"https:\/\/www.usborkeychain.com\/wp-content\/uploads\/Sirket-hediyesi-icin-yesil-suruklemeli-flash-surucu.jpg 800w, https:\/\/www.usborkeychain.com\/wp-content\/uploads\/Sirket-hediyesi-icin-yesil-suruklemeli-flash-surucu-300x300.jpg 300w, https:\/\/www.usborkeychain.com\/wp-content\/uploads\/Sirket-hediyesi-icin-yesil-suruklemeli-flash-surucu-150x150.jpg 150w, https:\/\/www.usborkeychain.com\/wp-content\/uploads\/Sirket-hediyesi-icin-yesil-suruklemeli-flash-surucu-768x768.jpg 768w, https:\/\/www.usborkeychain.com\/wp-content\/uploads\/Sirket-hediyesi-icin-yesil-suruklemeli-flash-surucu-12x12.jpg 12w, https:\/\/www.usborkeychain.com\/wp-content\/uploads\/Sirket-hediyesi-icin-yesil-suruklemeli-flash-surucu-600x600.jpg 600w, https:\/\/www.usborkeychain.com\/wp-content\/uploads\/Sirket-hediyesi-icin-yesil-suruklemeli-flash-surucu-100x100.jpg 100w\" sizes=\"(max-width: 800px) 100vw, 800px\" \/><\/figure>\n<\/div>\n\n\n\n<div class=\"wp-block-column is-vertically-aligned-center is-layout-flow wp-block-column-is-layout-flow\">\n<p><br>Come regalo personalizzato di una fabbrica di trattori, questa chiavetta USB a forma di trattore ha un valore estremamente elevato. Non \u00e8 solo un pratico oggetto da ufficio, ma anche un rappresentante dell'immagine aziendale. Quando la fabbrica la regala a clienti, partner o dipendenti, pu\u00f2 trasmettere la professionalit\u00e0 dell'azienda e la sua attenzione per le macchine agricole, oltre a far percepire ai destinatari la dedizione e la creativit\u00e0 dell'azienda. <\/p>\n\n\n\n<p>Questo regalo unico si distingue tra i tanti regali d'affari, lasciando una profonda e buona impressione e contribuendo a rafforzare le relazioni tra l'impresa e tutte le parti.<\/p>\n\n\n\n<p>In conclusione, questa chiavetta USB a forma di trattore \u00e8 la combinazione perfetta di creativit\u00e0 e praticit\u00e0 ed \u00e8 una scelta eccellente per i regali personalizzati delle fabbriche di trattori.<\/p>\n<\/div>\n<\/div>\n\n\n\n<p><\/p>","protected":false},"excerpt":{"rendered":"<ul>\n<li>Trattore 3D - sagomato<\/li>\n<li>Unit\u00e0 USB in stile cartone animato<\/li>\n<li>USB3.0<\/li>\n<li>Capacit\u00e0 di 64 GB<\/li>\n<li>Come regalo personalizzato di una fabbrica di trattori,<\/li>\n<\/ul>","protected":false},"featured_media":2601,"comment_status":"open","ping_status":"closed","template":"","meta":{"_seopress_robots_primary_cat":"","_seopress_titles_title":"","_seopress_titles_desc":"","_seopress_robots_index":"","site-sidebar-layout":"default","site-content-layout":"","ast-site-content-layout":"","site-content-style":"default","site-sidebar-style":"default","ast-global-header-display":"","ast-banner-title-visibility":"","ast-main-header-display":"","ast-hfb-above-header-display":"","ast-hfb-below-header-display":"","ast-hfb-mobile-header-display":"","site-post-title":"","ast-breadcrumbs-content":"","ast-featured-img":"","footer-sml-layout":"","theme-transparent-header-meta":"","adv-header-id-meta":"","stick-header-meta":"","header-above-stick-meta":"","header-main-stick-meta":"","header-below-stick-meta":"","astra-migrate-meta-layouts":"default","ast-page-background-enabled":"default","ast-page-background-meta":{"desktop":{"background-color":"var(--ast-global-color-5)","background-image":"","background-repeat":"repeat","background-position":"center center","background-size":"auto","background-attachment":"scroll","background-type":"","background-media":"","overlay-type":"","overlay-color":"","overlay-opacity":"","overlay-gradient":""},"tablet":{"background-color":"","background-image":"","background-repeat":"repeat","background-position":"center center","background-size":"auto","background-attachment":"scroll","background-type":"","background-media":"","overlay-type":"","overlay-color":"","overlay-opacity":"","overlay-gradient":""},"mobile":{"background-color":"","background-image":"","background-repeat":"repeat","background-position":"center center","background-size":"auto","background-attachment":"scroll","background-type":"","background-media":"","overlay-type":"","overlay-color":"","overlay-opacity":"","overlay-gradient":""}},"ast-content-background-meta":{"desktop":{"background-color":"var(--ast-global-color-4)","background-image":"","background-repeat":"repeat","background-position":"center center","background-size":"auto","background-attachment":"scroll","background-type":"","background-media":"","overlay-type":"","overlay-color":"","overlay-opacity":"","overlay-gradient":""},"tablet":{"background-color":"var(--ast-global-color-4)","background-image":"","background-repeat":"repeat","background-position":"center center","background-size":"auto","background-attachment":"scroll","background-type":"","background-media":"","overlay-type":"","overlay-color":"","overlay-opacity":"","overlay-gradient":""},"mobile":{"background-color":"var(--ast-global-color-4)","background-image":"","background-repeat":"repeat","background-position":"center center","background-size":"auto","background-attachment":"scroll","background-type":"","background-media":"","overlay-type":"","overlay-color":"","overlay-opacity":"","overlay-gradient":""}}},"product_brand":[],"product_cat":[95],"product_tag":[172],"class_list":{"0":"post-2597","1":"product","2":"type-product","3":"status-publish","4":"has-post-thumbnail","6":"product_cat-promotional-usb-drive","7":"product_tag-green-usb-flash-drive","8":"desktop-align-left","9":"tablet-align-left","10":"mobile-align-left","12":"first","13":"instock","14":"shipping-taxable","15":"product-type-simple"},"_links":{"self":[{"href":"https:\/\/www.usborkeychain.com\/it\/wp-json\/wp\/v2\/product\/2597","targetHints":{"allow":["GET"]}}],"collection":[{"href":"https:\/\/www.usborkeychain.com\/it\/wp-json\/wp\/v2\/product"}],"about":[{"href":"https:\/\/www.usborkeychain.com\/it\/wp-json\/wp\/v2\/types\/product"}],"replies":[{"embeddable":true,"href":"https:\/\/www.usborkeychain.com\/it\/wp-json\/wp\/v2\/comments?post=2597"}],"wp:featuredmedia":[{"embeddable":true,"href":"https:\/\/www.usborkeychain.com\/it\/wp-json\/wp\/v2\/media\/2601"}],"wp:attachment":[{"href":"https:\/\/www.usborkeychain.com\/it\/wp-json\/wp\/v2\/media?parent=2597"}],"wp:term":[{"taxonomy":"product_brand","embeddable":true,"href":"https:\/\/www.usborkeychain.com\/it\/wp-json\/wp\/v2\/product_brand?post=2597"},{"taxonomy":"product_cat","embeddable":true,"href":"https:\/\/www.usborkeychain.com\/it\/wp-json\/wp\/v2\/product_cat?post=2597"},{"taxonomy":"product_tag","embeddable":true,"href":"https:\/\/www.usborkeychain.com\/it\/wp-json\/wp\/v2\/product_tag?post=2597"}],"curies":[{"name":"wp","href":"https:\/\/api.w.org\/{rel}","templated":true}]}}