{"id":2664,"date":"2025-06-22T14:08:18","date_gmt":"2025-06-22T14:08:18","guid":{"rendered":"https:\/\/www.usborkeychain.com\/?post_type=product&#038;p=2664"},"modified":"2025-07-27T10:04:27","modified_gmt":"2025-07-27T10:04:27","slug":"classic-wristband-usb-drive","status":"publish","type":"product","link":"https:\/\/www.usborkeychain.com\/it\/prodotto\/classic-wristband-usb-drive\/","title":{"rendered":"Unit\u00e0 flash USB con braccialetto in gomma classica"},"content":{"rendered":"<p>La chiavetta USB da polso \u00e8 un dispositivo di memorizzazione altamente creativo che integra in modo ingegnoso la funzione di una chiavetta USB con la forma di un braccialetto. \u00c8 uno stile di drive USB molto diffuso nel settore dei regali promozionali. Questa chiavetta USB non \u00e8 solo comoda da trasportare, ma anche molto pratica e gode di grande favore tra gli utenti.<\/p>\n\n\n\n<h2 class=\"wp-block-heading\">Perch\u00e9 l'unit\u00e0 USB con braccialetto classico \u00e8 la pi\u00f9 popolare?<\/h2>\n\n\n\n<p>Il suo design unico \u00e8 la chiave. L'interfaccia USB \u00e8 posizionata in modo intelligente a un'estremit\u00e0 del braccialetto, consentendo agli utenti di indossarlo facilmente al polso e di utilizzarlo rapidamente come unit\u00e0 USB quando necessario. Questo design, elegante e pratico, offre agli utenti una grande comodit\u00e0 sia nella vita quotidiana che negli scenari di lavoro.<\/p>\n\n\n\n<div class=\"wp-block-columns is-layout-flex wp-container-core-columns-is-layout-28f84493 wp-block-columns-is-layout-flex\">\n<div class=\"wp-block-column is-layout-flow wp-block-column-is-layout-flow\">\n<figure class=\"wp-block-image size-full\"><img alt=\"\" fetchpriority=\"high\" decoding=\"async\" width=\"800\" height=\"800\" src=\"https:\/\/www.usborkeychain.com\/wp-content\/uploads\/Silicone-Bracelet-Wrist-Band-pendrive-USB-2.0-USB-Flash-Drive-Memory-Stick.jpg\" class=\"wp-image-2675\" srcset=\"https:\/\/www.usborkeychain.com\/wp-content\/uploads\/Silicone-Bracelet-Wrist-Band-pendrive-USB-2.0-USB-Flash-Drive-Memory-Stick.jpg 800w, https:\/\/www.usborkeychain.com\/wp-content\/uploads\/Silicone-Bracelet-Wrist-Band-pendrive-USB-2.0-USB-Flash-Drive-Memory-Stick-300x300.jpg 300w, https:\/\/www.usborkeychain.com\/wp-content\/uploads\/Silicone-Bracelet-Wrist-Band-pendrive-USB-2.0-USB-Flash-Drive-Memory-Stick-150x150.jpg 150w, https:\/\/www.usborkeychain.com\/wp-content\/uploads\/Silicone-Bracelet-Wrist-Band-pendrive-USB-2.0-USB-Flash-Drive-Memory-Stick-768x768.jpg 768w, https:\/\/www.usborkeychain.com\/wp-content\/uploads\/Silicone-Bracelet-Wrist-Band-pendrive-USB-2.0-USB-Flash-Drive-Memory-Stick-12x12.jpg 12w, https:\/\/www.usborkeychain.com\/wp-content\/uploads\/Silicone-Bracelet-Wrist-Band-pendrive-USB-2.0-USB-Flash-Drive-Memory-Stick-600x600.jpg 600w, https:\/\/www.usborkeychain.com\/wp-content\/uploads\/Silicone-Bracelet-Wrist-Band-pendrive-USB-2.0-USB-Flash-Drive-Memory-Stick-100x100.jpg 100w\" sizes=\"(max-width: 800px) 100vw, 800px\" \/><\/figure>\n<\/div>\n\n\n\n<div class=\"wp-block-column is-layout-flow wp-block-column-is-layout-flow\">\n<figure class=\"wp-block-image size-full\"><img alt=\"\" decoding=\"async\" width=\"800\" height=\"800\" src=\"https:\/\/www.usborkeychain.com\/wp-content\/uploads\/Wristband-USB-Flash-Drive-size.jpg\" class=\"wp-image-2677\" srcset=\"https:\/\/www.usborkeychain.com\/wp-content\/uploads\/Wristband-USB-Flash-Drive-size.jpg 800w, https:\/\/www.usborkeychain.com\/wp-content\/uploads\/Wristband-USB-Flash-Drive-size-300x300.jpg 300w, https:\/\/www.usborkeychain.com\/wp-content\/uploads\/Wristband-USB-Flash-Drive-size-150x150.jpg 150w, https:\/\/www.usborkeychain.com\/wp-content\/uploads\/Wristband-USB-Flash-Drive-size-768x768.jpg 768w, https:\/\/www.usborkeychain.com\/wp-content\/uploads\/Wristband-USB-Flash-Drive-size-12x12.jpg 12w, https:\/\/www.usborkeychain.com\/wp-content\/uploads\/Wristband-USB-Flash-Drive-size-600x600.jpg 600w, https:\/\/www.usborkeychain.com\/wp-content\/uploads\/Wristband-USB-Flash-Drive-size-100x100.jpg 100w\" sizes=\"(max-width: 800px) 100vw, 800px\" \/><\/figure>\n<\/div>\n\n\n\n<div class=\"wp-block-column is-layout-flow wp-block-column-is-layout-flow\">\n<figure class=\"wp-block-image size-full\"><img alt=\"\" decoding=\"async\" width=\"800\" height=\"800\" src=\"https:\/\/www.usborkeychain.com\/wp-content\/uploads\/Wristband-USB-Flash-Drive-use.jpg\" class=\"wp-image-2678\" srcset=\"https:\/\/www.usborkeychain.com\/wp-content\/uploads\/Wristband-USB-Flash-Drive-use.jpg 800w, https:\/\/www.usborkeychain.com\/wp-content\/uploads\/Wristband-USB-Flash-Drive-use-300x300.jpg 300w, https:\/\/www.usborkeychain.com\/wp-content\/uploads\/Wristband-USB-Flash-Drive-use-150x150.jpg 150w, https:\/\/www.usborkeychain.com\/wp-content\/uploads\/Wristband-USB-Flash-Drive-use-768x768.jpg 768w, https:\/\/www.usborkeychain.com\/wp-content\/uploads\/Wristband-USB-Flash-Drive-use-12x12.jpg 12w, https:\/\/www.usborkeychain.com\/wp-content\/uploads\/Wristband-USB-Flash-Drive-use-600x600.jpg 600w, https:\/\/www.usborkeychain.com\/wp-content\/uploads\/Wristband-USB-Flash-Drive-use-100x100.jpg 100w\" sizes=\"(max-width: 800px) 100vw, 800px\" \/><\/figure>\n<\/div>\n<\/div>\n\n\n\n<h2 class=\"wp-block-heading\">Quali sono i materiali dell'unit\u00e0 USB da polso?<\/h2>\n\n\n\n<p>L'unit\u00e0 USB da polso \u00e8 comunemente composta da due materiali. Uno \u00e8 la gomma morbida in PVC, preferita da circa 90% dei clienti per il suo basso costo, la consistenza morbida e la buona durata. L'altro \u00e8 il silicone che, sebbene sia pi\u00f9 costoso, ha una migliore flessibilit\u00e0 e rispetto dell'ambiente, il che lo rende una buona scelta per i clienti con esigenze specifiche. Sia che i produttori producano in serie sia che i clienti personalizzino, possono scegliere i materiali pi\u00f9 adatti in base alle loro esigenze.<\/p>\n\n\n\n<div class=\"wp-block-columns is-layout-flex wp-container-core-columns-is-layout-28f84493 wp-block-columns-is-layout-flex\">\n<div class=\"wp-block-column is-layout-flow wp-block-column-is-layout-flow\">\n<figure class=\"wp-block-image size-full\"><img alt=\"\" loading=\"lazy\" decoding=\"async\" width=\"640\" height=\"640\" src=\"https:\/\/www.usborkeychain.com\/wp-content\/uploads\/yellow-wristband-flash-drive.jpg\" class=\"wp-image-2679\" srcset=\"https:\/\/www.usborkeychain.com\/wp-content\/uploads\/yellow-wristband-flash-drive.jpg 640w, https:\/\/www.usborkeychain.com\/wp-content\/uploads\/yellow-wristband-flash-drive-300x300.jpg 300w, https:\/\/www.usborkeychain.com\/wp-content\/uploads\/yellow-wristband-flash-drive-150x150.jpg 150w, https:\/\/www.usborkeychain.com\/wp-content\/uploads\/yellow-wristband-flash-drive-12x12.jpg 12w, https:\/\/www.usborkeychain.com\/wp-content\/uploads\/yellow-wristband-flash-drive-600x600.jpg 600w, https:\/\/www.usborkeychain.com\/wp-content\/uploads\/yellow-wristband-flash-drive-100x100.jpg 100w\" sizes=\"(max-width: 640px) 100vw, 640px\" \/><\/figure>\n<\/div>\n\n\n\n<div class=\"wp-block-column is-layout-flow wp-block-column-is-layout-flow\">\n<figure class=\"wp-block-image size-full\"><img alt=\"\" loading=\"lazy\" decoding=\"async\" width=\"640\" height=\"640\" src=\"https:\/\/www.usborkeychain.com\/wp-content\/uploads\/red-wristband-flash-drive.jpg\" class=\"wp-image-2674\" srcset=\"https:\/\/www.usborkeychain.com\/wp-content\/uploads\/red-wristband-flash-drive.jpg 640w, https:\/\/www.usborkeychain.com\/wp-content\/uploads\/red-wristband-flash-drive-300x300.jpg 300w, https:\/\/www.usborkeychain.com\/wp-content\/uploads\/red-wristband-flash-drive-150x150.jpg 150w, https:\/\/www.usborkeychain.com\/wp-content\/uploads\/red-wristband-flash-drive-12x12.jpg 12w, https:\/\/www.usborkeychain.com\/wp-content\/uploads\/red-wristband-flash-drive-600x600.jpg 600w, https:\/\/www.usborkeychain.com\/wp-content\/uploads\/red-wristband-flash-drive-100x100.jpg 100w\" sizes=\"(max-width: 640px) 100vw, 640px\" \/><\/figure>\n<\/div>\n\n\n\n<div class=\"wp-block-column is-layout-flow wp-block-column-is-layout-flow\">\n<figure class=\"wp-block-image size-full\"><img alt=\"\" loading=\"lazy\" decoding=\"async\" width=\"640\" height=\"640\" src=\"https:\/\/www.usborkeychain.com\/wp-content\/uploads\/purple-wristband-flash-drive.jpg\" class=\"wp-image-2673\" srcset=\"https:\/\/www.usborkeychain.com\/wp-content\/uploads\/purple-wristband-flash-drive.jpg 640w, https:\/\/www.usborkeychain.com\/wp-content\/uploads\/purple-wristband-flash-drive-300x300.jpg 300w, https:\/\/www.usborkeychain.com\/wp-content\/uploads\/purple-wristband-flash-drive-150x150.jpg 150w, https:\/\/www.usborkeychain.com\/wp-content\/uploads\/purple-wristband-flash-drive-12x12.jpg 12w, https:\/\/www.usborkeychain.com\/wp-content\/uploads\/purple-wristband-flash-drive-600x600.jpg 600w, https:\/\/www.usborkeychain.com\/wp-content\/uploads\/purple-wristband-flash-drive-100x100.jpg 100w\" sizes=\"(max-width: 640px) 100vw, 640px\" \/><\/figure>\n<\/div>\n\n\n\n<div class=\"wp-block-column is-layout-flow wp-block-column-is-layout-flow\">\n<figure class=\"wp-block-image size-full\"><img alt=\"\" loading=\"lazy\" decoding=\"async\" width=\"640\" height=\"640\" src=\"https:\/\/www.usborkeychain.com\/wp-content\/uploads\/blue-usb-drive-bracelet.jpg\" class=\"wp-image-2668\" srcset=\"https:\/\/www.usborkeychain.com\/wp-content\/uploads\/blue-usb-drive-bracelet.jpg 640w, https:\/\/www.usborkeychain.com\/wp-content\/uploads\/blue-usb-drive-bracelet-300x300.jpg 300w, https:\/\/www.usborkeychain.com\/wp-content\/uploads\/blue-usb-drive-bracelet-150x150.jpg 150w, https:\/\/www.usborkeychain.com\/wp-content\/uploads\/blue-usb-drive-bracelet-12x12.jpg 12w, https:\/\/www.usborkeychain.com\/wp-content\/uploads\/blue-usb-drive-bracelet-600x600.jpg 600w, https:\/\/www.usborkeychain.com\/wp-content\/uploads\/blue-usb-drive-bracelet-100x100.jpg 100w\" sizes=\"(max-width: 640px) 100vw, 640px\" \/><\/figure>\n<\/div>\n<\/div>\n\n\n\n<div class=\"wp-block-columns is-layout-flex wp-container-core-columns-is-layout-28f84493 wp-block-columns-is-layout-flex\">\n<div class=\"wp-block-column is-layout-flow wp-block-column-is-layout-flow\">\n<figure class=\"wp-block-image size-full\"><img alt=\"\" loading=\"lazy\" decoding=\"async\" width=\"640\" height=\"640\" src=\"https:\/\/www.usborkeychain.com\/wp-content\/uploads\/pink-wristband-flash-drive.jpg\" class=\"wp-image-2672\" srcset=\"https:\/\/www.usborkeychain.com\/wp-content\/uploads\/pink-wristband-flash-drive.jpg 640w, https:\/\/www.usborkeychain.com\/wp-content\/uploads\/pink-wristband-flash-drive-300x300.jpg 300w, https:\/\/www.usborkeychain.com\/wp-content\/uploads\/pink-wristband-flash-drive-150x150.jpg 150w, https:\/\/www.usborkeychain.com\/wp-content\/uploads\/pink-wristband-flash-drive-12x12.jpg 12w, https:\/\/www.usborkeychain.com\/wp-content\/uploads\/pink-wristband-flash-drive-600x600.jpg 600w, https:\/\/www.usborkeychain.com\/wp-content\/uploads\/pink-wristband-flash-drive-100x100.jpg 100w\" sizes=\"(max-width: 640px) 100vw, 640px\" \/><\/figure>\n<\/div>\n\n\n\n<div class=\"wp-block-column is-layout-flow wp-block-column-is-layout-flow\">\n<figure class=\"wp-block-image size-full\"><img alt=\"\" loading=\"lazy\" decoding=\"async\" width=\"640\" height=\"640\" src=\"https:\/\/www.usborkeychain.com\/wp-content\/uploads\/green-wristband-flash-drive.jpg\" class=\"wp-image-2671\" srcset=\"https:\/\/www.usborkeychain.com\/wp-content\/uploads\/green-wristband-flash-drive.jpg 640w, https:\/\/www.usborkeychain.com\/wp-content\/uploads\/green-wristband-flash-drive-300x300.jpg 300w, https:\/\/www.usborkeychain.com\/wp-content\/uploads\/green-wristband-flash-drive-150x150.jpg 150w, https:\/\/www.usborkeychain.com\/wp-content\/uploads\/green-wristband-flash-drive-12x12.jpg 12w, https:\/\/www.usborkeychain.com\/wp-content\/uploads\/green-wristband-flash-drive-600x600.jpg 600w, https:\/\/www.usborkeychain.com\/wp-content\/uploads\/green-wristband-flash-drive-100x100.jpg 100w\" sizes=\"(max-width: 640px) 100vw, 640px\" \/><\/figure>\n<\/div>\n\n\n\n<div class=\"wp-block-column is-layout-flow wp-block-column-is-layout-flow\">\n<figure class=\"wp-block-image size-full\"><img alt=\"\" loading=\"lazy\" decoding=\"async\" width=\"640\" height=\"640\" src=\"https:\/\/www.usborkeychain.com\/wp-content\/uploads\/dark-blue-wristband-flash-drive.jpg\" class=\"wp-image-2670\" srcset=\"https:\/\/www.usborkeychain.com\/wp-content\/uploads\/dark-blue-wristband-flash-drive.jpg 640w, https:\/\/www.usborkeychain.com\/wp-content\/uploads\/dark-blue-wristband-flash-drive-300x300.jpg 300w, https:\/\/www.usborkeychain.com\/wp-content\/uploads\/dark-blue-wristband-flash-drive-150x150.jpg 150w, https:\/\/www.usborkeychain.com\/wp-content\/uploads\/dark-blue-wristband-flash-drive-12x12.jpg 12w, https:\/\/www.usborkeychain.com\/wp-content\/uploads\/dark-blue-wristband-flash-drive-600x600.jpg 600w, https:\/\/www.usborkeychain.com\/wp-content\/uploads\/dark-blue-wristband-flash-drive-100x100.jpg 100w\" sizes=\"(max-width: 640px) 100vw, 640px\" \/><\/figure>\n<\/div>\n\n\n\n<div class=\"wp-block-column is-layout-flow wp-block-column-is-layout-flow\">\n<figure class=\"wp-block-image size-full\"><img alt=\"\" loading=\"lazy\" decoding=\"async\" width=\"640\" height=\"640\" src=\"https:\/\/www.usborkeychain.com\/wp-content\/uploads\/black-usb-wristband.jpg\" class=\"wp-image-2667\" srcset=\"https:\/\/www.usborkeychain.com\/wp-content\/uploads\/black-usb-wristband.jpg 640w, https:\/\/www.usborkeychain.com\/wp-content\/uploads\/black-usb-wristband-300x300.jpg 300w, https:\/\/www.usborkeychain.com\/wp-content\/uploads\/black-usb-wristband-150x150.jpg 150w, https:\/\/www.usborkeychain.com\/wp-content\/uploads\/black-usb-wristband-12x12.jpg 12w, https:\/\/www.usborkeychain.com\/wp-content\/uploads\/black-usb-wristband-600x600.jpg 600w, https:\/\/www.usborkeychain.com\/wp-content\/uploads\/black-usb-wristband-100x100.jpg 100w\" sizes=\"(max-width: 640px) 100vw, 640px\" \/><\/figure>\n<\/div>\n<\/div>\n\n\n\n<h2 class=\"wp-block-heading\">Parametri dell'unit\u00e0 USB da polso:<\/h2>\n\n\n\n<figure class=\"wp-block-table\"><table class=\"has-fixed-layout\"><thead><tr><th>Parametro<\/th><th>Dettagli<\/th><\/tr><\/thead><tbody><tr><td>Capacit\u00e0 di stoccaggio<\/td><td>I modelli pi\u00f9 comuni sono 4GB, 8GB, 16GB, 32GB, ecc. e possono essere personalizzati in base alle esigenze del cliente.<\/td><\/tr><tr><td>Velocit\u00e0 di trasferimento dati<\/td><td>La velocit\u00e0 di lettura generale dell'interfaccia USB2.0 \u00e8 di 15MB\/s; la velocit\u00e0 di lettura dell'interfaccia USB3.0 pu\u00f2 raggiungere i 400MB\/s.<\/td><\/tr><tr><td>Dimensione<\/td><td>La lunghezza del braccialetto \u00e8 generalmente compresa tra 20 e 25 cm, la larghezza \u00e8 di 2 e 3 cm, mentre la parte del drive USB \u00e8 lunga 3 e 5 cm e larga 1 e 2 cm.<\/td><\/tr><tr><td>Peso<\/td><td>Circa 15 - 25 g (a seconda della capacit\u00e0 e del materiale).<\/td><\/tr><\/tbody><\/table><\/figure>\n\n\n\n<h2 class=\"wp-block-heading\">L'unit\u00e0 USB da polso pu\u00f2 essere personalizzata con un logo?<\/h2>\n\n\n\n<p>La risposta \u00e8 s\u00ec. Per quanto riguarda la personalizzazione della chiavetta USB da polso, le opzioni sono molteplici. \u00c8 possibile scegliere di stampare a colori il logo e i motivi sull'intero braccialetto per creare un aspetto altamente personalizzato. Se si desidera mantenere il braccialetto semplice, \u00e8 possibile stampare il logo solo sulla posizione dell'interfaccia del braccialetto, in modo da non dare nell'occhio ma riflettere le caratteristiche del marchio. Che si tratti di fabbriche che personalizzano in grandi quantit\u00e0 o di privati che personalizzano in piccole quantit\u00e0, le esigenze possono essere soddisfatte.<\/p>\n\n\n\n<p>In conclusione, la classica unit\u00e0 USB da polso, con il suo design unico, le diverse scelte di materiali, le opzioni di personalizzazione flessibili e le configurazioni pratiche dei parametri, \u00e8 diventata un prodotto altamente competitivo nel mercato delle unit\u00e0 USB ed \u00e8 una buona scelta sia per la vendita all'ingrosso che per la personalizzazione.<\/p>","protected":false},"excerpt":{"rendered":"<ul>\n<li>Materiale PVC<\/li>\n<li>Polsino<\/li>\n<li>Pi\u00f9 di 20 colori<\/li>\n<li>Lunghezza 206 mm<\/li>\n<li>Pu\u00f2 essere il logo del cuctom sul wirstband<\/li>\n<\/ul>","protected":false},"featured_media":2675,"comment_status":"open","ping_status":"closed","template":"","meta":{"_seopress_robots_primary_cat":"","_seopress_titles_title":"","_seopress_titles_desc":"","_seopress_robots_index":"","site-sidebar-layout":"default","site-content-layout":"","ast-site-content-layout":"","site-content-style":"default","site-sidebar-style":"default","ast-global-header-display":"","ast-banner-title-visibility":"","ast-main-header-display":"","ast-hfb-above-header-display":"","ast-hfb-below-header-display":"","ast-hfb-mobile-header-display":"","site-post-title":"","ast-breadcrumbs-content":"","ast-featured-img":"","footer-sml-layout":"","theme-transparent-header-meta":"","adv-header-id-meta":"","stick-header-meta":"","header-above-stick-meta":"","header-main-stick-meta":"","header-below-stick-meta":"","astra-migrate-meta-layouts":"default","ast-page-background-enabled":"default","ast-page-background-meta":{"desktop":{"background-color":"var(--ast-global-color-5)","background-image":"","background-repeat":"repeat","background-position":"center center","background-size":"auto","background-attachment":"scroll","background-type":"","background-media":"","overlay-type":"","overlay-color":"","overlay-opacity":"","overlay-gradient":""},"tablet":{"background-color":"","background-image":"","background-repeat":"repeat","background-position":"center center","background-size":"auto","background-attachment":"scroll","background-type":"","background-media":"","overlay-type":"","overlay-color":"","overlay-opacity":"","overlay-gradient":""},"mobile":{"background-color":"","background-image":"","background-repeat":"repeat","background-position":"center center","background-size":"auto","background-attachment":"scroll","background-type":"","background-media":"","overlay-type":"","overlay-color":"","overlay-opacity":"","overlay-gradient":""}},"ast-content-background-meta":{"desktop":{"background-color":"var(--ast-global-color-4)","background-image":"","background-repeat":"repeat","background-position":"center center","background-size":"auto","background-attachment":"scroll","background-type":"","background-media":"","overlay-type":"","overlay-color":"","overlay-opacity":"","overlay-gradient":""},"tablet":{"background-color":"var(--ast-global-color-4)","background-image":"","background-repeat":"repeat","background-position":"center center","background-size":"auto","background-attachment":"scroll","background-type":"","background-media":"","overlay-type":"","overlay-color":"","overlay-opacity":"","overlay-gradient":""},"mobile":{"background-color":"var(--ast-global-color-4)","background-image":"","background-repeat":"repeat","background-position":"center center","background-size":"auto","background-attachment":"scroll","background-type":"","background-media":"","overlay-type":"","overlay-color":"","overlay-opacity":"","overlay-gradient":""}}},"product_brand":[],"product_cat":[97],"product_tag":[173],"class_list":{"0":"post-2664","1":"product","2":"type-product","3":"status-publish","4":"has-post-thumbnail","6":"product_cat-wristband-usb-drives","7":"product_tag-silicone-usb-flash-drive","8":"desktop-align-left","9":"tablet-align-left","10":"mobile-align-left","12":"first","13":"instock","14":"shipping-taxable","15":"product-type-simple"},"_links":{"self":[{"href":"https:\/\/www.usborkeychain.com\/it\/wp-json\/wp\/v2\/product\/2664","targetHints":{"allow":["GET"]}}],"collection":[{"href":"https:\/\/www.usborkeychain.com\/it\/wp-json\/wp\/v2\/product"}],"about":[{"href":"https:\/\/www.usborkeychain.com\/it\/wp-json\/wp\/v2\/types\/product"}],"replies":[{"embeddable":true,"href":"https:\/\/www.usborkeychain.com\/it\/wp-json\/wp\/v2\/comments?post=2664"}],"wp:featuredmedia":[{"embeddable":true,"href":"https:\/\/www.usborkeychain.com\/it\/wp-json\/wp\/v2\/media\/2675"}],"wp:attachment":[{"href":"https:\/\/www.usborkeychain.com\/it\/wp-json\/wp\/v2\/media?parent=2664"}],"wp:term":[{"taxonomy":"product_brand","embeddable":true,"href":"https:\/\/www.usborkeychain.com\/it\/wp-json\/wp\/v2\/product_brand?post=2664"},{"taxonomy":"product_cat","embeddable":true,"href":"https:\/\/www.usborkeychain.com\/it\/wp-json\/wp\/v2\/product_cat?post=2664"},{"taxonomy":"product_tag","embeddable":true,"href":"https:\/\/www.usborkeychain.com\/it\/wp-json\/wp\/v2\/product_tag?post=2664"}],"curies":[{"name":"wp","href":"https:\/\/api.w.org\/{rel}","templated":true}]}}