{"id":2692,"date":"2025-06-23T02:58:01","date_gmt":"2025-06-23T02:58:01","guid":{"rendered":"https:\/\/www.usborkeychain.com\/?post_type=product&#038;p=2692"},"modified":"2025-06-23T03:04:03","modified_gmt":"2025-06-23T03:04:03","slug":"swarovski-crystal-flash-drive","status":"publish","type":"product","link":"https:\/\/www.usborkeychain.com\/it\/prodotto\/swarovski-crystal-flash-drive\/","title":{"rendered":"Unit\u00e0 flash in cristallo Swarovski colorato"},"content":{"rendered":"<h2 class=\"wp-block-heading\">Introduzione all'unit\u00e0 USB in cristallo classico Swarovski<\/h2>\n\n\n\n<div class=\"wp-block-columns is-layout-flex wp-container-core-columns-is-layout-28f84493 wp-block-columns-is-layout-flex\">\n<div class=\"wp-block-column is-layout-flow wp-block-column-is-layout-flow\">\n<figure class=\"wp-block-image size-full\"><img alt=\"\" fetchpriority=\"high\" decoding=\"async\" width=\"696\" height=\"696\" src=\"https:\/\/www.usborkeychain.com\/wp-content\/uploads\/O1CN01r5ofeI2DMZ93FvEIH_984728595-0-cib.jpg_.webp.jpg\" class=\"wp-image-2700\" srcset=\"https:\/\/www.usborkeychain.com\/wp-content\/uploads\/O1CN01r5ofeI2DMZ93FvEIH_984728595-0-cib.jpg_.webp.jpg 696w, https:\/\/www.usborkeychain.com\/wp-content\/uploads\/O1CN01r5ofeI2DMZ93FvEIH_984728595-0-cib.jpg_.webp-300x300.jpg 300w, https:\/\/www.usborkeychain.com\/wp-content\/uploads\/O1CN01r5ofeI2DMZ93FvEIH_984728595-0-cib.jpg_.webp-150x150.jpg 150w, https:\/\/www.usborkeychain.com\/wp-content\/uploads\/O1CN01r5ofeI2DMZ93FvEIH_984728595-0-cib.jpg_.webp-12x12.jpg 12w, https:\/\/www.usborkeychain.com\/wp-content\/uploads\/O1CN01r5ofeI2DMZ93FvEIH_984728595-0-cib.jpg_.webp-600x600.jpg 600w, https:\/\/www.usborkeychain.com\/wp-content\/uploads\/O1CN01r5ofeI2DMZ93FvEIH_984728595-0-cib.jpg_.webp-100x100.jpg 100w\" sizes=\"(max-width: 696px) 100vw, 696px\" \/><\/figure>\n<\/div>\n\n\n\n<div class=\"wp-block-column is-vertically-aligned-center is-layout-flow wp-block-column-is-layout-flow\">\n<p>La classica chiavetta USB in cristallo Swarovski, meticolosamente realizzata dal produttore, \u00e8 un modello altamente rappresentativo della serie di chiavette USB in cristallo. Grazie al suo design unico e all'alta qualit\u00e0, \u00e8 diventata una delle chiavette USB pi\u00f9 apprezzate nel settore dei regali promozionali. <\/p>\n\n\n\n<p>Combina perfettamente la brillantezza dei cristalli Swarovski con la pratica funzione di una chiavetta USB, dimostrando un gusto e un valore di alta gamma e alla moda, sia per uso personale che come regalo.<\/p>\n<\/div>\n<\/div>\n\n\n\n<p><\/p>\n\n\n\n<h2 class=\"wp-block-heading\">Qual \u00e8 il materiale dell'unit\u00e0 USB in cristallo Swarovski?<\/h2>\n\n\n\n<p>Il guscio di questa chiavetta USB \u00e8 realizzato in materiale acrilico trasparente di alta qualit\u00e0, il cui processo di produzione \u00e8 rigorosamente controllato dalla fabbrica per garantire la trasparenza e la durata del materiale. All'interno \u00e8 riempita di cristalli Swarovski di vari colori, accuratamente selezionati per la loro brillantezza e l'eccellente consistenza. L'interfaccia \u00e8 in metallo lucido. Le ricche opzioni di colore possono soddisfare le esigenze di diversi clienti, sia per la personalizzazione di regali promozionali aziendali che per uso personale, consentendo agli utenti di trovare le combinazioni di colori pi\u00f9 adatte.<\/p>\n\n\n\n<div class=\"wp-block-columns is-layout-flex wp-container-core-columns-is-layout-28f84493 wp-block-columns-is-layout-flex\">\n<div class=\"wp-block-column is-layout-flow wp-block-column-is-layout-flow\">\n<figure class=\"wp-block-image size-full\"><img alt=\"\" decoding=\"async\" width=\"800\" height=\"800\" src=\"https:\/\/www.usborkeychain.com\/wp-content\/uploads\/swarovski-flash-disk.jpg\" class=\"wp-image-2706\" srcset=\"https:\/\/www.usborkeychain.com\/wp-content\/uploads\/swarovski-flash-disk.jpg 800w, https:\/\/www.usborkeychain.com\/wp-content\/uploads\/swarovski-flash-disk-300x300.jpg 300w, https:\/\/www.usborkeychain.com\/wp-content\/uploads\/swarovski-flash-disk-150x150.jpg 150w, https:\/\/www.usborkeychain.com\/wp-content\/uploads\/swarovski-flash-disk-768x768.jpg 768w, https:\/\/www.usborkeychain.com\/wp-content\/uploads\/swarovski-flash-disk-12x12.jpg 12w, https:\/\/www.usborkeychain.com\/wp-content\/uploads\/swarovski-flash-disk-600x600.jpg 600w, https:\/\/www.usborkeychain.com\/wp-content\/uploads\/swarovski-flash-disk-100x100.jpg 100w\" sizes=\"(max-width: 800px) 100vw, 800px\" \/><\/figure>\n<\/div>\n\n\n\n<div class=\"wp-block-column is-layout-flow wp-block-column-is-layout-flow\">\n<figure class=\"wp-block-image size-full\"><img alt=\"\" decoding=\"async\" width=\"1000\" height=\"1000\" src=\"https:\/\/www.usborkeychain.com\/wp-content\/uploads\/colorful-swarovski-crystal-flip-usb-pendrive.jpg\" class=\"wp-image-2696\" srcset=\"https:\/\/www.usborkeychain.com\/wp-content\/uploads\/colorful-swarovski-crystal-flip-usb-pendrive.jpg 1000w, https:\/\/www.usborkeychain.com\/wp-content\/uploads\/colorful-swarovski-crystal-flip-usb-pendrive-300x300.jpg 300w, https:\/\/www.usborkeychain.com\/wp-content\/uploads\/colorful-swarovski-crystal-flip-usb-pendrive-150x150.jpg 150w, https:\/\/www.usborkeychain.com\/wp-content\/uploads\/colorful-swarovski-crystal-flip-usb-pendrive-768x768.jpg 768w, https:\/\/www.usborkeychain.com\/wp-content\/uploads\/colorful-swarovski-crystal-flip-usb-pendrive-12x12.jpg 12w, https:\/\/www.usborkeychain.com\/wp-content\/uploads\/colorful-swarovski-crystal-flip-usb-pendrive-600x600.jpg 600w, https:\/\/www.usborkeychain.com\/wp-content\/uploads\/colorful-swarovski-crystal-flip-usb-pendrive-100x100.jpg 100w\" sizes=\"(max-width: 1000px) 100vw, 1000px\" \/><\/figure>\n<\/div>\n\n\n\n<div class=\"wp-block-column is-layout-flow wp-block-column-is-layout-flow\">\n<figure class=\"wp-block-image size-full\"><img alt=\"\" loading=\"lazy\" decoding=\"async\" width=\"1000\" height=\"1000\" src=\"https:\/\/www.usborkeychain.com\/wp-content\/uploads\/High-Speed-Crystal-Glass-U-Disk.jpg\" class=\"wp-image-2698\" srcset=\"https:\/\/www.usborkeychain.com\/wp-content\/uploads\/High-Speed-Crystal-Glass-U-Disk.jpg 1000w, https:\/\/www.usborkeychain.com\/wp-content\/uploads\/High-Speed-Crystal-Glass-U-Disk-300x300.jpg 300w, https:\/\/www.usborkeychain.com\/wp-content\/uploads\/High-Speed-Crystal-Glass-U-Disk-150x150.jpg 150w, https:\/\/www.usborkeychain.com\/wp-content\/uploads\/High-Speed-Crystal-Glass-U-Disk-768x768.jpg 768w, https:\/\/www.usborkeychain.com\/wp-content\/uploads\/High-Speed-Crystal-Glass-U-Disk-12x12.jpg 12w, https:\/\/www.usborkeychain.com\/wp-content\/uploads\/High-Speed-Crystal-Glass-U-Disk-600x600.jpg 600w, https:\/\/www.usborkeychain.com\/wp-content\/uploads\/High-Speed-Crystal-Glass-U-Disk-100x100.jpg 100w\" sizes=\"(max-width: 1000px) 100vw, 1000px\" \/><\/figure>\n<\/div>\n<\/div>\n\n\n\n<h2 class=\"wp-block-heading\">Quali sono i parametri dell'unit\u00e0 USB in cristallo Swarovski?<\/h2>\n\n\n\n<p>Di seguito sono riportati i parametri dettagliati dell'unit\u00e0 USB in cristallo Swarovski. Essendo un prodotto lanciato dal produttore, il design dei suoi parametri considera pienamente sia la praticit\u00e0 che l'estetica:<\/p>\n\n\n\n<figure class=\"wp-block-table\"><table class=\"has-fixed-layout\"><thead><tr><th>Categoria di parametri<\/th><th>Parametri<\/th><\/tr><\/thead><tbody><tr><td>Capacit\u00e0 di stoccaggio<\/td><td>8GB, 16GB, 32GB, 64GB (capacit\u00e0 maggiori possono essere personalizzate in base alle esigenze del cliente)<\/td><\/tr><tr><td>Tipo di interfaccia<\/td><td>USB 2.0\/USB 3.0 (opzionale)<\/td><\/tr><tr><td>Velocit\u00e0 di trasferimento<\/td><td>USB 2.0: Velocit\u00e0 di lettura circa 25MB\/s, velocit\u00e0 di scrittura circa 15MB\/s; USB 3.0: Velocit\u00e0 di lettura circa 450MB\/s<\/td><\/tr><tr><td>Materiale<\/td><td>Guscio: materiale acrilico trasparente; interno: intarsiato con cristalli Swarovski<\/td><\/tr><tr><td>Dimensioni<\/td><td>6,8 x 1,6 x 1 cm<\/td><\/tr><tr><td>Temperatura di esercizio<\/td><td>0\u2103 - 60\u2103<\/td><\/tr><tr><td>Temperatura di stoccaggio<\/td><td>-20\u2103 - 85\u2103<\/td><\/tr><tr><td>Peso<\/td><td>Circa 15 g<\/td><\/tr><\/tbody><\/table><\/figure>\n\n\n\n<h2 class=\"wp-block-heading\">Come creare un set con l'unit\u00e0 USB in cristallo Swarovski?<\/h2>\n\n\n\n<p>Il produttore offre un set di unit\u00e0 USB in cristallo Swarovski, che combina l'unit\u00e0 USB in cristallo con una penna USB in cristallo. Questa combinazione \u00e8 diventata una scelta popolare per eventi come matrimoni, sfilate di moda e mostre di gioielli. Il set ha un design squisito, che mette in mostra una qualit\u00e0 di alto livello e uno stile unico, sia che venga utilizzato come regalo per il ritorno degli ospiti ai matrimoni, sia come regalo promozionale per eventi di moda e mostre di gioielli. La fabbrica pu\u00f2 fornire un design di imballaggio personalizzato per il set in base alle richieste del cliente, migliorando ulteriormente il fascino del prodotto.<\/p>\n\n\n\n<div class=\"wp-block-columns is-layout-flex wp-container-core-columns-is-layout-28f84493 wp-block-columns-is-layout-flex\">\n<div class=\"wp-block-column is-layout-flow wp-block-column-is-layout-flow\">\n<figure class=\"wp-block-image size-full\"><img alt=\"\" loading=\"lazy\" decoding=\"async\" width=\"800\" height=\"800\" src=\"https:\/\/www.usborkeychain.com\/wp-content\/uploads\/purple-swarovski-crystal-flip-usb-pendrive.jpg\" class=\"wp-image-2703\" srcset=\"https:\/\/www.usborkeychain.com\/wp-content\/uploads\/purple-swarovski-crystal-flip-usb-pendrive.jpg 800w, https:\/\/www.usborkeychain.com\/wp-content\/uploads\/purple-swarovski-crystal-flip-usb-pendrive-300x300.jpg 300w, https:\/\/www.usborkeychain.com\/wp-content\/uploads\/purple-swarovski-crystal-flip-usb-pendrive-150x150.jpg 150w, https:\/\/www.usborkeychain.com\/wp-content\/uploads\/purple-swarovski-crystal-flip-usb-pendrive-768x768.jpg 768w, https:\/\/www.usborkeychain.com\/wp-content\/uploads\/purple-swarovski-crystal-flip-usb-pendrive-12x12.jpg 12w, https:\/\/www.usborkeychain.com\/wp-content\/uploads\/purple-swarovski-crystal-flip-usb-pendrive-600x600.jpg 600w, https:\/\/www.usborkeychain.com\/wp-content\/uploads\/purple-swarovski-crystal-flip-usb-pendrive-100x100.jpg 100w\" sizes=\"(max-width: 800px) 100vw, 800px\" \/><\/figure>\n<\/div>\n\n\n\n<div class=\"wp-block-column is-layout-flow wp-block-column-is-layout-flow\">\n<figure class=\"wp-block-image size-full\"><img alt=\"\" loading=\"lazy\" decoding=\"async\" width=\"800\" height=\"800\" src=\"https:\/\/www.usborkeychain.com\/wp-content\/uploads\/swhtiewarovski-crystal-flip-usb-pendrive.jpg\" class=\"wp-image-2707\" srcset=\"https:\/\/www.usborkeychain.com\/wp-content\/uploads\/swhtiewarovski-crystal-flip-usb-pendrive.jpg 800w, https:\/\/www.usborkeychain.com\/wp-content\/uploads\/swhtiewarovski-crystal-flip-usb-pendrive-300x300.jpg 300w, https:\/\/www.usborkeychain.com\/wp-content\/uploads\/swhtiewarovski-crystal-flip-usb-pendrive-150x150.jpg 150w, https:\/\/www.usborkeychain.com\/wp-content\/uploads\/swhtiewarovski-crystal-flip-usb-pendrive-768x768.jpg 768w, https:\/\/www.usborkeychain.com\/wp-content\/uploads\/swhtiewarovski-crystal-flip-usb-pendrive-12x12.jpg 12w, https:\/\/www.usborkeychain.com\/wp-content\/uploads\/swhtiewarovski-crystal-flip-usb-pendrive-600x600.jpg 600w, https:\/\/www.usborkeychain.com\/wp-content\/uploads\/swhtiewarovski-crystal-flip-usb-pendrive-100x100.jpg 100w\" sizes=\"(max-width: 800px) 100vw, 800px\" \/><\/figure>\n<\/div>\n\n\n\n<div class=\"wp-block-column is-layout-flow wp-block-column-is-layout-flow\">\n<figure class=\"wp-block-image size-full\"><img alt=\"\" loading=\"lazy\" decoding=\"async\" width=\"800\" height=\"800\" src=\"https:\/\/www.usborkeychain.com\/wp-content\/uploads\/pink-swarovski-crystal-flip-usb-pendrive.jpg\" class=\"wp-image-2702\" srcset=\"https:\/\/www.usborkeychain.com\/wp-content\/uploads\/pink-swarovski-crystal-flip-usb-pendrive.jpg 800w, https:\/\/www.usborkeychain.com\/wp-content\/uploads\/pink-swarovski-crystal-flip-usb-pendrive-300x300.jpg 300w, https:\/\/www.usborkeychain.com\/wp-content\/uploads\/pink-swarovski-crystal-flip-usb-pendrive-150x150.jpg 150w, https:\/\/www.usborkeychain.com\/wp-content\/uploads\/pink-swarovski-crystal-flip-usb-pendrive-768x768.jpg 768w, https:\/\/www.usborkeychain.com\/wp-content\/uploads\/pink-swarovski-crystal-flip-usb-pendrive-12x12.jpg 12w, https:\/\/www.usborkeychain.com\/wp-content\/uploads\/pink-swarovski-crystal-flip-usb-pendrive-600x600.jpg 600w, https:\/\/www.usborkeychain.com\/wp-content\/uploads\/pink-swarovski-crystal-flip-usb-pendrive-100x100.jpg 100w\" sizes=\"(max-width: 800px) 100vw, 800px\" \/><\/figure>\n<\/div>\n<\/div>\n\n\n\n<div class=\"wp-block-columns is-layout-flex wp-container-core-columns-is-layout-28f84493 wp-block-columns-is-layout-flex\">\n<div class=\"wp-block-column is-layout-flow wp-block-column-is-layout-flow\">\n<figure class=\"wp-block-image size-full\"><img alt=\"\" loading=\"lazy\" decoding=\"async\" width=\"800\" height=\"800\" src=\"https:\/\/www.usborkeychain.com\/wp-content\/uploads\/orange-swarovski-flash-drive.jpg\" class=\"wp-image-2701\" srcset=\"https:\/\/www.usborkeychain.com\/wp-content\/uploads\/orange-swarovski-flash-drive.jpg 800w, https:\/\/www.usborkeychain.com\/wp-content\/uploads\/orange-swarovski-flash-drive-300x300.jpg 300w, https:\/\/www.usborkeychain.com\/wp-content\/uploads\/orange-swarovski-flash-drive-150x150.jpg 150w, https:\/\/www.usborkeychain.com\/wp-content\/uploads\/orange-swarovski-flash-drive-768x768.jpg 768w, https:\/\/www.usborkeychain.com\/wp-content\/uploads\/orange-swarovski-flash-drive-12x12.jpg 12w, https:\/\/www.usborkeychain.com\/wp-content\/uploads\/orange-swarovski-flash-drive-600x600.jpg 600w, https:\/\/www.usborkeychain.com\/wp-content\/uploads\/orange-swarovski-flash-drive-100x100.jpg 100w\" sizes=\"(max-width: 800px) 100vw, 800px\" \/><\/figure>\n<\/div>\n\n\n\n<div class=\"wp-block-column is-layout-flow wp-block-column-is-layout-flow\">\n<figure class=\"wp-block-image size-full\"><img alt=\"\" loading=\"lazy\" decoding=\"async\" width=\"800\" height=\"800\" src=\"https:\/\/www.usborkeychain.com\/wp-content\/uploads\/light-blue-swarovski-crystal-flip-usb-pendrive.jpg\" class=\"wp-image-2699\" srcset=\"https:\/\/www.usborkeychain.com\/wp-content\/uploads\/light-blue-swarovski-crystal-flip-usb-pendrive.jpg 800w, https:\/\/www.usborkeychain.com\/wp-content\/uploads\/light-blue-swarovski-crystal-flip-usb-pendrive-300x300.jpg 300w, https:\/\/www.usborkeychain.com\/wp-content\/uploads\/light-blue-swarovski-crystal-flip-usb-pendrive-150x150.jpg 150w, https:\/\/www.usborkeychain.com\/wp-content\/uploads\/light-blue-swarovski-crystal-flip-usb-pendrive-768x768.jpg 768w, https:\/\/www.usborkeychain.com\/wp-content\/uploads\/light-blue-swarovski-crystal-flip-usb-pendrive-12x12.jpg 12w, https:\/\/www.usborkeychain.com\/wp-content\/uploads\/light-blue-swarovski-crystal-flip-usb-pendrive-600x600.jpg 600w, https:\/\/www.usborkeychain.com\/wp-content\/uploads\/light-blue-swarovski-crystal-flip-usb-pendrive-100x100.jpg 100w\" sizes=\"(max-width: 800px) 100vw, 800px\" \/><\/figure>\n<\/div>\n\n\n\n<div class=\"wp-block-column is-layout-flow wp-block-column-is-layout-flow\">\n<figure class=\"wp-block-image size-full\"><img alt=\"\" loading=\"lazy\" decoding=\"async\" width=\"800\" height=\"800\" src=\"https:\/\/www.usborkeychain.com\/wp-content\/uploads\/green-swarovski-crystal-flip-usb-pendrive.jpg\" class=\"wp-image-2697\" srcset=\"https:\/\/www.usborkeychain.com\/wp-content\/uploads\/green-swarovski-crystal-flip-usb-pendrive.jpg 800w, https:\/\/www.usborkeychain.com\/wp-content\/uploads\/green-swarovski-crystal-flip-usb-pendrive-300x300.jpg 300w, https:\/\/www.usborkeychain.com\/wp-content\/uploads\/green-swarovski-crystal-flip-usb-pendrive-150x150.jpg 150w, https:\/\/www.usborkeychain.com\/wp-content\/uploads\/green-swarovski-crystal-flip-usb-pendrive-768x768.jpg 768w, https:\/\/www.usborkeychain.com\/wp-content\/uploads\/green-swarovski-crystal-flip-usb-pendrive-12x12.jpg 12w, https:\/\/www.usborkeychain.com\/wp-content\/uploads\/green-swarovski-crystal-flip-usb-pendrive-600x600.jpg 600w, https:\/\/www.usborkeychain.com\/wp-content\/uploads\/green-swarovski-crystal-flip-usb-pendrive-100x100.jpg 100w\" sizes=\"(max-width: 800px) 100vw, 800px\" \/><\/figure>\n<\/div>\n<\/div>\n\n\n\n<h2 class=\"wp-block-heading\">La chiavetta USB in cristallo Swarovski pu\u00f2 essere personalizzata con un logo?<\/h2>\n\n\n\n<p>Per i clienti con esigenze di personalizzazione, il produttore offre servizi di personalizzazione professionali che consentono l'incisione laser di loghi e motivi sulle parti metalliche. Questo metodo di personalizzazione non solo mette in risalto l'immagine del marchio aziendale, ma rende la chiavetta USB un supporto promozionale unico. Utilizzata dalle aziende per i regali aziendali o come souvenir di eventi, la chiavetta USB in cristallo Swarovski con logo personalizzato pu\u00f2 lasciare un'impressione profonda. Nel frattempo, il produttore supporta anche gli acquisti all'ingrosso, soddisfacendo le esigenze di massa di diversi clienti e fornendo loro soluzioni pi\u00f9 convenienti.<\/p>\n\n\n\n<p>La classica chiavetta USB in cristallo Swarovski, con i suoi materiali di alta qualit\u00e0, il design raffinato, le ricche opzioni di personalizzazione e i servizi professionali del produttore, \u00e8 diventata la scelta ideale per i clienti B2B in regali promozionali, set per eventi, ecc. Che si tratti di acquisti all'ingrosso o di esigenze di personalizzazione, il produttore e la fabbrica sono in grado di fornire un solido supporto per aiutare i clienti a svolgere diverse attivit\u00e0 commerciali.<\/p>","protected":false},"excerpt":{"rendered":"<ul>\n<li>Swarovski alla moda e di tendenza<\/li>\n<li>Design unico<\/li>\n<li>Ideale per i regali<\/li>\n<li>Uso promozionale<\/li>\n<li>Pu\u00f2 personalizzare il logo<\/li>\n<\/ul>","protected":false},"featured_media":2704,"comment_status":"open","ping_status":"closed","template":"","meta":{"_seopress_robots_primary_cat":"","_seopress_titles_title":"","_seopress_titles_desc":"","_seopress_robots_index":"","site-sidebar-layout":"default","site-content-layout":"","ast-site-content-layout":"","site-content-style":"default","site-sidebar-style":"default","ast-global-header-display":"","ast-banner-title-visibility":"","ast-main-header-display":"","ast-hfb-above-header-display":"","ast-hfb-below-header-display":"","ast-hfb-mobile-header-display":"","site-post-title":"","ast-breadcrumbs-content":"","ast-featured-img":"","footer-sml-layout":"","theme-transparent-header-meta":"","adv-header-id-meta":"","stick-header-meta":"","header-above-stick-meta":"","header-main-stick-meta":"","header-below-stick-meta":"","astra-migrate-meta-layouts":"default","ast-page-background-enabled":"default","ast-page-background-meta":{"desktop":{"background-color":"var(--ast-global-color-5)","background-image":"","background-repeat":"repeat","background-position":"center center","background-size":"auto","background-attachment":"scroll","background-type":"","background-media":"","overlay-type":"","overlay-color":"","overlay-opacity":"","overlay-gradient":""},"tablet":{"background-color":"","background-image":"","background-repeat":"repeat","background-position":"center center","background-size":"auto","background-attachment":"scroll","background-type":"","background-media":"","overlay-type":"","overlay-color":"","overlay-opacity":"","overlay-gradient":""},"mobile":{"background-color":"","background-image":"","background-repeat":"repeat","background-position":"center center","background-size":"auto","background-attachment":"scroll","background-type":"","background-media":"","overlay-type":"","overlay-color":"","overlay-opacity":"","overlay-gradient":""}},"ast-content-background-meta":{"desktop":{"background-color":"var(--ast-global-color-4)","background-image":"","background-repeat":"repeat","background-position":"center center","background-size":"auto","background-attachment":"scroll","background-type":"","background-media":"","overlay-type":"","overlay-color":"","overlay-opacity":"","overlay-gradient":""},"tablet":{"background-color":"var(--ast-global-color-4)","background-image":"","background-repeat":"repeat","background-position":"center center","background-size":"auto","background-attachment":"scroll","background-type":"","background-media":"","overlay-type":"","overlay-color":"","overlay-opacity":"","overlay-gradient":""},"mobile":{"background-color":"var(--ast-global-color-4)","background-image":"","background-repeat":"repeat","background-position":"center center","background-size":"auto","background-attachment":"scroll","background-type":"","background-media":"","overlay-type":"","overlay-color":"","overlay-opacity":"","overlay-gradient":""}}},"product_brand":[],"product_cat":[91,174],"product_tag":[177,176],"class_list":{"0":"post-2692","1":"product","2":"type-product","3":"status-publish","4":"has-post-thumbnail","6":"product_cat-acrylic-usb-pendrive","7":"product_cat-crystal-usb-pendrive","8":"product_tag-crystal-flash-drive","9":"product_tag-swarovski-crystal-flash-drive","10":"desktop-align-left","11":"tablet-align-left","12":"mobile-align-left","14":"first","15":"instock","16":"shipping-taxable","17":"product-type-simple"},"_links":{"self":[{"href":"https:\/\/www.usborkeychain.com\/it\/wp-json\/wp\/v2\/product\/2692","targetHints":{"allow":["GET"]}}],"collection":[{"href":"https:\/\/www.usborkeychain.com\/it\/wp-json\/wp\/v2\/product"}],"about":[{"href":"https:\/\/www.usborkeychain.com\/it\/wp-json\/wp\/v2\/types\/product"}],"replies":[{"embeddable":true,"href":"https:\/\/www.usborkeychain.com\/it\/wp-json\/wp\/v2\/comments?post=2692"}],"wp:featuredmedia":[{"embeddable":true,"href":"https:\/\/www.usborkeychain.com\/it\/wp-json\/wp\/v2\/media\/2704"}],"wp:attachment":[{"href":"https:\/\/www.usborkeychain.com\/it\/wp-json\/wp\/v2\/media?parent=2692"}],"wp:term":[{"taxonomy":"product_brand","embeddable":true,"href":"https:\/\/www.usborkeychain.com\/it\/wp-json\/wp\/v2\/product_brand?post=2692"},{"taxonomy":"product_cat","embeddable":true,"href":"https:\/\/www.usborkeychain.com\/it\/wp-json\/wp\/v2\/product_cat?post=2692"},{"taxonomy":"product_tag","embeddable":true,"href":"https:\/\/www.usborkeychain.com\/it\/wp-json\/wp\/v2\/product_tag?post=2692"}],"curies":[{"name":"wp","href":"https:\/\/api.w.org\/{rel}","templated":true}]}}