{"id":2741,"date":"2025-06-23T05:36:45","date_gmt":"2025-06-23T05:36:45","guid":{"rendered":"https:\/\/www.usborkeychain.com\/?post_type=product&#038;p=2741"},"modified":"2025-06-23T08:04:40","modified_gmt":"2025-06-23T08:04:40","slug":"retro-key-metal-usb-drive","status":"publish","type":"product","link":"https:\/\/www.usborkeychain.com\/it\/prodotto\/retro-key-metal-usb-drive\/","title":{"rendered":"Chiave retr\u00f2 in metallo Unit\u00e0 USB"},"content":{"rendered":"<h2 class=\"wp-block-heading\"><strong>Che cos'\u00e8 un'unit\u00e0 USB Retro Key Metal? <\/strong><strong><\/strong><\/h2>\n\n\n\n<div class=\"wp-block-columns is-layout-flex wp-container-core-columns-is-layout-28f84493 wp-block-columns-is-layout-flex\">\n<div class=\"wp-block-column is-layout-flow wp-block-column-is-layout-flow\">\n<figure class=\"wp-block-image aligncenter size-full is-resized\"><img fetchpriority=\"high\" decoding=\"async\" width=\"800\" height=\"800\" src=\"https:\/\/www.usborkeychain.com\/wp-content\/uploads\/China-key-shape-metal-usb-flash-drive-supplier.jpg\" alt=\"China key shape metal usb flash drive supplier\" class=\"wp-image-2748\" style=\"width:450px\" srcset=\"https:\/\/www.usborkeychain.com\/wp-content\/uploads\/China-key-shape-metal-usb-flash-drive-supplier.jpg 800w, https:\/\/www.usborkeychain.com\/wp-content\/uploads\/China-key-shape-metal-usb-flash-drive-supplier-300x300.jpg 300w, https:\/\/www.usborkeychain.com\/wp-content\/uploads\/China-key-shape-metal-usb-flash-drive-supplier-150x150.jpg 150w, https:\/\/www.usborkeychain.com\/wp-content\/uploads\/China-key-shape-metal-usb-flash-drive-supplier-768x768.jpg 768w, https:\/\/www.usborkeychain.com\/wp-content\/uploads\/China-key-shape-metal-usb-flash-drive-supplier-12x12.jpg 12w, https:\/\/www.usborkeychain.com\/wp-content\/uploads\/China-key-shape-metal-usb-flash-drive-supplier-600x600.jpg 600w, https:\/\/www.usborkeychain.com\/wp-content\/uploads\/China-key-shape-metal-usb-flash-drive-supplier-100x100.jpg 100w\" sizes=\"(max-width: 800px) 100vw, 800px\" \/><\/figure>\n<\/div>\n\n\n\n<div class=\"wp-block-column is-vertically-aligned-center is-layout-flow wp-block-column-is-layout-flow\">\n<p>La chiavetta USB retr\u00f2 in metallo \u00e8 un prodotto che integra perfettamente le pratiche funzioni di archiviazione con un design creativo a forma di chiave. Realizzata in metallo, presenta un aspetto realistico della chiave con un design a forma di cuore incavato sull'impugnatura, conservando la forma classica della chiave e aggiungendo un elemento romantico unico.<\/p>\n\n\n\n<p>Il materiale metallico gli conferisce una caratteristica di durata, rendendolo resistente ai danni nell'uso quotidiano. Inoltre, la forma a chiave consente di appenderla facilmente a un portachiavi per trasportarla comodamente, soddisfacendo le esigenze di archiviazione e trasmissione dei dati in qualsiasi momento e ovunque. Si tratta di un oggetto digitale che combina praticit\u00e0 e decoro.<\/p>\n<\/div>\n<\/div>\n\n\n\n<h2 class=\"wp-block-heading\"><strong>Interfaccia e <\/strong><strong>Capacit\u00e0<\/strong><strong>\u00a0dell'unit\u00e0 USB in metallo Retro Key <\/strong><\/h2>\n\n\n\n<p>L'unit\u00e0 USB Retro Key Metal \u00e8 dotata di un'interfaccia USB3.0 ad alta velocit\u00e0 e supporta diverse opzioni di capacit\u00e0, tra cui 8 GB, 16 GB, 32 GB, 64 GB e 128 GB, per soddisfare in modo flessibile le diverse esigenze di archiviazione.<\/p>\n\n\n\n<h2 class=\"wp-block-heading\"><strong>Colore dell'unit\u00e0 USB in metallo Retro Key <\/strong><strong><\/strong><\/h2>\n\n\n\n<p>Il suo colore \u00e8 l'oro retr\u00f2. Questo oro non \u00e8 un colore ordinario e monotono, ma porta con s\u00e9 l'esclusiva consistenza fine e il fascino retr\u00f2 del metallo. Sotto l'illuminazione della luce, presenta una lucentezza metallica stratificata, come una chiave antica che ha attraversato il precipitare del tempo, emanando delicatezza in modo discreto.<\/p>\n\n\n\n<p>Che brilli al sole o emetta un caldo bagliore alla luce soffusa degli interni, pu\u00f2 diventare una presenza accattivante sul portachiavi, aggiungendo un tocco di moda unica e un'atmosfera retr\u00f2 alla vostra collocazione quotidiana.<\/p>\n\n\n\n<div class=\"wp-block-columns is-layout-flex wp-container-core-columns-is-layout-28f84493 wp-block-columns-is-layout-flex\">\n<div class=\"wp-block-column is-layout-flow wp-block-column-is-layout-flow\">\n<figure class=\"wp-block-image aligncenter size-full is-resized\"><img decoding=\"async\" width=\"800\" height=\"800\" src=\"https:\/\/www.usborkeychain.com\/wp-content\/uploads\/bulk-key-shape-metal-usb-flash-drive.jpg\" alt=\"bulk key shape metal usb flash drive\" class=\"wp-image-2747\" style=\"width:450px\" srcset=\"https:\/\/www.usborkeychain.com\/wp-content\/uploads\/bulk-key-shape-metal-usb-flash-drive.jpg 800w, https:\/\/www.usborkeychain.com\/wp-content\/uploads\/bulk-key-shape-metal-usb-flash-drive-300x300.jpg 300w, https:\/\/www.usborkeychain.com\/wp-content\/uploads\/bulk-key-shape-metal-usb-flash-drive-150x150.jpg 150w, https:\/\/www.usborkeychain.com\/wp-content\/uploads\/bulk-key-shape-metal-usb-flash-drive-768x768.jpg 768w, https:\/\/www.usborkeychain.com\/wp-content\/uploads\/bulk-key-shape-metal-usb-flash-drive-12x12.jpg 12w, https:\/\/www.usborkeychain.com\/wp-content\/uploads\/bulk-key-shape-metal-usb-flash-drive-600x600.jpg 600w, https:\/\/www.usborkeychain.com\/wp-content\/uploads\/bulk-key-shape-metal-usb-flash-drive-100x100.jpg 100w\" sizes=\"(max-width: 800px) 100vw, 800px\" \/><\/figure>\n<\/div>\n\n\n\n<div class=\"wp-block-column is-layout-flow wp-block-column-is-layout-flow\">\n<figure class=\"wp-block-image aligncenter size-full is-resized\"><img decoding=\"async\" width=\"800\" height=\"800\" src=\"https:\/\/www.usborkeychain.com\/wp-content\/uploads\/key-shape-metal-usb-flash-drive.jpg\" alt=\"key shape metal usb flash drive\" class=\"wp-image-2749\" style=\"width:450px\" srcset=\"https:\/\/www.usborkeychain.com\/wp-content\/uploads\/key-shape-metal-usb-flash-drive.jpg 800w, https:\/\/www.usborkeychain.com\/wp-content\/uploads\/key-shape-metal-usb-flash-drive-300x300.jpg 300w, https:\/\/www.usborkeychain.com\/wp-content\/uploads\/key-shape-metal-usb-flash-drive-150x150.jpg 150w, https:\/\/www.usborkeychain.com\/wp-content\/uploads\/key-shape-metal-usb-flash-drive-768x768.jpg 768w, https:\/\/www.usborkeychain.com\/wp-content\/uploads\/key-shape-metal-usb-flash-drive-12x12.jpg 12w, https:\/\/www.usborkeychain.com\/wp-content\/uploads\/key-shape-metal-usb-flash-drive-600x600.jpg 600w, https:\/\/www.usborkeychain.com\/wp-content\/uploads\/key-shape-metal-usb-flash-drive-100x100.jpg 100w\" sizes=\"(max-width: 800px) 100vw, 800px\" \/><\/figure>\n<\/div>\n<\/div>\n\n\n\n<h2 class=\"wp-block-heading\"><strong>L'unit\u00e0 USB Retro Key Metal pu\u00f2 essere personalizzata con un logo? <\/strong><strong><\/strong><\/h2>\n\n\n\n<div class=\"wp-block-columns is-layout-flex wp-container-core-columns-is-layout-28f84493 wp-block-columns-is-layout-flex\">\n<div class=\"wp-block-column is-layout-flow wp-block-column-is-layout-flow\">\n<figure class=\"wp-block-image aligncenter size-full is-resized\"><img loading=\"lazy\" decoding=\"async\" width=\"800\" height=\"800\" src=\"https:\/\/www.usborkeychain.com\/wp-content\/uploads\/Retro-Key-Metal-USB-Drive.jpg\" alt=\"Retro Key Metal USB Drive\" class=\"wp-image-2750\" style=\"width:450px\" srcset=\"https:\/\/www.usborkeychain.com\/wp-content\/uploads\/Retro-Key-Metal-USB-Drive.jpg 800w, https:\/\/www.usborkeychain.com\/wp-content\/uploads\/Retro-Key-Metal-USB-Drive-300x300.jpg 300w, https:\/\/www.usborkeychain.com\/wp-content\/uploads\/Retro-Key-Metal-USB-Drive-150x150.jpg 150w, https:\/\/www.usborkeychain.com\/wp-content\/uploads\/Retro-Key-Metal-USB-Drive-768x768.jpg 768w, https:\/\/www.usborkeychain.com\/wp-content\/uploads\/Retro-Key-Metal-USB-Drive-12x12.jpg 12w, https:\/\/www.usborkeychain.com\/wp-content\/uploads\/Retro-Key-Metal-USB-Drive-600x600.jpg 600w, https:\/\/www.usborkeychain.com\/wp-content\/uploads\/Retro-Key-Metal-USB-Drive-100x100.jpg 100w\" sizes=\"(max-width: 800px) 100vw, 800px\" \/><\/figure>\n<\/div>\n\n\n\n<div class=\"wp-block-column is-vertically-aligned-center is-layout-flow wp-block-column-is-layout-flow\">\n<p>Certamente! Sia la parte anteriore che quella posteriore dell'unit\u00e0 USB in metallo con chiave retr\u00f2 supportano la personalizzazione del logo. Grazie all'avanzata tecnologia di incisione laser, \u00e8 possibile incidere con precisione sulla superficie della chiavetta USB il vostro logo esclusivo, testo, motivo, ecc.<\/p>\n\n\n\n<p>I vantaggi dell'incisione laser sono evidenti: non solo le linee di incisione sono fini e chiare, rendendo il logo di alta qualit\u00e0, ma anche la combinazione con il materiale metallico \u00e8 stretta, non facile da indossare o cadere, e pu\u00f2 mantenere l'effetto personalizzato per lungo tempo.<\/p>\n\n\n\n<p>Sia che venga personalizzata dalle aziende come regalo d'affari con il logo aziendale per trasmettere l'immagine del marchio, sia che venga personalizzata dai singoli con simboli esclusivi per creare un significato commemorativo unico, pu\u00f2 essere facilmente realizzata, rendendo questa chiavetta USB pi\u00f9 preziosa con l'esclusivit\u00e0.<\/p>\n<\/div>\n<\/div>\n\n\n\n<h2 class=\"wp-block-heading\"><strong>Sintesi <\/strong><strong><\/strong><\/h2>\n\n\n\n<p>L'unit\u00e0 USB retro key metal, con il suo design creativo a forma di chiave e materiale metallico, abbinato a un'interfaccia USB3.0 ad alta velocit\u00e0, offre prestazioni eccellenti in termini di capacit\u00e0, dimensioni e velocit\u00e0 di lettura\/scrittura. Il suo colore oro retr\u00f2 \u00e8 visivamente accattivante e supporta anche la personalizzazione flessibile del logo.<\/p>\n\n\n\n<p>Che si tratti di un utente comune che archivia dati nella vita quotidiana o di un'impresa\/individuo che personalizza regali esclusivi, pu\u00f2 soddisfare le vostre esigenze con le sue funzioni pratiche e il suo aspetto unico, diventando un aiuto pratico e accattivante nella vita digitale, degno di essere acquistato e sperimentato.<\/p>","protected":false},"excerpt":{"rendered":"<ul>\n<li>Design a forma di chiave<\/li>\n<li>Materiale metallico<\/li>\n<li>Impermeabile e resistente<\/li>\n<li>Velocit\u00e0 pi\u00f9 elevata e alta qualit\u00e0<\/li>\n<li>Affidabile e sicuro<\/li>\n<li>Ottimo per tutti gli usi<\/li>\n<\/ul>","protected":false},"featured_media":2747,"comment_status":"open","ping_status":"closed","template":"","meta":{"_seopress_robots_primary_cat":"","_seopress_titles_title":"","_seopress_titles_desc":"","_seopress_robots_index":"","site-sidebar-layout":"default","site-content-layout":"","ast-site-content-layout":"","site-content-style":"default","site-sidebar-style":"default","ast-global-header-display":"","ast-banner-title-visibility":"","ast-main-header-display":"","ast-hfb-above-header-display":"","ast-hfb-below-header-display":"","ast-hfb-mobile-header-display":"","site-post-title":"","ast-breadcrumbs-content":"","ast-featured-img":"","footer-sml-layout":"","theme-transparent-header-meta":"","adv-header-id-meta":"","stick-header-meta":"","header-above-stick-meta":"","header-main-stick-meta":"","header-below-stick-meta":"","astra-migrate-meta-layouts":"default","ast-page-background-enabled":"default","ast-page-background-meta":{"desktop":{"background-color":"var(--ast-global-color-5)","background-image":"","background-repeat":"repeat","background-position":"center center","background-size":"auto","background-attachment":"scroll","background-type":"","background-media":"","overlay-type":"","overlay-color":"","overlay-opacity":"","overlay-gradient":""},"tablet":{"background-color":"","background-image":"","background-repeat":"repeat","background-position":"center center","background-size":"auto","background-attachment":"scroll","background-type":"","background-media":"","overlay-type":"","overlay-color":"","overlay-opacity":"","overlay-gradient":""},"mobile":{"background-color":"","background-image":"","background-repeat":"repeat","background-position":"center center","background-size":"auto","background-attachment":"scroll","background-type":"","background-media":"","overlay-type":"","overlay-color":"","overlay-opacity":"","overlay-gradient":""}},"ast-content-background-meta":{"desktop":{"background-color":"var(--ast-global-color-4)","background-image":"","background-repeat":"repeat","background-position":"center center","background-size":"auto","background-attachment":"scroll","background-type":"","background-media":"","overlay-type":"","overlay-color":"","overlay-opacity":"","overlay-gradient":""},"tablet":{"background-color":"var(--ast-global-color-4)","background-image":"","background-repeat":"repeat","background-position":"center center","background-size":"auto","background-attachment":"scroll","background-type":"","background-media":"","overlay-type":"","overlay-color":"","overlay-opacity":"","overlay-gradient":""},"mobile":{"background-color":"var(--ast-global-color-4)","background-image":"","background-repeat":"repeat","background-position":"center center","background-size":"auto","background-attachment":"scroll","background-type":"","background-media":"","overlay-type":"","overlay-color":"","overlay-opacity":"","overlay-gradient":""}}},"product_brand":[],"product_cat":[108,103],"product_tag":[179],"class_list":{"0":"post-2741","1":"product","2":"type-product","3":"status-publish","4":"has-post-thumbnail","6":"product_cat-key-shaped-usb-pendrive","7":"product_cat-usb2-0-usb-pendrive","8":"product_tag-retro-key-metal-usb-drive","9":"desktop-align-left","10":"tablet-align-left","11":"mobile-align-left","13":"first","14":"instock","15":"shipping-taxable","16":"product-type-simple"},"_links":{"self":[{"href":"https:\/\/www.usborkeychain.com\/it\/wp-json\/wp\/v2\/product\/2741","targetHints":{"allow":["GET"]}}],"collection":[{"href":"https:\/\/www.usborkeychain.com\/it\/wp-json\/wp\/v2\/product"}],"about":[{"href":"https:\/\/www.usborkeychain.com\/it\/wp-json\/wp\/v2\/types\/product"}],"replies":[{"embeddable":true,"href":"https:\/\/www.usborkeychain.com\/it\/wp-json\/wp\/v2\/comments?post=2741"}],"wp:featuredmedia":[{"embeddable":true,"href":"https:\/\/www.usborkeychain.com\/it\/wp-json\/wp\/v2\/media\/2747"}],"wp:attachment":[{"href":"https:\/\/www.usborkeychain.com\/it\/wp-json\/wp\/v2\/media?parent=2741"}],"wp:term":[{"taxonomy":"product_brand","embeddable":true,"href":"https:\/\/www.usborkeychain.com\/it\/wp-json\/wp\/v2\/product_brand?post=2741"},{"taxonomy":"product_cat","embeddable":true,"href":"https:\/\/www.usborkeychain.com\/it\/wp-json\/wp\/v2\/product_cat?post=2741"},{"taxonomy":"product_tag","embeddable":true,"href":"https:\/\/www.usborkeychain.com\/it\/wp-json\/wp\/v2\/product_tag?post=2741"}],"curies":[{"name":"wp","href":"https:\/\/api.w.org\/{rel}","templated":true}]}}