{"id":2751,"date":"2025-06-23T06:32:00","date_gmt":"2025-06-23T06:32:00","guid":{"rendered":"https:\/\/www.usborkeychain.com\/?post_type=product&#038;p=2751"},"modified":"2025-07-31T00:30:26","modified_gmt":"2025-07-31T00:30:26","slug":"metal-pen-usb-drive","status":"publish","type":"product","link":"https:\/\/www.usborkeychain.com\/it\/prodotto\/metal-pen-usb-drive\/","title":{"rendered":"Penna in metallo Unit\u00e0 USB"},"content":{"rendered":"<h2 class=\"wp-block-heading\"><strong>Che cos'\u00e8 un'unit\u00e0 USB con penna in metallo? <\/strong><strong><\/strong><\/h2>\n\n\n\n<div class=\"wp-block-columns is-layout-flex wp-container-core-columns-is-layout-28f84493 wp-block-columns-is-layout-flex\">\n<div class=\"wp-block-column is-layout-flow wp-block-column-is-layout-flow\">\n<figure class=\"wp-block-image aligncenter size-full is-resized\"><img fetchpriority=\"high\" decoding=\"async\" width=\"800\" height=\"800\" src=\"https:\/\/www.usborkeychain.com\/wp-content\/uploads\/Metal-Pen-USB-Drive-supplier.jpg\" alt=\"Metal Pen USB Drive supplier\" class=\"wp-image-2756\" style=\"width:450px\" srcset=\"https:\/\/www.usborkeychain.com\/wp-content\/uploads\/Metal-Pen-USB-Drive-supplier.jpg 800w, https:\/\/www.usborkeychain.com\/wp-content\/uploads\/Metal-Pen-USB-Drive-supplier-300x300.jpg 300w, https:\/\/www.usborkeychain.com\/wp-content\/uploads\/Metal-Pen-USB-Drive-supplier-150x150.jpg 150w, https:\/\/www.usborkeychain.com\/wp-content\/uploads\/Metal-Pen-USB-Drive-supplier-768x768.jpg 768w, https:\/\/www.usborkeychain.com\/wp-content\/uploads\/Metal-Pen-USB-Drive-supplier-12x12.jpg 12w, https:\/\/www.usborkeychain.com\/wp-content\/uploads\/Metal-Pen-USB-Drive-supplier-600x600.jpg 600w, https:\/\/www.usborkeychain.com\/wp-content\/uploads\/Metal-Pen-USB-Drive-supplier-100x100.jpg 100w\" sizes=\"(max-width: 800px) 100vw, 800px\" \/><\/figure>\n<\/div>\n\n\n\n<div class=\"wp-block-column is-vertically-aligned-center is-layout-flow wp-block-column-is-layout-flow\">\n<p>L'unit\u00e0 USB con penna in metallo \u00e8 un prodotto innovativo che integra sapientemente le funzioni di strumento di scrittura e dispositivo di archiviazione. Presenta una forma classica di penna, con il corpo in metallo, che combina la consistenza e la durata del metallo.<\/p>\n\n\n\n<p>Nell'uso quotidiano, pu\u00f2 essere utilizzata per scrivere e registrare come una normale penna, mentre l'unit\u00e0 USB nascosta nel corpo della penna pu\u00f2 essere utilizzata per archiviare e trasferire file in qualsiasi momento, consentendo di bilanciare le esigenze di scrittura e archiviazione dei dati con un'unica penna in scenari di studio e ufficio, rendendola pratica e conveniente.<\/p>\n<\/div>\n<\/div>\n\n\n\n<h2 class=\"wp-block-heading\"><strong>Interfaccia e parametri dell'unit\u00e0 USB Metal Pen <\/strong><strong><\/strong><\/h2>\n\n\n\n<figure class=\"wp-block-table\"><table class=\"has-fixed-layout\"><tbody><tr><td>Categoria di parametri<\/td><td>Dettagli specifici<\/td><\/tr><tr><td>Capacit\u00e0<\/td><td>Offre una ricca selezione che comprende 8GB, 16GB, 32GB, 64GB, 128GB, ecc. e pu\u00f2 essere acquistata in modo flessibile in base alle esigenze.<\/td><\/tr><tr><td>Dimensioni<\/td><td>Il corpo della penna misura 135 mm di lunghezza e 12 mm di diametro, con una forma sottile che si adatta all'abitudine di impugnare la mano e non occupa spazio quando viene inserita in una borsa o in un taschino.<\/td><\/tr><tr><td>Peso<\/td><td>Solo 22 g, leggero e confortevole nella mano, senza alcun peso evidente quando si scrive o si trasporta per lungo tempo.<\/td><\/tr><\/tbody><\/table><\/figure>\n\n\n\n<h2 class=\"wp-block-heading\"><strong>Quali sono i colori della penna USB in metallo? <\/strong><strong><\/strong><\/h2>\n\n\n\n<p>La penna USB in metallo \u00e8 disponibile in una variet\u00e0 di colori affascinanti, come argento, nero, rosso, oro, ecc.<\/p>\n\n\n\n<p>L'argento freddo \u00e8 lucido come uno specchio metallico, pieno di consistenza; il nero classico emana uno stile calmo e dignitoso; il rosso brillante \u00e8 come una fiamma appassionata, di grande impatto visivo; l'oro lussuoso ha la sua nobile lucentezza; e il blu fresco porta un'esperienza visiva rinfrescante.<\/p>\n\n\n\n<p>Grazie al materiale metallico, questi colori presentano una consistenza delicata e lucida e, se sottoposti a diverse radiazioni luminose, mostrano cambiamenti di colore metallico unici, rendendo ogni penna USB in metallo sia pratica che bella, adattandosi facilmente a diverse personalit\u00e0 ed esigenze di scena.<\/p>\n\n\n\n<div class=\"wp-block-columns is-layout-flex wp-container-core-columns-is-layout-28f84493 wp-block-columns-is-layout-flex\">\n<div class=\"wp-block-column is-layout-flow wp-block-column-is-layout-flow\">\n<figure class=\"wp-block-image aligncenter size-full is-resized\"><img decoding=\"async\" width=\"800\" height=\"800\" src=\"https:\/\/www.usborkeychain.com\/wp-content\/uploads\/Metal-Pen-USB-Drive.jpg\" alt=\"Metal Pen USB Drive\" class=\"wp-image-2757\" style=\"width:450px\" srcset=\"https:\/\/www.usborkeychain.com\/wp-content\/uploads\/Metal-Pen-USB-Drive.jpg 800w, https:\/\/www.usborkeychain.com\/wp-content\/uploads\/Metal-Pen-USB-Drive-300x300.jpg 300w, https:\/\/www.usborkeychain.com\/wp-content\/uploads\/Metal-Pen-USB-Drive-150x150.jpg 150w, https:\/\/www.usborkeychain.com\/wp-content\/uploads\/Metal-Pen-USB-Drive-768x768.jpg 768w, https:\/\/www.usborkeychain.com\/wp-content\/uploads\/Metal-Pen-USB-Drive-12x12.jpg 12w, https:\/\/www.usborkeychain.com\/wp-content\/uploads\/Metal-Pen-USB-Drive-600x600.jpg 600w, https:\/\/www.usborkeychain.com\/wp-content\/uploads\/Metal-Pen-USB-Drive-100x100.jpg 100w\" sizes=\"(max-width: 800px) 100vw, 800px\" \/><\/figure>\n<\/div>\n\n\n\n<div class=\"wp-block-column is-layout-flow wp-block-column-is-layout-flow\">\n<figure class=\"wp-block-image aligncenter size-full is-resized\"><img decoding=\"async\" width=\"800\" height=\"800\" src=\"https:\/\/www.usborkeychain.com\/wp-content\/uploads\/Metal-Pen-USB-Drive-factory.jpg\" alt=\"Metal Pen USB Drive factory\" class=\"wp-image-2755\" style=\"width:450px\" srcset=\"https:\/\/www.usborkeychain.com\/wp-content\/uploads\/Metal-Pen-USB-Drive-factory.jpg 800w, https:\/\/www.usborkeychain.com\/wp-content\/uploads\/Metal-Pen-USB-Drive-factory-300x300.jpg 300w, https:\/\/www.usborkeychain.com\/wp-content\/uploads\/Metal-Pen-USB-Drive-factory-150x150.jpg 150w, https:\/\/www.usborkeychain.com\/wp-content\/uploads\/Metal-Pen-USB-Drive-factory-768x768.jpg 768w, https:\/\/www.usborkeychain.com\/wp-content\/uploads\/Metal-Pen-USB-Drive-factory-12x12.jpg 12w, https:\/\/www.usborkeychain.com\/wp-content\/uploads\/Metal-Pen-USB-Drive-factory-600x600.jpg 600w, https:\/\/www.usborkeychain.com\/wp-content\/uploads\/Metal-Pen-USB-Drive-factory-100x100.jpg 100w\" sizes=\"(max-width: 800px) 100vw, 800px\" \/><\/figure>\n<\/div>\n<\/div>\n\n\n\n<h2 class=\"wp-block-heading\"><strong>La penna USB in metallo pu\u00f2 essere personalizzata con un logo? <\/strong><strong><\/strong><\/h2>\n\n\n\n<p>La penna USB in metallo supporta la personalizzazione del logo sia sul fronte che sul retro.<\/p>\n\n\n\n<p>Utilizzando i processi di stampa a colori o di tampografia, \u00e8 possibile presentare con precisione loghi esclusivi. Il processo di stampa a colori ha un'elevata riduzione del colore e pu\u00f2 presentare chiaramente motivi complessi e colori brillanti; il processo di tampografia \u00e8 adatto a diverse superfici curve e consente di fissare saldamente il logo al corpo della penna.<\/p>\n\n\n\n<p>Sia che venga personalizzata dalle aziende come regalo d'affari con il logo del marchio per trasmettere l'immagine, sia che venga personalizzata dai singoli con simboli unici per conservare i ricordi, pu\u00f2 essere realizzata perfettamente, conferendo alla penna USB in metallo un valore esclusivo.<\/p>\n\n\n\n<h2 class=\"wp-block-heading\"><strong>Sintesi <\/strong><strong><\/strong><\/h2>\n\n\n\n<div class=\"wp-block-columns is-layout-flex wp-container-core-columns-is-layout-28f84493 wp-block-columns-is-layout-flex\">\n<div class=\"wp-block-column is-layout-flow wp-block-column-is-layout-flow\">\n<figure class=\"wp-block-image aligncenter size-full is-resized\"><img loading=\"lazy\" decoding=\"async\" width=\"800\" height=\"800\" src=\"https:\/\/www.usborkeychain.com\/wp-content\/uploads\/Metal-Pen-USB-Drive-bulk.jpg\" alt=\"Metal Pen USB Drive bulk\" class=\"wp-image-2754\" style=\"width:450px\" srcset=\"https:\/\/www.usborkeychain.com\/wp-content\/uploads\/Metal-Pen-USB-Drive-bulk.jpg 800w, https:\/\/www.usborkeychain.com\/wp-content\/uploads\/Metal-Pen-USB-Drive-bulk-300x300.jpg 300w, https:\/\/www.usborkeychain.com\/wp-content\/uploads\/Metal-Pen-USB-Drive-bulk-150x150.jpg 150w, https:\/\/www.usborkeychain.com\/wp-content\/uploads\/Metal-Pen-USB-Drive-bulk-768x768.jpg 768w, https:\/\/www.usborkeychain.com\/wp-content\/uploads\/Metal-Pen-USB-Drive-bulk-12x12.jpg 12w, https:\/\/www.usborkeychain.com\/wp-content\/uploads\/Metal-Pen-USB-Drive-bulk-600x600.jpg 600w, https:\/\/www.usborkeychain.com\/wp-content\/uploads\/Metal-Pen-USB-Drive-bulk-100x100.jpg 100w\" sizes=\"(max-width: 800px) 100vw, 800px\" \/><\/figure>\n<\/div>\n\n\n\n<div class=\"wp-block-column is-vertically-aligned-center is-layout-flow wp-block-column-is-layout-flow\">\n<p>La penna USB in metallo combina le funzioni di scrittura e archiviazione in un'unica unit\u00e0, con un'interfaccia USB3.0 ad alta velocit\u00e0 per garantire una trasmissione efficiente. La sua grande capacit\u00e0, le dimensioni compatte e il peso ridotto sono adatti a diversi scenari. I diversi colori della texture metallica soddisfano le preferenze dei clienti e supportano anche la personalizzazione flessibile del logo.<\/p>\n\n\n\n<p>Che si tratti di registrazioni quotidiane in ufficio, di trasmissione di file o di regali aziendali e oggetti personali esclusivi, pu\u00f2 diventare un assistente capace e un oggetto accattivante con le sue funzioni pratiche e il suo design unico, degno di essere acquistato e sperimentato.<\/p>\n<\/div>\n<\/div>\n\n\n\n<p><\/p>","protected":false},"excerpt":{"rendered":"<ul>\n<li>Design funzionale due in uno<\/li>\n<li>Trasmissione dati ad alta velocit\u00e0<\/li>\n<li>Struttura in metallo resistente con estetica elegante<\/li>\n<li>Design portatile ed ergonomico<\/li>\n<li>Logo personalizzabile per la personalizzazione<\/li>\n<\/ul>","protected":false},"featured_media":2757,"comment_status":"open","ping_status":"closed","template":"","meta":{"_seopress_robots_primary_cat":"","_seopress_titles_title":"Metal Pen USB Drive","_seopress_titles_desc":"","_seopress_robots_index":"","site-sidebar-layout":"default","site-content-layout":"","ast-site-content-layout":"","site-content-style":"default","site-sidebar-style":"default","ast-global-header-display":"","ast-banner-title-visibility":"","ast-main-header-display":"","ast-hfb-above-header-display":"","ast-hfb-below-header-display":"","ast-hfb-mobile-header-display":"","site-post-title":"","ast-breadcrumbs-content":"","ast-featured-img":"","footer-sml-layout":"","theme-transparent-header-meta":"","adv-header-id-meta":"","stick-header-meta":"","header-above-stick-meta":"","header-main-stick-meta":"","header-below-stick-meta":"","astra-migrate-meta-layouts":"default","ast-page-background-enabled":"default","ast-page-background-meta":{"desktop":{"background-color":"var(--ast-global-color-5)","background-image":"","background-repeat":"repeat","background-position":"center center","background-size":"auto","background-attachment":"scroll","background-type":"","background-media":"","overlay-type":"","overlay-color":"","overlay-opacity":"","overlay-gradient":""},"tablet":{"background-color":"","background-image":"","background-repeat":"repeat","background-position":"center center","background-size":"auto","background-attachment":"scroll","background-type":"","background-media":"","overlay-type":"","overlay-color":"","overlay-opacity":"","overlay-gradient":""},"mobile":{"background-color":"","background-image":"","background-repeat":"repeat","background-position":"center center","background-size":"auto","background-attachment":"scroll","background-type":"","background-media":"","overlay-type":"","overlay-color":"","overlay-opacity":"","overlay-gradient":""}},"ast-content-background-meta":{"desktop":{"background-color":"var(--ast-global-color-4)","background-image":"","background-repeat":"repeat","background-position":"center center","background-size":"auto","background-attachment":"scroll","background-type":"","background-media":"","overlay-type":"","overlay-color":"","overlay-opacity":"","overlay-gradient":""},"tablet":{"background-color":"var(--ast-global-color-4)","background-image":"","background-repeat":"repeat","background-position":"center center","background-size":"auto","background-attachment":"scroll","background-type":"","background-media":"","overlay-type":"","overlay-color":"","overlay-opacity":"","overlay-gradient":""},"mobile":{"background-color":"var(--ast-global-color-4)","background-image":"","background-repeat":"repeat","background-position":"center center","background-size":"auto","background-attachment":"scroll","background-type":"","background-media":"","overlay-type":"","overlay-color":"","overlay-opacity":"","overlay-gradient":""}}},"product_brand":[],"product_cat":[100],"product_tag":[324,318],"class_list":{"0":"post-2751","1":"product","2":"type-product","3":"status-publish","4":"has-post-thumbnail","6":"product_cat-usb-drive-with-pen","7":"product_tag-ballpoint-usb-flash-drive-pen","8":"product_tag-colorful-pen-usb-flash","9":"desktop-align-left","10":"tablet-align-left","11":"mobile-align-left","13":"first","14":"instock","15":"shipping-taxable","16":"product-type-simple"},"_links":{"self":[{"href":"https:\/\/www.usborkeychain.com\/it\/wp-json\/wp\/v2\/product\/2751","targetHints":{"allow":["GET"]}}],"collection":[{"href":"https:\/\/www.usborkeychain.com\/it\/wp-json\/wp\/v2\/product"}],"about":[{"href":"https:\/\/www.usborkeychain.com\/it\/wp-json\/wp\/v2\/types\/product"}],"replies":[{"embeddable":true,"href":"https:\/\/www.usborkeychain.com\/it\/wp-json\/wp\/v2\/comments?post=2751"}],"wp:featuredmedia":[{"embeddable":true,"href":"https:\/\/www.usborkeychain.com\/it\/wp-json\/wp\/v2\/media\/2757"}],"wp:attachment":[{"href":"https:\/\/www.usborkeychain.com\/it\/wp-json\/wp\/v2\/media?parent=2751"}],"wp:term":[{"taxonomy":"product_brand","embeddable":true,"href":"https:\/\/www.usborkeychain.com\/it\/wp-json\/wp\/v2\/product_brand?post=2751"},{"taxonomy":"product_cat","embeddable":true,"href":"https:\/\/www.usborkeychain.com\/it\/wp-json\/wp\/v2\/product_cat?post=2751"},{"taxonomy":"product_tag","embeddable":true,"href":"https:\/\/www.usborkeychain.com\/it\/wp-json\/wp\/v2\/product_tag?post=2751"}],"curies":[{"name":"wp","href":"https:\/\/api.w.org\/{rel}","templated":true}]}}