{"id":3271,"date":"2025-06-24T03:38:21","date_gmt":"2025-06-24T03:38:21","guid":{"rendered":"https:\/\/www.usborkeychain.com\/?post_type=product&#038;p=3271"},"modified":"2025-06-24T04:28:07","modified_gmt":"2025-06-24T04:28:07","slug":"metal-keychain-usb-flash-drive","status":"publish","type":"product","link":"https:\/\/www.usborkeychain.com\/it\/prodotto\/metal-keychain-usb-flash-drive\/","title":{"rendered":"Unit\u00e0 flash USB portachiavi in metallo"},"content":{"rendered":"<h2 class=\"wp-block-heading\"><strong>Che cos'\u00e8 una chiavetta USB portachiavi in metallo? <\/strong><strong><\/strong><\/h2>\n\n\n\n<div class=\"wp-block-columns is-layout-flex wp-container-core-columns-is-layout-28f84493 wp-block-columns-is-layout-flex\">\n<div class=\"wp-block-column is-layout-flow wp-block-column-is-layout-flow\">\n<figure class=\"wp-block-image aligncenter size-full is-resized\"><img fetchpriority=\"high\" decoding=\"async\" width=\"800\" height=\"800\" src=\"https:\/\/www.usborkeychain.com\/wp-content\/uploads\/Silver-Metal-Keychain-USB-Flash-Drive.jpg\" alt=\"Silver Metal Keychain USB Flash Drive\" class=\"wp-image-3277\" style=\"width:450px\" srcset=\"https:\/\/www.usborkeychain.com\/wp-content\/uploads\/Silver-Metal-Keychain-USB-Flash-Drive.jpg 800w, https:\/\/www.usborkeychain.com\/wp-content\/uploads\/Silver-Metal-Keychain-USB-Flash-Drive-300x300.jpg 300w, https:\/\/www.usborkeychain.com\/wp-content\/uploads\/Silver-Metal-Keychain-USB-Flash-Drive-150x150.jpg 150w, https:\/\/www.usborkeychain.com\/wp-content\/uploads\/Silver-Metal-Keychain-USB-Flash-Drive-768x768.jpg 768w, https:\/\/www.usborkeychain.com\/wp-content\/uploads\/Silver-Metal-Keychain-USB-Flash-Drive-12x12.jpg 12w, https:\/\/www.usborkeychain.com\/wp-content\/uploads\/Silver-Metal-Keychain-USB-Flash-Drive-600x600.jpg 600w, https:\/\/www.usborkeychain.com\/wp-content\/uploads\/Silver-Metal-Keychain-USB-Flash-Drive-100x100.jpg 100w\" sizes=\"(max-width: 800px) 100vw, 800px\" \/><\/figure>\n<\/div>\n\n\n\n<div class=\"wp-block-column is-vertically-aligned-center is-layout-flow wp-block-column-is-layout-flow\">\n<p>L'unit\u00e0 flash USB portachiavi in metallo \u00e8 un prodotto che integra pratiche funzioni di archiviazione con un design portachiavi portatile. Presenta un'elegante forma rettangolare allungata, realizzata in materiale metallico per offrire consistenza e durata.<\/p>\n\n\n\n<p>Assomigliando a un portachiavi, pu\u00f2 essere facilmente appeso a un portachiavi per essere trasportato comodamente e allo stesso tempo funge da unit\u00e0 flash USB per l'archiviazione dei dati, soddisfacendo le esigenze quotidiane di trasferimento dei file e di backup dei dati. \u00c8 una combinazione di convenienza e praticit\u00e0.<\/p>\n<\/div>\n<\/div>\n\n\n\n<h2 class=\"wp-block-heading\"><strong>Interfacce e parametri della chiavetta USB portachiavi in metallo <\/strong><strong><\/strong><\/h2>\n\n\n\n<figure class=\"wp-block-table\"><table class=\"has-fixed-layout\"><tbody><tr><td>Categoria di parametri<\/td><td>Dettagli<\/td><\/tr><tr><td>Capacit\u00e0<\/td><td>8 GB, 16 GB, 32 GB, 64 GB, 128 GB, ecc.<\/td><\/tr><tr><td>Velocit\u00e0 di lettura\/scrittura<\/td><td>Velocit\u00e0 di lettura fino a circa 80-150MB\/s, velocit\u00e0 di scrittura circa 15-60MB\/s<\/td><\/tr><tr><td>Dispositivi compatibili<\/td><td>Compatibile con i sistemi operativi pi\u00f9 diffusi, come Windows, Mac OS e Linux; pu\u00f2 essere collegato a dispositivi come computer, laptop e smart TV per un'archiviazione o una trasmissione di dati prolungata.<\/td><\/tr><\/tbody><\/table><\/figure>\n\n\n\n<h2 class=\"wp-block-heading\"><strong>Quali sono i colori disponibili per la chiavetta USB portachiavi in metallo? <\/strong><strong><\/strong><\/h2>\n\n\n\n<div class=\"wp-block-columns is-layout-flex wp-container-core-columns-is-layout-28f84493 wp-block-columns-is-layout-flex\">\n<div class=\"wp-block-column is-layout-flow wp-block-column-is-layout-flow\">\n<figure class=\"wp-block-image aligncenter size-full is-resized\"><img decoding=\"async\" width=\"800\" height=\"800\" src=\"https:\/\/www.usborkeychain.com\/wp-content\/uploads\/Metal-Keychain-USB-Flash-Drive.jpg\" alt=\"Metal Keychain USB Flash Drive\" class=\"wp-image-3276\" style=\"width:450px\" srcset=\"https:\/\/www.usborkeychain.com\/wp-content\/uploads\/Metal-Keychain-USB-Flash-Drive.jpg 800w, https:\/\/www.usborkeychain.com\/wp-content\/uploads\/Metal-Keychain-USB-Flash-Drive-300x300.jpg 300w, https:\/\/www.usborkeychain.com\/wp-content\/uploads\/Metal-Keychain-USB-Flash-Drive-150x150.jpg 150w, https:\/\/www.usborkeychain.com\/wp-content\/uploads\/Metal-Keychain-USB-Flash-Drive-768x768.jpg 768w, https:\/\/www.usborkeychain.com\/wp-content\/uploads\/Metal-Keychain-USB-Flash-Drive-12x12.jpg 12w, https:\/\/www.usborkeychain.com\/wp-content\/uploads\/Metal-Keychain-USB-Flash-Drive-600x600.jpg 600w, https:\/\/www.usborkeychain.com\/wp-content\/uploads\/Metal-Keychain-USB-Flash-Drive-100x100.jpg 100w\" sizes=\"(max-width: 800px) 100vw, 800px\" \/><\/figure>\n<\/div>\n\n\n\n<div class=\"wp-block-column is-vertically-aligned-center is-layout-flow wp-block-column-is-layout-flow\">\n<p>La chiavetta USB portachiavi in metallo \u00e8 disponibile in due colori classici.<\/p>\n\n\n\n<p>Il modello in argento brilla come una luce argentata che si spande delicatamente, dove il materiale metallico conferisce una lucentezza fresca e pregiata che scorre con una texture delicata sotto la luce, combinando semplicit\u00e0 ed eleganza per adattarsi a vari scenari di utilizzo.<\/p>\n\n\n\n<p>Il modello nero ricorda la profondit\u00e0 della notte, con la superficie metallica trattata per presentare un nero opaco calmo e sofisticato. Emana una raffinatezza sottile, che mostra un gusto unico quando lo si tiene in mano. Entrambi i colori sfruttano le propriet\u00e0 del metallo per essere resistenti all'usura e allo sbiadimento, mantenendo la bellezza per lungo tempo.<\/p>\n<\/div>\n<\/div>\n\n\n\n<h2 class=\"wp-block-heading\"><strong>La chiavetta USB portachiavi in metallo pu\u00f2 essere personalizzata con un logo? <\/strong><strong><\/strong><\/h2>\n\n\n\n<div class=\"wp-block-columns is-layout-flex wp-container-core-columns-is-layout-28f84493 wp-block-columns-is-layout-flex\">\n<div class=\"wp-block-column is-vertically-aligned-center is-layout-flow wp-block-column-is-layout-flow\">\n<p>L'unit\u00e0 flash USB portachiavi in metallo supporta la personalizzazione del logo. Sia il fronte che il retro possono essere personalizzati attraverso la tecnologia dell'incisione laser.<\/p>\n\n\n\n<p>L'incisione laser presenta con precisione i dettagli del logo, integrandosi profondamente nella superficie metallica per resistere al distacco e all'usura, garantendo una chiara visualizzazione del logo del vostro marchio o di modelli esclusivi.<\/p>\n\n\n\n<p>Sia che venga personalizzata da aziende per regali aziendali, sia che venga personalizzata da singoli individui per avere cimeli unici, soddisfa esigenze personalizzate e conferisce un significato unico alla chiavetta USB.<\/p>\n<\/div>\n\n\n\n<div class=\"wp-block-column is-layout-flow wp-block-column-is-layout-flow\">\n<figure class=\"wp-block-image aligncenter size-full is-resized\"><img decoding=\"async\" width=\"894\" height=\"894\" src=\"https:\/\/www.usborkeychain.com\/wp-content\/uploads\/Metal-Keychain-USB-Flash-Drive-with-Logo.jpg\" alt=\"Metal Keychain USB Flash Drive with Logo\" class=\"wp-image-3275\" style=\"width:448px\" srcset=\"https:\/\/www.usborkeychain.com\/wp-content\/uploads\/Metal-Keychain-USB-Flash-Drive-with-Logo.jpg 894w, https:\/\/www.usborkeychain.com\/wp-content\/uploads\/Metal-Keychain-USB-Flash-Drive-with-Logo-300x300.jpg 300w, https:\/\/www.usborkeychain.com\/wp-content\/uploads\/Metal-Keychain-USB-Flash-Drive-with-Logo-150x150.jpg 150w, https:\/\/www.usborkeychain.com\/wp-content\/uploads\/Metal-Keychain-USB-Flash-Drive-with-Logo-768x768.jpg 768w, https:\/\/www.usborkeychain.com\/wp-content\/uploads\/Metal-Keychain-USB-Flash-Drive-with-Logo-12x12.jpg 12w, https:\/\/www.usborkeychain.com\/wp-content\/uploads\/Metal-Keychain-USB-Flash-Drive-with-Logo-600x600.jpg 600w, https:\/\/www.usborkeychain.com\/wp-content\/uploads\/Metal-Keychain-USB-Flash-Drive-with-Logo-100x100.jpg 100w\" sizes=\"(max-width: 894px) 100vw, 894px\" \/><\/figure>\n<\/div>\n<\/div>\n\n\n\n<h2 class=\"wp-block-heading\"><strong>Sintesi <\/strong><strong><\/strong><\/h2>\n\n\n\n<p>L'unit\u00e0 flash USB portachiavi in metallo integra un portachiavi portatile con funzioni di archiviazione ad alta velocit\u00e0. L'interfaccia USB 3.0 garantisce una trasmissione efficiente, le diverse capacit\u00e0 si adattano alle diverse esigenze, i colori argento e nero bilanciano estetica e durata e supportano la personalizzazione del logo con incisione laser.<\/p>\n\n\n\n<p>Che sia per l'archiviazione quotidiana di file, per l'uso in ufficio o come regalo personalizzato, diventa una scelta eccellente grazie alle sue prestazioni pratiche e ai vantaggi personalizzati, risolvendo facilmente le sfide di archiviazione e trasporto dei dati e integrando i gadget tecnologici nella vita quotidiana.<\/p>","protected":false},"excerpt":{"rendered":"<ul>\n<li>Design del portachiavi<\/li>\n<li>Materiale metallico<\/li>\n<li>Impermeabile e resistente<\/li>\n<li>Velocit\u00e0 pi\u00f9 elevata e alta qualit\u00e0<\/li>\n<li>Affidabile e sicuro<\/li>\n<li>Ottimo per tutti gli usi<\/li>\n<\/ul>","protected":false},"featured_media":3276,"comment_status":"open","ping_status":"closed","template":"","meta":{"_seopress_robots_primary_cat":"none","_seopress_titles_title":"Metal Keychain USB Flash Drive","_seopress_titles_desc":"","_seopress_robots_index":"","site-sidebar-layout":"default","site-content-layout":"","ast-site-content-layout":"","site-content-style":"default","site-sidebar-style":"default","ast-global-header-display":"","ast-banner-title-visibility":"","ast-main-header-display":"","ast-hfb-above-header-display":"","ast-hfb-below-header-display":"","ast-hfb-mobile-header-display":"","site-post-title":"","ast-breadcrumbs-content":"","ast-featured-img":"","footer-sml-layout":"","theme-transparent-header-meta":"","adv-header-id-meta":"","stick-header-meta":"","header-above-stick-meta":"","header-main-stick-meta":"","header-below-stick-meta":"","astra-migrate-meta-layouts":"default","ast-page-background-enabled":"default","ast-page-background-meta":{"desktop":{"background-color":"var(--ast-global-color-5)","background-image":"","background-repeat":"repeat","background-position":"center center","background-size":"auto","background-attachment":"scroll","background-type":"","background-media":"","overlay-type":"","overlay-color":"","overlay-opacity":"","overlay-gradient":""},"tablet":{"background-color":"","background-image":"","background-repeat":"repeat","background-position":"center center","background-size":"auto","background-attachment":"scroll","background-type":"","background-media":"","overlay-type":"","overlay-color":"","overlay-opacity":"","overlay-gradient":""},"mobile":{"background-color":"","background-image":"","background-repeat":"repeat","background-position":"center center","background-size":"auto","background-attachment":"scroll","background-type":"","background-media":"","overlay-type":"","overlay-color":"","overlay-opacity":"","overlay-gradient":""}},"ast-content-background-meta":{"desktop":{"background-color":"var(--ast-global-color-4)","background-image":"","background-repeat":"repeat","background-position":"center center","background-size":"auto","background-attachment":"scroll","background-type":"","background-media":"","overlay-type":"","overlay-color":"","overlay-opacity":"","overlay-gradient":""},"tablet":{"background-color":"var(--ast-global-color-4)","background-image":"","background-repeat":"repeat","background-position":"center center","background-size":"auto","background-attachment":"scroll","background-type":"","background-media":"","overlay-type":"","overlay-color":"","overlay-opacity":"","overlay-gradient":""},"mobile":{"background-color":"var(--ast-global-color-4)","background-image":"","background-repeat":"repeat","background-position":"center center","background-size":"auto","background-attachment":"scroll","background-type":"","background-media":"","overlay-type":"","overlay-color":"","overlay-opacity":"","overlay-gradient":""}}},"product_brand":[],"product_cat":[101],"product_tag":[],"class_list":{"0":"post-3271","1":"product","2":"type-product","3":"status-publish","4":"has-post-thumbnail","6":"product_cat-usb-pendrive-with-keychain","7":"desktop-align-left","8":"tablet-align-left","9":"mobile-align-left","11":"first","12":"instock","13":"shipping-taxable","14":"product-type-simple"},"_links":{"self":[{"href":"https:\/\/www.usborkeychain.com\/it\/wp-json\/wp\/v2\/product\/3271","targetHints":{"allow":["GET"]}}],"collection":[{"href":"https:\/\/www.usborkeychain.com\/it\/wp-json\/wp\/v2\/product"}],"about":[{"href":"https:\/\/www.usborkeychain.com\/it\/wp-json\/wp\/v2\/types\/product"}],"replies":[{"embeddable":true,"href":"https:\/\/www.usborkeychain.com\/it\/wp-json\/wp\/v2\/comments?post=3271"}],"wp:featuredmedia":[{"embeddable":true,"href":"https:\/\/www.usborkeychain.com\/it\/wp-json\/wp\/v2\/media\/3276"}],"wp:attachment":[{"href":"https:\/\/www.usborkeychain.com\/it\/wp-json\/wp\/v2\/media?parent=3271"}],"wp:term":[{"taxonomy":"product_brand","embeddable":true,"href":"https:\/\/www.usborkeychain.com\/it\/wp-json\/wp\/v2\/product_brand?post=3271"},{"taxonomy":"product_cat","embeddable":true,"href":"https:\/\/www.usborkeychain.com\/it\/wp-json\/wp\/v2\/product_cat?post=3271"},{"taxonomy":"product_tag","embeddable":true,"href":"https:\/\/www.usborkeychain.com\/it\/wp-json\/wp\/v2\/product_tag?post=3271"}],"curies":[{"name":"wp","href":"https:\/\/api.w.org\/{rel}","templated":true}]}}