{"id":3300,"date":"2025-06-24T06:56:16","date_gmt":"2025-06-24T06:56:16","guid":{"rendered":"https:\/\/www.usborkeychain.com\/?post_type=product&#038;p=3300"},"modified":"2025-06-25T01:38:48","modified_gmt":"2025-06-25T01:38:48","slug":"super-mini-usb-flash-drive","status":"publish","type":"product","link":"https:\/\/www.usborkeychain.com\/it\/prodotto\/super-mini-usb-flash-drive\/","title":{"rendered":"Unit\u00e0 flash USB Super Mini"},"content":{"rendered":"<h3 class=\"wp-block-heading\"><strong>Che cos'\u00e8 un'unit\u00e0 flash USB Super Mini? <\/strong><strong><\/strong><\/h3>\n\n\n\n<div class=\"wp-block-columns is-layout-flex wp-container-core-columns-is-layout-28f84493 wp-block-columns-is-layout-flex\">\n<div class=\"wp-block-column is-layout-flow wp-block-column-is-layout-flow\">\n<figure class=\"wp-block-image aligncenter size-full is-resized\"><img fetchpriority=\"high\" decoding=\"async\" width=\"760\" height=\"760\" src=\"https:\/\/www.usborkeychain.com\/wp-content\/uploads\/Super-Mini-USB-Flash-Drive-Factory.jpg\" alt=\"Super Mini USB Flash Drive Factory\" class=\"wp-image-3306\" style=\"width:450px\" srcset=\"https:\/\/www.usborkeychain.com\/wp-content\/uploads\/Super-Mini-USB-Flash-Drive-Factory.jpg 760w, https:\/\/www.usborkeychain.com\/wp-content\/uploads\/Super-Mini-USB-Flash-Drive-Factory-300x300.jpg 300w, https:\/\/www.usborkeychain.com\/wp-content\/uploads\/Super-Mini-USB-Flash-Drive-Factory-150x150.jpg 150w, https:\/\/www.usborkeychain.com\/wp-content\/uploads\/Super-Mini-USB-Flash-Drive-Factory-12x12.jpg 12w, https:\/\/www.usborkeychain.com\/wp-content\/uploads\/Super-Mini-USB-Flash-Drive-Factory-600x600.jpg 600w, https:\/\/www.usborkeychain.com\/wp-content\/uploads\/Super-Mini-USB-Flash-Drive-Factory-100x100.jpg 100w\" sizes=\"(max-width: 760px) 100vw, 760px\" \/><\/figure>\n<\/div>\n\n\n\n<div class=\"wp-block-column is-vertically-aligned-center is-layout-flow wp-block-column-is-layout-flow\">\n<p>L'unit\u00e0 flash USB Super Mini \u00e8 un prodotto ultra-miniaturizzato. Presenta un design compatto e delicato, con un involucro in materiale plastico duro, robusto e durevole.<\/p>\n\n\n\n<p>Pu\u00f2 essere facilmente riposto in piccoli spazi come tasche o portachiavi, rendendolo comodo da portare sempre con s\u00e9.<\/p>\n\n\n\n<p>Offre agli utenti una comoda soluzione di archiviazione mobile, in grado di gestire senza problemi attivit\u00e0 come il trasferimento di documenti, il backup di foto o l'archiviazione di musica e video.<\/p>\n<\/div>\n<\/div>\n\n\n\n<h3 class=\"wp-block-heading\"><strong>Interfaccia e parametri dell'unit\u00e0 flash USB Super Mini <\/strong><strong><\/strong><\/h3>\n\n\n\n<figure class=\"wp-block-table\"><table class=\"has-fixed-layout\"><tbody><tr><td>Categoria di parametri<\/td><td>Dettagli<\/td><\/tr><tr><td>Capacit\u00e0<\/td><td>16GB, 32GB, 64GB, 128GB, 256GB, 512GB, 1TB<\/td><\/tr><tr><td>Dimensione<\/td><td>23*12 mm<\/td><\/tr><tr><td>Velocit\u00e0 di lettura\/scrittura<\/td><td>La velocit\u00e0 massima di lettura raggiunge i 120MB\/s e la velocit\u00e0 massima di scrittura i 40MB\/s. Consente di trasferire in modo efficiente file di grandi dimensioni: persino un film ad alta definizione da 5 GB pu\u00f2 essere trasferito in poco pi\u00f9 di un minuto, con un notevole risparmio sui tempi di attesa.<\/td><\/tr><tr><td>Dispositivi compatibili<\/td><td>Compatibile con i dispositivi dotati di interfaccia USB, tra cui computer (Windows, Mac OS, ecc.), computer portatili, smart TV, sistemi audio per auto, ecc.<\/td><\/tr><\/tbody><\/table><\/figure>\n\n\n\n<h3 class=\"wp-block-heading\"><strong>Colore dell'unit\u00e0 flash USB Super Mini <\/strong><strong><\/strong><\/h3>\n\n\n\n<div class=\"wp-block-columns is-layout-flex wp-container-core-columns-is-layout-28f84493 wp-block-columns-is-layout-flex\">\n<div class=\"wp-block-column is-layout-flow wp-block-column-is-layout-flow\">\n<figure class=\"wp-block-image aligncenter size-full is-resized\"><img decoding=\"async\" width=\"760\" height=\"760\" src=\"https:\/\/www.usborkeychain.com\/wp-content\/uploads\/Super-Mini-USB-Flash-Drive-Supplier.jpg\" alt=\"Super Mini USB Flash Drive Supplier\" class=\"wp-image-3307\" style=\"width:450px\" srcset=\"https:\/\/www.usborkeychain.com\/wp-content\/uploads\/Super-Mini-USB-Flash-Drive-Supplier.jpg 760w, https:\/\/www.usborkeychain.com\/wp-content\/uploads\/Super-Mini-USB-Flash-Drive-Supplier-300x300.jpg 300w, https:\/\/www.usborkeychain.com\/wp-content\/uploads\/Super-Mini-USB-Flash-Drive-Supplier-150x150.jpg 150w, https:\/\/www.usborkeychain.com\/wp-content\/uploads\/Super-Mini-USB-Flash-Drive-Supplier-12x12.jpg 12w, https:\/\/www.usborkeychain.com\/wp-content\/uploads\/Super-Mini-USB-Flash-Drive-Supplier-600x600.jpg 600w, https:\/\/www.usborkeychain.com\/wp-content\/uploads\/Super-Mini-USB-Flash-Drive-Supplier-100x100.jpg 100w\" sizes=\"(max-width: 760px) 100vw, 760px\" \/><\/figure>\n<\/div>\n\n\n\n<div class=\"wp-block-column is-vertically-aligned-center is-layout-flow wp-block-column-is-layout-flow\">\n<p>L'unit\u00e0 flash USB Super Mini \u00e8 disponibile in un classico colore nero. Questo nero non \u00e8 monotono o monotono; al contrario, grazie al materiale plastico duro, presenta un nero profondo e strutturato. Sotto la luce, la superficie emette un sottile bagliore opaco, che emana sia un contegno tranquillo e costante che un senso di raffinatezza.<\/p>\n\n\n\n<p>A differenza dei materiali metallici, non lascia facilmente impronte digitali, mantenendo un aspetto pulito e ordinato nell'uso quotidiano e adattandosi a vari scenari di utilizzo e stili di dispositivi.<\/p>\n<\/div>\n<\/div>\n\n\n\n<h3 class=\"wp-block-heading\"><strong>La chiavetta USB Super Mini pu\u00f2 essere personalizzata con un logo? <\/strong><strong><\/strong><\/h3>\n\n\n\n<p>L'unit\u00e0 flash USB Super Mini supporta la personalizzazione del logo. I loghi esclusivi possono essere presentati sia sul fronte che sul retro della chiavetta USB attraverso processi di serigrafia o di stampa a colori.<\/p>\n\n\n\n<p>Sia che venga personalizzata dalle aziende per la promozione del marchio, con i loghi aziendali stampati su di essa come regali aziendali, sia che venga personalizzata dai singoli per creare unit\u00e0 USB uniche e personalizzate con i motivi o i testi preferiti, pu\u00f2 essere facilmente realizzata, rendendo questa unit\u00e0 USB sia pratica che di esclusivo valore commemorativo.<\/p>\n\n\n\n<div class=\"wp-block-columns is-layout-flex wp-container-core-columns-is-layout-28f84493 wp-block-columns-is-layout-flex\">\n<div class=\"wp-block-column is-layout-flow wp-block-column-is-layout-flow\">\n<figure class=\"wp-block-image aligncenter size-full is-resized\"><img decoding=\"async\" width=\"950\" height=\"950\" src=\"https:\/\/www.usborkeychain.com\/wp-content\/uploads\/Super-Mini-USB-Flash-Drive.jpg\" alt=\"Super Mini USB Flash Drive\" class=\"wp-image-3308\" style=\"width:450px\" srcset=\"https:\/\/www.usborkeychain.com\/wp-content\/uploads\/Super-Mini-USB-Flash-Drive.jpg 950w, https:\/\/www.usborkeychain.com\/wp-content\/uploads\/Super-Mini-USB-Flash-Drive-300x300.jpg 300w, https:\/\/www.usborkeychain.com\/wp-content\/uploads\/Super-Mini-USB-Flash-Drive-150x150.jpg 150w, https:\/\/www.usborkeychain.com\/wp-content\/uploads\/Super-Mini-USB-Flash-Drive-768x768.jpg 768w, https:\/\/www.usborkeychain.com\/wp-content\/uploads\/Super-Mini-USB-Flash-Drive-12x12.jpg 12w, https:\/\/www.usborkeychain.com\/wp-content\/uploads\/Super-Mini-USB-Flash-Drive-600x600.jpg 600w, https:\/\/www.usborkeychain.com\/wp-content\/uploads\/Super-Mini-USB-Flash-Drive-100x100.jpg 100w\" sizes=\"(max-width: 950px) 100vw, 950px\" \/><\/figure>\n<\/div>\n\n\n\n<div class=\"wp-block-column is-layout-flow wp-block-column-is-layout-flow\">\n<figure class=\"wp-block-image aligncenter size-full is-resized\"><img loading=\"lazy\" decoding=\"async\" width=\"760\" height=\"760\" src=\"https:\/\/www.usborkeychain.com\/wp-content\/uploads\/China-Super-Mini-USB-Flash-Drive.jpg\" alt=\"China Super Mini USB Flash Drive\" class=\"wp-image-3305\" style=\"width:450px\" srcset=\"https:\/\/www.usborkeychain.com\/wp-content\/uploads\/China-Super-Mini-USB-Flash-Drive.jpg 760w, https:\/\/www.usborkeychain.com\/wp-content\/uploads\/China-Super-Mini-USB-Flash-Drive-300x300.jpg 300w, https:\/\/www.usborkeychain.com\/wp-content\/uploads\/China-Super-Mini-USB-Flash-Drive-150x150.jpg 150w, https:\/\/www.usborkeychain.com\/wp-content\/uploads\/China-Super-Mini-USB-Flash-Drive-12x12.jpg 12w, https:\/\/www.usborkeychain.com\/wp-content\/uploads\/China-Super-Mini-USB-Flash-Drive-600x600.jpg 600w, https:\/\/www.usborkeychain.com\/wp-content\/uploads\/China-Super-Mini-USB-Flash-Drive-100x100.jpg 100w\" sizes=\"(max-width: 760px) 100vw, 760px\" \/><\/figure>\n<\/div>\n<\/div>\n\n\n\n<h3 class=\"wp-block-heading\"><strong>Sintesi <\/strong><strong><\/strong><\/h3>\n\n\n\n<p>L'unit\u00e0 flash USB Super Mini si distingue come scelta di alta qualit\u00e0 per l'archiviazione mobile, con un design ultra-mini in plastica rigida, un'interfaccia USB 3.0 ad alta velocit\u00e0, diverse opzioni di capacit\u00e0, un classico colore nero testurizzato e il supporto per la personalizzazione del logo.<\/p>\n\n\n\n<p>Che si tratti del trasferimento quotidiano di documenti in ufficio, dell'archiviazione di musica in auto o della personalizzazione di regali esclusivi, soddisfa senza problemi le esigenze degli utenti, offrendo loro un'esperienza di archiviazione comoda e personalizzata.<\/p>\n\n\n\n<p><\/p>","protected":false},"excerpt":{"rendered":"<ul>\n<li>Design ultracompatto<\/li>\n<li>Struttura in plastica dura e resistente<\/li>\n<li>Trasferimento dati ad alta velocit\u00e0<\/li>\n<li>Trasferimento dati ad alta velocit\u00e0<\/li>\n<li>Opzioni di logo personalizzabili<\/li>\n<\/ul>","protected":false},"featured_media":3306,"comment_status":"open","ping_status":"closed","template":"","meta":{"_seopress_robots_primary_cat":"none","_seopress_titles_title":"Super Mini USB Flash Drive","_seopress_titles_desc":"","_seopress_robots_index":"","site-sidebar-layout":"default","site-content-layout":"","ast-site-content-layout":"","site-content-style":"default","site-sidebar-style":"default","ast-global-header-display":"","ast-banner-title-visibility":"","ast-main-header-display":"","ast-hfb-above-header-display":"","ast-hfb-below-header-display":"","ast-hfb-mobile-header-display":"","site-post-title":"","ast-breadcrumbs-content":"","ast-featured-img":"","footer-sml-layout":"","theme-transparent-header-meta":"","adv-header-id-meta":"","stick-header-meta":"","header-above-stick-meta":"","header-main-stick-meta":"","header-below-stick-meta":"","astra-migrate-meta-layouts":"default","ast-page-background-enabled":"default","ast-page-background-meta":{"desktop":{"background-color":"var(--ast-global-color-5)","background-image":"","background-repeat":"repeat","background-position":"center center","background-size":"auto","background-attachment":"scroll","background-type":"","background-media":"","overlay-type":"","overlay-color":"","overlay-opacity":"","overlay-gradient":""},"tablet":{"background-color":"","background-image":"","background-repeat":"repeat","background-position":"center center","background-size":"auto","background-attachment":"scroll","background-type":"","background-media":"","overlay-type":"","overlay-color":"","overlay-opacity":"","overlay-gradient":""},"mobile":{"background-color":"","background-image":"","background-repeat":"repeat","background-position":"center center","background-size":"auto","background-attachment":"scroll","background-type":"","background-media":"","overlay-type":"","overlay-color":"","overlay-opacity":"","overlay-gradient":""}},"ast-content-background-meta":{"desktop":{"background-color":"var(--ast-global-color-4)","background-image":"","background-repeat":"repeat","background-position":"center center","background-size":"auto","background-attachment":"scroll","background-type":"","background-media":"","overlay-type":"","overlay-color":"","overlay-opacity":"","overlay-gradient":""},"tablet":{"background-color":"var(--ast-global-color-4)","background-image":"","background-repeat":"repeat","background-position":"center center","background-size":"auto","background-attachment":"scroll","background-type":"","background-media":"","overlay-type":"","overlay-color":"","overlay-opacity":"","overlay-gradient":""},"mobile":{"background-color":"var(--ast-global-color-4)","background-image":"","background-repeat":"repeat","background-position":"center center","background-size":"auto","background-attachment":"scroll","background-type":"","background-media":"","overlay-type":"","overlay-color":"","overlay-opacity":"","overlay-gradient":""}}},"product_brand":[],"product_cat":[113],"product_tag":[],"class_list":{"0":"post-3300","1":"product","2":"type-product","3":"status-publish","4":"has-post-thumbnail","6":"product_cat-mini-usb-pendrive","7":"desktop-align-left","8":"tablet-align-left","9":"mobile-align-left","11":"first","12":"instock","13":"shipping-taxable","14":"product-type-simple"},"_links":{"self":[{"href":"https:\/\/www.usborkeychain.com\/it\/wp-json\/wp\/v2\/product\/3300","targetHints":{"allow":["GET"]}}],"collection":[{"href":"https:\/\/www.usborkeychain.com\/it\/wp-json\/wp\/v2\/product"}],"about":[{"href":"https:\/\/www.usborkeychain.com\/it\/wp-json\/wp\/v2\/types\/product"}],"replies":[{"embeddable":true,"href":"https:\/\/www.usborkeychain.com\/it\/wp-json\/wp\/v2\/comments?post=3300"}],"wp:featuredmedia":[{"embeddable":true,"href":"https:\/\/www.usborkeychain.com\/it\/wp-json\/wp\/v2\/media\/3306"}],"wp:attachment":[{"href":"https:\/\/www.usborkeychain.com\/it\/wp-json\/wp\/v2\/media?parent=3300"}],"wp:term":[{"taxonomy":"product_brand","embeddable":true,"href":"https:\/\/www.usborkeychain.com\/it\/wp-json\/wp\/v2\/product_brand?post=3300"},{"taxonomy":"product_cat","embeddable":true,"href":"https:\/\/www.usborkeychain.com\/it\/wp-json\/wp\/v2\/product_cat?post=3300"},{"taxonomy":"product_tag","embeddable":true,"href":"https:\/\/www.usborkeychain.com\/it\/wp-json\/wp\/v2\/product_tag?post=3300"}],"curies":[{"name":"wp","href":"https:\/\/api.w.org\/{rel}","templated":true}]}}