{"id":3384,"date":"2025-06-25T03:50:45","date_gmt":"2025-06-25T03:50:45","guid":{"rendered":"https:\/\/www.usborkeychain.com\/?post_type=product&#038;p=3384"},"modified":"2025-06-25T07:34:00","modified_gmt":"2025-06-25T07:34:00","slug":"brightcolor-mobile-usb-flash-drive","status":"publish","type":"product","link":"https:\/\/www.usborkeychain.com\/it\/prodotto\/brightcolor-mobile-usb-flash-drive\/","title":{"rendered":"Unit\u00e0 flash USB C in alluminio BrightColor"},"content":{"rendered":"<div class=\"wp-block-columns is-layout-flex wp-container-core-columns-is-layout-28f84493 wp-block-columns-is-layout-flex\">\n<div class=\"wp-block-column is-layout-flow wp-block-column-is-layout-flow\">\n<figure class=\"wp-block-image size-full\"><img fetchpriority=\"high\" decoding=\"async\" width=\"750\" height=\"750\" src=\"https:\/\/www.usborkeychain.com\/wp-content\/uploads\/usb-c-256gb-flash-drive.jpg\" alt=\"usb c 256gb flash drive\" class=\"wp-image-3396\" srcset=\"https:\/\/www.usborkeychain.com\/wp-content\/uploads\/usb-c-256gb-flash-drive.jpg 750w, https:\/\/www.usborkeychain.com\/wp-content\/uploads\/usb-c-256gb-flash-drive-300x300.jpg 300w, https:\/\/www.usborkeychain.com\/wp-content\/uploads\/usb-c-256gb-flash-drive-150x150.jpg 150w, https:\/\/www.usborkeychain.com\/wp-content\/uploads\/usb-c-256gb-flash-drive-12x12.jpg 12w, https:\/\/www.usborkeychain.com\/wp-content\/uploads\/usb-c-256gb-flash-drive-600x600.jpg 600w, https:\/\/www.usborkeychain.com\/wp-content\/uploads\/usb-c-256gb-flash-drive-100x100.jpg 100w\" sizes=\"(max-width: 750px) 100vw, 750px\" \/><\/figure>\n<\/div>\n\n\n\n<div class=\"wp-block-column is-vertically-aligned-center is-layout-flow wp-block-column-is-layout-flow\">\n<p>L'unit\u00e0 flash USB mobile BrightColor \u00e8 il primo modello USB mobile lanciato da YOUSAN USB Factory. <\/p>\n\n\n\n<p>Con un design classico a barra lunga e un guscio in lega di alluminio, pu\u00f2 essere utilizzato sia su telefoni cellulari che su computer.<\/p>\n\n\n\n<p> Si tratta di una scelta eccellente per i produttori, che possono acquistarla all'ingrosso o personalizzarla come regalo, e anche di uno dei modelli USB con il maggior volume di ordini per le unit\u00e0 USB mobili.<\/p>\n<\/div>\n<\/div>\n\n\n\n<div style=\"height:50px\" aria-hidden=\"true\" class=\"wp-block-spacer\"><\/div>\n\n\n\n<h4 class=\"wp-block-heading\">Qual \u00e8 il materiale della chiavetta USB mobile BrightColor?<\/h4>\n\n\n\n<div class=\"wp-block-columns is-layout-flex wp-container-core-columns-is-layout-28f84493 wp-block-columns-is-layout-flex\">\n<div class=\"wp-block-column is-vertically-aligned-center is-layout-flow wp-block-column-is-layout-flow\">\n<p>La classica unit\u00e0 flash USB mobile BrightColor \u00e8 realizzata in lega di alluminio, estremamente leggera: l'intero guscio pesa solo 8g. <\/p>\n\n\n\n<p>La superficie del guscio USB \u00e8 trattata con un processo di smerigliatura, che non solo \u00e8 antiscivolo e resistente all'usura, ma offre anche una sensazione delicata e confortevole alla mano. <\/p>\n\n\n\n<p>Inoltre, evita di lasciare impronte digitali sul guscio durante l'uso. Grazie all'avanzata tecnologia di ossidazione, il guscio pu\u00f2 essere ossidato in vari colori, in particolare in tonalit\u00e0 vivaci, per soddisfare le esigenze personalizzate dei clienti in termini di aspetto.<\/p>\n<\/div>\n\n\n\n<div class=\"wp-block-column is-layout-flow wp-block-column-is-layout-flow\">\n<figure class=\"wp-block-image size-full\"><img decoding=\"async\" width=\"805\" height=\"499\" src=\"https:\/\/www.usborkeychain.com\/wp-content\/uploads\/usb-c-storage-drive.jpg\" alt=\"usb c storage drive\" class=\"wp-image-3400\" srcset=\"https:\/\/www.usborkeychain.com\/wp-content\/uploads\/usb-c-storage-drive.jpg 805w, https:\/\/www.usborkeychain.com\/wp-content\/uploads\/usb-c-storage-drive-300x186.jpg 300w, https:\/\/www.usborkeychain.com\/wp-content\/uploads\/usb-c-storage-drive-768x476.jpg 768w, https:\/\/www.usborkeychain.com\/wp-content\/uploads\/usb-c-storage-drive-18x12.jpg 18w, https:\/\/www.usborkeychain.com\/wp-content\/uploads\/usb-c-storage-drive-600x372.jpg 600w\" sizes=\"(max-width: 805px) 100vw, 805px\" \/><\/figure>\n<\/div>\n<\/div>\n\n\n\n<h4 class=\"wp-block-heading\">Parametri dell'unit\u00e0 flash USB BrightColor mobile<\/h4>\n\n\n\n<p>L'unit\u00e0 flash USB BrightColor mobile supporta il doppio utilizzo su computer e telefoni cellulari. <\/p>\n\n\n\n<p>Un'estremit\u00e0 \u00e8 un'interfaccia USB standard, adatta a vari dispositivi informatici; l'altra estremit\u00e0 \u00e8 un'interfaccia Android, che pu\u00f2 essere inserita direttamente nei telefoni Android per leggere i dati. Per i telefoni con interfaccia Type-c, pu\u00f2 essere collegata con un adattatore e supporta anche la personalizzazione di modelli esclusivi con interfaccia Type-c attraverso l'apertura dello stampo.<\/p>\n\n\n\n<div class=\"wp-block-columns is-layout-flex wp-container-core-columns-is-layout-28f84493 wp-block-columns-is-layout-flex\">\n<div class=\"wp-block-column is-layout-flow wp-block-column-is-layout-flow\">\n<figure class=\"wp-block-image size-full\"><img decoding=\"async\" width=\"800\" height=\"800\" src=\"https:\/\/www.usborkeychain.com\/wp-content\/uploads\/usb-c-storage-devices.jpg\" alt=\"usb c storage devices\" class=\"wp-image-3398\" srcset=\"https:\/\/www.usborkeychain.com\/wp-content\/uploads\/usb-c-storage-devices.jpg 800w, https:\/\/www.usborkeychain.com\/wp-content\/uploads\/usb-c-storage-devices-300x300.jpg 300w, https:\/\/www.usborkeychain.com\/wp-content\/uploads\/usb-c-storage-devices-150x150.jpg 150w, https:\/\/www.usborkeychain.com\/wp-content\/uploads\/usb-c-storage-devices-768x768.jpg 768w, https:\/\/www.usborkeychain.com\/wp-content\/uploads\/usb-c-storage-devices-12x12.jpg 12w, https:\/\/www.usborkeychain.com\/wp-content\/uploads\/usb-c-storage-devices-600x600.jpg 600w, https:\/\/www.usborkeychain.com\/wp-content\/uploads\/usb-c-storage-devices-100x100.jpg 100w\" sizes=\"(max-width: 800px) 100vw, 800px\" \/><\/figure>\n<\/div>\n\n\n\n<div class=\"wp-block-column is-layout-flow wp-block-column-is-layout-flow\">\n<figure class=\"wp-block-image size-full\"><img loading=\"lazy\" decoding=\"async\" width=\"800\" height=\"800\" src=\"https:\/\/www.usborkeychain.com\/wp-content\/uploads\/usb-type-c-storage-drive.jpg\" alt=\"usb type c storage drive\" class=\"wp-image-3401\" srcset=\"https:\/\/www.usborkeychain.com\/wp-content\/uploads\/usb-type-c-storage-drive.jpg 800w, https:\/\/www.usborkeychain.com\/wp-content\/uploads\/usb-type-c-storage-drive-300x300.jpg 300w, https:\/\/www.usborkeychain.com\/wp-content\/uploads\/usb-type-c-storage-drive-150x150.jpg 150w, https:\/\/www.usborkeychain.com\/wp-content\/uploads\/usb-type-c-storage-drive-768x768.jpg 768w, https:\/\/www.usborkeychain.com\/wp-content\/uploads\/usb-type-c-storage-drive-12x12.jpg 12w, https:\/\/www.usborkeychain.com\/wp-content\/uploads\/usb-type-c-storage-drive-600x600.jpg 600w, https:\/\/www.usborkeychain.com\/wp-content\/uploads\/usb-type-c-storage-drive-100x100.jpg 100w\" sizes=\"(max-width: 800px) 100vw, 800px\" \/><\/figure>\n<\/div>\n\n\n\n<div class=\"wp-block-column is-layout-flow wp-block-column-is-layout-flow\">\n<figure class=\"wp-block-image size-full\"><img loading=\"lazy\" decoding=\"async\" width=\"800\" height=\"800\" src=\"https:\/\/www.usborkeychain.com\/wp-content\/uploads\/pen-usb-type-c.jpg\" alt=\"pen usb type c\" class=\"wp-image-3392\" srcset=\"https:\/\/www.usborkeychain.com\/wp-content\/uploads\/pen-usb-type-c.jpg 800w, https:\/\/www.usborkeychain.com\/wp-content\/uploads\/pen-usb-type-c-300x300.jpg 300w, https:\/\/www.usborkeychain.com\/wp-content\/uploads\/pen-usb-type-c-150x150.jpg 150w, https:\/\/www.usborkeychain.com\/wp-content\/uploads\/pen-usb-type-c-768x768.jpg 768w, https:\/\/www.usborkeychain.com\/wp-content\/uploads\/pen-usb-type-c-12x12.jpg 12w, https:\/\/www.usborkeychain.com\/wp-content\/uploads\/pen-usb-type-c-600x600.jpg 600w, https:\/\/www.usborkeychain.com\/wp-content\/uploads\/pen-usb-type-c-100x100.jpg 100w\" sizes=\"(max-width: 800px) 100vw, 800px\" \/><\/figure>\n<\/div>\n<\/div>\n\n\n\n<p> In termini di velocit\u00e0 di trasmissione, offre due opzioni di interfaccia: USB2.0 e USB3.0 ad alta velocit\u00e0, per soddisfare le esigenze di trasmissione dei dati in diversi scenari. I parametri specifici sono i seguenti:<\/p>\n\n\n\n<figure class=\"wp-block-table\"><table class=\"has-fixed-layout\"><thead><tr><th>Progetto<\/th><th>Dettagli sui parametri<\/th><\/tr><\/thead><tbody><tr><td>Tipo di interfaccia<\/td><td>Un'estremit\u00e0 USB, un'estremit\u00e0 Android (\u00e8 supportata la personalizzazione Type-c)<\/td><\/tr><tr><td>Trasmissione standard<\/td><td>USB2.0\/USB3.0 (opzionale)<\/td><\/tr><tr><td>Materiale<\/td><td>Lega di alluminio<\/td><\/tr><tr><td>Gamma di capacit\u00e0<\/td><td>1GB - 256GB (personalizzabile)<\/td><\/tr><tr><td>Temperatura di esercizio<\/td><td>-25\u2103 ~ 85\u2103<\/td><\/tr><tr><td>Temperatura di stoccaggio<\/td><td>-40\u2103 ~ 95\u2103<\/td><\/tr><\/tbody><\/table><\/figure>\n\n\n\n<h4 class=\"wp-block-heading\">Come utilizzare la chiavetta USB BrightColor mobile?<\/h4>\n\n\n\n<div class=\"wp-block-columns is-layout-flex wp-container-core-columns-is-layout-28f84493 wp-block-columns-is-layout-flex\">\n<div class=\"wp-block-column is-layout-flow wp-block-column-is-layout-flow\">\n<figure class=\"wp-block-image size-full\"><img loading=\"lazy\" decoding=\"async\" width=\"800\" height=\"800\" src=\"https:\/\/www.usborkeychain.com\/wp-content\/uploads\/best-usb-c-flash-drive.jpg\" alt=\"best usb c flash drive\" class=\"wp-image-3387\" srcset=\"https:\/\/www.usborkeychain.com\/wp-content\/uploads\/best-usb-c-flash-drive.jpg 800w, https:\/\/www.usborkeychain.com\/wp-content\/uploads\/best-usb-c-flash-drive-300x300.jpg 300w, https:\/\/www.usborkeychain.com\/wp-content\/uploads\/best-usb-c-flash-drive-150x150.jpg 150w, https:\/\/www.usborkeychain.com\/wp-content\/uploads\/best-usb-c-flash-drive-768x768.jpg 768w, https:\/\/www.usborkeychain.com\/wp-content\/uploads\/best-usb-c-flash-drive-12x12.jpg 12w, https:\/\/www.usborkeychain.com\/wp-content\/uploads\/best-usb-c-flash-drive-600x600.jpg 600w, https:\/\/www.usborkeychain.com\/wp-content\/uploads\/best-usb-c-flash-drive-100x100.jpg 100w\" sizes=\"(max-width: 800px) 100vw, 800px\" \/><\/figure>\n<\/div>\n\n\n\n<div class=\"wp-block-column is-vertically-aligned-center is-layout-flow wp-block-column-is-layout-flow\">\n<ul class=\"wp-block-list\">\n<li><strong>Collegare il dispositivo<\/strong>: Inserire direttamente l'interfaccia Android dell'unit\u00e0 flash USB BrightColor mobile nell'interfaccia corrispondente di un telefono Android. \u00c8 plug-and-play e non richiede driver aggiuntivi.<\/li>\n\n\n\n<li><strong>Leggi i dati<\/strong>: Dopo la connessione, individuare il dispositivo USB nella gestione dei file del telefono per eseguire operazioni quali la memorizzazione, la lettura e l'eliminazione dei file.<\/li>\n\n\n\n<li><strong>Utilizzo con iPhone<\/strong>Gli utenti di iPhone devono utilizzare un adattatore dedicato per collegare l'unit\u00e0 USB al telefono e affidarsi all'APP corrispondente per la trasmissione e la gestione dei dati.<\/li>\n<\/ul>\n<\/div>\n<\/div>\n\n\n\n<h4 class=\"wp-block-heading\">La chiavetta USB BrightColor mobile pu\u00f2 essere personalizzata con un logo?<\/h4>\n\n\n\n<p>In qualit\u00e0 di fabbrica di prodotti USB, offriamo due processi di personalizzazione principali per le chiavette USB BrightColor: l'incisione laser e la serigrafia. Il processo di incisione laser \u00e8 in grado di presentare accuratamente i dettagli del logo, con resistenza all'usura e assenza di sbiadimento del colore; il processo di serigrafia offre colori vivaci e modelli chiari. Entrambi i processi sono adatti alla personalizzazione dei regali aziendali e soddisfano le esigenze dei diversi clienti, dalla produzione di massa alla personalizzazione. Secondo il feedback del mercato, la maggior parte dei clienti B2B preferisce il processo di incisione laser per la personalizzazione del logo, per migliorare la consistenza del regalo e l'immagine del marchio.<\/p>\n\n\n\n<div class=\"wp-block-columns is-layout-flex wp-container-core-columns-is-layout-28f84493 wp-block-columns-is-layout-flex\">\n<div class=\"wp-block-column is-layout-flow wp-block-column-is-layout-flow\">\n<figure class=\"wp-block-image size-full\"><img loading=\"lazy\" decoding=\"async\" width=\"800\" height=\"800\" src=\"https:\/\/www.usborkeychain.com\/wp-content\/uploads\/c-thumb-drive.jpg\" alt=\"c thumb drive\" class=\"wp-image-3389\" srcset=\"https:\/\/www.usborkeychain.com\/wp-content\/uploads\/c-thumb-drive.jpg 800w, https:\/\/www.usborkeychain.com\/wp-content\/uploads\/c-thumb-drive-300x300.jpg 300w, https:\/\/www.usborkeychain.com\/wp-content\/uploads\/c-thumb-drive-150x150.jpg 150w, https:\/\/www.usborkeychain.com\/wp-content\/uploads\/c-thumb-drive-768x768.jpg 768w, https:\/\/www.usborkeychain.com\/wp-content\/uploads\/c-thumb-drive-12x12.jpg 12w, https:\/\/www.usborkeychain.com\/wp-content\/uploads\/c-thumb-drive-600x600.jpg 600w, https:\/\/www.usborkeychain.com\/wp-content\/uploads\/c-thumb-drive-100x100.jpg 100w\" sizes=\"(max-width: 800px) 100vw, 800px\" \/><\/figure>\n<\/div>\n\n\n\n<div class=\"wp-block-column is-layout-flow wp-block-column-is-layout-flow\">\n<figure class=\"wp-block-image size-full\"><img loading=\"lazy\" decoding=\"async\" width=\"800\" height=\"800\" src=\"https:\/\/www.usborkeychain.com\/wp-content\/uploads\/usb-3.1-usb-stick-custom-logo.jpg\" alt=\"usb 3.1 usb stick custom logo\" class=\"wp-image-3395\" srcset=\"https:\/\/www.usborkeychain.com\/wp-content\/uploads\/usb-3.1-usb-stick-custom-logo.jpg 800w, https:\/\/www.usborkeychain.com\/wp-content\/uploads\/usb-3.1-usb-stick-custom-logo-300x300.jpg 300w, https:\/\/www.usborkeychain.com\/wp-content\/uploads\/usb-3.1-usb-stick-custom-logo-150x150.jpg 150w, https:\/\/www.usborkeychain.com\/wp-content\/uploads\/usb-3.1-usb-stick-custom-logo-768x768.jpg 768w, https:\/\/www.usborkeychain.com\/wp-content\/uploads\/usb-3.1-usb-stick-custom-logo-12x12.jpg 12w, https:\/\/www.usborkeychain.com\/wp-content\/uploads\/usb-3.1-usb-stick-custom-logo-600x600.jpg 600w, https:\/\/www.usborkeychain.com\/wp-content\/uploads\/usb-3.1-usb-stick-custom-logo-100x100.jpg 100w\" sizes=\"(max-width: 800px) 100vw, 800px\" \/><\/figure>\n<\/div>\n<\/div>\n\n\n\n<p><strong>Conclusione<\/strong>: Grazie al suo design classico, al materiale di alta qualit\u00e0, alle funzioni pratiche e ai diversi processi di personalizzazione, l'unit\u00e0 flash USB mobile BrightColor \u00e8 diventata la scelta ideale per i produttori e i grossisti per l'acquisto di dispositivi di archiviazione e la personalizzazione di regali aziendali.<\/p>\n\n\n\n<p><\/p>","protected":false},"excerpt":{"rendered":"<ul>\n<li>Stile USB C e USB a lucido<\/li>\n<li>Design a strisce lunghe<\/li>\n<li>Materiale in lega di alluminio Involucro<\/li>\n<li>Adatto per regali personalizzati<\/li>\n<li>Acquisto di prodotti sfusi da parte dei produttori<\/li>\n<\/ul>","protected":false},"featured_media":3389,"comment_status":"open","ping_status":"closed","template":"","meta":{"_seopress_robots_primary_cat":"none","_seopress_titles_title":"","_seopress_titles_desc":"","_seopress_robots_index":"","site-sidebar-layout":"default","site-content-layout":"","ast-site-content-layout":"","site-content-style":"default","site-sidebar-style":"default","ast-global-header-display":"","ast-banner-title-visibility":"","ast-main-header-display":"","ast-hfb-above-header-display":"","ast-hfb-below-header-display":"","ast-hfb-mobile-header-display":"","site-post-title":"","ast-breadcrumbs-content":"","ast-featured-img":"","footer-sml-layout":"","theme-transparent-header-meta":"","adv-header-id-meta":"","stick-header-meta":"","header-above-stick-meta":"","header-main-stick-meta":"","header-below-stick-meta":"","astra-migrate-meta-layouts":"default","ast-page-background-enabled":"default","ast-page-background-meta":{"desktop":{"background-color":"var(--ast-global-color-5)","background-image":"","background-repeat":"repeat","background-position":"center center","background-size":"auto","background-attachment":"scroll","background-type":"","background-media":"","overlay-type":"","overlay-color":"","overlay-opacity":"","overlay-gradient":""},"tablet":{"background-color":"","background-image":"","background-repeat":"repeat","background-position":"center center","background-size":"auto","background-attachment":"scroll","background-type":"","background-media":"","overlay-type":"","overlay-color":"","overlay-opacity":"","overlay-gradient":""},"mobile":{"background-color":"","background-image":"","background-repeat":"repeat","background-position":"center center","background-size":"auto","background-attachment":"scroll","background-type":"","background-media":"","overlay-type":"","overlay-color":"","overlay-opacity":"","overlay-gradient":""}},"ast-content-background-meta":{"desktop":{"background-color":"var(--ast-global-color-4)","background-image":"","background-repeat":"repeat","background-position":"center center","background-size":"auto","background-attachment":"scroll","background-type":"","background-media":"","overlay-type":"","overlay-color":"","overlay-opacity":"","overlay-gradient":""},"tablet":{"background-color":"var(--ast-global-color-4)","background-image":"","background-repeat":"repeat","background-position":"center center","background-size":"auto","background-attachment":"scroll","background-type":"","background-media":"","overlay-type":"","overlay-color":"","overlay-opacity":"","overlay-gradient":""},"mobile":{"background-color":"var(--ast-global-color-4)","background-image":"","background-repeat":"repeat","background-position":"center center","background-size":"auto","background-attachment":"scroll","background-type":"","background-media":"","overlay-type":"","overlay-color":"","overlay-opacity":"","overlay-gradient":""}}},"product_brand":[],"product_cat":[105],"product_tag":[185,180],"class_list":{"0":"post-3384","1":"product","2":"type-product","3":"status-publish","4":"has-post-thumbnail","6":"product_cat-usb-c-pendrive","7":"product_tag-aluminium-usb-flash-drive","8":"product_tag-usb-flash-drive-for-cell-phones","9":"desktop-align-left","10":"tablet-align-left","11":"mobile-align-left","13":"first","14":"instock","15":"shipping-taxable","16":"product-type-grouped"},"_links":{"self":[{"href":"https:\/\/www.usborkeychain.com\/it\/wp-json\/wp\/v2\/product\/3384","targetHints":{"allow":["GET"]}}],"collection":[{"href":"https:\/\/www.usborkeychain.com\/it\/wp-json\/wp\/v2\/product"}],"about":[{"href":"https:\/\/www.usborkeychain.com\/it\/wp-json\/wp\/v2\/types\/product"}],"replies":[{"embeddable":true,"href":"https:\/\/www.usborkeychain.com\/it\/wp-json\/wp\/v2\/comments?post=3384"}],"wp:featuredmedia":[{"embeddable":true,"href":"https:\/\/www.usborkeychain.com\/it\/wp-json\/wp\/v2\/media\/3389"}],"wp:attachment":[{"href":"https:\/\/www.usborkeychain.com\/it\/wp-json\/wp\/v2\/media?parent=3384"}],"wp:term":[{"taxonomy":"product_brand","embeddable":true,"href":"https:\/\/www.usborkeychain.com\/it\/wp-json\/wp\/v2\/product_brand?post=3384"},{"taxonomy":"product_cat","embeddable":true,"href":"https:\/\/www.usborkeychain.com\/it\/wp-json\/wp\/v2\/product_cat?post=3384"},{"taxonomy":"product_tag","embeddable":true,"href":"https:\/\/www.usborkeychain.com\/it\/wp-json\/wp\/v2\/product_tag?post=3384"}],"curies":[{"name":"wp","href":"https:\/\/api.w.org\/{rel}","templated":true}]}}