{"id":3432,"date":"2025-06-25T07:39:27","date_gmt":"2025-06-25T07:39:27","guid":{"rendered":"https:\/\/www.usborkeychain.com\/?post_type=product&#038;p=3432"},"modified":"2025-08-17T13:19:34","modified_gmt":"2025-08-17T13:19:34","slug":"iron-man-mobile-usb-flash-drive","status":"publish","type":"product","link":"https:\/\/www.usborkeychain.com\/it\/prodotto\/iron-man-mobile-usb-flash-drive\/","title":{"rendered":"Chiavetta USB Iron Man Mobile"},"content":{"rendered":"<div class=\"wp-block-columns is-layout-flex wp-container-core-columns-is-layout-cc5f43ef wp-block-columns-is-layout-flex\" style=\"border-style:none;border-width:0px;padding-top:0;padding-bottom:0\">\n<div class=\"wp-block-column is-layout-flow wp-block-column-is-layout-flow\">\n<figure class=\"wp-block-image aligncenter size-full is-resized\"><img fetchpriority=\"high\" decoding=\"async\" width=\"800\" height=\"800\" src=\"https:\/\/www.usborkeychain.com\/wp-content\/uploads\/zinc-alloy-rotating-metal-usb-type-c-flash-drive-custom-logo.jpg\" alt=\"zinc alloy rotating metal usb type c flash drive-custom-logo\" class=\"wp-image-3438\" style=\"object-fit:cover;width:600px;height:600px\" srcset=\"https:\/\/www.usborkeychain.com\/wp-content\/uploads\/zinc-alloy-rotating-metal-usb-type-c-flash-drive-custom-logo.jpg 800w, https:\/\/www.usborkeychain.com\/wp-content\/uploads\/zinc-alloy-rotating-metal-usb-type-c-flash-drive-custom-logo-300x300.jpg 300w, https:\/\/www.usborkeychain.com\/wp-content\/uploads\/zinc-alloy-rotating-metal-usb-type-c-flash-drive-custom-logo-150x150.jpg 150w, https:\/\/www.usborkeychain.com\/wp-content\/uploads\/zinc-alloy-rotating-metal-usb-type-c-flash-drive-custom-logo-768x768.jpg 768w, https:\/\/www.usborkeychain.com\/wp-content\/uploads\/zinc-alloy-rotating-metal-usb-type-c-flash-drive-custom-logo-12x12.jpg 12w, https:\/\/www.usborkeychain.com\/wp-content\/uploads\/zinc-alloy-rotating-metal-usb-type-c-flash-drive-custom-logo-600x600.jpg 600w, https:\/\/www.usborkeychain.com\/wp-content\/uploads\/zinc-alloy-rotating-metal-usb-type-c-flash-drive-custom-logo-100x100.jpg 100w\" sizes=\"(max-width: 800px) 100vw, 800px\" \/><\/figure>\n<\/div>\n\n\n\n<div class=\"wp-block-column is-vertically-aligned-center is-layout-flow wp-block-column-is-layout-flow\">\n<p>L'unit\u00e0 flash USB mobile Iron Man \u00e8 un nuovo modello USB mobile lanciato con un classico design rotante.<\/p>\n\n\n\n<p>Realizzato in lega di zinco di alta qualit\u00e0, integra profondamente gli elementi di Iron Man e supporta il doppio utilizzo su telefoni cellulari e computer.<\/p>\n\n\n\n<p>In qualit\u00e0 di produttore professionista, \u00e8 uno dei modelli USB mobili creativi personalizzati da molte imprese e grossisti.<\/p>\n<\/div>\n<\/div>\n\n\n\n<div style=\"height:50px\" aria-hidden=\"true\" class=\"wp-block-spacer\"><\/div>\n\n\n\n<h3 class=\"wp-block-heading\">Qual \u00e8 il materiale della chiavetta USB mobile di Iron Man?<\/h3>\n\n\n\n<div style=\"height:30px\" aria-hidden=\"true\" class=\"wp-block-spacer\"><\/div>\n\n\n\n<p>La chiavetta USB mobile di Iron Man \u00e8 realizzata in lega di zinco di alta qualit\u00e0. Grazie a una precisa lavorazione artigianale, crea un effetto tridimensionale con texture concave e convesse, quindi utilizza elementi colorati per un riempimento preciso che restituisce perfettamente l'immagine di Iron Man. Il prodotto \u00e8 dotato di un design rotante a 360 gradi che elimina la necessit\u00e0 di rimuovere il tappo durante l'uso, evitando cos\u00ec il problema della perdita del tappo. Questo design garantisce sia l'estetica che la praticit\u00e0, rendendolo una scelta popolare per le fabbriche che producono unit\u00e0 USB distintive.<\/p>\n\n\n\n<div style=\"height:49px\" aria-hidden=\"true\" class=\"wp-block-spacer\"><\/div>\n\n\n\n<h3 class=\"wp-block-heading\">Parametri della chiavetta USB mobile Iron Man<\/h3>\n\n\n\n<div class=\"wp-block-columns is-layout-flex wp-container-core-columns-is-layout-28f84493 wp-block-columns-is-layout-flex\">\n<div class=\"wp-block-column is-vertically-aligned-center is-layout-flow wp-block-column-is-layout-flow\">\n<p>L'unit\u00e0 flash USB Iron Man Mobile supporta il doppio utilizzo per computer e telefoni cellulari. <\/p>\n\n\n\n<p> Un'estremit\u00e0 \u00e8 un connettore USB standard e l'altra \u00e8 un connettore Type-c per telefoni cellulari.<\/p>\n\n\n\n<p>Il dispositivo \u00e8 conforme allo standard di trasmissione ad alta velocit\u00e0 USB3.0, che garantisce una maggiore velocit\u00e0 di lettura e scrittura, ed \u00e8 inoltre retrocompatibile con lo standard USB2.0, per consentire l'utilizzo di un maggior numero di dispositivi. I parametri specifici sono i seguenti<\/p>\n<\/div>\n\n\n\n<div class=\"wp-block-column is-layout-flow wp-block-column-is-layout-flow\">\n<figure class=\"wp-block-image aligncenter size-full is-resized\"><img decoding=\"async\" width=\"800\" height=\"800\" src=\"https:\/\/www.usborkeychain.com\/wp-content\/uploads\/zinc-alloy-rotating-metal-usb-type-c-flash-drive.jpg\" alt=\"zinc alloy rotating metal usb type c flash drive\" class=\"wp-image-3437\" style=\"object-fit:cover;width:600px;height:600px\" srcset=\"https:\/\/www.usborkeychain.com\/wp-content\/uploads\/zinc-alloy-rotating-metal-usb-type-c-flash-drive.jpg 800w, https:\/\/www.usborkeychain.com\/wp-content\/uploads\/zinc-alloy-rotating-metal-usb-type-c-flash-drive-300x300.jpg 300w, https:\/\/www.usborkeychain.com\/wp-content\/uploads\/zinc-alloy-rotating-metal-usb-type-c-flash-drive-150x150.jpg 150w, https:\/\/www.usborkeychain.com\/wp-content\/uploads\/zinc-alloy-rotating-metal-usb-type-c-flash-drive-768x768.jpg 768w, https:\/\/www.usborkeychain.com\/wp-content\/uploads\/zinc-alloy-rotating-metal-usb-type-c-flash-drive-12x12.jpg 12w, https:\/\/www.usborkeychain.com\/wp-content\/uploads\/zinc-alloy-rotating-metal-usb-type-c-flash-drive-600x600.jpg 600w, https:\/\/www.usborkeychain.com\/wp-content\/uploads\/zinc-alloy-rotating-metal-usb-type-c-flash-drive-100x100.jpg 100w\" sizes=\"(max-width: 800px) 100vw, 800px\" \/><\/figure>\n<\/div>\n<\/div>\n\n\n\n<figure class=\"wp-block-table\"><table class=\"has-fixed-layout\"><thead><tr><th>Progetto<\/th><th>Dettagli sui parametri<\/th><\/tr><\/thead><tbody><tr><td>Tipo di interfaccia<\/td><td>USB + Tipo-C<\/td><\/tr><tr><td>Trasmissione standard<\/td><td>USB3.0 (compatibile con USB2.0)<\/td><\/tr><tr><td>Materiale<\/td><td>Lega di zinco<\/td><\/tr><tr><td>Caratteristiche del design<\/td><td>Rotazione a 360 gradi, modellazione tridimensionale di Iron Man<\/td><\/tr><tr><td>Colore<\/td><td>Schema di colori rosso-argento (a imitazione dell'armatura di Iron Man)<\/td><\/tr><tr><td>Gamma di capacit\u00e0<\/td><td>1GB - 256GB (personalizzabile)<\/td><\/tr><\/tbody><\/table><\/figure>\n\n\n\n<div style=\"height:50px\" aria-hidden=\"true\" class=\"wp-block-spacer\"><\/div>\n\n\n\n<h3 class=\"wp-block-heading\">La chiavetta USB mobile Iron Man pu\u00f2 essere personalizzata con un logo?<\/h3>\n\n\n\n<div style=\"height:50px\" aria-hidden=\"true\" class=\"wp-block-spacer\"><\/div>\n\n\n\n<div class=\"wp-block-columns is-layout-flex wp-container-core-columns-is-layout-28f84493 wp-block-columns-is-layout-flex\">\n<div class=\"wp-block-column is-layout-flow wp-block-column-is-layout-flow\">\n<figure class=\"wp-block-image aligncenter size-full is-resized\"><img decoding=\"async\" width=\"800\" height=\"800\" src=\"https:\/\/www.usborkeychain.com\/wp-content\/uploads\/zinc-alloy-rotating-metal-usb-type-c-flash-drive-wholesale.jpg\" alt=\"zinc alloy rotating metal usb type c flash drive-wholesale\" class=\"wp-image-3439\" style=\"object-fit:cover;width:600px;height:600px\" srcset=\"https:\/\/www.usborkeychain.com\/wp-content\/uploads\/zinc-alloy-rotating-metal-usb-type-c-flash-drive-wholesale.jpg 800w, https:\/\/www.usborkeychain.com\/wp-content\/uploads\/zinc-alloy-rotating-metal-usb-type-c-flash-drive-wholesale-300x300.jpg 300w, https:\/\/www.usborkeychain.com\/wp-content\/uploads\/zinc-alloy-rotating-metal-usb-type-c-flash-drive-wholesale-150x150.jpg 150w, https:\/\/www.usborkeychain.com\/wp-content\/uploads\/zinc-alloy-rotating-metal-usb-type-c-flash-drive-wholesale-768x768.jpg 768w, https:\/\/www.usborkeychain.com\/wp-content\/uploads\/zinc-alloy-rotating-metal-usb-type-c-flash-drive-wholesale-12x12.jpg 12w, https:\/\/www.usborkeychain.com\/wp-content\/uploads\/zinc-alloy-rotating-metal-usb-type-c-flash-drive-wholesale-600x600.jpg 600w, https:\/\/www.usborkeychain.com\/wp-content\/uploads\/zinc-alloy-rotating-metal-usb-type-c-flash-drive-wholesale-100x100.jpg 100w\" sizes=\"(max-width: 800px) 100vw, 800px\" \/><\/figure>\n<\/div>\n\n\n\n<div class=\"wp-block-column is-vertically-aligned-center is-layout-flow wp-block-column-is-layout-flow\">\n<p>a chiavetta USB mobile Iron Man supporta i servizi di personalizzazione del logo. <\/p>\n\n\n\n<p>Su un piano della clip rotante, il processo di incisione laser pu\u00f2 presentare loghi raffinati, mentre il processo di serigrafia pu\u00f2 stampare loghi a linee semplici. <\/p>\n\n\n\n<p>Sia che le aziende personalizzino i loghi dei marchi, sia che i grossisti creino prodotti esclusivi, siamo in grado di rispondere rapidamente alle esigenze e di fornire servizi one-stop, dalla progettazione alla produzione, per sostenere la promozione del marchio e la differenziazione dei prodotti.<\/p>\n<\/div>\n<\/div>\n\n\n\n<div style=\"height:50px\" aria-hidden=\"true\" class=\"wp-block-spacer\"><\/div>\n\n\n\n<h3 class=\"wp-block-heading\">La chiavetta USB mobile di Iron Man \u00e8 dotata di un portachiavi?<\/h3>\n\n\n\n<div style=\"height:30px\" aria-hidden=\"true\" class=\"wp-block-spacer\"><\/div>\n\n\n\n<p>In termini di design, la chiavetta USB mobile Iron Man \u00e8 dotata di un foro per portachiavi riservato alla testa rotante della clip, che consente agli utenti di installare facilmente un portachiavi in metallo per un comodo trasporto. Appesa a un portachiavi o utilizzata con uno zaino, pu\u00f2 soddisfare facilmente le esigenze di portabilit\u00e0, migliorando al contempo la decorativit\u00e0 e la praticit\u00e0 del prodotto.<\/p>\n\n\n\n<div style=\"height:50px\" aria-hidden=\"true\" class=\"wp-block-spacer\"><\/div>\n\n\n\n<h3 class=\"wp-block-heading\">\u00c8 possibile modificare il motivo di Iron Man sulla chiavetta USB mobile?<\/h3>\n\n\n\n<div class=\"wp-block-columns is-layout-flex wp-container-core-columns-is-layout-28f84493 wp-block-columns-is-layout-flex\">\n<div class=\"wp-block-column is-vertically-aligned-center is-layout-flow wp-block-column-is-layout-flow\">\n<p>Il modello della chiavetta USB mobile Iron Man \u00e8 formato attraverso un processo di apertura a stampo e attualmente non pu\u00f2 essere modificato direttamente.<\/p>\n\n\n\n<p>Se \u00e8 necessaria una modifica del modello, \u00e8 necessario riprogettare e aprire lo stampo, il che \u00e8 considerato un nuovo modello. <\/p>\n\n\n\n<p>In qualit\u00e0 di produttore, supportiamo i requisiti di apertura di stampi personalizzati dei clienti, seguendo l'intero processo, dai disegni di progettazione alla produzione di campioni, per soddisfare le esigenze di sviluppo di prodotti personalizzati.<\/p>\n<\/div>\n\n\n\n<div class=\"wp-block-column is-layout-flow wp-block-column-is-layout-flow\">\n<figure class=\"wp-block-image aligncenter size-full is-resized\"><img loading=\"lazy\" decoding=\"async\" width=\"800\" height=\"800\" src=\"https:\/\/www.usborkeychain.com\/wp-content\/uploads\/O1CN01WH7A4j1D0ZxGLPcta_2206735590154-0-cib.jpg_.webp.jpg\" alt=\"O1CN01WH7A4j1D0ZxGLPcta_!!2206735590154-0-cib.jpg_.webp\" class=\"wp-image-3436\" style=\"object-fit:cover;width:600px;height:600px\" srcset=\"https:\/\/www.usborkeychain.com\/wp-content\/uploads\/O1CN01WH7A4j1D0ZxGLPcta_2206735590154-0-cib.jpg_.webp.jpg 800w, https:\/\/www.usborkeychain.com\/wp-content\/uploads\/O1CN01WH7A4j1D0ZxGLPcta_2206735590154-0-cib.jpg_.webp-300x300.jpg 300w, https:\/\/www.usborkeychain.com\/wp-content\/uploads\/O1CN01WH7A4j1D0ZxGLPcta_2206735590154-0-cib.jpg_.webp-150x150.jpg 150w, https:\/\/www.usborkeychain.com\/wp-content\/uploads\/O1CN01WH7A4j1D0ZxGLPcta_2206735590154-0-cib.jpg_.webp-768x768.jpg 768w, https:\/\/www.usborkeychain.com\/wp-content\/uploads\/O1CN01WH7A4j1D0ZxGLPcta_2206735590154-0-cib.jpg_.webp-12x12.jpg 12w, https:\/\/www.usborkeychain.com\/wp-content\/uploads\/O1CN01WH7A4j1D0ZxGLPcta_2206735590154-0-cib.jpg_.webp-600x600.jpg 600w, https:\/\/www.usborkeychain.com\/wp-content\/uploads\/O1CN01WH7A4j1D0ZxGLPcta_2206735590154-0-cib.jpg_.webp-100x100.jpg 100w\" sizes=\"(max-width: 800px) 100vw, 800px\" \/><\/figure>\n<\/div>\n<\/div>\n\n\n\n<p>Sommario: Grazie alla sua forma elegante, alle prestazioni di trasmissione ad alta velocit\u00e0, ai servizi di personalizzazione diversificati e al design conveniente, l'unit\u00e0 flash USB Iron Man \u00e8 diventata una scelta eccellente per i produttori e i grossisti per creare prodotti pi\u00f9 venduti e conquistare quote di mercato.<\/p>\n\n\n\n<p><\/p>","protected":false},"excerpt":{"rendered":"<ul>\n<li>Disco U del telefono cellulare di Iron Man<\/li>\n<li>Interfaccia: USB + Tipo-C<\/li>\n<li>Capacit\u00e0: 8 GB - 256 GB<\/li>\n<li>L'U-Disk del telefono cellulare di Iron Man pu\u00f2 essere personalizzato con un logo<\/li>\n<\/ul>","protected":false},"featured_media":3437,"comment_status":"open","ping_status":"closed","template":"","meta":{"_seopress_robots_primary_cat":"","_seopress_titles_title":"","_seopress_titles_desc":"","_seopress_robots_index":"","site-sidebar-layout":"default","site-content-layout":"","ast-site-content-layout":"","site-content-style":"default","site-sidebar-style":"default","ast-global-header-display":"","ast-banner-title-visibility":"","ast-main-header-display":"","ast-hfb-above-header-display":"","ast-hfb-below-header-display":"","ast-hfb-mobile-header-display":"","site-post-title":"","ast-breadcrumbs-content":"","ast-featured-img":"","footer-sml-layout":"","theme-transparent-header-meta":"","adv-header-id-meta":"","stick-header-meta":"","header-above-stick-meta":"","header-main-stick-meta":"","header-below-stick-meta":"","astra-migrate-meta-layouts":"default","ast-page-background-enabled":"default","ast-page-background-meta":{"desktop":{"background-color":"var(--ast-global-color-5)","background-image":"","background-repeat":"repeat","background-position":"center center","background-size":"auto","background-attachment":"scroll","background-type":"","background-media":"","overlay-type":"","overlay-color":"","overlay-opacity":"","overlay-gradient":""},"tablet":{"background-color":"","background-image":"","background-repeat":"repeat","background-position":"center center","background-size":"auto","background-attachment":"scroll","background-type":"","background-media":"","overlay-type":"","overlay-color":"","overlay-opacity":"","overlay-gradient":""},"mobile":{"background-color":"","background-image":"","background-repeat":"repeat","background-position":"center center","background-size":"auto","background-attachment":"scroll","background-type":"","background-media":"","overlay-type":"","overlay-color":"","overlay-opacity":"","overlay-gradient":""}},"ast-content-background-meta":{"desktop":{"background-color":"var(--ast-global-color-4)","background-image":"","background-repeat":"repeat","background-position":"center center","background-size":"auto","background-attachment":"scroll","background-type":"","background-media":"","overlay-type":"","overlay-color":"","overlay-opacity":"","overlay-gradient":""},"tablet":{"background-color":"var(--ast-global-color-4)","background-image":"","background-repeat":"repeat","background-position":"center center","background-size":"auto","background-attachment":"scroll","background-type":"","background-media":"","overlay-type":"","overlay-color":"","overlay-opacity":"","overlay-gradient":""},"mobile":{"background-color":"var(--ast-global-color-4)","background-image":"","background-repeat":"repeat","background-position":"center center","background-size":"auto","background-attachment":"scroll","background-type":"","background-media":"","overlay-type":"","overlay-color":"","overlay-opacity":"","overlay-gradient":""}}},"product_brand":[],"product_cat":[106,105],"product_tag":[406,187,397],"class_list":{"0":"post-3432","1":"product","2":"type-product","3":"status-publish","4":"has-post-thumbnail","6":"product_cat-rotating-usb-pendrive","7":"product_cat-usb-c-pendrive","8":"product_tag-metal-swivel-usb-drive","9":"product_tag-metal-usb-c-flash-drive","10":"product_tag-zinc-alloy-usb-pen-drive","11":"desktop-align-left","12":"tablet-align-left","13":"mobile-align-left","15":"first","16":"instock","17":"shipping-taxable","18":"product-type-simple"},"_links":{"self":[{"href":"https:\/\/www.usborkeychain.com\/it\/wp-json\/wp\/v2\/product\/3432","targetHints":{"allow":["GET"]}}],"collection":[{"href":"https:\/\/www.usborkeychain.com\/it\/wp-json\/wp\/v2\/product"}],"about":[{"href":"https:\/\/www.usborkeychain.com\/it\/wp-json\/wp\/v2\/types\/product"}],"replies":[{"embeddable":true,"href":"https:\/\/www.usborkeychain.com\/it\/wp-json\/wp\/v2\/comments?post=3432"}],"wp:featuredmedia":[{"embeddable":true,"href":"https:\/\/www.usborkeychain.com\/it\/wp-json\/wp\/v2\/media\/3437"}],"wp:attachment":[{"href":"https:\/\/www.usborkeychain.com\/it\/wp-json\/wp\/v2\/media?parent=3432"}],"wp:term":[{"taxonomy":"product_brand","embeddable":true,"href":"https:\/\/www.usborkeychain.com\/it\/wp-json\/wp\/v2\/product_brand?post=3432"},{"taxonomy":"product_cat","embeddable":true,"href":"https:\/\/www.usborkeychain.com\/it\/wp-json\/wp\/v2\/product_cat?post=3432"},{"taxonomy":"product_tag","embeddable":true,"href":"https:\/\/www.usborkeychain.com\/it\/wp-json\/wp\/v2\/product_tag?post=3432"}],"curies":[{"name":"wp","href":"https:\/\/api.w.org\/{rel}","templated":true}]}}