{"id":3448,"date":"2025-06-25T08:58:40","date_gmt":"2025-06-25T08:58:40","guid":{"rendered":"https:\/\/www.usborkeychain.com\/?post_type=product&#038;p=3448"},"modified":"2025-08-17T13:18:30","modified_gmt":"2025-08-17T13:18:30","slug":"wheat-straw-rotating-mobile-usb-flash-drive","status":"publish","type":"product","link":"https:\/\/www.usborkeychain.com\/it\/prodotto\/wheat-straw-rotating-mobile-usb-flash-drive\/","title":{"rendered":"Unit\u00e0 flash USB rotante di tipo C in paglia di grano"},"content":{"rendered":"<p><\/p>\n\n\n\n<div class=\"wp-block-columns is-layout-flex wp-container-core-columns-is-layout-28f84493 wp-block-columns-is-layout-flex\">\n<div class=\"wp-block-column is-layout-flow wp-block-column-is-layout-flow\">\n<figure class=\"wp-block-image size-full\"><img fetchpriority=\"high\" decoding=\"async\" width=\"800\" height=\"800\" src=\"https:\/\/www.usborkeychain.com\/wp-content\/uploads\/tiny-usb-c-flash-drive.jpg\" alt=\"tiny usb c flash drive\" class=\"wp-image-3463\" srcset=\"https:\/\/www.usborkeychain.com\/wp-content\/uploads\/tiny-usb-c-flash-drive.jpg 800w, https:\/\/www.usborkeychain.com\/wp-content\/uploads\/tiny-usb-c-flash-drive-300x300.jpg 300w, https:\/\/www.usborkeychain.com\/wp-content\/uploads\/tiny-usb-c-flash-drive-150x150.jpg 150w, https:\/\/www.usborkeychain.com\/wp-content\/uploads\/tiny-usb-c-flash-drive-768x768.jpg 768w, https:\/\/www.usborkeychain.com\/wp-content\/uploads\/tiny-usb-c-flash-drive-12x12.jpg 12w, https:\/\/www.usborkeychain.com\/wp-content\/uploads\/tiny-usb-c-flash-drive-600x600.jpg 600w, https:\/\/www.usborkeychain.com\/wp-content\/uploads\/tiny-usb-c-flash-drive-100x100.jpg 100w\" sizes=\"(max-width: 800px) 100vw, 800px\" \/><\/figure>\n<\/div>\n\n\n\n<div class=\"wp-block-column is-vertically-aligned-center is-layout-flow wp-block-column-is-layout-flow\">\n<p>La Wheat Straw Rotating Type-c USB Flash Drive \u00e8 un'unit\u00e0 di archiviazione USB che integra profondamente i concetti ambientali con le prestazioni pratiche. Caratterizzata da un classico design a clip rotante e da un guscio ecologico in paglia di grano, supporta il doppio utilizzo su telefoni cellulari e computer.<\/p>\n\n\n\n<p> In qualit\u00e0 di produttore professionale di USB, forniamo servizi di personalizzazione e di vendita all'ingrosso su larga scala, offrendo soluzioni ideali per le imprese che acquistano regali ecologici o per i grossisti che ampliano le linee di prodotti ecologici.<\/p>\n<\/div>\n<\/div>\n\n\n\n<h3 class=\"wp-block-heading\">Materiale della classica chiavetta USB mobile rotante in paglia di grano<\/h3>\n\n\n\n<p>La classica chiavetta USB mobile rotante in paglia di grano utilizza come materiale di base la paglia di grano ecologica. La paglia di grano \u00e8 un materiale degradabile che pu\u00f2 decomporsi rapidamente in ambienti naturali senza inquinare il suolo o gli ecosistemi, soddisfacendo appieno gli attuali severi requisiti ambientali. Rispetto ai materiali plastici tradizionali, l'utilizzo della paglia di grano non solo risponde alla richiesta di sviluppo ecologico globale, ma conferisce anche una consistenza naturale al prodotto, rendendolo una scelta ottimale per le fabbriche che vogliono produrre prodotti ecologici e rispettosi dell'ambiente.<\/p>\n\n\n\n<div class=\"wp-block-columns alignfull is-layout-flex wp-container-core-columns-is-layout-28f84493 wp-block-columns-is-layout-flex\" style=\"border-style:none;border-width:0px;border-radius:0px\">\n<div class=\"wp-block-column is-layout-flow wp-block-column-is-layout-flow\">\n<figure class=\"wp-block-image alignfull size-full\"><img decoding=\"async\" width=\"800\" height=\"800\" src=\"https:\/\/www.usborkeychain.com\/wp-content\/uploads\/mini-usb-c-flash-drive-light-blue.jpg\" alt=\"mini usb c flash drive light blue\" class=\"wp-image-3461\" srcset=\"https:\/\/www.usborkeychain.com\/wp-content\/uploads\/mini-usb-c-flash-drive-light-blue.jpg 800w, https:\/\/www.usborkeychain.com\/wp-content\/uploads\/mini-usb-c-flash-drive-light-blue-300x300.jpg 300w, https:\/\/www.usborkeychain.com\/wp-content\/uploads\/mini-usb-c-flash-drive-light-blue-150x150.jpg 150w, https:\/\/www.usborkeychain.com\/wp-content\/uploads\/mini-usb-c-flash-drive-light-blue-768x768.jpg 768w, https:\/\/www.usborkeychain.com\/wp-content\/uploads\/mini-usb-c-flash-drive-light-blue-12x12.jpg 12w, https:\/\/www.usborkeychain.com\/wp-content\/uploads\/mini-usb-c-flash-drive-light-blue-600x600.jpg 600w, https:\/\/www.usborkeychain.com\/wp-content\/uploads\/mini-usb-c-flash-drive-light-blue-100x100.jpg 100w\" sizes=\"(max-width: 800px) 100vw, 800px\" \/><\/figure>\n<\/div>\n\n\n\n<div class=\"wp-block-column is-layout-flow wp-block-column-is-layout-flow\">\n<figure class=\"wp-block-image alignfull size-full\"><img decoding=\"async\" width=\"800\" height=\"800\" src=\"https:\/\/www.usborkeychain.com\/wp-content\/uploads\/flash-drive-for-phone-type-c.jpg\" alt=\"flash drive for phone type c\" class=\"wp-image-3458\" srcset=\"https:\/\/www.usborkeychain.com\/wp-content\/uploads\/flash-drive-for-phone-type-c.jpg 800w, https:\/\/www.usborkeychain.com\/wp-content\/uploads\/flash-drive-for-phone-type-c-300x300.jpg 300w, https:\/\/www.usborkeychain.com\/wp-content\/uploads\/flash-drive-for-phone-type-c-150x150.jpg 150w, https:\/\/www.usborkeychain.com\/wp-content\/uploads\/flash-drive-for-phone-type-c-768x768.jpg 768w, https:\/\/www.usborkeychain.com\/wp-content\/uploads\/flash-drive-for-phone-type-c-12x12.jpg 12w, https:\/\/www.usborkeychain.com\/wp-content\/uploads\/flash-drive-for-phone-type-c-600x600.jpg 600w, https:\/\/www.usborkeychain.com\/wp-content\/uploads\/flash-drive-for-phone-type-c-100x100.jpg 100w\" sizes=\"(max-width: 800px) 100vw, 800px\" \/><\/figure>\n<\/div>\n\n\n\n<div class=\"wp-block-column is-layout-flow wp-block-column-is-layout-flow\">\n<figure class=\"wp-block-image size-full\"><img loading=\"lazy\" decoding=\"async\" width=\"800\" height=\"800\" src=\"https:\/\/www.usborkeychain.com\/wp-content\/uploads\/fastest-usb-type-c-flash-drive-red.jpg\" alt=\"fastest usb type c flash drive red\" class=\"wp-image-3457\" srcset=\"https:\/\/www.usborkeychain.com\/wp-content\/uploads\/fastest-usb-type-c-flash-drive-red.jpg 800w, https:\/\/www.usborkeychain.com\/wp-content\/uploads\/fastest-usb-type-c-flash-drive-red-300x300.jpg 300w, https:\/\/www.usborkeychain.com\/wp-content\/uploads\/fastest-usb-type-c-flash-drive-red-150x150.jpg 150w, https:\/\/www.usborkeychain.com\/wp-content\/uploads\/fastest-usb-type-c-flash-drive-red-768x768.jpg 768w, https:\/\/www.usborkeychain.com\/wp-content\/uploads\/fastest-usb-type-c-flash-drive-red-12x12.jpg 12w, https:\/\/www.usborkeychain.com\/wp-content\/uploads\/fastest-usb-type-c-flash-drive-red-600x600.jpg 600w, https:\/\/www.usborkeychain.com\/wp-content\/uploads\/fastest-usb-type-c-flash-drive-red-100x100.jpg 100w\" sizes=\"(max-width: 800px) 100vw, 800px\" \/><\/figure>\n<\/div>\n\n\n\n<div class=\"wp-block-column is-layout-flow wp-block-column-is-layout-flow\">\n<figure class=\"wp-block-image size-full\"><img loading=\"lazy\" decoding=\"async\" width=\"800\" height=\"800\" src=\"https:\/\/www.usborkeychain.com\/wp-content\/uploads\/eco-friendly-usbc-thumb-drive.jpg\" alt=\"eco-friendly usbc thumb drive\" class=\"wp-image-3455\" srcset=\"https:\/\/www.usborkeychain.com\/wp-content\/uploads\/eco-friendly-usbc-thumb-drive.jpg 800w, https:\/\/www.usborkeychain.com\/wp-content\/uploads\/eco-friendly-usbc-thumb-drive-300x300.jpg 300w, https:\/\/www.usborkeychain.com\/wp-content\/uploads\/eco-friendly-usbc-thumb-drive-150x150.jpg 150w, https:\/\/www.usborkeychain.com\/wp-content\/uploads\/eco-friendly-usbc-thumb-drive-768x768.jpg 768w, https:\/\/www.usborkeychain.com\/wp-content\/uploads\/eco-friendly-usbc-thumb-drive-12x12.jpg 12w, https:\/\/www.usborkeychain.com\/wp-content\/uploads\/eco-friendly-usbc-thumb-drive-600x600.jpg 600w, https:\/\/www.usborkeychain.com\/wp-content\/uploads\/eco-friendly-usbc-thumb-drive-100x100.jpg 100w\" sizes=\"(max-width: 800px) 100vw, 800px\" \/><\/figure>\n<\/div>\n\n\n\n<div class=\"wp-block-column is-layout-flow wp-block-column-is-layout-flow\">\n<figure class=\"wp-block-image size-full\"><img loading=\"lazy\" decoding=\"async\" width=\"800\" height=\"800\" src=\"https:\/\/www.usborkeychain.com\/wp-content\/uploads\/white-pen-drive-with-type-c.jpg\" alt=\"white pen drive with type c\" class=\"wp-image-3469\" srcset=\"https:\/\/www.usborkeychain.com\/wp-content\/uploads\/white-pen-drive-with-type-c.jpg 800w, https:\/\/www.usborkeychain.com\/wp-content\/uploads\/white-pen-drive-with-type-c-300x300.jpg 300w, https:\/\/www.usborkeychain.com\/wp-content\/uploads\/white-pen-drive-with-type-c-150x150.jpg 150w, https:\/\/www.usborkeychain.com\/wp-content\/uploads\/white-pen-drive-with-type-c-768x768.jpg 768w, https:\/\/www.usborkeychain.com\/wp-content\/uploads\/white-pen-drive-with-type-c-12x12.jpg 12w, https:\/\/www.usborkeychain.com\/wp-content\/uploads\/white-pen-drive-with-type-c-600x600.jpg 600w, https:\/\/www.usborkeychain.com\/wp-content\/uploads\/white-pen-drive-with-type-c-100x100.jpg 100w\" sizes=\"(max-width: 800px) 100vw, 800px\" \/><\/figure>\n<\/div>\n<\/div>\n\n\n\n<h3 class=\"wp-block-heading\">Parametri dell'unit\u00e0 flash USB-c rotante in paglia di frumento<\/h3>\n\n\n\n<p><\/p>\n\n\n\n<div class=\"wp-block-columns is-layout-flex wp-container-core-columns-is-layout-28f84493 wp-block-columns-is-layout-flex\">\n<div class=\"wp-block-column is-layout-flow wp-block-column-is-layout-flow\">\n<figure class=\"wp-block-image size-full\"><img loading=\"lazy\" decoding=\"async\" width=\"800\" height=\"600\" src=\"https:\/\/www.usborkeychain.com\/wp-content\/uploads\/type-c-thumb-drive-size.jpg\" alt=\"type c thumb drive size\" class=\"wp-image-3464\" srcset=\"https:\/\/www.usborkeychain.com\/wp-content\/uploads\/type-c-thumb-drive-size.jpg 800w, https:\/\/www.usborkeychain.com\/wp-content\/uploads\/type-c-thumb-drive-size-300x225.jpg 300w, https:\/\/www.usborkeychain.com\/wp-content\/uploads\/type-c-thumb-drive-size-768x576.jpg 768w, https:\/\/www.usborkeychain.com\/wp-content\/uploads\/type-c-thumb-drive-size-16x12.jpg 16w, https:\/\/www.usborkeychain.com\/wp-content\/uploads\/type-c-thumb-drive-size-600x450.jpg 600w\" sizes=\"(max-width: 800px) 100vw, 800px\" \/><\/figure>\n<\/div>\n\n\n\n<div class=\"wp-block-column is-vertically-aligned-center is-layout-flow wp-block-column-is-layout-flow\">\n<p>L'unit\u00e0 flash USB mobile rotante Wheat Straw supporta il doppio utilizzo su computer e telefoni cellulari. Un'estremit\u00e0 \u00e8 un'interfaccia USB standard, compatibile con diversi dispositivi informatici; l'altra estremit\u00e0 \u00e8 un'interfaccia Type-c per telefoni cellulari. Al momento dell'acquisto, gli utenti dovrebbero chiarire le proprie esigenze per evitare di utilizzare adattatori in seguito. <\/p>\n\n\n\n<p>Gli standard di trasmissione offrono due opzioni: USB2.0 e USB3.0 ad alta velocit\u00e0, che soddisfano le esigenze di efficienza della trasmissione dati in diversi scenari. <\/p>\n<\/div>\n<\/div>\n\n\n\n<p>Nel frattempo, il prodotto \u00e8 disponibile in (schemi di colori chiari) come il nero, il bianco, il color paglia di grano, il blu cielo e il verde chiaro, per soddisfare le diverse preferenze estetiche. I parametri specifici sono i seguenti:<\/p>\n\n\n\n<figure class=\"wp-block-table\"><table class=\"has-fixed-layout\"><thead><tr><th>Progetto<\/th><th>Dettagli sui parametri<\/th><\/tr><\/thead><tbody><tr><td>Tipo di interfaccia<\/td><td>USB + Tipo-C<\/td><\/tr><tr><td>Trasmissione standard<\/td><td>USB2.0\/USB3.0 (opzionale)<\/td><\/tr><tr><td>Materiale<\/td><td>Paglia di grano ecologica<\/td><\/tr><tr><td>Opzioni di colore<\/td><td>Nero, bianco, paglia di grano, blu cielo, verde chiaro<\/td><\/tr><tr><td>Design rotante<\/td><td>Struttura rotante a clip<\/td><\/tr><tr><td>Gamma di capacit\u00e0<\/td><td>8GB - 256GB (personalizzabile)<\/td><\/tr><\/tbody><\/table><\/figure>\n\n\n\n<h3 class=\"wp-block-heading\">Imballaggio dell'unit\u00e0 flash USB mobile rotante in paglia di grano<\/h3>\n\n\n\n<p>La chiavetta USB mobile rotante in paglia di grano pu\u00f2 essere abbinata a una scatola di imballaggio dello stesso materiale, formando un set elegante con un design unificato. La scatola di imballaggio si abbina alla chiavetta USB per materiale e colore, offrendo due opzioni di lavorazione: superficie liscia e struttura granulare smerigliata. La scatola di imballaggio con texture smerigliata mette in risalto la texture ecologica originale, non solo valorizzando il prodotto, ma anche rafforzandone ulteriormente gli attributi ambientali. \u00c8 una scelta interessante sia per le aziende che personalizzano i regali sia per i grossisti che creano prodotti differenziati.<\/p>\n\n\n\n<div class=\"wp-block-columns is-layout-flex wp-container-core-columns-is-layout-28f84493 wp-block-columns-is-layout-flex\">\n<div class=\"wp-block-column is-layout-flow wp-block-column-is-layout-flow\">\n<figure class=\"wp-block-image size-full\"><img loading=\"lazy\" decoding=\"async\" width=\"800\" height=\"800\" src=\"https:\/\/www.usborkeychain.com\/wp-content\/uploads\/usb-c-thumb-drive-256gb-with-box.jpg\" alt=\"usb c thumb drive 256gb with box\" class=\"wp-image-3467\" srcset=\"https:\/\/www.usborkeychain.com\/wp-content\/uploads\/usb-c-thumb-drive-256gb-with-box.jpg 800w, https:\/\/www.usborkeychain.com\/wp-content\/uploads\/usb-c-thumb-drive-256gb-with-box-300x300.jpg 300w, https:\/\/www.usborkeychain.com\/wp-content\/uploads\/usb-c-thumb-drive-256gb-with-box-150x150.jpg 150w, https:\/\/www.usborkeychain.com\/wp-content\/uploads\/usb-c-thumb-drive-256gb-with-box-768x768.jpg 768w, https:\/\/www.usborkeychain.com\/wp-content\/uploads\/usb-c-thumb-drive-256gb-with-box-12x12.jpg 12w, https:\/\/www.usborkeychain.com\/wp-content\/uploads\/usb-c-thumb-drive-256gb-with-box-600x600.jpg 600w, https:\/\/www.usborkeychain.com\/wp-content\/uploads\/usb-c-thumb-drive-256gb-with-box-100x100.jpg 100w\" sizes=\"(max-width: 800px) 100vw, 800px\" \/><\/figure>\n<\/div>\n\n\n\n<div class=\"wp-block-column is-layout-flow wp-block-column-is-layout-flow\">\n<figure class=\"wp-block-image size-full\"><img loading=\"lazy\" decoding=\"async\" width=\"800\" height=\"800\" src=\"https:\/\/www.usborkeychain.com\/wp-content\/uploads\/pink-usbc-thumbdrive.jpg\" alt=\"pink usbc thumbdrive\" class=\"wp-image-3462\" srcset=\"https:\/\/www.usborkeychain.com\/wp-content\/uploads\/pink-usbc-thumbdrive.jpg 800w, https:\/\/www.usborkeychain.com\/wp-content\/uploads\/pink-usbc-thumbdrive-300x300.jpg 300w, https:\/\/www.usborkeychain.com\/wp-content\/uploads\/pink-usbc-thumbdrive-150x150.jpg 150w, https:\/\/www.usborkeychain.com\/wp-content\/uploads\/pink-usbc-thumbdrive-768x768.jpg 768w, https:\/\/www.usborkeychain.com\/wp-content\/uploads\/pink-usbc-thumbdrive-12x12.jpg 12w, https:\/\/www.usborkeychain.com\/wp-content\/uploads\/pink-usbc-thumbdrive-600x600.jpg 600w, https:\/\/www.usborkeychain.com\/wp-content\/uploads\/pink-usbc-thumbdrive-100x100.jpg 100w\" sizes=\"(max-width: 800px) 100vw, 800px\" \/><\/figure>\n<\/div>\n\n\n\n<div class=\"wp-block-column is-layout-flow wp-block-column-is-layout-flow\">\n<figure class=\"wp-block-image size-full\"><img loading=\"lazy\" decoding=\"async\" width=\"800\" height=\"800\" src=\"https:\/\/www.usborkeychain.com\/wp-content\/uploads\/fastest-usb-c-flash-drive.jpg\" alt=\"fastest usb c flash drive\" class=\"wp-image-3456\" srcset=\"https:\/\/www.usborkeychain.com\/wp-content\/uploads\/fastest-usb-c-flash-drive.jpg 800w, https:\/\/www.usborkeychain.com\/wp-content\/uploads\/fastest-usb-c-flash-drive-300x300.jpg 300w, https:\/\/www.usborkeychain.com\/wp-content\/uploads\/fastest-usb-c-flash-drive-150x150.jpg 150w, https:\/\/www.usborkeychain.com\/wp-content\/uploads\/fastest-usb-c-flash-drive-768x768.jpg 768w, https:\/\/www.usborkeychain.com\/wp-content\/uploads\/fastest-usb-c-flash-drive-12x12.jpg 12w, https:\/\/www.usborkeychain.com\/wp-content\/uploads\/fastest-usb-c-flash-drive-600x600.jpg 600w, https:\/\/www.usborkeychain.com\/wp-content\/uploads\/fastest-usb-c-flash-drive-100x100.jpg 100w\" sizes=\"(max-width: 800px) 100vw, 800px\" \/><\/figure>\n<\/div>\n\n\n\n<div class=\"wp-block-column is-layout-flow wp-block-column-is-layout-flow\">\n<figure class=\"wp-block-image size-full\"><img loading=\"lazy\" decoding=\"async\" width=\"800\" height=\"800\" src=\"https:\/\/www.usborkeychain.com\/wp-content\/uploads\/blue-type-c-memory.jpg\" alt=\"blue type c memory\" class=\"wp-image-3454\" srcset=\"https:\/\/www.usborkeychain.com\/wp-content\/uploads\/blue-type-c-memory.jpg 800w, https:\/\/www.usborkeychain.com\/wp-content\/uploads\/blue-type-c-memory-300x300.jpg 300w, https:\/\/www.usborkeychain.com\/wp-content\/uploads\/blue-type-c-memory-150x150.jpg 150w, https:\/\/www.usborkeychain.com\/wp-content\/uploads\/blue-type-c-memory-768x768.jpg 768w, https:\/\/www.usborkeychain.com\/wp-content\/uploads\/blue-type-c-memory-12x12.jpg 12w, https:\/\/www.usborkeychain.com\/wp-content\/uploads\/blue-type-c-memory-600x600.jpg 600w, https:\/\/www.usborkeychain.com\/wp-content\/uploads\/blue-type-c-memory-100x100.jpg 100w\" sizes=\"(max-width: 800px) 100vw, 800px\" \/><\/figure>\n<\/div>\n<\/div>\n\n\n\n<h3 class=\"wp-block-heading\">La chiavetta USB mobile rotante in paglia di grano pu\u00f2 essere personalizzata con un logo?<\/h3>\n\n\n\n<p>La chiavetta USB mobile rotante Wheat Straw supporta la personalizzazione del logo in pi\u00f9 posizioni. Sia sulla clip rotante che sulla superficie della scatola di imballaggio \u00e8 possibile presentare loghi colorati o monocromatici tramite serigrafia. Un logo bianco serigrafato su un guscio colorato crea un effetto visivo semplice e coordinato, migliorando efficacemente il riconoscimento del marchio. In qualit\u00e0 di produttore, siamo in grado di rispondere rapidamente alle esigenze di personalizzazione, fornendo servizi efficienti dalla progettazione alla campionatura per soddisfare le esigenze di promozione del marchio di aziende e grossisti.<\/p>\n\n\n\n<div class=\"wp-block-columns is-layout-flex wp-container-core-columns-is-layout-28f84493 wp-block-columns-is-layout-flex\">\n<div class=\"wp-block-column is-layout-flow wp-block-column-is-layout-flow\">\n<figure class=\"wp-block-image size-full\"><img loading=\"lazy\" decoding=\"async\" width=\"800\" height=\"600\" src=\"https:\/\/www.usborkeychain.com\/wp-content\/uploads\/usb-c-flash-drive-128gb-with-logo.jpg\" alt=\"usb c flash drive 128gb with logo\" class=\"wp-image-3465\" srcset=\"https:\/\/www.usborkeychain.com\/wp-content\/uploads\/usb-c-flash-drive-128gb-with-logo.jpg 800w, https:\/\/www.usborkeychain.com\/wp-content\/uploads\/usb-c-flash-drive-128gb-with-logo-300x225.jpg 300w, https:\/\/www.usborkeychain.com\/wp-content\/uploads\/usb-c-flash-drive-128gb-with-logo-768x576.jpg 768w, https:\/\/www.usborkeychain.com\/wp-content\/uploads\/usb-c-flash-drive-128gb-with-logo-16x12.jpg 16w, https:\/\/www.usborkeychain.com\/wp-content\/uploads\/usb-c-flash-drive-128gb-with-logo-600x450.jpg 600w\" sizes=\"(max-width: 800px) 100vw, 800px\" \/><\/figure>\n<\/div>\n\n\n\n<div class=\"wp-block-column is-layout-flow wp-block-column-is-layout-flow\">\n<figure class=\"wp-block-image size-full\"><img loading=\"lazy\" decoding=\"async\" width=\"800\" height=\"600\" src=\"https:\/\/www.usborkeychain.com\/wp-content\/uploads\/usb-c-mini-flash-drive.jpg\" alt=\"usb c mini flash drive\" class=\"wp-image-3466\" srcset=\"https:\/\/www.usborkeychain.com\/wp-content\/uploads\/usb-c-mini-flash-drive.jpg 800w, https:\/\/www.usborkeychain.com\/wp-content\/uploads\/usb-c-mini-flash-drive-300x225.jpg 300w, https:\/\/www.usborkeychain.com\/wp-content\/uploads\/usb-c-mini-flash-drive-768x576.jpg 768w, https:\/\/www.usborkeychain.com\/wp-content\/uploads\/usb-c-mini-flash-drive-16x12.jpg 16w, https:\/\/www.usborkeychain.com\/wp-content\/uploads\/usb-c-mini-flash-drive-600x450.jpg 600w\" sizes=\"(max-width: 800px) 100vw, 800px\" \/><\/figure>\n<\/div>\n\n\n\n<div class=\"wp-block-column is-layout-flow wp-block-column-is-layout-flow\">\n<figure class=\"wp-block-image size-full\"><img loading=\"lazy\" decoding=\"async\" width=\"800\" height=\"600\" src=\"https:\/\/www.usborkeychain.com\/wp-content\/uploads\/low-profile-usb-c-flash-drive.jpg\" alt=\"low profile usb c flash drive\" class=\"wp-image-3460\" srcset=\"https:\/\/www.usborkeychain.com\/wp-content\/uploads\/low-profile-usb-c-flash-drive.jpg 800w, https:\/\/www.usborkeychain.com\/wp-content\/uploads\/low-profile-usb-c-flash-drive-300x225.jpg 300w, https:\/\/www.usborkeychain.com\/wp-content\/uploads\/low-profile-usb-c-flash-drive-768x576.jpg 768w, https:\/\/www.usborkeychain.com\/wp-content\/uploads\/low-profile-usb-c-flash-drive-16x12.jpg 16w, https:\/\/www.usborkeychain.com\/wp-content\/uploads\/low-profile-usb-c-flash-drive-600x450.jpg 600w\" sizes=\"(max-width: 800px) 100vw, 800px\" \/><\/figure>\n<\/div>\n\n\n\n<div class=\"wp-block-column is-layout-flow wp-block-column-is-layout-flow\">\n<figure class=\"wp-block-image size-full\"><img alt=\"\" loading=\"lazy\" decoding=\"async\" width=\"800\" height=\"600\" src=\"https:\/\/www.usborkeychain.com\/wp-content\/uploads\/an1.jpg\" class=\"wp-image-3452\" srcset=\"https:\/\/www.usborkeychain.com\/wp-content\/uploads\/an1.jpg 800w, https:\/\/www.usborkeychain.com\/wp-content\/uploads\/an1-300x225.jpg 300w, https:\/\/www.usborkeychain.com\/wp-content\/uploads\/an1-768x576.jpg 768w, https:\/\/www.usborkeychain.com\/wp-content\/uploads\/an1-16x12.jpg 16w, https:\/\/www.usborkeychain.com\/wp-content\/uploads\/an1-600x450.jpg 600w\" sizes=\"(max-width: 800px) 100vw, 800px\" \/><\/figure>\n<\/div>\n<\/div>\n\n\n\n<p><strong>Conclusione<\/strong>: Grazie al materiale ecologico, alle prestazioni pratiche, all'imballaggio raffinato e ai servizi di personalizzazione flessibili, la chiavetta USB mobile rotante in paglia di grano \u00e8 diventata una scelta eccellente per i produttori e i grossisti che desiderano sfruttare il mercato verde e personalizzare i prodotti.<\/p>","protected":false},"excerpt":{"rendered":"<ul>\n<li>USB A e tipo C<\/li>\n<li>Paglia di grano metariale<\/li>\n<li>Design rotante<\/li>\n<li>\u00c8 possibile scegliere tra USB3.0 e USB2.0.<\/li>\n<li>Logo personalizzato su guscio e confezione<\/li>\n<\/ul>","protected":false},"featured_media":3453,"comment_status":"open","ping_status":"closed","template":"","meta":{"_seopress_robots_primary_cat":"","_seopress_titles_title":"","_seopress_titles_desc":"","_seopress_robots_index":"","site-sidebar-layout":"default","site-content-layout":"","ast-site-content-layout":"","site-content-style":"default","site-sidebar-style":"default","ast-global-header-display":"","ast-banner-title-visibility":"","ast-main-header-display":"","ast-hfb-above-header-display":"","ast-hfb-below-header-display":"","ast-hfb-mobile-header-display":"","site-post-title":"","ast-breadcrumbs-content":"","ast-featured-img":"","footer-sml-layout":"","theme-transparent-header-meta":"","adv-header-id-meta":"","stick-header-meta":"","header-above-stick-meta":"","header-main-stick-meta":"","header-below-stick-meta":"","astra-migrate-meta-layouts":"default","ast-page-background-enabled":"default","ast-page-background-meta":{"desktop":{"background-color":"var(--ast-global-color-5)","background-image":"","background-repeat":"repeat","background-position":"center center","background-size":"auto","background-attachment":"scroll","background-type":"","background-media":"","overlay-type":"","overlay-color":"","overlay-opacity":"","overlay-gradient":""},"tablet":{"background-color":"","background-image":"","background-repeat":"repeat","background-position":"center center","background-size":"auto","background-attachment":"scroll","background-type":"","background-media":"","overlay-type":"","overlay-color":"","overlay-opacity":"","overlay-gradient":""},"mobile":{"background-color":"","background-image":"","background-repeat":"repeat","background-position":"center center","background-size":"auto","background-attachment":"scroll","background-type":"","background-media":"","overlay-type":"","overlay-color":"","overlay-opacity":"","overlay-gradient":""}},"ast-content-background-meta":{"desktop":{"background-color":"var(--ast-global-color-4)","background-image":"","background-repeat":"repeat","background-position":"center center","background-size":"auto","background-attachment":"scroll","background-type":"","background-media":"","overlay-type":"","overlay-color":"","overlay-opacity":"","overlay-gradient":""},"tablet":{"background-color":"var(--ast-global-color-4)","background-image":"","background-repeat":"repeat","background-position":"center center","background-size":"auto","background-attachment":"scroll","background-type":"","background-media":"","overlay-type":"","overlay-color":"","overlay-opacity":"","overlay-gradient":""},"mobile":{"background-color":"var(--ast-global-color-4)","background-image":"","background-repeat":"repeat","background-position":"center center","background-size":"auto","background-attachment":"scroll","background-type":"","background-media":"","overlay-type":"","overlay-color":"","overlay-opacity":"","overlay-gradient":""}}},"product_brand":[],"product_cat":[170,106,105],"product_tag":[188,404],"class_list":{"0":"post-3448","1":"product","2":"type-product","3":"status-publish","4":"has-post-thumbnail","6":"product_cat-biodegradable-usb-pendrive-2","7":"product_cat-rotating-usb-pendrive","8":"product_cat-usb-c-pendrive","9":"product_tag-straw-usb-flash-drive","10":"product_tag-wooden-rotating-usb-drive","11":"desktop-align-left","12":"tablet-align-left","13":"mobile-align-left","15":"first","16":"instock","17":"shipping-taxable","18":"product-type-simple"},"_links":{"self":[{"href":"https:\/\/www.usborkeychain.com\/it\/wp-json\/wp\/v2\/product\/3448","targetHints":{"allow":["GET"]}}],"collection":[{"href":"https:\/\/www.usborkeychain.com\/it\/wp-json\/wp\/v2\/product"}],"about":[{"href":"https:\/\/www.usborkeychain.com\/it\/wp-json\/wp\/v2\/types\/product"}],"replies":[{"embeddable":true,"href":"https:\/\/www.usborkeychain.com\/it\/wp-json\/wp\/v2\/comments?post=3448"}],"wp:featuredmedia":[{"embeddable":true,"href":"https:\/\/www.usborkeychain.com\/it\/wp-json\/wp\/v2\/media\/3453"}],"wp:attachment":[{"href":"https:\/\/www.usborkeychain.com\/it\/wp-json\/wp\/v2\/media?parent=3448"}],"wp:term":[{"taxonomy":"product_brand","embeddable":true,"href":"https:\/\/www.usborkeychain.com\/it\/wp-json\/wp\/v2\/product_brand?post=3448"},{"taxonomy":"product_cat","embeddable":true,"href":"https:\/\/www.usborkeychain.com\/it\/wp-json\/wp\/v2\/product_cat?post=3448"},{"taxonomy":"product_tag","embeddable":true,"href":"https:\/\/www.usborkeychain.com\/it\/wp-json\/wp\/v2\/product_tag?post=3448"}],"curies":[{"name":"wp","href":"https:\/\/api.w.org\/{rel}","templated":true}]}}