{"id":3515,"date":"2025-06-26T02:20:23","date_gmt":"2025-06-26T02:20:23","guid":{"rendered":"https:\/\/www.usborkeychain.com\/?post_type=product&#038;p=3515"},"modified":"2025-08-19T03:37:10","modified_gmt":"2025-08-19T03:37:10","slug":"metal-rotate-usb-flash-drive-for-iphone","status":"publish","type":"product","link":"https:\/\/www.usborkeychain.com\/it\/prodotto\/metal-rotate-usb-flash-drive-for-iphone\/","title":{"rendered":"Unit\u00e0 flash USB rotante in metallo per iPhone"},"content":{"rendered":"<div class=\"wp-block-columns is-layout-flex wp-container-core-columns-is-layout-28f84493 wp-block-columns-is-layout-flex\">\n<div class=\"wp-block-column is-layout-flow wp-block-column-is-layout-flow\">\n<figure class=\"wp-block-image aligncenter size-full is-resized\"><img fetchpriority=\"high\" decoding=\"async\" width=\"800\" height=\"800\" src=\"https:\/\/www.usborkeychain.com\/wp-content\/uploads\/New-rotating-USB-C-USB-flash-drive-for-pc.jpg\" alt=\"New rotating USB-C USB flash drive for pc\" class=\"wp-image-3519\" style=\"object-fit:cover;width:600px;height:600px\" srcset=\"https:\/\/www.usborkeychain.com\/wp-content\/uploads\/New-rotating-USB-C-USB-flash-drive-for-pc.jpg 800w, https:\/\/www.usborkeychain.com\/wp-content\/uploads\/New-rotating-USB-C-USB-flash-drive-for-pc-300x300.jpg 300w, https:\/\/www.usborkeychain.com\/wp-content\/uploads\/New-rotating-USB-C-USB-flash-drive-for-pc-150x150.jpg 150w, https:\/\/www.usborkeychain.com\/wp-content\/uploads\/New-rotating-USB-C-USB-flash-drive-for-pc-768x768.jpg 768w, https:\/\/www.usborkeychain.com\/wp-content\/uploads\/New-rotating-USB-C-USB-flash-drive-for-pc-12x12.jpg 12w, https:\/\/www.usborkeychain.com\/wp-content\/uploads\/New-rotating-USB-C-USB-flash-drive-for-pc-600x600.jpg 600w, https:\/\/www.usborkeychain.com\/wp-content\/uploads\/New-rotating-USB-C-USB-flash-drive-for-pc-100x100.jpg 100w\" sizes=\"(max-width: 800px) 100vw, 800px\" \/><\/figure>\n<\/div>\n\n\n\n<div class=\"wp-block-column is-vertically-aligned-center is-layout-flow wp-block-column-is-layout-flow\">\n<p>L'unit\u00e0 flash USB in metallo ruotata per iPhone \u00e8 un nuovo tipo di unit\u00e0 flash USB mobile lanciata dai produttori di USB nel 2023. <\/p>\n\n\n\n<p>Il design rotante \u00e8 classico e l'involucro completamente in metallo non solo \u00e8 robusto e durevole, ma dimostra anche un senso di qualit\u00e0. <\/p>\n\n\n\n<p>Il metodo di apertura e chiusura a rotazione a 360 gradi risolve completamente il problema del tappo tradizionale delle chiavette USB, facile da perdere. <\/p>\n\n\n\n<p>Con la configurazione a doppia interfaccia di tipo c e USB, realizza il trasferimento di dati tra telefoni cellulari e computer e pu\u00f2 facilmente adattarsi alle esigenze di approvvigionamento aziendale, di vendita all'ingrosso e di personalizzazione dei clienti.<\/p>\n<\/div>\n<\/div>\n\n\n\n<h2 class=\"wp-block-heading\">Qual \u00e8 il materiale della classica chiavetta USB rotante in metallo per iPhone?<\/h2>\n\n\n\n<div class=\"wp-block-columns is-layout-flex wp-container-core-columns-is-layout-28f84493 wp-block-columns-is-layout-flex\">\n<div class=\"wp-block-column is-vertically-aligned-center is-layout-flow wp-block-column-is-layout-flow\">\n<p>La parte centrale della chiavetta USB in metallo per iPhone presenta lunghe strisce verticali che formano un'esclusiva texture antiscivolo per una presa pi\u00f9 stabile. <\/p>\n\n\n\n<p>e due facce sono trattate con un processo di smerigliatura, in grado di resistere efficacemente ai residui di impronte digitali e di mantenerle come nuove per lungo tempo. <\/p>\n\n\n\n<p>Il design piatto del portachiavi lo rende facile da appendere a portachiavi e zaini. La struttura rotante consente di utilizzare immediatamente l'interfaccia quando viene ruotata e di cambiare a piacimento gli scenari di utilizzo, rendendola una scelta popolare per la personalizzazione e la vendita all'ingrosso.<\/p>\n<\/div>\n\n\n\n<div class=\"wp-block-column is-layout-flow wp-block-column-is-layout-flow\">\n<figure class=\"wp-block-image aligncenter size-full is-resized\"><img decoding=\"async\" width=\"800\" height=\"800\" src=\"https:\/\/www.usborkeychain.com\/wp-content\/uploads\/New-rotating-USB-C-USB-flash-drive-for-phone.jpg\" alt=\"New rotating USB-C USB flash drive for phone\" class=\"wp-image-3520\" style=\"object-fit:cover;width:600px;height:600px\" srcset=\"https:\/\/www.usborkeychain.com\/wp-content\/uploads\/New-rotating-USB-C-USB-flash-drive-for-phone.jpg 800w, https:\/\/www.usborkeychain.com\/wp-content\/uploads\/New-rotating-USB-C-USB-flash-drive-for-phone-300x300.jpg 300w, https:\/\/www.usborkeychain.com\/wp-content\/uploads\/New-rotating-USB-C-USB-flash-drive-for-phone-150x150.jpg 150w, https:\/\/www.usborkeychain.com\/wp-content\/uploads\/New-rotating-USB-C-USB-flash-drive-for-phone-768x768.jpg 768w, https:\/\/www.usborkeychain.com\/wp-content\/uploads\/New-rotating-USB-C-USB-flash-drive-for-phone-12x12.jpg 12w, https:\/\/www.usborkeychain.com\/wp-content\/uploads\/New-rotating-USB-C-USB-flash-drive-for-phone-600x600.jpg 600w, https:\/\/www.usborkeychain.com\/wp-content\/uploads\/New-rotating-USB-C-USB-flash-drive-for-phone-100x100.jpg 100w\" sizes=\"(max-width: 800px) 100vw, 800px\" \/><\/figure>\n<\/div>\n<\/div>\n\n\n\n<div style=\"height:20px\" aria-hidden=\"true\" class=\"wp-block-spacer\"><\/div>\n\n\n\n<h2 class=\"wp-block-heading\">Quali sono i parametri dell'unit\u00e0 flash USB rotante in metallo per iPhone?<\/h2>\n\n\n\n<div style=\"height:20px\" aria-hidden=\"true\" class=\"wp-block-spacer\"><\/div>\n\n\n\n<figure class=\"wp-block-table\"><table class=\"has-fixed-layout\"><thead><tr><th>Voci dei parametri<\/th><th>Parametri specifici<\/th><\/tr><\/thead><tbody><tr><td>Specifiche dell'interfaccia<\/td><td>Interfaccia di tipo c, interfaccia USB3.0 (compatibile con USB2.0)<\/td><\/tr><tr><td>Opzioni di capacit\u00e0<\/td><td>8GB\/16GB\/32GB\/64GB\/128GB\/256GB (supporto espansione capacit\u00e0 personalizzata)<\/td><\/tr><tr><td>Velocit\u00e0 di trasferimento<\/td><td>USB3.0: Scrittura 15 - 30MB\/s, lettura 60 - 120MB\/s<br>USB2.0: Scrittura 5 - 10MB\/s, lettura 15 - 30MB\/s<\/td><\/tr><tr><td>Ambiente di lavoro<\/td><td>0\u2103 - 60\u2103 (lavoro); - 20\u2103 - 85\u2103 (stoccaggio)<\/td><\/tr><tr><td>Dimensioni del prodotto<\/td><td>65mm\u00d718mm\u00d78mm<\/td><\/tr><tr><td>Peso del prodotto<\/td><td>Circa 22g<\/td><\/tr><\/tbody><\/table><\/figure>\n\n\n\n<div style=\"height:20px\" aria-hidden=\"true\" class=\"wp-block-spacer\"><\/div>\n\n\n\n<h2 class=\"wp-block-heading\">La chiavetta USB per iPhone con rotazione in metallo pu\u00f2 essere personalizzata con un logo?<\/h2>\n\n\n\n<div style=\"height:20px\" aria-hidden=\"true\" class=\"wp-block-spacer\"><\/div>\n\n\n\n<div class=\"wp-block-columns is-layout-flex wp-container-core-columns-is-layout-28f84493 wp-block-columns-is-layout-flex\">\n<div class=\"wp-block-column is-layout-flow wp-block-column-is-layout-flow\">\n<figure class=\"wp-block-image aligncenter size-full is-resized\"><img decoding=\"async\" width=\"800\" height=\"800\" src=\"https:\/\/www.usborkeychain.com\/wp-content\/uploads\/silver-New-rotating-USB-C-USB-flash-drive-for-phone.jpg\" alt=\"silver-New rotating USB-C USB flash drive for phone\" class=\"wp-image-3521\" style=\"object-fit:cover;width:600px;height:600px\" srcset=\"https:\/\/www.usborkeychain.com\/wp-content\/uploads\/silver-New-rotating-USB-C-USB-flash-drive-for-phone.jpg 800w, https:\/\/www.usborkeychain.com\/wp-content\/uploads\/silver-New-rotating-USB-C-USB-flash-drive-for-phone-300x300.jpg 300w, https:\/\/www.usborkeychain.com\/wp-content\/uploads\/silver-New-rotating-USB-C-USB-flash-drive-for-phone-150x150.jpg 150w, https:\/\/www.usborkeychain.com\/wp-content\/uploads\/silver-New-rotating-USB-C-USB-flash-drive-for-phone-768x768.jpg 768w, https:\/\/www.usborkeychain.com\/wp-content\/uploads\/silver-New-rotating-USB-C-USB-flash-drive-for-phone-12x12.jpg 12w, https:\/\/www.usborkeychain.com\/wp-content\/uploads\/silver-New-rotating-USB-C-USB-flash-drive-for-phone-600x600.jpg 600w, https:\/\/www.usborkeychain.com\/wp-content\/uploads\/silver-New-rotating-USB-C-USB-flash-drive-for-phone-100x100.jpg 100w\" sizes=\"(max-width: 800px) 100vw, 800px\" \/><\/figure>\n<\/div>\n\n\n\n<div class=\"wp-block-column is-vertically-aligned-center is-layout-flow wp-block-column-is-layout-flow\">\n<p>S\u00ec, \u00e8 possibile! I produttori di USB offrono servizi di personalizzazione professionali.<\/p>\n\n\n\n<p>Il logo del marchio pu\u00f2 essere aggiunto al retro della chiavetta USB tramite incisione laser o serigrafia. L'incisione laser consente di ottenere un logo chiaro e tridimensionale, resistente all'usura e che non sbiadisce. <\/p>\n\n\n\n<p>Il processo di serigrafia \u00e8 adatto a disegni semplici con colori vivaci. Che si tratti di personalizzazione di regali aziendali o di produzione di souvenir per eventi, pu\u00f2 contribuire a trasmettere con precisione l'immagine del marchio.<\/p>\n<\/div>\n<\/div>\n\n\n\n<h2 class=\"wp-block-heading\">Quali sono i colori della chiavetta USB rotante in metallo per iPhone?<\/h2>\n\n\n\n<div class=\"wp-block-columns is-layout-flex wp-container-core-columns-is-layout-28f84493 wp-block-columns-is-layout-flex\">\n<div class=\"wp-block-column is-vertically-aligned-center is-layout-flow wp-block-column-is-layout-flow\">\n<p>Attualmente, i modelli prodotti in serie hanno principalmente due colori classici: argento e canna di fucile. <\/p>\n\n\n\n<p>Il modello silver \u00e8 semplice e moderno, adatto a diversi scenari aziendali. <\/p>\n\n\n\n<p>Il modello in canna di fucile ha una texture di alta gamma, che evidenzia uno stile personalizzato, e ci sono sufficienti prodotti spot per la vendita all'ingrosso e l'approvvigionamento. Se sono necessari altri colori, i produttori di USB supportano la produzione di abbinamenti di colore personalizzati per soddisfare esigenze differenziate.<\/p>\n<\/div>\n\n\n\n<div class=\"wp-block-column is-layout-flow wp-block-column-is-layout-flow\">\n<figure class=\"wp-block-image aligncenter size-full is-resized\"><img loading=\"lazy\" decoding=\"async\" width=\"800\" height=\"800\" src=\"https:\/\/www.usborkeychain.com\/wp-content\/uploads\/gunmetal-New-rotating-USB-C-USB-flash-drive-for-phone.jpg\" alt=\"gunmetal-New rotating USB-C USB flash drive for phone\" class=\"wp-image-3518\" style=\"object-fit:cover;width:600px;height:600px\" srcset=\"https:\/\/www.usborkeychain.com\/wp-content\/uploads\/gunmetal-New-rotating-USB-C-USB-flash-drive-for-phone.jpg 800w, https:\/\/www.usborkeychain.com\/wp-content\/uploads\/gunmetal-New-rotating-USB-C-USB-flash-drive-for-phone-300x300.jpg 300w, https:\/\/www.usborkeychain.com\/wp-content\/uploads\/gunmetal-New-rotating-USB-C-USB-flash-drive-for-phone-150x150.jpg 150w, https:\/\/www.usborkeychain.com\/wp-content\/uploads\/gunmetal-New-rotating-USB-C-USB-flash-drive-for-phone-768x768.jpg 768w, https:\/\/www.usborkeychain.com\/wp-content\/uploads\/gunmetal-New-rotating-USB-C-USB-flash-drive-for-phone-12x12.jpg 12w, https:\/\/www.usborkeychain.com\/wp-content\/uploads\/gunmetal-New-rotating-USB-C-USB-flash-drive-for-phone-600x600.jpg 600w, https:\/\/www.usborkeychain.com\/wp-content\/uploads\/gunmetal-New-rotating-USB-C-USB-flash-drive-for-phone-100x100.jpg 100w\" sizes=\"(max-width: 800px) 100vw, 800px\" \/><\/figure>\n<\/div>\n<\/div>\n\n\n\n<p>Grazie al suo design innovativo, ai suoi parametri rigorosi e ai servizi di personalizzazione flessibili, l'unit\u00e0 flash USB in metallo con rotazione per iPhone \u00e8 diventata una scelta eccellente per la personalizzazione USB e il commercio all'ingrosso, ed \u00e8 un dispositivo di archiviazione che combina valore pratico e potenziale commerciale.<\/p>\n\n\n\n<p><\/p>","protected":false},"excerpt":{"rendered":"<p>1.Iphone metallo rotante usb flash drive 2.Dual interfaccia tipo-c USB3.0 3.Capacity: 8GB\/16GB\/32GB\/64GB\/128GB\/256GB 4.Customized logo<\/p>","protected":false},"featured_media":3518,"comment_status":"open","ping_status":"closed","template":"","meta":{"_seopress_robots_primary_cat":"","_seopress_titles_title":"Metal rotating USB flash drive","_seopress_titles_desc":"","_seopress_robots_index":"","site-sidebar-layout":"default","site-content-layout":"","ast-site-content-layout":"","site-content-style":"default","site-sidebar-style":"default","ast-global-header-display":"","ast-banner-title-visibility":"","ast-main-header-display":"","ast-hfb-above-header-display":"","ast-hfb-below-header-display":"","ast-hfb-mobile-header-display":"","site-post-title":"","ast-breadcrumbs-content":"","ast-featured-img":"","footer-sml-layout":"","theme-transparent-header-meta":"","adv-header-id-meta":"","stick-header-meta":"","header-above-stick-meta":"","header-main-stick-meta":"","header-below-stick-meta":"","astra-migrate-meta-layouts":"default","ast-page-background-enabled":"default","ast-page-background-meta":{"desktop":{"background-color":"var(--ast-global-color-5)","background-image":"","background-repeat":"repeat","background-position":"center center","background-size":"auto","background-attachment":"scroll","background-type":"","background-media":"","overlay-type":"","overlay-color":"","overlay-opacity":"","overlay-gradient":""},"tablet":{"background-color":"","background-image":"","background-repeat":"repeat","background-position":"center center","background-size":"auto","background-attachment":"scroll","background-type":"","background-media":"","overlay-type":"","overlay-color":"","overlay-opacity":"","overlay-gradient":""},"mobile":{"background-color":"","background-image":"","background-repeat":"repeat","background-position":"center center","background-size":"auto","background-attachment":"scroll","background-type":"","background-media":"","overlay-type":"","overlay-color":"","overlay-opacity":"","overlay-gradient":""}},"ast-content-background-meta":{"desktop":{"background-color":"var(--ast-global-color-4)","background-image":"","background-repeat":"repeat","background-position":"center center","background-size":"auto","background-attachment":"scroll","background-type":"","background-media":"","overlay-type":"","overlay-color":"","overlay-opacity":"","overlay-gradient":""},"tablet":{"background-color":"var(--ast-global-color-4)","background-image":"","background-repeat":"repeat","background-position":"center center","background-size":"auto","background-attachment":"scroll","background-type":"","background-media":"","overlay-type":"","overlay-color":"","overlay-opacity":"","overlay-gradient":""},"mobile":{"background-color":"var(--ast-global-color-4)","background-image":"","background-repeat":"repeat","background-position":"center center","background-size":"auto","background-attachment":"scroll","background-type":"","background-media":"","overlay-type":"","overlay-color":"","overlay-opacity":"","overlay-gradient":""}}},"product_brand":[],"product_cat":[105,104],"product_tag":[189,406,187],"class_list":{"0":"post-3515","1":"product","2":"type-product","3":"status-publish","4":"has-post-thumbnail","6":"product_cat-usb-c-pendrive","7":"product_cat-usb3-0-usb-pendrive","8":"product_tag-metal-rotate-usb-flash-drive-for-iphone","9":"product_tag-metal-swivel-usb-drive","10":"product_tag-metal-usb-c-flash-drive","11":"desktop-align-left","12":"tablet-align-left","13":"mobile-align-left","15":"first","16":"instock","17":"shipping-taxable","18":"product-type-simple"},"_links":{"self":[{"href":"https:\/\/www.usborkeychain.com\/it\/wp-json\/wp\/v2\/product\/3515","targetHints":{"allow":["GET"]}}],"collection":[{"href":"https:\/\/www.usborkeychain.com\/it\/wp-json\/wp\/v2\/product"}],"about":[{"href":"https:\/\/www.usborkeychain.com\/it\/wp-json\/wp\/v2\/types\/product"}],"replies":[{"embeddable":true,"href":"https:\/\/www.usborkeychain.com\/it\/wp-json\/wp\/v2\/comments?post=3515"}],"wp:featuredmedia":[{"embeddable":true,"href":"https:\/\/www.usborkeychain.com\/it\/wp-json\/wp\/v2\/media\/3518"}],"wp:attachment":[{"href":"https:\/\/www.usborkeychain.com\/it\/wp-json\/wp\/v2\/media?parent=3515"}],"wp:term":[{"taxonomy":"product_brand","embeddable":true,"href":"https:\/\/www.usborkeychain.com\/it\/wp-json\/wp\/v2\/product_brand?post=3515"},{"taxonomy":"product_cat","embeddable":true,"href":"https:\/\/www.usborkeychain.com\/it\/wp-json\/wp\/v2\/product_cat?post=3515"},{"taxonomy":"product_tag","embeddable":true,"href":"https:\/\/www.usborkeychain.com\/it\/wp-json\/wp\/v2\/product_tag?post=3515"}],"curies":[{"name":"wp","href":"https:\/\/api.w.org\/{rel}","templated":true}]}}