{"id":3532,"date":"2025-06-26T06:32:25","date_gmt":"2025-06-26T06:32:25","guid":{"rendered":"https:\/\/www.usborkeychain.com\/?post_type=product&#038;p=3532"},"modified":"2025-07-25T01:39:34","modified_gmt":"2025-07-25T01:39:34","slug":"pvc-caterpillar-mobile-usb-drive","status":"publish","type":"product","link":"https:\/\/www.usborkeychain.com\/it\/prodotto\/pvc-caterpillar-mobile-usb-drive\/","title":{"rendered":"Unit\u00e0 USB mobile Caterpillar in PVC"},"content":{"rendered":"<div class=\"wp-block-columns is-layout-flex wp-container-core-columns-is-layout-28f84493 wp-block-columns-is-layout-flex\">\n<div class=\"wp-block-column is-layout-flow wp-block-column-is-layout-flow\">\n<figure class=\"wp-block-image aligncenter size-full is-resized\"><img fetchpriority=\"high\" decoding=\"async\" width=\"750\" height=\"750\" src=\"https:\/\/www.usborkeychain.com\/wp-content\/uploads\/9.jpg\" alt=\"pvc caterpillar cell phone usb flash drive\" class=\"wp-image-3538\" style=\"object-fit:cover;width:600px;height:600px\" srcset=\"https:\/\/www.usborkeychain.com\/wp-content\/uploads\/9.jpg 750w, https:\/\/www.usborkeychain.com\/wp-content\/uploads\/9-300x300.jpg 300w, https:\/\/www.usborkeychain.com\/wp-content\/uploads\/9-150x150.jpg 150w, https:\/\/www.usborkeychain.com\/wp-content\/uploads\/9-12x12.jpg 12w, https:\/\/www.usborkeychain.com\/wp-content\/uploads\/9-600x600.jpg 600w, https:\/\/www.usborkeychain.com\/wp-content\/uploads\/9-100x100.jpg 100w\" sizes=\"(max-width: 750px) 100vw, 750px\" \/><\/figure>\n<\/div>\n\n\n\n<div class=\"wp-block-column is-vertically-aligned-center is-layout-flow wp-block-column-is-layout-flow\">\n<p>Nel mercato delle unit\u00e0 USB mobili, le unit\u00e0 USB in stile cartone animato sono rare e la maggior parte sono in metallo. L'unit\u00e0 USB mobile Caterpillar in PVC si presenta come un'innovazione fresca con il suo design da cartone animato (cartoon). <\/p>\n\n\n\n<p>Presenta un design adorabile e giocoso in stile cartone animato, abbinato a un materiale in gomma morbida completamente in PVC, che offre un tocco morbido e al tempo stesso \u00e8 durevole e resistente alle cadute. <\/p>\n\n\n\n<p>Come unit\u00e0 USB per cellulari e computer a doppio uso, supporta la funzionalit\u00e0 OTG, consentendo un facile trasferimento di dati tra telefoni cellulari e computer. <\/p>\n\n\n\n<p>Grazie al suo aspetto unico e alle sue prestazioni pratiche, questa unit\u00e0 USB \u00e8 diventata uno dei modelli pi\u00f9 popolari di unit\u00e0 USB da regalare, adatta sia per uso personale che per essere regalata.<\/p>\n<\/div>\n<\/div>\n\n\n\n<div style=\"height:46px\" aria-hidden=\"true\" class=\"wp-block-spacer\"><\/div>\n\n\n\n<h2 class=\"wp-block-heading\"> Unit\u00e0 USB mobile Caterpillar in PVC<\/h2>\n\n\n\n<div class=\"wp-block-columns is-layout-flex wp-container-core-columns-is-layout-28f84493 wp-block-columns-is-layout-flex\">\n<div class=\"wp-block-column is-vertically-aligned-center is-layout-flow wp-block-column-is-layout-flow\">\n<p>L'unit\u00e0 USB Caterpillar Mobile in PVC e gomma morbida adotta un simpatico design da cartone animato, che presenta l'immagine accattivante di un bruco. <\/p>\n\n\n\n<p>Ogni dettaglio, dal corpo rotondo e dagli agili tentacoli agli adorabili occhi, emana un fascino infantile. <\/p>\n\n\n\n<p>Il materiale in gomma morbida completamente in PVC non solo conferisce un tocco morbido e confortevole, ma garantisce anche un'eccellente resistenza alle cadute e all'acqua. <\/p>\n\n\n\n<p>Anche se viene accidentalmente urtata o esposta all'acqua durante l'uso quotidiano, non c'\u00e8 da preoccuparsi che l'unit\u00e0 USB si danneggi, combinando perfettamente bellezza e durata.<\/p>\n<\/div>\n\n\n\n<div class=\"wp-block-column is-layout-flow wp-block-column-is-layout-flow\">\n<figure class=\"wp-block-image aligncenter size-full is-resized\"><img decoding=\"async\" width=\"750\" height=\"750\" src=\"https:\/\/www.usborkeychain.com\/wp-content\/uploads\/8.jpg\" alt=\"pvc caterpillar shape cell phone usb flash drive\" class=\"wp-image-3537\" style=\"object-fit:cover;width:600px;height:600px\" srcset=\"https:\/\/www.usborkeychain.com\/wp-content\/uploads\/8.jpg 750w, https:\/\/www.usborkeychain.com\/wp-content\/uploads\/8-300x300.jpg 300w, https:\/\/www.usborkeychain.com\/wp-content\/uploads\/8-150x150.jpg 150w, https:\/\/www.usborkeychain.com\/wp-content\/uploads\/8-12x12.jpg 12w, https:\/\/www.usborkeychain.com\/wp-content\/uploads\/8-600x600.jpg 600w, https:\/\/www.usborkeychain.com\/wp-content\/uploads\/8-100x100.jpg 100w\" sizes=\"(max-width: 750px) 100vw, 750px\" \/><\/figure>\n<\/div>\n<\/div>\n\n\n\n<h2 class=\"wp-block-heading\">Parametri dell'unit\u00e0 USB mobile Caterpillar in PVC<\/h2>\n\n\n\n<figure class=\"wp-block-table\"><table class=\"has-fixed-layout\"><thead><tr><th>Progetto<\/th><th>Dettagli sui parametri<\/th><\/tr><\/thead><tbody><tr><td>Dimensione<\/td><td>56*2 mm<\/td><\/tr><tr><td>Materiale<\/td><td>PVC Gomma morbida<\/td><\/tr><tr><td>Peso<\/td><td>15g<\/td><\/tr><tr><td>Tipo di interfaccia<\/td><td>USB2.0\/3.0<\/td><\/tr><tr><td>Progetto<\/td><td>Dettagli sui parametri<\/td><\/tr><tr><td>Gamma di capacit\u00e0<\/td><td>8GB - 256GB (personalizzabile)<\/td><\/tr><\/tbody><\/table><\/figure>\n\n\n\n<div class=\"wp-block-columns is-layout-flex wp-container-core-columns-is-layout-28f84493 wp-block-columns-is-layout-flex\">\n<div class=\"wp-block-column is-layout-flow wp-block-column-is-layout-flow\">\n<figure class=\"wp-block-image aligncenter size-full is-resized\"><img decoding=\"async\" width=\"750\" height=\"750\" src=\"https:\/\/www.usborkeychain.com\/wp-content\/uploads\/7.jpg\" alt=\"pvc caterpillar cell phone usb flash drive display\" class=\"wp-image-3536\" style=\"object-fit:cover;width:600px;height:600px\" srcset=\"https:\/\/www.usborkeychain.com\/wp-content\/uploads\/7.jpg 750w, https:\/\/www.usborkeychain.com\/wp-content\/uploads\/7-300x300.jpg 300w, https:\/\/www.usborkeychain.com\/wp-content\/uploads\/7-150x150.jpg 150w, https:\/\/www.usborkeychain.com\/wp-content\/uploads\/7-12x12.jpg 12w, https:\/\/www.usborkeychain.com\/wp-content\/uploads\/7-600x600.jpg 600w, https:\/\/www.usborkeychain.com\/wp-content\/uploads\/7-100x100.jpg 100w\" sizes=\"(max-width: 750px) 100vw, 750px\" \/><\/figure>\n<\/div>\n\n\n\n<div class=\"wp-block-column is-vertically-aligned-center is-layout-flow wp-block-column-is-layout-flow\">\n<p>Questa unit\u00e0 USB mobile caterpillar \u00e8 dotata di interfaccia standard USB2.0 e di interfaccia ad alta velocit\u00e0 USB3.0 per soddisfare le esigenze di trasmissione di diversi utenti.<\/p>\n\n\n\n<p>L'interfaccia USB2.0 \u00e8 ampiamente compatibile con diversi dispositivi vecchi e nuovi, come computer, smart TV, dispositivi per auto, ecc; <\/p>\n\n\n\n<p>L'interfaccia USB3.0 ha una velocit\u00e0 di trasmissione teorica fino a 450 Mbps, molto pi\u00f9 efficiente per il trasferimento di file di grandi dimensioni rispetto ai 25 Mbps dell'USB2.0, ed \u00e8 adatta a computer mainstream, tablet e altri dispositivi. I parametri specifici sono i seguenti:<\/p>\n<\/div>\n<\/div>\n\n\n\n<div style=\"height:30px\" aria-hidden=\"true\" class=\"wp-block-spacer\"><\/div>\n\n\n\n<h2 class=\"wp-block-heading\">Colori della chiavetta USB mobile Caterpillar in PVC<\/h2>\n\n\n\n<div style=\"height:30px\" aria-hidden=\"true\" class=\"wp-block-spacer\"><\/div>\n\n\n\n<p>Per quanto riguarda la scelta dei colori, l'unit\u00e0 USB Caterpillar Mobile in PVC offre due stili: verde fresco e viola misterioso. Sia che gli utenti preferiscano uno stile fresco e naturale o un tono misterioso ed elegante, possono trovare la loro scelta preferita. Sono disponibili anche colori personalizzati, con un ordine minimo di 100 pezzi per un singolo stile.<\/p>\n\n\n\n<p>In termini di capacit\u00e0, offre diverse opzioni: 16GB, 32GB, 64GB, 128GB, 256GB e 512GB, per soddisfare facilmente le esigenze di archiviazione quotidiana di documenti di lavoro, foto di vita o video ad alta definizione.<\/p>\n\n\n\n<div style=\"height:30px\" aria-hidden=\"true\" class=\"wp-block-spacer\"><\/div>\n\n\n\n<h2 class=\"wp-block-heading\">La chiavetta USB Caterpillar Mobile in PVC pu\u00f2 essere personalizzata con un logo?<\/h2>\n\n\n\n<div class=\"wp-block-columns is-layout-flex wp-container-core-columns-is-layout-28f84493 wp-block-columns-is-layout-flex\">\n<div class=\"wp-block-column is-vertically-aligned-center is-layout-flow wp-block-column-is-layout-flow\">\n<p>Certamente! Se volete rendere questa simpatica chiavetta USB ancora pi\u00f9 esclusiva, la chiavetta USB Caterpillar Mobile in PVC supporta la personalizzazione del logo. <\/p>\n\n\n\n<p>Il logo viene modellato direttamente durante il processo di produzione, \u00e8 adatto a loghi semplici e pu\u00f2 creare un effetto tattile concavo-convesso.<\/p>\n\n\n\n<p>Inoltre, l'imballaggio supporta anche la personalizzazione del logo. Il sacchetto standard in PP \u00e8 semplice e pratico, mentre la confezione in ferro \u00e8 squisita e di alto livello. <\/p>\n\n\n\n<p>Che si tratti di un uso personale per mostrare la propria personalit\u00e0 o di un regalo per trasmettere intenzioni, pu\u00f2 creare un'esperienza unica ed esclusiva.<\/p>\n<\/div>\n\n\n\n<div class=\"wp-block-column is-layout-flow wp-block-column-is-layout-flow\">\n<figure class=\"wp-block-image aligncenter size-full is-resized\"><img loading=\"lazy\" decoding=\"async\" width=\"750\" height=\"750\" src=\"https:\/\/www.usborkeychain.com\/wp-content\/uploads\/6.jpg\" alt=\"pvc caterpillar cute shape cell phone usb flash drive\" class=\"wp-image-3535\" style=\"object-fit:cover;width:600px;height:600px\" srcset=\"https:\/\/www.usborkeychain.com\/wp-content\/uploads\/6.jpg 750w, https:\/\/www.usborkeychain.com\/wp-content\/uploads\/6-300x300.jpg 300w, https:\/\/www.usborkeychain.com\/wp-content\/uploads\/6-150x150.jpg 150w, https:\/\/www.usborkeychain.com\/wp-content\/uploads\/6-12x12.jpg 12w, https:\/\/www.usborkeychain.com\/wp-content\/uploads\/6-600x600.jpg 600w, https:\/\/www.usborkeychain.com\/wp-content\/uploads\/6-100x100.jpg 100w\" sizes=\"(max-width: 750px) 100vw, 750px\" \/><\/figure>\n<\/div>\n<\/div>\n\n\n\n<p>L'unit\u00e0 USB mobile Caterpillar in PVC si distingue da molte altre unit\u00e0 USB per il suo simpatico design a cartoni animati, il materiale in gomma morbida PVC di alta qualit\u00e0 e resistenza, il pratico design a doppia interfaccia, la ricca capacit\u00e0 e le opzioni di colore e i servizi di personalizzazione flessibili.<\/p>\n\n\n\n<p><\/p>","protected":false},"excerpt":{"rendered":"<ul>\n<li>Materiale PVC<\/li>\n<li>Stile rotante<\/li>\n<li>USB2.0 USB3.0<\/li>\n<li>Logo personalizzato<\/li>\n<li>MOQ: la quantit\u00e0 minima ordinabile \u00e8 di 100 pezzi<\/li>\n<li>Gamma di capacit\u00e0: 1GB - 1TB<\/li>\n<\/ul>","protected":false},"featured_media":3545,"comment_status":"open","ping_status":"closed","template":"","meta":{"_seopress_robots_primary_cat":"none","_seopress_titles_title":"PVC Cell Phone USB Stick","_seopress_titles_desc":"","_seopress_robots_index":"","site-sidebar-layout":"default","site-content-layout":"","ast-site-content-layout":"","site-content-style":"default","site-sidebar-style":"default","ast-global-header-display":"","ast-banner-title-visibility":"","ast-main-header-display":"","ast-hfb-above-header-display":"","ast-hfb-below-header-display":"","ast-hfb-mobile-header-display":"","site-post-title":"","ast-breadcrumbs-content":"","ast-featured-img":"","footer-sml-layout":"","theme-transparent-header-meta":"","adv-header-id-meta":"","stick-header-meta":"","header-above-stick-meta":"","header-main-stick-meta":"","header-below-stick-meta":"","astra-migrate-meta-layouts":"default","ast-page-background-enabled":"default","ast-page-background-meta":{"desktop":{"background-color":"var(--ast-global-color-5)","background-image":"","background-repeat":"repeat","background-position":"center center","background-size":"auto","background-attachment":"scroll","background-type":"","background-media":"","overlay-type":"","overlay-color":"","overlay-opacity":"","overlay-gradient":""},"tablet":{"background-color":"","background-image":"","background-repeat":"repeat","background-position":"center center","background-size":"auto","background-attachment":"scroll","background-type":"","background-media":"","overlay-type":"","overlay-color":"","overlay-opacity":"","overlay-gradient":""},"mobile":{"background-color":"","background-image":"","background-repeat":"repeat","background-position":"center center","background-size":"auto","background-attachment":"scroll","background-type":"","background-media":"","overlay-type":"","overlay-color":"","overlay-opacity":"","overlay-gradient":""}},"ast-content-background-meta":{"desktop":{"background-color":"var(--ast-global-color-4)","background-image":"","background-repeat":"repeat","background-position":"center center","background-size":"auto","background-attachment":"scroll","background-type":"","background-media":"","overlay-type":"","overlay-color":"","overlay-opacity":"","overlay-gradient":""},"tablet":{"background-color":"var(--ast-global-color-4)","background-image":"","background-repeat":"repeat","background-position":"center center","background-size":"auto","background-attachment":"scroll","background-type":"","background-media":"","overlay-type":"","overlay-color":"","overlay-opacity":"","overlay-gradient":""},"mobile":{"background-color":"var(--ast-global-color-4)","background-image":"","background-repeat":"repeat","background-position":"center center","background-size":"auto","background-attachment":"scroll","background-type":"","background-media":"","overlay-type":"","overlay-color":"","overlay-opacity":"","overlay-gradient":""}}},"product_brand":[],"product_cat":[112,94,105],"product_tag":[191,192],"class_list":{"0":"post-3532","1":"product","2":"type-product","3":"status-publish","4":"has-post-thumbnail","6":"product_cat-cartton-usb-pendrive","7":"product_cat-pvc-usb-pendrive","8":"product_cat-usb-c-pendrive","9":"product_tag-pvc-usb-stick","10":"product_tag-usb-flash-drive-for-iphone","11":"desktop-align-left","12":"tablet-align-left","13":"mobile-align-left","15":"first","16":"instock","17":"shipping-taxable","18":"product-type-simple"},"_links":{"self":[{"href":"https:\/\/www.usborkeychain.com\/it\/wp-json\/wp\/v2\/product\/3532","targetHints":{"allow":["GET"]}}],"collection":[{"href":"https:\/\/www.usborkeychain.com\/it\/wp-json\/wp\/v2\/product"}],"about":[{"href":"https:\/\/www.usborkeychain.com\/it\/wp-json\/wp\/v2\/types\/product"}],"replies":[{"embeddable":true,"href":"https:\/\/www.usborkeychain.com\/it\/wp-json\/wp\/v2\/comments?post=3532"}],"wp:featuredmedia":[{"embeddable":true,"href":"https:\/\/www.usborkeychain.com\/it\/wp-json\/wp\/v2\/media\/3545"}],"wp:attachment":[{"href":"https:\/\/www.usborkeychain.com\/it\/wp-json\/wp\/v2\/media?parent=3532"}],"wp:term":[{"taxonomy":"product_brand","embeddable":true,"href":"https:\/\/www.usborkeychain.com\/it\/wp-json\/wp\/v2\/product_brand?post=3532"},{"taxonomy":"product_cat","embeddable":true,"href":"https:\/\/www.usborkeychain.com\/it\/wp-json\/wp\/v2\/product_cat?post=3532"},{"taxonomy":"product_tag","embeddable":true,"href":"https:\/\/www.usborkeychain.com\/it\/wp-json\/wp\/v2\/product_tag?post=3532"}],"curies":[{"name":"wp","href":"https:\/\/api.w.org\/{rel}","templated":true}]}}