{"id":3570,"date":"2025-06-27T08:03:11","date_gmt":"2025-06-27T08:03:11","guid":{"rendered":"https:\/\/www.usborkeychain.com\/?post_type=product&#038;p=3570"},"modified":"2025-08-16T03:08:14","modified_gmt":"2025-08-16T03:08:14","slug":"metal-rotating-mobile-usb-flash-drive-with-dual-interfaces-type-c","status":"publish","type":"product","link":"https:\/\/www.usborkeychain.com\/it\/prodotto\/metal-rotating-mobile-usb-flash-drive-with-dual-interfaces-type-c\/","title":{"rendered":"Unit\u00e0 flash USB OTG rotante in metallo con doppia interfaccia Type-c"},"content":{"rendered":"<div class=\"wp-block-columns is-layout-flex wp-container-core-columns-is-layout-28f84493 wp-block-columns-is-layout-flex\">\n<div class=\"wp-block-column is-layout-flow wp-block-column-is-layout-flow\">\n<figure class=\"wp-block-image aligncenter size-full is-resized\"><img fetchpriority=\"high\" decoding=\"async\" width=\"1000\" height=\"1000\" src=\"https:\/\/www.usborkeychain.com\/wp-content\/uploads\/O1CN01gXvHAo1QuXRHdiltL_2211016602036-0-cib.jpg_.webp.jpg\" alt=\"Rotating Metal USB Type C Cell Phone USB Flash Drive\" class=\"wp-image-3582\" style=\"object-fit:cover;width:600px;height:600px\" srcset=\"https:\/\/www.usborkeychain.com\/wp-content\/uploads\/O1CN01gXvHAo1QuXRHdiltL_2211016602036-0-cib.jpg_.webp.jpg 1000w, https:\/\/www.usborkeychain.com\/wp-content\/uploads\/O1CN01gXvHAo1QuXRHdiltL_2211016602036-0-cib.jpg_.webp-300x300.jpg 300w, https:\/\/www.usborkeychain.com\/wp-content\/uploads\/O1CN01gXvHAo1QuXRHdiltL_2211016602036-0-cib.jpg_.webp-150x150.jpg 150w, https:\/\/www.usborkeychain.com\/wp-content\/uploads\/O1CN01gXvHAo1QuXRHdiltL_2211016602036-0-cib.jpg_.webp-768x768.jpg 768w, https:\/\/www.usborkeychain.com\/wp-content\/uploads\/O1CN01gXvHAo1QuXRHdiltL_2211016602036-0-cib.jpg_.webp-12x12.jpg 12w, https:\/\/www.usborkeychain.com\/wp-content\/uploads\/O1CN01gXvHAo1QuXRHdiltL_2211016602036-0-cib.jpg_.webp-600x600.jpg 600w, https:\/\/www.usborkeychain.com\/wp-content\/uploads\/O1CN01gXvHAo1QuXRHdiltL_2211016602036-0-cib.jpg_.webp-100x100.jpg 100w\" sizes=\"(max-width: 1000px) 100vw, 1000px\" \/><\/figure>\n<\/div>\n\n\n\n<div class=\"wp-block-column is-vertically-aligned-center is-layout-flow wp-block-column-is-layout-flow\">\n<p>Nel contesto della crescente domanda di ufficio e intrattenimento digitale, l'unit\u00e0 flash USB mobile rotante in metallo con doppia interfaccia Type-c si \u00e8 distinta per le sue eccellenti prestazioni e il design innovativo, diventando un gadget di archiviazione popolare. <\/p>\n\n\n\n<p>Il design, semplice ed elegante, \u00e8 realizzato con materiali interamente metallici, non solo con una struttura di alta qualit\u00e0, ma anche con un senso di qualit\u00e0 e di stile. <\/p>\n\n\n\n<p>Il robusto involucro metallico resiste efficacemente all'usura quotidiana e agli urti, salvaguardando in modo completo la sicurezza dei dati.<\/p>\n\n\n\n<p>Come stile preferito di unit\u00e0 flash USB da regalo, integra perfettamente le funzioni pratiche con un aspetto squisito. Sia che si tratti di interazioni d'affari o di regali per le feste, \u00e8 in grado di trasmettere piena sincerit\u00e0 e rappresenta una scelta eccellente per mostrare la propria premura.<\/p>\n<\/div>\n<\/div>\n\n\n\n<div style=\"height:53px\" aria-hidden=\"true\" class=\"wp-block-spacer\"><\/div>\n\n\n\n<h2 class=\"wp-block-heading\">Design innovativo: Un solo \"drive\" per due usi<\/h2>\n\n\n\n<div class=\"wp-block-columns is-layout-flex wp-container-core-columns-is-layout-28f84493 wp-block-columns-is-layout-flex\">\n<div class=\"wp-block-column is-vertically-aligned-center is-layout-flow wp-block-column-is-layout-flow\">\n<p>L'unit\u00e0 flash USB mobile rotante in metallo con doppia interfaccia Type-c adotta un design innovativo, dotato di doppia interfaccia Type-c e USB, che consente una reale intercomunicazione di dati tra telefoni cellulari e computer. <\/p>\n\n\n\n<p>Non \u00e8 necessario ricorrere a un convertitore, per soddisfare facilmente le esigenze di trasmissione di pi\u00f9 dispositivi. Il design senza coperchio rotante a 360 gradi elimina completamente il problema del tappo della chiavetta USB tradizionale, facile da perdere. <\/p>\n\n\n\n<p>Quando lo si utilizza, basta dare una leggera rotazione per collegarlo rapidamente al dispositivo, con un funzionamento fluido e comodo. <\/p>\n\n\n\n<p>Il materiale interamente metallico, lavorato con squisita maestria, ha un tocco delicato e liscio, \u00e8 resistente all'usura e ai graffi, e mostra un senso di tecnologia alla moda quando viene trasportato e utilizzato, adattandosi facilmente a vari scenari.<\/p>\n<\/div>\n\n\n\n<div class=\"wp-block-column is-layout-flow wp-block-column-is-layout-flow\">\n<figure class=\"wp-block-image aligncenter size-full is-resized\"><img decoding=\"async\" width=\"1000\" height=\"1000\" src=\"https:\/\/www.usborkeychain.com\/wp-content\/uploads\/O1CN018gYYxH1QuXRE2TUV9_2211016602036-0-cib.jpg_.webp.jpg\" alt=\"Rotating Metal USB Type C 2.0 Cell Phone USB Flash Drive\" class=\"wp-image-3583\" style=\"object-fit:cover;width:600px;height:600px\" srcset=\"https:\/\/www.usborkeychain.com\/wp-content\/uploads\/O1CN018gYYxH1QuXRE2TUV9_2211016602036-0-cib.jpg_.webp.jpg 1000w, https:\/\/www.usborkeychain.com\/wp-content\/uploads\/O1CN018gYYxH1QuXRE2TUV9_2211016602036-0-cib.jpg_.webp-300x300.jpg 300w, https:\/\/www.usborkeychain.com\/wp-content\/uploads\/O1CN018gYYxH1QuXRE2TUV9_2211016602036-0-cib.jpg_.webp-150x150.jpg 150w, https:\/\/www.usborkeychain.com\/wp-content\/uploads\/O1CN018gYYxH1QuXRE2TUV9_2211016602036-0-cib.jpg_.webp-768x768.jpg 768w, https:\/\/www.usborkeychain.com\/wp-content\/uploads\/O1CN018gYYxH1QuXRE2TUV9_2211016602036-0-cib.jpg_.webp-12x12.jpg 12w, https:\/\/www.usborkeychain.com\/wp-content\/uploads\/O1CN018gYYxH1QuXRE2TUV9_2211016602036-0-cib.jpg_.webp-600x600.jpg 600w, https:\/\/www.usborkeychain.com\/wp-content\/uploads\/O1CN018gYYxH1QuXRE2TUV9_2211016602036-0-cib.jpg_.webp-100x100.jpg 100w\" sizes=\"(max-width: 1000px) 100vw, 1000px\" \/><\/figure>\n<\/div>\n<\/div>\n\n\n\n<h2 class=\"wp-block-heading\">Diverse interfacce: Trasmissione ultraveloce<\/h2>\n\n\n\n<p>L'unit\u00e0 flash USB offre una ricca selezione di interfacce, tra cui USB 2.0, OTG, USB 3.0 e TYPE-C, per soddisfare le esigenze di trasmissione di diversi dispositivi. I parametri specifici sono i seguenti:<\/p>\n\n\n\n<div class=\"wp-block-columns is-layout-flex wp-container-core-columns-is-layout-28f84493 wp-block-columns-is-layout-flex\">\n<div class=\"wp-block-column is-layout-flow wp-block-column-is-layout-flow\">\n<figure class=\"wp-block-image alignwide size-full\"><img decoding=\"async\" width=\"800\" height=\"800\" src=\"https:\/\/www.usborkeychain.com\/wp-content\/uploads\/rotating-metal-usb-type-c-flash-drive1.jpg\" alt=\"rotating metal usb type c flash drive1\" class=\"wp-image-3576\" srcset=\"https:\/\/www.usborkeychain.com\/wp-content\/uploads\/rotating-metal-usb-type-c-flash-drive1.jpg 800w, https:\/\/www.usborkeychain.com\/wp-content\/uploads\/rotating-metal-usb-type-c-flash-drive1-300x300.jpg 300w, https:\/\/www.usborkeychain.com\/wp-content\/uploads\/rotating-metal-usb-type-c-flash-drive1-150x150.jpg 150w, https:\/\/www.usborkeychain.com\/wp-content\/uploads\/rotating-metal-usb-type-c-flash-drive1-768x768.jpg 768w, https:\/\/www.usborkeychain.com\/wp-content\/uploads\/rotating-metal-usb-type-c-flash-drive1-12x12.jpg 12w, https:\/\/www.usborkeychain.com\/wp-content\/uploads\/rotating-metal-usb-type-c-flash-drive1-600x600.jpg 600w, https:\/\/www.usborkeychain.com\/wp-content\/uploads\/rotating-metal-usb-type-c-flash-drive1-100x100.jpg 100w\" sizes=\"(max-width: 800px) 100vw, 800px\" \/><\/figure>\n<\/div>\n\n\n\n<div class=\"wp-block-column is-layout-flow wp-block-column-is-layout-flow\">\n<figure class=\"wp-block-image alignwide size-full\"><img loading=\"lazy\" decoding=\"async\" width=\"800\" height=\"800\" src=\"https:\/\/www.usborkeychain.com\/wp-content\/uploads\/siliver-fastest-rotating-metal-usb-type-c-flash-drive.jpg\" alt=\"siliver-fastest rotating metal usb type c flash drive\" class=\"wp-image-3578\" srcset=\"https:\/\/www.usborkeychain.com\/wp-content\/uploads\/siliver-fastest-rotating-metal-usb-type-c-flash-drive.jpg 800w, https:\/\/www.usborkeychain.com\/wp-content\/uploads\/siliver-fastest-rotating-metal-usb-type-c-flash-drive-300x300.jpg 300w, https:\/\/www.usborkeychain.com\/wp-content\/uploads\/siliver-fastest-rotating-metal-usb-type-c-flash-drive-150x150.jpg 150w, https:\/\/www.usborkeychain.com\/wp-content\/uploads\/siliver-fastest-rotating-metal-usb-type-c-flash-drive-768x768.jpg 768w, https:\/\/www.usborkeychain.com\/wp-content\/uploads\/siliver-fastest-rotating-metal-usb-type-c-flash-drive-12x12.jpg 12w, https:\/\/www.usborkeychain.com\/wp-content\/uploads\/siliver-fastest-rotating-metal-usb-type-c-flash-drive-600x600.jpg 600w, https:\/\/www.usborkeychain.com\/wp-content\/uploads\/siliver-fastest-rotating-metal-usb-type-c-flash-drive-100x100.jpg 100w\" sizes=\"(max-width: 800px) 100vw, 800px\" \/><\/figure>\n<\/div>\n\n\n\n<div class=\"wp-block-column is-layout-flow wp-block-column-is-layout-flow\">\n<figure class=\"wp-block-image alignwide size-full\"><img loading=\"lazy\" decoding=\"async\" width=\"800\" height=\"800\" src=\"https:\/\/www.usborkeychain.com\/wp-content\/uploads\/rotating-metal-usb-type-c-flash-drive.jpg\" alt=\"rotating metal usb type c flash drive\" class=\"wp-image-3575\" srcset=\"https:\/\/www.usborkeychain.com\/wp-content\/uploads\/rotating-metal-usb-type-c-flash-drive.jpg 800w, https:\/\/www.usborkeychain.com\/wp-content\/uploads\/rotating-metal-usb-type-c-flash-drive-300x300.jpg 300w, https:\/\/www.usborkeychain.com\/wp-content\/uploads\/rotating-metal-usb-type-c-flash-drive-150x150.jpg 150w, https:\/\/www.usborkeychain.com\/wp-content\/uploads\/rotating-metal-usb-type-c-flash-drive-768x768.jpg 768w, https:\/\/www.usborkeychain.com\/wp-content\/uploads\/rotating-metal-usb-type-c-flash-drive-12x12.jpg 12w, https:\/\/www.usborkeychain.com\/wp-content\/uploads\/rotating-metal-usb-type-c-flash-drive-600x600.jpg 600w, https:\/\/www.usborkeychain.com\/wp-content\/uploads\/rotating-metal-usb-type-c-flash-drive-100x100.jpg 100w\" sizes=\"(max-width: 800px) 100vw, 800px\" \/><\/figure>\n<\/div>\n\n\n\n<div class=\"wp-block-column is-layout-flow wp-block-column-is-layout-flow\">\n<figure class=\"wp-block-image alignwide size-full\"><img loading=\"lazy\" decoding=\"async\" width=\"800\" height=\"800\" src=\"https:\/\/www.usborkeychain.com\/wp-content\/uploads\/gunmetal-fastest-rotating-metal-usb-type-c-flash-drive.jpg\" alt=\"gunmetal-fastest rotating metal usb type c flash drive\" class=\"wp-image-3574\" srcset=\"https:\/\/www.usborkeychain.com\/wp-content\/uploads\/gunmetal-fastest-rotating-metal-usb-type-c-flash-drive.jpg 800w, https:\/\/www.usborkeychain.com\/wp-content\/uploads\/gunmetal-fastest-rotating-metal-usb-type-c-flash-drive-300x300.jpg 300w, https:\/\/www.usborkeychain.com\/wp-content\/uploads\/gunmetal-fastest-rotating-metal-usb-type-c-flash-drive-150x150.jpg 150w, https:\/\/www.usborkeychain.com\/wp-content\/uploads\/gunmetal-fastest-rotating-metal-usb-type-c-flash-drive-768x768.jpg 768w, https:\/\/www.usborkeychain.com\/wp-content\/uploads\/gunmetal-fastest-rotating-metal-usb-type-c-flash-drive-12x12.jpg 12w, https:\/\/www.usborkeychain.com\/wp-content\/uploads\/gunmetal-fastest-rotating-metal-usb-type-c-flash-drive-600x600.jpg 600w, https:\/\/www.usborkeychain.com\/wp-content\/uploads\/gunmetal-fastest-rotating-metal-usb-type-c-flash-drive-100x100.jpg 100w\" sizes=\"(max-width: 800px) 100vw, 800px\" \/><\/figure>\n<\/div>\n\n\n\n<div class=\"wp-block-column is-layout-flow wp-block-column-is-layout-flow\">\n<figure class=\"wp-block-image alignwide size-full\"><img loading=\"lazy\" decoding=\"async\" width=\"800\" height=\"800\" src=\"https:\/\/www.usborkeychain.com\/wp-content\/uploads\/rotating-metal-usb-type-c-flash-drive2.jpg\" alt=\"rotating metal usb type c flash drive2\" class=\"wp-image-3577\" srcset=\"https:\/\/www.usborkeychain.com\/wp-content\/uploads\/rotating-metal-usb-type-c-flash-drive2.jpg 800w, https:\/\/www.usborkeychain.com\/wp-content\/uploads\/rotating-metal-usb-type-c-flash-drive2-300x300.jpg 300w, https:\/\/www.usborkeychain.com\/wp-content\/uploads\/rotating-metal-usb-type-c-flash-drive2-150x150.jpg 150w, https:\/\/www.usborkeychain.com\/wp-content\/uploads\/rotating-metal-usb-type-c-flash-drive2-768x768.jpg 768w, https:\/\/www.usborkeychain.com\/wp-content\/uploads\/rotating-metal-usb-type-c-flash-drive2-12x12.jpg 12w, https:\/\/www.usborkeychain.com\/wp-content\/uploads\/rotating-metal-usb-type-c-flash-drive2-600x600.jpg 600w, https:\/\/www.usborkeychain.com\/wp-content\/uploads\/rotating-metal-usb-type-c-flash-drive2-100x100.jpg 100w\" sizes=\"(max-width: 800px) 100vw, 800px\" \/><\/figure>\n<\/div>\n<\/div>\n\n\n\n<figure class=\"wp-block-table\"><table class=\"has-fixed-layout\"><thead><tr><th>Progetto<\/th><th>Dettagli sui parametri<\/th><\/tr><\/thead><tbody><tr><td>Dimensione<\/td><td>62mm\u00d715mm\u00d78mm<\/td><\/tr><tr><td>Materiale<\/td><td>Metallo<\/td><\/tr><tr><td>Peso<\/td><td>20g<\/td><\/tr><tr><td>Capacit\u00e0<\/td><td>8GB - 256GB (personalizzabile)<\/td><\/tr><tr><td>Interfacce<\/td><td>USB 2.0, OTG, USB 3.0, TIPO-C<\/td><\/tr><\/tbody><\/table><\/figure>\n\n\n\n<div style=\"height:50px\" aria-hidden=\"true\" class=\"wp-block-spacer\"><\/div>\n\n\n\n<h2 class=\"wp-block-heading\">Opzioni colorate: Grande spazio di archiviazione<\/h2>\n\n\n\n<div class=\"wp-block-columns is-layout-flex wp-container-core-columns-is-layout-28f84493 wp-block-columns-is-layout-flex\">\n<div class=\"wp-block-column is-layout-flow wp-block-column-is-layout-flow\">\n<figure class=\"wp-block-image aligncenter size-full is-resized\"><img loading=\"lazy\" decoding=\"async\" width=\"800\" height=\"800\" src=\"https:\/\/www.usborkeychain.com\/wp-content\/uploads\/fastest-rotating-metal-usb-type-c-flash-drive.jpg\" alt=\"fastest rotating metal usb type c flash drive\" class=\"wp-image-3573\" style=\"object-fit:cover;width:600px;height:600px\" srcset=\"https:\/\/www.usborkeychain.com\/wp-content\/uploads\/fastest-rotating-metal-usb-type-c-flash-drive.jpg 800w, https:\/\/www.usborkeychain.com\/wp-content\/uploads\/fastest-rotating-metal-usb-type-c-flash-drive-300x300.jpg 300w, https:\/\/www.usborkeychain.com\/wp-content\/uploads\/fastest-rotating-metal-usb-type-c-flash-drive-150x150.jpg 150w, https:\/\/www.usborkeychain.com\/wp-content\/uploads\/fastest-rotating-metal-usb-type-c-flash-drive-768x768.jpg 768w, https:\/\/www.usborkeychain.com\/wp-content\/uploads\/fastest-rotating-metal-usb-type-c-flash-drive-12x12.jpg 12w, https:\/\/www.usborkeychain.com\/wp-content\/uploads\/fastest-rotating-metal-usb-type-c-flash-drive-600x600.jpg 600w, https:\/\/www.usborkeychain.com\/wp-content\/uploads\/fastest-rotating-metal-usb-type-c-flash-drive-100x100.jpg 100w\" sizes=\"(max-width: 800px) 100vw, 800px\" \/><\/figure>\n<\/div>\n\n\n\n<div class=\"wp-block-column is-vertically-aligned-center is-layout-flow wp-block-column-is-layout-flow\">\n<p>La chiavetta USB mobile rotante in metallo con doppia interfaccia Type-c \u00e8 disponibile in tre colori classici: oro, argento e oro rosa.<\/p>\n\n\n\n<p>Tra questi, l'argento, con le sue caratteristiche low-key, calme ma alla moda, \u00e8 diventato la prima scelta per 80% degli utenti. <\/p>\n\n\n\n<p>L'aspetto argentato \u00e8 semplice ed elegante, versatile e adatto a qualsiasi occasione, sia che si tratti di un serio incontro di lavoro che di un rilassante viaggio di piacere. <\/p>\n\n\n\n<p>Lo speciale processo di trattamento della superficie non solo rende il colore brillante, ma migliora anche la resistenza allo sporco, mantenendolo pulito e nuovo anche dopo un uso prolungato. <\/p>\n\n\n\n<p>In termini di capacit\u00e0, offre una variet\u00e0 di scelte come 8GB, 16GB, 32GB, 64GB e 128GB, che possono facilmente gestire l'archiviazione di file di lavoro, foto preziose o film ad alta definizione.<\/p>\n<\/div>\n<\/div>\n\n\n\n<div style=\"height:40px\" aria-hidden=\"true\" class=\"wp-block-spacer\"><\/div>\n\n\n\n<h2 class=\"wp-block-heading\">Personalizzazione su misura: Stile esclusivo<\/h2>\n\n\n\n<div class=\"wp-block-columns is-layout-flex wp-container-core-columns-is-layout-28f84493 wp-block-columns-is-layout-flex\">\n<div class=\"wp-block-column is-vertically-aligned-center is-layout-flow wp-block-column-is-layout-flow\">\n<p>Volete rendere unica la chiavetta USB? La chiavetta USB mobile rotante in metallo con doppia interfaccia Type-c supporta servizi di personalizzazione approfonditi.<\/p>\n\n\n\n<p>Il processo di incisione laser presenta un delicato e squisito effetto di incavo e il logo \u00e8 chiaro e durevole; il processo di serigrafia \u00e8 colorato con una variet\u00e0 di motivi.<\/p>\n\n\n\n<p> Inoltre, l'imballaggio supporta anche la personalizzazione del logo, con un sacchetto standard in PP o una scatola di ferro. \u00c8 possibile scegliere in base alle proprie esigenze di creare un logo esclusivo, rendendo ogni trasmissione di dati piena di fascino unico.<\/p>\n<\/div>\n\n\n\n<div class=\"wp-block-column is-layout-flow wp-block-column-is-layout-flow\">\n<figure class=\"wp-block-image aligncenter size-full is-resized\"><img loading=\"lazy\" decoding=\"async\" width=\"1000\" height=\"1000\" src=\"https:\/\/www.usborkeychain.com\/wp-content\/uploads\/O1CN018KiiH11QuXRGLR8i6_2211016602036-0-cib.jpg_.webp.jpg\" alt=\"Rotating Metal USB Type C 2.0\" class=\"wp-image-3584\" style=\"object-fit:cover;width:600px;height:600px\" srcset=\"https:\/\/www.usborkeychain.com\/wp-content\/uploads\/O1CN018KiiH11QuXRGLR8i6_2211016602036-0-cib.jpg_.webp.jpg 1000w, https:\/\/www.usborkeychain.com\/wp-content\/uploads\/O1CN018KiiH11QuXRGLR8i6_2211016602036-0-cib.jpg_.webp-300x300.jpg 300w, https:\/\/www.usborkeychain.com\/wp-content\/uploads\/O1CN018KiiH11QuXRGLR8i6_2211016602036-0-cib.jpg_.webp-150x150.jpg 150w, https:\/\/www.usborkeychain.com\/wp-content\/uploads\/O1CN018KiiH11QuXRGLR8i6_2211016602036-0-cib.jpg_.webp-768x768.jpg 768w, https:\/\/www.usborkeychain.com\/wp-content\/uploads\/O1CN018KiiH11QuXRGLR8i6_2211016602036-0-cib.jpg_.webp-12x12.jpg 12w, https:\/\/www.usborkeychain.com\/wp-content\/uploads\/O1CN018KiiH11QuXRGLR8i6_2211016602036-0-cib.jpg_.webp-600x600.jpg 600w, https:\/\/www.usborkeychain.com\/wp-content\/uploads\/O1CN018KiiH11QuXRGLR8i6_2211016602036-0-cib.jpg_.webp-100x100.jpg 100w\" sizes=\"(max-width: 1000px) 100vw, 1000px\" \/><\/figure>\n<\/div>\n<\/div>\n\n\n\n<div style=\"height:100px\" aria-hidden=\"true\" class=\"wp-block-spacer\"><\/div>\n\n\n\n<p>L'unit\u00e0 flash USB mobile rotante in metallo con doppia interfaccia Type-c rompe la barriera della trasmissione tra dispositivi grazie al suo innovativo design a doppia interfaccia, combinato con diverse interfacce, ricche capacit\u00e0 e servizi di personalizzazione personalizzati, che la rendono la scelta migliore per l'archiviazione dei dati e per i regali. <\/p>\n\n\n\n<p>Che si tratti di un professionista alla ricerca di una trasmissione efficiente o di un utente attento alla qualit\u00e0 e alla personalit\u00e0, \u00e8 in grado di soddisfare accuratamente le esigenze e di offrire un'esperienza d'uso comoda, efficiente ed esclusiva.<\/p>","protected":false},"excerpt":{"rendered":"<ul>\n<li>Materiale metallico<\/li>\n<li>Stile rotante<\/li>\n<li>USB2.0 USB3.0 USB3.1<\/li>\n<li>Logo personalizzato<\/li>\n<li>MOQ: 100pz<\/li>\n<li>Gamma di capacit\u00e0: 1GB - 1TB<\/li>\n<\/ul>","protected":false},"featured_media":3574,"comment_status":"open","ping_status":"closed","template":"","meta":{"_seopress_robots_primary_cat":"none","_seopress_titles_title":"","_seopress_titles_desc":"","_seopress_robots_index":"","site-sidebar-layout":"default","site-content-layout":"","ast-site-content-layout":"","site-content-style":"default","site-sidebar-style":"default","ast-global-header-display":"","ast-banner-title-visibility":"","ast-main-header-display":"","ast-hfb-above-header-display":"","ast-hfb-below-header-display":"","ast-hfb-mobile-header-display":"","site-post-title":"","ast-breadcrumbs-content":"","ast-featured-img":"","footer-sml-layout":"","theme-transparent-header-meta":"","adv-header-id-meta":"","stick-header-meta":"","header-above-stick-meta":"","header-main-stick-meta":"","header-below-stick-meta":"","astra-migrate-meta-layouts":"default","ast-page-background-enabled":"default","ast-page-background-meta":{"desktop":{"background-color":"var(--ast-global-color-5)","background-image":"","background-repeat":"repeat","background-position":"center center","background-size":"auto","background-attachment":"scroll","background-type":"","background-media":"","overlay-type":"","overlay-color":"","overlay-opacity":"","overlay-gradient":""},"tablet":{"background-color":"","background-image":"","background-repeat":"repeat","background-position":"center center","background-size":"auto","background-attachment":"scroll","background-type":"","background-media":"","overlay-type":"","overlay-color":"","overlay-opacity":"","overlay-gradient":""},"mobile":{"background-color":"","background-image":"","background-repeat":"repeat","background-position":"center center","background-size":"auto","background-attachment":"scroll","background-type":"","background-media":"","overlay-type":"","overlay-color":"","overlay-opacity":"","overlay-gradient":""}},"ast-content-background-meta":{"desktop":{"background-color":"var(--ast-global-color-4)","background-image":"","background-repeat":"repeat","background-position":"center center","background-size":"auto","background-attachment":"scroll","background-type":"","background-media":"","overlay-type":"","overlay-color":"","overlay-opacity":"","overlay-gradient":""},"tablet":{"background-color":"var(--ast-global-color-4)","background-image":"","background-repeat":"repeat","background-position":"center center","background-size":"auto","background-attachment":"scroll","background-type":"","background-media":"","overlay-type":"","overlay-color":"","overlay-opacity":"","overlay-gradient":""},"mobile":{"background-color":"var(--ast-global-color-4)","background-image":"","background-repeat":"repeat","background-position":"center center","background-size":"auto","background-attachment":"scroll","background-type":"","background-media":"","overlay-type":"","overlay-color":"","overlay-opacity":"","overlay-gradient":""}}},"product_brand":[],"product_cat":[89,105,104],"product_tag":[187,194,396],"class_list":{"0":"post-3570","1":"product","2":"type-product","3":"status-publish","4":"has-post-thumbnail","6":"product_cat-metal-usb-pendrive","7":"product_cat-usb-c-pendrive","8":"product_cat-usb3-0-usb-pendrive","9":"product_tag-metal-usb-c-flash-drive","10":"product_tag-rotating-otg-usb-flash-drive","11":"product_tag-stainless-steel-usb-flash-drive","12":"desktop-align-left","13":"tablet-align-left","14":"mobile-align-left","16":"first","17":"instock","18":"shipping-taxable","19":"product-type-simple"},"_links":{"self":[{"href":"https:\/\/www.usborkeychain.com\/it\/wp-json\/wp\/v2\/product\/3570","targetHints":{"allow":["GET"]}}],"collection":[{"href":"https:\/\/www.usborkeychain.com\/it\/wp-json\/wp\/v2\/product"}],"about":[{"href":"https:\/\/www.usborkeychain.com\/it\/wp-json\/wp\/v2\/types\/product"}],"replies":[{"embeddable":true,"href":"https:\/\/www.usborkeychain.com\/it\/wp-json\/wp\/v2\/comments?post=3570"}],"wp:featuredmedia":[{"embeddable":true,"href":"https:\/\/www.usborkeychain.com\/it\/wp-json\/wp\/v2\/media\/3574"}],"wp:attachment":[{"href":"https:\/\/www.usborkeychain.com\/it\/wp-json\/wp\/v2\/media?parent=3570"}],"wp:term":[{"taxonomy":"product_brand","embeddable":true,"href":"https:\/\/www.usborkeychain.com\/it\/wp-json\/wp\/v2\/product_brand?post=3570"},{"taxonomy":"product_cat","embeddable":true,"href":"https:\/\/www.usborkeychain.com\/it\/wp-json\/wp\/v2\/product_cat?post=3570"},{"taxonomy":"product_tag","embeddable":true,"href":"https:\/\/www.usborkeychain.com\/it\/wp-json\/wp\/v2\/product_tag?post=3570"}],"curies":[{"name":"wp","href":"https:\/\/api.w.org\/{rel}","templated":true}]}}