{"id":3607,"date":"2025-06-28T03:08:42","date_gmt":"2025-06-28T03:08:42","guid":{"rendered":"https:\/\/www.usborkeychain.com\/?post_type=product&#038;p=3607"},"modified":"2025-07-18T02:31:46","modified_gmt":"2025-07-18T02:31:46","slug":"mini-metal-car-usb-flash-drive","status":"publish","type":"product","link":"https:\/\/www.usborkeychain.com\/it\/prodotto\/mini-metal-car-usb-flash-drive\/","title":{"rendered":"Mini unit\u00e0 flash USB per auto in metallo"},"content":{"rendered":"<h1 class=\"wp-block-heading\">Mini chiavetta USB da auto in metallo: Design plug-and-play<\/h1>\n\n\n\n<p>Nel campo dell'archiviazione elettronica in auto, la mini chiavetta USB metallica per auto \u00e8 diventata l'accessorio preferito dai proprietari di auto grazie alle sue dimensioni compatte e al design pratico. Essendo un modello dal design plug-and-play, non richiede operazioni complicate e pu\u00f2 essere utilizzato immediatamente, adattandosi perfettamente ai sistemi audio dell'auto, ai sistemi di navigazione e ad altri dispositivi. Lo stile mini, appositamente progettato per gli scenari in auto, non solo soddisfa le esigenze di lettura dei dati ad alta frequenza, ma non occupa nemmeno spazio nell'auto, rendendolo un prodotto popolare sviluppato dai produttori per il mercato in auto.<\/p>\n\n\n\n<div class=\"wp-block-columns is-layout-flex wp-container-core-columns-is-layout-28f84493 wp-block-columns-is-layout-flex\">\n<div class=\"wp-block-column is-layout-flow wp-block-column-is-layout-flow\">\n<figure class=\"wp-block-image size-full\"><img alt=\"\" fetchpriority=\"high\" decoding=\"async\" width=\"800\" height=\"800\" src=\"https:\/\/www.usborkeychain.com\/wp-content\/uploads\/silver-Mini-Metal-Car-USB-Flash-Drive.jpg\" class=\"wp-image-3616\" srcset=\"https:\/\/www.usborkeychain.com\/wp-content\/uploads\/silver-Mini-Metal-Car-USB-Flash-Drive.jpg 800w, https:\/\/www.usborkeychain.com\/wp-content\/uploads\/silver-Mini-Metal-Car-USB-Flash-Drive-300x300.jpg 300w, https:\/\/www.usborkeychain.com\/wp-content\/uploads\/silver-Mini-Metal-Car-USB-Flash-Drive-150x150.jpg 150w, https:\/\/www.usborkeychain.com\/wp-content\/uploads\/silver-Mini-Metal-Car-USB-Flash-Drive-768x768.jpg 768w, https:\/\/www.usborkeychain.com\/wp-content\/uploads\/silver-Mini-Metal-Car-USB-Flash-Drive-12x12.jpg 12w, https:\/\/www.usborkeychain.com\/wp-content\/uploads\/silver-Mini-Metal-Car-USB-Flash-Drive-600x600.jpg 600w, https:\/\/www.usborkeychain.com\/wp-content\/uploads\/silver-Mini-Metal-Car-USB-Flash-Drive-100x100.jpg 100w\" sizes=\"(max-width: 800px) 100vw, 800px\" \/><\/figure>\n<\/div>\n\n\n\n<div class=\"wp-block-column is-layout-flow wp-block-column-is-layout-flow\">\n<figure class=\"wp-block-image size-full\"><img alt=\"\" decoding=\"async\" width=\"800\" height=\"800\" src=\"https:\/\/www.usborkeychain.com\/wp-content\/uploads\/Mini-Metal-Car-USB-Flash-Disk.jpg\" class=\"wp-image-3612\" srcset=\"https:\/\/www.usborkeychain.com\/wp-content\/uploads\/Mini-Metal-Car-USB-Flash-Disk.jpg 800w, https:\/\/www.usborkeychain.com\/wp-content\/uploads\/Mini-Metal-Car-USB-Flash-Disk-300x300.jpg 300w, https:\/\/www.usborkeychain.com\/wp-content\/uploads\/Mini-Metal-Car-USB-Flash-Disk-150x150.jpg 150w, https:\/\/www.usborkeychain.com\/wp-content\/uploads\/Mini-Metal-Car-USB-Flash-Disk-768x768.jpg 768w, https:\/\/www.usborkeychain.com\/wp-content\/uploads\/Mini-Metal-Car-USB-Flash-Disk-12x12.jpg 12w, https:\/\/www.usborkeychain.com\/wp-content\/uploads\/Mini-Metal-Car-USB-Flash-Disk-600x600.jpg 600w, https:\/\/www.usborkeychain.com\/wp-content\/uploads\/Mini-Metal-Car-USB-Flash-Disk-100x100.jpg 100w\" sizes=\"(max-width: 800px) 100vw, 800px\" \/><\/figure>\n<\/div>\n\n\n\n<div class=\"wp-block-column is-layout-flow wp-block-column-is-layout-flow\">\n<figure class=\"wp-block-image size-full\"><img alt=\"\" decoding=\"async\" width=\"800\" height=\"800\" src=\"https:\/\/www.usborkeychain.com\/wp-content\/uploads\/Mini-Metal-Car-USB-Flash-Drive.jpg\" class=\"wp-image-3614\" srcset=\"https:\/\/www.usborkeychain.com\/wp-content\/uploads\/Mini-Metal-Car-USB-Flash-Drive.jpg 800w, https:\/\/www.usborkeychain.com\/wp-content\/uploads\/Mini-Metal-Car-USB-Flash-Drive-300x300.jpg 300w, https:\/\/www.usborkeychain.com\/wp-content\/uploads\/Mini-Metal-Car-USB-Flash-Drive-150x150.jpg 150w, https:\/\/www.usborkeychain.com\/wp-content\/uploads\/Mini-Metal-Car-USB-Flash-Drive-768x768.jpg 768w, https:\/\/www.usborkeychain.com\/wp-content\/uploads\/Mini-Metal-Car-USB-Flash-Drive-12x12.jpg 12w, https:\/\/www.usborkeychain.com\/wp-content\/uploads\/Mini-Metal-Car-USB-Flash-Drive-600x600.jpg 600w, https:\/\/www.usborkeychain.com\/wp-content\/uploads\/Mini-Metal-Car-USB-Flash-Drive-100x100.jpg 100w\" sizes=\"(max-width: 800px) 100vw, 800px\" \/><\/figure>\n<\/div>\n<\/div>\n\n\n\n<h2 class=\"wp-block-heading\">1. Materiale metallico e artigianato di alta qualit\u00e0<\/h2>\n\n\n\n<p>La mini chiavetta USB per auto in metallo \u00e8 realizzata in materiale metallico di alta qualit\u00e0 con un processo di spruzzatura fine e la superficie presenta una texture liscia e delicata, mostrando una qualit\u00e0 di alto livello sia dal punto di vista visivo che tattile. Ci sono tre colori classici: oro, argento e nero, tra cui l'argento \u00e8 il pi\u00f9 popolare nelle esportazioni del commercio estero e negli acquisti all'ingrosso per il suo senso della moda e la resistenza allo sporco. Ha le dimensioni di un dito, circa 3,5 cm di lunghezza e 1,5 cm di larghezza, realizzando davvero la definizione di \"mini\", ed \u00e8 molto comodo sia se inserito nell'interfaccia USB dell'auto che se portato in giro. I produttori supportano il processo di spruzzatura personalizzato per gli involucri metallici, che pu\u00f2 essere debuggato in base alle esigenze dell'azienda, aggiungendo un tocco di classe alla promozione del marchio.<\/p>\n\n\n\n<h2 class=\"wp-block-heading\">2. Parametri per soddisfare le diverse esigenze di stoccaggio in auto<\/h2>\n\n\n\n<div class=\"wp-block-columns is-layout-flex wp-container-core-columns-is-layout-28f84493 wp-block-columns-is-layout-flex\">\n<div class=\"wp-block-column is-layout-flow wp-block-column-is-layout-flow\">\n<figure class=\"wp-block-image size-full\"><img alt=\"\" loading=\"lazy\" decoding=\"async\" width=\"600\" height=\"311\" src=\"https:\/\/www.usborkeychain.com\/wp-content\/uploads\/Mini-Metal-Car-USB-Flash-Drive-custom-logo.jpg\" class=\"wp-image-3613\" srcset=\"https:\/\/www.usborkeychain.com\/wp-content\/uploads\/Mini-Metal-Car-USB-Flash-Drive-custom-logo.jpg 600w, https:\/\/www.usborkeychain.com\/wp-content\/uploads\/Mini-Metal-Car-USB-Flash-Drive-custom-logo-300x156.jpg 300w, https:\/\/www.usborkeychain.com\/wp-content\/uploads\/Mini-Metal-Car-USB-Flash-Drive-custom-logo-18x9.jpg 18w\" sizes=\"(max-width: 600px) 100vw, 600px\" \/><\/figure>\n<\/div>\n\n\n\n<div class=\"wp-block-column is-layout-flow wp-block-column-is-layout-flow\">\n<p>Questa unit\u00e0 flash USB offre due opzioni di interfaccia, USB2.0 e USB3.0, che si adattano alle configurazioni di interfaccia dei diversi modelli di auto: l'interfaccia USB3.0 supporta la trasmissione ad alta velocit\u00e0 di file audio e video in auto, con una velocit\u00e0 di lettura fino a 100 MB\/s, consentendo di gestire facilmente la riproduzione istantanea di musica e video ad alta definizione;<\/p>\n\n\n\n<p> l'interfaccia USB2.0 \u00e8 compatibile con i vecchi modelli per garantire una connessione stabile. La capacit\u00e0 varia da 1GB a 1TB e pu\u00f2 essere scelta in modo flessibile, dall'archiviazione di playlist musicali in auto al backup dei dati delle mappe di navigazione. I parametri specifici sono i seguenti:<\/p>\n<\/div>\n<\/div>\n\n\n\n<p><\/p>\n\n\n\n<figure class=\"wp-block-table\"><table class=\"has-fixed-layout\"><thead><tr><th>Tipo di parametro<\/th><th>Specifiche tecniche<\/th><\/tr><\/thead><tbody><tr><td>Tipo di interfaccia<\/td><td>USB2.0, USB3.0<\/td><\/tr><tr><td>Capacit\u00e0 di stoccaggio<\/td><td>1GB, 2GB, 4GB, 8GB, 16GB, 32GB, 64GB, 128GB, 256GB, 512GB, 1TB<\/td><\/tr><tr><td>Dimensioni fisiche<\/td><td>3,5 cm (L) \u00d7 1,5 cm (L) \u00d7 0,8 cm (H) (design mini plug-and-play)<\/td><\/tr><tr><td>Materiale e processo<\/td><td>Corpo in lega di alluminio + processo di spruzzatura, durezza superficiale \u22653H<\/td><\/tr><tr><td>Opzioni di colore<\/td><td>Oro, argento, nero (supporto dei colori Pantone personalizzati)<\/td><\/tr><tr><td>Velocit\u00e0 di trasmissione<\/td><td>USB2.0: Lettura 15MB\/s, scrittura 6MB\/s; USB3.0: Lettura 100MB\/s, scrittura 20MB\/s<\/td><\/tr><tr><td>Temperatura di esercizio<\/td><td>-20\u2103~60\u2103 (adattamento alle variazioni di temperatura nell'ambiente dell'auto)<\/td><\/tr><\/tbody><\/table><\/figure>\n\n\n\n<h2 class=\"wp-block-heading\">3. Perch\u00e9 scegliere Mini Metal per l'unit\u00e0 flash USB per auto?<\/h2>\n\n\n\n<p>Perch\u00e9 la mini chiavetta USB in metallo \u00e8 pi\u00f9 adatta all'uso in auto? I suoi vantaggi principali risiedono nell'ottimizzazione del volume e del design:<\/p>\n\n\n\n<p>- Struttura plug-and-play salvaspazio: Dopo l'inserimento nell'interfaccia USB dell'auto, sono esposti solo 5 mm del corpo, che si adatta facilmente alle interfacce strette del bracciolo centrale o del cruscotto, evitando i problemi di collisione causati dalla sporgenza delle unit\u00e0 flash USB tradizionali;<\/p>\n\n\n\n<p>- Design durevole e resistente alle vibrazioni: Il guscio metallico \u00e8 in grado di resistere alle leggere vibrazioni dell'ambiente automobilistico e il processo di spruzzatura migliora la resistenza all'usura della superficie, rendendola non facile da sbiadire dopo averla collegata e scollegata a lungo;<\/p>\n\n\n\n<p>- Il design minimalista si adatta all'estetica degli utenti: La forma plug-and-play senza pulsanti o decorazioni aggiuntive, unita al design in stile industriale con colori primari metallici, \u00e8 particolarmente apprezzata dai proprietari di auto di sesso maschile, in linea con l'estetica pratica degli scenari in auto;<\/p>\n\n\n\n<div class=\"wp-block-columns is-layout-flex wp-container-core-columns-is-layout-28f84493 wp-block-columns-is-layout-flex\">\n<div class=\"wp-block-column is-layout-flow wp-block-column-is-layout-flow\">\n<figure class=\"wp-block-image size-full\"><img alt=\"\" loading=\"lazy\" decoding=\"async\" width=\"800\" height=\"800\" src=\"https:\/\/www.usborkeychain.com\/wp-content\/uploads\/Mini-Metal-Car-USB-Flash-pendrive.jpg\" class=\"wp-image-3615\" srcset=\"https:\/\/www.usborkeychain.com\/wp-content\/uploads\/Mini-Metal-Car-USB-Flash-pendrive.jpg 800w, https:\/\/www.usborkeychain.com\/wp-content\/uploads\/Mini-Metal-Car-USB-Flash-pendrive-300x300.jpg 300w, https:\/\/www.usborkeychain.com\/wp-content\/uploads\/Mini-Metal-Car-USB-Flash-pendrive-150x150.jpg 150w, https:\/\/www.usborkeychain.com\/wp-content\/uploads\/Mini-Metal-Car-USB-Flash-pendrive-768x768.jpg 768w, https:\/\/www.usborkeychain.com\/wp-content\/uploads\/Mini-Metal-Car-USB-Flash-pendrive-12x12.jpg 12w, https:\/\/www.usborkeychain.com\/wp-content\/uploads\/Mini-Metal-Car-USB-Flash-pendrive-600x600.jpg 600w, https:\/\/www.usborkeychain.com\/wp-content\/uploads\/Mini-Metal-Car-USB-Flash-pendrive-100x100.jpg 100w\" sizes=\"(max-width: 800px) 100vw, 800px\" \/><\/figure>\n<\/div>\n\n\n\n<div class=\"wp-block-column is-layout-flow wp-block-column-is-layout-flow\">\n<figure class=\"wp-block-image size-full\"><img alt=\"\" loading=\"lazy\" decoding=\"async\" width=\"800\" height=\"800\" src=\"https:\/\/www.usborkeychain.com\/wp-content\/uploads\/black-Mini-Metal-Car-USB-Flash-Drive.jpg\" class=\"wp-image-3610\" srcset=\"https:\/\/www.usborkeychain.com\/wp-content\/uploads\/black-Mini-Metal-Car-USB-Flash-Drive.jpg 800w, https:\/\/www.usborkeychain.com\/wp-content\/uploads\/black-Mini-Metal-Car-USB-Flash-Drive-300x300.jpg 300w, https:\/\/www.usborkeychain.com\/wp-content\/uploads\/black-Mini-Metal-Car-USB-Flash-Drive-150x150.jpg 150w, https:\/\/www.usborkeychain.com\/wp-content\/uploads\/black-Mini-Metal-Car-USB-Flash-Drive-768x768.jpg 768w, https:\/\/www.usborkeychain.com\/wp-content\/uploads\/black-Mini-Metal-Car-USB-Flash-Drive-12x12.jpg 12w, https:\/\/www.usborkeychain.com\/wp-content\/uploads\/black-Mini-Metal-Car-USB-Flash-Drive-600x600.jpg 600w, https:\/\/www.usborkeychain.com\/wp-content\/uploads\/black-Mini-Metal-Car-USB-Flash-Drive-100x100.jpg 100w\" sizes=\"(max-width: 800px) 100vw, 800px\" \/><\/figure>\n<\/div>\n<\/div>\n\n\n\n<p>Personalizzazione dei lotti e vantaggi della vendita all'ingrosso: I produttori supportano la personalizzazione dell'incisione laser su entrambi i lati della chiavetta USB. Le imprese possono incidere direttamente con il laser<strong> L<\/strong>OGO, slogan del marchio e altro sulla superficie metallica. Se acquistati all'ingrosso come omaggi per auto o regali promozionali, possono non solo ridurre i costi, ma anche migliorare l'esposizione del marchio.<\/p>\n\n\n\n<p>Sommario: Questa mini chiavetta USB per auto in metallo, con il suo design mini plug-and-play, l'artigianato in metallo di alta qualit\u00e0 e i parametri di adattamento a tutta la scena, \u00e8 diventata la scelta preferita per la personalizzazione del produttore e l'acquisto all'ingrosso di storage in auto. Sia per l'uso personale in auto che per le esigenze dei regali aziendali, pu\u00f2 raggiungere un grande valore con un piccolo volume.<\/p>","protected":false},"excerpt":{"rendered":"<ul>\n<li>Mini stile, piccola unit\u00e0 usb<\/li>\n<li>Usb a scorrimento in metallo<\/li>\n<li>Colore dorato, argento, nero<\/li>\n<li>1GB-256GB pu\u00f2 scegliere<\/li>\n<li>Per la musica in auto usb<\/li>\n<\/ul>","protected":false},"featured_media":3614,"comment_status":"open","ping_status":"closed","template":"","meta":{"_seopress_robots_primary_cat":"","_seopress_titles_title":"","_seopress_titles_desc":"","_seopress_robots_index":"","site-sidebar-layout":"default","site-content-layout":"","ast-site-content-layout":"","site-content-style":"default","site-sidebar-style":"default","ast-global-header-display":"","ast-banner-title-visibility":"","ast-main-header-display":"","ast-hfb-above-header-display":"","ast-hfb-below-header-display":"","ast-hfb-mobile-header-display":"","site-post-title":"","ast-breadcrumbs-content":"","ast-featured-img":"","footer-sml-layout":"","theme-transparent-header-meta":"","adv-header-id-meta":"","stick-header-meta":"","header-above-stick-meta":"","header-main-stick-meta":"","header-below-stick-meta":"","astra-migrate-meta-layouts":"default","ast-page-background-enabled":"default","ast-page-background-meta":{"desktop":{"background-color":"var(--ast-global-color-5)","background-image":"","background-repeat":"repeat","background-position":"center center","background-size":"auto","background-attachment":"scroll","background-type":"","background-media":"","overlay-type":"","overlay-color":"","overlay-opacity":"","overlay-gradient":""},"tablet":{"background-color":"","background-image":"","background-repeat":"repeat","background-position":"center center","background-size":"auto","background-attachment":"scroll","background-type":"","background-media":"","overlay-type":"","overlay-color":"","overlay-opacity":"","overlay-gradient":""},"mobile":{"background-color":"","background-image":"","background-repeat":"repeat","background-position":"center center","background-size":"auto","background-attachment":"scroll","background-type":"","background-media":"","overlay-type":"","overlay-color":"","overlay-opacity":"","overlay-gradient":""}},"ast-content-background-meta":{"desktop":{"background-color":"var(--ast-global-color-4)","background-image":"","background-repeat":"repeat","background-position":"center center","background-size":"auto","background-attachment":"scroll","background-type":"","background-media":"","overlay-type":"","overlay-color":"","overlay-opacity":"","overlay-gradient":""},"tablet":{"background-color":"var(--ast-global-color-4)","background-image":"","background-repeat":"repeat","background-position":"center center","background-size":"auto","background-attachment":"scroll","background-type":"","background-media":"","overlay-type":"","overlay-color":"","overlay-opacity":"","overlay-gradient":""},"mobile":{"background-color":"var(--ast-global-color-4)","background-image":"","background-repeat":"repeat","background-position":"center center","background-size":"auto","background-attachment":"scroll","background-type":"","background-media":"","overlay-type":"","overlay-color":"","overlay-opacity":"","overlay-gradient":""}}},"product_brand":[],"product_cat":[102,113,110],"product_tag":[201,200,199],"class_list":{"0":"post-3607","1":"product","2":"type-product","3":"status-publish","4":"has-post-thumbnail","6":"product_cat-car-music-usb-pendrive","7":"product_cat-mini-usb-pendrive","8":"product_cat-sliding-usb-pendrive","9":"product_tag-golden-usb-drive","10":"product_tag-silver-usb-drive","11":"product_tag-simple-usb-flash-drive","12":"desktop-align-left","13":"tablet-align-left","14":"mobile-align-left","16":"first","17":"instock","18":"shipping-taxable","19":"product-type-simple"},"_links":{"self":[{"href":"https:\/\/www.usborkeychain.com\/it\/wp-json\/wp\/v2\/product\/3607","targetHints":{"allow":["GET"]}}],"collection":[{"href":"https:\/\/www.usborkeychain.com\/it\/wp-json\/wp\/v2\/product"}],"about":[{"href":"https:\/\/www.usborkeychain.com\/it\/wp-json\/wp\/v2\/types\/product"}],"replies":[{"embeddable":true,"href":"https:\/\/www.usborkeychain.com\/it\/wp-json\/wp\/v2\/comments?post=3607"}],"wp:featuredmedia":[{"embeddable":true,"href":"https:\/\/www.usborkeychain.com\/it\/wp-json\/wp\/v2\/media\/3614"}],"wp:attachment":[{"href":"https:\/\/www.usborkeychain.com\/it\/wp-json\/wp\/v2\/media?parent=3607"}],"wp:term":[{"taxonomy":"product_brand","embeddable":true,"href":"https:\/\/www.usborkeychain.com\/it\/wp-json\/wp\/v2\/product_brand?post=3607"},{"taxonomy":"product_cat","embeddable":true,"href":"https:\/\/www.usborkeychain.com\/it\/wp-json\/wp\/v2\/product_cat?post=3607"},{"taxonomy":"product_tag","embeddable":true,"href":"https:\/\/www.usborkeychain.com\/it\/wp-json\/wp\/v2\/product_tag?post=3607"}],"curies":[{"name":"wp","href":"https:\/\/api.w.org\/{rel}","templated":true}]}}