{"id":3640,"date":"2025-06-29T10:24:33","date_gmt":"2025-06-29T10:24:33","guid":{"rendered":"https:\/\/www.usborkeychain.com\/?post_type=product&#038;p=3640"},"modified":"2025-06-29T10:25:39","modified_gmt":"2025-06-29T10:25:39","slug":"adata-uv-push-pull-usb-flash-drive","status":"publish","type":"product","link":"https:\/\/www.usborkeychain.com\/it\/prodotto\/adata-uv-push-pull-usb-flash-drive\/","title":{"rendered":"Unit\u00e0 flash USB ADATA UV Push-Pull"},"content":{"rendered":"<p><\/p>\n\n\n\n<div class=\"wp-block-columns is-layout-flex wp-container-core-columns-is-layout-28f84493 wp-block-columns-is-layout-flex\">\n<div class=\"wp-block-column is-layout-flow wp-block-column-is-layout-flow\">\n<figure class=\"wp-block-image size-full\"><img fetchpriority=\"high\" decoding=\"async\" width=\"1000\" height=\"1000\" src=\"https:\/\/www.usborkeychain.com\/wp-content\/uploads\/ADATA-UV-Push-Pull-USB-Flash-Drive.jpg\" alt=\"ADATA UV Push-Pull USB Flash Drive\" class=\"wp-image-3643\" srcset=\"https:\/\/www.usborkeychain.com\/wp-content\/uploads\/ADATA-UV-Push-Pull-USB-Flash-Drive.jpg 1000w, https:\/\/www.usborkeychain.com\/wp-content\/uploads\/ADATA-UV-Push-Pull-USB-Flash-Drive-300x300.jpg 300w, https:\/\/www.usborkeychain.com\/wp-content\/uploads\/ADATA-UV-Push-Pull-USB-Flash-Drive-150x150.jpg 150w, https:\/\/www.usborkeychain.com\/wp-content\/uploads\/ADATA-UV-Push-Pull-USB-Flash-Drive-768x768.jpg 768w, https:\/\/www.usborkeychain.com\/wp-content\/uploads\/ADATA-UV-Push-Pull-USB-Flash-Drive-12x12.jpg 12w, https:\/\/www.usborkeychain.com\/wp-content\/uploads\/ADATA-UV-Push-Pull-USB-Flash-Drive-600x600.jpg 600w, https:\/\/www.usborkeychain.com\/wp-content\/uploads\/ADATA-UV-Push-Pull-USB-Flash-Drive-100x100.jpg 100w\" sizes=\"(max-width: 1000px) 100vw, 1000px\" \/><\/figure>\n<\/div>\n\n\n\n<div class=\"wp-block-column is-vertically-aligned-center is-layout-flow wp-block-column-is-layout-flow\">\n<p>L'unit\u00e0 flash USB push-pull ADATA UV \u00e8 prodotta da ADATA Technology, un marchio leader mondiale nel settore dell'archiviazione. Dalla sua fondazione nel 2001, ADATA \u00e8 sempre stata rinomata in tutto il mondo per le tecnologie innovative e i prodotti di alta qualit\u00e0. <\/p>\n\n\n\n<p>Questa unit\u00e0 USB continua il classico design push-pull, ottenendo una comoda memorizzazione dell'interfaccia USB attraverso una struttura meccanica, combinando al contempo la costante durata e l'aspetto elegante di ADATA. \u00c8 la scelta ideale per l'ufficio aziendale e l'archiviazione dei dati e supporta la personalizzazione del produttore e la vendita all'ingrosso.<\/p>\n<\/div>\n<\/div>\n\n\n\n<h3 class=\"wp-block-heading\">1. Com'\u00e8 lo stile del design dell'unit\u00e0 flash USB ADATA UV Push-Pull?<\/h3>\n\n\n\n<p>L'unit\u00e0 flash USB push-pull ADATA UV adotta un design strutturale push-pull minimalista e pratico: premendo delicatamente il pulsante laterale, l'interfaccia USB viene espulsa automaticamente, con un posizionamento preciso che garantisce un collegamento e uno scollegamento stabili; tirando il pulsante all'indietro, l'interfaccia si ritrae completamente nell'alloggiamento, prevenendo efficacemente l'intrusione di polvere e i danni fisici. Questo design risolve completamente il problema della perdita delle unit\u00e0 USB tradizionali. Abbinato a un corpo in plastica ingegneristica ABS, bilancia leggerezza e resistenza all'usura. <\/p>\n\n\n\n<p>La superficie del corpo \u00e8 trattata con tecnologia UV e presenta una texture delicata. Disponibile in tre colori: nero, bianco perla e oro rosa, supporta la personalizzazione del LOGO aziendale per soddisfare le esigenze personalizzate dei regali aziendali e della vendita all'ingrosso.<\/p>\n\n\n\n<div class=\"wp-block-columns is-layout-flex wp-container-core-columns-is-layout-28f84493 wp-block-columns-is-layout-flex\">\n<div class=\"wp-block-column is-layout-flow wp-block-column-is-layout-flow\">\n<figure class=\"wp-block-image size-full\"><img alt=\"\" decoding=\"async\" width=\"750\" height=\"750\" src=\"https:\/\/www.usborkeychain.com\/wp-content\/uploads\/ADATA-UV-Push-Pull-USB-stick.jpg\" class=\"wp-image-3647\" srcset=\"https:\/\/www.usborkeychain.com\/wp-content\/uploads\/ADATA-UV-Push-Pull-USB-stick.jpg 750w, https:\/\/www.usborkeychain.com\/wp-content\/uploads\/ADATA-UV-Push-Pull-USB-stick-300x300.jpg 300w, https:\/\/www.usborkeychain.com\/wp-content\/uploads\/ADATA-UV-Push-Pull-USB-stick-150x150.jpg 150w, https:\/\/www.usborkeychain.com\/wp-content\/uploads\/ADATA-UV-Push-Pull-USB-stick-12x12.jpg 12w, https:\/\/www.usborkeychain.com\/wp-content\/uploads\/ADATA-UV-Push-Pull-USB-stick-600x600.jpg 600w, https:\/\/www.usborkeychain.com\/wp-content\/uploads\/ADATA-UV-Push-Pull-USB-stick-100x100.jpg 100w\" sizes=\"(max-width: 750px) 100vw, 750px\" \/><\/figure>\n<\/div>\n\n\n\n<div class=\"wp-block-column is-layout-flow wp-block-column-is-layout-flow\">\n<figure class=\"wp-block-image size-full\"><img alt=\"\" decoding=\"async\" width=\"750\" height=\"750\" src=\"https:\/\/www.usborkeychain.com\/wp-content\/uploads\/ADATA-UV-Push-Pull-USB-Flash-pendrive.jpg\" class=\"wp-image-3645\" srcset=\"https:\/\/www.usborkeychain.com\/wp-content\/uploads\/ADATA-UV-Push-Pull-USB-Flash-pendrive.jpg 750w, https:\/\/www.usborkeychain.com\/wp-content\/uploads\/ADATA-UV-Push-Pull-USB-Flash-pendrive-300x300.jpg 300w, https:\/\/www.usborkeychain.com\/wp-content\/uploads\/ADATA-UV-Push-Pull-USB-Flash-pendrive-150x150.jpg 150w, https:\/\/www.usborkeychain.com\/wp-content\/uploads\/ADATA-UV-Push-Pull-USB-Flash-pendrive-12x12.jpg 12w, https:\/\/www.usborkeychain.com\/wp-content\/uploads\/ADATA-UV-Push-Pull-USB-Flash-pendrive-600x600.jpg 600w, https:\/\/www.usborkeychain.com\/wp-content\/uploads\/ADATA-UV-Push-Pull-USB-Flash-pendrive-100x100.jpg 100w\" sizes=\"(max-width: 750px) 100vw, 750px\" \/><\/figure>\n<\/div>\n<\/div>\n\n\n\n<h3 class=\"wp-block-heading\">2. Quali sono i parametri dell'unit\u00e0 flash USB ADATA UV Push-Pull?<\/h3>\n\n\n\n<figure class=\"wp-block-table\"><table class=\"has-fixed-layout\"><thead><tr><th>Tipo di parametro<\/th><th>Parametri specifici<\/th><\/tr><\/thead><tbody><tr><td>Tipo di interfaccia<\/td><td>USB3.0<\/td><\/tr><tr><td>Capacit\u00e0 di stoccaggio<\/td><td>32 G 64 G 128 G 256 G<\/td><\/tr><tr><td>Materiale dell'alloggiamento<\/td><td>ABS <\/td><\/tr><tr><td>Caratteristiche fisiche<\/td><td>Temperatura di esercizio: -20\u2103~60\u2103, temperatura di stoccaggio: -40\u2103~85\u2103, ha superato 100.000 test di durata push-pull<\/td><\/tr><tr><td>Servizi di personalizzazione<\/td><td>Supporta l'incisione laser del LOGO e la personalizzazione della stampa UV; fornisce un design personalizzato della scatola di imballaggio per ordini superiori a 100 (fornitura diretta del produttore).<\/td><\/tr><tr><td>Standard di certificazione<\/td><td>Conforme alle certificazioni internazionali CE\/FCC\/RoHS, fornisce rapporti di ispezione della qualit\u00e0 originali ADATA.<\/td><\/tr><\/tbody><\/table><\/figure>\n\n\n\n<h3 class=\"wp-block-heading\">3. Il meccanismo push-pull dell'unit\u00e0 flash USB ADATA UV Push-Pull \u00e8 soggetto a danni?<\/h3>\n\n\n\n<p>La struttura push-pull dell'unit\u00e0 flash USB ADATA UV push-pull \u00e8 stata testata professionalmente nel laboratorio di ADATA: utilizzando una struttura composita di molle metalliche e ingranaggi in plastica, \u00e8 in grado di resistere a pi\u00f9 di 100.000 operazioni di push-pull senza guasti. Il corpo in plastica ingegneristica ABS ha una resistenza alle cadute e all'usura, combinata con un design di rinforzo interno, che protegge efficacemente il chip anche in caso di cadute accidentali. <\/p>\n\n\n\n<p>In qualit\u00e0 di produttore di origine, ADATA conduce test di vita di campionamento su ogni lotto di prodotti per garantire la stabilit\u00e0 del meccanismo push-pull. Attualmente, il tasso di post-vendita dovuto a problemi strutturali negli ordini aziendali all'ingrosso per questa unit\u00e0 USB \u00e8 inferiore a 0,5%, e la sua durata \u00e8 stata riconosciuta da molti clienti.<\/p>\n\n\n\n<div class=\"wp-block-columns is-layout-flex wp-container-core-columns-is-layout-28f84493 wp-block-columns-is-layout-flex\">\n<div class=\"wp-block-column is-layout-flow wp-block-column-is-layout-flow\">\n<figure class=\"wp-block-image size-full\"><img alt=\"\" loading=\"lazy\" decoding=\"async\" width=\"750\" height=\"750\" src=\"https:\/\/www.usborkeychain.com\/wp-content\/uploads\/ADATA-UV-Push-Pull-USB-memory.jpg\" class=\"wp-image-3646\" srcset=\"https:\/\/www.usborkeychain.com\/wp-content\/uploads\/ADATA-UV-Push-Pull-USB-memory.jpg 750w, https:\/\/www.usborkeychain.com\/wp-content\/uploads\/ADATA-UV-Push-Pull-USB-memory-300x300.jpg 300w, https:\/\/www.usborkeychain.com\/wp-content\/uploads\/ADATA-UV-Push-Pull-USB-memory-150x150.jpg 150w, https:\/\/www.usborkeychain.com\/wp-content\/uploads\/ADATA-UV-Push-Pull-USB-memory-12x12.jpg 12w, https:\/\/www.usborkeychain.com\/wp-content\/uploads\/ADATA-UV-Push-Pull-USB-memory-600x600.jpg 600w, https:\/\/www.usborkeychain.com\/wp-content\/uploads\/ADATA-UV-Push-Pull-USB-memory-100x100.jpg 100w\" sizes=\"(max-width: 750px) 100vw, 750px\" \/><\/figure>\n<\/div>\n\n\n\n<div class=\"wp-block-column is-layout-flow wp-block-column-is-layout-flow\">\n<figure class=\"wp-block-image size-full\"><img alt=\"\" loading=\"lazy\" decoding=\"async\" width=\"750\" height=\"750\" src=\"https:\/\/www.usborkeychain.com\/wp-content\/uploads\/ADATA-UV-Push-Pull-USB-Flash-Disk.jpg\" class=\"wp-image-3644\" srcset=\"https:\/\/www.usborkeychain.com\/wp-content\/uploads\/ADATA-UV-Push-Pull-USB-Flash-Disk.jpg 750w, https:\/\/www.usborkeychain.com\/wp-content\/uploads\/ADATA-UV-Push-Pull-USB-Flash-Disk-300x300.jpg 300w, https:\/\/www.usborkeychain.com\/wp-content\/uploads\/ADATA-UV-Push-Pull-USB-Flash-Disk-150x150.jpg 150w, https:\/\/www.usborkeychain.com\/wp-content\/uploads\/ADATA-UV-Push-Pull-USB-Flash-Disk-12x12.jpg 12w, https:\/\/www.usborkeychain.com\/wp-content\/uploads\/ADATA-UV-Push-Pull-USB-Flash-Disk-600x600.jpg 600w, https:\/\/www.usborkeychain.com\/wp-content\/uploads\/ADATA-UV-Push-Pull-USB-Flash-Disk-100x100.jpg 100w\" sizes=\"(max-width: 750px) 100vw, 750px\" \/><\/figure>\n<\/div>\n<\/div>\n\n\n\n<h3 class=\"wp-block-heading\">4. Quali capacit\u00e0 di archiviazione offre l'unit\u00e0 flash USB ADATA UV Push-Pull?<\/h3>\n\n\n\n<p>L'unit\u00e0 flash USB push-pull ADATA UV offre una vasta gamma di capacit\u00e0 di archiviazione per soddisfare le diverse esigenze di scenario: le capacit\u00e0 principali includono 32GB, 64GB, 128GB e 256GB, tutte supportano il protocollo di trasmissione ad alta velocit\u00e0 USB3.0, tra cui le capacit\u00e0 di 128GB e 256GB sono diventate scelte popolari per la personalizzazione aziendale grazie alle loro elevate prestazioni in termini di costi. Per gli utenti con esigenze di grande capacit\u00e0, offre anche specifiche di archiviazione extra-large da 512GB a 1TB. Grazie all'interfaccia USB3.0, il trasferimento di un file da 1 GB richiede solo 20 secondi, migliorando notevolmente l'efficienza dell'ufficio. Tutte le versioni di capacit\u00e0 supportano i servizi di personalizzazione del produttore e l'esclusivo LOGO e l'imballaggio possono essere personalizzati a partire da 100 unit\u00e0.<\/p>\n\n\n\n<p>L'unit\u00e0 flash USB push-pull ADATA UV, supportata dalla tecnologia del marchio ADATA, combina il classico design push-pull, le numerose opzioni di capacit\u00e0 e la trasmissione ad alta velocit\u00e0 USB3.0, rendendola una scelta eccellente per la personalizzazione dei regali aziendali e la vendita all'ingrosso. Il produttore fornisce un servizio completo, dalla personalizzazione dell'aspetto alla configurazione funzionale, contribuendo a migliorare l'immagine del marchio e l'efficienza di archiviazione.<\/p>","protected":false},"excerpt":{"rendered":"<ul>\n<li>Modello ADATA UV<\/li>\n<li>Unit\u00e0 flash USB Push-Pull<\/li>\n<li>Marchio USB<\/li>\n<li>Logo personalizzato<\/li>\n<li>MOQ: 100PCS<\/li>\n<\/ul>","protected":false},"featured_media":3643,"comment_status":"open","ping_status":"closed","template":"","meta":{"_seopress_robots_primary_cat":"","_seopress_titles_title":"","_seopress_titles_desc":"","_seopress_robots_index":"","site-sidebar-layout":"default","site-content-layout":"","ast-site-content-layout":"","site-content-style":"default","site-sidebar-style":"default","ast-global-header-display":"","ast-banner-title-visibility":"","ast-main-header-display":"","ast-hfb-above-header-display":"","ast-hfb-below-header-display":"","ast-hfb-mobile-header-display":"","site-post-title":"","ast-breadcrumbs-content":"","ast-featured-img":"","footer-sml-layout":"","theme-transparent-header-meta":"","adv-header-id-meta":"","stick-header-meta":"","header-above-stick-meta":"","header-main-stick-meta":"","header-below-stick-meta":"","astra-migrate-meta-layouts":"default","ast-page-background-enabled":"default","ast-page-background-meta":{"desktop":{"background-color":"var(--ast-global-color-5)","background-image":"","background-repeat":"repeat","background-position":"center center","background-size":"auto","background-attachment":"scroll","background-type":"","background-media":"","overlay-type":"","overlay-color":"","overlay-opacity":"","overlay-gradient":""},"tablet":{"background-color":"","background-image":"","background-repeat":"repeat","background-position":"center center","background-size":"auto","background-attachment":"scroll","background-type":"","background-media":"","overlay-type":"","overlay-color":"","overlay-opacity":"","overlay-gradient":""},"mobile":{"background-color":"","background-image":"","background-repeat":"repeat","background-position":"center center","background-size":"auto","background-attachment":"scroll","background-type":"","background-media":"","overlay-type":"","overlay-color":"","overlay-opacity":"","overlay-gradient":""}},"ast-content-background-meta":{"desktop":{"background-color":"var(--ast-global-color-4)","background-image":"","background-repeat":"repeat","background-position":"center center","background-size":"auto","background-attachment":"scroll","background-type":"","background-media":"","overlay-type":"","overlay-color":"","overlay-opacity":"","overlay-gradient":""},"tablet":{"background-color":"var(--ast-global-color-4)","background-image":"","background-repeat":"repeat","background-position":"center center","background-size":"auto","background-attachment":"scroll","background-type":"","background-media":"","overlay-type":"","overlay-color":"","overlay-opacity":"","overlay-gradient":""},"mobile":{"background-color":"var(--ast-global-color-4)","background-image":"","background-repeat":"repeat","background-position":"center center","background-size":"auto","background-attachment":"scroll","background-type":"","background-media":"","overlay-type":"","overlay-color":"","overlay-opacity":"","overlay-gradient":""}}},"product_brand":[],"product_cat":[111,109],"product_tag":[204],"class_list":{"0":"post-3640","1":"product","2":"type-product","3":"status-publish","4":"has-post-thumbnail","6":"product_cat-brand-usb-pendrive","7":"product_cat-retractable-usb-pendrive","8":"product_tag-adata-usb-drive","9":"desktop-align-left","10":"tablet-align-left","11":"mobile-align-left","13":"first","14":"instock","15":"shipping-taxable","16":"product-type-simple"},"_links":{"self":[{"href":"https:\/\/www.usborkeychain.com\/it\/wp-json\/wp\/v2\/product\/3640","targetHints":{"allow":["GET"]}}],"collection":[{"href":"https:\/\/www.usborkeychain.com\/it\/wp-json\/wp\/v2\/product"}],"about":[{"href":"https:\/\/www.usborkeychain.com\/it\/wp-json\/wp\/v2\/types\/product"}],"replies":[{"embeddable":true,"href":"https:\/\/www.usborkeychain.com\/it\/wp-json\/wp\/v2\/comments?post=3640"}],"wp:featuredmedia":[{"embeddable":true,"href":"https:\/\/www.usborkeychain.com\/it\/wp-json\/wp\/v2\/media\/3643"}],"wp:attachment":[{"href":"https:\/\/www.usborkeychain.com\/it\/wp-json\/wp\/v2\/media?parent=3640"}],"wp:term":[{"taxonomy":"product_brand","embeddable":true,"href":"https:\/\/www.usborkeychain.com\/it\/wp-json\/wp\/v2\/product_brand?post=3640"},{"taxonomy":"product_cat","embeddable":true,"href":"https:\/\/www.usborkeychain.com\/it\/wp-json\/wp\/v2\/product_cat?post=3640"},{"taxonomy":"product_tag","embeddable":true,"href":"https:\/\/www.usborkeychain.com\/it\/wp-json\/wp\/v2\/product_tag?post=3640"}],"curies":[{"name":"wp","href":"https:\/\/api.w.org\/{rel}","templated":true}]}}