{"id":3649,"date":"2025-06-29T13:08:08","date_gmt":"2025-06-29T13:08:08","guid":{"rendered":"https:\/\/www.usborkeychain.com\/?post_type=product&#038;p=3649"},"modified":"2025-07-12T10:21:58","modified_gmt":"2025-07-12T10:21:58","slug":"flower-metal-notepad-usb-flash-drive","status":"publish","type":"product","link":"https:\/\/www.usborkeychain.com\/it\/prodotto\/flower-metal-notepad-usb-flash-drive\/","title":{"rendered":"Unit\u00e0 flash USB con blocco note in metallo a forma di fiore"},"content":{"rendered":"<p><\/p>\n\n\n\n<div class=\"wp-block-columns is-layout-flex wp-container-core-columns-is-layout-28f84493 wp-block-columns-is-layout-flex\">\n<div class=\"wp-block-column is-layout-flow wp-block-column-is-layout-flow\">\n<figure class=\"wp-block-image size-full\"><img alt=\"\" fetchpriority=\"high\" decoding=\"async\" width=\"800\" height=\"800\" src=\"https:\/\/www.usborkeychain.com\/wp-content\/uploads\/metal-flower-shaped-notebook-with-usb-flash-drive.jpg\" class=\"wp-image-3655\" srcset=\"https:\/\/www.usborkeychain.com\/wp-content\/uploads\/metal-flower-shaped-notebook-with-usb-flash-drive.jpg 800w, https:\/\/www.usborkeychain.com\/wp-content\/uploads\/metal-flower-shaped-notebook-with-usb-flash-drive-300x300.jpg 300w, https:\/\/www.usborkeychain.com\/wp-content\/uploads\/metal-flower-shaped-notebook-with-usb-flash-drive-150x150.jpg 150w, https:\/\/www.usborkeychain.com\/wp-content\/uploads\/metal-flower-shaped-notebook-with-usb-flash-drive-768x768.jpg 768w, https:\/\/www.usborkeychain.com\/wp-content\/uploads\/metal-flower-shaped-notebook-with-usb-flash-drive-12x12.jpg 12w, https:\/\/www.usborkeychain.com\/wp-content\/uploads\/metal-flower-shaped-notebook-with-usb-flash-drive-600x600.jpg 600w, https:\/\/www.usborkeychain.com\/wp-content\/uploads\/metal-flower-shaped-notebook-with-usb-flash-drive-100x100.jpg 100w\" sizes=\"(max-width: 800px) 100vw, 800px\" \/><\/figure>\n<\/div>\n\n\n\n<div class=\"wp-block-column is-vertically-aligned-center is-layout-flow wp-block-column-is-layout-flow\">\n<p>L'unit\u00e0 flash USB in metallo a forma di fiore \u00e8 prodotta su misura da produttori professionisti, con una forma unica di fiore come design principale, che integra abilmente la funzione dell'unit\u00e0 flash USB e lo scenario d'uso dell'abbinamento con i blocchi note. Questo prodotto \u00e8 stato sviluppato appositamente per il mercato dei regali aziendali.<\/p>\n\n\n\n<p> La forma a fiore con texture metallica \u00e8 abbinata a pratiche funzioni di archiviazione. Pu\u00f2 essere fissato sulla copertina del notebook come decorazione e pu\u00f2 anche soddisfare le esigenze di trasmissione dei dati. Supporta la personalizzazione del logo aziendale e la vendita all'ingrosso all'ingrosso, ed \u00e8 una scelta popolare per i regali delle conferenze e per i regali ai clienti.<\/p>\n<\/div>\n<\/div>\n\n\n\n<h3 class=\"wp-block-heading\">1. Qual \u00e8 il materiale della chiavetta USB con blocco note in metallo a forma di fiore?<\/h3>\n\n\n\n<p>Il prodotto adotta un materiale composito di lega di zinco e acrilico: la parte metallica \u00e8 interamente realizzata in lega di zinco mediante pressofusione e la superficie \u00e8 trattata con tecnologia galvanica per presentare una delicata lucentezza metallica; la parte a forma di fiore \u00e8 realizzata in acrilico ad alta trasparenza, formato con tecnologia di taglio laser. Attualmente \u00e8 disponibile in quattro colori standard: rosso, viola, blu e bianco. Il produttore supporta il servizio di personalizzazione dei colori dei fiori e pu\u00f2 personalizzare il colore in base al sistema VI aziendale. La personalizzazione dei colori pu\u00f2 essere effettuata con un ordine minimo di 100 pezzi per soddisfare le esigenze di personalizzazione dei regali di marca.<\/p>\n\n\n\n<div class=\"wp-block-columns is-layout-flex wp-container-core-columns-is-layout-28f84493 wp-block-columns-is-layout-flex\">\n<div class=\"wp-block-column is-layout-flow wp-block-column-is-layout-flow\">\n<figure class=\"wp-block-image size-full\"><img alt=\"\" decoding=\"async\" width=\"800\" height=\"800\" src=\"https:\/\/www.usborkeychain.com\/wp-content\/uploads\/purple-Flower-Metal-Notepad-USB-Flash-Drive.jpg\" class=\"wp-image-3656\" srcset=\"https:\/\/www.usborkeychain.com\/wp-content\/uploads\/purple-Flower-Metal-Notepad-USB-Flash-Drive.jpg 800w, https:\/\/www.usborkeychain.com\/wp-content\/uploads\/purple-Flower-Metal-Notepad-USB-Flash-Drive-300x300.jpg 300w, https:\/\/www.usborkeychain.com\/wp-content\/uploads\/purple-Flower-Metal-Notepad-USB-Flash-Drive-150x150.jpg 150w, https:\/\/www.usborkeychain.com\/wp-content\/uploads\/purple-Flower-Metal-Notepad-USB-Flash-Drive-768x768.jpg 768w, https:\/\/www.usborkeychain.com\/wp-content\/uploads\/purple-Flower-Metal-Notepad-USB-Flash-Drive-12x12.jpg 12w, https:\/\/www.usborkeychain.com\/wp-content\/uploads\/purple-Flower-Metal-Notepad-USB-Flash-Drive-600x600.jpg 600w, https:\/\/www.usborkeychain.com\/wp-content\/uploads\/purple-Flower-Metal-Notepad-USB-Flash-Drive-100x100.jpg 100w\" sizes=\"(max-width: 800px) 100vw, 800px\" \/><\/figure>\n<\/div>\n\n\n\n<div class=\"wp-block-column is-layout-flow wp-block-column-is-layout-flow\">\n<figure class=\"wp-block-image size-full\"><img alt=\"\" decoding=\"async\" width=\"800\" height=\"800\" src=\"https:\/\/www.usborkeychain.com\/wp-content\/uploads\/blue-Flower-Metal-Notepad-USB-Flash-Drive.jpg\" class=\"wp-image-3652\" srcset=\"https:\/\/www.usborkeychain.com\/wp-content\/uploads\/blue-Flower-Metal-Notepad-USB-Flash-Drive.jpg 800w, https:\/\/www.usborkeychain.com\/wp-content\/uploads\/blue-Flower-Metal-Notepad-USB-Flash-Drive-300x300.jpg 300w, https:\/\/www.usborkeychain.com\/wp-content\/uploads\/blue-Flower-Metal-Notepad-USB-Flash-Drive-150x150.jpg 150w, https:\/\/www.usborkeychain.com\/wp-content\/uploads\/blue-Flower-Metal-Notepad-USB-Flash-Drive-768x768.jpg 768w, https:\/\/www.usborkeychain.com\/wp-content\/uploads\/blue-Flower-Metal-Notepad-USB-Flash-Drive-12x12.jpg 12w, https:\/\/www.usborkeychain.com\/wp-content\/uploads\/blue-Flower-Metal-Notepad-USB-Flash-Drive-600x600.jpg 600w, https:\/\/www.usborkeychain.com\/wp-content\/uploads\/blue-Flower-Metal-Notepad-USB-Flash-Drive-100x100.jpg 100w\" sizes=\"(max-width: 800px) 100vw, 800px\" \/><\/figure>\n<\/div>\n<\/div>\n\n\n\n<h3 class=\"wp-block-heading\">2. Perch\u00e9 la chiavetta USB con blocco note in metallo a forma di fiore \u00e8 molto apprezzata?<\/h3>\n\n\n\n<p>Come unit\u00e0 flash USB di supporto per notebook, questo prodotto \u00e8 adatto soprattutto ai notebook A5, particolarmente diffusi nei notebook business. Grazie al design magnetico o alla fibbia posteriore, pu\u00f2 essere fissata saldamente alla copertina del notebook, risultando comoda da trasportare e realizzando lo scenario di utilizzo integrato \"notebook + storage\". Nelle soluzioni di business suit fornite direttamente dal produttore, questa chiavetta USB \u00e8 spesso combinata con un taccuino personalizzato e una penna firmata dal marchio in un abito da regalo, adatto per riunioni aziendali, apprezzamento dei clienti e altri scenari. I prodotti all'ingrosso possono usufruire di servizi di imballaggio personalizzato e di incisione del LOGO.<\/p>\n\n\n\n<h3 class=\"wp-block-heading\">3. Quali sono i set di chiavette USB con blocco note in metallo a forma di fiore?<\/h3>\n\n\n\n<p><\/p>\n\n\n\n<div class=\"wp-block-columns is-layout-flex wp-container-core-columns-is-layout-28f84493 wp-block-columns-is-layout-flex\">\n<div class=\"wp-block-column is-layout-flow wp-block-column-is-layout-flow\">\n<figure class=\"wp-block-image size-full\"><img alt=\"\" loading=\"lazy\" decoding=\"async\" width=\"1000\" height=\"1000\" src=\"https:\/\/www.usborkeychain.com\/wp-content\/uploads\/Flower-Metal-Notepad-USB-Flash-Drive.jpg\" class=\"wp-image-3653\" srcset=\"https:\/\/www.usborkeychain.com\/wp-content\/uploads\/Flower-Metal-Notepad-USB-Flash-Drive.jpg 1000w, https:\/\/www.usborkeychain.com\/wp-content\/uploads\/Flower-Metal-Notepad-USB-Flash-Drive-300x300.jpg 300w, https:\/\/www.usborkeychain.com\/wp-content\/uploads\/Flower-Metal-Notepad-USB-Flash-Drive-150x150.jpg 150w, https:\/\/www.usborkeychain.com\/wp-content\/uploads\/Flower-Metal-Notepad-USB-Flash-Drive-768x768.jpg 768w, https:\/\/www.usborkeychain.com\/wp-content\/uploads\/Flower-Metal-Notepad-USB-Flash-Drive-12x12.jpg 12w, https:\/\/www.usborkeychain.com\/wp-content\/uploads\/Flower-Metal-Notepad-USB-Flash-Drive-600x600.jpg 600w, https:\/\/www.usborkeychain.com\/wp-content\/uploads\/Flower-Metal-Notepad-USB-Flash-Drive-100x100.jpg 100w\" sizes=\"(max-width: 1000px) 100vw, 1000px\" \/><\/figure>\n<\/div>\n\n\n\n<div class=\"wp-block-column is-vertically-aligned-center is-layout-flow wp-block-column-is-layout-flow\">\n<p>Il produttore offre diverse modalit\u00e0 di combinazione: il modello base \u00e8 \"chiavetta USB + blocco note ordinario\", e la copertina del blocco note pu\u00f2 essere personalizzata con il LOGO aziendale;<\/p>\n\n\n\n<p> il modello aggiornato \u00e8 un set di tre pezzi composto da \"blocco note + chiavetta USB + penna per firma\", e il corpo della penna supporta anche l'incisione laser. Tutti i set sono confezionati in scatole regalo e gli ordini all'ingrosso di oltre 500 pezzi possono usufruire di servizi esclusivi di progettazione delle scatole regalo.<\/p>\n\n\n\n<p> La fabbrica supporta combinazioni personalizzate flessibili e pu\u00f2 aggiungere o sottrarre accessori in base alle esigenze del cliente, come l'aggiunta di alimentatori per cellulari, libri di note adesive, ecc. per creare set di regali aziendali personalizzati.<\/p>\n<\/div>\n<\/div>\n\n\n\n<h3 class=\"wp-block-heading\">4. Quali sono le dimensioni della chiavetta USB con blocco note in metallo a forma di fiore?<\/h3>\n\n\n\n<p>La dimensione specifica del prodotto \u00e8 di 43*<em>14.5<\/em>*Il peso \u00e8 di circa 12 grammi. Le dimensioni ridotte sono comode da trasportare nel notebook. Lo spessore del corpo in lega di zinco \u00e8 di soli 4,6 mm e non aumenta il peso del notebook. La parte a forma di fiore \u00e8 realizzata in lastra acrilica ultrasottile, che tiene conto sia della bellezza che della portabilit\u00e0. Il produttore \u00e8 in grado di regolare le dimensioni in base alle esigenze dei clienti, come l'ingrandimento delle proporzioni del fiore o la regolazione delle specifiche della fibbia fissa, e supporta lo sviluppo di stampi personalizzati per soddisfare le esigenze di adattamento dei diversi modelli di notebook.<\/p>\n\n\n\n<p><\/p>","protected":false},"excerpt":{"rendered":"<ul>\n<li>Unit\u00e0 flash USB<\/li>\n<li>Notebook con usb<\/li>\n<li>USB3.0 e USB2.0<\/li>\n<li>MOQ: 100PCS<\/li>\n<li>Pu\u00f2 personalizzare il logo e il pacchetto<\/li>\n<\/ul>","protected":false},"featured_media":3653,"comment_status":"open","ping_status":"closed","template":"","meta":{"_seopress_robots_primary_cat":"","_seopress_titles_title":"","_seopress_titles_desc":"","_seopress_robots_index":"","site-sidebar-layout":"default","site-content-layout":"","ast-site-content-layout":"","site-content-style":"default","site-sidebar-style":"default","ast-global-header-display":"","ast-banner-title-visibility":"","ast-main-header-display":"","ast-hfb-above-header-display":"","ast-hfb-below-header-display":"","ast-hfb-mobile-header-display":"","site-post-title":"","ast-breadcrumbs-content":"","ast-featured-img":"","footer-sml-layout":"","theme-transparent-header-meta":"","adv-header-id-meta":"","stick-header-meta":"","header-above-stick-meta":"","header-main-stick-meta":"","header-below-stick-meta":"","astra-migrate-meta-layouts":"default","ast-page-background-enabled":"default","ast-page-background-meta":{"desktop":{"background-color":"var(--ast-global-color-5)","background-image":"","background-repeat":"repeat","background-position":"center center","background-size":"auto","background-attachment":"scroll","background-type":"","background-media":"","overlay-type":"","overlay-color":"","overlay-opacity":"","overlay-gradient":""},"tablet":{"background-color":"","background-image":"","background-repeat":"repeat","background-position":"center center","background-size":"auto","background-attachment":"scroll","background-type":"","background-media":"","overlay-type":"","overlay-color":"","overlay-opacity":"","overlay-gradient":""},"mobile":{"background-color":"","background-image":"","background-repeat":"repeat","background-position":"center center","background-size":"auto","background-attachment":"scroll","background-type":"","background-media":"","overlay-type":"","overlay-color":"","overlay-opacity":"","overlay-gradient":""}},"ast-content-background-meta":{"desktop":{"background-color":"var(--ast-global-color-4)","background-image":"","background-repeat":"repeat","background-position":"center center","background-size":"auto","background-attachment":"scroll","background-type":"","background-media":"","overlay-type":"","overlay-color":"","overlay-opacity":"","overlay-gradient":""},"tablet":{"background-color":"var(--ast-global-color-4)","background-image":"","background-repeat":"repeat","background-position":"center center","background-size":"auto","background-attachment":"scroll","background-type":"","background-media":"","overlay-type":"","overlay-color":"","overlay-opacity":"","overlay-gradient":""},"mobile":{"background-color":"var(--ast-global-color-4)","background-image":"","background-repeat":"repeat","background-position":"center center","background-size":"auto","background-attachment":"scroll","background-type":"","background-media":"","overlay-type":"","overlay-color":"","overlay-opacity":"","overlay-gradient":""}}},"product_brand":[],"product_cat":[99],"product_tag":[205],"class_list":{"0":"post-3649","1":"product","2":"type-product","3":"status-publish","4":"has-post-thumbnail","6":"product_cat-usb-pendrive-with-notebook","7":"product_tag-flower-usb-drive","8":"desktop-align-left","9":"tablet-align-left","10":"mobile-align-left","12":"first","13":"instock","14":"shipping-taxable","15":"product-type-simple"},"_links":{"self":[{"href":"https:\/\/www.usborkeychain.com\/it\/wp-json\/wp\/v2\/product\/3649","targetHints":{"allow":["GET"]}}],"collection":[{"href":"https:\/\/www.usborkeychain.com\/it\/wp-json\/wp\/v2\/product"}],"about":[{"href":"https:\/\/www.usborkeychain.com\/it\/wp-json\/wp\/v2\/types\/product"}],"replies":[{"embeddable":true,"href":"https:\/\/www.usborkeychain.com\/it\/wp-json\/wp\/v2\/comments?post=3649"}],"wp:featuredmedia":[{"embeddable":true,"href":"https:\/\/www.usborkeychain.com\/it\/wp-json\/wp\/v2\/media\/3653"}],"wp:attachment":[{"href":"https:\/\/www.usborkeychain.com\/it\/wp-json\/wp\/v2\/media?parent=3649"}],"wp:term":[{"taxonomy":"product_brand","embeddable":true,"href":"https:\/\/www.usborkeychain.com\/it\/wp-json\/wp\/v2\/product_brand?post=3649"},{"taxonomy":"product_cat","embeddable":true,"href":"https:\/\/www.usborkeychain.com\/it\/wp-json\/wp\/v2\/product_cat?post=3649"},{"taxonomy":"product_tag","embeddable":true,"href":"https:\/\/www.usborkeychain.com\/it\/wp-json\/wp\/v2\/product_tag?post=3649"}],"curies":[{"name":"wp","href":"https:\/\/api.w.org\/{rel}","templated":true}]}}