{"id":3669,"date":"2025-06-30T02:02:40","date_gmt":"2025-06-30T02:02:40","guid":{"rendered":"https:\/\/www.usborkeychain.com\/?post_type=product&#038;p=3669"},"modified":"2025-06-30T02:02:53","modified_gmt":"2025-06-30T02:02:53","slug":"bcu-03-fingerprint-usb-c-encrypted-flash-drive","status":"publish","type":"product","link":"https:\/\/www.usborkeychain.com\/it\/prodotto\/bcu-03-fingerprint-usb-c-encrypted-flash-drive\/","title":{"rendered":"BCU-03 Unit\u00e0 flash USB crittografata con impronte digitali"},"content":{"rendered":"<p>L'unit\u00e0 USB con impronta digitale BCU-03 \u00e8 l'ultimo modello di YOUSAN, un produttore professionale di USB. Con un corpo interamente in metallo e la crittografia delle impronte digitali, \u00e8 stata progettata per le aziende che necessitano di un'archiviazione sicura dei dati. Questo nuovo modello supporta lo sblocco delle impronte digitali e la crittografia delle partizioni e la fabbrica offre servizi diretti di vendita all'ingrosso e di personalizzazione. \u00c8 la scelta migliore per le industrie finanziarie e tecnologiche come regalo di fascia alta o strumento di archiviazione sicura.<\/p>\n\n\n\n<div class=\"wp-block-columns is-layout-flex wp-container-core-columns-is-layout-28f84493 wp-block-columns-is-layout-flex\">\n<div class=\"wp-block-column is-layout-flow wp-block-column-is-layout-flow\">\n<figure class=\"wp-block-image size-full\"><img alt=\"\" fetchpriority=\"high\" decoding=\"async\" width=\"800\" height=\"800\" src=\"https:\/\/www.usborkeychain.com\/wp-content\/uploads\/Fingerprint-Encrypted-USB-Flash-Drive-Solution.jpg\" class=\"wp-image-3677\" srcset=\"https:\/\/www.usborkeychain.com\/wp-content\/uploads\/Fingerprint-Encrypted-USB-Flash-Drive-Solution.jpg 800w, https:\/\/www.usborkeychain.com\/wp-content\/uploads\/Fingerprint-Encrypted-USB-Flash-Drive-Solution-300x300.jpg 300w, https:\/\/www.usborkeychain.com\/wp-content\/uploads\/Fingerprint-Encrypted-USB-Flash-Drive-Solution-150x150.jpg 150w, https:\/\/www.usborkeychain.com\/wp-content\/uploads\/Fingerprint-Encrypted-USB-Flash-Drive-Solution-768x768.jpg 768w, https:\/\/www.usborkeychain.com\/wp-content\/uploads\/Fingerprint-Encrypted-USB-Flash-Drive-Solution-12x12.jpg 12w, https:\/\/www.usborkeychain.com\/wp-content\/uploads\/Fingerprint-Encrypted-USB-Flash-Drive-Solution-600x600.jpg 600w, https:\/\/www.usborkeychain.com\/wp-content\/uploads\/Fingerprint-Encrypted-USB-Flash-Drive-Solution-100x100.jpg 100w\" sizes=\"(max-width: 800px) 100vw, 800px\" \/><\/figure>\n<\/div>\n\n\n\n<div class=\"wp-block-column is-layout-flow wp-block-column-is-layout-flow\">\n<figure class=\"wp-block-image size-full\"><img alt=\"\" decoding=\"async\" width=\"800\" height=\"800\" src=\"https:\/\/www.usborkeychain.com\/wp-content\/uploads\/Fingerprint-Encrypted-USB-Flash-Drive-Manufacturer.jpg\" class=\"wp-image-3674\" srcset=\"https:\/\/www.usborkeychain.com\/wp-content\/uploads\/Fingerprint-Encrypted-USB-Flash-Drive-Manufacturer.jpg 800w, https:\/\/www.usborkeychain.com\/wp-content\/uploads\/Fingerprint-Encrypted-USB-Flash-Drive-Manufacturer-300x300.jpg 300w, https:\/\/www.usborkeychain.com\/wp-content\/uploads\/Fingerprint-Encrypted-USB-Flash-Drive-Manufacturer-150x150.jpg 150w, https:\/\/www.usborkeychain.com\/wp-content\/uploads\/Fingerprint-Encrypted-USB-Flash-Drive-Manufacturer-768x768.jpg 768w, https:\/\/www.usborkeychain.com\/wp-content\/uploads\/Fingerprint-Encrypted-USB-Flash-Drive-Manufacturer-12x12.jpg 12w, https:\/\/www.usborkeychain.com\/wp-content\/uploads\/Fingerprint-Encrypted-USB-Flash-Drive-Manufacturer-600x600.jpg 600w, https:\/\/www.usborkeychain.com\/wp-content\/uploads\/Fingerprint-Encrypted-USB-Flash-Drive-Manufacturer-100x100.jpg 100w\" sizes=\"(max-width: 800px) 100vw, 800px\" \/><\/figure>\n<\/div>\n<\/div>\n\n\n\n<h2 class=\"wp-block-heading\">Cosa c'\u00e8 di speciale nel design del BCU-03?<\/h2>\n\n\n\n<p>Realizzato in alluminio di alta qualit\u00e0, BCU-03 \u00e8 dotato di un cappuccio metallico staccabile e di un anello portachiavi per evitarne la perdita. Funziona con computer e telefoni tramite USB3.0 (velocit\u00e0 fino a 5Gbps) e adattatore OTG (non incluso). Disponibile in argento e grigio canna di fucile, la superficie anodizzata \u00e8 resistente ai graffi. I colori personalizzati partono da 100 pezzi.<\/p>\n\n\n\n<h2 class=\"wp-block-heading\">Specifiche principali<\/h2>\n\n\n\n<figure class=\"wp-block-table\"><table class=\"has-fixed-layout\"><thead><tr><th>Parametro<\/th><th>Dettagli<\/th><\/tr><\/thead><tbody><tr><td>Interfaccia<\/td><td>USB3.0 (funziona con USB2.0 e telefoni tramite OTG)<\/td><\/tr><tr><td>Capacit\u00e0<\/td><td>32GB\/64GB\/128GB\/256GB\/512GB (customizable)<\/td><\/tr><tr><td>Materiale<\/td><td>Corpo interamente in alluminio, finitura anodizzata, design portachiavi<\/td><\/tr><tr><td>Impronta digitale<\/td><td>Crittografia hardware AES-256, doppia sicurezza, sblocco con impronta digitale &lt;0,3s<\/td><\/tr><tr><td>Divisori<\/td><td>1 account amministratore + 10 impronte digitali di utenti, 2 partizioni: normale e crittografata<\/td><\/tr><tr><td>Personalizzazione<\/td><td>Incisione laser\/logo serigrafico, imballaggio personalizzato (100+ pezzi, diretto dalla fabbrica)<\/td><\/tr><tr><td>Durata<\/td><td>Temperatura di lavoro -20\u2103~60\u2103, test di caduta da 1,5 m superato<\/td><\/tr><\/tbody><\/table><\/figure>\n\n\n\n<h2 class=\"wp-block-heading\">Come fa il BCU-03 a criptare i dati?<\/h2>\n\n\n\n<p>Il BCU-03 utilizza la crittografia AES-256 (lo stesso livello delle banche) con una doppia sicurezza: prima si imposta un'impronta digitale dell'amministratore, poi la si utilizza per sbloccare la partizione crittografata. Questo impedisce l'accesso non autorizzato e la manomissione dei dati. La fabbrica fornisce rapporti di test di crittografia per la massima tranquillit\u00e0.<\/p>\n\n\n\n<div class=\"wp-block-columns is-layout-flex wp-container-core-columns-is-layout-28f84493 wp-block-columns-is-layout-flex\">\n<div class=\"wp-block-column is-layout-flow wp-block-column-is-layout-flow\">\n<figure class=\"wp-block-image size-full\"><img alt=\"\" decoding=\"async\" width=\"800\" height=\"800\" src=\"https:\/\/www.usborkeychain.com\/wp-content\/uploads\/Fingerprint-Encrypted-USB-Flash-Drive-Solution-provider.jpg\" class=\"wp-image-3676\" srcset=\"https:\/\/www.usborkeychain.com\/wp-content\/uploads\/Fingerprint-Encrypted-USB-Flash-Drive-Solution-provider.jpg 800w, https:\/\/www.usborkeychain.com\/wp-content\/uploads\/Fingerprint-Encrypted-USB-Flash-Drive-Solution-provider-300x300.jpg 300w, https:\/\/www.usborkeychain.com\/wp-content\/uploads\/Fingerprint-Encrypted-USB-Flash-Drive-Solution-provider-150x150.jpg 150w, https:\/\/www.usborkeychain.com\/wp-content\/uploads\/Fingerprint-Encrypted-USB-Flash-Drive-Solution-provider-768x768.jpg 768w, https:\/\/www.usborkeychain.com\/wp-content\/uploads\/Fingerprint-Encrypted-USB-Flash-Drive-Solution-provider-12x12.jpg 12w, https:\/\/www.usborkeychain.com\/wp-content\/uploads\/Fingerprint-Encrypted-USB-Flash-Drive-Solution-provider-600x600.jpg 600w, https:\/\/www.usborkeychain.com\/wp-content\/uploads\/Fingerprint-Encrypted-USB-Flash-Drive-Solution-provider-100x100.jpg 100w\" sizes=\"(max-width: 800px) 100vw, 800px\" \/><\/figure>\n<\/div>\n\n\n\n<div class=\"wp-block-column is-layout-flow wp-block-column-is-layout-flow\">\n<figure class=\"wp-block-image size-full\"><img alt=\"\" loading=\"lazy\" decoding=\"async\" width=\"800\" height=\"800\" src=\"https:\/\/www.usborkeychain.com\/wp-content\/uploads\/Fingerprint-Encrypted-USB-Flash-Drive-Brand-1.jpg\" class=\"wp-image-3673\" srcset=\"https:\/\/www.usborkeychain.com\/wp-content\/uploads\/Fingerprint-Encrypted-USB-Flash-Drive-Brand-1.jpg 800w, https:\/\/www.usborkeychain.com\/wp-content\/uploads\/Fingerprint-Encrypted-USB-Flash-Drive-Brand-1-300x300.jpg 300w, https:\/\/www.usborkeychain.com\/wp-content\/uploads\/Fingerprint-Encrypted-USB-Flash-Drive-Brand-1-150x150.jpg 150w, https:\/\/www.usborkeychain.com\/wp-content\/uploads\/Fingerprint-Encrypted-USB-Flash-Drive-Brand-1-768x768.jpg 768w, https:\/\/www.usborkeychain.com\/wp-content\/uploads\/Fingerprint-Encrypted-USB-Flash-Drive-Brand-1-12x12.jpg 12w, https:\/\/www.usborkeychain.com\/wp-content\/uploads\/Fingerprint-Encrypted-USB-Flash-Drive-Brand-1-600x600.jpg 600w, https:\/\/www.usborkeychain.com\/wp-content\/uploads\/Fingerprint-Encrypted-USB-Flash-Drive-Brand-1-100x100.jpg 100w\" sizes=\"(max-width: 800px) 100vw, 800px\" \/><\/figure>\n<\/div>\n<\/div>\n\n\n\n<h2 class=\"wp-block-heading\">Come funzionano le partizioni?<\/h2>\n\n\n\n<p>Dispone di 2 partizioni: una normale per i file pubblici e una crittografata che richiede l'accesso tramite impronta digitale. L'amministratore pu\u00f2 gestire 10 impronte digitali di utenti e regolare le dimensioni delle partizioni. \u00c8 ideale per i team di studi legali o di aziende di design che hanno bisogno di condividere e proteggere i file separatamente.<\/p>\n\n\n\n<div class=\"wp-block-columns is-layout-flex wp-container-core-columns-is-layout-28f84493 wp-block-columns-is-layout-flex\">\n<div class=\"wp-block-column is-layout-flow wp-block-column-is-layout-flow\">\n<figure class=\"wp-block-image size-full\"><img alt=\"\" loading=\"lazy\" decoding=\"async\" width=\"800\" height=\"800\" src=\"https:\/\/www.usborkeychain.com\/wp-content\/uploads\/Fingerprint-Encrypted-USB-Flash-Drive-Producer.jpg\" class=\"wp-image-3675\" srcset=\"https:\/\/www.usborkeychain.com\/wp-content\/uploads\/Fingerprint-Encrypted-USB-Flash-Drive-Producer.jpg 800w, https:\/\/www.usborkeychain.com\/wp-content\/uploads\/Fingerprint-Encrypted-USB-Flash-Drive-Producer-300x300.jpg 300w, https:\/\/www.usborkeychain.com\/wp-content\/uploads\/Fingerprint-Encrypted-USB-Flash-Drive-Producer-150x150.jpg 150w, https:\/\/www.usborkeychain.com\/wp-content\/uploads\/Fingerprint-Encrypted-USB-Flash-Drive-Producer-768x768.jpg 768w, https:\/\/www.usborkeychain.com\/wp-content\/uploads\/Fingerprint-Encrypted-USB-Flash-Drive-Producer-12x12.jpg 12w, https:\/\/www.usborkeychain.com\/wp-content\/uploads\/Fingerprint-Encrypted-USB-Flash-Drive-Producer-600x600.jpg 600w, https:\/\/www.usborkeychain.com\/wp-content\/uploads\/Fingerprint-Encrypted-USB-Flash-Drive-Producer-100x100.jpg 100w\" sizes=\"(max-width: 800px) 100vw, 800px\" \/><\/figure>\n<\/div>\n\n\n\n<div class=\"wp-block-column is-layout-flow wp-block-column-is-layout-flow\">\n<figure class=\"wp-block-image size-full\"><img alt=\"\" loading=\"lazy\" decoding=\"async\" width=\"800\" height=\"800\" src=\"https:\/\/www.usborkeychain.com\/wp-content\/uploads\/Fingerprint-Encrypted-USB-Flash-Drive-Brand-Retailer.jpg\" class=\"wp-image-3672\" srcset=\"https:\/\/www.usborkeychain.com\/wp-content\/uploads\/Fingerprint-Encrypted-USB-Flash-Drive-Brand-Retailer.jpg 800w, https:\/\/www.usborkeychain.com\/wp-content\/uploads\/Fingerprint-Encrypted-USB-Flash-Drive-Brand-Retailer-300x300.jpg 300w, https:\/\/www.usborkeychain.com\/wp-content\/uploads\/Fingerprint-Encrypted-USB-Flash-Drive-Brand-Retailer-150x150.jpg 150w, https:\/\/www.usborkeychain.com\/wp-content\/uploads\/Fingerprint-Encrypted-USB-Flash-Drive-Brand-Retailer-768x768.jpg 768w, https:\/\/www.usborkeychain.com\/wp-content\/uploads\/Fingerprint-Encrypted-USB-Flash-Drive-Brand-Retailer-12x12.jpg 12w, https:\/\/www.usborkeychain.com\/wp-content\/uploads\/Fingerprint-Encrypted-USB-Flash-Drive-Brand-Retailer-600x600.jpg 600w, https:\/\/www.usborkeychain.com\/wp-content\/uploads\/Fingerprint-Encrypted-USB-Flash-Drive-Brand-Retailer-100x100.jpg 100w\" sizes=\"(max-width: 800px) 100vw, 800px\" \/><\/figure>\n<\/div>\n<\/div>\n\n\n\n<h2 class=\"wp-block-heading\">Ha bisogno di un'app?<\/h2>\n\n\n\n<p>Non \u00e8 necessaria alcuna applicazione: basta collegarsi e giocare. Per i telefoni, utilizzare un adattatore OTG (venduto separatamente). Funziona con Android\/iOS e il blocco delle impronte digitali rimane attivo sul cellulare. La fabbrica pu\u00f2 fornire adattatori per ordini di grandi quantit\u00e0.<\/p>\n\n\n\n<p>L'unit\u00e0 USB per impronte digitali BCU-03 combina un design anti-smarrimento completamente in metallo, la velocit\u00e0 USB3.0 e la crittografia AES-256. La fabbrica offre servizi end-to-end, dalla personalizzazione della capacit\u00e0 all'incisione del logo, rendendola perfetta per le aziende che desiderano un'archiviazione sicura o regali di marca.<\/p>","protected":false},"excerpt":{"rendered":"<ul>\n<li>Unit\u00e0 usb c criptata<\/li>\n<li>Materiale metallico<\/li>\n<li>Unit\u00e0 usb sicura<\/li>\n<li>10 gestione flessibile delle impronte digitali<\/li>\n<li>Non c'\u00e8 bisogno di un'app<\/li>\n<li>Ha 2 partizioni<\/li>\n<\/ul>","protected":false},"featured_media":3678,"comment_status":"open","ping_status":"closed","template":"","meta":{"_seopress_robots_primary_cat":"","_seopress_titles_title":"","_seopress_titles_desc":"","_seopress_robots_index":"","site-sidebar-layout":"default","site-content-layout":"","ast-site-content-layout":"","site-content-style":"default","site-sidebar-style":"default","ast-global-header-display":"","ast-banner-title-visibility":"","ast-main-header-display":"","ast-hfb-above-header-display":"","ast-hfb-below-header-display":"","ast-hfb-mobile-header-display":"","site-post-title":"","ast-breadcrumbs-content":"","ast-featured-img":"","footer-sml-layout":"","theme-transparent-header-meta":"","adv-header-id-meta":"","stick-header-meta":"","header-above-stick-meta":"","header-main-stick-meta":"","header-below-stick-meta":"","astra-migrate-meta-layouts":"default","ast-page-background-enabled":"default","ast-page-background-meta":{"desktop":{"background-color":"var(--ast-global-color-5)","background-image":"","background-repeat":"repeat","background-position":"center center","background-size":"auto","background-attachment":"scroll","background-type":"","background-media":"","overlay-type":"","overlay-color":"","overlay-opacity":"","overlay-gradient":""},"tablet":{"background-color":"","background-image":"","background-repeat":"repeat","background-position":"center center","background-size":"auto","background-attachment":"scroll","background-type":"","background-media":"","overlay-type":"","overlay-color":"","overlay-opacity":"","overlay-gradient":""},"mobile":{"background-color":"","background-image":"","background-repeat":"repeat","background-position":"center center","background-size":"auto","background-attachment":"scroll","background-type":"","background-media":"","overlay-type":"","overlay-color":"","overlay-opacity":"","overlay-gradient":""}},"ast-content-background-meta":{"desktop":{"background-color":"var(--ast-global-color-4)","background-image":"","background-repeat":"repeat","background-position":"center center","background-size":"auto","background-attachment":"scroll","background-type":"","background-media":"","overlay-type":"","overlay-color":"","overlay-opacity":"","overlay-gradient":""},"tablet":{"background-color":"var(--ast-global-color-4)","background-image":"","background-repeat":"repeat","background-position":"center center","background-size":"auto","background-attachment":"scroll","background-type":"","background-media":"","overlay-type":"","overlay-color":"","overlay-opacity":"","overlay-gradient":""},"mobile":{"background-color":"var(--ast-global-color-4)","background-image":"","background-repeat":"repeat","background-position":"center center","background-size":"auto","background-attachment":"scroll","background-type":"","background-media":"","overlay-type":"","overlay-color":"","overlay-opacity":"","overlay-gradient":""}}},"product_brand":[],"product_cat":[98,105],"product_tag":[207,206],"class_list":{"0":"post-3669","1":"product","2":"type-product","3":"status-publish","4":"has-post-thumbnail","6":"product_cat-biometric-fingerprint-usb-drive","7":"product_cat-usb-c-pendrive","8":"product_tag-encrypted-usb-drive","9":"product_tag-secure-usb-drive","10":"desktop-align-left","11":"tablet-align-left","12":"mobile-align-left","14":"first","15":"instock","16":"shipping-taxable","17":"product-type-simple"},"_links":{"self":[{"href":"https:\/\/www.usborkeychain.com\/it\/wp-json\/wp\/v2\/product\/3669","targetHints":{"allow":["GET"]}}],"collection":[{"href":"https:\/\/www.usborkeychain.com\/it\/wp-json\/wp\/v2\/product"}],"about":[{"href":"https:\/\/www.usborkeychain.com\/it\/wp-json\/wp\/v2\/types\/product"}],"replies":[{"embeddable":true,"href":"https:\/\/www.usborkeychain.com\/it\/wp-json\/wp\/v2\/comments?post=3669"}],"wp:featuredmedia":[{"embeddable":true,"href":"https:\/\/www.usborkeychain.com\/it\/wp-json\/wp\/v2\/media\/3678"}],"wp:attachment":[{"href":"https:\/\/www.usborkeychain.com\/it\/wp-json\/wp\/v2\/media?parent=3669"}],"wp:term":[{"taxonomy":"product_brand","embeddable":true,"href":"https:\/\/www.usborkeychain.com\/it\/wp-json\/wp\/v2\/product_brand?post=3669"},{"taxonomy":"product_cat","embeddable":true,"href":"https:\/\/www.usborkeychain.com\/it\/wp-json\/wp\/v2\/product_cat?post=3669"},{"taxonomy":"product_tag","embeddable":true,"href":"https:\/\/www.usborkeychain.com\/it\/wp-json\/wp\/v2\/product_tag?post=3669"}],"curies":[{"name":"wp","href":"https:\/\/api.w.org\/{rel}","templated":true}]}}