{"id":3683,"date":"2025-06-30T03:32:54","date_gmt":"2025-06-30T03:32:54","guid":{"rendered":"https:\/\/www.usborkeychain.com\/?post_type=product&#038;p=3683"},"modified":"2025-08-17T13:17:15","modified_gmt":"2025-08-17T13:17:15","slug":"metal-twist-usb-flash-drive-for-iphone","status":"publish","type":"product","link":"https:\/\/www.usborkeychain.com\/it\/prodotto\/metal-twist-usb-flash-drive-for-iphone\/","title":{"rendered":"Chiavetta USB Twist in metallo con motivo per iphone"},"content":{"rendered":"<p>L'unit\u00e0 USB rotante in metallo con motivo per telefoni \u00e8 una novit\u00e0 2024 di YOUSAN, uno dei principali produttori di unit\u00e0 USB. Caratterizzata da un corpo in lega di zinco e da un design a doppia interfaccia, questa unit\u00e0 USB consente di trasferire dati senza problemi tra telefoni e computer. Il corpo interamente in metallo \u00e8 inciso con texture esagonali antiscivolo, mentre il buco triangolare della serratura sulla parte superiore aggiunge funzionalit\u00e0 e distintivit\u00e0.<\/p>\n\n\n\n<div class=\"wp-block-columns is-layout-flex wp-container-core-columns-is-layout-28f84493 wp-block-columns-is-layout-flex\">\n<div class=\"wp-block-column is-layout-flow wp-block-column-is-layout-flow\">\n<figure class=\"wp-block-image size-full\"><img alt=\"\" fetchpriority=\"high\" decoding=\"async\" width=\"800\" height=\"800\" src=\"https:\/\/www.usborkeychain.com\/wp-content\/uploads\/siliver-colored-usb-a-and-usb-c-flash-drive-1.jpg\" class=\"wp-image-3691\" srcset=\"https:\/\/www.usborkeychain.com\/wp-content\/uploads\/siliver-colored-usb-a-and-usb-c-flash-drive-1.jpg 800w, https:\/\/www.usborkeychain.com\/wp-content\/uploads\/siliver-colored-usb-a-and-usb-c-flash-drive-1-300x300.jpg 300w, https:\/\/www.usborkeychain.com\/wp-content\/uploads\/siliver-colored-usb-a-and-usb-c-flash-drive-1-150x150.jpg 150w, https:\/\/www.usborkeychain.com\/wp-content\/uploads\/siliver-colored-usb-a-and-usb-c-flash-drive-1-768x768.jpg 768w, https:\/\/www.usborkeychain.com\/wp-content\/uploads\/siliver-colored-usb-a-and-usb-c-flash-drive-1-12x12.jpg 12w, https:\/\/www.usborkeychain.com\/wp-content\/uploads\/siliver-colored-usb-a-and-usb-c-flash-drive-1-600x600.jpg 600w, https:\/\/www.usborkeychain.com\/wp-content\/uploads\/siliver-colored-usb-a-and-usb-c-flash-drive-1-100x100.jpg 100w\" sizes=\"(max-width: 800px) 100vw, 800px\" \/><\/figure>\n<\/div>\n\n\n\n<div class=\"wp-block-column is-layout-flow wp-block-column-is-layout-flow\">\n<figure class=\"wp-block-image size-full\"><img alt=\"\" decoding=\"async\" width=\"800\" height=\"800\" src=\"https:\/\/www.usborkeychain.com\/wp-content\/uploads\/new-style-colored-usb-a-and-usb-c-flash-drive-1.jpg\" class=\"wp-image-3690\" srcset=\"https:\/\/www.usborkeychain.com\/wp-content\/uploads\/new-style-colored-usb-a-and-usb-c-flash-drive-1.jpg 800w, https:\/\/www.usborkeychain.com\/wp-content\/uploads\/new-style-colored-usb-a-and-usb-c-flash-drive-1-300x300.jpg 300w, https:\/\/www.usborkeychain.com\/wp-content\/uploads\/new-style-colored-usb-a-and-usb-c-flash-drive-1-150x150.jpg 150w, https:\/\/www.usborkeychain.com\/wp-content\/uploads\/new-style-colored-usb-a-and-usb-c-flash-drive-1-768x768.jpg 768w, https:\/\/www.usborkeychain.com\/wp-content\/uploads\/new-style-colored-usb-a-and-usb-c-flash-drive-1-12x12.jpg 12w, https:\/\/www.usborkeychain.com\/wp-content\/uploads\/new-style-colored-usb-a-and-usb-c-flash-drive-1-600x600.jpg 600w, https:\/\/www.usborkeychain.com\/wp-content\/uploads\/new-style-colored-usb-a-and-usb-c-flash-drive-1-100x100.jpg 100w\" sizes=\"(max-width: 800px) 100vw, 800px\" \/><\/figure>\n<\/div>\n<\/div>\n\n\n\n<p><\/p>\n\n\n\n<h2 class=\"wp-block-heading\">Cosa c'\u00e8 di unico nel design dell'USB rotante in metallo?<\/h2>\n\n\n\n<p>A differenza delle tradizionali unit\u00e0 USB in metallo liscio, questo modello presenta innovativi motivi 3D esagonali sull'involucro in lega di zinco, che migliorano la presa di 30%. Il foro triangolare consente il fissaggio diretto a portachiavi o borse e supera il test di caduta da 1,5 m per risolvere i problemi di perdita pi\u00f9 comuni. Il coperchio rotante con chiusura magnetica rivela le porte USB 3.0 e Type-C quando viene ruotato, supportando l'uso plug-and-play su computer Windows\/macOS e telefoni Android\/iOS.<\/p>\n\n\n\n<div class=\"wp-block-columns is-layout-flex wp-container-core-columns-is-layout-28f84493 wp-block-columns-is-layout-flex\">\n<div class=\"wp-block-column is-layout-flow wp-block-column-is-layout-flow\">\n<figure class=\"wp-block-image size-full\"><img alt=\"\" decoding=\"async\" width=\"800\" height=\"800\" src=\"https:\/\/www.usborkeychain.com\/wp-content\/uploads\/gun-colored-usb-a-and-usb-c-flash-drive-manuufacturer.jpg\" class=\"wp-image-3687\" srcset=\"https:\/\/www.usborkeychain.com\/wp-content\/uploads\/gun-colored-usb-a-and-usb-c-flash-drive-manuufacturer.jpg 800w, https:\/\/www.usborkeychain.com\/wp-content\/uploads\/gun-colored-usb-a-and-usb-c-flash-drive-manuufacturer-300x300.jpg 300w, https:\/\/www.usborkeychain.com\/wp-content\/uploads\/gun-colored-usb-a-and-usb-c-flash-drive-manuufacturer-150x150.jpg 150w, https:\/\/www.usborkeychain.com\/wp-content\/uploads\/gun-colored-usb-a-and-usb-c-flash-drive-manuufacturer-768x768.jpg 768w, https:\/\/www.usborkeychain.com\/wp-content\/uploads\/gun-colored-usb-a-and-usb-c-flash-drive-manuufacturer-12x12.jpg 12w, https:\/\/www.usborkeychain.com\/wp-content\/uploads\/gun-colored-usb-a-and-usb-c-flash-drive-manuufacturer-600x600.jpg 600w, https:\/\/www.usborkeychain.com\/wp-content\/uploads\/gun-colored-usb-a-and-usb-c-flash-drive-manuufacturer-100x100.jpg 100w\" sizes=\"(max-width: 800px) 100vw, 800px\" \/><\/figure>\n<\/div>\n\n\n\n<div class=\"wp-block-column is-layout-flow wp-block-column-is-layout-flow\">\n<figure class=\"wp-block-image size-full\"><img alt=\"\" loading=\"lazy\" decoding=\"async\" width=\"800\" height=\"800\" src=\"https:\/\/www.usborkeychain.com\/wp-content\/uploads\/gun-colored-usb-a-and-usb-c-flash-drive.jpg\" class=\"wp-image-3686\" srcset=\"https:\/\/www.usborkeychain.com\/wp-content\/uploads\/gun-colored-usb-a-and-usb-c-flash-drive.jpg 800w, https:\/\/www.usborkeychain.com\/wp-content\/uploads\/gun-colored-usb-a-and-usb-c-flash-drive-300x300.jpg 300w, https:\/\/www.usborkeychain.com\/wp-content\/uploads\/gun-colored-usb-a-and-usb-c-flash-drive-150x150.jpg 150w, https:\/\/www.usborkeychain.com\/wp-content\/uploads\/gun-colored-usb-a-and-usb-c-flash-drive-768x768.jpg 768w, https:\/\/www.usborkeychain.com\/wp-content\/uploads\/gun-colored-usb-a-and-usb-c-flash-drive-12x12.jpg 12w, https:\/\/www.usborkeychain.com\/wp-content\/uploads\/gun-colored-usb-a-and-usb-c-flash-drive-600x600.jpg 600w, https:\/\/www.usborkeychain.com\/wp-content\/uploads\/gun-colored-usb-a-and-usb-c-flash-drive-100x100.jpg 100w\" sizes=\"(max-width: 800px) 100vw, 800px\" \/><\/figure>\n<\/div>\n<\/div>\n\n\n\n<h2 class=\"wp-block-heading\">Specifiche del nucleo<\/h2>\n\n\n\n<figure class=\"wp-block-table\"><table class=\"has-fixed-layout\"><thead><tr><th>Parametro<\/th><th>Dettagli<\/th><\/tr><\/thead><tbody><tr><td>Interfacce<\/td><td>Doppia interfaccia USB 3.0 + Type-C (compatibile con OTG per telefoni\/tablet)<\/td><\/tr><tr><td>Capacit\u00e0<\/td><td>32GB\/64GB\/128GB\/256GB<\/td><\/tr><tr><td>Materiale<\/td><td>Corpo in lega di zinco con incisione esagonale 3D, finitura anodizzata per la resistenza ai graffi<\/td><\/tr><tr><td>Velocit\u00e0 di trasferimento<\/td><td>Lettura massima: 130MB\/s, scrittura massima: 40MB\/s (50% pi\u00f9 veloce per i file di grandi dimensioni nei test)<\/td><\/tr><tr><td>Personalizzazione<\/td><td>Logo inciso al laser <\/td><\/tr><tr><td>Durata<\/td><td>Temperatura di funzionamento: -20\u2103~60\u2103, testato a 1,5 m, pesa 17 g (con portachiavi)<\/td><\/tr><tr><td>Colori<\/td><td>Argento opaco \/ grigio canna di fucile spazzolato (colori personalizzati disponibili per ordini in blocco)<\/td><\/tr><\/tbody><\/table><\/figure>\n\n\n\n<h2 class=\"wp-block-heading\">L'USB rotante in metallo pu\u00f2 avere un logo personalizzato?<\/h2>\n\n\n\n<p>Opzioni di personalizzazione del logo:<\/p>\n\n\n\n<ul class=\"wp-block-list\">\n<li><strong>Lato anteriore<\/strong>: Conserva i modelli esagonali,\u00a0<strong>nessuna personalizzazione del logo<\/strong><\/li>\n\n\n\n<li><strong>Lato posteriore<\/strong>: La superficie piatta interamente in metallo supporta l'incisione laser di nomi di aziende, informazioni di contatto o disegni con una profondit\u00e0 di 0,1 mm per una visibilit\u00e0 duratura.<br>La fabbrica utilizza apparecchiature laser di importazione tedesca per una precisione di 0,01 mm. Gli ordini di oltre 100 unit\u00e0 ricevono servizi di progettazione 3D gratuiti e la produzione di massa inizia 3 giorni lavorativi dopo l'approvazione del campione.<\/li>\n<\/ul>\n\n\n\n<p>L'USB rotante in metallo per telefoni combina un corpo in lega di zinco antigoccia, trasferimento ad alta velocit\u00e0 USB 3.0 e design a doppia interfaccia. Grazie ai servizi end-to-end offerti dalla fabbrica di origine, dalla personalizzazione della capacit\u00e0 all'incisione del logo, \u00e8 la scelta ideale per l'archiviazione dei dati aziendali e per la vendita all'ingrosso di regali di marca.<\/p>\n\n\n\n<p><\/p>","protected":false},"excerpt":{"rendered":"<ul>\n<li>Stili a fantasia<\/li>\n<li>Unit\u00e0 flash USB Metal Twist<\/li>\n<li>USB3.0<\/li>\n<li>Logo Cudtom<\/li>\n<li>MOQ: 100PCS<\/li>\n<\/ul>","protected":false},"featured_media":3690,"comment_status":"open","ping_status":"closed","template":"","meta":{"_seopress_robots_primary_cat":"none","_seopress_titles_title":"","_seopress_titles_desc":"","_seopress_robots_index":"","site-sidebar-layout":"default","site-content-layout":"","ast-site-content-layout":"","site-content-style":"default","site-sidebar-style":"default","ast-global-header-display":"","ast-banner-title-visibility":"","ast-main-header-display":"","ast-hfb-above-header-display":"","ast-hfb-below-header-display":"","ast-hfb-mobile-header-display":"","site-post-title":"","ast-breadcrumbs-content":"","ast-featured-img":"","footer-sml-layout":"","theme-transparent-header-meta":"","adv-header-id-meta":"","stick-header-meta":"","header-above-stick-meta":"","header-main-stick-meta":"","header-below-stick-meta":"","astra-migrate-meta-layouts":"default","ast-page-background-enabled":"default","ast-page-background-meta":{"desktop":{"background-color":"var(--ast-global-color-5)","background-image":"","background-repeat":"repeat","background-position":"center center","background-size":"auto","background-attachment":"scroll","background-type":"","background-media":"","overlay-type":"","overlay-color":"","overlay-opacity":"","overlay-gradient":""},"tablet":{"background-color":"","background-image":"","background-repeat":"repeat","background-position":"center center","background-size":"auto","background-attachment":"scroll","background-type":"","background-media":"","overlay-type":"","overlay-color":"","overlay-opacity":"","overlay-gradient":""},"mobile":{"background-color":"","background-image":"","background-repeat":"repeat","background-position":"center center","background-size":"auto","background-attachment":"scroll","background-type":"","background-media":"","overlay-type":"","overlay-color":"","overlay-opacity":"","overlay-gradient":""}},"ast-content-background-meta":{"desktop":{"background-color":"var(--ast-global-color-4)","background-image":"","background-repeat":"repeat","background-position":"center center","background-size":"auto","background-attachment":"scroll","background-type":"","background-media":"","overlay-type":"","overlay-color":"","overlay-opacity":"","overlay-gradient":""},"tablet":{"background-color":"var(--ast-global-color-4)","background-image":"","background-repeat":"repeat","background-position":"center center","background-size":"auto","background-attachment":"scroll","background-type":"","background-media":"","overlay-type":"","overlay-color":"","overlay-opacity":"","overlay-gradient":""},"mobile":{"background-color":"var(--ast-global-color-4)","background-image":"","background-repeat":"repeat","background-position":"center center","background-size":"auto","background-attachment":"scroll","background-type":"","background-media":"","overlay-type":"","overlay-color":"","overlay-opacity":"","overlay-gradient":""}}},"product_brand":[],"product_cat":[106,105,104],"product_tag":[189,406],"class_list":{"0":"post-3683","1":"product","2":"type-product","3":"status-publish","4":"has-post-thumbnail","6":"product_cat-rotating-usb-pendrive","7":"product_cat-usb-c-pendrive","8":"product_cat-usb3-0-usb-pendrive","9":"product_tag-metal-rotate-usb-flash-drive-for-iphone","10":"product_tag-metal-swivel-usb-drive","11":"desktop-align-left","12":"tablet-align-left","13":"mobile-align-left","15":"first","16":"instock","17":"shipping-taxable","18":"product-type-simple"},"_links":{"self":[{"href":"https:\/\/www.usborkeychain.com\/it\/wp-json\/wp\/v2\/product\/3683","targetHints":{"allow":["GET"]}}],"collection":[{"href":"https:\/\/www.usborkeychain.com\/it\/wp-json\/wp\/v2\/product"}],"about":[{"href":"https:\/\/www.usborkeychain.com\/it\/wp-json\/wp\/v2\/types\/product"}],"replies":[{"embeddable":true,"href":"https:\/\/www.usborkeychain.com\/it\/wp-json\/wp\/v2\/comments?post=3683"}],"wp:featuredmedia":[{"embeddable":true,"href":"https:\/\/www.usborkeychain.com\/it\/wp-json\/wp\/v2\/media\/3690"}],"wp:attachment":[{"href":"https:\/\/www.usborkeychain.com\/it\/wp-json\/wp\/v2\/media?parent=3683"}],"wp:term":[{"taxonomy":"product_brand","embeddable":true,"href":"https:\/\/www.usborkeychain.com\/it\/wp-json\/wp\/v2\/product_brand?post=3683"},{"taxonomy":"product_cat","embeddable":true,"href":"https:\/\/www.usborkeychain.com\/it\/wp-json\/wp\/v2\/product_cat?post=3683"},{"taxonomy":"product_tag","embeddable":true,"href":"https:\/\/www.usborkeychain.com\/it\/wp-json\/wp\/v2\/product_tag?post=3683"}],"curies":[{"name":"wp","href":"https:\/\/api.w.org\/{rel}","templated":true}]}}