{"id":3709,"date":"2025-07-01T02:53:24","date_gmt":"2025-07-01T02:53:24","guid":{"rendered":"https:\/\/www.usborkeychain.com\/?post_type=product&#038;p=3709"},"modified":"2025-08-17T13:16:59","modified_gmt":"2025-08-17T13:16:59","slug":"the-most-popular-twist-flash-drive-for-android-phone","status":"publish","type":"product","link":"https:\/\/www.usborkeychain.com\/it\/prodotto\/the-most-popular-twist-flash-drive-for-android-phone\/","title":{"rendered":"L'unit\u00e0 flash twist pi\u00f9 popolare per il telefono Android"},"content":{"rendered":"<p><\/p>\n\n\n\n<div class=\"wp-block-columns is-layout-flex wp-container-core-columns-is-layout-28f84493 wp-block-columns-is-layout-flex\">\n<div class=\"wp-block-column is-layout-flow wp-block-column-is-layout-flow\">\n<figure class=\"wp-block-image size-full\"><img alt=\"\" fetchpriority=\"high\" decoding=\"async\" width=\"800\" height=\"800\" src=\"https:\/\/www.usborkeychain.com\/wp-content\/uploads\/usb-flash-drive-for-android-phone.jpg\" class=\"wp-image-3719\" srcset=\"https:\/\/www.usborkeychain.com\/wp-content\/uploads\/usb-flash-drive-for-android-phone.jpg 800w, https:\/\/www.usborkeychain.com\/wp-content\/uploads\/usb-flash-drive-for-android-phone-300x300.jpg 300w, https:\/\/www.usborkeychain.com\/wp-content\/uploads\/usb-flash-drive-for-android-phone-150x150.jpg 150w, https:\/\/www.usborkeychain.com\/wp-content\/uploads\/usb-flash-drive-for-android-phone-768x768.jpg 768w, https:\/\/www.usborkeychain.com\/wp-content\/uploads\/usb-flash-drive-for-android-phone-12x12.jpg 12w, https:\/\/www.usborkeychain.com\/wp-content\/uploads\/usb-flash-drive-for-android-phone-600x600.jpg 600w, https:\/\/www.usborkeychain.com\/wp-content\/uploads\/usb-flash-drive-for-android-phone-100x100.jpg 100w\" sizes=\"(max-width: 800px) 100vw, 800px\" \/><\/figure>\n<\/div>\n\n\n\n<div class=\"wp-block-column is-vertically-aligned-center is-layout-flow wp-block-column-is-layout-flow\">\n<h1 class=\"wp-block-heading\">Unit\u00e0 USB OTG rotante a clip<\/h1>\n\n\n\n<p>Come modello pi\u00f9 venduto tra le unit\u00e0 USB OTG, l'unit\u00e0 USB rotante a clip \u00e8 ottimizzata sulla base del design classico, con una clip in metallo resistente e leggera e un corpo in plastica. Supporta la personalizzazione in fabbrica e la vendita all'ingrosso all'ingrosso, rendendola una scelta ideale per l'archiviazione personale e l'approvvigionamento aziendale.<\/p>\n<\/div>\n<\/div>\n\n\n\n<h2 class=\"wp-block-heading\">1. Perch\u00e9 la Clip Rotating Mobile USB Drive \u00e8 cos\u00ec popolare?<\/h2>\n\n\n\n<p>Come prima unit\u00e0 USB mobile con interfaccia Micro USB (compatibile con Android), ha guadagnato popolarit\u00e0 per il suo semplice design a clip rotante, il prezzo accessibile e le molteplici opzioni di colore (rosso\/blu\/nero, ecc.), che la rendono adatta alla vendita all'ingrosso. Il produttore offre servizi di personalizzazione come la stampa del LOGO con un ordine minimo di 500 pezzi, rendendolo una scelta popolare per i regali promozionali.<\/p>\n\n\n\n<p>La produzione su scala industriale offre a questa unit\u00e0 USB un vantaggio significativo in termini di prezzo, con prezzi unitari di gran lunga inferiori a quelli di unit\u00e0 USB intelligenti simili, perfetti per gli acquisti in grandi quantit\u00e0. Offre colori di base come il rosso, il blu, il nero e l'argento per soddisfare esigenze personalizzate. Per le aziende, l'acquisto all'ingrosso non solo consente di ottenere prezzi pi\u00f9 bassi, ma anche di stampare sull'involucro il LOGO del marchio o motivi esclusivi grazie alla personalizzazione in fabbrica, rendendola un regalo promozionale o aziendale conveniente.<\/p>\n\n\n\n<div class=\"wp-block-columns is-layout-flex wp-container-core-columns-is-layout-28f84493 wp-block-columns-is-layout-flex\">\n<div class=\"wp-block-column is-layout-flow wp-block-column-is-layout-flow\">\n<figure class=\"wp-block-image size-full\"><img alt=\"\" decoding=\"async\" width=\"800\" height=\"800\" src=\"https:\/\/www.usborkeychain.com\/wp-content\/uploads\/usb-flash-drive-for-android-phone-usb3.0.jpg\" class=\"wp-image-3718\" srcset=\"https:\/\/www.usborkeychain.com\/wp-content\/uploads\/usb-flash-drive-for-android-phone-usb3.0.jpg 800w, https:\/\/www.usborkeychain.com\/wp-content\/uploads\/usb-flash-drive-for-android-phone-usb3.0-300x300.jpg 300w, https:\/\/www.usborkeychain.com\/wp-content\/uploads\/usb-flash-drive-for-android-phone-usb3.0-150x150.jpg 150w, https:\/\/www.usborkeychain.com\/wp-content\/uploads\/usb-flash-drive-for-android-phone-usb3.0-768x768.jpg 768w, https:\/\/www.usborkeychain.com\/wp-content\/uploads\/usb-flash-drive-for-android-phone-usb3.0-12x12.jpg 12w, https:\/\/www.usborkeychain.com\/wp-content\/uploads\/usb-flash-drive-for-android-phone-usb3.0-600x600.jpg 600w, https:\/\/www.usborkeychain.com\/wp-content\/uploads\/usb-flash-drive-for-android-phone-usb3.0-100x100.jpg 100w\" sizes=\"(max-width: 800px) 100vw, 800px\" \/><\/figure>\n<\/div>\n\n\n\n<div class=\"wp-block-column is-layout-flow wp-block-column-is-layout-flow\">\n<figure class=\"wp-block-image size-full\"><img alt=\"\" decoding=\"async\" width=\"800\" height=\"800\" src=\"https:\/\/www.usborkeychain.com\/wp-content\/uploads\/usb-flash-drive-for-android-phone-size.jpg\" class=\"wp-image-3717\" srcset=\"https:\/\/www.usborkeychain.com\/wp-content\/uploads\/usb-flash-drive-for-android-phone-size.jpg 800w, https:\/\/www.usborkeychain.com\/wp-content\/uploads\/usb-flash-drive-for-android-phone-size-300x300.jpg 300w, https:\/\/www.usborkeychain.com\/wp-content\/uploads\/usb-flash-drive-for-android-phone-size-150x150.jpg 150w, https:\/\/www.usborkeychain.com\/wp-content\/uploads\/usb-flash-drive-for-android-phone-size-768x768.jpg 768w, https:\/\/www.usborkeychain.com\/wp-content\/uploads\/usb-flash-drive-for-android-phone-size-12x12.jpg 12w, https:\/\/www.usborkeychain.com\/wp-content\/uploads\/usb-flash-drive-for-android-phone-size-600x600.jpg 600w, https:\/\/www.usborkeychain.com\/wp-content\/uploads\/usb-flash-drive-for-android-phone-size-100x100.jpg 100w\" sizes=\"(max-width: 800px) 100vw, 800px\" \/><\/figure>\n<\/div>\n<\/div>\n\n\n\n<h2 class=\"wp-block-heading\">2. Parametri del nucleo: Clip in lega di zinco + corpo in ABS<\/h2>\n\n\n\n<p>La clip metallica \u00e8 realizzata in lega di zinco, testata per resistere a 5.000 cicli di apertura\/chiusura senza deformazioni, per afferrare saldamente vari oggetti. Il corpo in plastica \u00e8 realizzato in materiale ABS ad alta resistenza, resistente alle cadute e testato per non subire danni dopo una caduta di 1,5 metri. La struttura rotante a 360\u00b0 \u00e8 ottimizzata per uno smorzamento moderato, garantendo stabilit\u00e0 durante l'uso e una facile regolazione dell'angolo per la portabilit\u00e0.<\/p>\n\n\n\n<figure class=\"wp-block-table\"><table class=\"has-fixed-layout\"><thead><tr><th>Parametro<\/th><th>Specifiche<\/th><\/tr><\/thead><tbody><tr><td>Interfaccia<\/td><td>Micro USB (Android)<\/td><\/tr><tr><td>Capacit\u00e0<\/td><td>8\/16\/32\/64GB (personalizzabile)<\/td><\/tr><tr><td>Materiale<\/td><td>Clip in lega di zinco + plastica ABS<\/td><\/tr><tr><td>Design<\/td><td>Rotazione a 360\u00b0, peso leggero di 12 g, resistenza alle cadute da 1,5 m<\/td><\/tr><tr><td>Velocit\u00e0<\/td><td>Lettura: 10MB\/s, scrittura: 5MB\/s (USB 2.0)<\/td><\/tr><\/tbody><\/table><\/figure>\n\n\n\n<h2 class=\"wp-block-heading\">3. Compatibilit\u00e0 dell'interfaccia: Connessione diretta con Android, adattatore per uso universale<\/h2>\n\n\n\n<p>Dotato di un'interfaccia Micro USB standard per il trasferimento diretto di dati plug-and-play con i telefoni Android. Gli utenti Apple\/Lightning\/Type-C devono acquistare un adattatore separatamente (richiede che il dispositivo supporti OTG). Il produttore fornisce indicazioni sulla compatibilit\u00e0.<\/p>\n\n\n\n<p>Nota: quando si utilizza un adattatore, verificare che il dispositivo supporti la funzione OTG (On-The-Go), abilitata per impostazione predefinita sulla maggior parte dei modelli mainstream.<\/p>\n\n\n\n<div class=\"wp-block-columns is-layout-flex wp-container-core-columns-is-layout-28f84493 wp-block-columns-is-layout-flex\">\n<div class=\"wp-block-column is-layout-flow wp-block-column-is-layout-flow\">\n<figure class=\"wp-block-image size-full\"><img alt=\"\" loading=\"lazy\" decoding=\"async\" width=\"800\" height=\"800\" src=\"https:\/\/www.usborkeychain.com\/wp-content\/uploads\/green-flash-drive-for-android-phone.jpg\" class=\"wp-image-3714\" srcset=\"https:\/\/www.usborkeychain.com\/wp-content\/uploads\/green-flash-drive-for-android-phone.jpg 800w, https:\/\/www.usborkeychain.com\/wp-content\/uploads\/green-flash-drive-for-android-phone-300x300.jpg 300w, https:\/\/www.usborkeychain.com\/wp-content\/uploads\/green-flash-drive-for-android-phone-150x150.jpg 150w, https:\/\/www.usborkeychain.com\/wp-content\/uploads\/green-flash-drive-for-android-phone-768x768.jpg 768w, https:\/\/www.usborkeychain.com\/wp-content\/uploads\/green-flash-drive-for-android-phone-12x12.jpg 12w, https:\/\/www.usborkeychain.com\/wp-content\/uploads\/green-flash-drive-for-android-phone-600x600.jpg 600w, https:\/\/www.usborkeychain.com\/wp-content\/uploads\/green-flash-drive-for-android-phone-100x100.jpg 100w\" sizes=\"(max-width: 800px) 100vw, 800px\" \/><\/figure>\n<\/div>\n\n\n\n<div class=\"wp-block-column is-layout-flow wp-block-column-is-layout-flow\">\n<figure class=\"wp-block-image size-full\"><img alt=\"\" loading=\"lazy\" decoding=\"async\" width=\"800\" height=\"800\" src=\"https:\/\/www.usborkeychain.com\/wp-content\/uploads\/blue-twist-flash-drive-for-android-phone.jpg\" class=\"wp-image-3713\" srcset=\"https:\/\/www.usborkeychain.com\/wp-content\/uploads\/blue-twist-flash-drive-for-android-phone.jpg 800w, https:\/\/www.usborkeychain.com\/wp-content\/uploads\/blue-twist-flash-drive-for-android-phone-300x300.jpg 300w, https:\/\/www.usborkeychain.com\/wp-content\/uploads\/blue-twist-flash-drive-for-android-phone-150x150.jpg 150w, https:\/\/www.usborkeychain.com\/wp-content\/uploads\/blue-twist-flash-drive-for-android-phone-768x768.jpg 768w, https:\/\/www.usborkeychain.com\/wp-content\/uploads\/blue-twist-flash-drive-for-android-phone-12x12.jpg 12w, https:\/\/www.usborkeychain.com\/wp-content\/uploads\/blue-twist-flash-drive-for-android-phone-600x600.jpg 600w, https:\/\/www.usborkeychain.com\/wp-content\/uploads\/blue-twist-flash-drive-for-android-phone-100x100.jpg 100w\" sizes=\"(max-width: 800px) 100vw, 800px\" \/><\/figure>\n<\/div>\n\n\n\n<div class=\"wp-block-column is-layout-flow wp-block-column-is-layout-flow\">\n<figure class=\"wp-block-image size-full\"><img alt=\"\" loading=\"lazy\" decoding=\"async\" width=\"800\" height=\"800\" src=\"https:\/\/www.usborkeychain.com\/wp-content\/uploads\/black-twist-flash-drive-for-android-phone.jpg\" class=\"wp-image-3712\" srcset=\"https:\/\/www.usborkeychain.com\/wp-content\/uploads\/black-twist-flash-drive-for-android-phone.jpg 800w, https:\/\/www.usborkeychain.com\/wp-content\/uploads\/black-twist-flash-drive-for-android-phone-300x300.jpg 300w, https:\/\/www.usborkeychain.com\/wp-content\/uploads\/black-twist-flash-drive-for-android-phone-150x150.jpg 150w, https:\/\/www.usborkeychain.com\/wp-content\/uploads\/black-twist-flash-drive-for-android-phone-768x768.jpg 768w, https:\/\/www.usborkeychain.com\/wp-content\/uploads\/black-twist-flash-drive-for-android-phone-12x12.jpg 12w, https:\/\/www.usborkeychain.com\/wp-content\/uploads\/black-twist-flash-drive-for-android-phone-600x600.jpg 600w, https:\/\/www.usborkeychain.com\/wp-content\/uploads\/black-twist-flash-drive-for-android-phone-100x100.jpg 100w\" sizes=\"(max-width: 800px) 100vw, 800px\" \/><\/figure>\n<\/div>\n<\/div>\n\n\n\n<div class=\"wp-block-columns is-layout-flex wp-container-core-columns-is-layout-28f84493 wp-block-columns-is-layout-flex\">\n<div class=\"wp-block-column is-layout-flow wp-block-column-is-layout-flow\">\n<figure class=\"wp-block-image size-full\"><img alt=\"\" loading=\"lazy\" decoding=\"async\" width=\"800\" height=\"800\" src=\"https:\/\/www.usborkeychain.com\/wp-content\/uploads\/yellow-flash-drive-for-android-phone.jpg\" class=\"wp-image-3721\" srcset=\"https:\/\/www.usborkeychain.com\/wp-content\/uploads\/yellow-flash-drive-for-android-phone.jpg 800w, https:\/\/www.usborkeychain.com\/wp-content\/uploads\/yellow-flash-drive-for-android-phone-300x300.jpg 300w, https:\/\/www.usborkeychain.com\/wp-content\/uploads\/yellow-flash-drive-for-android-phone-150x150.jpg 150w, https:\/\/www.usborkeychain.com\/wp-content\/uploads\/yellow-flash-drive-for-android-phone-768x768.jpg 768w, https:\/\/www.usborkeychain.com\/wp-content\/uploads\/yellow-flash-drive-for-android-phone-12x12.jpg 12w, https:\/\/www.usborkeychain.com\/wp-content\/uploads\/yellow-flash-drive-for-android-phone-600x600.jpg 600w, https:\/\/www.usborkeychain.com\/wp-content\/uploads\/yellow-flash-drive-for-android-phone-100x100.jpg 100w\" sizes=\"(max-width: 800px) 100vw, 800px\" \/><\/figure>\n<\/div>\n\n\n\n<div class=\"wp-block-column is-layout-flow wp-block-column-is-layout-flow\">\n<figure class=\"wp-block-image size-full\"><img alt=\"\" loading=\"lazy\" decoding=\"async\" width=\"800\" height=\"800\" src=\"https:\/\/www.usborkeychain.com\/wp-content\/uploads\/white-flash-drive-for-android-phone.jpg\" class=\"wp-image-3720\" srcset=\"https:\/\/www.usborkeychain.com\/wp-content\/uploads\/white-flash-drive-for-android-phone.jpg 800w, https:\/\/www.usborkeychain.com\/wp-content\/uploads\/white-flash-drive-for-android-phone-300x300.jpg 300w, https:\/\/www.usborkeychain.com\/wp-content\/uploads\/white-flash-drive-for-android-phone-150x150.jpg 150w, https:\/\/www.usborkeychain.com\/wp-content\/uploads\/white-flash-drive-for-android-phone-768x768.jpg 768w, https:\/\/www.usborkeychain.com\/wp-content\/uploads\/white-flash-drive-for-android-phone-12x12.jpg 12w, https:\/\/www.usborkeychain.com\/wp-content\/uploads\/white-flash-drive-for-android-phone-600x600.jpg 600w, https:\/\/www.usborkeychain.com\/wp-content\/uploads\/white-flash-drive-for-android-phone-100x100.jpg 100w\" sizes=\"(max-width: 800px) 100vw, 800px\" \/><\/figure>\n<\/div>\n\n\n\n<div class=\"wp-block-column is-layout-flow wp-block-column-is-layout-flow\">\n<figure class=\"wp-block-image size-full\"><img alt=\"\" loading=\"lazy\" decoding=\"async\" width=\"800\" height=\"800\" src=\"https:\/\/www.usborkeychain.com\/wp-content\/uploads\/red-usb-flash-drive-for-android-phone.jpg\" class=\"wp-image-3715\" srcset=\"https:\/\/www.usborkeychain.com\/wp-content\/uploads\/red-usb-flash-drive-for-android-phone.jpg 800w, https:\/\/www.usborkeychain.com\/wp-content\/uploads\/red-usb-flash-drive-for-android-phone-300x300.jpg 300w, https:\/\/www.usborkeychain.com\/wp-content\/uploads\/red-usb-flash-drive-for-android-phone-150x150.jpg 150w, https:\/\/www.usborkeychain.com\/wp-content\/uploads\/red-usb-flash-drive-for-android-phone-768x768.jpg 768w, https:\/\/www.usborkeychain.com\/wp-content\/uploads\/red-usb-flash-drive-for-android-phone-12x12.jpg 12w, https:\/\/www.usborkeychain.com\/wp-content\/uploads\/red-usb-flash-drive-for-android-phone-600x600.jpg 600w, https:\/\/www.usborkeychain.com\/wp-content\/uploads\/red-usb-flash-drive-for-android-phone-100x100.jpg 100w\" sizes=\"(max-width: 800px) 100vw, 800px\" \/><\/figure>\n<\/div>\n<\/div>\n\n\n\n<h2 class=\"wp-block-heading\">4. Opzioni di colore e personalizzazione<\/h2>\n\n\n\n<p>Tutti i colori utilizzano la tecnologia di spruzzatura UV per un'elevata lucentezza e resistenza allo sbiadimento. Il design della clip rotante a 360\u00b0 migliora la portabilit\u00e0 e mette in mostra i colori da tutte le angolazioni, consentendo agli utenti di scegliere in base agli outfit o agli scenari quotidiani.<\/p>\n\n\n\n<p>Per i clienti aziendali o gli acquirenti di grandi quantit\u00e0, il produttore offre servizi di personalizzazione flessibili:<\/p>\n\n\n\n<ul class=\"wp-block-list\">\n<li><strong>Personalizzazione del colore<\/strong>: Supporta la personalizzazione della scheda colori Pantone con un ordine minimo di 1.000 pezzi (codice colore o campione richiesto).<\/li>\n\n\n\n<li><strong>Stampa LOGO<\/strong>: Logo del marchio serigrafato o inciso al laser sul corpo o sulla clip, con un ordine minimo di 100 pezzi.<\/li>\n\n\n\n<li><strong>Personalizzazione dell'imballaggio<\/strong>: Fornisce imballaggi neutri, scatole colorate, scatole regalo, ecc.<\/li>\n<\/ul>\n\n\n\n<p>Il processo di personalizzazione \u00e8 efficiente, con servizi di prova del design offerti. La consegna in grandi quantit\u00e0 \u00e8 disponibile entro 7-15 giorni lavorativi dalla conferma del campione, per rispondere rapidamente alle esigenze di regali aziendali o di modelli esclusivi per l'e-commerce.<\/p>","protected":false},"excerpt":{"rendered":"<ul>\n<li>USB OTG<\/li>\n<li>Stili di Twsit<\/li>\n<li>Molti colori possono essere scelti<\/li>\n<li>Logo personalizzato<\/li>\n<li>Compatibile con Android<\/li>\n<\/ul>","protected":false},"featured_media":3716,"comment_status":"open","ping_status":"closed","template":"","meta":{"_seopress_robots_primary_cat":"","_seopress_titles_title":"","_seopress_titles_desc":"","_seopress_robots_index":"","site-sidebar-layout":"default","site-content-layout":"","ast-site-content-layout":"","site-content-style":"default","site-sidebar-style":"default","ast-global-header-display":"","ast-banner-title-visibility":"","ast-main-header-display":"","ast-hfb-above-header-display":"","ast-hfb-below-header-display":"","ast-hfb-mobile-header-display":"","site-post-title":"","ast-breadcrumbs-content":"","ast-featured-img":"","footer-sml-layout":"","theme-transparent-header-meta":"","adv-header-id-meta":"","stick-header-meta":"","header-above-stick-meta":"","header-main-stick-meta":"","header-below-stick-meta":"","astra-migrate-meta-layouts":"default","ast-page-background-enabled":"default","ast-page-background-meta":{"desktop":{"background-color":"var(--ast-global-color-5)","background-image":"","background-repeat":"repeat","background-position":"center center","background-size":"auto","background-attachment":"scroll","background-type":"","background-media":"","overlay-type":"","overlay-color":"","overlay-opacity":"","overlay-gradient":""},"tablet":{"background-color":"","background-image":"","background-repeat":"repeat","background-position":"center center","background-size":"auto","background-attachment":"scroll","background-type":"","background-media":"","overlay-type":"","overlay-color":"","overlay-opacity":"","overlay-gradient":""},"mobile":{"background-color":"","background-image":"","background-repeat":"repeat","background-position":"center center","background-size":"auto","background-attachment":"scroll","background-type":"","background-media":"","overlay-type":"","overlay-color":"","overlay-opacity":"","overlay-gradient":""}},"ast-content-background-meta":{"desktop":{"background-color":"var(--ast-global-color-4)","background-image":"","background-repeat":"repeat","background-position":"center center","background-size":"auto","background-attachment":"scroll","background-type":"","background-media":"","overlay-type":"","overlay-color":"","overlay-opacity":"","overlay-gradient":""},"tablet":{"background-color":"var(--ast-global-color-4)","background-image":"","background-repeat":"repeat","background-position":"center center","background-size":"auto","background-attachment":"scroll","background-type":"","background-media":"","overlay-type":"","overlay-color":"","overlay-opacity":"","overlay-gradient":""},"mobile":{"background-color":"var(--ast-global-color-4)","background-image":"","background-repeat":"repeat","background-position":"center center","background-size":"auto","background-attachment":"scroll","background-type":"","background-media":"","overlay-type":"","overlay-color":"","overlay-opacity":"","overlay-gradient":""}}},"product_brand":[],"product_cat":[106,105],"product_tag":[209,405],"class_list":{"0":"post-3709","1":"product","2":"type-product","3":"status-publish","4":"has-post-thumbnail","6":"product_cat-rotating-usb-pendrive","7":"product_cat-usb-c-pendrive","8":"product_tag-otg-usb-drives","9":"product_tag-plastic-rotating-usb-drive","10":"desktop-align-left","11":"tablet-align-left","12":"mobile-align-left","14":"first","15":"instock","16":"shipping-taxable","17":"product-type-simple"},"_links":{"self":[{"href":"https:\/\/www.usborkeychain.com\/it\/wp-json\/wp\/v2\/product\/3709","targetHints":{"allow":["GET"]}}],"collection":[{"href":"https:\/\/www.usborkeychain.com\/it\/wp-json\/wp\/v2\/product"}],"about":[{"href":"https:\/\/www.usborkeychain.com\/it\/wp-json\/wp\/v2\/types\/product"}],"replies":[{"embeddable":true,"href":"https:\/\/www.usborkeychain.com\/it\/wp-json\/wp\/v2\/comments?post=3709"}],"wp:featuredmedia":[{"embeddable":true,"href":"https:\/\/www.usborkeychain.com\/it\/wp-json\/wp\/v2\/media\/3716"}],"wp:attachment":[{"href":"https:\/\/www.usborkeychain.com\/it\/wp-json\/wp\/v2\/media?parent=3709"}],"wp:term":[{"taxonomy":"product_brand","embeddable":true,"href":"https:\/\/www.usborkeychain.com\/it\/wp-json\/wp\/v2\/product_brand?post=3709"},{"taxonomy":"product_cat","embeddable":true,"href":"https:\/\/www.usborkeychain.com\/it\/wp-json\/wp\/v2\/product_cat?post=3709"},{"taxonomy":"product_tag","embeddable":true,"href":"https:\/\/www.usborkeychain.com\/it\/wp-json\/wp\/v2\/product_tag?post=3709"}],"curies":[{"name":"wp","href":"https:\/\/api.w.org\/{rel}","templated":true}]}}