{"id":3724,"date":"2025-07-03T01:28:35","date_gmt":"2025-07-03T01:28:35","guid":{"rendered":"https:\/\/www.usborkeychain.com\/?post_type=product&#038;p=3724"},"modified":"2025-08-14T12:24:23","modified_gmt":"2025-08-14T12:24:23","slug":"degradable-ultra-thin-circular-usb-flash-drive","status":"publish","type":"product","link":"https:\/\/www.usborkeychain.com\/it\/prodotto\/degradable-ultra-thin-circular-usb-flash-drive\/","title":{"rendered":"Chiavetta USB circolare ultrasottile degradabile"},"content":{"rendered":"<div class=\"wp-block-columns is-layout-flex wp-container-core-columns-is-layout-28f84493 wp-block-columns-is-layout-flex\">\n<div class=\"wp-block-column is-layout-flow wp-block-column-is-layout-flow\">\n<figure class=\"wp-block-image size-full\"><img alt=\"\" fetchpriority=\"high\" decoding=\"async\" width=\"800\" height=\"800\" src=\"https:\/\/www.usborkeychain.com\/wp-content\/uploads\/Eco-friendly-Degradable-USB-Flash-Drive-Circular-Card-Style.jpg\" class=\"wp-image-3732\" srcset=\"https:\/\/www.usborkeychain.com\/wp-content\/uploads\/Eco-friendly-Degradable-USB-Flash-Drive-Circular-Card-Style.jpg 800w, https:\/\/www.usborkeychain.com\/wp-content\/uploads\/Eco-friendly-Degradable-USB-Flash-Drive-Circular-Card-Style-300x300.jpg 300w, https:\/\/www.usborkeychain.com\/wp-content\/uploads\/Eco-friendly-Degradable-USB-Flash-Drive-Circular-Card-Style-150x150.jpg 150w, https:\/\/www.usborkeychain.com\/wp-content\/uploads\/Eco-friendly-Degradable-USB-Flash-Drive-Circular-Card-Style-768x768.jpg 768w, https:\/\/www.usborkeychain.com\/wp-content\/uploads\/Eco-friendly-Degradable-USB-Flash-Drive-Circular-Card-Style-12x12.jpg 12w, https:\/\/www.usborkeychain.com\/wp-content\/uploads\/Eco-friendly-Degradable-USB-Flash-Drive-Circular-Card-Style-600x600.jpg 600w, https:\/\/www.usborkeychain.com\/wp-content\/uploads\/Eco-friendly-Degradable-USB-Flash-Drive-Circular-Card-Style-100x100.jpg 100w\" sizes=\"(max-width: 800px) 100vw, 800px\" \/><\/figure>\n<\/div>\n\n\n\n<div class=\"wp-block-column is-vertically-aligned-center is-layout-flow wp-block-column-is-layout-flow\">\n<p>Con il continuo miglioramento della consapevolezza ambientale, i produttori di unit\u00e0 flash USB hanno recentemente lanciato questa unit\u00e0 flash USB circolare ecologica e degradabile. <\/p>\n\n\n\n<p>Questo prodotto presenta un design ultrasottile a forma di scheda circolare, con uno spessore di soli 3 mm, un diametro di 50 mm e un peso di circa 8 g, che lo rende compatto, portatile e facile da riporre.<\/p>\n<\/div>\n<\/div>\n\n\n\n<h2 class=\"wp-block-heading\">Qual \u00e8 il materiale della chiavetta USB circolare degradabile?<\/h2>\n\n\n\n<p>La chiavetta USB circolare degradabile \u00e8 realizzata in materiale ecologico come la paglia di grano, lavorata con una tecnologia speciale. Questo materiale \u00e8 conforme agli standard ambientali internazionali e pu\u00f2 raggiungere una degradazione superiore a 90% entro 180 giorni in un ambiente naturale. La superficie dell'USB \u00e8 smerigliata per resistere all'usura e ai graffi. Il design in stile carta, con un diametro di 50 mm e uno spessore di 3 mm, pu\u00f2 essere facilmente inserito nei portafogli o nei portacarte, evitando di appesantire il trasporto quotidiano e bilanciando la protezione dell'ambiente e la durata.<\/p>\n\n\n\n<div class=\"wp-block-columns is-layout-flex wp-container-core-columns-is-layout-28232c24 wp-block-columns-is-layout-flex\">\n<div class=\"wp-block-column is-layout-flow wp-block-column-is-layout-flow\">\n<figure class=\"wp-block-image size-full\"><img alt=\"\" decoding=\"async\" width=\"800\" height=\"800\" src=\"https:\/\/www.usborkeychain.com\/wp-content\/uploads\/Degradable-Card-style-USB-Flash-Drive-Circular-Wheat-Straw.jpg\" class=\"wp-image-3730\" srcset=\"https:\/\/www.usborkeychain.com\/wp-content\/uploads\/Degradable-Card-style-USB-Flash-Drive-Circular-Wheat-Straw.jpg 800w, https:\/\/www.usborkeychain.com\/wp-content\/uploads\/Degradable-Card-style-USB-Flash-Drive-Circular-Wheat-Straw-300x300.jpg 300w, https:\/\/www.usborkeychain.com\/wp-content\/uploads\/Degradable-Card-style-USB-Flash-Drive-Circular-Wheat-Straw-150x150.jpg 150w, https:\/\/www.usborkeychain.com\/wp-content\/uploads\/Degradable-Card-style-USB-Flash-Drive-Circular-Wheat-Straw-768x768.jpg 768w, https:\/\/www.usborkeychain.com\/wp-content\/uploads\/Degradable-Card-style-USB-Flash-Drive-Circular-Wheat-Straw-12x12.jpg 12w, https:\/\/www.usborkeychain.com\/wp-content\/uploads\/Degradable-Card-style-USB-Flash-Drive-Circular-Wheat-Straw-600x600.jpg 600w, https:\/\/www.usborkeychain.com\/wp-content\/uploads\/Degradable-Card-style-USB-Flash-Drive-Circular-Wheat-Straw-100x100.jpg 100w\" sizes=\"(max-width: 800px) 100vw, 800px\" \/><\/figure>\n<\/div>\n\n\n\n<div class=\"wp-block-column is-layout-flow wp-block-column-is-layout-flow\">\n<figure class=\"wp-block-image size-full\"><img alt=\"\" decoding=\"async\" width=\"800\" height=\"800\" src=\"https:\/\/www.usborkeychain.com\/wp-content\/uploads\/Circular-Degradable-USB-Flash-Drive-Wheat-Straw-Card-Design.jpg\" class=\"wp-image-3729\" srcset=\"https:\/\/www.usborkeychain.com\/wp-content\/uploads\/Circular-Degradable-USB-Flash-Drive-Wheat-Straw-Card-Design.jpg 800w, https:\/\/www.usborkeychain.com\/wp-content\/uploads\/Circular-Degradable-USB-Flash-Drive-Wheat-Straw-Card-Design-300x300.jpg 300w, https:\/\/www.usborkeychain.com\/wp-content\/uploads\/Circular-Degradable-USB-Flash-Drive-Wheat-Straw-Card-Design-150x150.jpg 150w, https:\/\/www.usborkeychain.com\/wp-content\/uploads\/Circular-Degradable-USB-Flash-Drive-Wheat-Straw-Card-Design-768x768.jpg 768w, https:\/\/www.usborkeychain.com\/wp-content\/uploads\/Circular-Degradable-USB-Flash-Drive-Wheat-Straw-Card-Design-12x12.jpg 12w, https:\/\/www.usborkeychain.com\/wp-content\/uploads\/Circular-Degradable-USB-Flash-Drive-Wheat-Straw-Card-Design-600x600.jpg 600w, https:\/\/www.usborkeychain.com\/wp-content\/uploads\/Circular-Degradable-USB-Flash-Drive-Wheat-Straw-Card-Design-100x100.jpg 100w\" sizes=\"(max-width: 800px) 100vw, 800px\" \/><\/figure>\n<\/div>\n\n\n\n<div class=\"wp-block-column is-layout-flow wp-block-column-is-layout-flow\">\n<figure class=\"wp-block-image size-full\"><img alt=\"\" loading=\"lazy\" decoding=\"async\" width=\"800\" height=\"800\" src=\"https:\/\/www.usborkeychain.com\/wp-content\/uploads\/Circular-Card-style-Degradable-USB-Flash-Drive-Wheat-Straw.jpg\" class=\"wp-image-3728\" srcset=\"https:\/\/www.usborkeychain.com\/wp-content\/uploads\/Circular-Card-style-Degradable-USB-Flash-Drive-Wheat-Straw.jpg 800w, https:\/\/www.usborkeychain.com\/wp-content\/uploads\/Circular-Card-style-Degradable-USB-Flash-Drive-Wheat-Straw-300x300.jpg 300w, https:\/\/www.usborkeychain.com\/wp-content\/uploads\/Circular-Card-style-Degradable-USB-Flash-Drive-Wheat-Straw-150x150.jpg 150w, https:\/\/www.usborkeychain.com\/wp-content\/uploads\/Circular-Card-style-Degradable-USB-Flash-Drive-Wheat-Straw-768x768.jpg 768w, https:\/\/www.usborkeychain.com\/wp-content\/uploads\/Circular-Card-style-Degradable-USB-Flash-Drive-Wheat-Straw-12x12.jpg 12w, https:\/\/www.usborkeychain.com\/wp-content\/uploads\/Circular-Card-style-Degradable-USB-Flash-Drive-Wheat-Straw-600x600.jpg 600w, https:\/\/www.usborkeychain.com\/wp-content\/uploads\/Circular-Card-style-Degradable-USB-Flash-Drive-Wheat-Straw-100x100.jpg 100w\" sizes=\"(max-width: 800px) 100vw, 800px\" \/><\/figure>\n<\/div>\n<\/div>\n\n\n\n<h2 class=\"wp-block-heading\">Quale chip per la chiavetta USB circolare degradabile?<\/h2>\n\n\n\n<p>In termini di configurazione di base, l'unit\u00e0 flash USB circolare e degradabile \u00e8 dotata di un chip UDP impermeabile, che offre la doppia interfaccia USB2.0 e USB3.0. L'interfaccia USB2.0 ha una velocit\u00e0 di lettura fino a 15MB\/s e una velocit\u00e0 di scrittura di circa 5MB\/s; l'interfaccia USB3.0 raggiunge una velocit\u00e0 massima di lettura di 100MB\/s e una velocit\u00e0 di scrittura di 25MB\/s, soddisfacendo diverse esigenze di trasmissione dati. Nel frattempo, l'unit\u00e0 flash USB supporta diverse capacit\u00e0 di archiviazione, da 8 GB a 128 GB, ed \u00e8 impermeabile a livello IPX4, garantendo la sicurezza dei dati anche in caso di schizzi accidentali.<\/p>\n\n\n\n<div class=\"wp-block-columns is-layout-flex wp-container-core-columns-is-layout-9c22b1e3 wp-block-columns-is-layout-flex\">\n<div class=\"wp-block-column is-layout-flow wp-block-column-is-layout-flow\">\n<figure class=\"wp-block-image size-full\"><img alt=\"\" loading=\"lazy\" decoding=\"async\" width=\"800\" height=\"800\" src=\"https:\/\/www.usborkeychain.com\/wp-content\/uploads\/Recycled-Paper-Disk-Flash-Drive-china-factory-600x600-1.jpg\" class=\"wp-image-3735\" srcset=\"https:\/\/www.usborkeychain.com\/wp-content\/uploads\/Recycled-Paper-Disk-Flash-Drive-china-factory-600x600-1.jpg 800w, https:\/\/www.usborkeychain.com\/wp-content\/uploads\/Recycled-Paper-Disk-Flash-Drive-china-factory-600x600-1-300x300.jpg 300w, https:\/\/www.usborkeychain.com\/wp-content\/uploads\/Recycled-Paper-Disk-Flash-Drive-china-factory-600x600-1-150x150.jpg 150w, https:\/\/www.usborkeychain.com\/wp-content\/uploads\/Recycled-Paper-Disk-Flash-Drive-china-factory-600x600-1-768x768.jpg 768w, https:\/\/www.usborkeychain.com\/wp-content\/uploads\/Recycled-Paper-Disk-Flash-Drive-china-factory-600x600-1-12x12.jpg 12w, https:\/\/www.usborkeychain.com\/wp-content\/uploads\/Recycled-Paper-Disk-Flash-Drive-china-factory-600x600-1-600x600.jpg 600w, https:\/\/www.usborkeychain.com\/wp-content\/uploads\/Recycled-Paper-Disk-Flash-Drive-china-factory-600x600-1-100x100.jpg 100w\" sizes=\"(max-width: 800px) 100vw, 800px\" \/><\/figure>\n<\/div>\n\n\n\n<div class=\"wp-block-column is-layout-flow wp-block-column-is-layout-flow\">\n<figure class=\"wp-block-image size-full\"><img alt=\"\" fetchpriority=\"high\" decoding=\"async\" width=\"800\" height=\"800\" src=\"https:\/\/www.usborkeychain.com\/wp-content\/uploads\/Eco-friendly-Degradable-USB-Flash-Drive-Circular-Card-Style.jpg\" class=\"wp-image-3732\" srcset=\"https:\/\/www.usborkeychain.com\/wp-content\/uploads\/Eco-friendly-Degradable-USB-Flash-Drive-Circular-Card-Style.jpg 800w, https:\/\/www.usborkeychain.com\/wp-content\/uploads\/Eco-friendly-Degradable-USB-Flash-Drive-Circular-Card-Style-300x300.jpg 300w, https:\/\/www.usborkeychain.com\/wp-content\/uploads\/Eco-friendly-Degradable-USB-Flash-Drive-Circular-Card-Style-150x150.jpg 150w, https:\/\/www.usborkeychain.com\/wp-content\/uploads\/Eco-friendly-Degradable-USB-Flash-Drive-Circular-Card-Style-768x768.jpg 768w, https:\/\/www.usborkeychain.com\/wp-content\/uploads\/Eco-friendly-Degradable-USB-Flash-Drive-Circular-Card-Style-12x12.jpg 12w, https:\/\/www.usborkeychain.com\/wp-content\/uploads\/Eco-friendly-Degradable-USB-Flash-Drive-Circular-Card-Style-600x600.jpg 600w, https:\/\/www.usborkeychain.com\/wp-content\/uploads\/Eco-friendly-Degradable-USB-Flash-Drive-Circular-Card-Style-100x100.jpg 100w\" sizes=\"(max-width: 800px) 100vw, 800px\" \/><\/figure>\n<\/div>\n<\/div>\n\n\n\n<h2 class=\"wp-block-heading\">Per quali scenari \u00e8 adatta la chiavetta USB circolare degradabile?<\/h2>\n\n\n\n<p>La chiavetta USB circolare degradabile offre un'ampia gamma di scenari applicativi. Le imprese possono presentare con precisione contenuti personalizzati come loghi del marchio e slogan promozionali attraverso processi come l'incisione laser e la serigrafia. Per le aziende agricole, forestali e di protezione ambientale, le chiavette USB personalizzate possono essere utilizzate in scenari quali incontri con i clienti, promozioni fieristiche e premi per i dipendenti. Prendiamo ad esempio un'azienda forestale: dopo aver personalizzato 1.000 unit\u00e0 come regali per i clienti, l'esposizione del marchio \u00e8 aumentata di 30%, migliorando efficacemente la fidelizzazione dei clienti e l'immagine ambientale dell'azienda.<\/p>\n\n\n\n<div class=\"wp-block-columns is-layout-flex wp-container-core-columns-is-layout-9c22b1e3 wp-block-columns-is-layout-flex\">\n<div class=\"wp-block-column is-layout-flow wp-block-column-is-layout-flow\">\n<figure class=\"wp-block-image size-full\"><img alt=\"\" loading=\"lazy\" decoding=\"async\" width=\"800\" height=\"800\" src=\"https:\/\/www.usborkeychain.com\/wp-content\/uploads\/Eco-friendly-Wheat-Straw-Circular-USB-Flash-Drive-Card-style.jpg\" class=\"wp-image-3733\" srcset=\"https:\/\/www.usborkeychain.com\/wp-content\/uploads\/Eco-friendly-Wheat-Straw-Circular-USB-Flash-Drive-Card-style.jpg 800w, https:\/\/www.usborkeychain.com\/wp-content\/uploads\/Eco-friendly-Wheat-Straw-Circular-USB-Flash-Drive-Card-style-300x300.jpg 300w, https:\/\/www.usborkeychain.com\/wp-content\/uploads\/Eco-friendly-Wheat-Straw-Circular-USB-Flash-Drive-Card-style-150x150.jpg 150w, https:\/\/www.usborkeychain.com\/wp-content\/uploads\/Eco-friendly-Wheat-Straw-Circular-USB-Flash-Drive-Card-style-768x768.jpg 768w, https:\/\/www.usborkeychain.com\/wp-content\/uploads\/Eco-friendly-Wheat-Straw-Circular-USB-Flash-Drive-Card-style-12x12.jpg 12w, https:\/\/www.usborkeychain.com\/wp-content\/uploads\/Eco-friendly-Wheat-Straw-Circular-USB-Flash-Drive-Card-style-600x600.jpg 600w, https:\/\/www.usborkeychain.com\/wp-content\/uploads\/Eco-friendly-Wheat-Straw-Circular-USB-Flash-Drive-Card-style-100x100.jpg 100w\" sizes=\"(max-width: 800px) 100vw, 800px\" \/><\/figure>\n<\/div>\n\n\n\n<div class=\"wp-block-column is-layout-flow wp-block-column-is-layout-flow\">\n<figure class=\"wp-block-image size-full\"><img alt=\"\" loading=\"lazy\" decoding=\"async\" width=\"800\" height=\"800\" src=\"https:\/\/www.usborkeychain.com\/wp-content\/uploads\/Degradable-Ultra-thin-Circular-USB-Flash-Drive.jpg\" class=\"wp-image-3731\" srcset=\"https:\/\/www.usborkeychain.com\/wp-content\/uploads\/Degradable-Ultra-thin-Circular-USB-Flash-Drive.jpg 800w, https:\/\/www.usborkeychain.com\/wp-content\/uploads\/Degradable-Ultra-thin-Circular-USB-Flash-Drive-300x300.jpg 300w, https:\/\/www.usborkeychain.com\/wp-content\/uploads\/Degradable-Ultra-thin-Circular-USB-Flash-Drive-150x150.jpg 150w, https:\/\/www.usborkeychain.com\/wp-content\/uploads\/Degradable-Ultra-thin-Circular-USB-Flash-Drive-768x768.jpg 768w, https:\/\/www.usborkeychain.com\/wp-content\/uploads\/Degradable-Ultra-thin-Circular-USB-Flash-Drive-12x12.jpg 12w, https:\/\/www.usborkeychain.com\/wp-content\/uploads\/Degradable-Ultra-thin-Circular-USB-Flash-Drive-600x600.jpg 600w, https:\/\/www.usborkeychain.com\/wp-content\/uploads\/Degradable-Ultra-thin-Circular-USB-Flash-Drive-100x100.jpg 100w\" sizes=\"(max-width: 800px) 100vw, 800px\" \/><\/figure>\n<\/div>\n\n\n\n<div class=\"wp-block-column is-layout-flow wp-block-column-is-layout-flow\">\n<figure class=\"wp-block-image size-full\"><img alt=\"\" loading=\"lazy\" decoding=\"async\" width=\"800\" height=\"800\" src=\"https:\/\/www.usborkeychain.com\/wp-content\/uploads\/Card-style-Degradable-USB-Flash-Drive-Eco-friendly-Wheat-Straw.jpg\" class=\"wp-image-3727\" srcset=\"https:\/\/www.usborkeychain.com\/wp-content\/uploads\/Card-style-Degradable-USB-Flash-Drive-Eco-friendly-Wheat-Straw.jpg 800w, https:\/\/www.usborkeychain.com\/wp-content\/uploads\/Card-style-Degradable-USB-Flash-Drive-Eco-friendly-Wheat-Straw-300x300.jpg 300w, https:\/\/www.usborkeychain.com\/wp-content\/uploads\/Card-style-Degradable-USB-Flash-Drive-Eco-friendly-Wheat-Straw-150x150.jpg 150w, https:\/\/www.usborkeychain.com\/wp-content\/uploads\/Card-style-Degradable-USB-Flash-Drive-Eco-friendly-Wheat-Straw-768x768.jpg 768w, https:\/\/www.usborkeychain.com\/wp-content\/uploads\/Card-style-Degradable-USB-Flash-Drive-Eco-friendly-Wheat-Straw-12x12.jpg 12w, https:\/\/www.usborkeychain.com\/wp-content\/uploads\/Card-style-Degradable-USB-Flash-Drive-Eco-friendly-Wheat-Straw-600x600.jpg 600w, https:\/\/www.usborkeychain.com\/wp-content\/uploads\/Card-style-Degradable-USB-Flash-Drive-Eco-friendly-Wheat-Straw-100x100.jpg 100w\" sizes=\"(max-width: 800px) 100vw, 800px\" \/><\/figure>\n<\/div>\n<\/div>\n\n\n\n<p>Questa chiavetta USB ultrasottile circolare ecologica e degradabile, con il suo materiale ecologico di paglia di grano, il chip UDP ad alte prestazioni, le ricche opzioni di personalizzazione e l'applicabilit\u00e0 in pi\u00f9 scenari, \u00e8 diventata un prodotto di riferimento che unisce praticit\u00e0 e protezione ambientale nel mercato della personalizzazione USB. \u00c8 la scelta ideale per le aziende per trasmettere il valore del marchio e praticare i concetti di protezione ambientale.<\/p>","protected":false},"excerpt":{"rendered":"<ul>\n<li>Mini forma circolare<\/li>\n<li>Design in stile tessera<\/li>\n<li>Paglia di grano degradabile<\/li>\n<li>Sottile solo 3 mm<\/li>\n<li>UDP<\/li>\n<\/ul>","protected":false},"featured_media":3727,"comment_status":"open","ping_status":"closed","template":"","meta":{"_seopress_robots_primary_cat":"none","_seopress_titles_title":"","_seopress_titles_desc":"","_seopress_robots_index":"","site-sidebar-layout":"default","site-content-layout":"","ast-site-content-layout":"","site-content-style":"default","site-sidebar-style":"default","ast-global-header-display":"","ast-banner-title-visibility":"","ast-main-header-display":"","ast-hfb-above-header-display":"","ast-hfb-below-header-display":"","ast-hfb-mobile-header-display":"","site-post-title":"","ast-breadcrumbs-content":"","ast-featured-img":"","footer-sml-layout":"","theme-transparent-header-meta":"","adv-header-id-meta":"","stick-header-meta":"","header-above-stick-meta":"","header-main-stick-meta":"","header-below-stick-meta":"","astra-migrate-meta-layouts":"default","ast-page-background-enabled":"default","ast-page-background-meta":{"desktop":{"background-color":"var(--ast-global-color-5)","background-image":"","background-repeat":"repeat","background-position":"center center","background-size":"auto","background-attachment":"scroll","background-type":"","background-media":"","overlay-type":"","overlay-color":"","overlay-opacity":"","overlay-gradient":""},"tablet":{"background-color":"","background-image":"","background-repeat":"repeat","background-position":"center center","background-size":"auto","background-attachment":"scroll","background-type":"","background-media":"","overlay-type":"","overlay-color":"","overlay-opacity":"","overlay-gradient":""},"mobile":{"background-color":"","background-image":"","background-repeat":"repeat","background-position":"center center","background-size":"auto","background-attachment":"scroll","background-type":"","background-media":"","overlay-type":"","overlay-color":"","overlay-opacity":"","overlay-gradient":""}},"ast-content-background-meta":{"desktop":{"background-color":"var(--ast-global-color-4)","background-image":"","background-repeat":"repeat","background-position":"center center","background-size":"auto","background-attachment":"scroll","background-type":"","background-media":"","overlay-type":"","overlay-color":"","overlay-opacity":"","overlay-gradient":""},"tablet":{"background-color":"var(--ast-global-color-4)","background-image":"","background-repeat":"repeat","background-position":"center center","background-size":"auto","background-attachment":"scroll","background-type":"","background-media":"","overlay-type":"","overlay-color":"","overlay-opacity":"","overlay-gradient":""},"mobile":{"background-color":"var(--ast-global-color-4)","background-image":"","background-repeat":"repeat","background-position":"center center","background-size":"auto","background-attachment":"scroll","background-type":"","background-media":"","overlay-type":"","overlay-color":"","overlay-opacity":"","overlay-gradient":""}}},"product_brand":[],"product_cat":[170],"product_tag":[210],"class_list":{"0":"post-3724","1":"product","2":"type-product","3":"status-publish","4":"has-post-thumbnail","6":"product_cat-biodegradable-usb-pendrive-2","7":"product_tag-round-usb-flash-drive","8":"desktop-align-left","9":"tablet-align-left","10":"mobile-align-left","12":"first","13":"instock","14":"shipping-taxable","15":"product-type-simple"},"_links":{"self":[{"href":"https:\/\/www.usborkeychain.com\/it\/wp-json\/wp\/v2\/product\/3724","targetHints":{"allow":["GET"]}}],"collection":[{"href":"https:\/\/www.usborkeychain.com\/it\/wp-json\/wp\/v2\/product"}],"about":[{"href":"https:\/\/www.usborkeychain.com\/it\/wp-json\/wp\/v2\/types\/product"}],"replies":[{"embeddable":true,"href":"https:\/\/www.usborkeychain.com\/it\/wp-json\/wp\/v2\/comments?post=3724"}],"wp:featuredmedia":[{"embeddable":true,"href":"https:\/\/www.usborkeychain.com\/it\/wp-json\/wp\/v2\/media\/3727"}],"wp:attachment":[{"href":"https:\/\/www.usborkeychain.com\/it\/wp-json\/wp\/v2\/media?parent=3724"}],"wp:term":[{"taxonomy":"product_brand","embeddable":true,"href":"https:\/\/www.usborkeychain.com\/it\/wp-json\/wp\/v2\/product_brand?post=3724"},{"taxonomy":"product_cat","embeddable":true,"href":"https:\/\/www.usborkeychain.com\/it\/wp-json\/wp\/v2\/product_cat?post=3724"},{"taxonomy":"product_tag","embeddable":true,"href":"https:\/\/www.usborkeychain.com\/it\/wp-json\/wp\/v2\/product_tag?post=3724"}],"curies":[{"name":"wp","href":"https:\/\/api.w.org\/{rel}","templated":true}]}}