{"id":3743,"date":"2025-07-04T10:15:37","date_gmt":"2025-07-04T10:15:37","guid":{"rendered":"https:\/\/www.usborkeychain.com\/?post_type=product&#038;p=3743"},"modified":"2025-08-11T07:03:04","modified_gmt":"2025-08-11T07:03:04","slug":"metal-microphone-usb-flash-drive","status":"publish","type":"product","link":"https:\/\/www.usborkeychain.com\/it\/prodotto\/metal-microphone-usb-flash-drive\/","title":{"rendered":"Unit\u00e0 flash USB con microfono in metallo"},"content":{"rendered":"<p><\/p>\n\n\n\n<div class=\"wp-block-columns is-layout-flex wp-container-core-columns-is-layout-28f84493 wp-block-columns-is-layout-flex\">\n<div class=\"wp-block-column is-layout-flow wp-block-column-is-layout-flow\">\n<figure class=\"wp-block-image size-full\"><img alt=\"\" fetchpriority=\"high\" decoding=\"async\" width=\"800\" height=\"800\" src=\"https:\/\/www.usborkeychain.com\/wp-content\/uploads\/10703956983_1385862350.jpg\" class=\"wp-image-3748\" srcset=\"https:\/\/www.usborkeychain.com\/wp-content\/uploads\/10703956983_1385862350.jpg 800w, https:\/\/www.usborkeychain.com\/wp-content\/uploads\/10703956983_1385862350-300x300.jpg 300w, https:\/\/www.usborkeychain.com\/wp-content\/uploads\/10703956983_1385862350-150x150.jpg 150w, https:\/\/www.usborkeychain.com\/wp-content\/uploads\/10703956983_1385862350-768x768.jpg 768w, https:\/\/www.usborkeychain.com\/wp-content\/uploads\/10703956983_1385862350-12x12.jpg 12w, https:\/\/www.usborkeychain.com\/wp-content\/uploads\/10703956983_1385862350-600x600.jpg 600w, https:\/\/www.usborkeychain.com\/wp-content\/uploads\/10703956983_1385862350-100x100.jpg 100w\" sizes=\"(max-width: 800px) 100vw, 800px\" \/><\/figure>\n<\/div>\n\n\n\n<div class=\"wp-block-column is-vertically-aligned-center is-layout-flow wp-block-column-is-layout-flow\">\n<p>La chiavetta USB con microfono in metallo supera i limiti delle forme USB tradizionali e fa un debutto sorprendente con il suo aspetto realistico di microfono. Unisce creativit\u00e0 e praticit\u00e0, diventando una scelta popolare per i regali aziendali personalizzati. <\/p>\n\n\n\n<p>Di seguito, approfondiremo questo prodotto unico dal punto di vista del materiale, del colore e delle industrie pi\u00f9 adatte.<\/p>\n<\/div>\n<\/div>\n\n\n\n<h3 class=\"wp-block-heading\">Qual \u00e8 il materiale della chiavetta USB con microfono in metallo?<\/h3>\n\n\n\n<p>Realizzata in materiale completamente metallico, l'unit\u00e0 flash USB con microfono in metallo \u00e8 robusta, durevole ed emana una sensazione di qualit\u00e0 superiore. Il suo design si ispira ai microfoni dei cartoni animati: la testa del microfono ha un design rotondo con linee morbide per un tocco confortevole, mentre il corpo ha una forma piatta. Questo concetto ingegnoso non solo gli conferisce un aspetto distintivo, ma crea anche un ampio spazio di personalizzazione. Le aziende possono facilmente personalizzare i loghi esclusivi sul corpo piatto, sia con la stampa in oro che con l'incisione al laser, entrambi in grado di mostrare perfettamente il marchio, rendendo questa chiavetta USB un regalo di qualit\u00e0 altamente riconoscibile che soddisfa le diverse esigenze di personalizzazione USB.<\/p>\n\n\n\n<div class=\"wp-block-columns is-layout-flex wp-container-core-columns-is-layout-28f84493 wp-block-columns-is-layout-flex\">\n<div class=\"wp-block-column is-layout-flow wp-block-column-is-layout-flow\">\n<figure class=\"wp-block-image size-full\"><img alt=\"\" decoding=\"async\" width=\"800\" height=\"800\" src=\"https:\/\/www.usborkeychain.com\/wp-content\/uploads\/10674837540_1385862350.jpg\" class=\"wp-image-3747\" srcset=\"https:\/\/www.usborkeychain.com\/wp-content\/uploads\/10674837540_1385862350.jpg 800w, https:\/\/www.usborkeychain.com\/wp-content\/uploads\/10674837540_1385862350-300x300.jpg 300w, https:\/\/www.usborkeychain.com\/wp-content\/uploads\/10674837540_1385862350-150x150.jpg 150w, https:\/\/www.usborkeychain.com\/wp-content\/uploads\/10674837540_1385862350-768x768.jpg 768w, https:\/\/www.usborkeychain.com\/wp-content\/uploads\/10674837540_1385862350-12x12.jpg 12w, https:\/\/www.usborkeychain.com\/wp-content\/uploads\/10674837540_1385862350-600x600.jpg 600w, https:\/\/www.usborkeychain.com\/wp-content\/uploads\/10674837540_1385862350-100x100.jpg 100w\" sizes=\"(max-width: 800px) 100vw, 800px\" \/><\/figure>\n<\/div>\n\n\n\n<div class=\"wp-block-column is-layout-flow wp-block-column-is-layout-flow\">\n<figure class=\"wp-block-image size-full\"><img alt=\"\" decoding=\"async\" width=\"800\" height=\"800\" src=\"https:\/\/www.usborkeychain.com\/wp-content\/uploads\/10674825795_1385862350.jpg\" class=\"wp-image-3746\" srcset=\"https:\/\/www.usborkeychain.com\/wp-content\/uploads\/10674825795_1385862350.jpg 800w, https:\/\/www.usborkeychain.com\/wp-content\/uploads\/10674825795_1385862350-300x300.jpg 300w, https:\/\/www.usborkeychain.com\/wp-content\/uploads\/10674825795_1385862350-150x150.jpg 150w, https:\/\/www.usborkeychain.com\/wp-content\/uploads\/10674825795_1385862350-768x768.jpg 768w, https:\/\/www.usborkeychain.com\/wp-content\/uploads\/10674825795_1385862350-12x12.jpg 12w, https:\/\/www.usborkeychain.com\/wp-content\/uploads\/10674825795_1385862350-600x600.jpg 600w, https:\/\/www.usborkeychain.com\/wp-content\/uploads\/10674825795_1385862350-100x100.jpg 100w\" sizes=\"(max-width: 800px) 100vw, 800px\" \/><\/figure>\n<\/div>\n<\/div>\n\n\n\n<h3 class=\"wp-block-heading\">Quali sono i colori della chiavetta USB con microfono in metallo?<\/h3>\n\n\n\n<p>Attualmente, il modello disponibile della chiavetta USB con microfono in metallo \u00e8 di colore argento. Come colore classico e versatile, l'argento dimostra pienamente la consistenza di alto livello di questa chiavetta USB. Con la sua lucentezza fine che brilla sotto la luce, non \u00e8 n\u00e9 troppo ostentato n\u00e9 privo di gusto e stile. L'aspetto argentato la rende adattabile a diverse occasioni: sia come regalo per riunioni di lavoro che per l'uso quotidiano, pu\u00f2 esibire un fascino unico, permettendo a chi la riceve di percepire piena sincerit\u00e0 e attenzione.<\/p>\n\n\n\n<h3 class=\"wp-block-heading\">La chiavetta USB con microfono in metallo \u00e8 adatta come regalo?<\/h3>\n\n\n\n<p>La chiavetta USB per microfono in metallo \u00e8 particolarmente adatta come regalo per le industrie legate alla musica. Per le aziende produttrici di microfoni, questa chiavetta USB si adatta perfettamente alle caratteristiche dei loro prodotti. Quando viene personalizzata come regalo per i clienti o come premio per gli eventi, pu\u00f2 promuovere il marchio e fungere da oggetto pratico e premuroso; quando i club musicali scelgono la chiavetta USB con microfono in metallo come regalo per le attivit\u00e0 o per l'apprezzamento dei membri, non solo pu\u00f2 aumentare il senso di appartenenza dei membri, ma pu\u00f2 anche attrarre potenziali clienti con la sua forma unica.<\/p>\n\n\n\n<div class=\"wp-block-columns is-layout-flex wp-container-core-columns-is-layout-28f84493 wp-block-columns-is-layout-flex\">\n<div class=\"wp-block-column is-layout-flow wp-block-column-is-layout-flow\">\n<figure class=\"wp-block-image size-large\"><img alt=\"\" loading=\"lazy\" decoding=\"async\" width=\"1024\" height=\"1024\" src=\"https:\/\/www.usborkeychain.com\/wp-content\/uploads\/O1CN010HmEiz2KwvtQfml4K_946879622-0-cib-1024x1024.jpg\" class=\"wp-image-3750\" srcset=\"https:\/\/www.usborkeychain.com\/wp-content\/uploads\/O1CN010HmEiz2KwvtQfml4K_946879622-0-cib-1024x1024.jpg 1024w, https:\/\/www.usborkeychain.com\/wp-content\/uploads\/O1CN010HmEiz2KwvtQfml4K_946879622-0-cib-300x300.jpg 300w, https:\/\/www.usborkeychain.com\/wp-content\/uploads\/O1CN010HmEiz2KwvtQfml4K_946879622-0-cib-150x150.jpg 150w, https:\/\/www.usborkeychain.com\/wp-content\/uploads\/O1CN010HmEiz2KwvtQfml4K_946879622-0-cib-768x768.jpg 768w, https:\/\/www.usborkeychain.com\/wp-content\/uploads\/O1CN010HmEiz2KwvtQfml4K_946879622-0-cib-12x12.jpg 12w, https:\/\/www.usborkeychain.com\/wp-content\/uploads\/O1CN010HmEiz2KwvtQfml4K_946879622-0-cib-600x600.jpg 600w, https:\/\/www.usborkeychain.com\/wp-content\/uploads\/O1CN010HmEiz2KwvtQfml4K_946879622-0-cib-100x100.jpg 100w, https:\/\/www.usborkeychain.com\/wp-content\/uploads\/O1CN010HmEiz2KwvtQfml4K_946879622-0-cib.jpg 1510w\" sizes=\"(max-width: 1024px) 100vw, 1024px\" \/><\/figure>\n<\/div>\n\n\n\n<div class=\"wp-block-column is-layout-flow wp-block-column-is-layout-flow\">\n<figure class=\"wp-block-image size-full\"><img alt=\"\" loading=\"lazy\" decoding=\"async\" width=\"800\" height=\"800\" src=\"https:\/\/www.usborkeychain.com\/wp-content\/uploads\/10730432890_1385862350.jpg\" class=\"wp-image-3749\" srcset=\"https:\/\/www.usborkeychain.com\/wp-content\/uploads\/10730432890_1385862350.jpg 800w, https:\/\/www.usborkeychain.com\/wp-content\/uploads\/10730432890_1385862350-300x300.jpg 300w, https:\/\/www.usborkeychain.com\/wp-content\/uploads\/10730432890_1385862350-150x150.jpg 150w, https:\/\/www.usborkeychain.com\/wp-content\/uploads\/10730432890_1385862350-768x768.jpg 768w, https:\/\/www.usborkeychain.com\/wp-content\/uploads\/10730432890_1385862350-12x12.jpg 12w, https:\/\/www.usborkeychain.com\/wp-content\/uploads\/10730432890_1385862350-600x600.jpg 600w, https:\/\/www.usborkeychain.com\/wp-content\/uploads\/10730432890_1385862350-100x100.jpg 100w\" sizes=\"(max-width: 800px) 100vw, 800px\" \/><\/figure>\n<\/div>\n<\/div>\n\n\n\n<p>Inoltre, industrie come gli istituti di formazione musicale e le case discografiche possono personalizzare questa unit\u00e0 USB attraverso i produttori di USB, utilizzandola per archiviare e distribuire materiale didattico, condividere opere musicali, ecc. \u00c8 la scelta ideale per la personalizzazione dell'USB nell'industria musicale.<\/p>\n\n\n\n<p>Grazie al materiale interamente metallico, all'aspetto argentato di alto livello e alla forte compatibilit\u00e0 con l'industria musicale, la chiavetta USB con microfono in metallo \u00e8 diventata una scelta brillante nel campo dei regali USB personalizzati, in quanto elemento pratico per le aziende per trasmettere l'immagine del marchio e migliorare le relazioni con i clienti.<\/p>","protected":false},"excerpt":{"rendered":"<ul>\n<li>Materiale metallico<\/li>\n<li>Stili di microfono<\/li>\n<li>Logo personalizzato<\/li>\n<li>MOQ: 100pcs<\/li>\n<li>USB2.0 e USB3.0<\/li>\n<\/ul>","protected":false},"featured_media":3748,"comment_status":"open","ping_status":"closed","template":"","meta":{"_seopress_robots_primary_cat":"none","_seopress_titles_title":"","_seopress_titles_desc":"","_seopress_robots_index":"","site-sidebar-layout":"default","site-content-layout":"","ast-site-content-layout":"","site-content-style":"default","site-sidebar-style":"default","ast-global-header-display":"","ast-banner-title-visibility":"","ast-main-header-display":"","ast-hfb-above-header-display":"","ast-hfb-below-header-display":"","ast-hfb-mobile-header-display":"","site-post-title":"","ast-breadcrumbs-content":"","ast-featured-img":"","footer-sml-layout":"","theme-transparent-header-meta":"","adv-header-id-meta":"","stick-header-meta":"","header-above-stick-meta":"","header-main-stick-meta":"","header-below-stick-meta":"","astra-migrate-meta-layouts":"default","ast-page-background-enabled":"default","ast-page-background-meta":{"desktop":{"background-color":"var(--ast-global-color-5)","background-image":"","background-repeat":"repeat","background-position":"center center","background-size":"auto","background-attachment":"scroll","background-type":"","background-media":"","overlay-type":"","overlay-color":"","overlay-opacity":"","overlay-gradient":""},"tablet":{"background-color":"","background-image":"","background-repeat":"repeat","background-position":"center center","background-size":"auto","background-attachment":"scroll","background-type":"","background-media":"","overlay-type":"","overlay-color":"","overlay-opacity":"","overlay-gradient":""},"mobile":{"background-color":"","background-image":"","background-repeat":"repeat","background-position":"center center","background-size":"auto","background-attachment":"scroll","background-type":"","background-media":"","overlay-type":"","overlay-color":"","overlay-opacity":"","overlay-gradient":""}},"ast-content-background-meta":{"desktop":{"background-color":"var(--ast-global-color-4)","background-image":"","background-repeat":"repeat","background-position":"center center","background-size":"auto","background-attachment":"scroll","background-type":"","background-media":"","overlay-type":"","overlay-color":"","overlay-opacity":"","overlay-gradient":""},"tablet":{"background-color":"var(--ast-global-color-4)","background-image":"","background-repeat":"repeat","background-position":"center center","background-size":"auto","background-attachment":"scroll","background-type":"","background-media":"","overlay-type":"","overlay-color":"","overlay-opacity":"","overlay-gradient":""},"mobile":{"background-color":"var(--ast-global-color-4)","background-image":"","background-repeat":"repeat","background-position":"center center","background-size":"auto","background-attachment":"scroll","background-type":"","background-media":"","overlay-type":"","overlay-color":"","overlay-opacity":"","overlay-gradient":""}}},"product_brand":[],"product_cat":[89],"product_tag":[211,396],"class_list":{"0":"post-3743","1":"product","2":"type-product","3":"status-publish","4":"has-post-thumbnail","6":"product_cat-metal-usb-pendrive","7":"product_tag-music-usb-flash-drive","8":"product_tag-stainless-steel-usb-flash-drive","9":"desktop-align-left","10":"tablet-align-left","11":"mobile-align-left","13":"first","14":"instock","15":"shipping-taxable","16":"product-type-simple"},"_links":{"self":[{"href":"https:\/\/www.usborkeychain.com\/it\/wp-json\/wp\/v2\/product\/3743","targetHints":{"allow":["GET"]}}],"collection":[{"href":"https:\/\/www.usborkeychain.com\/it\/wp-json\/wp\/v2\/product"}],"about":[{"href":"https:\/\/www.usborkeychain.com\/it\/wp-json\/wp\/v2\/types\/product"}],"replies":[{"embeddable":true,"href":"https:\/\/www.usborkeychain.com\/it\/wp-json\/wp\/v2\/comments?post=3743"}],"wp:featuredmedia":[{"embeddable":true,"href":"https:\/\/www.usborkeychain.com\/it\/wp-json\/wp\/v2\/media\/3748"}],"wp:attachment":[{"href":"https:\/\/www.usborkeychain.com\/it\/wp-json\/wp\/v2\/media?parent=3743"}],"wp:term":[{"taxonomy":"product_brand","embeddable":true,"href":"https:\/\/www.usborkeychain.com\/it\/wp-json\/wp\/v2\/product_brand?post=3743"},{"taxonomy":"product_cat","embeddable":true,"href":"https:\/\/www.usborkeychain.com\/it\/wp-json\/wp\/v2\/product_cat?post=3743"},{"taxonomy":"product_tag","embeddable":true,"href":"https:\/\/www.usborkeychain.com\/it\/wp-json\/wp\/v2\/product_tag?post=3743"}],"curies":[{"name":"wp","href":"https:\/\/api.w.org\/{rel}","templated":true}]}}