{"id":3751,"date":"2025-07-04T10:52:33","date_gmt":"2025-07-04T10:52:33","guid":{"rendered":"https:\/\/www.usborkeychain.com\/?post_type=product&#038;p=3751"},"modified":"2025-07-08T01:53:48","modified_gmt":"2025-07-08T01:53:48","slug":"pvc-microphone-usb-flash-drive","status":"publish","type":"product","link":"https:\/\/www.usborkeychain.com\/it\/prodotto\/pvc-microphone-usb-flash-drive\/","title":{"rendered":"Microfono in PVC Unit\u00e0 flash USB"},"content":{"rendered":"<p><\/p>\n\n\n\n<div class=\"wp-block-columns is-layout-flex wp-container-core-columns-is-layout-28f84493 wp-block-columns-is-layout-flex\">\n<div class=\"wp-block-column is-layout-flow wp-block-column-is-layout-flow\">\n<figure class=\"wp-block-image size-full\"><img alt=\"USB Drive for KTV Opening Ceremony Gifts\" fetchpriority=\"high\" decoding=\"async\" width=\"750\" height=\"750\" src=\"https:\/\/www.usborkeychain.com\/wp-content\/uploads\/USB-Drive-for-KTV-Opening-Ceremony-Gifts.jpg\" class=\"wp-image-3754\" srcset=\"https:\/\/www.usborkeychain.com\/wp-content\/uploads\/USB-Drive-for-KTV-Opening-Ceremony-Gifts.jpg 750w, https:\/\/www.usborkeychain.com\/wp-content\/uploads\/USB-Drive-for-KTV-Opening-Ceremony-Gifts-300x300.jpg 300w, https:\/\/www.usborkeychain.com\/wp-content\/uploads\/USB-Drive-for-KTV-Opening-Ceremony-Gifts-150x150.jpg 150w, https:\/\/www.usborkeychain.com\/wp-content\/uploads\/USB-Drive-for-KTV-Opening-Ceremony-Gifts-12x12.jpg 12w, https:\/\/www.usborkeychain.com\/wp-content\/uploads\/USB-Drive-for-KTV-Opening-Ceremony-Gifts-600x600.jpg 600w, https:\/\/www.usborkeychain.com\/wp-content\/uploads\/USB-Drive-for-KTV-Opening-Ceremony-Gifts-100x100.jpg 100w\" sizes=\"(max-width: 750px) 100vw, 750px\" \/><\/figure>\n<\/div>\n\n\n\n<div class=\"wp-block-column is-vertically-aligned-center is-layout-flow wp-block-column-is-layout-flow\">\n<p>L'unit\u00e0 flash USB con microfono in PVC supera il tradizionale design USB con la sua forma di microfono (simulato) altamente copiativo, diventando una scelta popolare per i regali USB aziendali personalizzati e il modello di regalo ufficiale specificato per gli eventi musicali di Huawei. <\/p>\n\n\n\n<p>Prodotto di riferimento nel settore delle USB simulate, integra profondamente la lavorazione artigianale della gomma morbida del PVC con pratiche funzioni di archiviazione, dimostrando precisi vantaggi di personalizzazione dal materiale allo scenario di applicazione.<\/p>\n<\/div>\n<\/div>\n\n\n\n<h3 class=\"wp-block-heading\">Qual \u00e8 il materiale della chiavetta USB con microfono in PVC?<\/h3>\n\n\n\n<p>Diversa dalla struttura rigida dei modelli in metallo, la chiavetta USB con microfono in PVC \u00e8 realizzata in materiale di gomma morbida in PVC, realizzata mediante stampaggio a iniezione per garantire flessibilit\u00e0 e resistenza alle cadute. La serie comprende 3 modelli con i classici rosso e nero come tonalit\u00e0 principali (Microfono Standard, Microfono Vintage e Microfono Cartoon), che restituiscono la sensazione di presa dei microfoni reali. Riproduce dettagli come le increspature della testa della rete e gli archi della testa del suono con un rapporto 1:1, con una precisione di simulazione di oltre 95%. Il vantaggio elastico del materiale in gomma morbida gli consente di resistere a un test di caduta di 1,5 m, adatto a molteplici scenari come spettacoli all'aperto e omaggi per eventi.<\/p>\n\n\n\n<div class=\"wp-block-columns is-layout-flex wp-container-core-columns-is-layout-28f84493 wp-block-columns-is-layout-flex\">\n<div class=\"wp-block-column is-layout-flow wp-block-column-is-layout-flow\">\n<figure class=\"wp-block-image size-full\"><img alt=\"\" decoding=\"async\" width=\"800\" height=\"800\" src=\"https:\/\/www.usborkeychain.com\/wp-content\/uploads\/PVC-Microphone-USB-Flash-Drive.jpg\" class=\"wp-image-3758\" srcset=\"https:\/\/www.usborkeychain.com\/wp-content\/uploads\/PVC-Microphone-USB-Flash-Drive.jpg 800w, https:\/\/www.usborkeychain.com\/wp-content\/uploads\/PVC-Microphone-USB-Flash-Drive-300x300.jpg 300w, https:\/\/www.usborkeychain.com\/wp-content\/uploads\/PVC-Microphone-USB-Flash-Drive-150x150.jpg 150w, https:\/\/www.usborkeychain.com\/wp-content\/uploads\/PVC-Microphone-USB-Flash-Drive-768x768.jpg 768w, https:\/\/www.usborkeychain.com\/wp-content\/uploads\/PVC-Microphone-USB-Flash-Drive-12x12.jpg 12w, https:\/\/www.usborkeychain.com\/wp-content\/uploads\/PVC-Microphone-USB-Flash-Drive-600x600.jpg 600w, https:\/\/www.usborkeychain.com\/wp-content\/uploads\/PVC-Microphone-USB-Flash-Drive-100x100.jpg 100w\" sizes=\"(max-width: 800px) 100vw, 800px\" \/><\/figure>\n<\/div>\n\n\n\n<div class=\"wp-block-column is-layout-flow wp-block-column-is-layout-flow\">\n<figure class=\"wp-block-image size-full\"><img alt=\"\" decoding=\"async\" width=\"800\" height=\"800\" src=\"https:\/\/www.usborkeychain.com\/wp-content\/uploads\/USB-Flash-Drive-for-Concert-Event-Souvenirs.jpg\" class=\"wp-image-3759\" srcset=\"https:\/\/www.usborkeychain.com\/wp-content\/uploads\/USB-Flash-Drive-for-Concert-Event-Souvenirs.jpg 800w, https:\/\/www.usborkeychain.com\/wp-content\/uploads\/USB-Flash-Drive-for-Concert-Event-Souvenirs-300x300.jpg 300w, https:\/\/www.usborkeychain.com\/wp-content\/uploads\/USB-Flash-Drive-for-Concert-Event-Souvenirs-150x150.jpg 150w, https:\/\/www.usborkeychain.com\/wp-content\/uploads\/USB-Flash-Drive-for-Concert-Event-Souvenirs-768x768.jpg 768w, https:\/\/www.usborkeychain.com\/wp-content\/uploads\/USB-Flash-Drive-for-Concert-Event-Souvenirs-12x12.jpg 12w, https:\/\/www.usborkeychain.com\/wp-content\/uploads\/USB-Flash-Drive-for-Concert-Event-Souvenirs-600x600.jpg 600w, https:\/\/www.usborkeychain.com\/wp-content\/uploads\/USB-Flash-Drive-for-Concert-Event-Souvenirs-100x100.jpg 100w\" sizes=\"(max-width: 800px) 100vw, 800px\" \/><\/figure>\n<\/div>\n<\/div>\n\n\n\n<h3 class=\"wp-block-heading\">Quali sono gli scenari di applicazione delle unit\u00e0 USB con microfono personalizzate da Huawei?<\/h3>\n\n\n\n<p>Come regalo ufficiale personalizzato per gli eventi musicali di Huawei, questa unit\u00e0 USB adotta una confezione regalo con copertina nera (due pezzi). La scatola utilizza un pannello rigido di 2 mm di spessore con tecnologia LOGO impressa in oro, abbinato a cotone EVA antiurto all'interno per la protezione. Il corpo USB \u00e8 inciso al laser con il logo di Huawei, \u00e8 dotato di serie di 16GB di memoria (8-64GB opzionali) e supporta la trasmissione ad alta velocit\u00e0 USB 2.0 con una velocit\u00e0 di lettura-scrittura di 15MB\/s. Attualmente applicata in scenari come i festival musicali di Huawei e i lanci di nuovi prodotti come souvenir per gli ospiti e premi per l'interazione con i fan, aumenta efficacemente la memorabilit\u00e0 dell'evento grazie alla combinazione personalizzata di \"logo del marchio + elementi musicali\".<\/p>\n\n\n\n<div class=\"wp-block-columns is-layout-flex wp-container-core-columns-is-layout-28f84493 wp-block-columns-is-layout-flex\">\n<div class=\"wp-block-column is-layout-flow wp-block-column-is-layout-flow\">\n<figure class=\"wp-block-image size-full\"><img alt=\"\" loading=\"lazy\" decoding=\"async\" width=\"800\" height=\"800\" src=\"https:\/\/www.usborkeychain.com\/wp-content\/uploads\/Microphone-shaped-USB-Drive.jpg\" class=\"wp-image-3756\" srcset=\"https:\/\/www.usborkeychain.com\/wp-content\/uploads\/Microphone-shaped-USB-Drive.jpg 800w, https:\/\/www.usborkeychain.com\/wp-content\/uploads\/Microphone-shaped-USB-Drive-300x300.jpg 300w, https:\/\/www.usborkeychain.com\/wp-content\/uploads\/Microphone-shaped-USB-Drive-150x150.jpg 150w, https:\/\/www.usborkeychain.com\/wp-content\/uploads\/Microphone-shaped-USB-Drive-768x768.jpg 768w, https:\/\/www.usborkeychain.com\/wp-content\/uploads\/Microphone-shaped-USB-Drive-12x12.jpg 12w, https:\/\/www.usborkeychain.com\/wp-content\/uploads\/Microphone-shaped-USB-Drive-600x600.jpg 600w, https:\/\/www.usborkeychain.com\/wp-content\/uploads\/Microphone-shaped-USB-Drive-100x100.jpg 100w\" sizes=\"(max-width: 800px) 100vw, 800px\" \/><\/figure>\n<\/div>\n\n\n\n<div class=\"wp-block-column is-layout-flow wp-block-column-is-layout-flow\">\n<figure class=\"wp-block-image size-full\"><img alt=\"\" loading=\"lazy\" decoding=\"async\" width=\"800\" height=\"800\" src=\"https:\/\/www.usborkeychain.com\/wp-content\/uploads\/PVC-Microphone-Model-USB-Flash-Drive.jpg\" class=\"wp-image-3757\" srcset=\"https:\/\/www.usborkeychain.com\/wp-content\/uploads\/PVC-Microphone-Model-USB-Flash-Drive.jpg 800w, https:\/\/www.usborkeychain.com\/wp-content\/uploads\/PVC-Microphone-Model-USB-Flash-Drive-300x300.jpg 300w, https:\/\/www.usborkeychain.com\/wp-content\/uploads\/PVC-Microphone-Model-USB-Flash-Drive-150x150.jpg 150w, https:\/\/www.usborkeychain.com\/wp-content\/uploads\/PVC-Microphone-Model-USB-Flash-Drive-768x768.jpg 768w, https:\/\/www.usborkeychain.com\/wp-content\/uploads\/PVC-Microphone-Model-USB-Flash-Drive-12x12.jpg 12w, https:\/\/www.usborkeychain.com\/wp-content\/uploads\/PVC-Microphone-Model-USB-Flash-Drive-600x600.jpg 600w, https:\/\/www.usborkeychain.com\/wp-content\/uploads\/PVC-Microphone-Model-USB-Flash-Drive-100x100.jpg 100w\" sizes=\"(max-width: 800px) 100vw, 800px\" \/><\/figure>\n<\/div>\n<\/div>\n\n\n\n<h3 class=\"wp-block-heading\">Quali sono le caratteristiche delle chiavette USB personalizzate da KTV?<\/h3>\n\n\n\n<p><\/p>\n\n\n\n<div class=\"wp-block-columns is-layout-flex wp-container-core-columns-is-layout-28f84493 wp-block-columns-is-layout-flex\">\n<div class=\"wp-block-column is-layout-flow wp-block-column-is-layout-flow\">\n<figure class=\"wp-block-image size-full\"><img alt=\"\" loading=\"lazy\" decoding=\"async\" width=\"1000\" height=\"1000\" src=\"https:\/\/www.usborkeychain.com\/wp-content\/uploads\/Microphone-USB-Drive.jpg\" class=\"wp-image-3755\" srcset=\"https:\/\/www.usborkeychain.com\/wp-content\/uploads\/Microphone-USB-Drive.jpg 1000w, https:\/\/www.usborkeychain.com\/wp-content\/uploads\/Microphone-USB-Drive-300x300.jpg 300w, https:\/\/www.usborkeychain.com\/wp-content\/uploads\/Microphone-USB-Drive-150x150.jpg 150w, https:\/\/www.usborkeychain.com\/wp-content\/uploads\/Microphone-USB-Drive-768x768.jpg 768w, https:\/\/www.usborkeychain.com\/wp-content\/uploads\/Microphone-USB-Drive-12x12.jpg 12w, https:\/\/www.usborkeychain.com\/wp-content\/uploads\/Microphone-USB-Drive-600x600.jpg 600w, https:\/\/www.usborkeychain.com\/wp-content\/uploads\/Microphone-USB-Drive-100x100.jpg 100w\" sizes=\"(max-width: 1000px) 100vw, 1000px\" \/><\/figure>\n<\/div>\n\n\n\n<div class=\"wp-block-column is-vertically-aligned-center is-layout-flow wp-block-column-is-layout-flow\">\n<p>La chiavetta USB con microfono rosso, personalizzata per il settore KTV, \u00e8 stata progettata appositamente per scenari quali la celebrazione di anniversari e l'apertura di nuovi negozi. Il corpo principale utilizza una gomma morbida in PVC rosso lucido con un anello decorativo in maglia dorata, con dimensioni di 12 cm*3,5 cm (inclusa la base) e un peso di soli 28 g per una facile trasportabilit\u00e0. <\/p>\n\n\n\n<p>Il codino USB \u00e8 dotato di un foro per il cordino, compatibile con i cordini o i portachiavi del marchio KTV. Le opzioni di personalizzazione includono nomi di negozi stampati in seta, logo dell'anniversario e slogan esclusivi (ad esempio, \"XX KTV 10th Anniversary - Because of You\").<\/p>\n\n\n\n<p> Spesso utilizzato come regalo di ricarica per i soci o come regalo per il consumo completo nei locali privati, combina una memoria da 64 GB (in grado di pre-memorizzare gli accompagnamenti di canzoni popolari) per ottenere una doppia integrazione di funzioni di marketing e valore pratico.<\/p>\n<\/div>\n<\/div>\n\n\n\n<p>La chiavetta USB con microfono in PVC, grazie alla simulazione artigianale del materiale in gomma morbida, agli standard di personalizzazione di livello Huawei e alle soluzioni di personalizzazione basate sullo scenario KTV, \u00e8 diventata un prodotto di riferimento per i produttori di chiavette USB che offrono servizi di personalizzazione per i settori della musica e dell'intrattenimento. La sua capacit\u00e0 di personalizzazione end-to-end, dalla selezione dei materiali al design della confezione, consente una comunicazione precisa del marchio attraverso regali pratici.<\/p>","protected":false},"excerpt":{"rendered":"<ul>\n<li>Materiale PVC<\/li>\n<li>Stile a forma di microfono<\/li>\n<li>3 modelli<\/li>\n<li>Stampo in PVC<\/li>\n<li>MOQ: 100PCS<\/li>\n<\/ul>","protected":false},"featured_media":3754,"comment_status":"open","ping_status":"closed","template":"","meta":{"_seopress_robots_primary_cat":"","_seopress_titles_title":"","_seopress_titles_desc":"","_seopress_robots_index":"","site-sidebar-layout":"default","site-content-layout":"","ast-site-content-layout":"","site-content-style":"default","site-sidebar-style":"default","ast-global-header-display":"","ast-banner-title-visibility":"","ast-main-header-display":"","ast-hfb-above-header-display":"","ast-hfb-below-header-display":"","ast-hfb-mobile-header-display":"","site-post-title":"","ast-breadcrumbs-content":"","ast-featured-img":"","footer-sml-layout":"","theme-transparent-header-meta":"","adv-header-id-meta":"","stick-header-meta":"","header-above-stick-meta":"","header-main-stick-meta":"","header-below-stick-meta":"","astra-migrate-meta-layouts":"default","ast-page-background-enabled":"default","ast-page-background-meta":{"desktop":{"background-color":"var(--ast-global-color-5)","background-image":"","background-repeat":"repeat","background-position":"center center","background-size":"auto","background-attachment":"scroll","background-type":"","background-media":"","overlay-type":"","overlay-color":"","overlay-opacity":"","overlay-gradient":""},"tablet":{"background-color":"","background-image":"","background-repeat":"repeat","background-position":"center center","background-size":"auto","background-attachment":"scroll","background-type":"","background-media":"","overlay-type":"","overlay-color":"","overlay-opacity":"","overlay-gradient":""},"mobile":{"background-color":"","background-image":"","background-repeat":"repeat","background-position":"center center","background-size":"auto","background-attachment":"scroll","background-type":"","background-media":"","overlay-type":"","overlay-color":"","overlay-opacity":"","overlay-gradient":""}},"ast-content-background-meta":{"desktop":{"background-color":"var(--ast-global-color-4)","background-image":"","background-repeat":"repeat","background-position":"center center","background-size":"auto","background-attachment":"scroll","background-type":"","background-media":"","overlay-type":"","overlay-color":"","overlay-opacity":"","overlay-gradient":""},"tablet":{"background-color":"var(--ast-global-color-4)","background-image":"","background-repeat":"repeat","background-position":"center center","background-size":"auto","background-attachment":"scroll","background-type":"","background-media":"","overlay-type":"","overlay-color":"","overlay-opacity":"","overlay-gradient":""},"mobile":{"background-color":"var(--ast-global-color-4)","background-image":"","background-repeat":"repeat","background-position":"center center","background-size":"auto","background-attachment":"scroll","background-type":"","background-media":"","overlay-type":"","overlay-color":"","overlay-opacity":"","overlay-gradient":""}}},"product_brand":[],"product_cat":[94],"product_tag":[],"class_list":{"0":"post-3751","1":"product","2":"type-product","3":"status-publish","4":"has-post-thumbnail","6":"product_cat-pvc-usb-pendrive","7":"desktop-align-left","8":"tablet-align-left","9":"mobile-align-left","11":"first","12":"instock","13":"shipping-taxable","14":"product-type-simple"},"_links":{"self":[{"href":"https:\/\/www.usborkeychain.com\/it\/wp-json\/wp\/v2\/product\/3751","targetHints":{"allow":["GET"]}}],"collection":[{"href":"https:\/\/www.usborkeychain.com\/it\/wp-json\/wp\/v2\/product"}],"about":[{"href":"https:\/\/www.usborkeychain.com\/it\/wp-json\/wp\/v2\/types\/product"}],"replies":[{"embeddable":true,"href":"https:\/\/www.usborkeychain.com\/it\/wp-json\/wp\/v2\/comments?post=3751"}],"wp:featuredmedia":[{"embeddable":true,"href":"https:\/\/www.usborkeychain.com\/it\/wp-json\/wp\/v2\/media\/3754"}],"wp:attachment":[{"href":"https:\/\/www.usborkeychain.com\/it\/wp-json\/wp\/v2\/media?parent=3751"}],"wp:term":[{"taxonomy":"product_brand","embeddable":true,"href":"https:\/\/www.usborkeychain.com\/it\/wp-json\/wp\/v2\/product_brand?post=3751"},{"taxonomy":"product_cat","embeddable":true,"href":"https:\/\/www.usborkeychain.com\/it\/wp-json\/wp\/v2\/product_cat?post=3751"},{"taxonomy":"product_tag","embeddable":true,"href":"https:\/\/www.usborkeychain.com\/it\/wp-json\/wp\/v2\/product_tag?post=3751"}],"curies":[{"name":"wp","href":"https:\/\/api.w.org\/{rel}","templated":true}]}}