{"id":3770,"date":"2025-07-05T07:17:20","date_gmt":"2025-07-05T07:17:20","guid":{"rendered":"https:\/\/www.usborkeychain.com\/?post_type=product&#038;p=3770"},"modified":"2025-07-08T01:55:38","modified_gmt":"2025-07-08T01:55:38","slug":"bowling-ball-shaped-usb-flash-drive","status":"publish","type":"product","link":"https:\/\/www.usborkeychain.com\/it\/prodotto\/bowling-ball-shaped-usb-flash-drive\/","title":{"rendered":"Unit\u00e0 flash USB a forma di palla da bowling"},"content":{"rendered":"<p>L'unit\u00e0 flash USB Bowling, che si distacca dal tradizionale design quadrato delle unit\u00e0 USB, si distingue per la sua forma di palla da bowling ad alta fedelt\u00e0 in scala 1:1, che fonde perfettamente elementi sportivi e funzionalit\u00e0 di archiviazione dei dati. Misura circa 6,5 cm di diametro e 7 cm di altezza, imitando le proporzioni di una vera palla da bowling e bilanciando al contempo portabilit\u00e0 e giocosit\u00e0.<\/p>\n\n\n\n<h2 class=\"wp-block-heading\">Cosa rende speciale il design dell'unit\u00e0 USB Bowling?<\/h2>\n\n\n\n<p><\/p>\n\n\n\n<div class=\"wp-block-columns is-layout-flex wp-container-core-columns-is-layout-28f84493 wp-block-columns-is-layout-flex\">\n<div class=\"wp-block-column is-layout-flow wp-block-column-is-layout-flow\">\n<figure class=\"wp-block-image size-full\"><img fetchpriority=\"high\" decoding=\"async\" width=\"800\" height=\"800\" src=\"https:\/\/www.usborkeychain.com\/wp-content\/uploads\/Bowling-Ball-USB-Flash-Drive.jpg\" alt=\"Bowling Ball USB Flash Drive\" class=\"wp-image-3773\" srcset=\"https:\/\/www.usborkeychain.com\/wp-content\/uploads\/Bowling-Ball-USB-Flash-Drive.jpg 800w, https:\/\/www.usborkeychain.com\/wp-content\/uploads\/Bowling-Ball-USB-Flash-Drive-300x300.jpg 300w, https:\/\/www.usborkeychain.com\/wp-content\/uploads\/Bowling-Ball-USB-Flash-Drive-150x150.jpg 150w, https:\/\/www.usborkeychain.com\/wp-content\/uploads\/Bowling-Ball-USB-Flash-Drive-768x768.jpg 768w, https:\/\/www.usborkeychain.com\/wp-content\/uploads\/Bowling-Ball-USB-Flash-Drive-12x12.jpg 12w, https:\/\/www.usborkeychain.com\/wp-content\/uploads\/Bowling-Ball-USB-Flash-Drive-600x600.jpg 600w, https:\/\/www.usborkeychain.com\/wp-content\/uploads\/Bowling-Ball-USB-Flash-Drive-100x100.jpg 100w\" sizes=\"(max-width: 800px) 100vw, 800px\" \/><\/figure>\n<\/div>\n\n\n\n<div class=\"wp-block-column is-vertically-aligned-center is-layout-flow wp-block-column-is-layout-flow\">\n<p>L'unit\u00e0 riproduce i dettagli della palla da bowling con un design ad alta fedelt\u00e0 1:1. Le texture della superficie e le posizioni dei fori sono modellate sulla base di palle da bowling reali, emulando persino la texture opaca con un realismo superiore a 95%. <\/p>\n\n\n\n<p>Realizzata in PVC soft gel ecologico, \u00e8 sottoposta a stampaggio a iniezione ad alta temperatura in un unico pezzo, offrendo un tocco morbido e delicato sulla pelle e caratteristiche di resistenza alle abrasioni e alle cadute. Ha superato un test di caduta di 1,5 m, con un guscio spesso 3 mm e una classificazione IP65 per la protezione da acqua e polvere, garantendo la sicurezza dei dati contro cadute accidentali o detriti.<\/p>\n<\/div>\n<\/div>\n\n\n\n<h2 class=\"wp-block-heading\">Perch\u00e9 le associazioni di attrezzature sportive lo scelgono come regalo personalizzato?<\/h2>\n\n\n\n<p>La chiavetta USB Bowling \u00e8 perfettamente in linea con il settore sportivo e rappresenta una scelta popolare per gli eventi annuali e gli accordi di cooperazione delle associazioni di attrezzature sportive. Il suo design a tema sportivo trasmette vitalit\u00e0 al marchio e, grazie all'esclusivo logo dell'associazione, ne aumenta significativamente il riconoscimento. \u00c8 disponibile in varie capacit\u00e0, da 8 GB a 128 GB, per soddisfare le diverse esigenze.<\/p>\n\n\n\n<div class=\"wp-block-columns is-layout-flex wp-container-core-columns-is-layout-28f84493 wp-block-columns-is-layout-flex\">\n<div class=\"wp-block-column is-layout-flow wp-block-column-is-layout-flow\">\n<figure class=\"wp-block-image size-full\"><img decoding=\"async\" width=\"800\" height=\"800\" src=\"https:\/\/www.usborkeychain.com\/wp-content\/uploads\/Bowling-Ball-shaped-USB-Flash-Drive.jpg\" alt=\"Bowling Ball-shaped USB Flash Drive\" class=\"wp-image-3774\" srcset=\"https:\/\/www.usborkeychain.com\/wp-content\/uploads\/Bowling-Ball-shaped-USB-Flash-Drive.jpg 800w, https:\/\/www.usborkeychain.com\/wp-content\/uploads\/Bowling-Ball-shaped-USB-Flash-Drive-300x300.jpg 300w, https:\/\/www.usborkeychain.com\/wp-content\/uploads\/Bowling-Ball-shaped-USB-Flash-Drive-150x150.jpg 150w, https:\/\/www.usborkeychain.com\/wp-content\/uploads\/Bowling-Ball-shaped-USB-Flash-Drive-768x768.jpg 768w, https:\/\/www.usborkeychain.com\/wp-content\/uploads\/Bowling-Ball-shaped-USB-Flash-Drive-12x12.jpg 12w, https:\/\/www.usborkeychain.com\/wp-content\/uploads\/Bowling-Ball-shaped-USB-Flash-Drive-600x600.jpg 600w, https:\/\/www.usborkeychain.com\/wp-content\/uploads\/Bowling-Ball-shaped-USB-Flash-Drive-100x100.jpg 100w\" sizes=\"(max-width: 800px) 100vw, 800px\" \/><\/figure>\n<\/div>\n\n\n\n<div class=\"wp-block-column is-layout-flow wp-block-column-is-layout-flow\">\n<figure class=\"wp-block-image size-full\"><img decoding=\"async\" width=\"800\" height=\"800\" src=\"https:\/\/www.usborkeychain.com\/wp-content\/uploads\/Sports-Equipment-Association-USB-Flash-Drive.jpg\" alt=\"Sports Equipment Association USB Flash Drive\" class=\"wp-image-3775\" srcset=\"https:\/\/www.usborkeychain.com\/wp-content\/uploads\/Sports-Equipment-Association-USB-Flash-Drive.jpg 800w, https:\/\/www.usborkeychain.com\/wp-content\/uploads\/Sports-Equipment-Association-USB-Flash-Drive-300x300.jpg 300w, https:\/\/www.usborkeychain.com\/wp-content\/uploads\/Sports-Equipment-Association-USB-Flash-Drive-150x150.jpg 150w, https:\/\/www.usborkeychain.com\/wp-content\/uploads\/Sports-Equipment-Association-USB-Flash-Drive-768x768.jpg 768w, https:\/\/www.usborkeychain.com\/wp-content\/uploads\/Sports-Equipment-Association-USB-Flash-Drive-12x12.jpg 12w, https:\/\/www.usborkeychain.com\/wp-content\/uploads\/Sports-Equipment-Association-USB-Flash-Drive-600x600.jpg 600w, https:\/\/www.usborkeychain.com\/wp-content\/uploads\/Sports-Equipment-Association-USB-Flash-Drive-100x100.jpg 100w\" sizes=\"(max-width: 800px) 100vw, 800px\" \/><\/figure>\n<\/div>\n<\/div>\n\n\n\n<h2 class=\"wp-block-heading\">L'unit\u00e0 USB Bowling pu\u00f2 avere un logo personalizzato?<\/h2>\n\n\n\n<p>S\u00ec: grazie alla tecnologia di iniezione ad alta precisione degli stampi in PVC, il logo \u00e8 integrato nell'involucro per una durata resistente all'usura e agli sbiadimenti. Che si tratti dell'emblema di un'associazione, del nome di un'azienda o di un motivo personalizzato, i dettagli possono essere riprodotti grazie alla tecnologia di modellazione 3D.<\/p>\n\n\n\n<p>La chiavetta USB Bowling, con il suo design ad alta fedelt\u00e0, le sue prestazioni robuste e la sua personalizzazione flessibile, stabilisce un punto di riferimento creativo nel mercato della personalizzazione USB, rappresentando la scelta ideale per i regali del settore sportivo e la promozione aziendale.<\/p>","protected":false},"excerpt":{"rendered":"<ul>\n<li>USB a forma di palla da bowling<\/li>\n<li>Materiale PVC<\/li>\n<li>Stampo in PVC con logo personalizzato<\/li>\n<li>MOQ: 100PCS<\/li>\n<li>USB2.0 e USB3.0<\/li>\n<\/ul>","protected":false},"featured_media":3773,"comment_status":"open","ping_status":"closed","template":"","meta":{"_seopress_robots_primary_cat":"","_seopress_titles_title":"","_seopress_titles_desc":"","_seopress_robots_index":"","site-sidebar-layout":"default","site-content-layout":"","ast-site-content-layout":"","site-content-style":"default","site-sidebar-style":"default","ast-global-header-display":"","ast-banner-title-visibility":"","ast-main-header-display":"","ast-hfb-above-header-display":"","ast-hfb-below-header-display":"","ast-hfb-mobile-header-display":"","site-post-title":"","ast-breadcrumbs-content":"","ast-featured-img":"","footer-sml-layout":"","theme-transparent-header-meta":"","adv-header-id-meta":"","stick-header-meta":"","header-above-stick-meta":"","header-main-stick-meta":"","header-below-stick-meta":"","astra-migrate-meta-layouts":"default","ast-page-background-enabled":"default","ast-page-background-meta":{"desktop":{"background-color":"var(--ast-global-color-5)","background-image":"","background-repeat":"repeat","background-position":"center center","background-size":"auto","background-attachment":"scroll","background-type":"","background-media":"","overlay-type":"","overlay-color":"","overlay-opacity":"","overlay-gradient":""},"tablet":{"background-color":"","background-image":"","background-repeat":"repeat","background-position":"center center","background-size":"auto","background-attachment":"scroll","background-type":"","background-media":"","overlay-type":"","overlay-color":"","overlay-opacity":"","overlay-gradient":""},"mobile":{"background-color":"","background-image":"","background-repeat":"repeat","background-position":"center center","background-size":"auto","background-attachment":"scroll","background-type":"","background-media":"","overlay-type":"","overlay-color":"","overlay-opacity":"","overlay-gradient":""}},"ast-content-background-meta":{"desktop":{"background-color":"var(--ast-global-color-4)","background-image":"","background-repeat":"repeat","background-position":"center center","background-size":"auto","background-attachment":"scroll","background-type":"","background-media":"","overlay-type":"","overlay-color":"","overlay-opacity":"","overlay-gradient":""},"tablet":{"background-color":"var(--ast-global-color-4)","background-image":"","background-repeat":"repeat","background-position":"center center","background-size":"auto","background-attachment":"scroll","background-type":"","background-media":"","overlay-type":"","overlay-color":"","overlay-opacity":"","overlay-gradient":""},"mobile":{"background-color":"var(--ast-global-color-4)","background-image":"","background-repeat":"repeat","background-position":"center center","background-size":"auto","background-attachment":"scroll","background-type":"","background-media":"","overlay-type":"","overlay-color":"","overlay-opacity":"","overlay-gradient":""}}},"product_brand":[],"product_cat":[94],"product_tag":[213],"class_list":{"0":"post-3770","1":"product","2":"type-product","3":"status-publish","4":"has-post-thumbnail","6":"product_cat-pvc-usb-pendrive","7":"product_tag-ball-shape-usb-drive","8":"desktop-align-left","9":"tablet-align-left","10":"mobile-align-left","12":"first","13":"instock","14":"shipping-taxable","15":"product-type-simple"},"_links":{"self":[{"href":"https:\/\/www.usborkeychain.com\/it\/wp-json\/wp\/v2\/product\/3770","targetHints":{"allow":["GET"]}}],"collection":[{"href":"https:\/\/www.usborkeychain.com\/it\/wp-json\/wp\/v2\/product"}],"about":[{"href":"https:\/\/www.usborkeychain.com\/it\/wp-json\/wp\/v2\/types\/product"}],"replies":[{"embeddable":true,"href":"https:\/\/www.usborkeychain.com\/it\/wp-json\/wp\/v2\/comments?post=3770"}],"wp:featuredmedia":[{"embeddable":true,"href":"https:\/\/www.usborkeychain.com\/it\/wp-json\/wp\/v2\/media\/3773"}],"wp:attachment":[{"href":"https:\/\/www.usborkeychain.com\/it\/wp-json\/wp\/v2\/media?parent=3770"}],"wp:term":[{"taxonomy":"product_brand","embeddable":true,"href":"https:\/\/www.usborkeychain.com\/it\/wp-json\/wp\/v2\/product_brand?post=3770"},{"taxonomy":"product_cat","embeddable":true,"href":"https:\/\/www.usborkeychain.com\/it\/wp-json\/wp\/v2\/product_cat?post=3770"},{"taxonomy":"product_tag","embeddable":true,"href":"https:\/\/www.usborkeychain.com\/it\/wp-json\/wp\/v2\/product_tag?post=3770"}],"curies":[{"name":"wp","href":"https:\/\/api.w.org\/{rel}","templated":true}]}}