{"id":3776,"date":"2025-07-05T07:41:24","date_gmt":"2025-07-05T07:41:24","guid":{"rendered":"https:\/\/www.usborkeychain.com\/?post_type=product&#038;p=3776"},"modified":"2025-07-08T01:55:47","modified_gmt":"2025-07-08T01:55:47","slug":"rugby-shaped-usb-flash-drive","status":"publish","type":"product","link":"https:\/\/www.usborkeychain.com\/it\/prodotto\/rugby-shaped-usb-flash-drive\/","title":{"rendered":"Chiavetta USB a forma di rugby"},"content":{"rendered":"<p><\/p>\n\n\n\n<div class=\"wp-block-columns is-layout-flex wp-container-core-columns-is-layout-28f84493 wp-block-columns-is-layout-flex\">\n<div class=\"wp-block-column is-layout-flow wp-block-column-is-layout-flow\">\n<figure class=\"wp-block-image size-full\"><img fetchpriority=\"high\" decoding=\"async\" width=\"800\" height=\"800\" src=\"https:\/\/www.usborkeychain.com\/wp-content\/uploads\/red-Rugby-Shaped-USB-Flash-Drive.png\" alt=\"red Rugby Shaped USB Flash Drive\" class=\"wp-image-3781\" srcset=\"https:\/\/www.usborkeychain.com\/wp-content\/uploads\/red-Rugby-Shaped-USB-Flash-Drive.png 800w, https:\/\/www.usborkeychain.com\/wp-content\/uploads\/red-Rugby-Shaped-USB-Flash-Drive-300x300.png 300w, https:\/\/www.usborkeychain.com\/wp-content\/uploads\/red-Rugby-Shaped-USB-Flash-Drive-150x150.png 150w, https:\/\/www.usborkeychain.com\/wp-content\/uploads\/red-Rugby-Shaped-USB-Flash-Drive-768x768.png 768w, https:\/\/www.usborkeychain.com\/wp-content\/uploads\/red-Rugby-Shaped-USB-Flash-Drive-12x12.png 12w, https:\/\/www.usborkeychain.com\/wp-content\/uploads\/red-Rugby-Shaped-USB-Flash-Drive-600x600.png 600w, https:\/\/www.usborkeychain.com\/wp-content\/uploads\/red-Rugby-Shaped-USB-Flash-Drive-100x100.png 100w\" sizes=\"(max-width: 800px) 100vw, 800px\" \/><\/figure>\n<\/div>\n\n\n\n<div class=\"wp-block-column is-vertically-aligned-center is-layout-flow wp-block-column-is-layout-flow\">\n<p>L'unit\u00e0 flash USB Rugby \u00e8 caratterizzata da un aspetto unico e personalizzato con un contorno del rugby ad alta fedelt\u00e0 1:1.2. La sua forma ellissoidale - circa 8,5 cm di asse maggiore e 5 cm di asse minore - riproduce perfettamente il classico arco di una palla da rugby americana.<\/p>\n\n\n\n<p> La superficie adotta un design tridimensionale con cuciture, abbinato al tocco smerigliato del materiale in PVC soft gel, bilanciando l'estetica sportiva e il comfort di presa.<\/p>\n<\/div>\n<\/div>\n\n\n\n<p><\/p>\n\n\n\n<h2 class=\"wp-block-heading\">Design speciale dell'unit\u00e0 USB da rugby<\/h2>\n\n\n\n<p>Con un rapporto 1:1.2, ripristina i dettagli del rugby americano: la linea 3D (cucitura tridimensionale) sulla superficie ha una spaziatura precisa di 0,8 cm e la texture concavo-convessa raggiunge la simulazione ad alta fedelt\u00e0 98%, consentendo agli utenti di sentire persino il tocco reale delle cuciture del pallone. Realizzato in PVC soft gel di grado alimentare, \u00e8 sottoposto a stampaggio a iniezione ad alta temperatura in un unico pezzo a 200\u2103. Il guscio di 2,5 mm di spessore ha superato il test di caduta da 2 metri e ha ottenuto la certificazione di protezione dall'acqua e dalla polvere IP66. L'esclusiva forma ellissoidale con motivi antiscivolo si adatta alla curvatura del palmo della mano quando viene impugnato, garantendo la sicurezza dei dati e migliorando l'esperienza dell'utente.<\/p>\n\n\n\n<div class=\"wp-block-columns is-layout-flex wp-container-core-columns-is-layout-28f84493 wp-block-columns-is-layout-flex\">\n<div class=\"wp-block-column is-layout-flow wp-block-column-is-layout-flow\">\n<figure class=\"wp-block-image size-full\"><img alt=\"\" decoding=\"async\" width=\"800\" height=\"800\" src=\"https:\/\/www.usborkeychain.com\/wp-content\/uploads\/Rugby-Shaped-USB-Flash-Drive.png\" class=\"wp-image-3782\" srcset=\"https:\/\/www.usborkeychain.com\/wp-content\/uploads\/Rugby-Shaped-USB-Flash-Drive.png 800w, https:\/\/www.usborkeychain.com\/wp-content\/uploads\/Rugby-Shaped-USB-Flash-Drive-300x300.png 300w, https:\/\/www.usborkeychain.com\/wp-content\/uploads\/Rugby-Shaped-USB-Flash-Drive-150x150.png 150w, https:\/\/www.usborkeychain.com\/wp-content\/uploads\/Rugby-Shaped-USB-Flash-Drive-768x768.png 768w, https:\/\/www.usborkeychain.com\/wp-content\/uploads\/Rugby-Shaped-USB-Flash-Drive-12x12.png 12w, https:\/\/www.usborkeychain.com\/wp-content\/uploads\/Rugby-Shaped-USB-Flash-Drive-600x600.png 600w, https:\/\/www.usborkeychain.com\/wp-content\/uploads\/Rugby-Shaped-USB-Flash-Drive-100x100.png 100w\" sizes=\"(max-width: 800px) 100vw, 800px\" \/><\/figure>\n<\/div>\n\n\n\n<div class=\"wp-block-column is-vertically-aligned-center is-layout-flow wp-block-column-is-layout-flow\">\n<h2 class=\"wp-block-heading\">Quali modelli personalizzati offre l'unit\u00e0 USB Rugby?<\/h2>\n\n\n\n<p>Sono disponibili due modelli pratici:<\/p>\n\n\n\n<ul class=\"wp-block-list\">\n<li><strong>Modello portatile standard<\/strong>: Design senza base, peso di soli 28 g, pu\u00f2 essere collegato direttamente ai dispositivi. Dotato di un foro per il cordino in metallo per un facile trasporto.<\/li>\n\n\n\n<li><strong>Modello di esposizione e raccolta<\/strong>: Abbinato a una base trapezoidale in materiale ABS (dimensioni: 10cm\u00d76cm\u00d73cm), supporta la visualizzazione a 360\u00b0 della chiavetta USB, ideale per l'esposizione sulla scrivania dell'ufficio o negli stand fieristici.<\/li>\n<\/ul>\n<\/div>\n<\/div>\n\n\n\n<h2 class=\"wp-block-heading\">Per quali settori l'unit\u00e0 USB Rugby \u00e8 adatta come regalo?<\/h2>\n\n\n\n<ul class=\"wp-block-list\">\n<li><strong>Industria dello sport<\/strong>: Le associazioni calcistiche e i club di rugby possono personalizzare i modelli commemorativi degli eventi, preinstallando gli highlights delle partite e i manuali dei soci. Abbinato al logo emblema dell'associazione, rafforza l'identit\u00e0 del marchio.<\/li>\n\n\n\n<li><strong>Campo dell'istruzione<\/strong>: I college sportivi delle universit\u00e0 possono utilizzarlo come regalo di laurea, masterizzando i video della carriera sportiva degli studenti. La base pu\u00f2 essere incisa con i documenti di identit\u00e0 degli studenti e gli anni di laurea, unendo cos\u00ec praticit\u00e0 e memorabilit\u00e0.<\/li>\n\n\n\n<li><strong>Settore culturale e creativo<\/strong>: I negozi culturali e creativi a tema sportivo possono sviluppare modelli in co-branding. \u00c8 supportata la personalizzazione del colore del corpo della palla (colori normali: rosso\/blu\/nero; i colori speciali richiedono la personalizzazione), per soddisfare le esigenze di consumo personalizzate.<\/li>\n<\/ul>\n\n\n\n<div class=\"wp-block-columns is-layout-flex wp-container-core-columns-is-layout-28f84493 wp-block-columns-is-layout-flex\">\n<div class=\"wp-block-column is-layout-flow wp-block-column-is-layout-flow\">\n<figure class=\"wp-block-image size-full\"><img alt=\"\" decoding=\"async\" width=\"800\" height=\"800\" src=\"https:\/\/www.usborkeychain.com\/wp-content\/uploads\/yellw-Rugby-Shaped-USB-Flash-Drive.png\" class=\"wp-image-3783\" srcset=\"https:\/\/www.usborkeychain.com\/wp-content\/uploads\/yellw-Rugby-Shaped-USB-Flash-Drive.png 800w, https:\/\/www.usborkeychain.com\/wp-content\/uploads\/yellw-Rugby-Shaped-USB-Flash-Drive-300x300.png 300w, https:\/\/www.usborkeychain.com\/wp-content\/uploads\/yellw-Rugby-Shaped-USB-Flash-Drive-150x150.png 150w, https:\/\/www.usborkeychain.com\/wp-content\/uploads\/yellw-Rugby-Shaped-USB-Flash-Drive-768x768.png 768w, https:\/\/www.usborkeychain.com\/wp-content\/uploads\/yellw-Rugby-Shaped-USB-Flash-Drive-12x12.png 12w, https:\/\/www.usborkeychain.com\/wp-content\/uploads\/yellw-Rugby-Shaped-USB-Flash-Drive-600x600.png 600w, https:\/\/www.usborkeychain.com\/wp-content\/uploads\/yellw-Rugby-Shaped-USB-Flash-Drive-100x100.png 100w\" sizes=\"(max-width: 800px) 100vw, 800px\" \/><\/figure>\n<\/div>\n\n\n\n<div class=\"wp-block-column is-layout-flow wp-block-column-is-layout-flow\">\n<figure class=\"wp-block-image size-full\"><img alt=\"\" loading=\"lazy\" decoding=\"async\" width=\"800\" height=\"800\" src=\"https:\/\/www.usborkeychain.com\/wp-content\/uploads\/orange-Rugby-Shaped-USB-Flash-Drive.png\" class=\"wp-image-3780\" srcset=\"https:\/\/www.usborkeychain.com\/wp-content\/uploads\/orange-Rugby-Shaped-USB-Flash-Drive.png 800w, https:\/\/www.usborkeychain.com\/wp-content\/uploads\/orange-Rugby-Shaped-USB-Flash-Drive-300x300.png 300w, https:\/\/www.usborkeychain.com\/wp-content\/uploads\/orange-Rugby-Shaped-USB-Flash-Drive-150x150.png 150w, https:\/\/www.usborkeychain.com\/wp-content\/uploads\/orange-Rugby-Shaped-USB-Flash-Drive-768x768.png 768w, https:\/\/www.usborkeychain.com\/wp-content\/uploads\/orange-Rugby-Shaped-USB-Flash-Drive-12x12.png 12w, https:\/\/www.usborkeychain.com\/wp-content\/uploads\/orange-Rugby-Shaped-USB-Flash-Drive-600x600.png 600w, https:\/\/www.usborkeychain.com\/wp-content\/uploads\/orange-Rugby-Shaped-USB-Flash-Drive-100x100.png 100w\" sizes=\"(max-width: 800px) 100vw, 800px\" \/><\/figure>\n<\/div>\n\n\n\n<div class=\"wp-block-column is-layout-flow wp-block-column-is-layout-flow\">\n<figure class=\"wp-block-image size-full\"><img alt=\"\" loading=\"lazy\" decoding=\"async\" width=\"800\" height=\"800\" src=\"https:\/\/www.usborkeychain.com\/wp-content\/uploads\/custom-Rugby-Shaped-USB-Flash-pendrive.png\" class=\"wp-image-3779\" srcset=\"https:\/\/www.usborkeychain.com\/wp-content\/uploads\/custom-Rugby-Shaped-USB-Flash-pendrive.png 800w, https:\/\/www.usborkeychain.com\/wp-content\/uploads\/custom-Rugby-Shaped-USB-Flash-pendrive-300x300.png 300w, https:\/\/www.usborkeychain.com\/wp-content\/uploads\/custom-Rugby-Shaped-USB-Flash-pendrive-150x150.png 150w, https:\/\/www.usborkeychain.com\/wp-content\/uploads\/custom-Rugby-Shaped-USB-Flash-pendrive-768x768.png 768w, https:\/\/www.usborkeychain.com\/wp-content\/uploads\/custom-Rugby-Shaped-USB-Flash-pendrive-12x12.png 12w, https:\/\/www.usborkeychain.com\/wp-content\/uploads\/custom-Rugby-Shaped-USB-Flash-pendrive-600x600.png 600w, https:\/\/www.usborkeychain.com\/wp-content\/uploads\/custom-Rugby-Shaped-USB-Flash-pendrive-100x100.png 100w\" sizes=\"(max-width: 800px) 100vw, 800px\" \/><\/figure>\n<\/div>\n<\/div>\n\n\n\n<p>Grazie al design sportivo ad alta fedelt\u00e0 (modellazione), alla personalizzazione flessibile del doppio modello e all'adattabilit\u00e0 a pi\u00f9 settori, la chiavetta USB Rugby \u00e8 diventata un prodotto di riferimento nel mercato della personalizzazione USB, integrando visualizzazione creativa e valore pratico per fornire soluzioni differenziate per lo sviluppo di IP sportive e la personalizzazione di regali aziendali.<\/p>","protected":false},"excerpt":{"rendered":"<ul>\n<li>Design a forma di rugby<\/li>\n<li>Materiale PVC<\/li>\n<li>Regalo sportivo<\/li>\n<li>Logo personalizzato<\/li>\n<li>MOQ: 100pcs<\/li>\n<\/ul>","protected":false},"featured_media":3781,"comment_status":"open","ping_status":"closed","template":"","meta":{"_seopress_robots_primary_cat":"","_seopress_titles_title":"","_seopress_titles_desc":"","_seopress_robots_index":"","site-sidebar-layout":"default","site-content-layout":"","ast-site-content-layout":"","site-content-style":"default","site-sidebar-style":"default","ast-global-header-display":"","ast-banner-title-visibility":"","ast-main-header-display":"","ast-hfb-above-header-display":"","ast-hfb-below-header-display":"","ast-hfb-mobile-header-display":"","site-post-title":"","ast-breadcrumbs-content":"","ast-featured-img":"","footer-sml-layout":"","theme-transparent-header-meta":"","adv-header-id-meta":"","stick-header-meta":"","header-above-stick-meta":"","header-main-stick-meta":"","header-below-stick-meta":"","astra-migrate-meta-layouts":"default","ast-page-background-enabled":"default","ast-page-background-meta":{"desktop":{"background-color":"var(--ast-global-color-5)","background-image":"","background-repeat":"repeat","background-position":"center center","background-size":"auto","background-attachment":"scroll","background-type":"","background-media":"","overlay-type":"","overlay-color":"","overlay-opacity":"","overlay-gradient":""},"tablet":{"background-color":"","background-image":"","background-repeat":"repeat","background-position":"center center","background-size":"auto","background-attachment":"scroll","background-type":"","background-media":"","overlay-type":"","overlay-color":"","overlay-opacity":"","overlay-gradient":""},"mobile":{"background-color":"","background-image":"","background-repeat":"repeat","background-position":"center center","background-size":"auto","background-attachment":"scroll","background-type":"","background-media":"","overlay-type":"","overlay-color":"","overlay-opacity":"","overlay-gradient":""}},"ast-content-background-meta":{"desktop":{"background-color":"var(--ast-global-color-4)","background-image":"","background-repeat":"repeat","background-position":"center center","background-size":"auto","background-attachment":"scroll","background-type":"","background-media":"","overlay-type":"","overlay-color":"","overlay-opacity":"","overlay-gradient":""},"tablet":{"background-color":"var(--ast-global-color-4)","background-image":"","background-repeat":"repeat","background-position":"center center","background-size":"auto","background-attachment":"scroll","background-type":"","background-media":"","overlay-type":"","overlay-color":"","overlay-opacity":"","overlay-gradient":""},"mobile":{"background-color":"var(--ast-global-color-4)","background-image":"","background-repeat":"repeat","background-position":"center center","background-size":"auto","background-attachment":"scroll","background-type":"","background-media":"","overlay-type":"","overlay-color":"","overlay-opacity":"","overlay-gradient":""}}},"product_brand":[],"product_cat":[94],"product_tag":[213],"class_list":{"0":"post-3776","1":"product","2":"type-product","3":"status-publish","4":"has-post-thumbnail","6":"product_cat-pvc-usb-pendrive","7":"product_tag-ball-shape-usb-drive","8":"desktop-align-left","9":"tablet-align-left","10":"mobile-align-left","12":"first","13":"instock","14":"shipping-taxable","15":"product-type-simple"},"_links":{"self":[{"href":"https:\/\/www.usborkeychain.com\/it\/wp-json\/wp\/v2\/product\/3776","targetHints":{"allow":["GET"]}}],"collection":[{"href":"https:\/\/www.usborkeychain.com\/it\/wp-json\/wp\/v2\/product"}],"about":[{"href":"https:\/\/www.usborkeychain.com\/it\/wp-json\/wp\/v2\/types\/product"}],"replies":[{"embeddable":true,"href":"https:\/\/www.usborkeychain.com\/it\/wp-json\/wp\/v2\/comments?post=3776"}],"wp:featuredmedia":[{"embeddable":true,"href":"https:\/\/www.usborkeychain.com\/it\/wp-json\/wp\/v2\/media\/3781"}],"wp:attachment":[{"href":"https:\/\/www.usborkeychain.com\/it\/wp-json\/wp\/v2\/media?parent=3776"}],"wp:term":[{"taxonomy":"product_brand","embeddable":true,"href":"https:\/\/www.usborkeychain.com\/it\/wp-json\/wp\/v2\/product_brand?post=3776"},{"taxonomy":"product_cat","embeddable":true,"href":"https:\/\/www.usborkeychain.com\/it\/wp-json\/wp\/v2\/product_cat?post=3776"},{"taxonomy":"product_tag","embeddable":true,"href":"https:\/\/www.usborkeychain.com\/it\/wp-json\/wp\/v2\/product_tag?post=3776"}],"curies":[{"name":"wp","href":"https:\/\/api.w.org\/{rel}","templated":true}]}}