{"id":3793,"date":"2025-07-05T08:49:58","date_gmt":"2025-07-05T08:49:58","guid":{"rendered":"https:\/\/www.usborkeychain.com\/?post_type=product&#038;p=3793"},"modified":"2025-07-05T08:50:01","modified_gmt":"2025-07-05T08:50:01","slug":"golf-ball-usb-drive-for-real-estate-corporate-gifts","status":"publish","type":"product","link":"https:\/\/www.usborkeychain.com\/it\/prodotto\/golf-ball-usb-drive-for-real-estate-corporate-gifts\/","title":{"rendered":"Chiavetta USB con pallina da golf per regali aziendali nel settore immobiliare"},"content":{"rendered":"<p><\/p>\n\n\n\n<div class=\"wp-block-columns is-layout-flex wp-container-core-columns-is-layout-28f84493 wp-block-columns-is-layout-flex\">\n<div class=\"wp-block-column is-layout-flow wp-block-column-is-layout-flow\">\n<figure class=\"wp-block-image size-full\"><img fetchpriority=\"high\" decoding=\"async\" width=\"800\" height=\"485\" src=\"https:\/\/www.usborkeychain.com\/wp-content\/uploads\/Corporate-Golf-USB-Flash-Drive-Printing.jpg\" alt=\"Corporate Golf USB Flash Drive Printing\" class=\"wp-image-3797\" srcset=\"https:\/\/www.usborkeychain.com\/wp-content\/uploads\/Corporate-Golf-USB-Flash-Drive-Printing.jpg 800w, https:\/\/www.usborkeychain.com\/wp-content\/uploads\/Corporate-Golf-USB-Flash-Drive-Printing-300x182.jpg 300w, https:\/\/www.usborkeychain.com\/wp-content\/uploads\/Corporate-Golf-USB-Flash-Drive-Printing-768x466.jpg 768w, https:\/\/www.usborkeychain.com\/wp-content\/uploads\/Corporate-Golf-USB-Flash-Drive-Printing-18x12.jpg 18w, https:\/\/www.usborkeychain.com\/wp-content\/uploads\/Corporate-Golf-USB-Flash-Drive-Printing-600x364.jpg 600w\" sizes=\"(max-width: 800px) 100vw, 800px\" \/><\/figure>\n<\/div>\n\n\n\n<div class=\"wp-block-column is-vertically-aligned-center is-layout-flow wp-block-column-is-layout-flow\">\n<p>La chiavetta USB a forma di pallina da golf personalizzata per le societ\u00e0 immobiliari presenta uno squisito design a forma di pallina da golf. La sfera bianca \u00e8 ornata da delicate texture che riproducono realisticamente l'aspetto di una pallina da golf. <\/p>\n\n\n\n<p>Dal punto di vista funzionale, non \u00e8 diversa da una normale unit\u00e0 USB, dotata di un'interfaccia USB standard per l'archiviazione e la lettura rapida dei dati. \u00c8 in grado di contenere e riprodurre facilmente grandi volumi di materiale per progetti immobiliari o squisiti video promozionali.<\/p>\n<\/div>\n<\/div>\n\n\n\n<p>Country Garden, un'azienda rinomata nel settore immobiliare, ha numerosi progetti immobiliari a livello nazionale e persino globale. \u00c8 famosa per le sue residenze di alta qualit\u00e0 e per le strutture di supporto alla comunit\u00e0, dedicate alla creazione di ambienti di vita confortevoli e vivibili per i clienti. Grazie alla continua innovazione, Country Garden ha raggiunto risultati notevoli nella progettazione architettonica, nei servizi immobiliari e in altri aspetti, guadagnandosi la profonda fiducia dei consumatori.<\/p>\n\n\n\n<div class=\"wp-block-columns is-layout-flex wp-container-core-columns-is-layout-9c22b1e3 wp-block-columns-is-layout-flex\">\n<div class=\"wp-block-column is-layout-flow wp-block-column-is-layout-flow\">\n<figure class=\"wp-block-image size-full\"><img alt=\"\" decoding=\"async\" width=\"800\" height=\"800\" src=\"https:\/\/www.usborkeychain.com\/wp-content\/uploads\/Personalized-Golf-USB-Memory-Stick.png\" class=\"wp-image-3801\" srcset=\"https:\/\/www.usborkeychain.com\/wp-content\/uploads\/Personalized-Golf-USB-Memory-Stick.png 800w, https:\/\/www.usborkeychain.com\/wp-content\/uploads\/Personalized-Golf-USB-Memory-Stick-300x300.png 300w, https:\/\/www.usborkeychain.com\/wp-content\/uploads\/Personalized-Golf-USB-Memory-Stick-150x150.png 150w, https:\/\/www.usborkeychain.com\/wp-content\/uploads\/Personalized-Golf-USB-Memory-Stick-768x768.png 768w, https:\/\/www.usborkeychain.com\/wp-content\/uploads\/Personalized-Golf-USB-Memory-Stick-12x12.png 12w, https:\/\/www.usborkeychain.com\/wp-content\/uploads\/Personalized-Golf-USB-Memory-Stick-600x600.png 600w, https:\/\/www.usborkeychain.com\/wp-content\/uploads\/Personalized-Golf-USB-Memory-Stick-100x100.png 100w\" sizes=\"(max-width: 800px) 100vw, 800px\" \/><\/figure>\n<\/div>\n\n\n\n<div class=\"wp-block-column is-layout-flow wp-block-column-is-layout-flow\">\n<figure class=\"wp-block-image size-full\"><img alt=\"\" decoding=\"async\" width=\"800\" height=\"800\" src=\"https:\/\/www.usborkeychain.com\/wp-content\/uploads\/Custom-Golf-Ball-USB-Drive.png\" class=\"wp-image-3798\" srcset=\"https:\/\/www.usborkeychain.com\/wp-content\/uploads\/Custom-Golf-Ball-USB-Drive.png 800w, https:\/\/www.usborkeychain.com\/wp-content\/uploads\/Custom-Golf-Ball-USB-Drive-300x300.png 300w, https:\/\/www.usborkeychain.com\/wp-content\/uploads\/Custom-Golf-Ball-USB-Drive-150x150.png 150w, https:\/\/www.usborkeychain.com\/wp-content\/uploads\/Custom-Golf-Ball-USB-Drive-768x768.png 768w, https:\/\/www.usborkeychain.com\/wp-content\/uploads\/Custom-Golf-Ball-USB-Drive-12x12.png 12w, https:\/\/www.usborkeychain.com\/wp-content\/uploads\/Custom-Golf-Ball-USB-Drive-600x600.png 600w, https:\/\/www.usborkeychain.com\/wp-content\/uploads\/Custom-Golf-Ball-USB-Drive-100x100.png 100w\" sizes=\"(max-width: 800px) 100vw, 800px\" \/><\/figure>\n<\/div>\n\n\n\n<div class=\"wp-block-column is-layout-flow wp-block-column-is-layout-flow\">\n<figure class=\"wp-block-image size-full\"><img alt=\"\" loading=\"lazy\" decoding=\"async\" width=\"800\" height=\"800\" src=\"https:\/\/www.usborkeychain.com\/wp-content\/uploads\/Branded-Golf-Ball-USB-Gift.png\" class=\"wp-image-3796\" srcset=\"https:\/\/www.usborkeychain.com\/wp-content\/uploads\/Branded-Golf-Ball-USB-Gift.png 800w, https:\/\/www.usborkeychain.com\/wp-content\/uploads\/Branded-Golf-Ball-USB-Gift-300x300.png 300w, https:\/\/www.usborkeychain.com\/wp-content\/uploads\/Branded-Golf-Ball-USB-Gift-150x150.png 150w, https:\/\/www.usborkeychain.com\/wp-content\/uploads\/Branded-Golf-Ball-USB-Gift-768x768.png 768w, https:\/\/www.usborkeychain.com\/wp-content\/uploads\/Branded-Golf-Ball-USB-Gift-12x12.png 12w, https:\/\/www.usborkeychain.com\/wp-content\/uploads\/Branded-Golf-Ball-USB-Gift-600x600.png 600w, https:\/\/www.usborkeychain.com\/wp-content\/uploads\/Branded-Golf-Ball-USB-Gift-100x100.png 100w\" sizes=\"(max-width: 800px) 100vw, 800px\" \/><\/figure>\n<\/div>\n<\/div>\n\n\n\n<h2 class=\"wp-block-heading\">1. Regalo commemorativo personalizzato per il giardino di campagna<\/h2>\n\n\n\n<div class=\"wp-block-columns is-layout-flex wp-container-core-columns-is-layout-28f84493 wp-block-columns-is-layout-flex\">\n<div class=\"wp-block-column is-layout-flow wp-block-column-is-layout-flow\">\n<figure class=\"wp-block-image size-full\"><img alt=\"\" loading=\"lazy\" decoding=\"async\" width=\"800\" height=\"599\" src=\"https:\/\/www.usborkeychain.com\/wp-content\/uploads\/High-fidelity-Golf-USB-Customization.jpg\" class=\"wp-image-3800\" srcset=\"https:\/\/www.usborkeychain.com\/wp-content\/uploads\/High-fidelity-Golf-USB-Customization.jpg 800w, https:\/\/www.usborkeychain.com\/wp-content\/uploads\/High-fidelity-Golf-USB-Customization-300x225.jpg 300w, https:\/\/www.usborkeychain.com\/wp-content\/uploads\/High-fidelity-Golf-USB-Customization-768x575.jpg 768w, https:\/\/www.usborkeychain.com\/wp-content\/uploads\/High-fidelity-Golf-USB-Customization-16x12.jpg 16w, https:\/\/www.usborkeychain.com\/wp-content\/uploads\/High-fidelity-Golf-USB-Customization-600x449.jpg 600w\" sizes=\"(max-width: 800px) 100vw, 800px\" \/><\/figure>\n<\/div>\n\n\n\n<div class=\"wp-block-column is-vertically-aligned-center is-layout-flow wp-block-column-is-layout-flow\">\n<p>Questa chiavetta USB bianca a forma di pallina da golf \u00e8 stata appositamente personalizzata come regalo commemorativo per Country Garden. <\/p>\n\n\n\n<p>La pallina da golf simboleggia eleganza e qualit\u00e0, in linea con la ricerca di Country Garden di un concetto di lifestyle di alto livello. L'esclusivo logo di Country Garden pu\u00f2 essere personalizzato sulla sfera della chiavetta USB, rafforzando il suo significato commemorativo. <\/p>\n\n\n\n<p>Questo design unico non \u00e8 solo pratico, ma permette ai clienti di percepire costantemente il fascino del marchio Country Garden durante l'uso.<\/p>\n<\/div>\n<\/div>\n\n\n\n<h2 class=\"wp-block-heading\">2. Unit\u00e0 USB con palline da golf senza base come regalo aziendale<\/h2>\n\n\n\n<p><\/p>\n\n\n\n<div class=\"wp-block-columns is-layout-flex wp-container-core-columns-is-layout-28f84493 wp-block-columns-is-layout-flex\">\n<div class=\"wp-block-column is-layout-flow wp-block-column-is-layout-flow\">\n<figure class=\"wp-block-image size-full\"><img alt=\"\" loading=\"lazy\" decoding=\"async\" width=\"503\" height=\"296\" src=\"https:\/\/www.usborkeychain.com\/wp-content\/uploads\/Custom-Golf-Ball-USB-pendrive.jpg\" class=\"wp-image-3799\" srcset=\"https:\/\/www.usborkeychain.com\/wp-content\/uploads\/Custom-Golf-Ball-USB-pendrive.jpg 503w, https:\/\/www.usborkeychain.com\/wp-content\/uploads\/Custom-Golf-Ball-USB-pendrive-300x177.jpg 300w, https:\/\/www.usborkeychain.com\/wp-content\/uploads\/Custom-Golf-Ball-USB-pendrive-18x12.jpg 18w\" sizes=\"(max-width: 503px) 100vw, 503px\" \/><\/figure>\n<\/div>\n\n\n\n<div class=\"wp-block-column is-vertically-aligned-center is-layout-flow wp-block-column-is-layout-flow\">\n<p>Adottando un design senza base, questa chiavetta USB con pallina da golf \u00e8 semplice, leggera e facile da trasportare. Come regalo aziendale di Country Garden, trasmette efficacemente la gratitudine dell'azienda ai clienti. Per i clienti \u00e8 un regalo pratico e memorabile. <\/p>\n\n\n\n<p>La presentazione di queste chiavette USB in occasione di eventi di vendita immobiliare o di riunioni di apprezzamento dei clienti pu\u00f2 migliorare l'immagine del marchio Country Garden, consentendo ai clienti di utilizzare questo regalo premuroso per l'archiviazione quotidiana dei dati.<\/p>\n<\/div>\n<\/div>\n\n\n\n<p>Questa chiavetta USB con pallina da golf personalizzata per Country Garden, meticolosamente progettata e prodotta da produttori professionisti di chiavette USB attraverso i servizi di personalizzazione USB, incarna perfettamente le caratteristiche del marchio Country Garden. \u00c8 un regalo commemorativo altamente creativo e pratico per i clienti del settore immobiliare.<\/p>","protected":false},"excerpt":{"rendered":"<ul>\n<li>Unit\u00e0 USB con palline da golf<\/li>\n<li>Come regalo<\/li>\n<li>MOQ: 100PCS<\/li>\n<li>LOGO personalizzato<\/li>\n<li>Colore bianco<\/li>\n<\/ul>","protected":false},"featured_media":3796,"comment_status":"open","ping_status":"closed","template":"","meta":{"_seopress_robots_primary_cat":"","_seopress_titles_title":"","_seopress_titles_desc":"","_seopress_robots_index":"","site-sidebar-layout":"default","site-content-layout":"","ast-site-content-layout":"","site-content-style":"default","site-sidebar-style":"default","ast-global-header-display":"","ast-banner-title-visibility":"","ast-main-header-display":"","ast-hfb-above-header-display":"","ast-hfb-below-header-display":"","ast-hfb-mobile-header-display":"","site-post-title":"","ast-breadcrumbs-content":"","ast-featured-img":"","footer-sml-layout":"","theme-transparent-header-meta":"","adv-header-id-meta":"","stick-header-meta":"","header-above-stick-meta":"","header-main-stick-meta":"","header-below-stick-meta":"","astra-migrate-meta-layouts":"default","ast-page-background-enabled":"default","ast-page-background-meta":{"desktop":{"background-color":"var(--ast-global-color-5)","background-image":"","background-repeat":"repeat","background-position":"center center","background-size":"auto","background-attachment":"scroll","background-type":"","background-media":"","overlay-type":"","overlay-color":"","overlay-opacity":"","overlay-gradient":""},"tablet":{"background-color":"","background-image":"","background-repeat":"repeat","background-position":"center center","background-size":"auto","background-attachment":"scroll","background-type":"","background-media":"","overlay-type":"","overlay-color":"","overlay-opacity":"","overlay-gradient":""},"mobile":{"background-color":"","background-image":"","background-repeat":"repeat","background-position":"center center","background-size":"auto","background-attachment":"scroll","background-type":"","background-media":"","overlay-type":"","overlay-color":"","overlay-opacity":"","overlay-gradient":""}},"ast-content-background-meta":{"desktop":{"background-color":"var(--ast-global-color-4)","background-image":"","background-repeat":"repeat","background-position":"center center","background-size":"auto","background-attachment":"scroll","background-type":"","background-media":"","overlay-type":"","overlay-color":"","overlay-opacity":"","overlay-gradient":""},"tablet":{"background-color":"var(--ast-global-color-4)","background-image":"","background-repeat":"repeat","background-position":"center center","background-size":"auto","background-attachment":"scroll","background-type":"","background-media":"","overlay-type":"","overlay-color":"","overlay-opacity":"","overlay-gradient":""},"mobile":{"background-color":"var(--ast-global-color-4)","background-image":"","background-repeat":"repeat","background-position":"center center","background-size":"auto","background-attachment":"scroll","background-type":"","background-media":"","overlay-type":"","overlay-color":"","overlay-opacity":"","overlay-gradient":""}}},"product_brand":[],"product_cat":[95],"product_tag":[213],"class_list":{"0":"post-3793","1":"product","2":"type-product","3":"status-publish","4":"has-post-thumbnail","6":"product_cat-promotional-usb-drive","7":"product_tag-ball-shape-usb-drive","8":"desktop-align-left","9":"tablet-align-left","10":"mobile-align-left","12":"first","13":"instock","14":"shipping-taxable","15":"product-type-simple"},"_links":{"self":[{"href":"https:\/\/www.usborkeychain.com\/it\/wp-json\/wp\/v2\/product\/3793","targetHints":{"allow":["GET"]}}],"collection":[{"href":"https:\/\/www.usborkeychain.com\/it\/wp-json\/wp\/v2\/product"}],"about":[{"href":"https:\/\/www.usborkeychain.com\/it\/wp-json\/wp\/v2\/types\/product"}],"replies":[{"embeddable":true,"href":"https:\/\/www.usborkeychain.com\/it\/wp-json\/wp\/v2\/comments?post=3793"}],"wp:featuredmedia":[{"embeddable":true,"href":"https:\/\/www.usborkeychain.com\/it\/wp-json\/wp\/v2\/media\/3796"}],"wp:attachment":[{"href":"https:\/\/www.usborkeychain.com\/it\/wp-json\/wp\/v2\/media?parent=3793"}],"wp:term":[{"taxonomy":"product_brand","embeddable":true,"href":"https:\/\/www.usborkeychain.com\/it\/wp-json\/wp\/v2\/product_brand?post=3793"},{"taxonomy":"product_cat","embeddable":true,"href":"https:\/\/www.usborkeychain.com\/it\/wp-json\/wp\/v2\/product_cat?post=3793"},{"taxonomy":"product_tag","embeddable":true,"href":"https:\/\/www.usborkeychain.com\/it\/wp-json\/wp\/v2\/product_tag?post=3793"}],"curies":[{"name":"wp","href":"https:\/\/api.w.org\/{rel}","templated":true}]}}