{"id":3810,"date":"2025-07-05T23:43:52","date_gmt":"2025-07-05T23:43:52","guid":{"rendered":"https:\/\/www.usborkeychain.com\/?post_type=product&#038;p=3810"},"modified":"2025-07-05T23:49:22","modified_gmt":"2025-07-05T23:49:22","slug":"custom-pink-wristband-usb-drive-with-soft-rubber-strap","status":"publish","type":"product","link":"https:\/\/www.usborkeychain.com\/it\/prodotto\/custom-pink-wristband-usb-drive-with-soft-rubber-strap\/","title":{"rendered":"Unit\u00e0 USB da polso rosa personalizzata con cinturino in gomma morbida"},"content":{"rendered":"<p><\/p>\n\n\n\n<div class=\"wp-block-columns is-layout-flex wp-container-core-columns-is-layout-28f84493 wp-block-columns-is-layout-flex\">\n<div class=\"wp-block-column is-layout-flow wp-block-column-is-layout-flow\">\n<figure class=\"wp-block-image size-full\"><img fetchpriority=\"high\" decoding=\"async\" width=\"800\" height=\"800\" src=\"https:\/\/www.usborkeychain.com\/wp-content\/uploads\/Pink-Silicone-USB-Bracelet-Drive.png\" alt=\"Pink Silicone USB Bracelet Drive\" class=\"wp-image-3814\" srcset=\"https:\/\/www.usborkeychain.com\/wp-content\/uploads\/Pink-Silicone-USB-Bracelet-Drive.png 800w, https:\/\/www.usborkeychain.com\/wp-content\/uploads\/Pink-Silicone-USB-Bracelet-Drive-300x300.png 300w, https:\/\/www.usborkeychain.com\/wp-content\/uploads\/Pink-Silicone-USB-Bracelet-Drive-150x150.png 150w, https:\/\/www.usborkeychain.com\/wp-content\/uploads\/Pink-Silicone-USB-Bracelet-Drive-768x768.png 768w, https:\/\/www.usborkeychain.com\/wp-content\/uploads\/Pink-Silicone-USB-Bracelet-Drive-12x12.png 12w, https:\/\/www.usborkeychain.com\/wp-content\/uploads\/Pink-Silicone-USB-Bracelet-Drive-600x600.png 600w, https:\/\/www.usborkeychain.com\/wp-content\/uploads\/Pink-Silicone-USB-Bracelet-Drive-100x100.png 100w\" sizes=\"(max-width: 800px) 100vw, 800px\" \/><\/figure>\n<\/div>\n\n\n\n<div class=\"wp-block-column is-vertically-aligned-center is-layout-flow wp-block-column-is-layout-flow\">\n<p>Questa chiavetta USB da polso rosa \u00e8 un regalo promozionale elegante e pratico, prodotto su misura da YOUSAN USB Factory. <\/p>\n\n\n\n<p>Realizzato in morbida gomma, il braccialetto \u00e8 flessibile, comodo da indossare e funge da portachiavi o da accessorio tecnologico indossabile. Grazie all'accattivante colore rosa e al design funzionale, \u00e8 ideale per promozioni, omaggi e regali aziendali.<\/p>\n<\/div>\n<\/div>\n\n\n\n<p><strong>Caratteristiche principali<\/strong><\/p>\n\n\n\n<ol class=\"wp-block-list\">\n<li><strong>Cinturino in gomma morbida per comfort e durata<\/strong><br>Realizzato in gomma morbida di alta qualit\u00e0, il braccialetto \u00e8 resistente all'usura, flessibile e confortevole per un uso quotidiano. Non si deforma n\u00e9 si rompe facilmente, ed \u00e8 quindi perfetto per l'uso quotidiano o in viaggio.<\/li>\n\n\n\n<li><strong>Chip impermeabile ultrasottile UDP<\/strong><br>Costruita con un chip UDP avanzato, questa unit\u00e0 USB da polso offre eccellenti prestazioni di impermeabilit\u00e0, antiurto e antipolvere. Il design ultrasottile garantisce la portabilit\u00e0 e la sicurezza dei dati.<\/li>\n\n\n\n<li><strong>Ampia area di personalizzazione del logo<\/strong><br>La sezione di chiusura in metallo supporta un'incisione laser precisa per i loghi, offrendo una finitura elegante e professionale. Il cinturino in gomma supporta la stampa in serigrafia e in quadricromia, con un'ampia superficie per la personalizzazione del marchio, ideale per i loghi pi\u00f9 audaci o dettagliati.<\/li>\n<\/ol>\n\n\n\n<div class=\"wp-block-columns is-layout-flex wp-container-core-columns-is-layout-28f84493 wp-block-columns-is-layout-flex\">\n<div class=\"wp-block-column is-layout-flow wp-block-column-is-layout-flow\">\n<figure class=\"wp-block-image size-full\"><img decoding=\"async\" width=\"800\" height=\"800\" src=\"https:\/\/www.usborkeychain.com\/wp-content\/uploads\/Wearable-Pink-USB-Memory-Stick.png\" alt=\"Wearable Pink USB Memory Stick\" class=\"wp-image-3816\" srcset=\"https:\/\/www.usborkeychain.com\/wp-content\/uploads\/Wearable-Pink-USB-Memory-Stick.png 800w, https:\/\/www.usborkeychain.com\/wp-content\/uploads\/Wearable-Pink-USB-Memory-Stick-300x300.png 300w, https:\/\/www.usborkeychain.com\/wp-content\/uploads\/Wearable-Pink-USB-Memory-Stick-150x150.png 150w, https:\/\/www.usborkeychain.com\/wp-content\/uploads\/Wearable-Pink-USB-Memory-Stick-768x768.png 768w, https:\/\/www.usborkeychain.com\/wp-content\/uploads\/Wearable-Pink-USB-Memory-Stick-12x12.png 12w, https:\/\/www.usborkeychain.com\/wp-content\/uploads\/Wearable-Pink-USB-Memory-Stick-600x600.png 600w, https:\/\/www.usborkeychain.com\/wp-content\/uploads\/Wearable-Pink-USB-Memory-Stick-100x100.png 100w\" sizes=\"(max-width: 800px) 100vw, 800px\" \/><\/figure>\n<\/div>\n\n\n\n<div class=\"wp-block-column is-layout-flow wp-block-column-is-layout-flow\">\n<figure class=\"wp-block-image size-full\"><img decoding=\"async\" width=\"800\" height=\"800\" src=\"https:\/\/www.usborkeychain.com\/wp-content\/uploads\/Pink-Wristband-USB-Flash-Drive.png\" alt=\"Pink Wristband USB Flash Drive\" class=\"wp-image-3815\" srcset=\"https:\/\/www.usborkeychain.com\/wp-content\/uploads\/Pink-Wristband-USB-Flash-Drive.png 800w, https:\/\/www.usborkeychain.com\/wp-content\/uploads\/Pink-Wristband-USB-Flash-Drive-300x300.png 300w, https:\/\/www.usborkeychain.com\/wp-content\/uploads\/Pink-Wristband-USB-Flash-Drive-150x150.png 150w, https:\/\/www.usborkeychain.com\/wp-content\/uploads\/Pink-Wristband-USB-Flash-Drive-768x768.png 768w, https:\/\/www.usborkeychain.com\/wp-content\/uploads\/Pink-Wristband-USB-Flash-Drive-12x12.png 12w, https:\/\/www.usborkeychain.com\/wp-content\/uploads\/Pink-Wristband-USB-Flash-Drive-600x600.png 600w, https:\/\/www.usborkeychain.com\/wp-content\/uploads\/Pink-Wristband-USB-Flash-Drive-100x100.png 100w\" sizes=\"(max-width: 800px) 100vw, 800px\" \/><\/figure>\n<\/div>\n<\/div>\n\n\n\n<p><strong>Casi d'uso e contesto del cliente<\/strong><\/p>\n\n\n\n<div class=\"wp-block-columns is-layout-flex wp-container-core-columns-is-layout-28f84493 wp-block-columns-is-layout-flex\">\n<div class=\"wp-block-column is-layout-flow wp-block-column-is-layout-flow\">\n<figure class=\"wp-block-image size-full\"><img loading=\"lazy\" decoding=\"async\" width=\"800\" height=\"800\" src=\"https:\/\/www.usborkeychain.com\/wp-content\/uploads\/Custom-Pink-USB-Wristband.png\" alt=\"Custom Pink USB Wristband\" class=\"wp-image-3813\" srcset=\"https:\/\/www.usborkeychain.com\/wp-content\/uploads\/Custom-Pink-USB-Wristband.png 800w, https:\/\/www.usborkeychain.com\/wp-content\/uploads\/Custom-Pink-USB-Wristband-300x300.png 300w, https:\/\/www.usborkeychain.com\/wp-content\/uploads\/Custom-Pink-USB-Wristband-150x150.png 150w, https:\/\/www.usborkeychain.com\/wp-content\/uploads\/Custom-Pink-USB-Wristband-768x768.png 768w, https:\/\/www.usborkeychain.com\/wp-content\/uploads\/Custom-Pink-USB-Wristband-12x12.png 12w, https:\/\/www.usborkeychain.com\/wp-content\/uploads\/Custom-Pink-USB-Wristband-600x600.png 600w, https:\/\/www.usborkeychain.com\/wp-content\/uploads\/Custom-Pink-USB-Wristband-100x100.png 100w\" sizes=\"(max-width: 800px) 100vw, 800px\" \/><\/figure>\n<\/div>\n\n\n\n<div class=\"wp-block-column is-vertically-aligned-center is-layout-flow wp-block-column-is-layout-flow\">\n<ol class=\"wp-block-list\">\n<li><strong>Personalizzazione dei clienti dell'industria chimica<\/strong><br>Questo modello \u00e8 stato personalizzato da OCI NITROGEN, un cliente dell'industria chimica, come chiavetta USB aziendale. Precaricata con brochure aziendali, documenti sulla sicurezza e specifiche tecniche, \u00e8 stata progettata per essere sia uno strumento utile che una forte risorsa di branding.<\/li>\n\n\n\n<li><strong>Regalo promozionale per fiere ed eventi<\/strong><br>Utilizzata in occasione di fiere internazionali come omaggio promozionale, questa chiavetta USB da polso ha attirato l'attenzione grazie al suo aspetto elegante e all'elevata praticit\u00e0. Il suo formato indossabile e l'ampia area personalizzabile ne hanno fatto un articolo di spicco per aumentare l'esposizione del marchio e lasciare un'impressione duratura.<\/li>\n<\/ol>\n<\/div>\n<\/div>","protected":false},"excerpt":{"rendered":"<ul>\n<li>Colore rosa<\/li>\n<li>Personalizzato da OCI NITROGEN<\/li>\n<li>Braccialetto e USB<\/li>\n<li>Chip impermeabile ultrasottile UDP<\/li>\n<li>Pu\u00f2 personalizzare il logo<\/li>\n<li>\u00a0<\/li>\n<\/ul>","protected":false},"featured_media":3817,"comment_status":"open","ping_status":"closed","template":"","meta":{"_seopress_robots_primary_cat":"none","_seopress_titles_title":"","_seopress_titles_desc":"","_seopress_robots_index":"","site-sidebar-layout":"default","site-content-layout":"","ast-site-content-layout":"","site-content-style":"default","site-sidebar-style":"default","ast-global-header-display":"","ast-banner-title-visibility":"","ast-main-header-display":"","ast-hfb-above-header-display":"","ast-hfb-below-header-display":"","ast-hfb-mobile-header-display":"","site-post-title":"","ast-breadcrumbs-content":"","ast-featured-img":"","footer-sml-layout":"","theme-transparent-header-meta":"","adv-header-id-meta":"","stick-header-meta":"","header-above-stick-meta":"","header-main-stick-meta":"","header-below-stick-meta":"","astra-migrate-meta-layouts":"default","ast-page-background-enabled":"default","ast-page-background-meta":{"desktop":{"background-color":"var(--ast-global-color-5)","background-image":"","background-repeat":"repeat","background-position":"center center","background-size":"auto","background-attachment":"scroll","background-type":"","background-media":"","overlay-type":"","overlay-color":"","overlay-opacity":"","overlay-gradient":""},"tablet":{"background-color":"","background-image":"","background-repeat":"repeat","background-position":"center center","background-size":"auto","background-attachment":"scroll","background-type":"","background-media":"","overlay-type":"","overlay-color":"","overlay-opacity":"","overlay-gradient":""},"mobile":{"background-color":"","background-image":"","background-repeat":"repeat","background-position":"center center","background-size":"auto","background-attachment":"scroll","background-type":"","background-media":"","overlay-type":"","overlay-color":"","overlay-opacity":"","overlay-gradient":""}},"ast-content-background-meta":{"desktop":{"background-color":"var(--ast-global-color-4)","background-image":"","background-repeat":"repeat","background-position":"center center","background-size":"auto","background-attachment":"scroll","background-type":"","background-media":"","overlay-type":"","overlay-color":"","overlay-opacity":"","overlay-gradient":""},"tablet":{"background-color":"var(--ast-global-color-4)","background-image":"","background-repeat":"repeat","background-position":"center center","background-size":"auto","background-attachment":"scroll","background-type":"","background-media":"","overlay-type":"","overlay-color":"","overlay-opacity":"","overlay-gradient":""},"mobile":{"background-color":"var(--ast-global-color-4)","background-image":"","background-repeat":"repeat","background-position":"center center","background-size":"auto","background-attachment":"scroll","background-type":"","background-media":"","overlay-type":"","overlay-color":"","overlay-opacity":"","overlay-gradient":""}}},"product_brand":[],"product_cat":[95,101,97],"product_tag":[215],"class_list":{"0":"post-3810","1":"product","2":"type-product","3":"status-publish","4":"has-post-thumbnail","6":"product_cat-promotional-usb-drive","7":"product_cat-usb-pendrive-with-keychain","8":"product_cat-wristband-usb-drives","9":"product_tag-pink-usb-flash-drive","10":"desktop-align-left","11":"tablet-align-left","12":"mobile-align-left","14":"first","15":"instock","16":"shipping-taxable","17":"product-type-simple"},"_links":{"self":[{"href":"https:\/\/www.usborkeychain.com\/it\/wp-json\/wp\/v2\/product\/3810","targetHints":{"allow":["GET"]}}],"collection":[{"href":"https:\/\/www.usborkeychain.com\/it\/wp-json\/wp\/v2\/product"}],"about":[{"href":"https:\/\/www.usborkeychain.com\/it\/wp-json\/wp\/v2\/types\/product"}],"replies":[{"embeddable":true,"href":"https:\/\/www.usborkeychain.com\/it\/wp-json\/wp\/v2\/comments?post=3810"}],"wp:featuredmedia":[{"embeddable":true,"href":"https:\/\/www.usborkeychain.com\/it\/wp-json\/wp\/v2\/media\/3817"}],"wp:attachment":[{"href":"https:\/\/www.usborkeychain.com\/it\/wp-json\/wp\/v2\/media?parent=3810"}],"wp:term":[{"taxonomy":"product_brand","embeddable":true,"href":"https:\/\/www.usborkeychain.com\/it\/wp-json\/wp\/v2\/product_brand?post=3810"},{"taxonomy":"product_cat","embeddable":true,"href":"https:\/\/www.usborkeychain.com\/it\/wp-json\/wp\/v2\/product_cat?post=3810"},{"taxonomy":"product_tag","embeddable":true,"href":"https:\/\/www.usborkeychain.com\/it\/wp-json\/wp\/v2\/product_tag?post=3810"}],"curies":[{"name":"wp","href":"https:\/\/api.w.org\/{rel}","templated":true}]}}