{"id":3826,"date":"2025-07-06T06:34:51","date_gmt":"2025-07-06T06:34:51","guid":{"rendered":"https:\/\/www.usborkeychain.com\/?post_type=product&#038;p=3826"},"modified":"2025-07-08T01:56:14","modified_gmt":"2025-07-08T01:56:14","slug":"soft-pvc-cloud-usb-stick-custom-made","status":"publish","type":"product","link":"https:\/\/www.usborkeychain.com\/it\/prodotto\/soft-pvc-cloud-usb-stick-custom-made\/","title":{"rendered":"Chiavetta USB a nuvola in PVC morbido su misura"},"content":{"rendered":"<p>Nell'era odierna della personalizzazione e del riconoscimento del marchio, le unit\u00e0 USB personalizzate sono diventate una scelta popolare per i regali aziendali. YOUSAN ha creato una serie di <strong>unit\u00e0 USB a forma di nuvola<\/strong> in materiale eco-compatibile <strong>Gomma morbida in PVC<\/strong>utilizzando tecniche di stampaggio professionali per produrre design morbidi e affascinanti con una sensazione di morbidezza al tatto. Queste unit\u00e0 combinano la praticit\u00e0 con l'estro artistico. <\/p>\n\n\n\n<h2 class=\"wp-block-heading\"><strong>Unit\u00e0 USB personalizzata Panda Design<\/strong><\/h2>\n\n\n\n<p>Questa USB a forma di nuvola \u00e8 dotata di un <strong>grafica del panda<\/strong>Il logo \u00e8 un'immagine che unisce la morbidezza del profilo di una nuvola con il design di un simpatico e amichevole panda. Il panda in stile cartone animato si trova al centro della nuvola, creando una forte identit\u00e0 visiva e un senso di calore, perfetto per trasmettere i temi della consapevolezza ambientale e della simpatia del marchio. Questo design \u00e8 stato ben accolto, soprattutto dal pubblico pi\u00f9 giovane e dai settori legati alle famiglie e ai bambini. \u00c8 un omaggio aziendale divertente e memorabile.<\/p>\n\n\n\n<div class=\"wp-block-columns is-layout-flex wp-container-core-columns-is-layout-28f84493 wp-block-columns-is-layout-flex\">\n<div class=\"wp-block-column is-layout-flow wp-block-column-is-layout-flow\">\n<figure class=\"wp-block-image size-full\"><img alt=\"\" fetchpriority=\"high\" decoding=\"async\" width=\"800\" height=\"800\" src=\"https:\/\/www.usborkeychain.com\/wp-content\/uploads\/Custom-Cloud-Shaped-USB-Drive.png\" class=\"wp-image-3831\" srcset=\"https:\/\/www.usborkeychain.com\/wp-content\/uploads\/Custom-Cloud-Shaped-USB-Drive.png 800w, https:\/\/www.usborkeychain.com\/wp-content\/uploads\/Custom-Cloud-Shaped-USB-Drive-300x300.png 300w, https:\/\/www.usborkeychain.com\/wp-content\/uploads\/Custom-Cloud-Shaped-USB-Drive-150x150.png 150w, https:\/\/www.usborkeychain.com\/wp-content\/uploads\/Custom-Cloud-Shaped-USB-Drive-768x768.png 768w, https:\/\/www.usborkeychain.com\/wp-content\/uploads\/Custom-Cloud-Shaped-USB-Drive-12x12.png 12w, https:\/\/www.usborkeychain.com\/wp-content\/uploads\/Custom-Cloud-Shaped-USB-Drive-600x600.png 600w, https:\/\/www.usborkeychain.com\/wp-content\/uploads\/Custom-Cloud-Shaped-USB-Drive-100x100.png 100w\" sizes=\"(max-width: 800px) 100vw, 800px\" \/><\/figure>\n<\/div>\n\n\n\n<div class=\"wp-block-column is-layout-flow wp-block-column-is-layout-flow\">\n<figure class=\"wp-block-image size-full\"><img decoding=\"async\" width=\"800\" height=\"800\" src=\"https:\/\/www.usborkeychain.com\/wp-content\/uploads\/Creative-Cloud-USB-Flash-Drive-Gift.png\" alt=\"Creative Cloud USB Flash Drive Gift\" class=\"wp-image-3830\" srcset=\"https:\/\/www.usborkeychain.com\/wp-content\/uploads\/Creative-Cloud-USB-Flash-Drive-Gift.png 800w, https:\/\/www.usborkeychain.com\/wp-content\/uploads\/Creative-Cloud-USB-Flash-Drive-Gift-300x300.png 300w, https:\/\/www.usborkeychain.com\/wp-content\/uploads\/Creative-Cloud-USB-Flash-Drive-Gift-150x150.png 150w, https:\/\/www.usborkeychain.com\/wp-content\/uploads\/Creative-Cloud-USB-Flash-Drive-Gift-768x768.png 768w, https:\/\/www.usborkeychain.com\/wp-content\/uploads\/Creative-Cloud-USB-Flash-Drive-Gift-12x12.png 12w, https:\/\/www.usborkeychain.com\/wp-content\/uploads\/Creative-Cloud-USB-Flash-Drive-Gift-600x600.png 600w, https:\/\/www.usborkeychain.com\/wp-content\/uploads\/Creative-Cloud-USB-Flash-Drive-Gift-100x100.png 100w\" sizes=\"(max-width: 800px) 100vw, 800px\" \/><\/figure>\n<\/div>\n<\/div>\n\n\n\n<h2 class=\"wp-block-heading\"><strong>Unit\u00e0 USB personalizzata a forma di nuvola con logo aziendale<\/strong><\/h2>\n\n\n\n<p><\/p>\n\n\n\n<div class=\"wp-block-columns is-layout-flex wp-container-core-columns-is-layout-28f84493 wp-block-columns-is-layout-flex\">\n<div class=\"wp-block-column is-layout-flow wp-block-column-is-layout-flow\">\n<figure class=\"wp-block-image size-full\"><img decoding=\"async\" width=\"800\" height=\"800\" src=\"https:\/\/www.usborkeychain.com\/wp-content\/uploads\/Soft-PVC-Cloud-USB-Stick-Custom-Made.png\" alt=\"Soft PVC Cloud USB Stick Custom Made\" class=\"wp-image-3835\" srcset=\"https:\/\/www.usborkeychain.com\/wp-content\/uploads\/Soft-PVC-Cloud-USB-Stick-Custom-Made.png 800w, https:\/\/www.usborkeychain.com\/wp-content\/uploads\/Soft-PVC-Cloud-USB-Stick-Custom-Made-300x300.png 300w, https:\/\/www.usborkeychain.com\/wp-content\/uploads\/Soft-PVC-Cloud-USB-Stick-Custom-Made-150x150.png 150w, https:\/\/www.usborkeychain.com\/wp-content\/uploads\/Soft-PVC-Cloud-USB-Stick-Custom-Made-768x768.png 768w, https:\/\/www.usborkeychain.com\/wp-content\/uploads\/Soft-PVC-Cloud-USB-Stick-Custom-Made-12x12.png 12w, https:\/\/www.usborkeychain.com\/wp-content\/uploads\/Soft-PVC-Cloud-USB-Stick-Custom-Made-600x600.png 600w, https:\/\/www.usborkeychain.com\/wp-content\/uploads\/Soft-PVC-Cloud-USB-Stick-Custom-Made-100x100.png 100w\" sizes=\"(max-width: 800px) 100vw, 800px\" \/><\/figure>\n<\/div>\n\n\n\n<div class=\"wp-block-column is-vertically-aligned-center is-layout-flow wp-block-column-is-layout-flow\">\n<p>Il secondo stile \u00e8 stato realizzato su misura per un'azienda tecnologica, mantenendo la semplicit\u00e0 della forma a nuvola, ma incorporando l'immagine di un'azienda tecnologica. <strong>logo dell'azienda<\/strong> in evidenza sulla parte anteriore. Il logo \u00e8 stato ricreato in 3D utilizzando un materiale in PVC morbido, con un dettaglio preciso dei colori e dei contorni. <\/p>\n\n\n\n<p>Questo tipo di personalizzazione non solo migliora l'aspetto visivo, ma trasforma l'USB in uno strumento riconoscibile e pratico per conferenze, riunioni ed eventi aziendali.<\/p>\n<\/div>\n<\/div>\n\n\n\n<h2 class=\"wp-block-heading\"><strong>URL e logo del sito web Unit\u00e0 USB personalizzata<\/strong><\/h2>\n\n\n\n<p>La terza versione presenta il <strong>URL del sito web dell'azienda<\/strong> inciso nella parte inferiore dell'USB a forma di nuvola. Realizzato con tecniche a rilievo, l'indirizzo web non solo \u00e8 integrato visivamente, ma funziona anche come strumento di marketing sottile ma efficace. Questo approccio pratico e promozionale lo rende una scelta intelligente per il lancio di prodotti o per eventi di promozione del marchio, incoraggiando il traffico verso il sito web aziendale e aumentando il coinvolgimento.<\/p>\n\n\n\n<div class=\"wp-block-columns is-layout-flex wp-container-core-columns-is-layout-28f84493 wp-block-columns-is-layout-flex\">\n<div class=\"wp-block-column is-layout-flow wp-block-column-is-layout-flow\">\n<figure class=\"wp-block-image size-full\"><img loading=\"lazy\" decoding=\"async\" width=\"800\" height=\"800\" src=\"https:\/\/www.usborkeychain.com\/wp-content\/uploads\/Logo-Printed-Cloud-USB-Flash-Drive.png\" alt=\"Logo Printed Cloud USB Flash Drive\" class=\"wp-image-3833\" srcset=\"https:\/\/www.usborkeychain.com\/wp-content\/uploads\/Logo-Printed-Cloud-USB-Flash-Drive.png 800w, https:\/\/www.usborkeychain.com\/wp-content\/uploads\/Logo-Printed-Cloud-USB-Flash-Drive-300x300.png 300w, https:\/\/www.usborkeychain.com\/wp-content\/uploads\/Logo-Printed-Cloud-USB-Flash-Drive-150x150.png 150w, https:\/\/www.usborkeychain.com\/wp-content\/uploads\/Logo-Printed-Cloud-USB-Flash-Drive-768x768.png 768w, https:\/\/www.usborkeychain.com\/wp-content\/uploads\/Logo-Printed-Cloud-USB-Flash-Drive-12x12.png 12w, https:\/\/www.usborkeychain.com\/wp-content\/uploads\/Logo-Printed-Cloud-USB-Flash-Drive-600x600.png 600w, https:\/\/www.usborkeychain.com\/wp-content\/uploads\/Logo-Printed-Cloud-USB-Flash-Drive-100x100.png 100w\" sizes=\"(max-width: 800px) 100vw, 800px\" \/><\/figure>\n<\/div>\n\n\n\n<div class=\"wp-block-column is-layout-flow wp-block-column-is-layout-flow\">\n<figure class=\"wp-block-image size-full\"><img loading=\"lazy\" decoding=\"async\" width=\"800\" height=\"800\" src=\"https:\/\/www.usborkeychain.com\/wp-content\/uploads\/Bulk-Custom-Cloud-USB-Drives.png\" alt=\"Bulk Custom Cloud USB Drives\" class=\"wp-image-3829\" srcset=\"https:\/\/www.usborkeychain.com\/wp-content\/uploads\/Bulk-Custom-Cloud-USB-Drives.png 800w, https:\/\/www.usborkeychain.com\/wp-content\/uploads\/Bulk-Custom-Cloud-USB-Drives-300x300.png 300w, https:\/\/www.usborkeychain.com\/wp-content\/uploads\/Bulk-Custom-Cloud-USB-Drives-150x150.png 150w, https:\/\/www.usborkeychain.com\/wp-content\/uploads\/Bulk-Custom-Cloud-USB-Drives-768x768.png 768w, https:\/\/www.usborkeychain.com\/wp-content\/uploads\/Bulk-Custom-Cloud-USB-Drives-12x12.png 12w, https:\/\/www.usborkeychain.com\/wp-content\/uploads\/Bulk-Custom-Cloud-USB-Drives-600x600.png 600w, https:\/\/www.usborkeychain.com\/wp-content\/uploads\/Bulk-Custom-Cloud-USB-Drives-100x100.png 100w\" sizes=\"(max-width: 800px) 100vw, 800px\" \/><\/figure>\n<\/div>\n<\/div>\n\n\n\n<p>Queste tre unit\u00e0 USB a forma di nuvola, ognuna fatta di <strong>PVC ecologico in gomma morbida<\/strong>-si distinguono per il loro design unico, la sensazione di comfort e il forte impatto del marchio. Come regali aziendali, contribuiscono a migliorare la visibilit\u00e0 del marchio e ad approfondire il legame con i clienti. YOUSAN continua a fornire soluzioni USB personalizzate, creative e di alta qualit\u00e0, adatte alle esigenze di branding di ogni cliente.<\/p>","protected":false},"excerpt":{"rendered":"<ul>\n<li>USB a forma di nuvola<\/li>\n<li>USB2.0<\/li>\n<li>Stili usb con stampo in PVC<\/li>\n<li>Molti colori possono essere scelti<\/li>\n<li>MOQ: 100pcs<\/li>\n<\/ul>","protected":false},"featured_media":3835,"comment_status":"open","ping_status":"closed","template":"","meta":{"_seopress_robots_primary_cat":"","_seopress_titles_title":"","_seopress_titles_desc":"","_seopress_robots_index":"","site-sidebar-layout":"default","site-content-layout":"","ast-site-content-layout":"","site-content-style":"default","site-sidebar-style":"default","ast-global-header-display":"","ast-banner-title-visibility":"","ast-main-header-display":"","ast-hfb-above-header-display":"","ast-hfb-below-header-display":"","ast-hfb-mobile-header-display":"","site-post-title":"","ast-breadcrumbs-content":"","ast-featured-img":"","footer-sml-layout":"","theme-transparent-header-meta":"","adv-header-id-meta":"","stick-header-meta":"","header-above-stick-meta":"","header-main-stick-meta":"","header-below-stick-meta":"","astra-migrate-meta-layouts":"default","ast-page-background-enabled":"default","ast-page-background-meta":{"desktop":{"background-color":"var(--ast-global-color-5)","background-image":"","background-repeat":"repeat","background-position":"center center","background-size":"auto","background-attachment":"scroll","background-type":"","background-media":"","overlay-type":"","overlay-color":"","overlay-opacity":"","overlay-gradient":""},"tablet":{"background-color":"","background-image":"","background-repeat":"repeat","background-position":"center center","background-size":"auto","background-attachment":"scroll","background-type":"","background-media":"","overlay-type":"","overlay-color":"","overlay-opacity":"","overlay-gradient":""},"mobile":{"background-color":"","background-image":"","background-repeat":"repeat","background-position":"center center","background-size":"auto","background-attachment":"scroll","background-type":"","background-media":"","overlay-type":"","overlay-color":"","overlay-opacity":"","overlay-gradient":""}},"ast-content-background-meta":{"desktop":{"background-color":"var(--ast-global-color-4)","background-image":"","background-repeat":"repeat","background-position":"center center","background-size":"auto","background-attachment":"scroll","background-type":"","background-media":"","overlay-type":"","overlay-color":"","overlay-opacity":"","overlay-gradient":""},"tablet":{"background-color":"var(--ast-global-color-4)","background-image":"","background-repeat":"repeat","background-position":"center center","background-size":"auto","background-attachment":"scroll","background-type":"","background-media":"","overlay-type":"","overlay-color":"","overlay-opacity":"","overlay-gradient":""},"mobile":{"background-color":"var(--ast-global-color-4)","background-image":"","background-repeat":"repeat","background-position":"center center","background-size":"auto","background-attachment":"scroll","background-type":"","background-media":"","overlay-type":"","overlay-color":"","overlay-opacity":"","overlay-gradient":""}}},"product_brand":[],"product_cat":[94],"product_tag":[],"class_list":{"0":"post-3826","1":"product","2":"type-product","3":"status-publish","4":"has-post-thumbnail","6":"product_cat-pvc-usb-pendrive","7":"desktop-align-left","8":"tablet-align-left","9":"mobile-align-left","11":"first","12":"instock","13":"shipping-taxable","14":"product-type-simple"},"_links":{"self":[{"href":"https:\/\/www.usborkeychain.com\/it\/wp-json\/wp\/v2\/product\/3826","targetHints":{"allow":["GET"]}}],"collection":[{"href":"https:\/\/www.usborkeychain.com\/it\/wp-json\/wp\/v2\/product"}],"about":[{"href":"https:\/\/www.usborkeychain.com\/it\/wp-json\/wp\/v2\/types\/product"}],"replies":[{"embeddable":true,"href":"https:\/\/www.usborkeychain.com\/it\/wp-json\/wp\/v2\/comments?post=3826"}],"wp:featuredmedia":[{"embeddable":true,"href":"https:\/\/www.usborkeychain.com\/it\/wp-json\/wp\/v2\/media\/3835"}],"wp:attachment":[{"href":"https:\/\/www.usborkeychain.com\/it\/wp-json\/wp\/v2\/media?parent=3826"}],"wp:term":[{"taxonomy":"product_brand","embeddable":true,"href":"https:\/\/www.usborkeychain.com\/it\/wp-json\/wp\/v2\/product_brand?post=3826"},{"taxonomy":"product_cat","embeddable":true,"href":"https:\/\/www.usborkeychain.com\/it\/wp-json\/wp\/v2\/product_cat?post=3826"},{"taxonomy":"product_tag","embeddable":true,"href":"https:\/\/www.usborkeychain.com\/it\/wp-json\/wp\/v2\/product_tag?post=3826"}],"curies":[{"name":"wp","href":"https:\/\/api.w.org\/{rel}","templated":true}]}}