{"id":3962,"date":"2025-07-09T09:57:25","date_gmt":"2025-07-09T09:57:25","guid":{"rendered":"https:\/\/www.usborkeychain.com\/?post_type=product&#038;p=3962"},"modified":"2025-07-09T10:00:06","modified_gmt":"2025-07-09T10:00:06","slug":"bottle-shaped-usb-flash-drive-for-mountain-new","status":"publish","type":"product","link":"https:\/\/www.usborkeychain.com\/it\/prodotto\/bottle-shaped-usb-flash-drive-for-mountain-new\/","title":{"rendered":"Chiavetta USB a forma di bottiglia per le nuove montagne"},"content":{"rendered":"<p><\/p>\n\n\n\n<div class=\"wp-block-columns is-layout-flex wp-container-core-columns-is-layout-28f84493 wp-block-columns-is-layout-flex\">\n<div class=\"wp-block-column is-layout-flow wp-block-column-is-layout-flow\">\n<figure class=\"wp-block-image size-full\"><img fetchpriority=\"high\" decoding=\"async\" width=\"800\" height=\"800\" src=\"https:\/\/www.usborkeychain.com\/wp-content\/uploads\/bootle-shaped-usb-flash-drive.png\" alt=\"bootle-shaped-usb-flash-drive\" class=\"wp-image-3965\" srcset=\"https:\/\/www.usborkeychain.com\/wp-content\/uploads\/bootle-shaped-usb-flash-drive.png 800w, https:\/\/www.usborkeychain.com\/wp-content\/uploads\/bootle-shaped-usb-flash-drive-300x300.png 300w, https:\/\/www.usborkeychain.com\/wp-content\/uploads\/bootle-shaped-usb-flash-drive-150x150.png 150w, https:\/\/www.usborkeychain.com\/wp-content\/uploads\/bootle-shaped-usb-flash-drive-768x768.png 768w, https:\/\/www.usborkeychain.com\/wp-content\/uploads\/bootle-shaped-usb-flash-drive-12x12.png 12w, https:\/\/www.usborkeychain.com\/wp-content\/uploads\/bootle-shaped-usb-flash-drive-600x600.png 600w, https:\/\/www.usborkeychain.com\/wp-content\/uploads\/bootle-shaped-usb-flash-drive-100x100.png 100w\" sizes=\"(max-width: 800px) 100vw, 800px\" \/><\/figure>\n<\/div>\n\n\n\n<div class=\"wp-block-column is-vertically-aligned-center is-layout-flow wp-block-column-is-layout-flow\">\n<p>Questa unit\u00e0 flash USB a forma di bottiglia \u00e8 dotata di capacit\u00e0 di memorizzazione personalizzabili di 8 GB, 16 GB, 32 GB o 64 GB. Supporta le interfacce USB 2.0 e 3.0 ed \u00e8 compatibile con i sistemi Windows, macOS e Linux. Il prodotto misura circa 70x25x20 mm e pesa circa 22 g. <\/p>\n\n\n\n<p>Progettato per assomigliare a una bottiglia di bevanda energetica Mountain Dew, \u00e8 stato creato come regalo promozionale per le campagne pubblicitarie e di branding di Mountain Dew.<\/p>\n<\/div>\n<\/div>\n\n\n\n<p>L'involucro esterno \u00e8 realizzato in gomma morbida PVC verde ecologica, che offre una presa confortevole e una buona protezione da acqua e polvere. Il corpo della bottiglia \u00e8 realizzato con uno stampaggio a iniezione ad alta precisione con una finitura realistica, con un logo Mountain Dew ad alta risoluzione in rosso e verde brillante per un forte contrasto visivo. Il tappo si apre per rivelare il connettore USB nascosto, che rimane completamente protetto quando \u00e8 chiuso.<\/p>\n\n\n\n<div class=\"wp-block-columns is-layout-flex wp-container-core-columns-is-layout-28f84493 wp-block-columns-is-layout-flex\">\n<div class=\"wp-block-column is-layout-flow wp-block-column-is-layout-flow\">\n<figure class=\"wp-block-image size-full\"><img decoding=\"async\" width=\"800\" height=\"800\" src=\"https:\/\/www.usborkeychain.com\/wp-content\/uploads\/bootle-shaped-usb-flash-drive-for-mountain-new.png\" alt=\"bootle-shaped-usb-flash-drive-for-mountain-new\" class=\"wp-image-3966\" srcset=\"https:\/\/www.usborkeychain.com\/wp-content\/uploads\/bootle-shaped-usb-flash-drive-for-mountain-new.png 800w, https:\/\/www.usborkeychain.com\/wp-content\/uploads\/bootle-shaped-usb-flash-drive-for-mountain-new-300x300.png 300w, https:\/\/www.usborkeychain.com\/wp-content\/uploads\/bootle-shaped-usb-flash-drive-for-mountain-new-150x150.png 150w, https:\/\/www.usborkeychain.com\/wp-content\/uploads\/bootle-shaped-usb-flash-drive-for-mountain-new-768x768.png 768w, https:\/\/www.usborkeychain.com\/wp-content\/uploads\/bootle-shaped-usb-flash-drive-for-mountain-new-12x12.png 12w, https:\/\/www.usborkeychain.com\/wp-content\/uploads\/bootle-shaped-usb-flash-drive-for-mountain-new-600x600.png 600w, https:\/\/www.usborkeychain.com\/wp-content\/uploads\/bootle-shaped-usb-flash-drive-for-mountain-new-100x100.png 100w\" sizes=\"(max-width: 800px) 100vw, 800px\" \/><\/figure>\n<\/div>\n\n\n\n<div class=\"wp-block-column is-layout-flow wp-block-column-is-layout-flow\">\n<figure class=\"wp-block-image size-full\"><img decoding=\"async\" width=\"800\" height=\"800\" src=\"https:\/\/www.usborkeychain.com\/wp-content\/uploads\/bottle-shaped-usb-flash-drive.png\" alt=\"bottle-shaped-usb-flash-drive\" class=\"wp-image-3967\" srcset=\"https:\/\/www.usborkeychain.com\/wp-content\/uploads\/bottle-shaped-usb-flash-drive.png 800w, https:\/\/www.usborkeychain.com\/wp-content\/uploads\/bottle-shaped-usb-flash-drive-300x300.png 300w, https:\/\/www.usborkeychain.com\/wp-content\/uploads\/bottle-shaped-usb-flash-drive-150x150.png 150w, https:\/\/www.usborkeychain.com\/wp-content\/uploads\/bottle-shaped-usb-flash-drive-768x768.png 768w, https:\/\/www.usborkeychain.com\/wp-content\/uploads\/bottle-shaped-usb-flash-drive-12x12.png 12w, https:\/\/www.usborkeychain.com\/wp-content\/uploads\/bottle-shaped-usb-flash-drive-600x600.png 600w, https:\/\/www.usborkeychain.com\/wp-content\/uploads\/bottle-shaped-usb-flash-drive-100x100.png 100w\" sizes=\"(max-width: 800px) 100vw, 800px\" \/><\/figure>\n<\/div>\n<\/div>\n\n\n\n<p>Questa chiavetta USB \u00e8 stata progettata su misura per Mountain Dew come omaggio promozionale. La personalizzazione comprende la stampa del logo, la confezione con il marchio e le opzioni per le dimensioni della memoria, assicurando il pieno allineamento con l'immagine del marchio. \u00c8 stata ben accolta nelle campagne per la sua praticit\u00e0 d'uso e per l'impatto del marchio.<\/p>\n\n\n\n<p>Come articolo da regalo, la chiavetta USB a forma di bottiglia si distingue per il suo design creativo e la sua funzionalit\u00e0. \u00c8 perfetta per attirare l'attenzione alle fiere, sui social media e nell'uso quotidiano, contribuendo ad aumentare efficacemente l'esposizione e il coinvolgimento del marchio.<\/p>","protected":false},"excerpt":{"rendered":"<ul>\n<li>Materiale PVC<\/li>\n<li>Forma di bottiglia verde<\/li>\n<li>MOQ: 100PCS<\/li>\n<li>Omaggio promozionale<\/li>\n<li>Per l'azienda Mountain Dew<\/li>\n<\/ul>","protected":false},"featured_media":3965,"comment_status":"open","ping_status":"closed","template":"","meta":{"_seopress_robots_primary_cat":"","_seopress_titles_title":"","_seopress_titles_desc":"","_seopress_robots_index":"","site-sidebar-layout":"default","site-content-layout":"","ast-site-content-layout":"","site-content-style":"default","site-sidebar-style":"default","ast-global-header-display":"","ast-banner-title-visibility":"","ast-main-header-display":"","ast-hfb-above-header-display":"","ast-hfb-below-header-display":"","ast-hfb-mobile-header-display":"","site-post-title":"","ast-breadcrumbs-content":"","ast-featured-img":"","footer-sml-layout":"","theme-transparent-header-meta":"","adv-header-id-meta":"","stick-header-meta":"","header-above-stick-meta":"","header-main-stick-meta":"","header-below-stick-meta":"","astra-migrate-meta-layouts":"default","ast-page-background-enabled":"default","ast-page-background-meta":{"desktop":{"background-color":"var(--ast-global-color-5)","background-image":"","background-repeat":"repeat","background-position":"center center","background-size":"auto","background-attachment":"scroll","background-type":"","background-media":"","overlay-type":"","overlay-color":"","overlay-opacity":"","overlay-gradient":""},"tablet":{"background-color":"","background-image":"","background-repeat":"repeat","background-position":"center center","background-size":"auto","background-attachment":"scroll","background-type":"","background-media":"","overlay-type":"","overlay-color":"","overlay-opacity":"","overlay-gradient":""},"mobile":{"background-color":"","background-image":"","background-repeat":"repeat","background-position":"center center","background-size":"auto","background-attachment":"scroll","background-type":"","background-media":"","overlay-type":"","overlay-color":"","overlay-opacity":"","overlay-gradient":""}},"ast-content-background-meta":{"desktop":{"background-color":"var(--ast-global-color-4)","background-image":"","background-repeat":"repeat","background-position":"center center","background-size":"auto","background-attachment":"scroll","background-type":"","background-media":"","overlay-type":"","overlay-color":"","overlay-opacity":"","overlay-gradient":""},"tablet":{"background-color":"var(--ast-global-color-4)","background-image":"","background-repeat":"repeat","background-position":"center center","background-size":"auto","background-attachment":"scroll","background-type":"","background-media":"","overlay-type":"","overlay-color":"","overlay-opacity":"","overlay-gradient":""},"mobile":{"background-color":"var(--ast-global-color-4)","background-image":"","background-repeat":"repeat","background-position":"center center","background-size":"auto","background-attachment":"scroll","background-type":"","background-media":"","overlay-type":"","overlay-color":"","overlay-opacity":"","overlay-gradient":""}}},"product_brand":[],"product_cat":[94],"product_tag":[219],"class_list":{"0":"post-3962","1":"product","2":"type-product","3":"status-publish","4":"has-post-thumbnail","6":"product_cat-pvc-usb-pendrive","7":"product_tag-bottle-shape-usb-flash-drive","8":"desktop-align-left","9":"tablet-align-left","10":"mobile-align-left","12":"first","13":"instock","14":"shipping-taxable","15":"product-type-simple"},"_links":{"self":[{"href":"https:\/\/www.usborkeychain.com\/it\/wp-json\/wp\/v2\/product\/3962","targetHints":{"allow":["GET"]}}],"collection":[{"href":"https:\/\/www.usborkeychain.com\/it\/wp-json\/wp\/v2\/product"}],"about":[{"href":"https:\/\/www.usborkeychain.com\/it\/wp-json\/wp\/v2\/types\/product"}],"replies":[{"embeddable":true,"href":"https:\/\/www.usborkeychain.com\/it\/wp-json\/wp\/v2\/comments?post=3962"}],"wp:featuredmedia":[{"embeddable":true,"href":"https:\/\/www.usborkeychain.com\/it\/wp-json\/wp\/v2\/media\/3965"}],"wp:attachment":[{"href":"https:\/\/www.usborkeychain.com\/it\/wp-json\/wp\/v2\/media?parent=3962"}],"wp:term":[{"taxonomy":"product_brand","embeddable":true,"href":"https:\/\/www.usborkeychain.com\/it\/wp-json\/wp\/v2\/product_brand?post=3962"},{"taxonomy":"product_cat","embeddable":true,"href":"https:\/\/www.usborkeychain.com\/it\/wp-json\/wp\/v2\/product_cat?post=3962"},{"taxonomy":"product_tag","embeddable":true,"href":"https:\/\/www.usborkeychain.com\/it\/wp-json\/wp\/v2\/product_tag?post=3962"}],"curies":[{"name":"wp","href":"https:\/\/api.w.org\/{rel}","templated":true}]}}