{"id":3969,"date":"2025-07-10T00:19:20","date_gmt":"2025-07-10T00:19:20","guid":{"rendered":"https:\/\/www.usborkeychain.com\/?post_type=product&#038;p=3969"},"modified":"2025-07-10T00:21:34","modified_gmt":"2025-07-10T00:21:34","slug":"glass-bottle-usb-drive-with-wooden-cork","status":"publish","type":"product","link":"https:\/\/www.usborkeychain.com\/it\/prodotto\/glass-bottle-usb-drive-with-wooden-cork\/","title":{"rendered":"Unit\u00e0 USB in bottiglia di vetro con tappo in legno"},"content":{"rendered":"<p><\/p>\n\n\n\n<div class=\"wp-block-columns is-layout-flex wp-container-core-columns-is-layout-28f84493 wp-block-columns-is-layout-flex\">\n<div class=\"wp-block-column is-layout-flow wp-block-column-is-layout-flow\">\n<figure class=\"wp-block-image size-large\"><img alt=\"Creative Glass Bottle USB Flash Drive\" fetchpriority=\"high\" decoding=\"async\" width=\"1024\" height=\"1024\" src=\"https:\/\/www.usborkeychain.com\/wp-content\/uploads\/Creative-Glass-Bottle-USB-Flash-Drive-1024x1024.jpg\" class=\"wp-image-3972\" srcset=\"https:\/\/www.usborkeychain.com\/wp-content\/uploads\/Creative-Glass-Bottle-USB-Flash-Drive-1024x1024.jpg 1024w, https:\/\/www.usborkeychain.com\/wp-content\/uploads\/Creative-Glass-Bottle-USB-Flash-Drive-300x300.jpg 300w, https:\/\/www.usborkeychain.com\/wp-content\/uploads\/Creative-Glass-Bottle-USB-Flash-Drive-150x150.jpg 150w, https:\/\/www.usborkeychain.com\/wp-content\/uploads\/Creative-Glass-Bottle-USB-Flash-Drive-768x768.jpg 768w, https:\/\/www.usborkeychain.com\/wp-content\/uploads\/Creative-Glass-Bottle-USB-Flash-Drive-12x12.jpg 12w, https:\/\/www.usborkeychain.com\/wp-content\/uploads\/Creative-Glass-Bottle-USB-Flash-Drive-600x600.jpg 600w, https:\/\/www.usborkeychain.com\/wp-content\/uploads\/Creative-Glass-Bottle-USB-Flash-Drive-100x100.jpg 100w, https:\/\/www.usborkeychain.com\/wp-content\/uploads\/Creative-Glass-Bottle-USB-Flash-Drive.jpg 1200w\" sizes=\"(max-width: 1024px) 100vw, 1024px\" \/><\/figure>\n<\/div>\n\n\n\n<div class=\"wp-block-column is-vertically-aligned-center is-layout-flow wp-block-column-is-layout-flow\">\n<p>In qualit\u00e0 di produttore professionale di unit\u00e0 USB, abbiamo lanciato l'esclusiva unit\u00e0 USB con bottiglia di vetro.<\/p>\n\n\n\n<p> \u00c8 caratterizzato da un corpo di bottiglia in vetro trasparente abbinato a un tappo di sughero testurizzato, con un chip USB abilmente incorporato all'interno del tappo. Questa perfetta combinazione di praticit\u00e0 ed estetica consente alla nostra fabbrica di produrla in serie per soddisfare le richieste del mercato.<\/p>\n<\/div>\n<\/div>\n\n\n\n<h3 class=\"wp-block-heading\">Quali sono le caratteristiche dell'unit\u00e0 USB con bottiglia di vetro?<\/h3>\n\n\n\n<p>Questa unit\u00e0 USB con bottiglia di vetro ha un corpo in vetro trasparente, che mostra una consistenza pura e traslucida, mentre il tappo di sughero aggiunge un tocco naturale. La forma complessiva della bottiglia \u00e8 unica e originale e la rende uno stile altamente rappresentativo tra le unit\u00e0 USB trasparenti. Il produttore presta attenzione ai dettagli del design, rendendo il prodotto pi\u00f9 attraente.<\/p>\n\n\n\n<p>Uno dei vantaggi principali della chiavetta USB con bottiglia di vetro \u00e8 l'elevato grado di personalizzazione, che la rende particolarmente adatta al marketing aziendale o all'espressione emotiva personale:<\/p>\n\n\n\n<div class=\"wp-block-columns is-layout-flex wp-container-core-columns-is-layout-9c22b1e3 wp-block-columns-is-layout-flex\">\n<div class=\"wp-block-column is-layout-flow wp-block-column-is-layout-flow\">\n<figure class=\"wp-block-image size-large\"><img alt=\"Glass Bottle Shaped USB Drive\" decoding=\"async\" width=\"1024\" height=\"1024\" src=\"https:\/\/www.usborkeychain.com\/wp-content\/uploads\/Glass-Bottle-Shaped-USB-Drive-1024x1024.jpg\" class=\"wp-image-3973\" srcset=\"https:\/\/www.usborkeychain.com\/wp-content\/uploads\/Glass-Bottle-Shaped-USB-Drive-1024x1024.jpg 1024w, https:\/\/www.usborkeychain.com\/wp-content\/uploads\/Glass-Bottle-Shaped-USB-Drive-300x300.jpg 300w, https:\/\/www.usborkeychain.com\/wp-content\/uploads\/Glass-Bottle-Shaped-USB-Drive-150x150.jpg 150w, https:\/\/www.usborkeychain.com\/wp-content\/uploads\/Glass-Bottle-Shaped-USB-Drive-768x768.jpg 768w, https:\/\/www.usborkeychain.com\/wp-content\/uploads\/Glass-Bottle-Shaped-USB-Drive-12x12.jpg 12w, https:\/\/www.usborkeychain.com\/wp-content\/uploads\/Glass-Bottle-Shaped-USB-Drive-600x600.jpg 600w, https:\/\/www.usborkeychain.com\/wp-content\/uploads\/Glass-Bottle-Shaped-USB-Drive-100x100.jpg 100w, https:\/\/www.usborkeychain.com\/wp-content\/uploads\/Glass-Bottle-Shaped-USB-Drive.jpg 1200w\" sizes=\"(max-width: 1024px) 100vw, 1024px\" \/><\/figure>\n<\/div>\n\n\n\n<div class=\"wp-block-column is-layout-flow wp-block-column-is-layout-flow\">\n<figure class=\"wp-block-image size-large\"><img alt=\"Glass Bottle USB Drive Custom\" decoding=\"async\" width=\"1024\" height=\"1024\" src=\"https:\/\/www.usborkeychain.com\/wp-content\/uploads\/Glass-Bottle-USB-Drive-Custom-1024x1024.jpg\" class=\"wp-image-3974\" srcset=\"https:\/\/www.usborkeychain.com\/wp-content\/uploads\/Glass-Bottle-USB-Drive-Custom-1024x1024.jpg 1024w, https:\/\/www.usborkeychain.com\/wp-content\/uploads\/Glass-Bottle-USB-Drive-Custom-300x300.jpg 300w, https:\/\/www.usborkeychain.com\/wp-content\/uploads\/Glass-Bottle-USB-Drive-Custom-150x150.jpg 150w, https:\/\/www.usborkeychain.com\/wp-content\/uploads\/Glass-Bottle-USB-Drive-Custom-768x768.jpg 768w, https:\/\/www.usborkeychain.com\/wp-content\/uploads\/Glass-Bottle-USB-Drive-Custom-12x12.jpg 12w, https:\/\/www.usborkeychain.com\/wp-content\/uploads\/Glass-Bottle-USB-Drive-Custom-600x600.jpg 600w, https:\/\/www.usborkeychain.com\/wp-content\/uploads\/Glass-Bottle-USB-Drive-Custom-100x100.jpg 100w, https:\/\/www.usborkeychain.com\/wp-content\/uploads\/Glass-Bottle-USB-Drive-Custom.jpg 1200w\" sizes=\"(max-width: 1024px) 100vw, 1024px\" \/><\/figure>\n<\/div>\n<\/div>\n\n\n\n<p>Trasporto di contenuti emozionali: L'interno della bottiglia \u00e8 dotato di uno spazio che pu\u00f2 contenere piccole note, foto, fiori secchi o altri oggetti fisici. In combinazione con file digitali (come video e documenti), consente una trasmissione bidimensionale di informazioni \"digitale + fisica\". Per esempio, in occasione di matrimoni, si possono conservare foto e benedizioni degli sposi; in occasione di eventi aziendali, si possono inserire all'interno programmi di eventi o lettere di ringraziamento, aumentando l'interattivit\u00e0 e la memorabilit\u00e0.<\/p>\n\n\n\n<h3 class=\"wp-block-heading\">Quali sono i parametri dell'unit\u00e0 USB con bottiglia di vetro?<\/h3>\n\n\n\n<figure class=\"wp-block-table\"><table class=\"has-fixed-layout\"><thead><tr><th>Parametro<\/th><th>Dettagli<\/th><\/tr><\/thead><tbody><tr><td>Capacit\u00e0 di stoccaggio<\/td><td>4GB, 8GB, 16GB, 32GB, 64GB, 128GB<\/td><\/tr><tr><td>Tipo di interfaccia<\/td><td>USB 2.0, USB 3.0 (opzionale)<\/td><\/tr><tr><td>Velocit\u00e0 di lettura<\/td><td>USB 2.0: 15-20MB\/s; USB 3.0: 80-100MB\/s<\/td><\/tr><tr><td>Velocit\u00e0 di scrittura<\/td><td>USB 2.0: 3-6MB\/s; USB 3.0: 15-30MB\/s<\/td><\/tr><tr><td>Temperatura di esercizio<\/td><td>0-60\u2103<\/td><\/tr><tr><td>Temperatura di stoccaggio<\/td><td>-20-85\u2103<\/td><\/tr><tr><td>Materiale<\/td><td>Vetro borosilicato, sughero naturale<\/td><\/tr><tr><td>Dimensione<\/td><td>Altezza 6-8cm, diametro 2-3cm (personalizzabile in base ai requisiti)<\/td><\/tr><\/tbody><\/table><\/figure>\n\n\n\n<h3 class=\"wp-block-heading\">La chiavetta USB con bottiglia di vetro pu\u00f2 essere personalizzata con un logo?<\/h3>\n\n\n\n<p>Naturalmente, i loghi possono essere stampati a rullo sull'unit\u00e0 USB della bottiglia di vetro, ottenendo un effetto UV che rende il logo pi\u00f9 chiaro, pi\u00f9 resistente e ricco di texture. La fabbrica \u00e8 dotata di attrezzature di personalizzazione avanzate per soddisfare le esigenze di personalizzazione dei diversi clienti.<\/p>\n\n\n\n<div class=\"wp-block-columns is-layout-flex wp-container-core-columns-is-layout-28f84493 wp-block-columns-is-layout-flex\">\n<div class=\"wp-block-column is-layout-flow wp-block-column-is-layout-flow\">\n<figure class=\"wp-block-image size-large\"><img alt=\"Glass Bottle USB Stick with Cork\" loading=\"lazy\" decoding=\"async\" width=\"1024\" height=\"1024\" src=\"https:\/\/www.usborkeychain.com\/wp-content\/uploads\/Glass-Bottle-USB-Stick-with-Cork-1024x1024.jpg\" class=\"wp-image-3975\" srcset=\"https:\/\/www.usborkeychain.com\/wp-content\/uploads\/Glass-Bottle-USB-Stick-with-Cork-1024x1024.jpg 1024w, https:\/\/www.usborkeychain.com\/wp-content\/uploads\/Glass-Bottle-USB-Stick-with-Cork-300x300.jpg 300w, https:\/\/www.usborkeychain.com\/wp-content\/uploads\/Glass-Bottle-USB-Stick-with-Cork-150x150.jpg 150w, https:\/\/www.usborkeychain.com\/wp-content\/uploads\/Glass-Bottle-USB-Stick-with-Cork-768x768.jpg 768w, https:\/\/www.usborkeychain.com\/wp-content\/uploads\/Glass-Bottle-USB-Stick-with-Cork-12x12.jpg 12w, https:\/\/www.usborkeychain.com\/wp-content\/uploads\/Glass-Bottle-USB-Stick-with-Cork-600x600.jpg 600w, https:\/\/www.usborkeychain.com\/wp-content\/uploads\/Glass-Bottle-USB-Stick-with-Cork-100x100.jpg 100w, https:\/\/www.usborkeychain.com\/wp-content\/uploads\/Glass-Bottle-USB-Stick-with-Cork.jpg 1200w\" sizes=\"(max-width: 1024px) 100vw, 1024px\" \/><\/figure>\n<\/div>\n\n\n\n<div class=\"wp-block-column is-layout-flow wp-block-column-is-layout-flow\">\n<figure class=\"wp-block-image size-large\"><img alt=\"Glass Bottle USB Stick with Cork\" loading=\"lazy\" decoding=\"async\" width=\"1024\" height=\"1024\" src=\"https:\/\/www.usborkeychain.com\/wp-content\/uploads\/Promotional-Glass-Bottle-USB-Gift-1024x1024.jpg\" class=\"wp-image-3976\" srcset=\"https:\/\/www.usborkeychain.com\/wp-content\/uploads\/Promotional-Glass-Bottle-USB-Gift-1024x1024.jpg 1024w, https:\/\/www.usborkeychain.com\/wp-content\/uploads\/Promotional-Glass-Bottle-USB-Gift-300x300.jpg 300w, https:\/\/www.usborkeychain.com\/wp-content\/uploads\/Promotional-Glass-Bottle-USB-Gift-150x150.jpg 150w, https:\/\/www.usborkeychain.com\/wp-content\/uploads\/Promotional-Glass-Bottle-USB-Gift-768x768.jpg 768w, https:\/\/www.usborkeychain.com\/wp-content\/uploads\/Promotional-Glass-Bottle-USB-Gift-12x12.jpg 12w, https:\/\/www.usborkeychain.com\/wp-content\/uploads\/Promotional-Glass-Bottle-USB-Gift-600x600.jpg 600w, https:\/\/www.usborkeychain.com\/wp-content\/uploads\/Promotional-Glass-Bottle-USB-Gift-100x100.jpg 100w, https:\/\/www.usborkeychain.com\/wp-content\/uploads\/Promotional-Glass-Bottle-USB-Gift.jpg 1200w\" sizes=\"(max-width: 1024px) 100vw, 1024px\" \/><\/figure>\n<\/div>\n<\/div>\n\n\n\n<h3 class=\"wp-block-heading\">Quali sono i settori industriali adatti a utilizzarlo come regalo?<\/h3>\n\n\n\n<p>L'industria dei matrimoni lo utilizza spesso come regalo ricordo e la stampa del logo degli sposi \u00e8 molto memorabile; l'industria della fotografia pu\u00f2 utilizzarlo come regalo per i lavori per dimostrare la propria professionalit\u00e0; anche l'industria della protezione ambientale lo predilige, in quanto conforme al concetto di protezione ambientale. La nostra fabbrica \u00e8 in grado di fornire forniture all'ingrosso in base alle esigenze dei diversi settori e supporta la produzione personalizzata.<\/p>\n\n\n\n<p>In conclusione, questa chiavetta USB con bottiglia di vetro \u00e8 un prodotto con caratteristiche e praticit\u00e0. \u00c8 venduta direttamente dal produttore, supporta la personalizzazione e la vendita all'ingrosso ed \u00e8 un'ottima scelta per l'acquisto di regali da parte di vari settori.<\/p>","protected":false},"excerpt":{"rendered":"<ul>\n<li>A forma di bottiglia<\/li>\n<li>Materiale in vetro e copertura in legno<\/li>\n<li>Personalizzazione del logo del marchio<\/li>\n<li>Trasporto di contenuti emozionali<\/li>\n<li>Regalo souvenir<\/li>\n<li>MOQ: 100pcs<\/li>\n<\/ul>","protected":false},"featured_media":3975,"comment_status":"open","ping_status":"closed","template":"","meta":{"_seopress_robots_primary_cat":"","_seopress_titles_title":"","_seopress_titles_desc":"","_seopress_robots_index":"","site-sidebar-layout":"default","site-content-layout":"","ast-site-content-layout":"","site-content-style":"default","site-sidebar-style":"default","ast-global-header-display":"","ast-banner-title-visibility":"","ast-main-header-display":"","ast-hfb-above-header-display":"","ast-hfb-below-header-display":"","ast-hfb-mobile-header-display":"","site-post-title":"","ast-breadcrumbs-content":"","ast-featured-img":"","footer-sml-layout":"","theme-transparent-header-meta":"","adv-header-id-meta":"","stick-header-meta":"","header-above-stick-meta":"","header-main-stick-meta":"","header-below-stick-meta":"","astra-migrate-meta-layouts":"default","ast-page-background-enabled":"default","ast-page-background-meta":{"desktop":{"background-color":"var(--ast-global-color-5)","background-image":"","background-repeat":"repeat","background-position":"center center","background-size":"auto","background-attachment":"scroll","background-type":"","background-media":"","overlay-type":"","overlay-color":"","overlay-opacity":"","overlay-gradient":""},"tablet":{"background-color":"","background-image":"","background-repeat":"repeat","background-position":"center center","background-size":"auto","background-attachment":"scroll","background-type":"","background-media":"","overlay-type":"","overlay-color":"","overlay-opacity":"","overlay-gradient":""},"mobile":{"background-color":"","background-image":"","background-repeat":"repeat","background-position":"center center","background-size":"auto","background-attachment":"scroll","background-type":"","background-media":"","overlay-type":"","overlay-color":"","overlay-opacity":"","overlay-gradient":""}},"ast-content-background-meta":{"desktop":{"background-color":"var(--ast-global-color-4)","background-image":"","background-repeat":"repeat","background-position":"center center","background-size":"auto","background-attachment":"scroll","background-type":"","background-media":"","overlay-type":"","overlay-color":"","overlay-opacity":"","overlay-gradient":""},"tablet":{"background-color":"var(--ast-global-color-4)","background-image":"","background-repeat":"repeat","background-position":"center center","background-size":"auto","background-attachment":"scroll","background-type":"","background-media":"","overlay-type":"","overlay-color":"","overlay-opacity":"","overlay-gradient":""},"mobile":{"background-color":"var(--ast-global-color-4)","background-image":"","background-repeat":"repeat","background-position":"center center","background-size":"auto","background-attachment":"scroll","background-type":"","background-media":"","overlay-type":"","overlay-color":"","overlay-opacity":"","overlay-gradient":""}}},"product_brand":[],"product_cat":[168],"product_tag":[219],"class_list":{"0":"post-3969","1":"product","2":"type-product","3":"status-publish","4":"has-post-thumbnail","6":"product_cat-wood-usb-flash-drive","7":"product_tag-bottle-shape-usb-flash-drive","8":"desktop-align-left","9":"tablet-align-left","10":"mobile-align-left","12":"first","13":"instock","14":"shipping-taxable","15":"product-type-simple"},"_links":{"self":[{"href":"https:\/\/www.usborkeychain.com\/it\/wp-json\/wp\/v2\/product\/3969","targetHints":{"allow":["GET"]}}],"collection":[{"href":"https:\/\/www.usborkeychain.com\/it\/wp-json\/wp\/v2\/product"}],"about":[{"href":"https:\/\/www.usborkeychain.com\/it\/wp-json\/wp\/v2\/types\/product"}],"replies":[{"embeddable":true,"href":"https:\/\/www.usborkeychain.com\/it\/wp-json\/wp\/v2\/comments?post=3969"}],"wp:featuredmedia":[{"embeddable":true,"href":"https:\/\/www.usborkeychain.com\/it\/wp-json\/wp\/v2\/media\/3975"}],"wp:attachment":[{"href":"https:\/\/www.usborkeychain.com\/it\/wp-json\/wp\/v2\/media?parent=3969"}],"wp:term":[{"taxonomy":"product_brand","embeddable":true,"href":"https:\/\/www.usborkeychain.com\/it\/wp-json\/wp\/v2\/product_brand?post=3969"},{"taxonomy":"product_cat","embeddable":true,"href":"https:\/\/www.usborkeychain.com\/it\/wp-json\/wp\/v2\/product_cat?post=3969"},{"taxonomy":"product_tag","embeddable":true,"href":"https:\/\/www.usborkeychain.com\/it\/wp-json\/wp\/v2\/product_tag?post=3969"}],"curies":[{"name":"wp","href":"https:\/\/api.w.org\/{rel}","templated":true}]}}