{"id":3989,"date":"2025-07-12T08:52:01","date_gmt":"2025-07-12T08:52:01","guid":{"rendered":"https:\/\/www.usborkeychain.com\/?post_type=product&#038;p=3989"},"modified":"2025-07-12T10:22:14","modified_gmt":"2025-07-12T10:22:14","slug":"usb-flash-drive-with-a5-notebook","status":"publish","type":"product","link":"https:\/\/www.usborkeychain.com\/it\/prodotto\/usb-flash-drive-with-a5-notebook\/","title":{"rendered":"Unit\u00e0 flash USB con notebook A5\/A6\/B5"},"content":{"rendered":"<p><\/p>\n\n\n\n<div class=\"wp-block-columns is-layout-flex wp-container-core-columns-is-layout-28f84493 wp-block-columns-is-layout-flex\">\n<div class=\"wp-block-column is-layout-flow wp-block-column-is-layout-flow\">\n<figure class=\"wp-block-image size-full\"><img alt=\"\" fetchpriority=\"high\" decoding=\"async\" width=\"797\" height=\"607\" src=\"https:\/\/www.usborkeychain.com\/wp-content\/uploads\/Manufacturer-Custom-A5-Notebook-USB-Flash-Drive.jpg\" class=\"wp-image-4001\" srcset=\"https:\/\/www.usborkeychain.com\/wp-content\/uploads\/Manufacturer-Custom-A5-Notebook-USB-Flash-Drive.jpg 797w, https:\/\/www.usborkeychain.com\/wp-content\/uploads\/Manufacturer-Custom-A5-Notebook-USB-Flash-Drive-300x228.jpg 300w, https:\/\/www.usborkeychain.com\/wp-content\/uploads\/Manufacturer-Custom-A5-Notebook-USB-Flash-Drive-768x585.jpg 768w, https:\/\/www.usborkeychain.com\/wp-content\/uploads\/Manufacturer-Custom-A5-Notebook-USB-Flash-Drive-16x12.jpg 16w, https:\/\/www.usborkeychain.com\/wp-content\/uploads\/Manufacturer-Custom-A5-Notebook-USB-Flash-Drive-600x457.jpg 600w\" sizes=\"(max-width: 797px) 100vw, 797px\" \/><\/figure>\n<\/div>\n\n\n\n<div class=\"wp-block-column is-vertically-aligned-center is-layout-flow wp-block-column-is-layout-flow\">\n<p>Nel moderno ambiente d'ufficio, la chiavetta USB con notebook \u00e8 senza dubbio un'attrezzatura innovativa per l'ufficio.<\/p>\n\n\n\n<p> Combina notebook di diverse specifiche come A5, B5 e A6 con la funzione di unit\u00e0 USB, offrendo agli utenti una grande comodit\u00e0.<\/p>\n<\/div>\n<\/div>\n\n\n\n<h3 class=\"wp-block-heading\">Che cos'\u00e8 un'unit\u00e0 USB con un notebook?<\/h3>\n\n\n\n<p>L'unit\u00e0 USB con notebook \u00e8 un prodotto per ufficio dal design raffinato. Presenta un guscio in pelle di alta qualit\u00e0, che non solo ha una consistenza superiore, ma pu\u00f2 anche essere adattato a notebook di varie dimensioni e modelli. Il suo design unico consiste nell'integrazione intelligente della fibbia metallica del notebook in un drive USB. Questo design garantisce l'estetica e la perfetta combinazione di funzioni di registrazione e archiviazione, rendendolo un compagno per chi lavora in ufficio.<\/p>\n\n\n\n<div class=\"wp-block-columns is-layout-flex wp-container-core-columns-is-layout-28f84493 wp-block-columns-is-layout-flex\">\n<div class=\"wp-block-column is-layout-flow wp-block-column-is-layout-flow\">\n<figure class=\"wp-block-image size-full\"><img alt=\"\" decoding=\"async\" width=\"797\" height=\"607\" src=\"https:\/\/www.usborkeychain.com\/wp-content\/uploads\/Factory-Direct-A5-Notebook-Flash-Drive-with-Customization.jpg\" class=\"wp-image-3999\" srcset=\"https:\/\/www.usborkeychain.com\/wp-content\/uploads\/Factory-Direct-A5-Notebook-Flash-Drive-with-Customization.jpg 797w, https:\/\/www.usborkeychain.com\/wp-content\/uploads\/Factory-Direct-A5-Notebook-Flash-Drive-with-Customization-300x228.jpg 300w, https:\/\/www.usborkeychain.com\/wp-content\/uploads\/Factory-Direct-A5-Notebook-Flash-Drive-with-Customization-768x585.jpg 768w, https:\/\/www.usborkeychain.com\/wp-content\/uploads\/Factory-Direct-A5-Notebook-Flash-Drive-with-Customization-16x12.jpg 16w, https:\/\/www.usborkeychain.com\/wp-content\/uploads\/Factory-Direct-A5-Notebook-Flash-Drive-with-Customization-600x457.jpg 600w\" sizes=\"(max-width: 797px) 100vw, 797px\" \/><\/figure>\n<\/div>\n\n\n\n<div class=\"wp-block-column is-layout-flow wp-block-column-is-layout-flow\">\n<figure class=\"wp-block-image size-full\"><img alt=\"\" decoding=\"async\" width=\"797\" height=\"607\" src=\"https:\/\/www.usborkeychain.com\/wp-content\/uploads\/B5-Manufacturer-Customized-Notebook-USB-Stick.jpg\" class=\"wp-image-3995\" srcset=\"https:\/\/www.usborkeychain.com\/wp-content\/uploads\/B5-Manufacturer-Customized-Notebook-USB-Stick.jpg 797w, https:\/\/www.usborkeychain.com\/wp-content\/uploads\/B5-Manufacturer-Customized-Notebook-USB-Stick-300x228.jpg 300w, https:\/\/www.usborkeychain.com\/wp-content\/uploads\/B5-Manufacturer-Customized-Notebook-USB-Stick-768x585.jpg 768w, https:\/\/www.usborkeychain.com\/wp-content\/uploads\/B5-Manufacturer-Customized-Notebook-USB-Stick-16x12.jpg 16w, https:\/\/www.usborkeychain.com\/wp-content\/uploads\/B5-Manufacturer-Customized-Notebook-USB-Stick-600x457.jpg 600w\" sizes=\"(max-width: 797px) 100vw, 797px\" \/><\/figure>\n<\/div>\n<\/div>\n\n\n\n<h3 class=\"wp-block-heading\">Quali sono i parametri dell'unit\u00e0 USB?<\/h3>\n\n\n\n<figure class=\"wp-block-table\"><table class=\"has-fixed-layout\"><thead><tr><th>Parametro<\/th><th>Dettagli<\/th><\/tr><\/thead><tbody><tr><td>Tipo di interfaccia<\/td><td>USB (la versione specifica dipende dal prodotto)<\/td><\/tr><tr><td>Capacit\u00e0<\/td><td>Le opzioni comuni vanno da 16GB a 256GB (personalizzabili in base alle esigenze).<\/td><\/tr><tr><td>Velocit\u00e0 di trasferimento dati<\/td><td>Dipende dalla versione USB (ad esempio, USB2.0 \u00e8 circa 480Mbps, USB3.0 \u00e8 circa 5Gbps).<\/td><\/tr><tr><td>Materiale<\/td><td>Guscio in pelle di alta qualit\u00e0; le pagine interne possono essere selezionate a seconda delle esigenze<\/td><\/tr><tr><td>Dimensioni del taccuino<\/td><td>Compresi A5 (235MM\u00d7175MM), B5, A6, ecc.<\/td><\/tr><\/tbody><\/table><\/figure>\n\n\n\n<h3 class=\"wp-block-heading\">Il drive USB con notebook pu\u00f2 essere personalizzato con un logo?<\/h3>\n\n\n\n<p>Naturalmente. I produttori professionali di unit\u00e0 USB offrono servizi di personalizzazione che consentono di imprimere loghi sul guscio in pelle del notebook. La goffratura pu\u00f2 essere eseguita con varie tecniche, come la stampa in oro e la stampa in argento, rendendo il prodotto pi\u00f9 personalizzato. Questa soluzione soddisfa le esigenze di promozione del marchio aziendale o di regalo personale ed \u00e8 una soluzione di personalizzazione molto pratica.<\/p>\n\n\n\n<div class=\"wp-block-columns is-layout-flex wp-container-core-columns-is-layout-28f84493 wp-block-columns-is-layout-flex\">\n<div class=\"wp-block-column is-layout-flow wp-block-column-is-layout-flow\">\n<figure class=\"wp-block-image size-full\"><img alt=\"\" loading=\"lazy\" decoding=\"async\" width=\"800\" height=\"800\" src=\"https:\/\/www.usborkeychain.com\/wp-content\/uploads\/A6-Notebook-Thumb-Drive-Customized-by-Manufacturer.jpg\" class=\"wp-image-3993\" srcset=\"https:\/\/www.usborkeychain.com\/wp-content\/uploads\/A6-Notebook-Thumb-Drive-Customized-by-Manufacturer.jpg 800w, https:\/\/www.usborkeychain.com\/wp-content\/uploads\/A6-Notebook-Thumb-Drive-Customized-by-Manufacturer-300x300.jpg 300w, https:\/\/www.usborkeychain.com\/wp-content\/uploads\/A6-Notebook-Thumb-Drive-Customized-by-Manufacturer-150x150.jpg 150w, https:\/\/www.usborkeychain.com\/wp-content\/uploads\/A6-Notebook-Thumb-Drive-Customized-by-Manufacturer-768x768.jpg 768w, https:\/\/www.usborkeychain.com\/wp-content\/uploads\/A6-Notebook-Thumb-Drive-Customized-by-Manufacturer-12x12.jpg 12w, https:\/\/www.usborkeychain.com\/wp-content\/uploads\/A6-Notebook-Thumb-Drive-Customized-by-Manufacturer-600x600.jpg 600w, https:\/\/www.usborkeychain.com\/wp-content\/uploads\/A6-Notebook-Thumb-Drive-Customized-by-Manufacturer-100x100.jpg 100w\" sizes=\"(max-width: 800px) 100vw, 800px\" \/><\/figure>\n<\/div>\n\n\n\n<div class=\"wp-block-column is-layout-flow wp-block-column-is-layout-flow\">\n<figure class=\"wp-block-image size-full\"><img alt=\"\" loading=\"lazy\" decoding=\"async\" width=\"800\" height=\"800\" src=\"https:\/\/www.usborkeychain.com\/wp-content\/uploads\/Factory-Customized-A6-Notebook-Flash-Storage-Drive.jpg\" class=\"wp-image-3998\" srcset=\"https:\/\/www.usborkeychain.com\/wp-content\/uploads\/Factory-Customized-A6-Notebook-Flash-Storage-Drive.jpg 800w, https:\/\/www.usborkeychain.com\/wp-content\/uploads\/Factory-Customized-A6-Notebook-Flash-Storage-Drive-300x300.jpg 300w, https:\/\/www.usborkeychain.com\/wp-content\/uploads\/Factory-Customized-A6-Notebook-Flash-Storage-Drive-150x150.jpg 150w, https:\/\/www.usborkeychain.com\/wp-content\/uploads\/Factory-Customized-A6-Notebook-Flash-Storage-Drive-768x768.jpg 768w, https:\/\/www.usborkeychain.com\/wp-content\/uploads\/Factory-Customized-A6-Notebook-Flash-Storage-Drive-12x12.jpg 12w, https:\/\/www.usborkeychain.com\/wp-content\/uploads\/Factory-Customized-A6-Notebook-Flash-Storage-Drive-600x600.jpg 600w, https:\/\/www.usborkeychain.com\/wp-content\/uploads\/Factory-Customized-A6-Notebook-Flash-Storage-Drive-100x100.jpg 100w\" sizes=\"(max-width: 800px) 100vw, 800px\" \/><\/figure>\n<\/div>\n<\/div>\n\n\n\n<div class=\"wp-block-columns is-layout-flex wp-container-core-columns-is-layout-28f84493 wp-block-columns-is-layout-flex\">\n<div class=\"wp-block-column is-layout-flow wp-block-column-is-layout-flow\">\n<figure class=\"wp-block-image size-full\"><img alt=\"\" loading=\"lazy\" decoding=\"async\" width=\"800\" height=\"800\" src=\"https:\/\/www.usborkeychain.com\/wp-content\/uploads\/Manufacturer-Direct-Custom-A5-Notebook-USB-Stick.jpg\" class=\"wp-image-4002\" srcset=\"https:\/\/www.usborkeychain.com\/wp-content\/uploads\/Manufacturer-Direct-Custom-A5-Notebook-USB-Stick.jpg 800w, https:\/\/www.usborkeychain.com\/wp-content\/uploads\/Manufacturer-Direct-Custom-A5-Notebook-USB-Stick-300x300.jpg 300w, https:\/\/www.usborkeychain.com\/wp-content\/uploads\/Manufacturer-Direct-Custom-A5-Notebook-USB-Stick-150x150.jpg 150w, https:\/\/www.usborkeychain.com\/wp-content\/uploads\/Manufacturer-Direct-Custom-A5-Notebook-USB-Stick-768x768.jpg 768w, https:\/\/www.usborkeychain.com\/wp-content\/uploads\/Manufacturer-Direct-Custom-A5-Notebook-USB-Stick-12x12.jpg 12w, https:\/\/www.usborkeychain.com\/wp-content\/uploads\/Manufacturer-Direct-Custom-A5-Notebook-USB-Stick-600x600.jpg 600w, https:\/\/www.usborkeychain.com\/wp-content\/uploads\/Manufacturer-Direct-Custom-A5-Notebook-USB-Stick-100x100.jpg 100w\" sizes=\"(max-width: 800px) 100vw, 800px\" \/><\/figure>\n<\/div>\n\n\n\n<div class=\"wp-block-column is-layout-flow wp-block-column-is-layout-flow\">\n<figure class=\"wp-block-image size-full\"><img alt=\"\" loading=\"lazy\" decoding=\"async\" width=\"800\" height=\"800\" src=\"https:\/\/www.usborkeychain.com\/wp-content\/uploads\/B5-Custom-Notebook-USB-Memory-Drive-Factory-Supply.jpg\" class=\"wp-image-3994\" srcset=\"https:\/\/www.usborkeychain.com\/wp-content\/uploads\/B5-Custom-Notebook-USB-Memory-Drive-Factory-Supply.jpg 800w, https:\/\/www.usborkeychain.com\/wp-content\/uploads\/B5-Custom-Notebook-USB-Memory-Drive-Factory-Supply-300x300.jpg 300w, https:\/\/www.usborkeychain.com\/wp-content\/uploads\/B5-Custom-Notebook-USB-Memory-Drive-Factory-Supply-150x150.jpg 150w, https:\/\/www.usborkeychain.com\/wp-content\/uploads\/B5-Custom-Notebook-USB-Memory-Drive-Factory-Supply-768x768.jpg 768w, https:\/\/www.usborkeychain.com\/wp-content\/uploads\/B5-Custom-Notebook-USB-Memory-Drive-Factory-Supply-12x12.jpg 12w, https:\/\/www.usborkeychain.com\/wp-content\/uploads\/B5-Custom-Notebook-USB-Memory-Drive-Factory-Supply-600x600.jpg 600w, https:\/\/www.usborkeychain.com\/wp-content\/uploads\/B5-Custom-Notebook-USB-Memory-Drive-Factory-Supply-100x100.jpg 100w\" sizes=\"(max-width: 800px) 100vw, 800px\" \/><\/figure>\n<\/div>\n<\/div>\n\n\n\n<h3 class=\"wp-block-heading\">Perch\u00e9 la chiavetta USB con notebook \u00e8 adatta ai set regalo?<\/h3>\n\n\n\n<p>L'unit\u00e0 USB con notebook ha una forte compatibilit\u00e0. Pu\u00f2 essere abbinata non solo a notebook di vari modelli, ma anche a penne, power bank e altri prodotti per formare set regalo. Per i regali aziendali o di lavoro, questi set sono sia pratici che eleganti. I servizi di personalizzazione delle unit\u00e0 USB possono creare set di regali unici in base alle esigenze dei clienti, che possono dimostrare sincerit\u00e0 e gusto sia che vengano regalati ai dipendenti che ai partner.<\/p>\n\n\n\n<div class=\"wp-block-columns is-layout-flex wp-container-core-columns-is-layout-28f84493 wp-block-columns-is-layout-flex\">\n<div class=\"wp-block-column is-layout-flow wp-block-column-is-layout-flow\">\n<figure class=\"wp-block-image size-full\"><img alt=\"\" loading=\"lazy\" decoding=\"async\" width=\"800\" height=\"800\" src=\"https:\/\/www.usborkeychain.com\/wp-content\/uploads\/Factory-Made-B5-Notebook-Flash-Drive-with-Custom-Design.jpg\" class=\"wp-image-4000\" srcset=\"https:\/\/www.usborkeychain.com\/wp-content\/uploads\/Factory-Made-B5-Notebook-Flash-Drive-with-Custom-Design.jpg 800w, https:\/\/www.usborkeychain.com\/wp-content\/uploads\/Factory-Made-B5-Notebook-Flash-Drive-with-Custom-Design-300x300.jpg 300w, https:\/\/www.usborkeychain.com\/wp-content\/uploads\/Factory-Made-B5-Notebook-Flash-Drive-with-Custom-Design-150x150.jpg 150w, https:\/\/www.usborkeychain.com\/wp-content\/uploads\/Factory-Made-B5-Notebook-Flash-Drive-with-Custom-Design-768x768.jpg 768w, https:\/\/www.usborkeychain.com\/wp-content\/uploads\/Factory-Made-B5-Notebook-Flash-Drive-with-Custom-Design-12x12.jpg 12w, https:\/\/www.usborkeychain.com\/wp-content\/uploads\/Factory-Made-B5-Notebook-Flash-Drive-with-Custom-Design-600x600.jpg 600w, https:\/\/www.usborkeychain.com\/wp-content\/uploads\/Factory-Made-B5-Notebook-Flash-Drive-with-Custom-Design-100x100.jpg 100w\" sizes=\"(max-width: 800px) 100vw, 800px\" \/><\/figure>\n<\/div>\n\n\n\n<div class=\"wp-block-column is-layout-flow wp-block-column-is-layout-flow\">\n<figure class=\"wp-block-image size-full\"><img alt=\"\" loading=\"lazy\" decoding=\"async\" width=\"800\" height=\"800\" src=\"https:\/\/www.usborkeychain.com\/wp-content\/uploads\/Custom-Manufacturer-A5-Notebook-USB-Drive.jpg\" class=\"wp-image-3997\" srcset=\"https:\/\/www.usborkeychain.com\/wp-content\/uploads\/Custom-Manufacturer-A5-Notebook-USB-Drive.jpg 800w, https:\/\/www.usborkeychain.com\/wp-content\/uploads\/Custom-Manufacturer-A5-Notebook-USB-Drive-300x300.jpg 300w, https:\/\/www.usborkeychain.com\/wp-content\/uploads\/Custom-Manufacturer-A5-Notebook-USB-Drive-150x150.jpg 150w, https:\/\/www.usborkeychain.com\/wp-content\/uploads\/Custom-Manufacturer-A5-Notebook-USB-Drive-768x768.jpg 768w, https:\/\/www.usborkeychain.com\/wp-content\/uploads\/Custom-Manufacturer-A5-Notebook-USB-Drive-12x12.jpg 12w, https:\/\/www.usborkeychain.com\/wp-content\/uploads\/Custom-Manufacturer-A5-Notebook-USB-Drive-600x600.jpg 600w, https:\/\/www.usborkeychain.com\/wp-content\/uploads\/Custom-Manufacturer-A5-Notebook-USB-Drive-100x100.jpg 100w\" sizes=\"(max-width: 800px) 100vw, 800px\" \/><\/figure>\n<\/div>\n<\/div>\n\n\n\n<p>In breve, grazie al suo design innovativo, alle funzioni pratiche e ai vantaggi della personalizzazione, l'unit\u00e0 USB con notebook \u00e8 diventata una scelta ideale nei mercati dell'ufficio e dei regali.<\/p>","protected":false},"excerpt":{"rendered":"<ul>\n<li>Quaderno A5\u3001A6\u3001B5<\/li>\n<li>Unit\u00e0 flash USB<\/li>\n<li>Molti colori<\/li>\n<li>Pu\u00f2 scegliere la penna<\/li>\n<li>Pu\u00f2 scegliere la banca di potere con esso<\/li>\n<\/ul>","protected":false},"featured_media":3996,"comment_status":"open","ping_status":"closed","template":"","meta":{"_seopress_robots_primary_cat":"","_seopress_titles_title":"","_seopress_titles_desc":"","_seopress_robots_index":"","site-sidebar-layout":"default","site-content-layout":"","ast-site-content-layout":"","site-content-style":"default","site-sidebar-style":"default","ast-global-header-display":"","ast-banner-title-visibility":"","ast-main-header-display":"","ast-hfb-above-header-display":"","ast-hfb-below-header-display":"","ast-hfb-mobile-header-display":"","site-post-title":"","ast-breadcrumbs-content":"","ast-featured-img":"","footer-sml-layout":"","theme-transparent-header-meta":"","adv-header-id-meta":"","stick-header-meta":"","header-above-stick-meta":"","header-main-stick-meta":"","header-below-stick-meta":"","astra-migrate-meta-layouts":"default","ast-page-background-enabled":"default","ast-page-background-meta":{"desktop":{"background-color":"var(--ast-global-color-5)","background-image":"","background-repeat":"repeat","background-position":"center center","background-size":"auto","background-attachment":"scroll","background-type":"","background-media":"","overlay-type":"","overlay-color":"","overlay-opacity":"","overlay-gradient":""},"tablet":{"background-color":"","background-image":"","background-repeat":"repeat","background-position":"center center","background-size":"auto","background-attachment":"scroll","background-type":"","background-media":"","overlay-type":"","overlay-color":"","overlay-opacity":"","overlay-gradient":""},"mobile":{"background-color":"","background-image":"","background-repeat":"repeat","background-position":"center center","background-size":"auto","background-attachment":"scroll","background-type":"","background-media":"","overlay-type":"","overlay-color":"","overlay-opacity":"","overlay-gradient":""}},"ast-content-background-meta":{"desktop":{"background-color":"var(--ast-global-color-4)","background-image":"","background-repeat":"repeat","background-position":"center center","background-size":"auto","background-attachment":"scroll","background-type":"","background-media":"","overlay-type":"","overlay-color":"","overlay-opacity":"","overlay-gradient":""},"tablet":{"background-color":"var(--ast-global-color-4)","background-image":"","background-repeat":"repeat","background-position":"center center","background-size":"auto","background-attachment":"scroll","background-type":"","background-media":"","overlay-type":"","overlay-color":"","overlay-opacity":"","overlay-gradient":""},"mobile":{"background-color":"var(--ast-global-color-4)","background-image":"","background-repeat":"repeat","background-position":"center center","background-size":"auto","background-attachment":"scroll","background-type":"","background-media":"","overlay-type":"","overlay-color":"","overlay-opacity":"","overlay-gradient":""}}},"product_brand":[],"product_cat":[99],"product_tag":[],"class_list":{"0":"post-3989","1":"product","2":"type-product","3":"status-publish","4":"has-post-thumbnail","6":"product_cat-usb-pendrive-with-notebook","7":"desktop-align-left","8":"tablet-align-left","9":"mobile-align-left","11":"first","12":"instock","13":"shipping-taxable","14":"product-type-simple"},"_links":{"self":[{"href":"https:\/\/www.usborkeychain.com\/it\/wp-json\/wp\/v2\/product\/3989","targetHints":{"allow":["GET"]}}],"collection":[{"href":"https:\/\/www.usborkeychain.com\/it\/wp-json\/wp\/v2\/product"}],"about":[{"href":"https:\/\/www.usborkeychain.com\/it\/wp-json\/wp\/v2\/types\/product"}],"replies":[{"embeddable":true,"href":"https:\/\/www.usborkeychain.com\/it\/wp-json\/wp\/v2\/comments?post=3989"}],"wp:featuredmedia":[{"embeddable":true,"href":"https:\/\/www.usborkeychain.com\/it\/wp-json\/wp\/v2\/media\/3996"}],"wp:attachment":[{"href":"https:\/\/www.usborkeychain.com\/it\/wp-json\/wp\/v2\/media?parent=3989"}],"wp:term":[{"taxonomy":"product_brand","embeddable":true,"href":"https:\/\/www.usborkeychain.com\/it\/wp-json\/wp\/v2\/product_brand?post=3989"},{"taxonomy":"product_cat","embeddable":true,"href":"https:\/\/www.usborkeychain.com\/it\/wp-json\/wp\/v2\/product_cat?post=3989"},{"taxonomy":"product_tag","embeddable":true,"href":"https:\/\/www.usborkeychain.com\/it\/wp-json\/wp\/v2\/product_tag?post=3989"}],"curies":[{"name":"wp","href":"https:\/\/api.w.org\/{rel}","templated":true}]}}